{"id":12729,"date":"2024-05-08T13:24:44","date_gmt":"2024-05-08T13:24:44","guid":{"rendered":"https:\/\/help.unhcr.org\/hungary\/?page_id=12729"},"modified":"2026-01-09T15:17:56","modified_gmt":"2026-01-09T15:17:56","slug":"dnipro-orszagos-ukran-kulturalis-egyesulet","status":"publish","type":"page","link":"https:\/\/help.unhcr.org\/hungary\/partners\/dnipro-orszagos-ukran-kulturalis-egyesulet\/","title":{"rendered":"Dnipro Orsz\u00e1gos Ukr\u00e1n Kultur\u00e1lis Egyes\u00fclet"},"content":{"rendered":"\n<div class=\"wp-block-columns is-layout-flex wp-container-core-columns-is-layout-9d6595d7 wp-block-columns-is-layout-flex\">\n<div class=\"wp-block-column is-layout-flow wp-block-column-is-layout-flow\">\n<h2 class=\"wp-block-heading\"><strong>Contact Information<\/strong><\/h2>\n\n\n\n<p class=\"has-medium-font-size\"><strong>Phone<\/strong><br><a href=\"tel:+36836206120797\">+36 836 2061 20 797<\/a><\/p>\n\n\n\n<p class=\"has-medium-font-size\"><strong>Website<\/strong><br><a href=\"https:\/\/openeducation.group\/hub\/\" target=\"_blank\">https:\/\/openeducation.group\/hub\/<\/a><\/p>\n\n\n\n<p class=\"has-medium-font-size\"><strong>Other<\/strong><br>Whatsapp: <a href=\"tel:+36836206120797\">+36 836 2061 20 797<\/a><\/p>\n<\/div>\n\n\n\n<div class=\"wp-block-column is-layout-flow wp-block-column-is-layout-flow\">\n<h2 class=\"wp-block-heading\"><strong>Offered Services<\/strong><\/h2>\n\n\n\n<p class=\"has-medium-font-size\"><strong>Basic Needs<\/strong><br>\u2022 Food assistance<\/p>\n\n\n\n<p class=\"has-medium-font-size\"><strong>Child Protection<\/strong><br>\u2022 Recreational activities for children<\/p>\n\n\n\n<p class=\"has-medium-font-size\"><strong>Education<\/strong><br>\u2022 Enrolment in formal education<br>\u2022 Recreational education services<\/p>\n\n\n\n<p class=\"has-medium-font-size\"><strong>Health &amp; MHPSS<\/strong><br>\u2022 Community-based psychosocial and family support activities<\/p>\n\n\n\n<p class=\"has-medium-font-size\"><strong>Housing<\/strong><br>\u2022 Information provision and awareness-raising<\/p>\n\n\n\n<p class=\"has-medium-font-size\"><strong>Protection<\/strong><br>\u2022 Access to documentation<\/p>\n<\/div>\n<\/div>\n\n\n\n<hr class=\"wp-block-separator has-text-color has-cyan-bluish-gray-color has-alpha-channel-opacity is-style-default\" style=\"border-top:0px !important\" \/>\n\n\n\n<div class=\"wp-block-group\"><div class=\"wp-block-group__inner-container is-layout-constrained wp-block-group-is-layout-constrained\">\n<div style=\"background-color:#b9dfff;color:white;border-radius:10px;padding: 24px 24px 4px\">\n\n\n\n<figure class=\"wp-block-image size-full is-resized\"><img loading=\"lazy\" decoding=\"async\" width=\"100\" height=\"100\" src=\"https:\/\/help.unhcr.org\/hungary\/wp-content\/uploads\/sites\/86\/2024\/06\/callout_rcc-1.png\" alt=\"\" class=\"wp-image-18970\" style=\"width:70px\" \/><\/figure>\n\n\n\n<div style=\"height:14px\" aria-hidden=\"true\" class=\"wp-block-spacer\"><\/div>\n\n\n\n<p class=\"has-black-color has-text-color has-link-color has-medium-font-size wp-elements-41ce2414641dbfa10a869784448b8b11\">For more information, feedback, or complaints, call the <strong>UNHCR Refugee Helpline<\/strong> on <strong><a href=\"tel:+36 80 984 583\">+36 80 984 583<\/a>\u200b<\/strong> between Monday \u2013 Friday, 08:00 \u2013 17:00, in Ukrainian, Russian, Hungarian or English, or send an email to <a href=\"mailto:hunbucontact@unhcr.org\">hunbucontact@unhcr.org<\/a>. <\/p>\n\n\n<p class=\"hcr-help-webrtc-block-wrapper\"><button onclick=\"hcrHelpWebRTCOpenModal()\" class=\"hcr-help-webrtc-trigger-modal-button hcr-help-webrtc-trigger-modal-button-blue\">Click here to call UNHCR<\/button><\/p>\n\n\n<\/div>\n<\/div><\/div>\n\n\n\n<p><\/p>\n\n\n\n<p class=\"has-medium-font-size\"><a href=\"\/hungary\/partners\">Back to all organisations<\/a><\/p>\n\n\n\n<hr class=\"wp-block-separator has-text-color has-cyan-bluish-gray-color has-alpha-channel-opacity is-style-default\" style=\"border-top:0px !important\" \/>\n\n\n\n<p class=\"has-medium-font-size\"><strong>Disclaimer<\/strong><br>Please be advised that the data presented on this page is based on submissions received from partners. If you notice any inaccuracies, kindly reach out to <a href=\"mailto:hunbuim@unhcr.org\">hunbuim@unhcr.org<\/a> so we can review and update the information accordingly.<\/p>\n","protected":false},"excerpt":{"rendered":"<p>Contact Information Phone+36 836 2061 20 797 Websitehttps:\/\/openeducation.group\/hub\/ OtherWhatsapp: +36 836 2061 20 797 Offered Services Basic Needs\u2022 Food assistance Child Protection\u2022 Recreational activities for children Education\u2022 Enrolment in formal education\u2022 Recreational education services Health &amp; MHPSS\u2022 Community-based psychosocial and family support activities Housing\u2022 Information provision and awareness-raising Protection\u2022 Access to documentation Back to all [&hellip;]<\/p>\n","protected":false},"author":575,"featured_media":0,"parent":12270,"menu_order":12,"comment_status":"closed","ping_status":"closed","template":"","meta":{"_acf_changed":false,"footnotes":""},"class_list":["post-12729","page","type-page","status-publish","hentry"],"acf":[],"_links":{"self":[{"href":"https:\/\/help.unhcr.org\/hungary\/wp-json\/wp\/v2\/pages\/12729","targetHints":{"allow":["GET"]}}],"collection":[{"href":"https:\/\/help.unhcr.org\/hungary\/wp-json\/wp\/v2\/pages"}],"about":[{"href":"https:\/\/help.unhcr.org\/hungary\/wp-json\/wp\/v2\/types\/page"}],"author":[{"embeddable":true,"href":"https:\/\/help.unhcr.org\/hungary\/wp-json\/wp\/v2\/users\/575"}],"replies":[{"embeddable":true,"href":"https:\/\/help.unhcr.org\/hungary\/wp-json\/wp\/v2\/comments?post=12729"}],"version-history":[{"count":77,"href":"https:\/\/help.unhcr.org\/hungary\/wp-json\/wp\/v2\/pages\/12729\/revisions"}],"predecessor-version":[{"id":49412,"href":"https:\/\/help.unhcr.org\/hungary\/wp-json\/wp\/v2\/pages\/12729\/revisions\/49412"}],"up":[{"embeddable":true,"href":"https:\/\/help.unhcr.org\/hungary\/wp-json\/wp\/v2\/pages\/12270"}],"wp:attachment":[{"href":"https:\/\/help.unhcr.org\/hungary\/wp-json\/wp\/v2\/media?parent=12729"}],"curies":[{"name":"wp","href":"https:\/\/api.w.org\/{rel}","templated":true}]}}