{"id":12693,"date":"2024-05-08T13:24:06","date_gmt":"2024-05-08T13:24:06","guid":{"rendered":"https:\/\/help.unhcr.org\/hungary\/?page_id=12693"},"modified":"2025-12-24T09:37:55","modified_gmt":"2025-12-24T09:37:55","slug":"segito-osszefogas-a-jovoert-alapitvany","status":"publish","type":"page","link":"https:\/\/help.unhcr.org\/hungary\/partners\/segito-osszefogas-a-jovoert-alapitvany\/","title":{"rendered":"Seg\u00edt\u0151 \u00d6sszefog\u00e1s a J\u00f6v\u0151\u00e9rt Alap\u00edtv\u00e1ny"},"content":{"rendered":"\n\n<div class=\"wp-block-columns is-layout-flex wp-container-core-columns-is-layout-9d6595d7 wp-block-columns-is-layout-flex\">\n\n<div class=\"wp-block-column is-layout-flow wp-block-column-is-layout-flow\">\n\n<h2 class=\"wp-block-heading\"><strong>Contact Information<\/strong><\/h2>\n\n\n\n<p class=\"has-medium-font-size\"><strong>E-mail<\/strong><br \/><a href=\"mailto:segitoosszefogas@gmail.com\">segitoosszefogas@gmail.com<\/a><\/p>\n\n\n\n<p class=\"has-medium-font-size\"><strong>Website<\/strong><br \/><a href=\"http:\/\/segito-osszefogas.info\" target=\"_blank\">http:\/\/segito-osszefogas.info<\/a><\/p>\n\n\n\n<p class=\"has-medium-font-size\"><strong>Facebook<\/strong><br \/><a href=\"https:\/\/www.facebook.com\/search\/top?q=seg%C3%ADt%C5%91%20%C3%B6sszefog%C3%A1s%20alap%C3%ADtv%C3%A1ny\" target=\"_blank\">https:\/\/www.facebook.com\/search\/top?q=seg%C3%ADt%C5%91%20%C3%B6sszefog%C3%A1s%20alap%C3%ADtv%C3%A1ny<\/a><\/p>\n\n<\/div>\n\n\n\n<div class=\"wp-block-column is-layout-flow wp-block-column-is-layout-flow\">\n\n<h2 class=\"wp-block-heading\"><strong>Offered Services<\/strong><\/h2>\n\n\n\n<p class=\"has-medium-font-size\"><strong>Education<\/strong><br \/>\u2022 Catch-up classes and learning support<\/p>\n\n<\/div>\n\n<\/div>\n\n\n\n<hr class=\"wp-block-separator has-text-color has-cyan-bluish-gray-color has-alpha-channel-opacity is-style-default\" style=\"border-top:0px !important\" \/>\n\n\n\n<h2 class=\"wp-block-heading\"><strong>4900 Feh\u00e9rgyarmat Kossuth t\u00e9r 9 <\/strong><\/h2>\n\n\n\n<p class=\"has-medium-font-size\">Office\/institution (with assistance on site)\u00a0\u2022\u00a0<a href=\"https:\/\/www.google.com\/maps\/search\/4900%20Feh%C3%A9rgyarmat%20Kossuth%20t%C3%A9r%209\" target=\"_blank\">View on Google Maps<\/a><\/p>\n\n\n\n<div class=\"wp-block-columns is-layout-flex wp-container-core-columns-is-layout-9d6595d7 wp-block-columns-is-layout-flex\">\n\n<div class=\"wp-block-column is-layout-flow wp-block-column-is-layout-flow\">\n\n<p class=\"has-medium-font-size\"><strong>Contact information<\/strong><br \/>Erzs\u00e9bet Csernyi (<a href=\"mailto:segitoosszefogas@gmail.com\">segitoosszefogas@gmail.com<\/a> \u2022 <a href=\"tel:+36303560367\">+36303560367<\/a>)<\/p>\n\n\n\n<p class=\"has-medium-font-size\"><strong>Operating hours<\/strong><br \/>Monday: 09:00-14:00<br \/>Tuesday: 09:00-14:00<br \/>Wednesday: 09:00-14:00<br \/>Thursday: 09:00-14:00<br \/>Friday: 09:00-14:00<\/p>\n\n\n\n<p class=\"has-medium-font-size\"><strong>Services at location<\/strong><br \/>\u2022 Education (1)<\/p>\n\n<\/div>\n\n\n\n<div class=\"wp-block-column is-layout-flow wp-block-column-is-layout-flow\">\n\n<p class=\"has-medium-font-size\"><strong>Languages<\/strong><br \/>\u2022 ?? Hungarian<\/p>\n\n\n\n<p class=\"has-medium-font-size\"><strong>Service area<\/strong><br \/>\u2022 Feh\u00e9rgyarmati j\u00e1r\u00e1s<br \/>\u2022 V\u00e1s\u00e1rosnam\u00e9nyi j\u00e1r\u00e1s\u2022 Szabolcs-Szatmar-Bereg<\/p>\n\n<\/div>\n\n<\/div>\n\n\n\n<hr class=\"wp-block-separator has-text-color has-cyan-bluish-gray-color has-alpha-channel-opacity is-style-default\" style=\"border-top:0px !important\" \/>\n\n\n<div class=\"wp-block-group\"><div class=\"wp-block-group__inner-container is-layout-constrained wp-block-group-is-layout-constrained\">\n<div style=\"background-color:#b9dfff;color:white;border-radius:10px;padding: 24px 24px 4px\">\n\n\n\n<figure class=\"wp-block-image size-full is-resized\"><img loading=\"lazy\" decoding=\"async\" width=\"100\" height=\"100\" src=\"https:\/\/help.unhcr.org\/hungary\/wp-content\/uploads\/sites\/86\/2024\/06\/callout_rcc-1.png\" alt=\"\" class=\"wp-image-18970\" style=\"width:70px\" \/><\/figure>\n\n\n\n<div style=\"height:14px\" aria-hidden=\"true\" class=\"wp-block-spacer\"><\/div>\n\n\n\n<p class=\"has-black-color has-text-color has-link-color has-medium-font-size wp-elements-41ce2414641dbfa10a869784448b8b11\">For more information, feedback, or complaints, call the <strong>UNHCR Refugee Helpline<\/strong> on <strong><a href=\"tel:+36 80 984 583\">+36 80 984 583<\/a>\u200b<\/strong> between Monday \u2013 Friday, 08:00 \u2013 17:00, in Ukrainian, Russian, Hungarian or English, or send an email to <a href=\"mailto:hunbucontact@unhcr.org\">hunbucontact@unhcr.org<\/a>. <\/p>\n\n\n<p class=\"hcr-help-webrtc-block-wrapper\"><button onclick=\"hcrHelpWebRTCOpenModal()\" class=\"hcr-help-webrtc-trigger-modal-button hcr-help-webrtc-trigger-modal-button-blue\">Click here to call UNHCR<\/button><\/p>\n\n\n<\/div>\n<\/div><\/div>\n\n\n\n<p><\/p>\n\n\n<p class=\"has-medium-font-size\"><a href=\"\/hungary\/partners\">Back to all organisations<\/a><\/p>\n\n\n\n<hr class=\"wp-block-separator has-text-color has-cyan-bluish-gray-color has-alpha-channel-opacity is-style-default\" style=\"border-top:0px !important\" \/>\n\n\n\n<p class=\"has-medium-font-size\"><strong>Disclaimer<\/strong><br \/>Please be advised that the data presented on this page is based on submissions received from partners. If you notice any inaccuracies, kindly reach out to <a href=\"mailto:hunbuim@unhcr.org\">hunbuim@unhcr.org<\/a> so we can review and update the information accordingly.<\/p>\n\n","protected":false},"excerpt":{"rendered":"<p>Contact Information E-mailsegitoosszefogas@gmail.com Websitehttp:\/\/segito-osszefogas.info Facebookhttps:\/\/www.facebook.com\/search\/top?q=seg%C3%ADt%C5%91%20%C3%B6sszefog%C3%A1s%20alap%C3%ADtv%C3%A1ny Offered Services Education\u2022 Catch-up classes and learning support 4900 Feh\u00e9rgyarmat Kossuth t\u00e9r 9 Office\/institution (with assistance on site)\u00a0\u2022\u00a0View on Google Maps Contact informationErzs\u00e9bet Csernyi (segitoosszefogas@gmail.com \u2022 +36303560367) Operating hoursMonday: 09:00-14:00Tuesday: 09:00-14:00Wednesday: 09:00-14:00Thursday: 09:00-14:00Friday: 09:00-14:00 Services at location\u2022 Education (1) Languages\u2022 ?? Hungarian Service area\u2022 Feh\u00e9rgyarmati j\u00e1r\u00e1s\u2022 V\u00e1s\u00e1rosnam\u00e9nyi j\u00e1r\u00e1s\u2022 Szabolcs-Szatmar-Bereg Back [&hellip;]<\/p>\n","protected":false},"author":575,"featured_media":0,"parent":12270,"menu_order":51,"comment_status":"closed","ping_status":"closed","template":"","meta":{"_acf_changed":false,"footnotes":""},"class_list":["post-12693","page","type-page","status-publish","hentry"],"acf":[],"_links":{"self":[{"href":"https:\/\/help.unhcr.org\/hungary\/wp-json\/wp\/v2\/pages\/12693","targetHints":{"allow":["GET"]}}],"collection":[{"href":"https:\/\/help.unhcr.org\/hungary\/wp-json\/wp\/v2\/pages"}],"about":[{"href":"https:\/\/help.unhcr.org\/hungary\/wp-json\/wp\/v2\/types\/page"}],"author":[{"embeddable":true,"href":"https:\/\/help.unhcr.org\/hungary\/wp-json\/wp\/v2\/users\/575"}],"replies":[{"embeddable":true,"href":"https:\/\/help.unhcr.org\/hungary\/wp-json\/wp\/v2\/comments?post=12693"}],"version-history":[{"count":76,"href":"https:\/\/help.unhcr.org\/hungary\/wp-json\/wp\/v2\/pages\/12693\/revisions"}],"predecessor-version":[{"id":48988,"href":"https:\/\/help.unhcr.org\/hungary\/wp-json\/wp\/v2\/pages\/12693\/revisions\/48988"}],"up":[{"embeddable":true,"href":"https:\/\/help.unhcr.org\/hungary\/wp-json\/wp\/v2\/pages\/12270"}],"wp:attachment":[{"href":"https:\/\/help.unhcr.org\/hungary\/wp-json\/wp\/v2\/media?parent=12693"}],"curies":[{"name":"wp","href":"https:\/\/api.w.org\/{rel}","templated":true}]}}