{"id":12690,"date":"2024-05-08T13:24:03","date_gmt":"2024-05-08T13:24:03","guid":{"rendered":"https:\/\/help.unhcr.org\/hungary\/?page_id=12690"},"modified":"2025-12-24T09:37:21","modified_gmt":"2025-12-24T09:37:21","slug":"menekultek-online-segito-tarsasaga-refugee-help-digital-network","status":"publish","type":"page","link":"https:\/\/help.unhcr.org\/hungary\/partners\/menekultek-online-segito-tarsasaga-refugee-help-digital-network\/","title":{"rendered":"Menek\u00fcltek Online Seg\u00edt\u0151 T\u00e1rsas\u00e1ga (Refugee Help Digital Network)"},"content":{"rendered":"\n\n<div class=\"wp-block-columns is-layout-flex wp-container-core-columns-is-layout-9d6595d7 wp-block-columns-is-layout-flex\">\n\n<div class=\"wp-block-column is-layout-flow wp-block-column-is-layout-flow\">\n\n<h2 class=\"wp-block-heading\"><strong>Contact Information<\/strong><\/h2>\n\n\n\n<p class=\"has-medium-font-size\"><strong>E-mail<\/strong><br \/><a href=\"mailto:infocenter.segitsegnyujtas@gmail.com\">infocenter.segitsegnyujtas@gmail.com<\/a><\/p>\n\n\n\n<p class=\"has-medium-font-size\"><strong>Website<\/strong><br \/><a href=\"https:\/\/mostinfohungary.online\/\" target=\"_blank\">https:\/\/mostinfohungary.online\/<\/a><\/p>\n\n\n\n<p class=\"has-medium-font-size\"><strong>Facebook<\/strong><br \/><a href=\"http:\/\/www.facebook.com\/groups\/994143548136400\/\" target=\"_blank\">http:\/\/www.facebook.com\/groups\/994143548136400\/<\/a><\/p>\n\n<\/div>\n\n\n\n<div class=\"wp-block-column is-layout-flow wp-block-column-is-layout-flow\">\n\n<h2 class=\"wp-block-heading\"><strong>Offered Services<\/strong><\/h2>\n\n\n\n<p class=\"has-medium-font-size\"><strong>Child Protection<\/strong><br \/>\u2022 Communication and advocacy campaigns<br \/>\u2022 Referral of children at risk to specialized services<\/p>\n\n\n\n<p class=\"has-medium-font-size\"><strong>Education<\/strong><br \/>\u2022 Learning materials<br \/>\u2022 Training or support of education personnel<\/p>\n\n\n\n<p class=\"has-medium-font-size\"><strong>Employment<\/strong><br \/>\u2022 Counseling on employment and labor rights<br \/>\u2022 Cultural mediation and integration support<\/p>\n\n\n\n<p class=\"has-medium-font-size\"><strong>Health &amp; MHPSS<\/strong><br \/>\u2022 Access to health services<br \/>\u2022 Access to sexual and reproductive healthcare services (SRHC)<br \/>\u2022 Referrals for specialized support<\/p>\n\n\n\n<p class=\"has-medium-font-size\"><strong>Housing<\/strong><br \/>\u2022 Information provision and awareness-raising<\/p>\n\n\n\n<p class=\"has-medium-font-size\"><strong>Protection<\/strong><br \/>\u2022 Access to documentation<br \/>\u2022 Community awareness-raising<br \/>\u2022 Community-based protection intervention<br \/>\u2022 Legal awareness-raising sessions<br \/>\u2022 Referral of adults at risk to specialized services<\/p>\n\n<\/div>\n\n<\/div>\n\n\n\n<hr class=\"wp-block-separator has-text-color has-cyan-bluish-gray-color has-alpha-channel-opacity is-style-default\" style=\"border-top:0px !important\" \/>\n\n\n<div class=\"wp-block-group\"><div class=\"wp-block-group__inner-container is-layout-constrained wp-block-group-is-layout-constrained\">\n<div style=\"background-color:#b9dfff;color:white;border-radius:10px;padding: 24px 24px 4px\">\n\n\n\n<figure class=\"wp-block-image size-full is-resized\"><img loading=\"lazy\" decoding=\"async\" width=\"100\" height=\"100\" src=\"https:\/\/help.unhcr.org\/hungary\/wp-content\/uploads\/sites\/86\/2024\/06\/callout_rcc-1.png\" alt=\"\" class=\"wp-image-18970\" style=\"width:70px\" \/><\/figure>\n\n\n\n<div style=\"height:14px\" aria-hidden=\"true\" class=\"wp-block-spacer\"><\/div>\n\n\n\n<p class=\"has-black-color has-text-color has-link-color has-medium-font-size wp-elements-41ce2414641dbfa10a869784448b8b11\">For more information, feedback, or complaints, call the <strong>UNHCR Refugee Helpline<\/strong> on <strong><a href=\"tel:+36 80 984 583\">+36 80 984 583<\/a>\u200b<\/strong> between Monday \u2013 Friday, 08:00 \u2013 17:00, in Ukrainian, Russian, Hungarian or English, or send an email to <a href=\"mailto:hunbucontact@unhcr.org\">hunbucontact@unhcr.org<\/a>. <\/p>\n\n\n<p class=\"hcr-help-webrtc-block-wrapper\"><button onclick=\"hcrHelpWebRTCOpenModal()\" class=\"hcr-help-webrtc-trigger-modal-button hcr-help-webrtc-trigger-modal-button-blue\">Click here to call UNHCR<\/button><\/p>\n\n\n<\/div>\n<\/div><\/div>\n\n\n\n<p><\/p>\n\n\n<p class=\"has-medium-font-size\"><a href=\"\/hungary\/partners\">Back to all organisations<\/a><\/p>\n\n\n\n<hr class=\"wp-block-separator has-text-color has-cyan-bluish-gray-color has-alpha-channel-opacity is-style-default\" style=\"border-top:0px !important\" \/>\n\n\n\n<p class=\"has-medium-font-size\"><strong>Disclaimer<\/strong><br \/>Please be advised that the data presented on this page is based on submissions received from partners. If you notice any inaccuracies, kindly reach out to <a href=\"mailto:hunbuim@unhcr.org\">hunbuim@unhcr.org<\/a> so we can review and update the information accordingly.<\/p>\n\n","protected":false},"excerpt":{"rendered":"<p>Contact Information E-mailinfocenter.segitsegnyujtas@gmail.com Websitehttps:\/\/mostinfohungary.online\/ Facebookhttp:\/\/www.facebook.com\/groups\/994143548136400\/ Offered Services Child Protection\u2022 Communication and advocacy campaigns\u2022 Referral of children at risk to specialized services Education\u2022 Learning materials\u2022 Training or support of education personnel Employment\u2022 Counseling on employment and labor rights\u2022 Cultural mediation and integration support Health &amp; MHPSS\u2022 Access to health services\u2022 Access to sexual and reproductive healthcare [&hellip;]<\/p>\n","protected":false},"author":575,"featured_media":0,"parent":12270,"menu_order":36,"comment_status":"closed","ping_status":"closed","template":"","meta":{"_acf_changed":false,"footnotes":""},"class_list":["post-12690","page","type-page","status-publish","hentry"],"acf":[],"_links":{"self":[{"href":"https:\/\/help.unhcr.org\/hungary\/wp-json\/wp\/v2\/pages\/12690","targetHints":{"allow":["GET"]}}],"collection":[{"href":"https:\/\/help.unhcr.org\/hungary\/wp-json\/wp\/v2\/pages"}],"about":[{"href":"https:\/\/help.unhcr.org\/hungary\/wp-json\/wp\/v2\/types\/page"}],"author":[{"embeddable":true,"href":"https:\/\/help.unhcr.org\/hungary\/wp-json\/wp\/v2\/users\/575"}],"replies":[{"embeddable":true,"href":"https:\/\/help.unhcr.org\/hungary\/wp-json\/wp\/v2\/comments?post=12690"}],"version-history":[{"count":78,"href":"https:\/\/help.unhcr.org\/hungary\/wp-json\/wp\/v2\/pages\/12690\/revisions"}],"predecessor-version":[{"id":48958,"href":"https:\/\/help.unhcr.org\/hungary\/wp-json\/wp\/v2\/pages\/12690\/revisions\/48958"}],"up":[{"embeddable":true,"href":"https:\/\/help.unhcr.org\/hungary\/wp-json\/wp\/v2\/pages\/12270"}],"wp:attachment":[{"href":"https:\/\/help.unhcr.org\/hungary\/wp-json\/wp\/v2\/media?parent=12690"}],"curies":[{"name":"wp","href":"https:\/\/api.w.org\/{rel}","templated":true}]}}