{"id":12669,"date":"2024-05-08T13:23:40","date_gmt":"2024-05-08T13:23:40","guid":{"rendered":"https:\/\/help.unhcr.org\/hungary\/?page_id=12669"},"modified":"2025-12-24T09:36:26","modified_gmt":"2025-12-24T09:36:26","slug":"dmjv-csalad-es-gyermekjoleti-kozpont","status":"publish","type":"page","link":"https:\/\/help.unhcr.org\/hungary\/partners\/dmjv-csalad-es-gyermekjoleti-kozpont\/","title":{"rendered":"DMJV Csal\u00e1d- \u00e9s Gyermekj\u00f3l\u00e9ti K\u00f6zpont"},"content":{"rendered":"\n\n<div class=\"wp-block-columns is-layout-flex wp-container-core-columns-is-layout-9d6595d7 wp-block-columns-is-layout-flex\">\n\n<div class=\"wp-block-column is-layout-flow wp-block-column-is-layout-flow\">\n\n<h2 class=\"wp-block-heading\"><strong>Contact Information<\/strong><\/h2>\n\n\n\n<p class=\"has-medium-font-size\"><strong>E-mail<\/strong><br \/><a href=\"mailto:csaladsegito@intezmeny.debrecen.hu\">csaladsegito@intezmeny.debrecen.hu<\/a><\/p>\n\n\n\n<p class=\"has-medium-font-size\"><strong>Phone<\/strong><br \/><a href=\"tel:+3652411133\">+36 52 411 133<\/a><\/p>\n\n<\/div>\n\n\n\n<div class=\"wp-block-column is-layout-flow wp-block-column-is-layout-flow\">\n\n<h2 class=\"wp-block-heading\"><strong>Offered Services<\/strong><\/h2>\n\n\n\n<p class=\"has-medium-font-size\"><strong>Child Protection<\/strong><br \/>\u2022 Child Protection case manamegent<br \/>\u2022 Community-based child protection<br \/>\u2022 Recreational activities for children<br \/>\u2022 Specialized child protection services<\/p>\n\n<\/div>\n\n<\/div>\n\n\n\n<hr class=\"wp-block-separator has-text-color has-cyan-bluish-gray-color has-alpha-channel-opacity is-style-default\" style=\"border-top:0px !important\" \/>\n\n\n\n<h2 class=\"wp-block-heading\"><strong>4027 Debrecen, Thomas Mann utca 2\/A <\/strong><\/h2>\n\n\n\n<p class=\"has-medium-font-size\">Office\/institution (with assistance on site)\u00a0\u2022\u00a0<a href=\"https:\/\/www.google.com\/maps\/search\/4027%20Debrecen%2C%20Thomas%20Mann%20utca%202%2FA\" target=\"_blank\">View on Google Maps<\/a><\/p>\n\n\n\n<div class=\"wp-block-columns is-layout-flex wp-container-core-columns-is-layout-9d6595d7 wp-block-columns-is-layout-flex\">\n\n<div class=\"wp-block-column is-layout-flow wp-block-column-is-layout-flow\">\n\n<p class=\"has-medium-font-size\"><strong>Operating hours<\/strong><br \/>Monday: 08:00-16:00<br \/>Tuesday: 08:00-18:00<br \/>Wednesday: 08:00-16:00<br \/>Thursday: 08:00-16:00<br \/>Friday: 08:00-14:00<\/p>\n\n\n\n<p class=\"has-medium-font-size\"><strong>Services at location<\/strong><br \/>\u2022 Child Protection (4)<\/p>\n\n<\/div>\n\n\n\n<div class=\"wp-block-column is-layout-flow wp-block-column-is-layout-flow\">\n\n<p class=\"has-medium-font-size\"><strong>Languages<\/strong><br \/>\u2022 ?? Hungarian<\/p>\n\n\n\n<p class=\"has-medium-font-size\"><strong>Service area<\/strong><br \/>\u2022 Debrecen j\u00e1r\u00e1s\u2022 Hajdu-Bihar<\/p>\n\n<\/div>\n\n<\/div>\n\n\n\n<hr class=\"wp-block-separator has-text-color has-cyan-bluish-gray-color has-alpha-channel-opacity is-style-default\" style=\"border-top:0px !important\" \/>\n\n\n<div class=\"wp-block-group\"><div class=\"wp-block-group__inner-container is-layout-constrained wp-block-group-is-layout-constrained\">\n<div style=\"background-color:#b9dfff;color:white;border-radius:10px;padding: 24px 24px 4px\">\n\n\n\n<figure class=\"wp-block-image size-full is-resized\"><img loading=\"lazy\" decoding=\"async\" width=\"100\" height=\"100\" src=\"https:\/\/help.unhcr.org\/hungary\/wp-content\/uploads\/sites\/86\/2024\/06\/callout_rcc-1.png\" alt=\"\" class=\"wp-image-18970\" style=\"width:70px\" \/><\/figure>\n\n\n\n<div style=\"height:14px\" aria-hidden=\"true\" class=\"wp-block-spacer\"><\/div>\n\n\n\n<p class=\"has-black-color has-text-color has-link-color has-medium-font-size wp-elements-41ce2414641dbfa10a869784448b8b11\">For more information, feedback, or complaints, call the <strong>UNHCR Refugee Helpline<\/strong> on <strong><a href=\"tel:+36 80 984 583\">+36 80 984 583<\/a>\u200b<\/strong> between Monday \u2013 Friday, 08:00 \u2013 17:00, in Ukrainian, Russian, Hungarian or English, or send an email to <a href=\"mailto:hunbucontact@unhcr.org\">hunbucontact@unhcr.org<\/a>. <\/p>\n\n\n<p class=\"hcr-help-webrtc-block-wrapper\"><button onclick=\"hcrHelpWebRTCOpenModal()\" class=\"hcr-help-webrtc-trigger-modal-button hcr-help-webrtc-trigger-modal-button-blue\">Click here to call UNHCR<\/button><\/p>\n\n\n<\/div>\n<\/div><\/div>\n\n\n\n<p><\/p>\n\n\n<p class=\"has-medium-font-size\"><a href=\"\/hungary\/partners\">Back to all organisations<\/a><\/p>\n\n\n\n<hr class=\"wp-block-separator has-text-color has-cyan-bluish-gray-color has-alpha-channel-opacity is-style-default\" style=\"border-top:0px !important\" \/>\n\n\n\n<p class=\"has-medium-font-size\"><strong>Disclaimer<\/strong><br \/>Please be advised that the data presented on this page is based on submissions received from partners. If you notice any inaccuracies, kindly reach out to <a href=\"mailto:hunbuim@unhcr.org\">hunbuim@unhcr.org<\/a> so we can review and update the information accordingly.<\/p>\n\n","protected":false},"excerpt":{"rendered":"<p>Contact Information E-mailcsaladsegito@intezmeny.debrecen.hu Phone+36 52 411 133 Offered Services Child Protection\u2022 Child Protection case manamegent\u2022 Community-based child protection\u2022 Recreational activities for children\u2022 Specialized child protection services 4027 Debrecen, Thomas Mann utca 2\/A Office\/institution (with assistance on site)\u00a0\u2022\u00a0View on Google Maps Operating hoursMonday: 08:00-16:00Tuesday: 08:00-18:00Wednesday: 08:00-16:00Thursday: 08:00-16:00Friday: 08:00-14:00 Services at location\u2022 Child Protection (4) Languages\u2022 ?? [&hellip;]<\/p>\n","protected":false},"author":575,"featured_media":0,"parent":12270,"menu_order":11,"comment_status":"closed","ping_status":"closed","template":"","meta":{"_acf_changed":false,"footnotes":""},"class_list":["post-12669","page","type-page","status-publish","hentry"],"acf":[],"_links":{"self":[{"href":"https:\/\/help.unhcr.org\/hungary\/wp-json\/wp\/v2\/pages\/12669","targetHints":{"allow":["GET"]}}],"collection":[{"href":"https:\/\/help.unhcr.org\/hungary\/wp-json\/wp\/v2\/pages"}],"about":[{"href":"https:\/\/help.unhcr.org\/hungary\/wp-json\/wp\/v2\/types\/page"}],"author":[{"embeddable":true,"href":"https:\/\/help.unhcr.org\/hungary\/wp-json\/wp\/v2\/users\/575"}],"replies":[{"embeddable":true,"href":"https:\/\/help.unhcr.org\/hungary\/wp-json\/wp\/v2\/comments?post=12669"}],"version-history":[{"count":82,"href":"https:\/\/help.unhcr.org\/hungary\/wp-json\/wp\/v2\/pages\/12669\/revisions"}],"predecessor-version":[{"id":48908,"href":"https:\/\/help.unhcr.org\/hungary\/wp-json\/wp\/v2\/pages\/12669\/revisions\/48908"}],"up":[{"embeddable":true,"href":"https:\/\/help.unhcr.org\/hungary\/wp-json\/wp\/v2\/pages\/12270"}],"wp:attachment":[{"href":"https:\/\/help.unhcr.org\/hungary\/wp-json\/wp\/v2\/media?parent=12669"}],"curies":[{"name":"wp","href":"https:\/\/api.w.org\/{rel}","templated":true}]}}