{"id":12654,"date":"2024-05-08T13:23:25","date_gmt":"2024-05-08T13:23:25","guid":{"rendered":"https:\/\/help.unhcr.org\/hungary\/?page_id=12654"},"modified":"2025-12-24T09:36:23","modified_gmt":"2025-12-24T09:36:23","slug":"devai-fogado","status":"publish","type":"page","link":"https:\/\/help.unhcr.org\/hungary\/partners\/devai-fogado\/","title":{"rendered":"D\u00e9vai Fogad\u00f3"},"content":{"rendered":"\n\n<div class=\"wp-block-columns is-layout-flex wp-container-core-columns-is-layout-9d6595d7 wp-block-columns-is-layout-flex\">\n\n<div class=\"wp-block-column is-layout-flow wp-block-column-is-layout-flow\">\n\n<h2 class=\"wp-block-heading\"><strong>Contact Information<\/strong><\/h2>\n\n\n\n<p class=\"has-medium-font-size\"><strong>E-mail<\/strong><br \/><a href=\"mailto:devaifogado@devaifogado.hu\">devaifogado@devaifogado.hu<\/a><\/p>\n\n\n\n<p class=\"has-medium-font-size\"><strong>Phone<\/strong><br \/><a href=\"tel:+36203877940\">+36203877940<\/a><\/p>\n\n\n\n<p class=\"has-medium-font-size\"><strong>Helpline \/ Helpsite<\/strong><br \/><a href=\"mailto:help@devaifogado.hu\">help@devaifogado.hu<\/a><\/p>\n\n\n\n<p class=\"has-medium-font-size\"><strong>Website<\/strong><br \/><a href=\"https:\/\/devaifogado.eu\" target=\"_blank\">https:\/\/devaifogado.eu<\/a><\/p>\n\n\n\n<p class=\"has-medium-font-size\"><strong>Facebook<\/strong><br \/><a href=\"https:\/\/www.facebook.com\/profile.php?id=100086593361006\" target=\"_blank\">https:\/\/www.facebook.com\/profile.php?id=100086593361006<\/a><\/p>\n\n\n\n<p class=\"has-medium-font-size\"><strong>Telegram<\/strong><br \/><a href=\"https:\/\/t.me\/+QI2tKuL5JSQwMmU0\" target=\"_blank\">https:\/\/t.me\/+QI2tKuL5JSQwMmU0<\/a><\/p>\n\n<\/div>\n\n\n\n<div class=\"wp-block-column is-layout-flow wp-block-column-is-layout-flow\">\n\n<h2 class=\"wp-block-heading\"><strong>Offered Services<\/strong><\/h2>\n\n\n\n<p class=\"has-medium-font-size\"><strong>Basic Needs<\/strong><br \/>\u2022 Cash \/ voucher assistance for basic needs<br \/>\u2022 Food assistance<br \/>\u2022 Household items \/ Non-Food Items (NFIs)<\/p>\n\n\n\n<p class=\"has-medium-font-size\"><strong>Child Protection<\/strong><br \/>\u2022 Child Protection case manamegent<br \/>\u2022 Child-friendly spaces<br \/>\u2022 Communication and advocacy campaigns<br \/>\u2022 Community-based child protection<br \/>\u2022 Recreational activities for children<br \/>\u2022 Referral of children at risk to specialized services<br \/>\u2022 Specialized child protection services<\/p>\n\n\n\n<p class=\"has-medium-font-size\"><strong>Education<\/strong><br \/>\u2022 Catch-up classes and learning support<br \/>\u2022 Enrolment in formal education<br \/>\u2022 Language classes<br \/>\u2022 Learning materials<br \/>\u2022 Recreational education services<\/p>\n\n\n\n<p class=\"has-medium-font-size\"><strong>Health &amp; MHPSS<\/strong><br \/>\u2022 Access to health services<br \/>\u2022 Access to sexual and reproductive healthcare services (SRHC)<br \/>\u2022 Community-based psychosocial and family support activities<\/p>\n\n\n\n<p class=\"has-medium-font-size\"><strong>Housing<\/strong><br \/>\u2022 Information provision and awareness-raising<\/p>\n\n\n\n<p class=\"has-medium-font-size\"><strong>Protection<\/strong><br \/>\u2022 Access to documentation<br \/>\u2022 Capacity building on legal matters<br \/>\u2022 Cash assistance for protection<br \/>\u2022 Community awareness-raising<br \/>\u2022 Community-based protection intervention<br \/>\u2022 Counseling\u00a0sessions\u00a0on integration-related\u00a0support<br \/>\u2022 Integrated\/comprehensive protection case management<br \/>\u2022 Legal assistance<br \/>\u2022 Legal awareness-raising sessions<br \/>\u2022 Referral of adults at risk to specialized services<\/p>\n\n<\/div>\n\n<\/div>\n\n\n\n<hr class=\"wp-block-separator has-text-color has-cyan-bluish-gray-color has-alpha-channel-opacity is-style-default\" style=\"border-top:0px !important\" \/>\n\n\n\n<h2 class=\"wp-block-heading\"><strong>1134 Budapest, D\u00e9vai u. 11. (D\u00e9vai Fogad\u00f3)<\/strong><\/h2>\n\n\n\n<p class=\"has-medium-font-size\">Office\/institution (with assistance on site)\u00a0\u2022\u00a0<a href=\"https:\/\/www.google.com\/maps\/search\/1134%20Budapest%2C%20D%C3%A9vai%20u.%2011.\" target=\"_blank\">View on Google Maps<\/a><\/p>\n\n\n\n<div class=\"wp-block-columns is-layout-flex wp-container-core-columns-is-layout-9d6595d7 wp-block-columns-is-layout-flex\">\n\n<div class=\"wp-block-column is-layout-flow wp-block-column-is-layout-flow\">\n\n<p class=\"has-medium-font-size\"><strong>Contact information<\/strong><br \/><a href=\"mailto:help@devaifogado.hu\">help@devaifogado.hu<\/a><\/p>\n\n\n\n<p class=\"has-medium-font-size\"><strong>Operating hours<\/strong><br \/>Monday: 14:00-17:00<br \/>Tuesday: 09.00-17.00<br \/>Wednesday: 09.00-17.00<br \/>Thursday: 09.00-17.00<br \/>Friday: 09.00-17.00<\/p>\n\n\n\n<p class=\"has-medium-font-size\"><strong>Services at location<\/strong><br \/>\u2022 Basic Needs (3)<br \/>\u2022 Education (4)<br \/>\u2022 Health &amp; MHPSS (1)<br \/>\u2022 Child Protection (3)<\/p>\n\n<\/div>\n\n\n\n<div class=\"wp-block-column is-layout-flow wp-block-column-is-layout-flow\">\n\n<p class=\"has-medium-font-size\"><strong>Languages<\/strong><br \/>\u2022 ?? Hungarian<br \/>\u2022 ?? Ukrainian<br \/>\u2022 ?? Russian<br \/>\u2022 ?? English<\/p>\n\n\n\n<p class=\"has-medium-font-size\"><strong>Service area<\/strong><br \/>\u2022 Budapest<\/p>\n\n<\/div>\n\n<\/div>\n\n\n\n<hr class=\"wp-block-separator has-text-color has-cyan-bluish-gray-color has-alpha-channel-opacity is-style-default\" style=\"border-top:0px !important\" \/>\n\n\n\n<h2 class=\"wp-block-heading\"><strong>D\u00e9vai u. 11. (D\u00e9vai Fogad\u00f3)<\/strong><\/h2>\n\n\n\n<p class=\"has-medium-font-size\">Office\/institution (with assistance on site)\u00a0\u2022\u00a0<a href=\"https:\/\/www.google.com\/maps\/search\/D%C3%A9vai%20u.%2011.\" target=\"_blank\">View on Google Maps<\/a><\/p>\n\n\n\n<div class=\"wp-block-columns is-layout-flex wp-container-core-columns-is-layout-9d6595d7 wp-block-columns-is-layout-flex\">\n\n<div class=\"wp-block-column is-layout-flow wp-block-column-is-layout-flow\">\n\n<p class=\"has-medium-font-size\"><strong>Contact information<\/strong><br \/>Bolba M\u00e1rta (<a href=\"tel:06208246466\">06208246466<\/a>)<\/p>\n\n\n\n<p class=\"has-medium-font-size\"><strong>Operating hours<\/strong><br \/>Monday: 10.00 &#8211; 15.00<br \/>Tuesday: 10.00 &#8211; 15.00<br \/>Wednesday: 10.00 &#8211; 15.00<\/p>\n\n\n\n<p class=\"has-medium-font-size\"><strong>Services at location<\/strong><br \/>\u2022 Basic Needs (3)<br \/>\u2022 Housing (1)<br \/>\u2022 Education (5)<br \/>\u2022 Health &amp; MHPSS (3)<br \/>\u2022 Child Protection (7)<br \/>\u2022 Protection (10)<\/p>\n\n<\/div>\n\n\n\n<div class=\"wp-block-column is-layout-flow wp-block-column-is-layout-flow\">\n\n<p class=\"has-medium-font-size\"><strong>Eligibility<\/strong><br \/>\u2022 Refugee from Ukraine<br \/>\u2022 Refugee \/ asylum seeker from other country<\/p>\n\n\n\n<p class=\"has-medium-font-size\"><strong>Languages<\/strong><br \/>\u2022 ?? Hungarian<br \/>\u2022 ?? Ukrainian<br \/>\u2022 ?? Russian<br \/>\u2022 ?? English<\/p>\n\n\n\n<p class=\"has-medium-font-size\"><strong>Service area<\/strong><br \/>\u2022 Budapest<\/p>\n\n<\/div>\n\n<\/div>\n\n\n\n<hr class=\"wp-block-separator has-text-color has-cyan-bluish-gray-color has-alpha-channel-opacity is-style-default\" style=\"border-top:0px !important\" \/>\n\n\n<div class=\"wp-block-group\"><div class=\"wp-block-group__inner-container is-layout-constrained wp-block-group-is-layout-constrained\">\n<div style=\"background-color:#b9dfff;color:white;border-radius:10px;padding: 24px 24px 4px\">\n\n\n\n<figure class=\"wp-block-image size-full is-resized\"><img loading=\"lazy\" decoding=\"async\" width=\"100\" height=\"100\" src=\"https:\/\/help.unhcr.org\/hungary\/wp-content\/uploads\/sites\/86\/2024\/06\/callout_rcc-1.png\" alt=\"\" class=\"wp-image-18970\" style=\"width:70px\" \/><\/figure>\n\n\n\n<div style=\"height:14px\" aria-hidden=\"true\" class=\"wp-block-spacer\"><\/div>\n\n\n\n<p class=\"has-black-color has-text-color has-link-color has-medium-font-size wp-elements-41ce2414641dbfa10a869784448b8b11\">For more information, feedback, or complaints, call the <strong>UNHCR Refugee Helpline<\/strong> on <strong><a href=\"tel:+36 80 984 583\">+36 80 984 583<\/a>\u200b<\/strong> between Monday \u2013 Friday, 08:00 \u2013 17:00, in Ukrainian, Russian, Hungarian or English, or send an email to <a href=\"mailto:hunbucontact@unhcr.org\">hunbucontact@unhcr.org<\/a>. <\/p>\n\n\n<p class=\"hcr-help-webrtc-block-wrapper\"><button onclick=\"hcrHelpWebRTCOpenModal()\" class=\"hcr-help-webrtc-trigger-modal-button hcr-help-webrtc-trigger-modal-button-blue\">Click here to call UNHCR<\/button><\/p>\n\n\n<\/div>\n<\/div><\/div>\n\n\n\n<p><\/p>\n\n\n<p class=\"has-medium-font-size\"><a href=\"\/hungary\/partners\">Back to all organisations<\/a><\/p>\n\n\n\n<hr class=\"wp-block-separator has-text-color has-cyan-bluish-gray-color has-alpha-channel-opacity is-style-default\" style=\"border-top:0px !important\" \/>\n\n\n\n<p class=\"has-medium-font-size\"><strong>Disclaimer<\/strong><br \/>Please be advised that the data presented on this page is based on submissions received from partners. If you notice any inaccuracies, kindly reach out to <a href=\"mailto:hunbuim@unhcr.org\">hunbuim@unhcr.org<\/a> so we can review and update the information accordingly.<\/p>\n\n","protected":false},"excerpt":{"rendered":"<p>Contact Information E-maildevaifogado@devaifogado.hu Phone+36203877940 Helpline \/ Helpsitehelp@devaifogado.hu Websitehttps:\/\/devaifogado.eu Facebookhttps:\/\/www.facebook.com\/profile.php?id=100086593361006 Telegramhttps:\/\/t.me\/+QI2tKuL5JSQwMmU0 Offered Services Basic Needs\u2022 Cash \/ voucher assistance for basic needs\u2022 Food assistance\u2022 Household items \/ Non-Food Items (NFIs) Child Protection\u2022 Child Protection case manamegent\u2022 Child-friendly spaces\u2022 Communication and advocacy campaigns\u2022 Community-based child protection\u2022 Recreational activities for children\u2022 Referral of children at risk to specialized [&hellip;]<\/p>\n","protected":false},"author":575,"featured_media":0,"parent":12270,"menu_order":10,"comment_status":"closed","ping_status":"closed","template":"","meta":{"_acf_changed":false,"footnotes":""},"class_list":["post-12654","page","type-page","status-publish","hentry"],"acf":[],"_links":{"self":[{"href":"https:\/\/help.unhcr.org\/hungary\/wp-json\/wp\/v2\/pages\/12654","targetHints":{"allow":["GET"]}}],"collection":[{"href":"https:\/\/help.unhcr.org\/hungary\/wp-json\/wp\/v2\/pages"}],"about":[{"href":"https:\/\/help.unhcr.org\/hungary\/wp-json\/wp\/v2\/types\/page"}],"author":[{"embeddable":true,"href":"https:\/\/help.unhcr.org\/hungary\/wp-json\/wp\/v2\/users\/575"}],"replies":[{"embeddable":true,"href":"https:\/\/help.unhcr.org\/hungary\/wp-json\/wp\/v2\/comments?post=12654"}],"version-history":[{"count":88,"href":"https:\/\/help.unhcr.org\/hungary\/wp-json\/wp\/v2\/pages\/12654\/revisions"}],"predecessor-version":[{"id":48906,"href":"https:\/\/help.unhcr.org\/hungary\/wp-json\/wp\/v2\/pages\/12654\/revisions\/48906"}],"up":[{"embeddable":true,"href":"https:\/\/help.unhcr.org\/hungary\/wp-json\/wp\/v2\/pages\/12270"}],"wp:attachment":[{"href":"https:\/\/help.unhcr.org\/hungary\/wp-json\/wp\/v2\/media?parent=12654"}],"curies":[{"name":"wp","href":"https:\/\/api.w.org\/{rel}","templated":true}]}}