{"id":12633,"date":"2024-05-08T13:23:00","date_gmt":"2024-05-08T13:23:00","guid":{"rendered":"https:\/\/help.unhcr.org\/hungary\/?page_id=12633"},"modified":"2025-12-24T09:37:41","modified_gmt":"2025-12-24T09:37:41","slug":"partners-hungary-foundation","status":"publish","type":"page","link":"https:\/\/help.unhcr.org\/hungary\/partners\/partners-hungary-foundation\/","title":{"rendered":"Partners Hungary Foundation"},"content":{"rendered":"\n\n<div class=\"wp-block-columns is-layout-flex wp-container-core-columns-is-layout-9d6595d7 wp-block-columns-is-layout-flex\">\n\n<div class=\"wp-block-column is-layout-flow wp-block-column-is-layout-flow\">\n\n<h2 class=\"wp-block-heading\"><strong>Contact Information<\/strong><\/h2>\n\n\n\n<p class=\"has-medium-font-size\"><strong>E-mail<\/strong><br \/><a href=\"mailto:irodavezeto@partnershungary.hu\">irodavezeto@partnershungary.hu<\/a>, <a href=\"mailto:partners@partnershungary.hu\">partners@partnershungary.hu<\/a><\/p>\n\n\n\n<p class=\"has-medium-font-size\"><strong>Phone<\/strong><br \/><a href=\"tel:+36709446196\">+36 70 944 6196<\/a><\/p>\n\n\n\n<p class=\"has-medium-font-size\"><strong>Website<\/strong><br \/><a href=\"https:\/\/partnershungary.hu\/en\/\" target=\"_blank\">https:\/\/partnershungary.hu\/en\/<\/a><\/p>\n\n\n\n<p class=\"has-medium-font-size\"><strong>Facebook<\/strong><br \/><a href=\"https:\/\/www.facebook.com\/PartnersHungary\/\" target=\"_blank\">https:\/\/www.facebook.com\/PartnersHungary\/<\/a><\/p>\n\n<\/div>\n\n\n\n<div class=\"wp-block-column is-layout-flow wp-block-column-is-layout-flow\">\n\n<h2 class=\"wp-block-heading\"><strong>Offered Services<\/strong><\/h2>\n\n\n\n<p class=\"has-medium-font-size\"><strong>Education<\/strong><br \/>\u2022 Learning materials<br \/>\u2022 Training or support of education personnel<\/p>\n\n<\/div>\n\n<\/div>\n\n\n\n<hr class=\"wp-block-separator has-text-color has-cyan-bluish-gray-color has-alpha-channel-opacity is-style-default\" style=\"border-top:0px !important\" \/>\n\n\n\n<h2 class=\"wp-block-heading\"><strong>1062 Budapest, D\u00e9lib\u00e1b u. 19. alagsor 3. ajt\u00f3 (1056 Budapest, Szerb u. 17-19)<\/strong><\/h2>\n\n\n\n<p class=\"has-medium-font-size\">Office\/institution (with assistance on site)\u00a0\u2022\u00a0<a href=\"https:\/\/www.google.com\/maps\/search\/1062%20Budapest%2C%20D%C3%A9lib%C3%A1b%20u.%2019.%20alagsor%203.%20ajt%C3%B3\" target=\"_blank\">View on Google Maps<\/a><\/p>\n\n\n\n<div class=\"wp-block-columns is-layout-flex wp-container-core-columns-is-layout-9d6595d7 wp-block-columns-is-layout-flex\">\n\n<div class=\"wp-block-column is-layout-flow wp-block-column-is-layout-flow\">\n\n<p class=\"has-medium-font-size\"><strong>Contact information<\/strong><br \/>Ivett Kov\u00e1cs (<a href=\"mailto:kovacsi@partnershungary.hu\">kovacsi@partnershungary.hu<\/a> \u2022 <a href=\"tel:+36304908381\">+36 30 490 8381<\/a>)<\/p>\n\n\n\n<p class=\"has-medium-font-size\"><strong>Operating hours<\/strong><br \/>Monday: 09:00 &#8211; 16:00<br \/>Tuesday: 09:00 &#8211; 16:00<br \/>Wednesday: 09:00 &#8211; 16:00<br \/>Thursday: 09:00 &#8211; 16:00<br \/>Friday: 09:00 &#8211; 16:00<\/p>\n\n\n\n<p class=\"has-medium-font-size\"><strong>Services at location<\/strong><br \/>\u2022 Education (2)<\/p>\n\n<\/div>\n\n\n\n<div class=\"wp-block-column is-layout-flow wp-block-column-is-layout-flow\">\n\n<p class=\"has-medium-font-size\"><strong>Languages<\/strong><br \/>\u2022 ?? Hungarian<br \/>\u2022 ?? English<\/p>\n\n\n\n<p class=\"has-medium-font-size\"><strong>Service area<\/strong><br \/>\u2022 Countrywide<\/p>\n\n<\/div>\n\n<\/div>\n\n\n\n<hr class=\"wp-block-separator has-text-color has-cyan-bluish-gray-color has-alpha-channel-opacity is-style-default\" style=\"border-top:0px !important\" \/>\n\n\n<div class=\"wp-block-group\"><div class=\"wp-block-group__inner-container is-layout-constrained wp-block-group-is-layout-constrained\">\n<div style=\"background-color:#b9dfff;color:white;border-radius:10px;padding: 24px 24px 4px\">\n\n\n\n<figure class=\"wp-block-image size-full is-resized\"><img loading=\"lazy\" decoding=\"async\" width=\"100\" height=\"100\" src=\"https:\/\/help.unhcr.org\/hungary\/wp-content\/uploads\/sites\/86\/2024\/06\/callout_rcc-1.png\" alt=\"\" class=\"wp-image-18970\" style=\"width:70px\" \/><\/figure>\n\n\n\n<div style=\"height:14px\" aria-hidden=\"true\" class=\"wp-block-spacer\"><\/div>\n\n\n\n<p class=\"has-black-color has-text-color has-link-color has-medium-font-size wp-elements-41ce2414641dbfa10a869784448b8b11\">For more information, feedback, or complaints, call the <strong>UNHCR Refugee Helpline<\/strong> on <strong><a href=\"tel:+36 80 984 583\">+36 80 984 583<\/a>\u200b<\/strong> between Monday \u2013 Friday, 08:00 \u2013 17:00, in Ukrainian, Russian, Hungarian or English, or send an email to <a href=\"mailto:hunbucontact@unhcr.org\">hunbucontact@unhcr.org<\/a>. <\/p>\n\n\n<p class=\"hcr-help-webrtc-block-wrapper\"><button onclick=\"hcrHelpWebRTCOpenModal()\" class=\"hcr-help-webrtc-trigger-modal-button hcr-help-webrtc-trigger-modal-button-blue\">Click here to call UNHCR<\/button><\/p>\n\n\n<\/div>\n<\/div><\/div>\n\n\n\n<p><\/p>\n\n\n<p class=\"has-medium-font-size\"><a href=\"\/hungary\/partners\">Back to all organisations<\/a><\/p>\n\n\n\n<hr class=\"wp-block-separator has-text-color has-cyan-bluish-gray-color has-alpha-channel-opacity is-style-default\" style=\"border-top:0px !important\" \/>\n\n\n\n<p class=\"has-medium-font-size\"><strong>Disclaimer<\/strong><br \/>Please be advised that the data presented on this page is based on submissions received from partners. If you notice any inaccuracies, kindly reach out to <a href=\"mailto:hunbuim@unhcr.org\">hunbuim@unhcr.org<\/a> so we can review and update the information accordingly.<\/p>\n\n","protected":false},"excerpt":{"rendered":"<p>Contact Information E-mailirodavezeto@partnershungary.hu, partners@partnershungary.hu Phone+36 70 944 6196 Websitehttps:\/\/partnershungary.hu\/en\/ Facebookhttps:\/\/www.facebook.com\/PartnersHungary\/ Offered Services Education\u2022 Learning materials\u2022 Training or support of education personnel 1062 Budapest, D\u00e9lib\u00e1b u. 19. alagsor 3. ajt\u00f3 (1056 Budapest, Szerb u. 17-19) Office\/institution (with assistance on site)\u00a0\u2022\u00a0View on Google Maps Contact informationIvett Kov\u00e1cs (kovacsi@partnershungary.hu \u2022 +36 30 490 8381) Operating hoursMonday: 09:00 &#8211; [&hellip;]<\/p>\n","protected":false},"author":575,"featured_media":0,"parent":12270,"menu_order":45,"comment_status":"closed","ping_status":"closed","template":"","meta":{"_acf_changed":false,"footnotes":""},"class_list":["post-12633","page","type-page","status-publish","hentry"],"acf":[],"_links":{"self":[{"href":"https:\/\/help.unhcr.org\/hungary\/wp-json\/wp\/v2\/pages\/12633","targetHints":{"allow":["GET"]}}],"collection":[{"href":"https:\/\/help.unhcr.org\/hungary\/wp-json\/wp\/v2\/pages"}],"about":[{"href":"https:\/\/help.unhcr.org\/hungary\/wp-json\/wp\/v2\/types\/page"}],"author":[{"embeddable":true,"href":"https:\/\/help.unhcr.org\/hungary\/wp-json\/wp\/v2\/users\/575"}],"replies":[{"embeddable":true,"href":"https:\/\/help.unhcr.org\/hungary\/wp-json\/wp\/v2\/comments?post=12633"}],"version-history":[{"count":86,"href":"https:\/\/help.unhcr.org\/hungary\/wp-json\/wp\/v2\/pages\/12633\/revisions"}],"predecessor-version":[{"id":48976,"href":"https:\/\/help.unhcr.org\/hungary\/wp-json\/wp\/v2\/pages\/12633\/revisions\/48976"}],"up":[{"embeddable":true,"href":"https:\/\/help.unhcr.org\/hungary\/wp-json\/wp\/v2\/pages\/12270"}],"wp:attachment":[{"href":"https:\/\/help.unhcr.org\/hungary\/wp-json\/wp\/v2\/media?parent=12633"}],"curies":[{"name":"wp","href":"https:\/\/api.w.org\/{rel}","templated":true}]}}