{"id":7769,"date":"2023-09-15T09:32:46","date_gmt":"2023-09-15T09:32:46","guid":{"rendered":"https:\/\/help.unhcr.org\/hungary\/ndgap-offices\/"},"modified":"2024-11-05T15:07:42","modified_gmt":"2024-11-05T15:07:42","slug":"ndgap-offices","status":"publish","type":"page","link":"https:\/\/help.unhcr.org\/hungary\/uk\/ndgap-offices\/","title":{"rendered":"\u0410\u0434\u0440\u0435\u0441\u0438 \u043e\u0444\u0456\u0441\u0456\u0432 \u041d\u0430\u0446\u0456\u043e\u043d\u0430\u043b\u044c\u043d\u043e\u0433\u043e \u0443\u043f\u0440\u0430\u0432\u043b\u0456\u043d\u043d\u044f \u043f\u043e\u043b\u0456\u0446\u0456\u0457 \u0443 \u0441\u043f\u0440\u0430\u0432\u0430\u0445 \u0456\u043d\u043e\u0437\u0435\u043c\u0446\u0456\u0432"},"content":{"rendered":"\n<figure class=\"wp-block-table\"><table class=\"has-fixed-layout\"><thead><tr><th><strong>\u041e\u0444\u0456\u0441<\/strong><\/th><th><strong>\u0410\u0434\u0440\u0435\u0441\u0430<\/strong><\/th><th><strong>\u0413\u043e\u0434\u0438\u043d\u0438 \u0440\u043e\u0431\u043e\u0442\u0438<\/strong><\/th><th><strong>\u041a\u043e\u043d\u0442\u0430\u043a\u0442\u043d\u0438\u0439 \u0442\u0435\u043b\u0435\u0444\u043e\u043d<\/strong><\/th><th><strong>\u0415\u043b\u0435\u043a\u0442\u0440\u043e\u043d\u043d\u0430 \u043f\u043e\u0448\u0442\u0430<\/strong><\/th><th><strong>\u0421\u0444\u0435\u0440\u0438 \u044e\u0440\u0438\u0441\u0434\u0438\u043a\u0446\u0456\u0457<\/strong><\/th><\/tr><\/thead><tbody><tr><td><strong>\u041d\u0430\u0446\u0456\u043e\u043d\u0430\u043b\u044c\u043d\u0435 \u0433\u0435\u043d\u0435\u0440\u0430\u043b\u044c\u043d\u0435 \u0443\u043f\u0440\u0430\u0432\u043b\u0456\u043d\u043d\u044f \u043f\u043e\u043b\u0456\u0446\u0456\u0457 \u0443 \u0441\u043f\u0440\u0430\u0432\u0430\u0445 \u0456\u043d\u043e\u0437\u0435\u043c\u0446\u0456\u0432\u00a0\u041f\u0456\u0434\u0440\u043e\u0437\u0434\u0456\u043b \u0437 \u043f\u0438\u0442\u0430\u043d\u044c \u043f\u0440\u0438\u0442\u0443\u043b\u043a\u0443\u0414\u0438\u0440\u0435\u043a\u0442\u043e\u0440\u0430\u0442 \u0437 \u043f\u0438\u0442\u0430\u043d\u044c \u043f\u0440\u0438\u0442\u0443\u043b\u043a\u0443 (NDGAP)<\/strong><\/td><td>1117 Budapest XI., Budafoki \u00fat 60. building &#8220;A&#8221;<\/td><td>\u041f\u043e\u043d\u0435\u0434\u0456\u043b\u043e\u043a: 08:00-14:00 <br>\u0412\u0456\u0432\u0442\u043e\u0440\u043e\u043a: 08:00-14:00 <br>\u0421\u0435\u0440\u0435\u0434\u0430: 08:00-14:00 <br>\u0427\u0435\u0442\u0432\u0435\u0440: 08:00-14:00 <br>\u041f&#8217;\u044f\u0442\u043d\u0438\u0446\u044f 08:00-11:30 &nbsp;<\/td><td>+36 1 463 4873<\/td><td><a href=\"mailto:menekult@oif.gov.hu\">menekult@oif.gov.hu<\/a><\/td><td>\u041d\u0430\u0446\u0456\u043e\u043d\u0430\u043b\u044c\u043d\u0438\u0439<\/td><\/tr><tr><td><strong>\u0414\u0435\u0431\u0440\u0435\u0446\u0435\u043d<\/strong>, \u0420\u0435\u0433\u0456\u043e\u043d\u0430\u043b\u044c\u043d\u0430 \u0434\u0438\u0440\u0435\u043a\u0446\u0456\u044f<\/td><td>4033 Debrecen, S\u00e1msoni \u00fat 149.<\/td><td>\u041f\u043e\u043d\u0435\u0434\u0456\u043b\u043e\u043a: 07:30-13:00 <br>\u0412\u0456\u0432\u0442\u043e\u0440\u043e\u043a: 07:30-16:00 <br>\u0421\u0435\u0440\u0435\u0434\u0430: \u0417\u0430\u043a\u0440\u0438\u0442\u043e <br>\u0427\u0435\u0442\u0432\u0435\u0440: 12:00-17:30 <br>\u041f&#8217;\u044f\u0442\u043d\u0438\u0446\u044f 07:30-11:30<\/td><td>+36 52 503 840<\/td><td><a href=\"mailto:ear@oif.gov.hu\">ear@oif.gov.hu<\/a><\/td><td>\u041e\u0431\u043b\u0430\u0441\u0442\u044c \u0413\u0430\u0439\u0434\u0443-\u0411\u0456\u0445\u0430\u0440, \u0421\u0430\u0431\u043e\u043b\u0447-\u0421\u0430\u0442\u043c\u0430\u0440-\u0411\u0435\u0440\u0435\u0433 \u043e\u0431\u043b\u0430\u0441\u0442\u044c, \u042f\u0441-\u041d\u0430\u0434\u044c\u043a\u0443\u043d-\u0421\u043e\u043b\u044c\u043d\u043e\u043a \u043e\u0431\u043b\u0430\u0441\u0442\u044c<\/td><\/tr><tr><td><strong>\u041d\u0456\u0440\u0435\u0434\u044c\u0433\u0430\u0437\u0430<\/strong><\/td><td>4400 Ny\u00edregyh\u00e1za, Szent Istv\u00e1n \u00fat 9.<\/td><td>\u041f\u043e\u043d\u0435\u0434\u0456\u043b\u043e\u043a: 10:00-15:00 <br>\u0412\u0456\u0432\u0442\u043e\u0440\u043e\u043a: \u0417\u0430\u043a\u0440\u0438\u0442\u043e <br>\u0421\u0435\u0440\u0435\u0434\u0430: 10:00-15:00 <br>\u0427\u0435\u0442\u0432\u0435\u0440: \u0417\u0430\u043a\u0440\u0438\u0442\u043e <br>\u041f&#8217;\u044f\u0442\u043d\u0438\u0446\u044f: \u0417\u0430\u043a\u0440\u0438\u0442\u043e &nbsp;<\/td><td>+36 52 503 840<\/td><td><a href=\"mailto:ear@oif.gov.hu\">ear@oif.gov.hu<\/a><\/td><td>\u0421\u0430\u0431\u043e\u043b\u0447-\u0421\u0430\u0442\u043c\u0430\u0440-\u0411\u0435\u0440\u0435\u0433 \u043e\u0431\u043b\u0430\u0441\u0442\u044c<\/td><\/tr><tr><td><strong>\u0421\u043e\u043b\u044c\u043d\u043e\u043a<\/strong><\/td><td>5000 Szolnok, Baross u. 45-51.<\/td><td>\u041f\u043e\u043d\u0435\u0434\u0456\u043b\u043e\u043a: \u0417\u0430\u043a\u0440\u0438\u0442\u043e <br>\u0412\u0456\u0432\u0442\u043e\u0440\u043e\u043a: 10:00-15:00 <br>\u0421\u0435\u0440\u0435\u0434\u0430: \u0417\u0430\u043a\u0440\u0438\u0442\u043e <br>\u0427\u0435\u0442\u0432\u0435\u0440: \u0417\u0430\u043a\u0440\u0438\u0442\u043e <br>\u041f&#8217;\u044f\u0442\u043d\u0438\u0446\u044f: \u0417\u0430\u043a\u0440\u0438\u0442\u043e &nbsp;<\/td><td>+36 52 503 840<\/td><td><a href=\"mailto:ear@oif.gov.hu\">ear@oif.gov.hu<\/a><\/td><td>\u042f\u0441\u0441\u044c\u043a\u043e-\u041d\u0430\u0434\u044c\u043a\u0443\u043d\u044c-C\u043e\u043b\u043d\u043e\u043a\u0441\u044c\u043a\u0438\u0439 \u043e\u0431\u043b\u0430\u0441\u0442\u044c<\/td><\/tr><tr><td><strong>\u041c\u0456\u0448\u043a\u043e\u043b\u044c\u0446<\/strong>, \u0420\u0435\u0433\u0456\u043e\u043d\u0430\u043b\u044c\u043d\u0435 \u0443\u043f\u0440\u0430\u0432\u043b\u0456\u043d\u043d\u044f \u041f\u0456\u0432\u043d\u0456\u0447\u043d\u043e\u0457 \u0423\u0433\u043e\u0440\u0449\u0438\u043d\u0438<\/td><td>3526 Miskolc, Hatvan\u00f6t\u00f6s\u00f6k \u00fatja 2.<\/td><td>\u041f\u043e\u043d\u0435\u0434\u0456\u043b\u043e\u043a: 07:30-13:00 <br>\u0412\u0456\u0432\u0442\u043e\u0440\u043e\u043a: 07:30-16:00 <br>\u0421\u0435\u0440\u0435\u0434\u0430: \u0432\u0438\u0445\u0456\u0434\u043d\u0438\u0439<br>\u0427\u0435\u0442\u0432\u0435\u0440: 12:00-17:30 <br>\u041f&#8217;\u044f\u0442\u043d\u0438\u0446\u044f: 07:30-14:00<br>&nbsp;<\/td><td>+36 46 501 080<\/td><td><a href=\"mailto:emr@oif.gov.hu\">emr@oif.gov.hu<\/a><\/td><td>\u0411\u043e\u0440\u0448\u043e\u0434-\u0410\u0431\u0430\u0443\u0439-\u0417\u0435\u043c\u043f\u043b\u0435\u043d\u0441\u044c\u043a\u0438\u0439 \u043e\u0431\u043b\u0430\u0441\u0442\u044c, \u0425\u0435\u0432\u0435\u0441\u044c\u043a\u0438\u0439, \u041d\u043e\u0433\u0440\u0430\u0434\u0441\u044c\u043a\u0438\u0439 \u043e\u0431\u043b\u0430\u0441\u0442\u0456<\/td><\/tr><tr><td><strong>\u0415\u0433\u0435\u0440<\/strong><\/td><td>3300 Eger, Gr\u00f3nay S\u00e1ndor utca 3.<\/td><td>\u041f\u043e\u043d\u0435\u0434\u0456\u043b\u043e\u043a: \u0412\u0438\u0445\u0456\u0434\u043d\u0438\u0439 <br>\u0412\u0456\u0432\u0442\u043e\u0440\u043e\u043a: 09:00-15:00 <br>\u0421\u0435\u0440\u0435\u0434\u0430: \u0412\u0438\u0445\u0456\u0434\u043d\u0438\u0439 <br>\u0427\u0435\u0442\u0432\u0435\u0440: 09:00-15:00<br>\u041f&#8217;\u044f\u0442\u043d\u0438\u0446\u044f: \u0412\u0438\u0445\u0456\u0434\u043d\u0438\u0439<br>&nbsp;<\/td><td>+36 46 501 080<\/td><td><a href=\"mailto:emr@oif.gov.hu\">emr@oif.gov.hu<\/a><\/td><td>\u0425\u0435\u0432\u0441 \u043e\u0431\u043b\u0430\u0441\u0442\u044c<\/td><\/tr><tr><td><strong>\u0411\u0430\u043b\u0430\u0441\u0441\u0430\u0433\u044f\u0440\u043c\u0430\u0442<\/strong><\/td><td>2660 Balassagyarmat, Kossuth u. 43.<\/td><td>\u041f\u043e\u043d\u0435\u0434\u0456\u043b\u043e\u043a: 17:30-16:00 <br>\u0412\u0456\u0432\u0442\u043e\u0440\u043e\u043a: \u0417\u0430\u043a\u0440\u0438\u0442\u043e <br>\u0421\u0435\u0440\u0435\u0434\u0430: 07:30-17:00 <br>\u0427\u0435\u0442\u0432\u0435\u0440: \u0417\u0430\u043a\u0440\u0438\u0442\u043e <br>\u041f&#8217;\u044f\u0442\u043d\u0438\u0446\u044f: \u0417\u0430\u043a\u0440\u0438\u0442\u043e &nbsp;<\/td><td>+36 46 501 080<\/td><td><a href=\"mailto:emr@oif.gov.hu\">emr@oif.gov.hu<\/a><\/td><td>\u041d\u043e\u0433\u0440\u0430\u0434\u0441\u044c\u043a\u0438\u0439 \u043e\u0431\u043b\u0430\u0441\u0442\u044c<\/td><\/tr><tr><td><strong>\u041f\u0435\u0447<\/strong>, \u0420\u0435\u0433\u0456\u043e\u043d\u0430\u043b\u044c\u043d\u0430 \u0434\u0438\u0440\u0435\u043a\u0446\u0456\u044f \u041f\u0456\u0432\u0434\u0435\u043d\u043d\u043e\u0433\u043e \u0417\u0430\u0434\u0443\u043d\u0430\u0432&#8217;\u044f<\/td><td>7623 P\u00e9cs, Csend u. 3.<\/td><td>\u041f\u043e\u043d\u0435\u0434\u0456\u043b\u043e\u043a: 08:00-18:00 <br>\u0412\u0456\u0432\u0442\u043e\u0440\u043e\u043a: 08:00-16:00 <br>\u0421\u0435\u0440\u0435\u0434\u0430: \u0417\u0430\u043a\u0440\u0438\u0442\u043e <br>\u0427\u0435\u0442\u0432\u0435\u0440: 08:00-16:00 <br>\u041f&#8217;\u044f\u0442\u043d\u0438\u0446\u044f 07:30-12:00<\/td><td>+36 72 518 720<\/td><td><a href=\"mailto:ddr@oif.gov.hu\">ddr@oif.gov.hu<\/a><\/td><td>\u0411\u0430\u0440\u0430\u043d\u044f\u043d\u0441\u044c\u043a\u0438\u0439 \u043e\u0431\u043b\u0430\u0441\u0442\u044c, \u0428\u043e\u043c\u043e\u0437\u044c\u043a\u0438\u0439 \u043e\u0431\u043b\u0430\u0441\u0442\u044c, \u0422\u043e\u043b\u0435\u043d\u0441\u044c\u043a\u0438\u0439 \u043e\u0431\u043b\u0430\u0441\u0442\u044c<\/td><\/tr><tr><td><strong>\u041a\u0430\u043f\u043e\u0448\u0432\u0430\u0440<\/strong><\/td><td>7400 Kaposv\u00e1r, Sz\u00e9chenyi t\u00e9r 3.<\/td><td>\u041f\u043e\u043d\u0435\u0434\u0456\u043b\u043e\u043a: 09:30-16:30 <br>\u0412\u0456\u0432\u0442\u043e\u0440\u043e\u043a: \u0417\u0430\u043a\u0440\u0438\u0442\u043e <br>\u0421\u0435\u0440\u0435\u0434\u0430: 09:30-15:30 <br>\u0427\u0435\u0442\u0432\u0435\u0440: \u0417\u0430\u043a\u0440\u0438\u0442\u043e <br>\u041f&#8217;\u044f\u0442\u043d\u0438\u0446\u044f: \u0417\u0430\u043a\u0440\u0438\u0442\u043e<\/td><td>+36 72 518 720<\/td><td><a href=\"mailto:ddr@oif.gov.hu\">ddr@oif.gov.hu<\/a><\/td><td>\u0428\u043e\u043c\u043e\u0437\u044c\u043a\u0438\u0439 \u043e\u0431\u043b\u0430\u0441\u0442\u044c, \u0411\u0430\u0440\u0430\u043d\u044f\u043d\u0441\u044c\u043a\u0438\u0439 \u043e\u0431\u043b\u0430\u0441\u0442\u044c, \u0422\u043e\u043b\u0435\u043d\u0441\u044c\u043a\u0438\u0439 \u043f\u043e\u0432\u0456\u0442<\/td><\/tr><tr><td><strong>\u0421\u0435\u043a\u0441\u0430\u0440\u0434<\/strong><\/td><td>7100 Szeksz\u00e1rd, Szent Istv\u00e1n t\u00e9r 23.<\/td><td>\u041f\u043e\u043d\u0435\u0434\u0456\u043b\u043e\u043a: \u0417\u0430\u043a\u0440\u0438\u0442\u043e <br>\u0412\u0456\u0432\u0442\u043e\u0440\u043e\u043a: 12:00-16:30 <br>\u0421\u0435\u0440\u0435\u0434\u0430: \u0417\u0430\u043a\u0440\u0438\u0442\u043e <br>\u0427\u0435\u0442\u0432\u0435\u0440: 09:30-15:30 <br>\u041f&#8217;\u044f\u0442\u043d\u0438\u0446\u044f: \u0417\u0430\u043a\u0440\u0438\u0442\u043e<\/td><td>+36 72 518 720<\/td><td><a href=\"mailto:ddr@oif.gov.hu\">ddr@oif.gov.hu<\/a><\/td><td>\u0422\u043e\u043b\u0435\u043d\u0441\u044c\u043a\u0430 \u043e\u0431\u043b\u0430\u0441\u0442\u044c, \u0411\u0430\u0440\u0430\u043d\u044f\u043d\u0441\u044c\u043a\u0438\u0439&nbsp; \u0421\u043e\u043c\u043e\u0433\u0438&nbsp; \u043e\u0431\u043b\u0430\u0441\u0442\u044c<\/td><\/tr><tr><td><strong>\u0421\u0435\u0433\u0435\u0434<\/strong>, \u0420\u0435\u0433\u0456\u043e\u043d\u0430\u043b\u044c\u043d\u0435 \u0443\u043f\u0440\u0430\u0432\u043b\u0456\u043d\u043d\u044f<\/td><td>6724 Szeged, Bakay N\u00e1ndor u. 3\/A<\/td><td>\u041f\u043e\u043d\u0435\u0434\u0456\u043b\u043e\u043a: 07:30-16:00 <br>\u0412\u0456\u0432\u0442\u043e\u0440\u043e\u043a: 07:30-16:00 <br>\u0421\u0435\u0440\u0435\u0434\u0430: 07:30-16:00 <br>\u0427\u0435\u0442\u0432\u0435\u0440: 07:30-17:00 <br>\u041f&#8217;\u044f\u0442\u043d\u0438\u0446\u044f: \u0417\u0430\u043a\u0440\u0438\u0442\u043e &nbsp;<\/td><td>+36 62 795 150<\/td><td><a href=\"mailto:dar@oif.gov.hu\">dar@oif.gov.hu<\/a><\/td><td>\u041e\u0431\u043b\u0430\u0441\u0442\u0456 \u0427\u043e\u043d\u0433\u0440\u0430\u0434, \u0411\u0430\u0447-\u041a\u0456\u0448\u043a\u0443\u043d, \u0411\u0435\u043a\u0435\u0448<\/td><\/tr><tr><td><strong>\u041a\u0435\u0447\u043a\u0435\u043c\u0435\u0442<\/strong><\/td><td>6000 Kecskem\u00e9t, Irinyi u. 17\/B.<\/td><td>\u041f\u043e\u043d\u0435\u0434\u0456\u043b\u043e\u043a: 09:00-17:00 <br>\u0412\u0456\u0432\u0442\u043e\u0440\u043e\u043a: \u0417\u0430\u043a\u0440\u0438\u0442\u043e <br>\u0421\u0435\u0440\u0435\u0434\u0430: \u0417\u0430\u043a\u0440\u0438\u0442\u043e <br>\u0427\u0435\u0442\u0432\u0435\u0440: 09:00-16:00 <br>\u041f&#8217;\u044f\u0442\u043d\u0438\u0446\u044f 09:00-12:00 &nbsp;<\/td><td>+36 76 481 249<\/td><td><a href=\"mailto:dar@oif.gov.hu\">dar@oif.gov.hu<\/a><\/td><td>\u0411\u0430\u0447-\u041a\u0456\u0448\u043a\u0443\u043d\u0441\u044c\u043a\u0438\u0439 \u043e\u0431\u043b\u0430\u0441\u0442\u044c<\/td><\/tr><tr><td><strong>\u0411\u0435\u043a\u0435\u0448\u0447\u0430\u0431\u0430<\/strong><\/td><td>5600 B\u00e9k\u00e9scsaba, K\u00e9tegyh\u00e1zi \u00fat 10.<\/td><td>\u041f\u043e\u043d\u0435\u0434\u0456\u043b\u043e\u043a: \u0432\u0438\u0445\u0456\u0434\u043d\u0438\u0439<br>\u0412\u0456\u0432\u0442\u043e\u0440\u043e\u043a: 08:00-16:00 <br>\u0421\u0435\u0440\u0435\u0434\u0430: 08:00-16:00 <br>\u0427\u0435\u0442\u0432\u0435\u0440: 07:30-17:00 <br>\u041f&#8217;\u044f\u0442\u043d\u0438\u0446\u044f: 08:00-11:00<br>&nbsp;<\/td><td>+36 66 452 617<\/td><td><a href=\"mailto:dar@oif.gov.hu\">dar@oif.gov.hu<\/a><\/td><td>\u041e\u0431\u043b\u0430\u0441\u0442\u044c \u0411\u0435\u043a\u0435\u0448<\/td><\/tr><tr><td><strong>\u0421\u0435\u043a\u0435\u0448\u0444\u0435\u0445\u0435\u0440\u0432\u0430\u0440<\/strong>, \u0420\u0435\u0433\u0456\u043e\u043d\u0430\u043b\u044c\u043d\u0435 \u0443\u043f\u0440\u0430\u0432\u043b\u0456\u043d\u043d\u044f \u0426\u0435\u043d\u0442\u0440\u0430\u043b\u044c\u043d\u043e\u0433\u043e \u0417\u0430\u0434\u0443\u043d\u0430\u0432&#8217;\u044f<\/td><td>8000 Sz\u00e9kesfeh\u00e9rv\u00e1r, J\u00f3zsef Attila u. 38.<\/td><td>\u041f\u043e\u043d\u0435\u0434\u0456\u043b\u043e\u043a: 07.30-17.00 <br>\u0412\u0456\u0432\u0442\u043e\u0440\u043e\u043a: 07.30-16.00 <br>\u0421\u0435\u0440\u0435\u0434\u0430: 07.30-16.00 <br>\u0427\u0435\u0442\u0432\u0435\u0440: 07.30-16.00<br>\u041f&#8217;\u044f\u0442\u043d\u0438\u0446\u044f: \u0432\u0438\u0445\u0456\u0434\u043d\u0438\u0439<br>&nbsp;<br><br><br><\/td><td>+36 22 510 650<\/td><td><a href=\"mailto:kdr@oif.gov.hu\">kdr@oif.gov.hu<\/a><\/td><td>\u041e\u0431\u043b\u0430\u0441\u0442\u0456 \u0424\u0435\u0454\u0440, \u041a\u043e\u043c\u0430\u0440\u043e\u043c-\u0415\u0441\u0442\u0435\u0440\u0433\u043e\u043c, \u0412\u0435\u0441\u043f\u0440\u0435\u043c,<\/td><\/tr><tr><td><strong>\u0422\u0430\u0442\u0430\u0431\u0430\u043d\u044c\u044f<\/strong><\/td><td>2800 Tatab\u00e1nya, V, Gy\u0151ri \u00fat 13.<\/td><td>\u041f\u043e\u043d\u0435\u0434\u0456\u043b\u043e\u043a: 08.30-16.30 <br>\u0412\u0456\u0432\u0442\u043e\u0440\u043e\u043a: 08.30-15.00 <br>\u0421\u0435\u0440\u0435\u0434\u0430: \u0417\u0430\u043a\u0440\u0438\u0442\u043e <br>\u0427\u0435\u0442\u0432\u0435\u0440: 08.30-15.00 <br>\u041f&#8217;\u044f\u0442\u043d\u0438\u0446\u044f: \u0417\u0430\u043a\u0440\u0438\u0442\u043e &nbsp;<\/td><td>+36 34 795 001<\/td><td><a href=\"mailto:kdr@oif.gov.hu\">kdr@oif.gov.hu<\/a><\/td><td>\u041a\u043e\u043c\u0430\u0440\u043e\u043c-\u0415\u0441\u0442\u0435\u0440\u0433\u043e\u043c\u0441\u044c\u043a\u0438\u0439 \u043e\u0431\u043b\u0430\u0441\u0442\u044c<\/td><\/tr><tr><td><strong>\u0412\u0435\u0441\u043f\u0440\u0435\u043c<\/strong><\/td><td>8200 Veszpr\u00e9m, Levendula u. 1.<\/td><td>\u041f\u043e\u043d\u0435\u0434\u0456\u043b\u043e\u043a: 08.30-16.30 <br>\u0412\u0456\u0432\u0442\u043e\u0440\u043e\u043a: 08.30-15.00 <br>\u0421\u0435\u0440\u0435\u0434\u0430: \u0417\u0430\u043a\u0440\u0438\u0442\u043e <br>\u0427\u0435\u0442\u0432\u0435\u0440: 08.30-15.00 <br>\u041f&#8217;\u044f\u0442\u043d\u0438\u0446\u044f: \u0417\u0430\u043a\u0440\u0438\u0442\u043e &nbsp;<\/td><td>+36 88 580 755<br>+36 88 580 757<br>+36 88 580 758<br>+36 88 544 668<\/td><td><a href=\"mailto:kdr@oif.gov.hu\">kdr@oif.gov.hu<\/a><\/td><td>\u0412\u0435\u0441\u043f\u0440\u0435\u043c\u0441\u044c\u043a\u0438\u0439 \u043e\u0431\u043b\u0430\u0441\u0442\u044c<\/td><\/tr><tr><td><strong>\u0414\u044c\u0439\u043e\u0440<\/strong>, \u0420\u0435\u0433\u0456\u043e\u043d\u0430\u043b\u044c\u043d\u0430 \u0434\u0438\u0440\u0435\u043a\u0446\u0456\u044f \u0417\u0430\u0445\u0456\u0434\u043d\u043e\u0433\u043e \u0417\u0430\u0434\u0443\u043d\u0430\u0432&#8217;\u044f<\/td><td>9026 Gy\u0151r, Sz\u00f6vets\u00e9g u. 15-17.<\/td><td>\u041f\u043e\u043d\u0435\u0434\u0456\u043b\u043e\u043a: 07.30-12.00, 12.30-16.00 <br>\u0412\u0456\u0432\u0442\u043e\u0440\u043e\u043a: 07.30-12.00 <br>\u0421\u0435\u0440\u0435\u0434\u0430: 07.30-12.00, 12.30-16.00 <br>Thursday: 07.00-12.00, 12.30-18.00 <br>\u041f&#8217;\u044f\u0442\u043d\u0438\u0446\u044f: \u0417\u0430\u043a\u0440\u0438\u0442\u043e &nbsp;<\/td><td>+36 96 510 700<\/td><td><a href=\"mailto:ndr@oif.gov.hu\">ndr@oif.gov.hu<\/a><\/td><td>\u0414\u044c\u0439\u043e\u0440-\u041c\u043e\u0441\u043e\u043d-\u0428\u043e\u043f\u0440\u043e\u043d, \u043e\u0431\u043b\u0430\u0441\u0442\u0456 \u0412\u0430\u0446, \u0417\u0430\u043b\u0430<\/td><\/tr><tr><td><strong>\u0421\u043e\u043c\u0431\u0430\u0442\u0445\u0435\u0439<\/strong><\/td><td>9700 Szombathely, Kisfaludy S. u. 1.<\/td><td>\u041f\u043e\u043d\u0435\u0434\u0456\u043b\u043e\u043a: 09.00-16.00<br>\u0412\u0456\u0432\u0442\u043e\u0440\u043e\u043a: \u0412\u0438\u0445\u0456\u0434\u043d\u0438\u0439 <br>\u0421\u0435\u0440\u0435\u0434\u0430: \u0412\u0438\u0445\u0456\u0434\u043d\u0438\u0439 <br>\u0427\u0435\u0442\u0432\u0435\u0440: \u0412\u0438\u0445\u0456\u0434\u043d\u0438\u0439 \u041f<br>&#8216;\u044f\u0442\u043d\u0438\u0446\u044f:<br>\u0412\u0438\u0445\u0456\u0434\u043d\u0438\u0439<br><br><\/td><td>+36 96 510 700<\/td><td><a href=\"mailto:ndr@oif.gov.hu\">ndr@oif.gov.hu<\/a><\/td><td>\u0412\u0430\u0448\u0441\u044c\u043a\u0438\u0439 \u043e\u0431\u043b\u0430\u0441\u0442\u044c<\/td><\/tr><\/tbody><\/table><\/figure>\n","protected":false},"excerpt":{"rendered":"<p>\u041e\u0444\u0456\u0441 \u0410\u0434\u0440\u0435\u0441\u0430 \u0413\u043e\u0434\u0438\u043d\u0438 \u0440\u043e\u0431\u043e\u0442\u0438 \u041a\u043e\u043d\u0442\u0430\u043a\u0442\u043d\u0438\u0439 \u0442\u0435\u043b\u0435\u0444\u043e\u043d \u0415\u043b\u0435\u043a\u0442\u0440\u043e\u043d\u043d\u0430 \u043f\u043e\u0448\u0442\u0430 \u0421\u0444\u0435\u0440\u0438 \u044e\u0440\u0438\u0441\u0434\u0438\u043a\u0446\u0456\u0457 \u041d\u0430\u0446\u0456\u043e\u043d\u0430\u043b\u044c\u043d\u0435 \u0433\u0435\u043d\u0435\u0440\u0430\u043b\u044c\u043d\u0435 \u0443\u043f\u0440\u0430\u0432\u043b\u0456\u043d\u043d\u044f \u043f\u043e\u043b\u0456\u0446\u0456\u0457 \u0443 \u0441\u043f\u0440\u0430\u0432\u0430\u0445 \u0456\u043d\u043e\u0437\u0435\u043c\u0446\u0456\u0432\u00a0\u041f\u0456\u0434\u0440\u043e\u0437\u0434\u0456\u043b \u0437 \u043f\u0438\u0442\u0430\u043d\u044c \u043f\u0440\u0438\u0442\u0443\u043b\u043a\u0443\u0414\u0438\u0440\u0435\u043a\u0442\u043e\u0440\u0430\u0442 \u0437 \u043f\u0438\u0442\u0430\u043d\u044c \u043f\u0440\u0438\u0442\u0443\u043b\u043a\u0443 (NDGAP) 1117 Budapest XI., Budafoki \u00fat 60. building &#8220;A&#8221; \u041f\u043e\u043d\u0435\u0434\u0456\u043b\u043e\u043a: 08:00-14:00 \u0412\u0456\u0432\u0442\u043e\u0440\u043e\u043a: 08:00-14:00 \u0421\u0435\u0440\u0435\u0434\u0430: 08:00-14:00 \u0427\u0435\u0442\u0432\u0435\u0440: 08:00-14:00 \u041f&#8217;\u044f\u0442\u043d\u0438\u0446\u044f 08:00-11:30 &nbsp; +36 1 463 4873 menekult@oif.gov.hu \u041d\u0430\u0446\u0456\u043e\u043d\u0430\u043b\u044c\u043d\u0438\u0439 \u0414\u0435\u0431\u0440\u0435\u0446\u0435\u043d, \u0420\u0435\u0433\u0456\u043e\u043d\u0430\u043b\u044c\u043d\u0430 \u0434\u0438\u0440\u0435\u043a\u0446\u0456\u044f 4033 Debrecen, S\u00e1msoni [&hellip;]<\/p>\n","protected":false},"author":347,"featured_media":0,"parent":0,"menu_order":0,"comment_status":"closed","ping_status":"closed","template":"","meta":{"_acf_changed":false,"footnotes":""},"class_list":["post-7769","page","type-page","status-publish","hentry"],"acf":[],"_links":{"self":[{"href":"https:\/\/help.unhcr.org\/hungary\/uk\/wp-json\/wp\/v2\/pages\/7769","targetHints":{"allow":["GET"]}}],"collection":[{"href":"https:\/\/help.unhcr.org\/hungary\/uk\/wp-json\/wp\/v2\/pages"}],"about":[{"href":"https:\/\/help.unhcr.org\/hungary\/uk\/wp-json\/wp\/v2\/types\/page"}],"author":[{"embeddable":true,"href":"https:\/\/help.unhcr.org\/hungary\/uk\/wp-json\/wp\/v2\/users\/347"}],"replies":[{"embeddable":true,"href":"https:\/\/help.unhcr.org\/hungary\/uk\/wp-json\/wp\/v2\/comments?post=7769"}],"version-history":[{"count":9,"href":"https:\/\/help.unhcr.org\/hungary\/uk\/wp-json\/wp\/v2\/pages\/7769\/revisions"}],"predecessor-version":[{"id":27275,"href":"https:\/\/help.unhcr.org\/hungary\/uk\/wp-json\/wp\/v2\/pages\/7769\/revisions\/27275"}],"wp:attachment":[{"href":"https:\/\/help.unhcr.org\/hungary\/uk\/wp-json\/wp\/v2\/media?parent=7769"}],"curies":[{"name":"wp","href":"https:\/\/api.w.org\/{rel}","templated":true}]}}