{"id":7463,"date":"2023-08-12T11:32:43","date_gmt":"2023-08-12T11:32:43","guid":{"rendered":"https:\/\/help.unhcr.org\/hungary\/educational-with-disabilities\/"},"modified":"2025-06-17T09:36:43","modified_gmt":"2025-06-17T09:36:43","slug":"education-with-disabilities","status":"publish","type":"page","link":"https:\/\/help.unhcr.org\/hungary\/uk\/education-with-disabilities\/","title":{"rendered":"\u041e\u0441\u0432\u0456\u0442\u043d\u0456 \u043c\u043e\u0436\u043b\u0438\u0432\u043e\u0441\u0442\u0456 \u0434\u043b\u044f \u0434\u0456\u0442\u0435\u0439 \u0456\u0437 \u0437\u0430\u0442\u0440\u0438\u043c\u043a\u043e\u044e \u0440\u043e\u0437\u0432\u0438\u0442\u043a\u0443 \u0442\u0430 \u0456\u043d\u0432\u0430\u043b\u0456\u0434\u043d\u0456\u0441\u0442\u044e"},"content":{"rendered":"\n<p>\u041d\u0430\u0432\u0435\u0434\u0435\u043d\u0443 \u043d\u0438\u0436\u0447\u0435 \u0456\u043d\u0444\u043e\u0440\u043c\u0430\u0446\u0456\u044e \u0431\u0443\u043b\u043e \u0437\u0456\u0431\u0440\u0430\u043d\u043e <em>\u0420\u043e\u0431\u043e\u0447\u0438\u043c\u0438 \u0433\u0440\u0443\u043f\u0430\u043c\u0438 \u0437 \u043f\u0438\u0442\u0430\u043d\u044c \u0437\u0430\u0445\u0438\u0441\u0442\u0443 \u0434\u0456\u0442\u0435\u0439 \u0442\u0430 \u043e\u0441\u0432\u0456\u0442\u0438<\/em> \u0439 \u0440\u043e\u0437\u0433\u043b\u044f\u043d\u0443\u0442\u043e <em>\u0414\u0435\u043f\u0430\u0440\u0442\u0430\u043c\u0435\u043d\u0442\u043e\u043c \u0443\u043f\u0440\u0430\u0432\u043b\u0456\u043d\u043d\u044f \u0434\u0435\u0440\u0436\u0430\u0432\u043d\u043e\u044e \u043e\u0441\u0432\u0456\u0442\u043e\u044e \u041c\u0456\u043d\u0456\u0441\u0442\u0435\u0440\u0441\u0442\u0432\u0430 \u0432\u043d\u0443\u0442\u0440\u0456\u0448\u043d\u0456\u0445 \u0441\u043f\u0440\u0430\u0432<\/em>. \u0412\u043e\u043d\u0430 \u043c\u0430\u0454 \u043d\u0430 \u043c\u0435\u0442\u0456 \u043d\u0430\u0434\u0430\u0442\u0438 \u0440\u0435\u043a\u043e\u043c\u0435\u043d\u0434\u0430\u0446\u0456\u0457 \u0431\u0430\u0442\u044c\u043a\u0430\u043c \u0434\u0456\u0442\u0435\u0439 \u0456\u0437 \u0437\u0430\u0442\u0440\u0438\u043c\u043a\u043e\u044e \u0440\u043e\u0437\u0432\u0438\u0442\u043a\u0443 \u0442\u0430 \u0456\u043d\u0432\u0430\u043b\u0456\u0434\u043d\u0456\u0441\u0442\u044e \u0449\u043e\u0434\u043e \u0432\u0456\u0434\u0441\u0442\u043e\u044e\u0432\u0430\u043d\u043d\u044f \u0441\u0432\u043e\u0457\u0445 \u043f\u0440\u0430\u0432 \u0456 \u0434\u043e\u0441\u0442\u0443\u043f\u0443 \u0434\u043e \u0432\u0456\u0434\u043f\u043e\u0432\u0456\u0434\u043d\u0438\u0445 \u043f\u043e\u0441\u043b\u0443\u0433.&nbsp;<\/p>\n\n\n\n<a href=\"https:\/\/help.unhcr.org\/hungary\/wp-content\/uploads\/sites\/86\/2023\/08\/QA-Children-with-developmental-delays-and-disabilities_HUN.pdf\" style=\"text-decoration: none\" target=\"_blank\" rel=\"noopener\">\n<div style=\"background-color:#F6C142;color:black;border-radius:4px;padding: 24px 24px 12px\">\n\n\n\n<figure class=\"wp-block-image size-full is-resized\"><img decoding=\"async\" src=\"https:\/\/help.unhcr.org\/hungary\/wp-content\/uploads\/sites\/86\/2023\/08\/Hungary-HU.png\" alt=\"\" class=\"wp-image-7429\" width=\"50\" \/><\/figure>\n\n\n\n<p><\/p>\n\n\n\n<h3 class=\"wp-block-heading\"><strong>Kattintson ide magyar nyelv\u0171 inform\u00e1ci\u00f3\u00e9rt<\/strong><\/h3>\n\n\n\n<\/div><\/a>\n","protected":false},"excerpt":{"rendered":"<p>\u041d\u0430\u0432\u0435\u0434\u0435\u043d\u0443 \u043d\u0438\u0436\u0447\u0435 \u0456\u043d\u0444\u043e\u0440\u043c\u0430\u0446\u0456\u044e \u0431\u0443\u043b\u043e \u0437\u0456\u0431\u0440\u0430\u043d\u043e \u0420\u043e\u0431\u043e\u0447\u0438\u043c\u0438 \u0433\u0440\u0443\u043f\u0430\u043c\u0438 \u0437 \u043f\u0438\u0442\u0430\u043d\u044c \u0437\u0430\u0445\u0438\u0441\u0442\u0443 \u0434\u0456\u0442\u0435\u0439 \u0442\u0430 \u043e\u0441\u0432\u0456\u0442\u0438 \u0439 \u0440\u043e\u0437\u0433\u043b\u044f\u043d\u0443\u0442\u043e \u0414\u0435\u043f\u0430\u0440\u0442\u0430\u043c\u0435\u043d\u0442\u043e\u043c \u0443\u043f\u0440\u0430\u0432\u043b\u0456\u043d\u043d\u044f \u0434\u0435\u0440\u0436\u0430\u0432\u043d\u043e\u044e \u043e\u0441\u0432\u0456\u0442\u043e\u044e \u041c\u0456\u043d\u0456\u0441\u0442\u0435\u0440\u0441\u0442\u0432\u0430 \u0432\u043d\u0443\u0442\u0440\u0456\u0448\u043d\u0456\u0445 \u0441\u043f\u0440\u0430\u0432. \u0412\u043e\u043d\u0430 \u043c\u0430\u0454 \u043d\u0430 \u043c\u0435\u0442\u0456 \u043d\u0430\u0434\u0430\u0442\u0438 \u0440\u0435\u043a\u043e\u043c\u0435\u043d\u0434\u0430\u0446\u0456\u0457 \u0431\u0430\u0442\u044c\u043a\u0430\u043c \u0434\u0456\u0442\u0435\u0439 \u0456\u0437 \u0437\u0430\u0442\u0440\u0438\u043c\u043a\u043e\u044e \u0440\u043e\u0437\u0432\u0438\u0442\u043a\u0443 \u0442\u0430 \u0456\u043d\u0432\u0430\u043b\u0456\u0434\u043d\u0456\u0441\u0442\u044e \u0449\u043e\u0434\u043e \u0432\u0456\u0434\u0441\u0442\u043e\u044e\u0432\u0430\u043d\u043d\u044f \u0441\u0432\u043e\u0457\u0445 \u043f\u0440\u0430\u0432 \u0456 \u0434\u043e\u0441\u0442\u0443\u043f\u0443 \u0434\u043e \u0432\u0456\u0434\u043f\u043e\u0432\u0456\u0434\u043d\u0438\u0445 \u043f\u043e\u0441\u043b\u0443\u0433.&nbsp; Kattintson ide magyar nyelv\u0171 inform\u00e1ci\u00f3\u00e9rt<\/p>\n","protected":false},"author":347,"featured_media":0,"parent":0,"menu_order":0,"comment_status":"closed","ping_status":"closed","template":"faq_page.php","meta":{"_acf_changed":false,"footnotes":""},"class_list":["post-7463","page","type-page","status-publish","hentry"],"acf":[],"_links":{"self":[{"href":"https:\/\/help.unhcr.org\/hungary\/uk\/wp-json\/wp\/v2\/pages\/7463","targetHints":{"allow":["GET"]}}],"collection":[{"href":"https:\/\/help.unhcr.org\/hungary\/uk\/wp-json\/wp\/v2\/pages"}],"about":[{"href":"https:\/\/help.unhcr.org\/hungary\/uk\/wp-json\/wp\/v2\/types\/page"}],"author":[{"embeddable":true,"href":"https:\/\/help.unhcr.org\/hungary\/uk\/wp-json\/wp\/v2\/users\/347"}],"replies":[{"embeddable":true,"href":"https:\/\/help.unhcr.org\/hungary\/uk\/wp-json\/wp\/v2\/comments?post=7463"}],"version-history":[{"count":6,"href":"https:\/\/help.unhcr.org\/hungary\/uk\/wp-json\/wp\/v2\/pages\/7463\/revisions"}],"predecessor-version":[{"id":43298,"href":"https:\/\/help.unhcr.org\/hungary\/uk\/wp-json\/wp\/v2\/pages\/7463\/revisions\/43298"}],"wp:attachment":[{"href":"https:\/\/help.unhcr.org\/hungary\/uk\/wp-json\/wp\/v2\/media?parent=7463"}],"curies":[{"name":"wp","href":"https:\/\/api.w.org\/{rel}","templated":true}]}}