{"id":25447,"date":"2024-05-08T13:24:09","date_gmt":"2024-05-08T13:24:09","guid":{"rendered":"https:\/\/help.unhcr.org\/hungary\/partners\/laurus-foundation\/"},"modified":"2025-12-24T09:45:01","modified_gmt":"2025-12-24T09:45:01","slug":"laurus-foundation","status":"publish","type":"page","link":"https:\/\/help.unhcr.org\/hungary\/uk\/partners\/laurus-foundation\/","title":{"rendered":"\u0424\u043e\u043d\u0434 Laurus"},"content":{"rendered":"\n\n<div class=\"wp-block-columns is-layout-flex wp-container-core-columns-is-layout-9d6595d7 wp-block-columns-is-layout-flex\">\n\n<div class=\"wp-block-column is-layout-flow wp-block-column-is-layout-flow\">\n\n<h2 class=\"wp-block-heading\"><strong>\u041a\u043e\u043d\u0442\u0430\u043a\u0442\u043d\u0430 \u0456\u043d\u0444\u043e\u0440\u043c\u0430\u0446\u0456\u044f<\/strong><\/h2>\n\n\n\n<p class=\"has-medium-font-size\"><strong>\u0415\u043b\u0435\u043a\u0442\u0440\u043e\u043d\u043d\u0430 \u043f\u043e\u0448\u0442\u0430<\/strong><br \/><a href=\"mailto:duolgi@gmail.com\">duolgi@gmail.com<\/a><\/p>\n\n\n\n<p class=\"has-medium-font-size\"><strong>\u0422\u0435\u043b\u0435\u0444\u043e\u043d<\/strong><br \/><a href=\"tel:+36203944459\">+36203944459<\/a><\/p>\n\n\n\n<p class=\"has-medium-font-size\"><strong>Facebook<\/strong><br \/><a href=\"https:\/\/www.facebook.com\/LaurusAlapitvany\" target=\"_blank\">https:\/\/www.facebook.com\/LaurusAlapitvany<\/a><\/p>\n\n<\/div>\n\n\n\n<div class=\"wp-block-column is-layout-flow wp-block-column-is-layout-flow\">\n\n<h2 class=\"wp-block-heading\"><strong>\u041f\u0440\u043e\u043f\u043e\u043d\u043e\u0432\u0430\u043d\u0456 \u043f\u043e\u0441\u043b\u0443\u0433\u0438<\/strong><\/h2>\n\n\n\n<p class=\"has-medium-font-size\"><strong>\u0411\u0430\u0437\u043e\u0432\u0456 \u043f\u043e\u0442\u0440\u0435\u0431\u0438<\/strong><br \/>\u2022 \u041d\u0430\u0434\u0430\u043d\u043d\u044f \u043f\u0440\u043e\u0434\u0443\u043a\u0442\u0456\u0432 \u0445\u0430\u0440\u0447\u0443\u0432\u0430\u043d\u043d\u044f<\/p>\n\n\n\n<p class=\"has-medium-font-size\"><strong>\u0437\u0430\u0445\u0438\u0441\u0442<\/strong><br \/>\u2022 \u0414\u043e\u0441\u0442\u0443\u043f \u0434\u043e \u0434\u043e\u043a\u0443\u043c\u0435\u043d\u0442\u0430\u0446\u0456\u0457<br \/>\u2022 \u041a\u043e\u043d\u0441\u0443\u043b\u044c\u0442\u0430\u0446\u0456\u0457 \u0449\u043e\u0434\u043e \u043f\u0456\u0434\u0442\u0440\u0438\u043c\u043a\u0438, \u043f\u043e\u0432\u2019\u044f\u0437\u0430\u043d\u043e\u0457 \u0437 \u0456\u043d\u0442\u0435\u0433\u0440\u0430\u0446\u0456\u0454\u044e<br \/>\u2022 \u0420\u043e\u0437\u0448\u0443\u043a \u0441\u0456\u043c&#x27;\u0457 \u0442\u0430 \u0432\u0456\u0434\u043d\u043e\u0432\u043b\u0435\u043d\u043d\u044f \u0440\u043e\u0434\u0438\u043d\u043d\u0438\u0445 \u0437\u0432&#x27;\u044f\u0437\u043a\u0456\u0432 (\u0434\u043b\u044f \u0434\u043e\u0440\u043e\u0441\u043b\u0438\u0445)<br \/>\u2022 \u041d\u0430\u043f\u0440\u0430\u0432\u043b\u0435\u043d\u043d\u044f \u0434\u043e\u0440\u043e\u0441\u043b\u0438\u0445 \u0433\u0440\u0443\u043f \u0440\u0438\u0437\u0438\u043a\u0443 \u0434\u043e \u0441\u043f\u0435\u0446\u0456\u0430\u043b\u0456\u0437\u043e\u0432\u0430\u043d\u0438\u0445 \u0441\u043b\u0443\u0436\u0431<\/p>\n\n\n\n<p class=\"has-medium-font-size\"><strong>\u0417\u0430\u0445\u0438\u0441\u0442 \u0434\u0456\u0442\u0435\u0439<\/strong><br \/>\u2022 \u0420\u043e\u0437\u0432\u0430\u0436\u0430\u043b\u044c\u043d\u0430 \u0434\u0456\u044f\u043b\u044c\u043d\u0456\u0441\u0442\u044c \u0434\u043b\u044f \u0434\u0456\u0442\u0435\u0439<br \/>\u2022 \u041d\u0430\u043f\u0440\u0430\u0432\u043b\u0435\u043d\u043d\u044f \u0434\u0456\u0442\u0435\u0439 \u0433\u0440\u0443\u043f\u0438 \u0440\u0438\u0437\u0438\u043a\u0443 \u0434\u043e \u0441\u043f\u0435\u0446\u0456\u0430\u043b\u0456\u0437\u043e\u0432\u0430\u043d\u0438\u0445 \u0441\u043b\u0443\u0436\u0431<\/p>\n\n\n\n<p class=\"has-medium-font-size\"><strong>\u041e\u0441\u0432\u0456\u0442\u0430<\/strong><br \/>\u2022 \u041c\u043e\u0432\u043d\u0456 \u0437\u0430\u043d\u044f\u0442\u0442\u044f<\/p>\n\n<\/div>\n\n<\/div>\n\n\n\n<hr class=\"wp-block-separator has-text-color has-cyan-bluish-gray-color has-alpha-channel-opacity is-style-default\" style=\"border-top:0px !important\" \/>\n\n\n\n<h2 class=\"wp-block-heading\"><strong>7150 Bonyh\u00e1d, F\u00e1y Andr\u00e1s lak\u00f3telep 9. 2.\/9. <\/strong><\/h2>\n\n\n\n<p class=\"has-medium-font-size\">Online \/ remote assistance\u00a0\u2022\u00a0<a href=\"https:\/\/www.google.com\/maps\/search\/7150%20Bonyh%C3%A1d%2C%20F%C3%A1y%20Andr%C3%A1s%20lak%C3%B3telep%209.%202.%2F9.\" target=\"_blank\">\u041f\u0435\u0440\u0435\u0433\u043b\u044f\u043d\u0443\u0442\u0438 \u043d\u0430 Google Maps<\/a><\/p>\n\n\n\n<div class=\"wp-block-columns is-layout-flex wp-container-core-columns-is-layout-9d6595d7 wp-block-columns-is-layout-flex\">\n\n<div class=\"wp-block-column is-layout-flow wp-block-column-is-layout-flow\">\n\n<p class=\"has-medium-font-size\"><strong>\u0413\u043e\u0434\u0438\u043d\u0438 \u0440\u043e\u0431\u043e\u0442\u0438<\/strong><br \/>\u041f\u043e\u043d\u0435\u0434\u0456\u043b\u043e\u043a: 08:00-16:00<br \/>\u0412\u0456\u0432\u0442\u043e\u0440\u043e\u043a: 08:00-16:00<br \/>\u0421\u0435\u0440\u0435\u0434\u0430: 08:00-16:00<br \/>\u0427\u0435\u0442\u0432\u0435\u0440: 08:00-16:00<br \/>\u041f\u2019\u044f\u0442\u043d\u0438\u0446\u044f: 08:00-16:00<\/p>\n\n\n\n<p class=\"has-medium-font-size\"><strong>\u041f\u043e\u0441\u043b\u0443\u0433\u0438 \u043d\u0430 \u043c\u0456\u0441\u0446\u0456<\/strong><br \/>\u2022 \u0411\u0430\u0437\u043e\u0432\u0456 \u043f\u043e\u0442\u0440\u0435\u0431\u0438 (1)<br \/>\u2022 \u041e\u0441\u0432\u0456\u0442\u0430 (1)<br \/>\u2022 \u0417\u0430\u0445\u0438\u0441\u0442 \u0434\u0456\u0442\u0435\u0439 (2)<br \/>\u2022 \u0437\u0430\u0445\u0438\u0441\u0442 (4)<\/p>\n\n<\/div>\n\n\n\n<div class=\"wp-block-column is-layout-flow wp-block-column-is-layout-flow\">\n\n<p class=\"has-medium-font-size\"><strong>\u041c\u043e\u0432\u0438<\/strong><br \/>\u2022 ?? \u0443\u0433\u043e\u0440\u0441\u044c\u043a\u0430<\/p>\n\n\n\n<p class=\"has-medium-font-size\"><strong>\u041e\u0431\u043b\u0430\u0441\u0442\u044c \u043d\u0430\u0434\u0430\u043d\u043d\u044f \u043f\u043e\u0441\u043b\u0443\u0433<\/strong><br \/>\u2022 \u0422\u043e\u043b\u044c\u043d\u0430 (\u0423\u0433\u043e\u0440\u0449\u0438\u043d\u0430)\u2022 \u0422\u043e\u043b\u044c\u043d\u0430<\/p>\n\n<\/div>\n\n<\/div>\n\n\n\n<hr class=\"wp-block-separator has-text-color has-cyan-bluish-gray-color has-alpha-channel-opacity is-style-default\" style=\"border-top:0px !important\" \/>\n\n\n<div class=\"wp-block-group\"><div class=\"wp-block-group__inner-container is-layout-constrained wp-block-group-is-layout-constrained\">\n<div style=\"background-color:#b9dfff;color:white;border-radius:10px;padding: 24px 24px 4px\">\n\n\n\n<figure class=\"wp-block-image size-full is-resized\"><img loading=\"lazy\" decoding=\"async\" width=\"100\" height=\"100\" src=\"https:\/\/help.unhcr.org\/hungary\/wp-content\/uploads\/sites\/86\/2024\/06\/callout_rcc-1.png\" alt=\"\" class=\"wp-image-18970\" style=\"width:70px\" \/><\/figure>\n\n\n\n<div style=\"height:14px\" aria-hidden=\"true\" class=\"wp-block-spacer\"><\/div>\n\n\n\n<p class=\"has-black-color has-text-color has-link-color has-medium-font-size wp-elements-d6b6e1d6f7c73611639b74771606b088\">\u041e\u0442\u0440\u0438\u043c\u0430\u0442\u0438 \u0434\u043e\u043a\u043b\u0430\u0434\u043d\u0443\u00a0\u0456\u043d\u0444\u043e\u0440\u043c\u0430\u0446\u0456\u044e \u0430\u0431\u043e \u0437\u0430\u043b\u0438\u0448\u0438\u0442\u0438 \u0432\u0456\u0434\u0433\u0443\u043a \u0447\u0438 \u0441\u043a\u0430\u0440\u0433\u0443 \u043c\u043e\u0436\u043d\u0430 \u0437\u0430 <strong>\u0442\u0435\u043b\u0435\u0444\u043e\u043d\u043e\u043c \u0433\u0430\u0440\u044f\u0447\u043e\u0457 \u043b\u0456\u043d\u0456\u0457 \u0423\u0412\u041a\u0411 \u041e\u041e\u041d<\/strong> <strong><a href=\"tel:+36 80 984 583\">+36 80 984 583<\/a>\u00a0<\/strong>\u0437 \u043f\u043e\u043d\u0435\u0434\u0456\u043b\u043a\u0430 \u043f\u043e \u043f\u2019\u044f\u0442\u043d\u0438\u0446\u044e (08:00\u201317:00) \u0443\u043a\u0440\u0430\u0457\u043d\u0441\u044c\u043a\u043e\u044e, \u0440\u043e\u0441\u0456\u0439\u0441\u044c\u043a\u043e\u044e, \u0443\u0433\u043e\u0440\u0441\u044c\u043a\u043e\u044e \u0430\u0431\u043e \u0430\u043d\u0433\u043b\u0456\u0439\u0441\u044c\u043a\u043e\u044e \u043c\u043e\u0432\u043e\u044e.\u00a0\u0412\u0438 \u0442\u0430\u043a\u043e\u0436 \u043c\u043e\u0436\u0435\u0442\u0435 \u043d\u0430\u0434\u0456\u0441\u043b\u0430\u0442\u0438 \u043b\u0438\u0441\u0442\u0430 \u043d\u0430 \u0435\u043b\u0435\u043a\u0442\u0440\u043e\u043d\u043d\u0443 \u0430\u0434\u0440\u0435\u0441\u0443 <a href=\"mailto:hunbucontact@unhcr.org\" target=\"_blank\" rel=\"noreferrer noopener\">hunbucontact@unhcr.org<\/a>.<\/p>\n\n\n\n<\/div>\n<\/div><\/div>\n\n\n<p class=\"has-medium-font-size\"><a href=\"https:\/\/help.unhcr.org\/hungary\/uk\/partners\/\">\u041f\u043e\u0432\u0435\u0440\u043d\u0443\u0442\u0438\u0441\u044f \u0434\u043e \u0432\u0441\u0456\u0445 \u043e\u0440\u0433\u0430\u043d\u0456\u0437\u0430\u0446\u0456\u0439<\/a><\/p>\n\n\n\n<hr class=\"wp-block-separator has-text-color has-cyan-bluish-gray-color has-alpha-channel-opacity is-style-default\" style=\"border-top:0px !important\" \/>\n\n\n\n<p class=\"has-medium-font-size\"><strong>\u0417\u0430\u0441\u0442\u0435\u0440\u0435\u0436\u0435\u043d\u043d\u044f<\/strong><br \/>\u0411\u0443\u0434\u044c \u043b\u0430\u0441\u043a\u0430, \u0437\u0432\u0435\u0440\u043d\u0456\u0442\u044c \u0443\u0432\u0430\u0433\u0443, \u0449\u043e \u0456\u043d\u0444\u043e\u0440\u043c\u0430\u0446\u0456\u044f \u043d\u0430 \u0446\u0456\u0439 \u0441\u0442\u043e\u0440\u0456\u043d\u0446\u0456 \u0491\u0440\u0443\u043d\u0442\u0443\u0454\u0442\u044c\u0441\u044f \u043d\u0430 \u0434\u0430\u043d\u0438\u0445, \u043e\u0442\u0440\u0438\u043c\u0430\u043d\u0438\u0445 \u0432\u0456\u0434 \u043f\u0430\u0440\u0442\u043d\u0435\u0440\u0456\u0432. \u042f\u043a\u0449\u043e \u0432\u0438 \u043f\u043e\u043c\u0456\u0442\u0438\u043b\u0438 \u043f\u043e\u043c\u0438\u043b\u043a\u0443, \u043d\u0430\u043f\u0438\u0448\u0456\u0442\u044c \u043d\u0430\u043c \u043d\u0430 \u0430\u0434\u0440\u0435\u0441\u0443 <a href=\"mailto:hunbuim@unhcr.org\">hunbuim@unhcr.org<\/a>, \u0449\u043e\u0431 \u043c\u0438 \u043c\u043e\u0433\u043b\u0438 \u043f\u0435\u0440\u0435\u0432\u0456\u0440\u0438\u0442\u0438 \u0442\u0430 \u043e\u043d\u043e\u0432\u0438\u0442\u0438 \u0456\u043d\u0444\u043e\u0440\u043c\u0430\u0446\u0456\u044e.<\/p>\n\n","protected":false},"excerpt":{"rendered":"<p>\u041a\u043e\u043d\u0442\u0430\u043a\u0442\u043d\u0430 \u0456\u043d\u0444\u043e\u0440\u043c\u0430\u0446\u0456\u044f \u0415\u043b\u0435\u043a\u0442\u0440\u043e\u043d\u043d\u0430 \u043f\u043e\u0448\u0442\u0430duolgi@gmail.com \u0422\u0435\u043b\u0435\u0444\u043e\u043d+36203944459 Facebookhttps:\/\/www.facebook.com\/LaurusAlapitvany \u041f\u0440\u043e\u043f\u043e\u043d\u043e\u0432\u0430\u043d\u0456 \u043f\u043e\u0441\u043b\u0443\u0433\u0438 \u0411\u0430\u0437\u043e\u0432\u0456 \u043f\u043e\u0442\u0440\u0435\u0431\u0438\u2022 \u041d\u0430\u0434\u0430\u043d\u043d\u044f \u043f\u0440\u043e\u0434\u0443\u043a\u0442\u0456\u0432 \u0445\u0430\u0440\u0447\u0443\u0432\u0430\u043d\u043d\u044f \u0437\u0430\u0445\u0438\u0441\u0442\u2022 \u0414\u043e\u0441\u0442\u0443\u043f \u0434\u043e \u0434\u043e\u043a\u0443\u043c\u0435\u043d\u0442\u0430\u0446\u0456\u0457\u2022 \u041a\u043e\u043d\u0441\u0443\u043b\u044c\u0442\u0430\u0446\u0456\u0457 \u0449\u043e\u0434\u043e \u043f\u0456\u0434\u0442\u0440\u0438\u043c\u043a\u0438, \u043f\u043e\u0432\u2019\u044f\u0437\u0430\u043d\u043e\u0457 \u0437 \u0456\u043d\u0442\u0435\u0433\u0440\u0430\u0446\u0456\u0454\u044e\u2022 \u0420\u043e\u0437\u0448\u0443\u043a \u0441\u0456\u043c&#x27;\u0457 \u0442\u0430 \u0432\u0456\u0434\u043d\u043e\u0432\u043b\u0435\u043d\u043d\u044f \u0440\u043e\u0434\u0438\u043d\u043d\u0438\u0445 \u0437\u0432&#x27;\u044f\u0437\u043a\u0456\u0432 (\u0434\u043b\u044f \u0434\u043e\u0440\u043e\u0441\u043b\u0438\u0445)\u2022 \u041d\u0430\u043f\u0440\u0430\u0432\u043b\u0435\u043d\u043d\u044f \u0434\u043e\u0440\u043e\u0441\u043b\u0438\u0445 \u0433\u0440\u0443\u043f \u0440\u0438\u0437\u0438\u043a\u0443 \u0434\u043e \u0441\u043f\u0435\u0446\u0456\u0430\u043b\u0456\u0437\u043e\u0432\u0430\u043d\u0438\u0445 \u0441\u043b\u0443\u0436\u0431 \u0417\u0430\u0445\u0438\u0441\u0442 \u0434\u0456\u0442\u0435\u0439\u2022 \u0420\u043e\u0437\u0432\u0430\u0436\u0430\u043b\u044c\u043d\u0430 \u0434\u0456\u044f\u043b\u044c\u043d\u0456\u0441\u0442\u044c \u0434\u043b\u044f \u0434\u0456\u0442\u0435\u0439\u2022 \u041d\u0430\u043f\u0440\u0430\u0432\u043b\u0435\u043d\u043d\u044f \u0434\u0456\u0442\u0435\u0439 \u0433\u0440\u0443\u043f\u0438 \u0440\u0438\u0437\u0438\u043a\u0443 \u0434\u043e \u0441\u043f\u0435\u0446\u0456\u0430\u043b\u0456\u0437\u043e\u0432\u0430\u043d\u0438\u0445 \u0441\u043b\u0443\u0436\u0431 \u041e\u0441\u0432\u0456\u0442\u0430\u2022 \u041c\u043e\u0432\u043d\u0456 \u0437\u0430\u043d\u044f\u0442\u0442\u044f 7150 [&hellip;]<\/p>\n","protected":false},"author":575,"featured_media":0,"parent":19025,"menu_order":31,"comment_status":"closed","ping_status":"closed","template":"","meta":{"_acf_changed":false,"footnotes":""},"class_list":["post-25447","page","type-page","status-publish","hentry"],"acf":[],"_links":{"self":[{"href":"https:\/\/help.unhcr.org\/hungary\/uk\/wp-json\/wp\/v2\/pages\/25447","targetHints":{"allow":["GET"]}}],"collection":[{"href":"https:\/\/help.unhcr.org\/hungary\/uk\/wp-json\/wp\/v2\/pages"}],"about":[{"href":"https:\/\/help.unhcr.org\/hungary\/uk\/wp-json\/wp\/v2\/types\/page"}],"author":[{"embeddable":true,"href":"https:\/\/help.unhcr.org\/hungary\/uk\/wp-json\/wp\/v2\/users\/575"}],"replies":[{"embeddable":true,"href":"https:\/\/help.unhcr.org\/hungary\/uk\/wp-json\/wp\/v2\/comments?post=25447"}],"version-history":[{"count":22,"href":"https:\/\/help.unhcr.org\/hungary\/uk\/wp-json\/wp\/v2\/pages\/25447\/revisions"}],"predecessor-version":[{"id":49332,"href":"https:\/\/help.unhcr.org\/hungary\/uk\/wp-json\/wp\/v2\/pages\/25447\/revisions\/49332"}],"up":[{"embeddable":true,"href":"https:\/\/help.unhcr.org\/hungary\/uk\/wp-json\/wp\/v2\/pages\/19025"}],"wp:attachment":[{"href":"https:\/\/help.unhcr.org\/hungary\/uk\/wp-json\/wp\/v2\/media?parent=25447"}],"curies":[{"name":"wp","href":"https:\/\/api.w.org\/{rel}","templated":true}]}}