{"id":1207,"date":"2022-09-13T15:18:31","date_gmt":"2022-09-13T15:18:31","guid":{"rendered":"https:\/\/help.unhcr.org\/hungary\/?page_id=1207"},"modified":"2023-02-06T16:41:02","modified_gmt":"2023-02-06T16:41:02","slug":"budapest-helps-informacios-es-kozossegi-kozpont","status":"publish","type":"page","link":"https:\/\/help.unhcr.org\/hungary\/uk\/budapest-helps-informacios-es-kozossegi-kozpont\/","title":{"rendered":"\u201cBudapest Helps!\u201d Inform\u00e1ci\u00f3s \u00e9s K\u00f6z\u00f6ss\u00e9gi k\u00f6zpont"},"content":{"rendered":"\n<p class=\"has-white-color has-text-color has-background\" style=\"background-color:#0072bc\"><strong>\u00dcdv\u00f6z\u00f6lj\u00fck a \u201eBudapest Helps\u201d inform\u00e1ci\u00f3s \u00e9s k\u00f6z\u00f6ss\u00e9gi k\u00f6zpontban!&nbsp;K\u00e9rj\u00fck, l\u00e1togasson el hozz\u00e1nk, \u00e9s tudjon meg t\u00f6bbet az \u00e1ltalunk k\u00edn\u00e1lt tev\u00e9kenys\u00e9gekr\u0151l, \u00e9s ossza meg vel\u00fcnk javaslatait. Az UNHCR \u00e9s az IOM (Nemzetk\u00f6zi Migr\u00e1ci\u00f3s Szervezet) munkat\u00e1rsai sz\u00edvesen seg\u00edtenek \u00d6nnek!<\/strong><\/p>\n\n\n\n<figure class=\"wp-block-gallery has-nested-images columns-default is-cropped wp-block-gallery-1 is-layout-flex wp-block-gallery-is-layout-flex\">\n<figure class=\"wp-block-image size-large\"><img loading=\"lazy\" decoding=\"async\" width=\"1518\" height=\"990\" data-id=\"1190\" src=\"https:\/\/help.unhcr.org\/hungary\/wp-content\/uploads\/sites\/86\/2022\/08\/0-02-05-adf64c7854cc5b3653ae96752dae084ea8237af00d4b227d0b083d9e6c0749e0_d27831594cc4ac5a-2.jpg\" alt=\"\" class=\"wp-image-1190\" srcset=\"https:\/\/help.unhcr.org\/hungary\/wp-content\/uploads\/sites\/86\/2022\/08\/0-02-05-adf64c7854cc5b3653ae96752dae084ea8237af00d4b227d0b083d9e6c0749e0_d27831594cc4ac5a-2.jpg 1518w, https:\/\/help.unhcr.org\/hungary\/wp-content\/uploads\/sites\/86\/2022\/08\/0-02-05-adf64c7854cc5b3653ae96752dae084ea8237af00d4b227d0b083d9e6c0749e0_d27831594cc4ac5a-2-300x196.jpg 300w, https:\/\/help.unhcr.org\/hungary\/wp-content\/uploads\/sites\/86\/2022\/08\/0-02-05-adf64c7854cc5b3653ae96752dae084ea8237af00d4b227d0b083d9e6c0749e0_d27831594cc4ac5a-2-1024x668.jpg 1024w, https:\/\/help.unhcr.org\/hungary\/wp-content\/uploads\/sites\/86\/2022\/08\/0-02-05-adf64c7854cc5b3653ae96752dae084ea8237af00d4b227d0b083d9e6c0749e0_d27831594cc4ac5a-2-768x501.jpg 768w\" sizes=\"auto, (max-width: 1518px) 100vw, 1518px\" \/><\/figure>\n\n\n\n<figure class=\"wp-block-image size-large\"><img loading=\"lazy\" decoding=\"async\" width=\"1284\" height=\"963\" data-id=\"1172\" src=\"https:\/\/help.unhcr.org\/hungary\/wp-content\/uploads\/sites\/86\/2022\/08\/Info-and-Community-Center.jpg\" alt=\"\" class=\"wp-image-1172\" srcset=\"https:\/\/help.unhcr.org\/hungary\/wp-content\/uploads\/sites\/86\/2022\/08\/Info-and-Community-Center.jpg 1284w, https:\/\/help.unhcr.org\/hungary\/wp-content\/uploads\/sites\/86\/2022\/08\/Info-and-Community-Center-300x225.jpg 300w, https:\/\/help.unhcr.org\/hungary\/wp-content\/uploads\/sites\/86\/2022\/08\/Info-and-Community-Center-1024x768.jpg 1024w, https:\/\/help.unhcr.org\/hungary\/wp-content\/uploads\/sites\/86\/2022\/08\/Info-and-Community-Center-768x576.jpg 768w\" sizes=\"auto, (max-width: 1284px) 100vw, 1284px\" \/><\/figure>\n<\/figure>\n\n\n\n<p>J<strong>elenlegi \u00e9s tervezett programok:<\/strong><\/p>\n\n\n\n<ul class=\"wp-block-list\"><li>Inform\u00e1ci\u00f3 ny\u00fajt\u00e1sa \u00e9s inform\u00e1ci\u00f3s el\u0151ad\u00e1sok t\u00f6bbek k\u00f6z\u00f6tt a k\u00f6vetkez\u0151 t\u00e9m\u00e1kban: jogi tan\u00e1csad\u00e1s, oktat\u00e1shoz val\u00f3 hozz\u00e1f\u00e9r\u00e9s \u00e9s iskolai beiratkoz\u00e1s t\u00e1mogat\u00e1sa, orvosi ell\u00e1t\u00e1shoz val\u00f3 hozz\u00e1f\u00e9r\u00e9s, munkav\u00e1llal\u00e1sban val\u00f3 seg\u00edts\u00e9gny\u00fajt\u00e1s, t\u00e1mogat\u00e1s adminisztrat\u00edv k\u00e9rd\u00e9sekben;<\/li><li>T\u00e1j\u00e9koztat\u00e1s harmadik orsz\u00e1gbeli \u00e1llampolg\u00e1rok sz\u00e1m\u00e1ra t\u00f6bbek k\u00f6z\u00f6tt a sz\u00e1ll\u00e1ssal, utaz\u00e1ssal, ideiglenes tart\u00f3zkod\u00e1si igazol\u00e1ssal kapcsolatban;<\/li><li>Gyermekprogramok (m\u0171v\u00e9szeti \u00e9s k\u00e9zm\u0171ves foglalkoz\u00e1sok, robotika\u00f3r\u00e1k, stb.);<\/li><li>Szabadid\u0151s tev\u00e9kenys\u00e9gek a m\u0171v\u00e9szet \u00e9s a kult\u00fara seg\u00edts\u00e9g\u00e9vel;<\/li><li>Magyar \u00e9s angol nyelvtanfolyamok;<\/li><li>M\u0171v\u00e9szeti programok, m\u0171v\u00e9szeti el\u0151ad\u00e1sok \u00e9s m\u0171helyek;<\/li><li>Tudatoss\u00e1gn\u00f6vel\u0151 \u00e9s meger\u0151s\u00edt\u0151 programok;<\/li><li>K\u00f6z\u00f6ss\u00e9gi t\u00e1mogat\u00f3 programok;<\/li><li>Ukr\u00e1n kultur\u00e1lis \u00e9s k\u00f6z\u00f6ss\u00e9gi rendezv\u00e9nyek, \u00e9s sok minden m\u00e1s!<\/li><\/ul>\n\n\n\n<p><strong>Besz\u00e9lt nyelvek<\/strong>:<\/p>\n\n\n\n<p>magyar, ukr\u00e1n, angol, orosz<\/p>\n\n\n\n<p><strong>Nyitvatart\u00e1s:<\/strong><\/p>\n\n\n\n<p>H\u00e9tf\u0151 &#8211; szombat<br>08:00 &#8211; 20:00<\/p>\n\n\n\n<p>Vas\u00e1rnap<br>12:00 &#8211; 19:00<\/p>\n\n\n\n<figure class=\"wp-block-table is-style-stripes\"><table><tbody><tr><td><strong>Napok<\/strong><\/td><td><strong>Nyitvatart\u00e1s&nbsp;<\/strong><\/td><\/tr><tr><td>H\u00e9tv\u00e9ge + ENSZ szabadnap: december 24-26.<\/td><td>Z\u00c1RVA<\/td><\/tr><tr><td>December 27-30.<\/td><td>Nyitva 08:00 &#8211; 20:00<\/td><\/tr><tr><td>H\u00e9tv\u00e9ge + ENSZ szabadnap: december 31. &#8211; janu\u00e1r 2.<\/td><td>Z\u00c1RVA<\/td><\/tr><tr><td>Janu\u00e1r 3-6.<\/td><td>Nyitva 08:00 &#8211; 20:00<\/td><\/tr><tr><td>H\u00e9tv\u00e9ge: janu\u00e1r 7-8.<\/td><td>Z\u00c1RVA<\/td><\/tr><\/tbody><\/table><\/figure>\n\n\n\n<p><strong>Helysz\u00edn:<\/strong><\/p>\n\n\n\n<p>Budapest, 1052, B\u00e1rczy Istv\u00e1n utca 1-3.<\/p>\n\n\n\n<p><strong>Telefonsz\u00e1m:<\/strong><\/p>\n\n\n\n<p>\u00c9rdekl\u0151dhet az ingyenes seg\u00e9lyvonalon: +3680984583 (h\u00e9tf\u0151t\u0151l p\u00e9ntekig, 8-17 \u00f3r\u00e1ig)<\/p>\n\n\n\n<p><strong>E-mail:<\/strong><\/p>\n\n\n\n<p><a href=\"mailto:hunbucontact@unhcr.org\" target=\"_blank\" rel=\"noreferrer noopener\">hunbucontact@unhcr.org<\/a><\/p>\n","protected":false},"excerpt":{"rendered":"<p>\u00dcdv\u00f6z\u00f6lj\u00fck a \u201eBudapest Helps\u201d inform\u00e1ci\u00f3s \u00e9s k\u00f6z\u00f6ss\u00e9gi k\u00f6zpontban!&nbsp;K\u00e9rj\u00fck, l\u00e1togasson el hozz\u00e1nk, \u00e9s tudjon meg t\u00f6bbet az \u00e1ltalunk k\u00edn\u00e1lt tev\u00e9kenys\u00e9gekr\u0151l, \u00e9s ossza meg vel\u00fcnk javaslatait. Az UNHCR \u00e9s az IOM (Nemzetk\u00f6zi Migr\u00e1ci\u00f3s Szervezet) munkat\u00e1rsai sz\u00edvesen seg\u00edtenek \u00d6nnek! Jelenlegi \u00e9s tervezett programok: Inform\u00e1ci\u00f3 ny\u00fajt\u00e1sa \u00e9s inform\u00e1ci\u00f3s el\u0151ad\u00e1sok t\u00f6bbek k\u00f6z\u00f6tt a k\u00f6vetkez\u0151 t\u00e9m\u00e1kban: jogi tan\u00e1csad\u00e1s, oktat\u00e1shoz val\u00f3 hozz\u00e1f\u00e9r\u00e9s [&hellip;]<\/p>\n","protected":false},"author":307,"featured_media":0,"parent":0,"menu_order":2,"comment_status":"closed","ping_status":"closed","template":"","meta":{"_acf_changed":false,"footnotes":""},"class_list":["post-1207","page","type-page","status-publish","hentry"],"acf":[],"_links":{"self":[{"href":"https:\/\/help.unhcr.org\/hungary\/uk\/wp-json\/wp\/v2\/pages\/1207","targetHints":{"allow":["GET"]}}],"collection":[{"href":"https:\/\/help.unhcr.org\/hungary\/uk\/wp-json\/wp\/v2\/pages"}],"about":[{"href":"https:\/\/help.unhcr.org\/hungary\/uk\/wp-json\/wp\/v2\/types\/page"}],"author":[{"embeddable":true,"href":"https:\/\/help.unhcr.org\/hungary\/uk\/wp-json\/wp\/v2\/users\/307"}],"replies":[{"embeddable":true,"href":"https:\/\/help.unhcr.org\/hungary\/uk\/wp-json\/wp\/v2\/comments?post=1207"}],"version-history":[{"count":13,"href":"https:\/\/help.unhcr.org\/hungary\/uk\/wp-json\/wp\/v2\/pages\/1207\/revisions"}],"predecessor-version":[{"id":4396,"href":"https:\/\/help.unhcr.org\/hungary\/uk\/wp-json\/wp\/v2\/pages\/1207\/revisions\/4396"}],"wp:attachment":[{"href":"https:\/\/help.unhcr.org\/hungary\/uk\/wp-json\/wp\/v2\/media?parent=1207"}],"curies":[{"name":"wp","href":"https:\/\/api.w.org\/{rel}","templated":true}]}}