{"id":33304,"date":"2024-06-05T21:07:47","date_gmt":"2024-06-05T21:07:47","guid":{"rendered":"https:\/\/help.unhcr.org\/hungary\/trafficking\/"},"modified":"2025-07-10T13:04:41","modified_gmt":"2025-07-10T13:04:41","slug":"trafficking","status":"publish","type":"page","link":"https:\/\/help.unhcr.org\/hungary\/ps\/trafficking\/","title":{"rendered":"\u062f \u06a9\u0627\u0631 \u0627\u0633\u062a\u062b\u0645\u0627\u0631\u060c \u06a9\u0648\u0631\u0646\u06cd \u063a\u0644\u0627\u0645\u064a\u060c \u0627\u0648 \u062f \u0627\u0646\u0633\u0627\u0646\u0627\u0646\u0648 \u0642\u0627\u0686\u0627\u0642"},"content":{"rendered":"\n\n<p class=\"has-medium-font-size\"><strong>\u067e\u0647 \u062f\u06d0 \u067e\u0627\u06bc\u0647 \u06a9\u06d0 \u062a\u0627\u0633\u0648 \u06a9\u0648\u0644\u06cc \u0634\u0626 \u067e\u0647 \u0627\u0693\u0647 \u06cc\u06d0 \u0632\u062f\u0647 \u06a9\u0693\u0647 \u0648\u06a9\u0693\u0626:<\/strong><br>\n<strong>\u2022 <a href=\"#\u062f-\u0645\u0648\u062c\u0648\u062f\u06d0-\u0645\u0631\u0633\u062a\u06d0-\u062a\u0631\u0644\u0627\u0633\u0647-\u06a9\u0648\u0644\u0648-\u0644\u067e\u0627\u0631\u0647-\u0627\u0693\u06cc\u06a9\u0647-\u0648\u0646\u06cc\u0633\u0626\">\u062f \u0645\u0648\u062c\u0648\u062f\u06d0 \u0645\u0631\u0633\u062a\u06d0 \u062a\u0631\u0644\u0627\u0633\u0647 \u06a9\u0648\u0644\u0648 \u0644\u067e\u0627\u0631\u0647 \u0627\u0693\u06cc\u06a9\u0647 \u0648\u0646\u06cc\u0633\u0626<\/a><\/strong><br>\n<\/p>\n\n <hr class=\"has-alpha-channel-opacity is-style-default\" \/>\n\n<p class=\"has-medium-font-size\">\u062f \u06a9\u0627\u0631 \u062f \u0627\u0633\u062a\u062b\u0645\u0627\u0631\u060c \u06a9\u0648\u0631\u0646\u06cd \u063a\u0644\u0627\u0645\u06cd\u060c \u0627\u0648 \u062f \u0627\u0646\u0633\u0627\u0646\u0627\u0646\u0648 \u062f \u0642\u0627\u0686\u0627\u0642 \u0642\u0631\u0628\u0627\u0646\u06cc\u0627\u0646\u0648 \u0644\u067e\u0627\u0631\u0647 \u0645\u0631\u0633\u062a\u0647 \u0627\u0648 \u0645\u0644\u0627\u062a\u0693 \u0634\u062a\u0647 \u062f\u06cc. \u062a\u0627\u0633\u0648 \u06a9\u0648\u0644\u06cc \u0634\u0626 \u062f \u062f\u063a\u0648 \u062c\u0631\u0645\u0648\u0646\u0648 \u067e\u0647 \u0627\u0693\u0647 \u067e\u0648\u0644\u06cc\u0633\u0648 \u06cc\u0627 \u0681\u0627\u0646\u06ab\u0693\u0648 \u063a\u06cc\u0631 \u062f\u0648\u0644\u062a\u064a \u0633\u0627\u0632\u0645\u0627\u0646\u0648\u0646\u0648 \u062a\u0647 \u0631\u0627\u067e\u0648\u0631 \u06a9\u0693\u0626 \u062a\u0631\u0685\u0648 \u062f \u0645\u0648\u062c\u0648\u062f\u0647 \u0645\u0644\u0627\u062a\u0693 \u067e\u0647 \u0627\u0693\u0647 \u0645\u0639\u0644\u0648\u0645\u0627\u062a \u062a\u0631\u0644\u0627\u0633\u0647 \u06a9\u0693\u0626.<\/p>\n\n\n<h3 class=\"wp-block-heading\"><strong>\u062a\u0627\u0633\u0648 \u06cc\u0627 \u0647\u063a\u0647 \u0685\u0648\u06a9 \u0686\u06d0 \u062a\u0627\u0633\u0648 \u06cc\u06d0 \u067e\u06d0\u0698\u0646\u0626\u060c \u069a\u0627\u06cc\u064a \u067e\u0647 \u062f\u063a\u0648 \u0635\u0648\u0631\u062a\u0648\u0646\u0648 \u06a9\u06d0 \u062f \u06a9\u0627\u0631 \u0627\u0633\u062a\u062b\u0645\u0627\u0631\u060c \u06a9\u0648\u0631\u0646\u06cd \u063a\u0644\u0627\u0645\u06cd\u060c \u0627\u0648 \u062f \u0627\u0646\u0633\u0627\u0646\u0627\u0646\u0648 \u062f \u0642\u0627\u0686\u0627\u0642 \u0642\u0631\u0628\u0627\u0646\u064a \u0648\u064a<\/strong><\/h3>\n\n\n<ul class=\"has-medium-font-size wp-block-list\">\n<li class=\"has-medium-font-size\">\u062a\u0627\u0633\u0648 \u06cc\u0627 \u0647\u063a\u0648\u06cc \u067e\u0647 \u0632\u0648\u0631 \u06cc\u0627 \u0641\u0631\u06cc\u0628 \u0633\u0631\u0647 \u0647\u0646\u06ab\u0631\u064a \u062a\u0647 \u0631\u0627\u0648\u0693\u0644 \u0634\u0648\u064a \u06cc\u0627 \u067e\u0647 \u0647\u0646\u06ab\u0631\u064a \u06a9\u06d0 \u0681\u0627\u06cc \u067e\u0631 \u0681\u0627\u06cc \u0634\u0648\u064a \u06cc\u0627\u0633\u062a\u060c \u0627\u0648 \u0627\u0693 \u0627\u06cc\u0633\u062a\u0644 \u0634\u0648\u064a \u06cc\u0626 \u0686\u06d0 \u06a9\u0627\u0631 \u0648\u06a9\u0693\u0626<\/li>\n\n<li class=\"has-medium-font-size\">\u062a\u0627\u0633\u0648 \u06cc\u0627 \u0647\u063a\u0648\u06cc \u0627\u0693 \u0634\u0648\u064a \u06cc\u0627\u0633\u062a \u0686\u06d0 \u062c\u0646\u0633\u064a \u0627\u0693\u06cc\u06a9\u0647 \u0648\u0646\u06cc\u0633\u0626<\/li>\n\n<li class=\"has-medium-font-size\">\u062a\u0627\u0633\u0648 \u06cc\u0627 \u0647\u063a\u0648\u06cc \u0644\u0647 \u062e\u067e\u0644\u06d0 \u06a9\u0648\u0631\u0646\u06cd \u0627\u0648 \u0645\u0644\u06ab\u0631\u0648 \u0633\u0631\u0647 \u0627\u0693\u06cc\u06a9\u06d0 \u0646\u06cc\u0648\u0644\u0648 \u062a\u0647 \u0646\u0647 \u067e\u0631\u06d0\u069a\u0648\u062f\u0644 \u06a9\u06d0\u0696\u0626<\/li>\n\n<li class=\"has-medium-font-size\">\u0633\u062a\u0627\u0633\u0648 \u06cc\u0627 \u062f \u0647\u063a\u0648\u06cc \u06a9\u0627\u0631\u06ab\u0648\u0645\u0627\u0631\u0648\u0646\u06a9\u06cc \u0645\u0639\u0627\u0634 \u0646\u0647 \u062f\u0631\u06a9\u0648\u064a<\/li>\n\n<li class=\"has-medium-font-size\">\u062a\u0627\u0633\u0648 \u06cc\u0627 \u0647\u063a\u0648\u06cc \u0644\u0647 \u062e\u067e\u0644\u06d0 \u062e\u0648\u069a\u06d0 \u0633\u0631\u0647 \u0633\u0645 \u062a\u06ab \u0631\u0627\u062a\u06ab \u062a\u0647 \u0646\u0647 \u067e\u0631\u06d0\u069a\u0648\u062f\u0644 \u06a9\u06d0\u0696\u0626<\/li>\n\n<li class=\"has-medium-font-size\">\u062a\u0627\u0633\u0648 \u06cc\u0627 \u0647\u063a\u0648\u06cc \u062f \u062e\u067e\u0644\u06d0 \u062e\u0648\u069a\u06d0 \u062e\u0644\u0627\u0641 \u06a9\u0627\u0631 \u06a9\u0648\u0644\u0648 \u062a\u0647 \u0627\u0693 \u0627\u06cc\u0633\u062a\u0644 \u0634\u0648\u064a \u06cc\u0627\u0633\u062a<\/li>\n\n<li class=\"has-medium-font-size\">\u0633\u062a\u0627\u0633\u0648 \u06cc\u0627 \u062f \u0647\u063a\u0648\u06cc \u067e\u0627\u0633\u067e\u0648\u0631\u067c \u06cc\u0627 \u0627\u0633\u0646\u0627\u062f \u062f\u0631\u0646\u0647 \u0627\u062e\u06cc\u0633\u062a\u0644 \u0634\u0648\u064a \u062f\u064a<\/li>\n\n<li class=\"has-medium-font-size\">\u062a\u0627\u0633\u0648\u060c \u0633\u062a\u0627\u0633\u0648 \u06a9\u0648\u0631\u0646\u06cd\u060c \u0647\u063a\u0648\u06cc \u06cc\u0627 \u062f \u0647\u063a\u0648\u06cc \u06a9\u0648\u0631\u0646\u06cd \u062a\u0647 \u062f \u0632\u06cc\u0627\u0646 \u0631\u0633\u0648\u0644\u0648 \u06ab\u0648\u0627\u069a\u0648\u0646\u0647 \u0634\u062a\u0647<\/li>\n\n<li class=\"has-medium-font-size\">\u062a\u0627\u0633\u0648 \u06cc\u0627 \u0647\u063a\u0648\u06cc \u0627\u0693 \u0627\u06cc\u0633\u062a\u0644 \u0634\u0648\u064a \u06cc\u0627\u0633\u062a \u0686\u06d0 \u067e\u0647 \u0646\u0627 \u0645\u0646\u0627\u0633\u0628 \u06cc\u0627 \u0644\u0647 \u0633\u067e\u06a9\u0627\u0648\u064a \u0689\u06a9\u0648 \u0681\u0627\u06cc\u0648\u0646\u0648 \u06a9\u06d0 \u0698\u0648\u0646\u062f \u0648\u06a9\u0693\u0626<\/li>\n\n<li class=\"has-medium-font-size\">\u0633\u062a\u0627\u0633\u0648 \u06cc\u0627 \u062f \u0647\u063a\u0648\u06cc \u06a9\u0627\u0631\u06ab\u0648\u0645\u0627\u0631\u0648\u0646\u06a9\u06cc \u062f \u06a9\u0627\u0631\u06a9\u0648\u0648\u0646\u06a9\u0648 \u062f \u06ab\u0645\u0627\u0631\u0644\u0648 \u0644\u067e\u0627\u0631\u0647 \u0627\u0693\u06cc\u0646 \u0627\u0633\u0646\u0627\u062f \u0646\u0647 \u0628\u0631\u0627\u0628\u0631\u0648\u064a<\/li>\n\n<li class=\"has-medium-font-size\">\u06cc\u0648 \u0685\u0648\u06a9 \u062a\u0627\u0633\u0648 \u06cc\u0627 \u0647\u063a\u0648\u06cc \u062f \u0628\u062f\u0646 \u062f \u063a\u0693\u064a \u062f \u0648\u0631\u06a9\u0693\u06d0 \u06cc\u0627 \u0627\u0647\u062f\u0627 \u0644\u067e\u0627\u0631\u0647 \u0645\u062c\u0628\u0648\u0631\u0648\u064a.<\/li>\n<\/ul>\n\n<p class=\"has-medium-font-size\">\u062f \u0642\u0627\u0686\u0627\u0642 \u0642\u0631\u0628\u0627\u0646\u06cc\u0627\u0646 \u062f \u0645\u0631\u0633\u062a\u06d0 \u062d\u0642 \u0644\u0631\u064a\u061b \u0644\u06a9\u0647:<\/p>\n\n\n<ul class=\"has-medium-font-size wp-block-list\">\n<li class=\"has-medium-font-size\">\u0645\u0646\u0627\u0633\u0628 \u0627\u0648 \u062e\u0648\u0646\u062f\u064a \u0627\u0633\u062a\u0648\u06ab\u0646\u0681\u0627\u06cc\u060c<\/li>\n\n<li class=\"has-medium-font-size\">\u0631\u0648\u0627\u0646\u064a \u0627\u0648 \u0645\u0627\u062f\u064a \u0645\u0631\u0633\u062a\u0647\u060c \u0627\u0648 \u0642\u0627\u0646\u0648\u0646\u064a \u0645\u0634\u0648\u0631\u0647\u060c<\/li>\n\n<li class=\"has-medium-font-size\">\u0631\u0648\u063a\u062a\u06cc\u0627\u06cc\u064a \u062e\u062f\u0645\u062a\u0648\u0646\u0648\u060c \u0637\u0628\u064a \u062f\u0631\u0645\u0644\u0646\u06d0 \u0627\u0648 \u0627\u0693\u0648\u0646\u062f\u0648 \u0645\u0639\u0644\u0648\u0645\u0627\u062a\u0648 \u062a\u0647 \u0644\u0627\u0633\u0631\u0633\u06cc\u060c<\/li>\n\n<li class=\"has-medium-font-size\">\u062f \u0627\u0633\u062a\u0648\u06ab\u0646\u06d0 \u062c\u0648\u0627\u0632 \u062a\u0647 \u0644\u0627\u0633\u0631\u0633\u06cc.<\/li>\n<\/ul>\n\n<h2 id=\"\u062f-\u0645\u0648\u062c\u0648\u062f\u06d0-\u0645\u0631\u0633\u062a\u06d0-\u062a\u0631\u0644\u0627\u0633\u0647-\u06a9\u0648\u0644\u0648-\u0644\u067e\u0627\u0631\u0647-\u0627\u0693\u06cc\u06a9\u0647-\u0648\u0646\u06cc\u0633\u0626\" class=\"wp-block-heading\"><strong>\u062f \u0645\u0648\u062c\u0648\u062f\u06d0 \u0645\u0631\u0633\u062a\u06d0 \u062a\u0631\u0644\u0627\u0633\u0647 \u06a9\u0648\u0644\u0648 \u0644\u067e\u0627\u0631\u0647 \u0627\u0693\u06cc\u06a9\u0647 \u0648\u0646\u06cc\u0633\u0626<\/strong><\/h2>\n\n\n<figure class=\"wp-block-table has-medium-font-size\"><table class=\"has-fixed-layout\"><thead><tr><th><strong>Organization<\/strong><\/th><th><strong>Phone<\/strong><\/th><th><strong>E-mail<\/strong><\/th><th><strong>How can they help?<\/strong><\/th><\/tr><\/thead><tbody><tr><td>Emergency services (police, ambulance)<\/td><td>112 (Toll-free)<\/td><td><\/td><td>Call in case of immediate danger to life, or if you suspect that a criminal offence has been committed, if there is a situation endangering the life or physical safety of a person, or if a child is in danger.<\/td><\/tr><tr><td>OKIT \/ National Crisis Management and Information Telephone Service<\/td><td>+36 80 20 55 20 (Toll-free 0-24, Hun\/Eng)<\/td><td>segelyszervezet@segelyszervezet.hu<\/td><td>Assistance for victims of human trafficking and gender-based violence, arranges for their accommodation if necessary.<\/td><\/tr><tr><td>Lehet\u0151s\u00e9g csal\u00e1doknak 2005 \/ Chance for Families 2005<\/td><td>+36 96 204 168<\/td><td>csaomovar@wsi.hu<\/td><td>Temporary accommodation and complex individualized support in Hun \/ Ukr.<\/td><\/tr><tr><td>Baptista Szeretetszolg\u00e1lat \/ Baptist Aid<\/td><td>+36 20 239 2297<\/td><td>ukrajna@baptistasegely.hu<\/td><td>Temporary accommodation, rehabilitation, aftercare.<\/td><\/tr><tr><td>\u00c1SK \/ Victim Support Hotline: <\/td><td>+36 80 225 225 (Toll-free 0 -24, Hun)<\/td><td>aldozatsegitokozpontbudapest@im.gov.hu<\/td><td>Provide victims with information on their rights, obligations and options emotional and psychological support legal advice and practical assistance.<\/td><\/tr><tr><td>UNHCR<\/td><td>+36 80 984 583 (Toll-free from Monday to Friday 8 -17.00, Eng \/ Rus \/ Ukr)<\/td><td>hunbucontact@unhcr.org<\/td><td>Referrals to organizations providing assistance for refugee victims of human trafficking.<\/td><\/tr><tr><td>Blue Line Child Crisis Foundation<\/td><td>+36 80 984 590 (Toll-free Ukr \/ Rus, on Tuesday and Thursday between 16.00-20.00)<\/td><td>ukraine@kek-vonal.hu<\/td><td>If you are a child in trouble, if you feel in danger, they can help you to think through what to do. The Foundation can help you even if you feel you want to leave or have already left home. You can call their free child helpline anonymously.<\/td><\/tr><tr><td>Local general practitioner or other health care provider<\/td><td>112 (Toll-free, call in case of urgent medical need.)<\/td><td>Search for the name of your place of residence and add &#8220;general practitioner&#8221; or \u201chospital\u201d.<\/td><td>With health issues turn to the local general practitioner or nearest health care provider.<br>Interpreter service is available via the 1812 phone number between 8.00 \u2013 16.30 from Monday to Friday. Interpreters will assist your doctor with translation from Ukr\/Rus to Hun.<\/td><\/tr><tr><td>NANE \/ Women For Women Together Against Violence Association<\/td><td>+36 80 505 101 (Toll-free, on Mondays, Tuesdays and Thursdays 18.00-22.00 on Tuesdays and Wednesdays 12.00-14.00) <\/td><td>info@nane.hu<\/td><td>Supporting abused women and children.<\/td><\/tr><tr><td>Cordelia Foundation<\/td><td>+36 1 349 1450 (Hun \/ Eng)<\/td><td>Direct contact through their webpage (<a href=\"https:\/\/cordelia.hu\/en\/call-us-help\/\">click<\/a>) or cordelia@cordelia.hu<\/td><td>Free mental health care for trauma survivors. In English and Ukrainian or with interpreter in French, Somali, Arabic, Persian, Dari, Pastu.<\/td><\/tr><tr><td>Mened\u00e9k Association<\/td><td>+36 20 450 7245<\/td><td>menedek@menedek.hu<\/td><td>Providing counselling related to labor rights.<\/td><\/tr><tr><td>Labor Inspectorate<\/td><td>To find the phone number of the relevant office, please click <a href=\"https:\/\/mvff.munka.hu\/#\/_munkavedelmi_hatosagok\">here<\/a>.<\/td><td>munkav\u00e9delmi-foo@gfm.gov.hu<\/td><td>Reports and complaints can be submitted in person, by telephone and in writing by post or electronically, free of charge<\/td><\/tr><\/tbody><\/table><\/figure>\n\n<p class=\"has-medium-font-size\">\u06a9\u0647 \u062a\u0627\u0633\u0648 \u062f \u0698\u0628\u06d0 \u0644\u0647 \u062e\u0646\u0689\u0648\u0646\u0648 \u0633\u0631\u0647 \u0645\u062e \u06cc\u0627\u0633\u062a\u060c \u06a9\u0648\u0644\u06cc \u0634\u0626 \u062f \u06a9\u0689\u0648\u0627\u0644\u06cd \u0646\u0693\u06cc\u0648\u0627\u0644 \u0633\u0627\u0632\u0645\u0627\u0646 (IOM) \u0633\u0631\u0647 \u062f \u0634\u0641\u0627\u0647\u064a \u0698\u0628\u0627\u0693\u0648\u0646\u06a9\u064a \u062e\u062f\u0645\u062a \u0628\u0648\u06a9 \u06cc\u0627 \u0648\u0646\u06cc\u0633\u0626\u061b \u0644\u0647 \u062f\u0648\u0634\u0646\u0628\u06d0 \u062a\u0631 \u062c\u0645\u0639\u06d0\u060c \u0644\u0647 9:00 \u0685\u062e\u0647 \u062a\u0631 17:00 \u0628\u062c\u0648 \u067e\u0648\u0631\u06d0. \u062f \u062b\u0628\u062a \u0644\u067e\u0627\u0631\u0647\u060c \u0645\u0647\u0631\u0628\u0627\u0646\u064a \u0648\u06a9\u0693\u0626 <a href=\"https:\/\/outlook.office365.com\/book\/IOMTranslationService@iomint.onmicrosoft.com\/\">\u062f\u0644\u062a\u0647<\/a> \u06a9\u0644\u06cc\u06a9 \u0648\u06a9\u0693\u0626. \u0645\u0647\u0631\u0628\u0627\u0646\u064a \u0648\u06a9\u0693\u0626 \u0689\u0627\u0689 \u062a\u0631\u0644\u0627\u0633\u0647 \u06a9\u0693\u0626 \u0686\u06d0 \u062f \u0645\u0644\u0627\u062a\u0693 \u062f \u062e\u062f\u0645\u062a \u063a\u0648\u069a\u062a\u0646\u0647 \u0645\u062e\u06a9\u06d0 \u0644\u0647 \u0645\u062e\u06a9\u06d0 \u0648\u06a9\u0693\u0626.<\/p>\n\n\n<p class=\"has-medium-font-size\">[\u06cc\u0627\u062f\u0648\u0646\u0647: RCC]<\/p>\n\n\n<p class=\"has-medium-font-size\">[\u06cc\u0627\u062f\u0648\u0646\u0647: SafeOnline]<\/p>\n\n","protected":false},"excerpt":{"rendered":"<p>\u067e\u0647 \u062f\u06d0 \u067e\u0627\u06bc\u0647 \u06a9\u06d0 \u062a\u0627\u0633\u0648 \u06a9\u0648\u0644\u06cc \u0634\u0626 \u067e\u0647 \u0627\u0693\u0647 \u06cc\u06d0 \u0632\u062f\u0647 \u06a9\u0693\u0647 \u0648\u06a9\u0693\u0626: \u2022 \u062f \u0645\u0648\u062c\u0648\u062f\u06d0 \u0645\u0631\u0633\u062a\u06d0 \u062a\u0631\u0644\u0627\u0633\u0647 \u06a9\u0648\u0644\u0648 \u0644\u067e\u0627\u0631\u0647 \u0627\u0693\u06cc\u06a9\u0647 \u0648\u0646\u06cc\u0633\u0626 \u062f \u06a9\u0627\u0631 \u062f \u0627\u0633\u062a\u062b\u0645\u0627\u0631\u060c \u06a9\u0648\u0631\u0646\u06cd \u063a\u0644\u0627\u0645\u06cd\u060c \u0627\u0648 \u062f \u0627\u0646\u0633\u0627\u0646\u0627\u0646\u0648 \u062f \u0642\u0627\u0686\u0627\u0642 \u0642\u0631\u0628\u0627\u0646\u06cc\u0627\u0646\u0648 \u0644\u067e\u0627\u0631\u0647 \u0645\u0631\u0633\u062a\u0647 \u0627\u0648 \u0645\u0644\u0627\u062a\u0693 \u0634\u062a\u0647 \u062f\u06cc. \u062a\u0627\u0633\u0648 \u06a9\u0648\u0644\u06cc \u0634\u0626 \u062f \u062f\u063a\u0648 \u062c\u0631\u0645\u0648\u0646\u0648 \u067e\u0647 \u0627\u0693\u0647 \u067e\u0648\u0644\u06cc\u0633\u0648 \u06cc\u0627 \u0681\u0627\u0646\u06ab\u0693\u0648 \u063a\u06cc\u0631 \u062f\u0648\u0644\u062a\u064a \u0633\u0627\u0632\u0645\u0627\u0646\u0648\u0646\u0648 \u062a\u0647 [&hellip;]<\/p>\n","protected":false},"author":347,"featured_media":0,"parent":0,"menu_order":14,"comment_status":"closed","ping_status":"closed","template":"","meta":{"_acf_changed":false,"footnotes":""},"class_list":["post-33304","page","type-page","status-publish","hentry"],"acf":[],"_links":{"self":[{"href":"https:\/\/help.unhcr.org\/hungary\/ps\/wp-json\/wp\/v2\/pages\/33304","targetHints":{"allow":["GET"]}}],"collection":[{"href":"https:\/\/help.unhcr.org\/hungary\/ps\/wp-json\/wp\/v2\/pages"}],"about":[{"href":"https:\/\/help.unhcr.org\/hungary\/ps\/wp-json\/wp\/v2\/types\/page"}],"author":[{"embeddable":true,"href":"https:\/\/help.unhcr.org\/hungary\/ps\/wp-json\/wp\/v2\/users\/347"}],"replies":[{"embeddable":true,"href":"https:\/\/help.unhcr.org\/hungary\/ps\/wp-json\/wp\/v2\/comments?post=33304"}],"version-history":[{"count":70,"href":"https:\/\/help.unhcr.org\/hungary\/ps\/wp-json\/wp\/v2\/pages\/33304\/revisions"}],"predecessor-version":[{"id":45131,"href":"https:\/\/help.unhcr.org\/hungary\/ps\/wp-json\/wp\/v2\/pages\/33304\/revisions\/45131"}],"wp:attachment":[{"href":"https:\/\/help.unhcr.org\/hungary\/ps\/wp-json\/wp\/v2\/media?parent=33304"}],"curies":[{"name":"wp","href":"https:\/\/api.w.org\/{rel}","templated":true}]}}