{"id":8205,"date":"2023-11-07T10:39:27","date_gmt":"2023-11-07T10:39:27","guid":{"rendered":"https:\/\/help.unhcr.org\/hungary\/healthcare\/"},"modified":"2025-06-17T09:24:17","modified_gmt":"2025-06-17T09:24:17","slug":"technical-id","status":"publish","type":"page","link":"https:\/\/help.unhcr.org\/hungary\/hu\/technical-id\/","title":{"rendered":"Technikai azonos\u00edt\u00f3 haszn\u00e1lata eg\u00e9szs\u00e9g\u00fcgyi ell\u00e1t\u00e1sok el\u00e9r\u00e9s\u00e9hez"},"content":{"rendered":"","protected":false},"excerpt":{"rendered":"","protected":false},"author":347,"featured_media":0,"parent":0,"menu_order":0,"comment_status":"closed","ping_status":"closed","template":"faq_page.php","meta":{"_acf_changed":false,"footnotes":""},"class_list":["post-8205","page","type-page","status-publish","hentry"],"acf":[],"_links":{"self":[{"href":"https:\/\/help.unhcr.org\/hungary\/hu\/wp-json\/wp\/v2\/pages\/8205","targetHints":{"allow":["GET"]}}],"collection":[{"href":"https:\/\/help.unhcr.org\/hungary\/hu\/wp-json\/wp\/v2\/pages"}],"about":[{"href":"https:\/\/help.unhcr.org\/hungary\/hu\/wp-json\/wp\/v2\/types\/page"}],"author":[{"embeddable":true,"href":"https:\/\/help.unhcr.org\/hungary\/hu\/wp-json\/wp\/v2\/users\/347"}],"replies":[{"embeddable":true,"href":"https:\/\/help.unhcr.org\/hungary\/hu\/wp-json\/wp\/v2\/comments?post=8205"}],"version-history":[{"count":4,"href":"https:\/\/help.unhcr.org\/hungary\/hu\/wp-json\/wp\/v2\/pages\/8205\/revisions"}],"predecessor-version":[{"id":43285,"href":"https:\/\/help.unhcr.org\/hungary\/hu\/wp-json\/wp\/v2\/pages\/8205\/revisions\/43285"}],"wp:attachment":[{"href":"https:\/\/help.unhcr.org\/hungary\/hu\/wp-json\/wp\/v2\/media?parent=8205"}],"curies":[{"name":"wp","href":"https:\/\/api.w.org\/{rel}","templated":true}]}}