{"id":7768,"date":"2023-09-15T09:32:46","date_gmt":"2023-09-15T09:32:46","guid":{"rendered":"https:\/\/help.unhcr.org\/hungary\/ndgap-offices\/"},"modified":"2024-11-05T15:00:29","modified_gmt":"2024-11-05T15:00:29","slug":"ndgap-offices","status":"publish","type":"page","link":"https:\/\/help.unhcr.org\/hungary\/hu\/ndgap-offices\/","title":{"rendered":"Az Orsz\u00e1gos Idegenrend\u00e9szeti F\u0151igazgat\u00f3s\u00e1g irod\u00e1i"},"content":{"rendered":"\n<figure class=\"wp-block-table\"><table class=\"has-fixed-layout\"><thead><tr><th><strong>Hivatal<\/strong><\/th><th><strong>C\u00edm<\/strong><\/th><th><strong>Nyitvatart\u00e1s<\/strong><\/th><th><strong>Telefon<\/strong><\/th><th><strong>E-mail<\/strong><\/th><th><strong>Illet\u00e9kess\u00e9gi ter\u00fclet<\/strong><\/th><\/tr><\/thead><tbody><tr><td><strong>OIF\u00a0Menek\u00fclt\u00fcgyi Igazgat\u00f3s\u00e1g Mened\u00e9kjogi Oszt\u00e1ly<\/strong><\/td><td>1117 Budapest XI., Budafoki \u00fat 60., &#8222;A&#8221; \u00e9p\u00fclet<\/td><td>H\u00e9tf\u0151: 08:00-14:00<br>Kedd: 08:00-14:00<br>Szerda: 08:00-14:00<br>Cs\u00fct\u00f6rt\u00f6k: 08:00-14:00 P\u00e9ntek: 08:00-11:30<\/td><td>+36 1 463 4873<\/td><td><a href=\"mailto:menekult@oif.gov.hu\">menekult@oif.gov.hu<\/a><\/td><td>Orsz\u00e1gos<\/td><\/tr><tr><td><strong>Debrecen<\/strong>, \u00c9szak-alf\u00f6ldi Region\u00e1lis Igazgat\u00f3s\u00e1g<\/td><td>4033 Debrecen, S\u00e1msoni \u00fat 149.<\/td><td>H\u00e9tf\u0151: 07:30-13:00<br>Kedd: 07:30-16:00<br>Szerda: Z\u00e1rva<br>Cs\u00fct\u00f6rt\u00f6k: 12:00-17:30 P\u00e9ntek: 07:30-11:30<\/td><td>+36 52 503 840<\/td><td><a href=\"mailto:ear@oif.gov.hu\">ear@oif.gov.hu<\/a><\/td><td>Hajd\u00fa-Bihar megye, Szabolcs-Szatm\u00e1r-Bereg megye, J\u00e1sz-Nagykun-Szolnok megye<\/td><\/tr><tr><td><strong>Ny\u00edregyh\u00e1za<\/strong><\/td><td>4400 Ny\u00edregyh\u00e1za, Szent Istv\u00e1n \u00fat 9.<\/td><td>H\u00e9tf\u0151: 10:00-15:00<br>Kedd: Z\u00e1rva<br>Szerda: 10:00-15:00<br>Cs\u00fct\u00f6rt\u00f6k: Z\u00e1rva<br>P\u00e9ntek: Z\u00e1rva<\/td><td>+36 52 503 840<\/td><td><a href=\"mailto:ear@oif.gov.hu\">ear@oif.gov.hu<\/a><\/td><td>Szabolcs-Szatm\u00e1r-Bereg megye<\/td><\/tr><tr><td><strong>Szolnok<\/strong><\/td><td>5000 Szolnok, Baross u. 45-51.<\/td><td>H\u00e9tf\u0151: Z\u00e1rva<br>Kedd: 10:00-15:00<br>Szerda: Z\u00e1rva<br>Cs\u00fct\u00f6rt\u00f6k: Z\u00e1rva<br>P\u00e9ntek: Z\u00e1rva<\/td><td>+36 52 503 840<\/td><td><a href=\"mailto:ear@oif.gov.hu\">ear@oif.gov.hu<\/a><\/td><td>J\u00e1sz-Nagykun-Szolnok megye<\/td><\/tr><tr><td><strong>Miskolc<\/strong>, \u00c9szak-magyarorsz\u00e1gi Region\u00e1lis Igazgat\u00f3s\u00e1g<\/td><td>3526 Miskolc, Hatvan\u00f6t\u00f6s\u00f6k \u00fatja 2.<\/td><td>H\u00e9tf\u0151: 07:30-13:00<br>Kedd: 07:30-16:00<br>Szerda: Z\u00e1rva<br>Cs\u00fct\u00f6rt\u00f6k: 12:00-17:30 P\u00e9ntek: 07:30-14:00<\/td><td>+36 46 501 080<\/td><td><a href=\"mailto:emr@oif.gov.hu\">emr@oif.gov.hu<\/a><\/td><td>Borsod-Aba\u00faj-Zempl\u00e9n megye, Heves megye, N\u00f3gr\u00e1d megye<\/td><\/tr><tr><td><strong>Eger<\/strong><\/td><td>3300 Eger, Gr\u00f3nay S\u00e1ndor utca 3.<\/td><td>H\u00e9tf\u0151: Z\u00e1rva<br>Kedd: 09:00-15:00<br>Szerda: Z\u00e1rva<br>Cs\u00fct\u00f6rt\u00f6k: 09:00-15:00 P\u00e9ntek: Z\u00e1rva<\/td><td>+36 46 501 080<\/td><td><a href=\"mailto:emr@oif.gov.hu\">emr@oif.gov.hu<\/a><\/td><td>Heves megye<\/td><\/tr><tr><td><strong>Balassagyarmat<\/strong><\/td><td>2660 Balassagyarmat, Kossuth u. 43.<\/td><td>H\u00e9tf\u0151: 17:30-16:00<br>Kedd: Z\u00e1rva<br>Szerda: 07:30-17:00<br>Cs\u00fct\u00f6rt\u00f6k: Z\u00e1rva<br>P\u00e9ntek: Z\u00e1rva<\/td><td>+36 46 501 080<\/td><td><a href=\"mailto:emr@oif.gov.hu\">emr@oif.gov.hu<\/a><\/td><td>N\u00f3gr\u00e1d megye<\/td><\/tr><tr><td><strong>P\u00e9cs<\/strong>, Regional Directorate of Southern Transdanubian<\/td><td>7623 P\u00e9cs, Csend u. 3.<\/td><td>H\u00e9tf\u0151: 08:00-18:00<br>Kedd: 08:00-16:00<br>Szerda: Z\u00e1rva<br>Cs\u00fct\u00f6rt\u00f6k: 08:00-16:00 <a>P\u00e9ntek<\/a>: 07:30-12:00<\/td><td>+36 72 518 720<\/td><td><a href=\"mailto:ddr@oif.gov.hu\">ddr@oif.gov.hu<\/a><\/td><td>Baranya megye, Somogy megye, Tolna megye<\/td><\/tr><tr><td><strong>Kaposv\u00e1r<\/strong><\/td><td>7400 Kaposv\u00e1r, Sz\u00e9chenyi t\u00e9r 3.<\/td><td>H\u00e9tf\u0151: 09:30-16:30<br>Kedd: Z\u00e1rva<br>Szerda: 09:30-15:30<br>Cs\u00fct\u00f6rt\u00f6k: Z\u00e1rva<br>P\u00e9ntek: Z\u00e1rva<\/td><td>+36 72 518 720<\/td><td><a href=\"mailto:ddr@oif.gov.hu\">ddr@oif.gov.hu<\/a><\/td><td>Somogy megye, Baranya megye, Tolna megye<\/td><\/tr><tr><td><strong>Szeksz\u00e1rd<\/strong><\/td><td>7100 Szeksz\u00e1rd, Szent Istv\u00e1n t\u00e9r 23.<\/td><td>H\u00e9tf\u0151: Z\u00e1rva<br>Kedd: 12:00-16:30<br>Szerda: Z\u00e1rva<br>Cs\u00fct\u00f6rt\u00f6k: 09:30-15:30 P\u00e9ntek: Z\u00e1rva<\/td><td>+36 72 518 720<\/td><td><a href=\"mailto:ddr@oif.gov.hu\">ddr@oif.gov.hu<\/a><\/td><td>Tolna megye, Baranya megye, Somogy megye<\/td><\/tr><tr><td><strong>Szeged<\/strong>, D\u00e9l-Alf\u00f6ldi Region\u00e1lis Igazgat\u00f3s\u00e1g<\/td><td>6724 Szeged, Bakay N\u00e1ndor u. 3\/A<\/td><td>H\u00e9tf\u0151: 07:30-16:00<br>Kedd: 07:30-16:00<br>Szerda: 07:30-16:00<br>Cs\u00fct\u00f6rt\u00f6k: 07:30-17:00 P\u00e9ntek: Z\u00e1rva<\/td><td>+36 62 795 150<\/td><td><a href=\"mailto:dar@oif.gov.hu\">dar@oif.gov.hu<\/a><\/td><td>Csongr\u00e1d megye, B\u00e1cs-Kiskun megye, B\u00e9k\u00e9s megye<\/td><\/tr><tr><td><strong>Kecskem\u00e9t<\/strong><\/td><td>6000 Kecskem\u00e9t, Irinyi u. 17\/B.<\/td><td>H\u00e9tf\u0151: 09:00-17:00<br>Kedd: Z\u00e1rva<br>Szerda: Z\u00e1rva<br>Cs\u00fct\u00f6rt\u00f6k: 09:00-16:00 P\u00e9ntek: 09:00-12:00<\/td><td>+36 76 481 249<\/td><td><a href=\"mailto:dar@oif.gov.hu\">dar@oif.gov.hu<\/a><\/td><td>B\u00e1cs-Kiskun megye<\/td><\/tr><tr><td><strong>B\u00e9k\u00e9scsaba<\/strong><\/td><td>5600 B\u00e9k\u00e9scsaba, K\u00e9tegyh\u00e1zi \u00fat 10.<\/td><td>H\u00e9tf\u0151: Z\u00e1rva<br>Kedd: 08:00-16:00<br>Szerda: 08:00-16:00&nbsp;<br>Cs\u00fct\u00f6rt\u00f6k: 07:30-17:00 P\u00e9ntek: 08:00-11:00<\/td><td>+36 66 452 617<\/td><td><a href=\"mailto:dar@oif.gov.hu\">dar@oif.gov.hu<\/a><\/td><td>B\u00e9k\u00e9s megye<\/td><\/tr><tr><td><strong>Sz\u00e9kesfeh\u00e9rv\u00e1r<\/strong>, K\u00f6z\u00e9p-Dun\u00e1nt\u00fali Region\u00e1lis Igazgat\u00f3s\u00e1g<\/td><td>8000 Sz\u00e9kesfeh\u00e9rv\u00e1r, J\u00f3zsef Attila u. 38.<\/td><td>H\u00e9tf\u0151: 07.30-17.00<br>Kedd: 07.30-16.00<br>Szerda: 07.30-16.00<br>Cs\u00fct\u00f6rt\u00f6k:07.30-16.00<br>P\u00e9ntek: Z\u00e1rva<\/td><td>+36 22 510 650<\/td><td><a href=\"mailto:kdr@oif.gov.hu\">kdr@oif.gov.hu<\/a><\/td><td>Fej\u00e9r megye, Kom\u00e1rom-Esztergom megye, Veszpr\u00e9m megye<\/td><\/tr><tr><td><strong>Tatab\u00e1nya<\/strong><\/td><td>2800 Tatab\u00e1nya, V, Gy\u0151ri \u00fat 13.<\/td><td>H\u00e9tf\u0151: 08.30-16.30<br>Kedd: 08.30-15.00<br>Szerda: Z\u00e1rva<br>Cs\u00fct\u00f6rt\u00f6k:08.30-15.00<br>P\u00e9ntek: Z\u00e1rva<\/td><td>+36 34 795 001<\/td><td><a href=\"mailto:kdr@oif.gov.hu\">kdr@oif.gov.hu<\/a><\/td><td>Kom\u00e1rom-Esztergom megye<\/td><\/tr><tr><td><strong>Veszpr\u00e9m<\/strong><\/td><td>8200 Veszpr\u00e9m, Levendula u. 1.<\/td><td>H\u00e9tf\u0151: 08.30-16.30<br>Kedd: 08.30-15.00<br>Szerda: Z\u00e1rva<br>Cs\u00fct\u00f6rt\u00f6k:08.30-15.00<br>P\u00e9ntek: Z\u00e1rva<\/td><td>+36 88 580 755<br>&nbsp;+36 88 580 757<br>&nbsp;+36 88 580 758<br>&nbsp;+36 88 544 668<\/td><td><a href=\"mailto:kdr@oif.gov.hu\">kdr@oif.gov.hu<\/a><\/td><td>Veszpr\u00e9m megye<\/td><\/tr><tr><td><strong>Gy\u0151r<\/strong>, Nyugat-Dun\u00e1nt\u00fali Region\u00e1lis Igazgat\u00f3s\u00e1g<\/td><td>9026 Gy\u0151r, Sz\u00f6vets\u00e9g u. 15-17.<\/td><td>H\u00e9tf\u0151: 07.30-12.00, 12.30-16.00<br>Kedd: 07.30-12.00<br>Szerda: 07.30-12.00, 12.30-16.00<br>Cs\u00fct\u00f6rt\u00f6k:07.00-12.00, 12.30-18.00<br>P\u00e9ntek: Z\u00e1rva<\/td><td>+36 96 510 700<\/td><td><a href=\"mailto:ndr@oif.gov.hu\">ndr@oif.gov.hu<\/a><\/td><td>Gy\u0151r-Moson-Sopron megye, Vas megye, Zala megye<\/td><\/tr><tr><td><strong>Szombathely<\/strong><\/td><td>9700 Szombathely, Kisfaludy S. u. 1.<\/td><td>H\u00e9tf\u0151: 09.00-16.00<br>Kedd: Z\u00e1rva<br>Szerda: Z\u00e1rva<br>Cs\u00fct\u00f6rt\u00f6k: Z\u00e1rva<br>P\u00e9ntek: Z\u00e1rva<\/td><td>+36 96 510 700<\/td><td><a href=\"mailto:ndr@oif.gov.hu\">ndr@oif.gov.hu<\/a><\/td><td>Vas megye<\/td><\/tr><\/tbody><\/table><\/figure>\n","protected":false},"excerpt":{"rendered":"<p>Hivatal C\u00edm Nyitvatart\u00e1s Telefon E-mail Illet\u00e9kess\u00e9gi ter\u00fclet OIF\u00a0Menek\u00fclt\u00fcgyi Igazgat\u00f3s\u00e1g Mened\u00e9kjogi Oszt\u00e1ly 1117 Budapest XI., Budafoki \u00fat 60., &#8222;A&#8221; \u00e9p\u00fclet H\u00e9tf\u0151: 08:00-14:00Kedd: 08:00-14:00Szerda: 08:00-14:00Cs\u00fct\u00f6rt\u00f6k: 08:00-14:00 P\u00e9ntek: 08:00-11:30 +36 1 463 4873 menekult@oif.gov.hu Orsz\u00e1gos Debrecen, \u00c9szak-alf\u00f6ldi Region\u00e1lis Igazgat\u00f3s\u00e1g 4033 Debrecen, S\u00e1msoni \u00fat 149. H\u00e9tf\u0151: 07:30-13:00Kedd: 07:30-16:00Szerda: Z\u00e1rvaCs\u00fct\u00f6rt\u00f6k: 12:00-17:30 P\u00e9ntek: 07:30-11:30 +36 52 503 840 ear@oif.gov.hu Hajd\u00fa-Bihar megye, [&hellip;]<\/p>\n","protected":false},"author":347,"featured_media":0,"parent":0,"menu_order":0,"comment_status":"closed","ping_status":"closed","template":"","meta":{"_acf_changed":false,"footnotes":""},"class_list":["post-7768","page","type-page","status-publish","hentry"],"acf":[],"_links":{"self":[{"href":"https:\/\/help.unhcr.org\/hungary\/hu\/wp-json\/wp\/v2\/pages\/7768","targetHints":{"allow":["GET"]}}],"collection":[{"href":"https:\/\/help.unhcr.org\/hungary\/hu\/wp-json\/wp\/v2\/pages"}],"about":[{"href":"https:\/\/help.unhcr.org\/hungary\/hu\/wp-json\/wp\/v2\/types\/page"}],"author":[{"embeddable":true,"href":"https:\/\/help.unhcr.org\/hungary\/hu\/wp-json\/wp\/v2\/users\/347"}],"replies":[{"embeddable":true,"href":"https:\/\/help.unhcr.org\/hungary\/hu\/wp-json\/wp\/v2\/comments?post=7768"}],"version-history":[{"count":3,"href":"https:\/\/help.unhcr.org\/hungary\/hu\/wp-json\/wp\/v2\/pages\/7768\/revisions"}],"predecessor-version":[{"id":27274,"href":"https:\/\/help.unhcr.org\/hungary\/hu\/wp-json\/wp\/v2\/pages\/7768\/revisions\/27274"}],"wp:attachment":[{"href":"https:\/\/help.unhcr.org\/hungary\/hu\/wp-json\/wp\/v2\/media?parent=7768"}],"curies":[{"name":"wp","href":"https:\/\/api.w.org\/{rel}","templated":true}]}}