{"id":49511,"date":"2026-02-20T13:53:37","date_gmt":"2026-02-20T13:53:37","guid":{"rendered":"https:\/\/help.unhcr.org\/hungary\/?page_id=49511"},"modified":"2026-02-20T14:09:04","modified_gmt":"2026-02-20T14:09:04","slug":"nyugdijellenorzesi-kovetelmeny-ukran-menekultek-szamara","status":"publish","type":"page","link":"https:\/\/help.unhcr.org\/hungary\/hu\/information-and-support\/nyugdijellenorzesi-kovetelmeny-ukran-menekultek-szamara\/","title":{"rendered":"Nyugd\u00edjellen\u0151rz\u00e9si\u00a0k\u00f6vetelm\u00e9ny\u00a0ukr\u00e1n\u00a0menek\u00fcltek\u00a0sz\u00e1m\u00e1ra\u00a0"},"content":{"rendered":"\n<p class=\"has-medium-font-size\">Az&nbsp;ukrajnai&nbsp;jogszab\u00e1lyok&nbsp;legut\u00f3bbi&nbsp;v\u00e1ltoz\u00e1sai&nbsp;miatt&nbsp;<strong>minden&nbsp;k\u00fclf\u00f6ld\u00f6n&nbsp;\u00e9l\u0151&nbsp;ukr\u00e1n&nbsp;nyugd\u00edjasnak&nbsp;igazol\u00e1si&nbsp;elj\u00e1r\u00e1son&nbsp;kell&nbsp;\u00e1tesnie&nbsp;<\/strong>ahhoz,&nbsp;hogy&nbsp;tov\u00e1bbra&nbsp;is&nbsp;nyugd\u00edjat&nbsp;kaphasson.&nbsp;<\/p>\n\n\n\n<p class=\"has-medium-font-size\"><strong>Az&nbsp;ellen\u0151rz\u00e9s&nbsp;elv\u00e9gz\u00e9se<\/strong>&nbsp;<\/p>\n\n\n\n<p class=\"has-medium-font-size\">Az&nbsp;elj\u00e1r\u00e1st&nbsp;az&nbsp;al\u00e1bbi&nbsp;m\u00f3dok&nbsp;egyik\u00e9n&nbsp;teljes\u00edtheti:&nbsp;<\/p>\n\n\n\n<h3 class=\"wp-block-heading\"><strong>1. Diia&nbsp;alkalmaz\u00e1s<\/strong>&nbsp;<\/h3>\n\n\n\n<p class=\"has-medium-font-size\"><em>A PFU&nbsp;webport\u00e1lon&nbsp;vagy&nbsp;a PFU&nbsp;mobilalkalmaz\u00e1sban&nbsp;tal\u00e1lhat\u00f3&nbsp;Diia Signature&nbsp;seg\u00edts\u00e9g\u00e9vel&nbsp;(vide\u00f3s&nbsp;\u00fatmutat\u00f3&nbsp;<\/em><a href=\"https:\/\/eur02.safelinks.protection.outlook.com\/?url=https%3A%2F%2Fwww.youtube.com%2Fwatch%3Fsi%3D1Q1yI1PnHsAlu0CA%26v%3DB_MVWt_Xx10%26feature%3Dyoutu.be&amp;data=05%7C02%7Cmomandm%40unhcr.org%7C7684a6a120d143f9d89408de6b102903%7Ce5c37981666441348a0c6543d2af80be%7C0%7C0%7C639065914303315038%7CUnknown%7CTWFpbGZsb3d8eyJFbXB0eU1hcGkiOnRydWUsIlYiOiIwLjAuMDAwMCIsIlAiOiJXaW4zMiIsIkFOIjoiTWFpbCIsIldUIjoyfQ%3D%3D%7C0%7C%7C%7C&amp;sdata=Bb2QEvg5QiRk1H02KocLUdXd7xchV9Lcx%2FDaNvaCBJQ%3D&amp;reserved=0\" target=\"_blank\" rel=\"noreferrer noopener\"><em>itt<\/em><\/a><em>&nbsp;tal\u00e1lhat\u00f3)<\/em>&nbsp;<\/p>\n\n\n\n<h3 class=\"wp-block-heading\"><strong>2.&nbsp;Videokonferencia-ellen\u0151rz\u00e9s&nbsp;a PFU&nbsp;port\u00e1lon&nbsp;kereszt\u00fcl<\/strong>&nbsp;<\/h3>\n\n\n\n<p class=\"has-medium-font-size\">Videoh\u00edv\u00e1st&nbsp;k\u00e9rhet&nbsp;a PFU&nbsp;port\u00e1lon&nbsp;kereszt\u00fcl&nbsp;vagy&nbsp;a<strong>&nbsp;0800&nbsp;503 753-as<\/strong>&nbsp;telefonsz\u00e1mon.&nbsp;<br>A&nbsp;h\u00edv\u00e1sokat&nbsp;\u00e1ltal\u00e1ban&nbsp;10\u201330&nbsp;napon&nbsp;bel\u00fcl&nbsp;be\u00fctemezik,&nbsp;\u00e9s&nbsp;a Google Meet, WhatsApp, Signal, Telegram, Viber&nbsp;vagy&nbsp;Zoom&nbsp;alkalmaz\u00e1son&nbsp;kereszt\u00fcl&nbsp;bonyol\u00edtj\u00e1k&nbsp;le.&nbsp;<br>A&nbsp;h\u00edv\u00e1s&nbsp;sor\u00e1n&nbsp;fel&nbsp;kell&nbsp;mutatnia&nbsp;az&nbsp;eredeti&nbsp;\u00fatlevel\u00e9t\/szem\u00e9lyi&nbsp;igazolv\u00e1ny\u00e1t&nbsp;\u00e9s&nbsp;nyugd\u00edjigazolv\u00e1ny\u00e1t.&nbsp;<\/p>\n\n\n\n<h3 class=\"wp-block-heading\"><strong>3.&nbsp;Ellen\u0151rz\u00e9s&nbsp;az&nbsp;ukr\u00e1n&nbsp;konzul\u00e1tuson<\/strong>&nbsp;<\/h3>\n\n\n\n<p class=\"has-medium-font-size\">L\u00e1togasson&nbsp;el&nbsp;a&nbsp;legk\u00f6zelebbi&nbsp;ukr\u00e1n&nbsp;konzul\u00e1tusra,&nbsp;hogy&nbsp;igazolja&nbsp;szem\u00e9lyazonoss\u00e1g\u00e1t&nbsp;\u00e9s&nbsp;lak\u00f3hely\u00e9t.&nbsp;<br>Kap&nbsp;egy&nbsp;<strong>szem\u00e9lyazonos\u00edt\u00f3&nbsp;igazol\u00e1st<\/strong>,&nbsp;amelyet&nbsp;felt\u00f6lthet&nbsp;a PFU&nbsp;port\u00e1lon&nbsp;az&nbsp;ellen\u0151rz\u00e9s&nbsp;befejez\u00e9s\u00e9hez.&nbsp;<\/p>\n\n\n\n<h3 class=\"wp-block-heading\"><strong>4.&nbsp;Szem\u00e9lyes&nbsp;ellen\u0151rz\u00e9s&nbsp;Ukrajn\u00e1ban<\/strong>&nbsp;<\/h3>\n\n\n\n<p class=\"has-medium-font-size\">Ha&nbsp;jelenleg&nbsp;Ukrajn\u00e1ban&nbsp;tart\u00f3zkodik,&nbsp;felkereshet&nbsp;b\u00e1rmelyik&nbsp;PFU&nbsp;szolg\u00e1ltat\u00f3&nbsp;k\u00f6zpontot.&nbsp;<br><strong>Felh\u00edvjuk&nbsp;figyelm\u00e9t:<\/strong>&nbsp;2026&nbsp;janu\u00e1rj\u00e1ban&nbsp;t\u00f6bb&nbsp;ezer&nbsp;nyugd\u00edj&nbsp;felf\u00fcggeszt\u00e9se&nbsp;miatt&nbsp;jelenleg&nbsp;orsz\u00e1gszerte&nbsp;hossz\u00fa&nbsp;sorok&nbsp;alakultak&nbsp;ki.&nbsp;<\/p>\n\n\n\n<h3 class=\"wp-block-heading\"><strong>Tov\u00e1bbi&nbsp;k\u00f6vetelm\u00e9nyek&nbsp;az&nbsp;Ideiglenesen&nbsp;Megsz\u00e1llt&nbsp;Ter\u00fcletekr\u0151l&nbsp;(IMT)&nbsp;sz\u00e1rmaz\u00f3&nbsp;nyugd\u00edjasok&nbsp;sz\u00e1m\u00e1ra<\/strong>&nbsp;<\/h3>\n\n\n\n<p class=\"has-medium-font-size\">Ha&nbsp;IMTr\u0151l&nbsp;sz\u00e1rmazik,&nbsp;az&nbsp;al\u00e1bbiak&nbsp;egyik\u00e9vel&nbsp;kell&nbsp;igazolnia,&nbsp;hogy&nbsp;<strong>nem&nbsp;kap&nbsp;nyugd\u00edjat&nbsp;az&nbsp;Orosz&nbsp;F\u00f6der\u00e1ci\u00f3t\u00f3l<\/strong>:<\/p>\n\n\n\n<ul class=\"wp-block-list has-medium-font-size\">\n<li class=\"has-medium-font-size\">Jel\u00f6lje&nbsp;be a&nbsp;megfelel\u0151&nbsp;nyilatkozati&nbsp;n\u00e9gyzetet&nbsp;a PFU online&nbsp;fi\u00f3kj\u00e1ban&nbsp;<\/li>\n<\/ul>\n\n\n\n<ul class=\"wp-block-list has-medium-font-size\">\n<li class=\"has-medium-font-size\">Ezt&nbsp;kifejezetten&nbsp;jelezni&nbsp;a&nbsp;videokonferencia-ellen\u0151rz\u00e9s&nbsp;sor\u00e1n&nbsp;<\/li>\n<\/ul>\n\n\n\n<ul class=\"wp-block-list has-medium-font-size\">\n<li class=\"has-medium-font-size\">\u00cdr\u00e1sbeli&nbsp;nyilatkozat&nbsp;elk\u00fcld\u00e9se&nbsp;e-mailben&nbsp;vagy&nbsp;postai&nbsp;\u00faton&nbsp;a PFU-nak&nbsp;<\/li>\n<\/ul>\n\n\n\n<p class=\"has-medium-font-size\">Miut\u00e1n&nbsp;elv\u00e9gezte&nbsp;az&nbsp;\u00f6sszes&nbsp;l\u00e9p\u00e9st,&nbsp;<strong>ellen\u0151rizze,&nbsp;hogy&nbsp;PFU&nbsp;szem\u00e9lyes&nbsp;fi\u00f3kj\u00e1ban&nbsp;a&nbsp;helyes&nbsp;ellen\u0151rz\u00e9si&nbsp;\u00e9s&nbsp;nyilatkozati&nbsp;d\u00e1tum&nbsp;szerepel-e<\/strong>.&nbsp;Ezt&nbsp;online&nbsp;vagy&nbsp;a PFU&nbsp;forr\u00f3dr\u00f3tj\u00e1n&nbsp;(<strong>0800 503 753<\/strong>)&nbsp;kereszt\u00fcl&nbsp;ellen\u0151rizheti.&nbsp;<\/p>\n\n\n\n<h3 class=\"wp-block-heading\"><strong>Tov\u00e1bbi&nbsp;seg\u00edts\u00e9gre&nbsp;van&nbsp;sz\u00fcks\u00e9ge?<\/strong>&nbsp;<\/h3>\n\n\n\n<p class=\"has-medium-font-size\">Tov\u00e1bbi\u00a0inform\u00e1ci\u00f3k\u00e9rt\u00a0\u00e9s\u00a0technikai\u00a0t\u00e1mogat\u00e1s\u00e9rt\u00a0a Diia\u00a0alkalmaz\u00e1son\u00a0vagy\u00a0a PFU\u00a0port\u00e1lon\u00a0kereszt\u00fcl\u00a0t\u00f6rt\u00e9n\u0151\u00a0ellen\u0151rz\u00e9si\u00a0folyamat\u00a0befejez\u00e9s\u00e9hez\u00a0vegye\u00a0fel\u00a0a\u00a0kapcsolatot\u00a0az\u00a0<a href=\"https:\/\/eur02.safelinks.protection.outlook.com\/?url=https%3A%2F%2Fukraineishome.org%2Fcontact-us%2F&amp;data=05%7C02%7Cmomandm%40unhcr.org%7C7684a6a120d143f9d89408de6b102903%7Ce5c37981666441348a0c6543d2af80be%7C0%7C0%7C639065914303349198%7CUnknown%7CTWFpbGZsb3d8eyJFbXB0eU1hcGkiOnRydWUsIlYiOiIwLjAuMDAwMCIsIlAiOiJXaW4zMiIsIkFOIjoiTWFpbCIsIldUIjoyfQ%3D%3D%7C0%7C%7C%7C&amp;sdata=BQ4yfEppKw7e2ofnyKp1Oh4FMcL78afx8EDklr0xGzs%3D&amp;reserved=0\" target=\"_blank\" rel=\"noreferrer noopener\"><strong>UNHCR Region\u00e1lis Kapcsolattart\u00f3 K\u00f6zpontj\u00e1val (RCC<\/strong><\/a><strong>).\u00a0<\/strong>Tov\u00e1bbi\u00a0inform\u00e1ci\u00f3k\u00a0hamarosan\u00a0el\u00e9rhet\u0151k\u00a0lesznek\u00a0<strong>az\u00a0Ukraine is Home\u00a0weboldalon<\/strong>:<a href=\"https:\/\/eur02.safelinks.protection.outlook.com\/?url=https%3A%2F%2Fukraineishome.org%2F&amp;data=05%7C02%7Cmomandm%40unhcr.org%7C7684a6a120d143f9d89408de6b102903%7Ce5c37981666441348a0c6543d2af80be%7C0%7C0%7C639065914303365948%7CUnknown%7CTWFpbGZsb3d8eyJFbXB0eU1hcGkiOnRydWUsIlYiOiIwLjAuMDAwMCIsIlAiOiJXaW4zMiIsIkFOIjoiTWFpbCIsIldUIjoyfQ%3D%3D%7C0%7C%7C%7C&amp;sdata=LFFoGsPync3b8IIJPdWHDhBe9gdsJ6chKYaNsxVwHz0%3D&amp;reserved=0\" target=\"_blank\" rel=\"noreferrer noopener\">\u00a0https:\/\/ukraineishome.org\/<\/a>\u00a0<\/p>\n","protected":false},"excerpt":{"rendered":"<p>Az&nbsp;ukrajnai&nbsp;jogszab\u00e1lyok&nbsp;legut\u00f3bbi&nbsp;v\u00e1ltoz\u00e1sai&nbsp;miatt&nbsp;minden&nbsp;k\u00fclf\u00f6ld\u00f6n&nbsp;\u00e9l\u0151&nbsp;ukr\u00e1n&nbsp;nyugd\u00edjasnak&nbsp;igazol\u00e1si&nbsp;elj\u00e1r\u00e1son&nbsp;kell&nbsp;\u00e1tesnie&nbsp;ahhoz,&nbsp;hogy&nbsp;tov\u00e1bbra&nbsp;is&nbsp;nyugd\u00edjat&nbsp;kaphasson.&nbsp; Az&nbsp;ellen\u0151rz\u00e9s&nbsp;elv\u00e9gz\u00e9se&nbsp; Az&nbsp;elj\u00e1r\u00e1st&nbsp;az&nbsp;al\u00e1bbi&nbsp;m\u00f3dok&nbsp;egyik\u00e9n&nbsp;teljes\u00edtheti:&nbsp; 1. Diia&nbsp;alkalmaz\u00e1s&nbsp; A PFU&nbsp;webport\u00e1lon&nbsp;vagy&nbsp;a PFU&nbsp;mobilalkalmaz\u00e1sban&nbsp;tal\u00e1lhat\u00f3&nbsp;Diia Signature&nbsp;seg\u00edts\u00e9g\u00e9vel&nbsp;(vide\u00f3s&nbsp;\u00fatmutat\u00f3&nbsp;itt&nbsp;tal\u00e1lhat\u00f3)&nbsp; 2.&nbsp;Videokonferencia-ellen\u0151rz\u00e9s&nbsp;a PFU&nbsp;port\u00e1lon&nbsp;kereszt\u00fcl&nbsp; Videoh\u00edv\u00e1st&nbsp;k\u00e9rhet&nbsp;a PFU&nbsp;port\u00e1lon&nbsp;kereszt\u00fcl&nbsp;vagy&nbsp;a&nbsp;0800&nbsp;503 753-as&nbsp;telefonsz\u00e1mon.&nbsp;A&nbsp;h\u00edv\u00e1sokat&nbsp;\u00e1ltal\u00e1ban&nbsp;10\u201330&nbsp;napon&nbsp;bel\u00fcl&nbsp;be\u00fctemezik,&nbsp;\u00e9s&nbsp;a Google Meet, WhatsApp, Signal, Telegram, Viber&nbsp;vagy&nbsp;Zoom&nbsp;alkalmaz\u00e1son&nbsp;kereszt\u00fcl&nbsp;bonyol\u00edtj\u00e1k&nbsp;le.&nbsp;A&nbsp;h\u00edv\u00e1s&nbsp;sor\u00e1n&nbsp;fel&nbsp;kell&nbsp;mutatnia&nbsp;az&nbsp;eredeti&nbsp;\u00fatlevel\u00e9t\/szem\u00e9lyi&nbsp;igazolv\u00e1ny\u00e1t&nbsp;\u00e9s&nbsp;nyugd\u00edjigazolv\u00e1ny\u00e1t.&nbsp; 3.&nbsp;Ellen\u0151rz\u00e9s&nbsp;az&nbsp;ukr\u00e1n&nbsp;konzul\u00e1tuson&nbsp; L\u00e1togasson&nbsp;el&nbsp;a&nbsp;legk\u00f6zelebbi&nbsp;ukr\u00e1n&nbsp;konzul\u00e1tusra,&nbsp;hogy&nbsp;igazolja&nbsp;szem\u00e9lyazonoss\u00e1g\u00e1t&nbsp;\u00e9s&nbsp;lak\u00f3hely\u00e9t.&nbsp;Kap&nbsp;egy&nbsp;szem\u00e9lyazonos\u00edt\u00f3&nbsp;igazol\u00e1st,&nbsp;amelyet&nbsp;felt\u00f6lthet&nbsp;a PFU&nbsp;port\u00e1lon&nbsp;az&nbsp;ellen\u0151rz\u00e9s&nbsp;befejez\u00e9s\u00e9hez.&nbsp; 4.&nbsp;Szem\u00e9lyes&nbsp;ellen\u0151rz\u00e9s&nbsp;Ukrajn\u00e1ban&nbsp; Ha&nbsp;jelenleg&nbsp;Ukrajn\u00e1ban&nbsp;tart\u00f3zkodik,&nbsp;felkereshet&nbsp;b\u00e1rmelyik&nbsp;PFU&nbsp;szolg\u00e1ltat\u00f3&nbsp;k\u00f6zpontot.&nbsp;Felh\u00edvjuk&nbsp;figyelm\u00e9t:&nbsp;2026&nbsp;janu\u00e1rj\u00e1ban&nbsp;t\u00f6bb&nbsp;ezer&nbsp;nyugd\u00edj&nbsp;felf\u00fcggeszt\u00e9se&nbsp;miatt&nbsp;jelenleg&nbsp;orsz\u00e1gszerte&nbsp;hossz\u00fa&nbsp;sorok&nbsp;alakultak&nbsp;ki.&nbsp; Tov\u00e1bbi&nbsp;k\u00f6vetelm\u00e9nyek&nbsp;az&nbsp;Ideiglenesen&nbsp;Megsz\u00e1llt&nbsp;Ter\u00fcletekr\u0151l&nbsp;(IMT)&nbsp;sz\u00e1rmaz\u00f3&nbsp;nyugd\u00edjasok&nbsp;sz\u00e1m\u00e1ra&nbsp; Ha&nbsp;IMTr\u0151l&nbsp;sz\u00e1rmazik,&nbsp;az&nbsp;al\u00e1bbiak&nbsp;egyik\u00e9vel&nbsp;kell&nbsp;igazolnia,&nbsp;hogy&nbsp;nem&nbsp;kap&nbsp;nyugd\u00edjat&nbsp;az&nbsp;Orosz&nbsp;F\u00f6der\u00e1ci\u00f3t\u00f3l: Miut\u00e1n&nbsp;elv\u00e9gezte&nbsp;az&nbsp;\u00f6sszes&nbsp;l\u00e9p\u00e9st,&nbsp;ellen\u0151rizze,&nbsp;hogy&nbsp;PFU&nbsp;szem\u00e9lyes&nbsp;fi\u00f3kj\u00e1ban&nbsp;a&nbsp;helyes&nbsp;ellen\u0151rz\u00e9si&nbsp;\u00e9s&nbsp;nyilatkozati&nbsp;d\u00e1tum&nbsp;szerepel-e.&nbsp;Ezt&nbsp;online&nbsp;vagy&nbsp;a PFU&nbsp;forr\u00f3dr\u00f3tj\u00e1n&nbsp;(0800 503 753)&nbsp;kereszt\u00fcl&nbsp;ellen\u0151rizheti.&nbsp; Tov\u00e1bbi&nbsp;seg\u00edts\u00e9gre&nbsp;van&nbsp;sz\u00fcks\u00e9ge?&nbsp; Tov\u00e1bbi\u00a0inform\u00e1ci\u00f3k\u00e9rt\u00a0\u00e9s\u00a0technikai\u00a0t\u00e1mogat\u00e1s\u00e9rt\u00a0a Diia\u00a0alkalmaz\u00e1son\u00a0vagy\u00a0a PFU\u00a0port\u00e1lon\u00a0kereszt\u00fcl\u00a0t\u00f6rt\u00e9n\u0151\u00a0ellen\u0151rz\u00e9si\u00a0folyamat\u00a0befejez\u00e9s\u00e9hez\u00a0vegye\u00a0fel\u00a0a\u00a0kapcsolatot\u00a0az\u00a0UNHCR Region\u00e1lis Kapcsolattart\u00f3 K\u00f6zpontj\u00e1val (RCC).\u00a0Tov\u00e1bbi\u00a0inform\u00e1ci\u00f3k\u00a0hamarosan\u00a0el\u00e9rhet\u0151k\u00a0lesznek\u00a0az\u00a0Ukraine is Home\u00a0weboldalon:\u00a0https:\/\/ukraineishome.org\/\u00a0<\/p>\n","protected":false},"author":595,"featured_media":0,"parent":25614,"menu_order":0,"comment_status":"closed","ping_status":"closed","template":"","meta":{"_acf_changed":false,"footnotes":""},"class_list":["post-49511","page","type-page","status-publish","hentry"],"acf":[],"_links":{"self":[{"href":"https:\/\/help.unhcr.org\/hungary\/hu\/wp-json\/wp\/v2\/pages\/49511","targetHints":{"allow":["GET"]}}],"collection":[{"href":"https:\/\/help.unhcr.org\/hungary\/hu\/wp-json\/wp\/v2\/pages"}],"about":[{"href":"https:\/\/help.unhcr.org\/hungary\/hu\/wp-json\/wp\/v2\/types\/page"}],"author":[{"embeddable":true,"href":"https:\/\/help.unhcr.org\/hungary\/hu\/wp-json\/wp\/v2\/users\/595"}],"replies":[{"embeddable":true,"href":"https:\/\/help.unhcr.org\/hungary\/hu\/wp-json\/wp\/v2\/comments?post=49511"}],"version-history":[{"count":4,"href":"https:\/\/help.unhcr.org\/hungary\/hu\/wp-json\/wp\/v2\/pages\/49511\/revisions"}],"predecessor-version":[{"id":49529,"href":"https:\/\/help.unhcr.org\/hungary\/hu\/wp-json\/wp\/v2\/pages\/49511\/revisions\/49529"}],"up":[{"embeddable":true,"href":"https:\/\/help.unhcr.org\/hungary\/hu\/wp-json\/wp\/v2\/pages\/25614"}],"wp:attachment":[{"href":"https:\/\/help.unhcr.org\/hungary\/hu\/wp-json\/wp\/v2\/media?parent=49511"}],"curies":[{"name":"wp","href":"https:\/\/api.w.org\/{rel}","templated":true}]}}