{"id":46569,"date":"2025-07-29T21:12:28","date_gmt":"2025-07-29T21:12:28","guid":{"rendered":"https:\/\/help.unhcr.org\/hungary\/partners\/vegeken-egeszseglelektani-alapitvany\/"},"modified":"2025-12-24T09:42:13","modified_gmt":"2025-12-24T09:42:13","slug":"vegeken-egeszseglelektani-alapitvany","status":"publish","type":"page","link":"https:\/\/help.unhcr.org\/hungary\/hu\/partners\/vegeken-egeszseglelektani-alapitvany\/","title":{"rendered":"V\u00e9geken Eg\u00e9szs\u00e9gl\u00e9lektani Alap\u00edtv\u00e1ny"},"content":{"rendered":"\n\n<div class=\"wp-block-columns is-layout-flex wp-container-core-columns-is-layout-9d6595d7 wp-block-columns-is-layout-flex\">\n\n<div class=\"wp-block-column is-layout-flow wp-block-column-is-layout-flow\">\n\n<h2 class=\"wp-block-heading\"><strong>El\u00e9rhet\u0151s\u00e9gi adatok<\/strong><\/h2>\n\n\n\n<p class=\"has-medium-font-size\"><strong>E-mail<\/strong><br \/><a href=\"mailto:info@vegeken.hu\">info@vegeken.hu<\/a><\/p>\n\n\n\n<p class=\"has-medium-font-size\"><strong>Telefon<\/strong><br \/><a href=\"tel:+36209808829\">+36209808829<\/a><\/p>\n\n\n\n<p class=\"has-medium-font-size\"><strong>Seg\u00e9lyvonal \/ Seg\u00e9lyoldal<\/strong><br \/><a href=\"https:\/\/tool.ifightdepression.com\/en-ad\/login\" target=\"_blank\">https:\/\/tool.ifightdepression.com\/en-ad\/login<\/a><\/p>\n\n\n\n<p class=\"has-medium-font-size\"><strong>Weboldal<\/strong><br \/><a href=\"https:\/\/vegeken.hu\/\" target=\"_blank\">https:\/\/vegeken.hu\/<\/a><\/p>\n\n<\/div>\n\n\n\n<div class=\"wp-block-column is-layout-flow wp-block-column-is-layout-flow\">\n\n<h2 class=\"wp-block-heading\"><strong>Ny\u00fajtott szolg\u00e1ltat\u00e1sok<\/strong><\/h2>\n\n\n\n<p class=\"has-medium-font-size\"><strong>Eg\u00e9szs\u00e9g \u00e9s ment\u00e1lhigi\u00e9n\u00e9s szolg\u00e1ltat\u00e1sok<\/strong><br \/>\u2022 \u00d6sszpontos\u00edtott egy\u00e9ni \u00e9s csoportos pszichoszoci\u00e1lis t\u00e1mogat\u00e1s<br \/>\u2022 MHPSS k\u00e9pz\u00e9s (online \u00e9s szem\u00e9lyesen)<\/p>\n\n<\/div>\n\n<\/div>\n\n\n\n<hr class=\"wp-block-separator has-text-color has-cyan-bluish-gray-color has-alpha-channel-opacity is-style-default\" style=\"border-top:0px !important\" \/>\n\n\n\n<h2 class=\"wp-block-heading\"><strong>1089 Budapest, Nagyv\u00e1rad t\u00e9r 4. <\/strong><\/h2>\n\n\n\n<p class=\"has-medium-font-size\">Office\/institution (no assistance on site)\u00a0\u2022\u00a0<a href=\"https:\/\/www.google.com\/maps\/search\/1089%20Budapest%2C%20Nagyv%C3%A1rad%20t%C3%A9r%204.\" target=\"_blank\">Megtekint\u00e9s Google T\u00e9rk\u00e9pen<\/a><\/p>\n\n\n\n<div class=\"wp-block-columns is-layout-flex wp-container-core-columns-is-layout-9d6595d7 wp-block-columns-is-layout-flex\">\n\n<div class=\"wp-block-column is-layout-flow wp-block-column-is-layout-flow\">\n\n<p class=\"has-medium-font-size\"><strong>K\u00e9rjen id\u0151pontot<\/strong><br \/><a href=\"mailto:info@vegeken.hu\">info@vegeken.hu<\/a> \u2022 <a href=\"tel:+36209808829\">+36209808829<\/a><\/p>\n\n\n\n<p class=\"has-medium-font-size\"><strong>Szolg\u00e1ltat\u00e1sok a helysz\u00ednen<\/strong><br \/>\u2022 Eg\u00e9szs\u00e9g \u00e9s ment\u00e1lhigi\u00e9n\u00e9s szolg\u00e1ltat\u00e1sok (2)<\/p>\n\n<\/div>\n\n\n\n<div class=\"wp-block-column is-layout-flow wp-block-column-is-layout-flow\">\n\n<p class=\"has-medium-font-size\"><strong>Jogosults\u00e1g<\/strong><br \/>\u2022 Menek\u00fclt Ukrajn\u00e1b\u00f3l<br \/>\u2022 M\u00e1s orsz\u00e1gb\u00f3l sz\u00e1rmaz\u00f3 menek\u00fclt\/mened\u00e9kk\u00e9r\u0151<br \/>\u2022 Hontalan szem\u00e9ly<\/p>\n\n\n\n<p class=\"has-medium-font-size\"><strong>Besz\u00e9lt nyelvek<\/strong><br \/>\u2022 ?? magyar<br \/>\u2022 ?? angol<\/p>\n\n\n\n<p class=\"has-medium-font-size\"><strong>Szolg\u00e1ltat\u00e1si ter\u00fclet<\/strong><br \/>\u2022 Orsz\u00e1gszerte<\/p>\n\n<\/div>\n\n<\/div>\n\n\n\n<hr class=\"wp-block-separator has-text-color has-cyan-bluish-gray-color has-alpha-channel-opacity is-style-default\" style=\"border-top:0px !important\" \/>\n\n\n<div class=\"wp-block-group\"><div class=\"wp-block-group__inner-container is-layout-constrained wp-block-group-is-layout-constrained\">\n<div style=\"background-color:#b9dfff;color:white;border-radius:10px;padding: 24px 24px 4px\">\n\n\n\n<figure class=\"wp-block-image size-full is-resized\"><img loading=\"lazy\" decoding=\"async\" width=\"100\" height=\"100\" src=\"https:\/\/help.unhcr.org\/hungary\/wp-content\/uploads\/sites\/86\/2024\/06\/callout_rcc-1.png\" alt=\"\" class=\"wp-image-18970\" style=\"width:70px\" \/><\/figure>\n\n\n\n<div style=\"height:14px\" aria-hidden=\"true\" class=\"wp-block-spacer\"><\/div>\n\n\n\n<p class=\"has-black-color has-text-color has-link-color has-medium-font-size wp-elements-e1e1581f5ef08b553a198e2f5feea1cb\">Tov\u00e1bbi inform\u00e1ci\u00f3k\u00e9rt, valamint visszajelz\u00e9s\u00e9vel vagy panasz\u00e1val h\u00edvja a <strong>UNHCR Menek\u00fclt\u00fcgyi Seg\u00e9lyvonal\u00e1t<\/strong> a <strong><a href=\"tel:+36 80 984 583\">+36 80 984 583<\/a>\u200b<\/strong> telefonsz\u00e1mon (h\u00e9tf\u0151t\u0151l p\u00e9ntekig, 08:00 \u2013 17:00 k\u00f6z\u00f6tt) ukr\u00e1n, orosz, magyar \u00e9s angol nyelven, vagy keressen minket e-mailen a <a href=\"mailto:hunbucontact@unhcr.org\">hunbucontact@unhcr.org<\/a> c\u00edmen.<\/p>\n\n\n\n<\/div>\n<\/div><\/div>\n\n\n<p class=\"has-medium-font-size\"><a href=\"https:\/\/help.unhcr.org\/hungary\/hu\/partners\/\">Vissza az \u00f6sszes szervezethez<\/a><\/p>\n\n\n\n<hr class=\"wp-block-separator has-text-color has-cyan-bluish-gray-color has-alpha-channel-opacity is-style-default\" style=\"border-top:0px !important\" \/>\n\n\n\n<p class=\"has-medium-font-size\"><strong>Jogi nyilatkozat<\/strong><br \/>Felh\u00edvjuk figyelm\u00e9t, hogy az ezen az oldalon szerepl\u0151 adatok a partnereinkt\u0151l kapott inform\u00e1ci\u00f3kon alapulnak. Amennyiben pontatlans\u00e1got tapasztal, k\u00e9rj\u00fck, jelezze a <a href=\"hunbuim@unhcr.org&#x27;\">hunbuim@unhcr.org<\/a> e-mail c\u00edmen, hogy fel\u00fclvizsg\u00e1lhassuk \u00e9s sz\u00fcks\u00e9g eset\u00e9n friss\u00edthess\u00fck azokat.<\/p>\n\n","protected":false},"excerpt":{"rendered":"<p>El\u00e9rhet\u0151s\u00e9gi adatok E-mailinfo@vegeken.hu Telefon+36209808829 Seg\u00e9lyvonal \/ Seg\u00e9lyoldalhttps:\/\/tool.ifightdepression.com\/en-ad\/login Weboldalhttps:\/\/vegeken.hu\/ Ny\u00fajtott szolg\u00e1ltat\u00e1sok Eg\u00e9szs\u00e9g \u00e9s ment\u00e1lhigi\u00e9n\u00e9s szolg\u00e1ltat\u00e1sok\u2022 \u00d6sszpontos\u00edtott egy\u00e9ni \u00e9s csoportos pszichoszoci\u00e1lis t\u00e1mogat\u00e1s\u2022 MHPSS k\u00e9pz\u00e9s (online \u00e9s szem\u00e9lyesen) 1089 Budapest, Nagyv\u00e1rad t\u00e9r 4. Office\/institution (no assistance on site)\u00a0\u2022\u00a0Megtekint\u00e9s Google T\u00e9rk\u00e9pen K\u00e9rjen id\u0151pontotinfo@vegeken.hu \u2022 +36209808829 Szolg\u00e1ltat\u00e1sok a helysz\u00ednen\u2022 Eg\u00e9szs\u00e9g \u00e9s ment\u00e1lhigi\u00e9n\u00e9s szolg\u00e1ltat\u00e1sok (2) Jogosults\u00e1g\u2022 Menek\u00fclt Ukrajn\u00e1b\u00f3l\u2022 M\u00e1s orsz\u00e1gb\u00f3l sz\u00e1rmaz\u00f3 [&hellip;]<\/p>\n","protected":false},"author":575,"featured_media":0,"parent":18998,"menu_order":64,"comment_status":"closed","ping_status":"closed","template":"","meta":{"_acf_changed":false,"footnotes":""},"class_list":["post-46569","page","type-page","status-publish","hentry"],"acf":[],"_links":{"self":[{"href":"https:\/\/help.unhcr.org\/hungary\/hu\/wp-json\/wp\/v2\/pages\/46569","targetHints":{"allow":["GET"]}}],"collection":[{"href":"https:\/\/help.unhcr.org\/hungary\/hu\/wp-json\/wp\/v2\/pages"}],"about":[{"href":"https:\/\/help.unhcr.org\/hungary\/hu\/wp-json\/wp\/v2\/types\/page"}],"author":[{"embeddable":true,"href":"https:\/\/help.unhcr.org\/hungary\/hu\/wp-json\/wp\/v2\/users\/575"}],"replies":[{"embeddable":true,"href":"https:\/\/help.unhcr.org\/hungary\/hu\/wp-json\/wp\/v2\/comments?post=46569"}],"version-history":[{"count":10,"href":"https:\/\/help.unhcr.org\/hungary\/hu\/wp-json\/wp\/v2\/pages\/46569\/revisions"}],"predecessor-version":[{"id":49206,"href":"https:\/\/help.unhcr.org\/hungary\/hu\/wp-json\/wp\/v2\/pages\/46569\/revisions\/49206"}],"up":[{"embeddable":true,"href":"https:\/\/help.unhcr.org\/hungary\/hu\/wp-json\/wp\/v2\/pages\/18998"}],"wp:attachment":[{"href":"https:\/\/help.unhcr.org\/hungary\/hu\/wp-json\/wp\/v2\/media?parent=46569"}],"curies":[{"name":"wp","href":"https:\/\/api.w.org\/{rel}","templated":true}]}}