{"id":46448,"date":"2025-07-29T21:09:51","date_gmt":"2025-07-29T21:09:51","guid":{"rendered":"https:\/\/help.unhcr.org\/hungary\/partners\/carpathian-foundation-karpatok-alapitvany\/"},"modified":"2025-12-24T09:40:08","modified_gmt":"2025-12-24T09:40:08","slug":"carpathian-foundation-karpatok-alapitvany","status":"publish","type":"page","link":"https:\/\/help.unhcr.org\/hungary\/hu\/partners\/carpathian-foundation-karpatok-alapitvany\/","title":{"rendered":"Carpathian Foundation \/ K\u00e1rp\u00e1tok Alap\u00edtv\u00e1ny"},"content":{"rendered":"\n\n<div class=\"wp-block-columns is-layout-flex wp-container-core-columns-is-layout-9d6595d7 wp-block-columns-is-layout-flex\">\n\n<div class=\"wp-block-column is-layout-flow wp-block-column-is-layout-flow\">\n\n<h2 class=\"wp-block-heading\"><strong>El\u00e9rhet\u0151s\u00e9gi adatok<\/strong><\/h2>\n\n\n\n<p class=\"has-medium-font-size\"><strong>E-mail<\/strong><br \/>cfhu@cfoundationorg<\/p>\n\n\n\n<p class=\"has-medium-font-size\"><strong>Telefon<\/strong><br \/><a href=\"tel:+3636516750\">+36-36-516-750<\/a><\/p>\n\n\n\n<p class=\"has-medium-font-size\"><strong>Weboldal<\/strong><br \/><a href=\"http:\/\/www.karpatokalapitvany.hu\" target=\"_blank\">http:\/\/www.karpatokalapitvany.hu<\/a><\/p>\n\n\n\n<p class=\"has-medium-font-size\"><strong>Facebook<\/strong><br \/><a href=\"https:\/\/www.facebook.com\/karpatokalapitvany\/\" target=\"_blank\">https:\/\/www.facebook.com\/karpatokalapitvany\/<\/a><\/p>\n\n<\/div>\n\n\n\n<div class=\"wp-block-column is-layout-flow wp-block-column-is-layout-flow\">\n\n<h2 class=\"wp-block-heading\"><strong>Ny\u00fajtott szolg\u00e1ltat\u00e1sok<\/strong><\/h2>\n\n\n\n<p class=\"has-medium-font-size\"><strong>Alapvet\u0151 sz\u00fcks\u00e9gletek<\/strong><br \/>\u2022 \u00c9lelmez\u00e9si seg\u00edts\u00e9g<\/p>\n\n\n\n<p class=\"has-medium-font-size\"><strong>Eg\u00e9szs\u00e9g \u00e9s ment\u00e1lhigi\u00e9n\u00e9s szolg\u00e1ltat\u00e1sok<\/strong><br \/>\u2022 Hozz\u00e1f\u00e9r\u00e9s az eg\u00e9szs\u00e9g\u00fcgyi szolg\u00e1ltat\u00e1sokhoz<br \/>\u2022 Hozz\u00e1f\u00e9r\u00e9s szexu\u00e1lis \u00e9s reprodukci\u00f3s eg\u00e9szs\u00e9g\u00fcgyi szolg\u00e1ltat\u00e1sokhoz (SRHC)<br \/>\u2022 K\u00f6z\u00f6ss\u00e9gi alap\u00fa pszichoszoci\u00e1lis \u00e9s csal\u00e1dseg\u00edt\u0151 tev\u00e9kenys\u00e9gek<br \/>\u2022 Speci\u00e1lis t\u00e1mogat\u00e1sra vonatkoz\u00f3 aj\u00e1nl\u00e1sok<br \/>\u2022 Speci\u00e1lis MHPSS szolg\u00e1ltat\u00e1sok<\/p>\n\n\n\n<p class=\"has-medium-font-size\"><strong>Foglalkoztat\u00e1s<\/strong><br \/>\u2022 Foglalkoztat\u00e1si \u00e9s munkajogi tan\u00e1csad\u00e1s<br \/>\u2022 Kultur\u00e1lis k\u00f6zvet\u00edt\u00e9s \u00e9s integr\u00e1ci\u00f3 t\u00e1mogat\u00e1sa<\/p>\n\n\n\n<p class=\"has-medium-font-size\"><strong>Gyermekv\u00e9delem<\/strong><br \/>\u2022 Gyermekbar\u00e1t terek<br \/>\u2022 K\u00f6z\u00f6ss\u00e9gi alap\u00fa gyermekv\u00e9delem<br \/>\u2022 Szabadid\u0151s tev\u00e9kenys\u00e9gek gyermekeknek<br \/>\u2022 A vesz\u00e9lyeztetett gyermekek szakszolg\u00e1latokhoz val\u00f3 beutal\u00e1sa<\/p>\n\n\n\n<p class=\"has-medium-font-size\"><strong>Oktat\u00e1s<\/strong><br \/>\u2022 Felz\u00e1rk\u00f3ztat\u00f3 \u00f3r\u00e1k \u00e9s tanul\u00e1si t\u00e1mogat\u00e1s<br \/>\u2022 Beiratkoz\u00e1s \u00e1llami oktat\u00e1sba<br \/>\u2022 Szabadid\u0151s oktat\u00e1si szolg\u00e1ltat\u00e1sok<\/p>\n\n\n\n<p class=\"has-medium-font-size\"><strong>V\u00e9delem<\/strong><br \/>\u2022 Hozz\u00e1f\u00e9r\u00e9s szem\u00e9lyazonos\u00edt\u00f3 okm\u00e1nyokhoz<br \/>\u2022 Beilleszked\u00e9ssel kapcsolatos tan\u00e1csad\u00e1si alkalmak<\/p>\n\n<\/div>\n\n<\/div>\n\n\n\n<hr class=\"wp-block-separator has-text-color has-cyan-bluish-gray-color has-alpha-channel-opacity is-style-default\" style=\"border-top:0px !important\" \/>\n\n\n<div class=\"wp-block-group\"><div class=\"wp-block-group__inner-container is-layout-constrained wp-block-group-is-layout-constrained\">\n<div style=\"background-color:#b9dfff;color:white;border-radius:10px;padding: 24px 24px 4px\">\n\n\n\n<figure class=\"wp-block-image size-full is-resized\"><img loading=\"lazy\" decoding=\"async\" width=\"100\" height=\"100\" src=\"https:\/\/help.unhcr.org\/hungary\/wp-content\/uploads\/sites\/86\/2024\/06\/callout_rcc-1.png\" alt=\"\" class=\"wp-image-18970\" style=\"width:70px\" \/><\/figure>\n\n\n\n<div style=\"height:14px\" aria-hidden=\"true\" class=\"wp-block-spacer\"><\/div>\n\n\n\n<p class=\"has-black-color has-text-color has-link-color has-medium-font-size wp-elements-e1e1581f5ef08b553a198e2f5feea1cb\">Tov\u00e1bbi inform\u00e1ci\u00f3k\u00e9rt, valamint visszajelz\u00e9s\u00e9vel vagy panasz\u00e1val h\u00edvja a <strong>UNHCR Menek\u00fclt\u00fcgyi Seg\u00e9lyvonal\u00e1t<\/strong> a <strong><a href=\"tel:+36 80 984 583\">+36 80 984 583<\/a>\u200b<\/strong> telefonsz\u00e1mon (h\u00e9tf\u0151t\u0151l p\u00e9ntekig, 08:00 \u2013 17:00 k\u00f6z\u00f6tt) ukr\u00e1n, orosz, magyar \u00e9s angol nyelven, vagy keressen minket e-mailen a <a href=\"mailto:hunbucontact@unhcr.org\">hunbucontact@unhcr.org<\/a> c\u00edmen.<\/p>\n\n\n\n<\/div>\n<\/div><\/div>\n\n\n<p class=\"has-medium-font-size\"><a href=\"https:\/\/help.unhcr.org\/hungary\/hu\/partners\/\">Vissza az \u00f6sszes szervezethez<\/a><\/p>\n\n\n\n<hr class=\"wp-block-separator has-text-color has-cyan-bluish-gray-color has-alpha-channel-opacity is-style-default\" style=\"border-top:0px !important\" \/>\n\n\n\n<p class=\"has-medium-font-size\"><strong>Jogi nyilatkozat<\/strong><br \/>Felh\u00edvjuk figyelm\u00e9t, hogy az ezen az oldalon szerepl\u0151 adatok a partnereinkt\u0151l kapott inform\u00e1ci\u00f3kon alapulnak. Amennyiben pontatlans\u00e1got tapasztal, k\u00e9rj\u00fck, jelezze a <a href=\"hunbuim@unhcr.org&#x27;\">hunbuim@unhcr.org<\/a> e-mail c\u00edmen, hogy fel\u00fclvizsg\u00e1lhassuk \u00e9s sz\u00fcks\u00e9g eset\u00e9n friss\u00edthess\u00fck azokat.<\/p>\n\n","protected":false},"excerpt":{"rendered":"<p>El\u00e9rhet\u0151s\u00e9gi adatok E-mailcfhu@cfoundationorg Telefon+36-36-516-750 Weboldalhttp:\/\/www.karpatokalapitvany.hu Facebookhttps:\/\/www.facebook.com\/karpatokalapitvany\/ Ny\u00fajtott szolg\u00e1ltat\u00e1sok Alapvet\u0151 sz\u00fcks\u00e9gletek\u2022 \u00c9lelmez\u00e9si seg\u00edts\u00e9g Eg\u00e9szs\u00e9g \u00e9s ment\u00e1lhigi\u00e9n\u00e9s szolg\u00e1ltat\u00e1sok\u2022 Hozz\u00e1f\u00e9r\u00e9s az eg\u00e9szs\u00e9g\u00fcgyi szolg\u00e1ltat\u00e1sokhoz\u2022 Hozz\u00e1f\u00e9r\u00e9s szexu\u00e1lis \u00e9s reprodukci\u00f3s eg\u00e9szs\u00e9g\u00fcgyi szolg\u00e1ltat\u00e1sokhoz (SRHC)\u2022 K\u00f6z\u00f6ss\u00e9gi alap\u00fa pszichoszoci\u00e1lis \u00e9s csal\u00e1dseg\u00edt\u0151 tev\u00e9kenys\u00e9gek\u2022 Speci\u00e1lis t\u00e1mogat\u00e1sra vonatkoz\u00f3 aj\u00e1nl\u00e1sok\u2022 Speci\u00e1lis MHPSS szolg\u00e1ltat\u00e1sok Foglalkoztat\u00e1s\u2022 Foglalkoztat\u00e1si \u00e9s munkajogi tan\u00e1csad\u00e1s\u2022 Kultur\u00e1lis k\u00f6zvet\u00edt\u00e9s \u00e9s integr\u00e1ci\u00f3 t\u00e1mogat\u00e1sa Gyermekv\u00e9delem\u2022 Gyermekbar\u00e1t terek\u2022 K\u00f6z\u00f6ss\u00e9gi alap\u00fa [&hellip;]<\/p>\n","protected":false},"author":575,"featured_media":0,"parent":18998,"menu_order":6,"comment_status":"closed","ping_status":"closed","template":"","meta":{"_acf_changed":false,"footnotes":""},"class_list":["post-46448","page","type-page","status-publish","hentry"],"acf":[],"_links":{"self":[{"href":"https:\/\/help.unhcr.org\/hungary\/hu\/wp-json\/wp\/v2\/pages\/46448","targetHints":{"allow":["GET"]}}],"collection":[{"href":"https:\/\/help.unhcr.org\/hungary\/hu\/wp-json\/wp\/v2\/pages"}],"about":[{"href":"https:\/\/help.unhcr.org\/hungary\/hu\/wp-json\/wp\/v2\/types\/page"}],"author":[{"embeddable":true,"href":"https:\/\/help.unhcr.org\/hungary\/hu\/wp-json\/wp\/v2\/users\/575"}],"replies":[{"embeddable":true,"href":"https:\/\/help.unhcr.org\/hungary\/hu\/wp-json\/wp\/v2\/comments?post=46448"}],"version-history":[{"count":10,"href":"https:\/\/help.unhcr.org\/hungary\/hu\/wp-json\/wp\/v2\/pages\/46448\/revisions"}],"predecessor-version":[{"id":49090,"href":"https:\/\/help.unhcr.org\/hungary\/hu\/wp-json\/wp\/v2\/pages\/46448\/revisions\/49090"}],"up":[{"embeddable":true,"href":"https:\/\/help.unhcr.org\/hungary\/hu\/wp-json\/wp\/v2\/pages\/18998"}],"wp:attachment":[{"href":"https:\/\/help.unhcr.org\/hungary\/hu\/wp-json\/wp\/v2\/media?parent=46448"}],"curies":[{"name":"wp","href":"https:\/\/api.w.org\/{rel}","templated":true}]}}