{"id":45301,"date":"2025-07-29T16:44:09","date_gmt":"2025-07-29T16:44:09","guid":{"rendered":"https:\/\/help.unhcr.org\/hungary\/partners\/sectors\/gender-based-violence-gbv\/"},"modified":"2025-12-24T09:38:43","modified_gmt":"2025-12-24T09:38:43","slug":"gender-based-violence-gbv","status":"publish","type":"page","link":"https:\/\/help.unhcr.org\/hungary\/hu\/partners\/sectors\/gender-based-violence-gbv\/","title":{"rendered":"Nemi alap\u00fa er\u0151szak (GBV) &#8211; Menek\u00fclteknek t\u00e1mogat\u00e1st \u00e9s seg\u00edts\u00e9get ny\u00fajt\u00f3 szervezetek Magyarorsz\u00e1gon"},"content":{"rendered":"\n\n<p class=\"has-medium-font-size\"><strong>Szolg\u00e1ltat\u00e1s t\u00edpus\u00e1nak m\u00f3dos\u00edt\u00e1sa:<\/strong><br \/><a href=\"https:\/\/help.unhcr.org\/hungary\/hu\/partners\/sectors\/basic-needs\/\" data-type=\"page\">Alapvet\u0151 sz\u00fcks\u00e9gletek<\/a> \u2022 <a href=\"https:\/\/help.unhcr.org\/hungary\/hu\/partners\/sectors\/health-mhpss\/\" data-type=\"page\">Eg\u00e9szs\u00e9g \u00e9s ment\u00e1lhigi\u00e9n\u00e9s szolg\u00e1ltat\u00e1sok<\/a> \u2022 <a href=\"https:\/\/help.unhcr.org\/hungary\/hu\/partners\/sectors\/employment\/\" data-type=\"page\">Foglalkoztat\u00e1s<\/a> \u2022 <a href=\"https:\/\/help.unhcr.org\/hungary\/hu\/partners\/sectors\/child-protection\/\" data-type=\"page\">Gyermekv\u00e9delem<\/a> \u2022 <a href=\"https:\/\/help.unhcr.org\/hungary\/hu\/partners\/sectors\/housing\/\" data-type=\"page\">Lakhat\u00e1s<\/a> \u2022 <strong>Nemi alap\u00fa er\u0151szak (GBV)<\/strong> \u2022 <a href=\"https:\/\/help.unhcr.org\/hungary\/hu\/partners\/sectors\/education\/\" data-type=\"page\">Oktat\u00e1s<\/a> \u2022 <a href=\"https:\/\/help.unhcr.org\/hungary\/hu\/partners\/sectors\/protection\/\" data-type=\"page\">V\u00e9delem<\/a><\/p>\n\n\n\n<div class=\"wp-block-columns is-layout-flex wp-container-core-columns-is-layout-9d6595d7 wp-block-columns-is-layout-flex\" style=\"margin-bottom:2em\">\n\n<div class=\"wp-block-column is-layout-flow wp-block-column-is-layout-flow\"><a href=\"https:\/\/help.unhcr.org\/hungary\/hu\/partners\/hungarian-baptist-aid\/\" style=\"text-decoration:none\"><div style=\"cursor:pointer;background-color:#0072bc;background:linear-gradient(to bottom, rgba(3,132,216,1) 0%, rgba(0,114,188,1) 100%);padding:14px;margin-bottom:0;border-radius:10px;position:relative;width:100%;height:100%;min-height:120px;overflow:hidden;color:white\"><img decoding=\"async\" src=\"https:\/\/help.unhcr.org\/hungary\/wp-content\/uploads\/sites\/86\/2024\/05\/hungarian-baptist-aid.png\" alt=\"undefined logo\" style=\"width:50px;height:50px;margin-bottom:10px\" \/>\n\n<h3 class=\"wp-block-heading undefined\" style=\"font-weight:500;margin-bottom:10px\"><strong>Baptista Szeretetszolg\u00e1lat<\/strong><\/h3>\n\n<img decoding=\"async\" src=\"https:\/\/help.unhcr.org\/hungary\/wp-content\/uploads\/sites\/86\/2025\/07\/gender-based-violence-gbv.png\" alt=\"Sector logo\" style=\"width:30px\" \/>\u00a0<img decoding=\"async\" src=\"https:\/\/help.unhcr.org\/hungary\/wp-content\/uploads\/sites\/86\/2024\/05\/housing.png\" alt=\"Sector logo\" style=\"width:30px\" \/>\u00a0<img decoding=\"async\" src=\"https:\/\/help.unhcr.org\/hungary\/wp-content\/uploads\/sites\/86\/2024\/05\/education.png\" alt=\"Sector logo\" style=\"width:30px\" \/>\u00a0<\/div><\/a><\/div>\n\n\n\n<div class=\"wp-block-column is-layout-flow wp-block-column-is-layout-flow\"><a href=\"https:\/\/help.unhcr.org\/hungary\/hu\/partners\/budapest-pride\/\" style=\"text-decoration:none\"><div style=\"cursor:pointer;background-color:#0072bc;background:linear-gradient(to bottom, rgba(3,132,216,1) 0%, rgba(0,114,188,1) 100%);padding:14px;margin-bottom:0;border-radius:10px;position:relative;width:100%;height:100%;min-height:120px;overflow:hidden;color:white\"><img decoding=\"async\" src=\"https:\/\/help.unhcr.org\/hungary\/wp-content\/uploads\/sites\/86\/2024\/05\/budapest-pride.png\" alt=\"undefined logo\" style=\"width:50px;height:50px;margin-bottom:10px\" \/>\n\n<h3 class=\"wp-block-heading undefined\" style=\"font-weight:500;margin-bottom:10px\"><strong>Budapest Pride<\/strong><\/h3>\n\n<img decoding=\"async\" src=\"https:\/\/help.unhcr.org\/hungary\/wp-content\/uploads\/sites\/86\/2025\/07\/gender-based-violence-gbv.png\" alt=\"Sector logo\" style=\"width:30px\" \/>\u00a0<img decoding=\"async\" src=\"https:\/\/help.unhcr.org\/hungary\/wp-content\/uploads\/sites\/86\/2025\/07\/health-mhpss.png\" alt=\"Sector logo\" style=\"width:30px\" \/>\u00a0<\/div><\/a><\/div>\n\n\n\n<div class=\"wp-block-column is-layout-flow wp-block-column-is-layout-flow\"><a href=\"https:\/\/help.unhcr.org\/hungary\/hu\/partners\/hatter-society-association\/\" style=\"text-decoration:none\"><div style=\"cursor:pointer;background-color:#0072bc;background:linear-gradient(to bottom, rgba(3,132,216,1) 0%, rgba(0,114,188,1) 100%);padding:14px;margin-bottom:0;border-radius:10px;position:relative;width:100%;height:100%;min-height:120px;overflow:hidden;color:white\"><img decoding=\"async\" src=\"https:\/\/help.unhcr.org\/hungary\/wp-content\/uploads\/sites\/86\/2024\/05\/hatter-society-association.png\" alt=\"undefined logo\" style=\"width:50px;height:50px;margin-bottom:10px\" \/>\n\n<h3 class=\"wp-block-heading undefined\" style=\"font-weight:500;margin-bottom:10px\"><strong>H\u00e1tt\u00e9r T\u00e1rsas\u00e1g<\/strong><\/h3>\n\n<img decoding=\"async\" src=\"https:\/\/help.unhcr.org\/hungary\/wp-content\/uploads\/sites\/86\/2025\/07\/gender-based-violence-gbv.png\" alt=\"Sector logo\" style=\"width:30px\" \/>\u00a0<img decoding=\"async\" src=\"https:\/\/help.unhcr.org\/hungary\/wp-content\/uploads\/sites\/86\/2025\/07\/health-mhpss.png\" alt=\"Sector logo\" style=\"width:30px\" \/>\u00a0<img decoding=\"async\" src=\"https:\/\/help.unhcr.org\/hungary\/wp-content\/uploads\/sites\/86\/2024\/05\/protection.png\" alt=\"Sector logo\" style=\"width:30px\" \/>\u00a0<\/div><\/a><\/div>\n\n<\/div>\n\n\n\n<div class=\"wp-block-columns is-layout-flex wp-container-core-columns-is-layout-9d6595d7 wp-block-columns-is-layout-flex\" style=\"margin-bottom:2em\">\n\n<div class=\"wp-block-column is-layout-flow wp-block-column-is-layout-flow\"><a href=\"https:\/\/help.unhcr.org\/hungary\/hu\/partners\/chance-for-families-2005\/\" style=\"text-decoration:none\"><div style=\"cursor:pointer;background-color:#0072bc;background:linear-gradient(to bottom, rgba(3,132,216,1) 0%, rgba(0,114,188,1) 100%);padding:14px;margin-bottom:0;border-radius:10px;position:relative;width:100%;height:100%;min-height:120px;overflow:hidden;color:white\"><img decoding=\"async\" src=\"https:\/\/help.unhcr.org\/hungary\/wp-content\/uploads\/sites\/86\/2024\/05\/chance-for-families-2005.png\" alt=\"undefined logo\" style=\"width:50px;height:50px;margin-bottom:10px\" \/>\n\n<h3 class=\"wp-block-heading undefined\" style=\"font-weight:500;margin-bottom:10px\"><strong>Lehet\u0151s\u00e9g Csal\u00e1doknak 2005 Alap\u00edtv\u00e1ny<\/strong><\/h3>\n\n<img decoding=\"async\" src=\"https:\/\/help.unhcr.org\/hungary\/wp-content\/uploads\/sites\/86\/2025\/07\/gender-based-violence-gbv.png\" alt=\"Sector logo\" style=\"width:30px\" \/>\u00a0<img decoding=\"async\" src=\"https:\/\/help.unhcr.org\/hungary\/wp-content\/uploads\/sites\/86\/2024\/05\/protection.png\" alt=\"Sector logo\" style=\"width:30px\" \/>\u00a0<\/div><\/a><\/div>\n\n\n\n<div class=\"wp-block-column is-layout-flow wp-block-column-is-layout-flow\"><a href=\"https:\/\/help.unhcr.org\/hungary\/hu\/partners\/hungarian-reformed-church-aid\/\" style=\"text-decoration:none\"><div style=\"cursor:pointer;background-color:#0072bc;background:linear-gradient(to bottom, rgba(3,132,216,1) 0%, rgba(0,114,188,1) 100%);padding:14px;margin-bottom:0;border-radius:10px;position:relative;width:100%;height:100%;min-height:120px;overflow:hidden;color:white\"><img decoding=\"async\" src=\"https:\/\/help.unhcr.org\/hungary\/wp-content\/uploads\/sites\/86\/2025\/04\/hungarian-reformed-church-aid.png\" alt=\"undefined logo\" style=\"width:50px;height:50px;margin-bottom:10px\" \/>\n\n<h3 class=\"wp-block-heading undefined\" style=\"font-weight:500;margin-bottom:10px\"><strong>Magyar Reform\u00e1tus Szeretetszolg\u00e1lat<\/strong><\/h3>\n\n<img decoding=\"async\" src=\"https:\/\/help.unhcr.org\/hungary\/wp-content\/uploads\/sites\/86\/2024\/05\/child-protection.png\" alt=\"Sector logo\" style=\"width:30px\" \/>\u00a0<img decoding=\"async\" src=\"https:\/\/help.unhcr.org\/hungary\/wp-content\/uploads\/sites\/86\/2024\/05\/education.png\" alt=\"Sector logo\" style=\"width:30px\" \/>\u00a0<img decoding=\"async\" src=\"https:\/\/help.unhcr.org\/hungary\/wp-content\/uploads\/sites\/86\/2025\/07\/employment.png\" alt=\"Sector logo\" style=\"width:30px\" \/>\u00a0<img decoding=\"async\" src=\"https:\/\/help.unhcr.org\/hungary\/wp-content\/uploads\/sites\/86\/2025\/07\/gender-based-violence-gbv.png\" alt=\"Sector logo\" style=\"width:30px\" \/>\u00a0<img decoding=\"async\" src=\"https:\/\/help.unhcr.org\/hungary\/wp-content\/uploads\/sites\/86\/2025\/07\/health-mhpss.png\" alt=\"Sector logo\" style=\"width:30px\" \/>\u00a0<img decoding=\"async\" src=\"https:\/\/help.unhcr.org\/hungary\/wp-content\/uploads\/sites\/86\/2024\/05\/housing.png\" alt=\"Sector logo\" style=\"width:30px\" \/>\u00a0<img decoding=\"async\" src=\"https:\/\/help.unhcr.org\/hungary\/wp-content\/uploads\/sites\/86\/2024\/05\/protection.png\" alt=\"Sector logo\" style=\"width:30px\" \/>\u00a0<\/div><\/a><\/div>\n\n\n\n<div class=\"wp-block-column is-layout-flow wp-block-column-is-layout-flow\"><a href=\"https:\/\/help.unhcr.org\/hungary\/hu\/partners\/nane-women-for-women-together-against-violence-association\/\" style=\"text-decoration:none\"><div style=\"cursor:pointer;background-color:#0072bc;background:linear-gradient(to bottom, rgba(3,132,216,1) 0%, rgba(0,114,188,1) 100%);padding:14px;margin-bottom:0;border-radius:10px;position:relative;width:100%;height:100%;min-height:120px;overflow:hidden;color:white\"><img decoding=\"async\" src=\"https:\/\/help.unhcr.org\/hungary\/wp-content\/uploads\/sites\/86\/2024\/05\/nane-women-for-women-together-against-violence-association.png\" alt=\"undefined logo\" style=\"width:50px;height:50px;margin-bottom:10px\" \/>\n\n<h3 class=\"wp-block-heading undefined\" style=\"font-weight:500;margin-bottom:10px\"><strong>NANE \u2013 N\u0151k a N\u0151k\u00e9rt Egy\u00fctt az Er\u0151szak Ellen Egyes\u00fclet<\/strong><\/h3>\n\n<img decoding=\"async\" src=\"https:\/\/help.unhcr.org\/hungary\/wp-content\/uploads\/sites\/86\/2025\/07\/gender-based-violence-gbv.png\" alt=\"Sector logo\" style=\"width:30px\" \/>\u00a0<img decoding=\"async\" src=\"https:\/\/help.unhcr.org\/hungary\/wp-content\/uploads\/sites\/86\/2025\/07\/health-mhpss.png\" alt=\"Sector logo\" style=\"width:30px\" \/>\u00a0<\/div><\/a><\/div>\n\n<\/div>\n\n\n\n<div class=\"wp-block-columns is-layout-flex wp-container-core-columns-is-layout-9d6595d7 wp-block-columns-is-layout-flex\" style=\"margin-bottom:2em\">\n\n<div class=\"wp-block-column is-layout-flow wp-block-column-is-layout-flow\"><a href=\"https:\/\/help.unhcr.org\/hungary\/hu\/partners\/national-crisis-management-and-information-telephone-service-okit\/\" style=\"text-decoration:none\"><div style=\"cursor:pointer;background-color:#0072bc;background:linear-gradient(to bottom, rgba(3,132,216,1) 0%, rgba(0,114,188,1) 100%);padding:14px;margin-bottom:0;border-radius:10px;position:relative;width:100%;height:100%;min-height:120px;overflow:hidden;color:white\"><img decoding=\"async\" src=\"https:\/\/help.unhcr.org\/hungary\/wp-content\/uploads\/sites\/86\/2025\/07\/national-crisis-management-and-information-telephone-service-okit.png\" alt=\"undefined logo\" style=\"width:50px;height:50px;margin-bottom:10px\" \/>\n\n<h3 class=\"wp-block-heading undefined\" style=\"font-weight:500;margin-bottom:10px\"><strong>Orsz\u00e1gos Kr\u00edziskezel\u0151 \u00e9s Inform\u00e1ci\u00f3s Telefonszolg\u00e1lat<\/strong><\/h3>\n\n<img decoding=\"async\" src=\"https:\/\/help.unhcr.org\/hungary\/wp-content\/uploads\/sites\/86\/2024\/05\/child-protection.png\" alt=\"Sector logo\" style=\"width:30px\" \/>\u00a0<img decoding=\"async\" src=\"https:\/\/help.unhcr.org\/hungary\/wp-content\/uploads\/sites\/86\/2025\/07\/gender-based-violence-gbv.png\" alt=\"Sector logo\" style=\"width:30px\" \/>\u00a0<img decoding=\"async\" src=\"https:\/\/help.unhcr.org\/hungary\/wp-content\/uploads\/sites\/86\/2024\/05\/protection.png\" alt=\"Sector logo\" style=\"width:30px\" \/>\u00a0<\/div><\/a><\/div>\n\n\n\n<div class=\"wp-block-column is-layout-flow wp-block-column-is-layout-flow\"><a href=\"https:\/\/help.unhcr.org\/hungary\/hu\/partners\/patent-association\/\" style=\"text-decoration:none\"><div style=\"cursor:pointer;background-color:#0072bc;background:linear-gradient(to bottom, rgba(3,132,216,1) 0%, rgba(0,114,188,1) 100%);padding:14px;margin-bottom:0;border-radius:10px;position:relative;width:100%;height:100%;min-height:120px;overflow:hidden;color:white\"><img decoding=\"async\" src=\"https:\/\/help.unhcr.org\/hungary\/wp-content\/uploads\/sites\/86\/2024\/05\/patent-association.png\" alt=\"undefined logo\" style=\"width:50px;height:50px;margin-bottom:10px\" \/>\n\n<h3 class=\"wp-block-heading undefined\" style=\"font-weight:500;margin-bottom:10px\"><strong>PATENT Egyes\u00fclet<\/strong><\/h3>\n\n<img decoding=\"async\" src=\"https:\/\/help.unhcr.org\/hungary\/wp-content\/uploads\/sites\/86\/2025\/07\/gender-based-violence-gbv.png\" alt=\"Sector logo\" style=\"width:30px\" \/>\u00a0<\/div><\/a><\/div>\n\n\n\n<div class=\"wp-block-column is-layout-flow wp-block-column-is-layout-flow\"><a href=\"https:\/\/help.unhcr.org\/hungary\/hu\/partners\/central-free-hotline-for-victim-support-ask\/\" style=\"text-decoration:none\"><div style=\"cursor:pointer;background-color:#0072bc;background:linear-gradient(to bottom, rgba(3,132,216,1) 0%, rgba(0,114,188,1) 100%);padding:14px;margin-bottom:0;border-radius:10px;position:relative;width:100%;height:100%;min-height:120px;overflow:hidden;color:white\"><img decoding=\"async\" src=\"https:\/\/help.unhcr.org\/hungary\/wp-content\/uploads\/sites\/86\/2024\/05\/central-free-hotline-for-victim-support-ask.png\" alt=\"undefined logo\" style=\"width:50px;height:50px;margin-bottom:10px\" \/>\n\n<h3 class=\"wp-block-heading undefined\" style=\"font-weight:500;margin-bottom:10px\"><strong>\u00c1ldozatseg\u00edt\u0151 vonal (\u00c1SK)<\/strong><\/h3>\n\n<img decoding=\"async\" src=\"https:\/\/help.unhcr.org\/hungary\/wp-content\/uploads\/sites\/86\/2025\/07\/gender-based-violence-gbv.png\" alt=\"Sector logo\" style=\"width:30px\" \/>\u00a0<\/div><\/a><\/div>\n\n<\/div>\n\n\n\n<p class=\"has-medium-font-size\"><a href=\"https:\/\/help.unhcr.org\/hungary\/hu\/partners\/\">Vissza az \u00f6sszes szervezethez<\/a><\/p>\n\n\n\n<hr class=\"wp-block-separator has-text-color has-cyan-bluish-gray-color has-alpha-channel-opacity is-style-default\" style=\"border-top:0px !important\" \/>\n\n\n\n<p class=\"has-medium-font-size\"><strong>Jogi nyilatkozat<\/strong><br \/>Felh\u00edvjuk figyelm\u00e9t, hogy az ezen az oldalon szerepl\u0151 adatok a partnereinkt\u0151l kapott inform\u00e1ci\u00f3kon alapulnak. Amennyiben pontatlans\u00e1got tapasztal, k\u00e9rj\u00fck, jelezze a <a href=\"hunbuim@unhcr.org&#x27;\">hunbuim@unhcr.org<\/a> e-mail c\u00edmen, hogy fel\u00fclvizsg\u00e1lhassuk \u00e9s sz\u00fcks\u00e9g eset\u00e9n friss\u00edthess\u00fck azokat.<\/p>\n\n","protected":false},"excerpt":{"rendered":"<p>Szolg\u00e1ltat\u00e1s t\u00edpus\u00e1nak m\u00f3dos\u00edt\u00e1sa:Alapvet\u0151 sz\u00fcks\u00e9gletek \u2022 Eg\u00e9szs\u00e9g \u00e9s ment\u00e1lhigi\u00e9n\u00e9s szolg\u00e1ltat\u00e1sok \u2022 Foglalkoztat\u00e1s \u2022 Gyermekv\u00e9delem \u2022 Lakhat\u00e1s \u2022 Nemi alap\u00fa er\u0151szak (GBV) \u2022 Oktat\u00e1s \u2022 V\u00e9delem Baptista Szeretetszolg\u00e1lat Budapest Pride H\u00e1tt\u00e9r T\u00e1rsas\u00e1g Lehet\u0151s\u00e9g Csal\u00e1doknak 2005 Alap\u00edtv\u00e1ny Magyar Reform\u00e1tus Szeretetszolg\u00e1lat NANE \u2013 N\u0151k a N\u0151k\u00e9rt Egy\u00fctt az Er\u0151szak Ellen Egyes\u00fclet Orsz\u00e1gos Kr\u00edziskezel\u0151 \u00e9s Inform\u00e1ci\u00f3s Telefonszolg\u00e1lat PATENT Egyes\u00fclet \u00c1ldozatseg\u00edt\u0151 [&hellip;]<\/p>\n","protected":false},"author":575,"featured_media":0,"parent":19471,"menu_order":4,"comment_status":"closed","ping_status":"closed","template":"","meta":{"_acf_changed":false,"footnotes":""},"class_list":["post-45301","page","type-page","status-publish","hentry"],"acf":[],"_links":{"self":[{"href":"https:\/\/help.unhcr.org\/hungary\/hu\/wp-json\/wp\/v2\/pages\/45301","targetHints":{"allow":["GET"]}}],"collection":[{"href":"https:\/\/help.unhcr.org\/hungary\/hu\/wp-json\/wp\/v2\/pages"}],"about":[{"href":"https:\/\/help.unhcr.org\/hungary\/hu\/wp-json\/wp\/v2\/types\/page"}],"author":[{"embeddable":true,"href":"https:\/\/help.unhcr.org\/hungary\/hu\/wp-json\/wp\/v2\/users\/575"}],"replies":[{"embeddable":true,"href":"https:\/\/help.unhcr.org\/hungary\/hu\/wp-json\/wp\/v2\/comments?post=45301"}],"version-history":[{"count":12,"href":"https:\/\/help.unhcr.org\/hungary\/hu\/wp-json\/wp\/v2\/pages\/45301\/revisions"}],"predecessor-version":[{"id":49028,"href":"https:\/\/help.unhcr.org\/hungary\/hu\/wp-json\/wp\/v2\/pages\/45301\/revisions\/49028"}],"up":[{"embeddable":true,"href":"https:\/\/help.unhcr.org\/hungary\/hu\/wp-json\/wp\/v2\/pages\/19471"}],"wp:attachment":[{"href":"https:\/\/help.unhcr.org\/hungary\/hu\/wp-json\/wp\/v2\/media?parent=45301"}],"curies":[{"name":"wp","href":"https:\/\/api.w.org\/{rel}","templated":true}]}}