{"id":45291,"date":"2025-07-29T16:43:54","date_gmt":"2025-07-29T16:43:54","guid":{"rendered":"https:\/\/help.unhcr.org\/hungary\/partners\/sectors\/basic-needs\/"},"modified":"2025-12-24T09:38:32","modified_gmt":"2025-12-24T09:38:32","slug":"basic-needs","status":"publish","type":"page","link":"https:\/\/help.unhcr.org\/hungary\/hu\/partners\/sectors\/basic-needs\/","title":{"rendered":"Alapvet\u0151 sz\u00fcks\u00e9gletek &#8211; Menek\u00fclteknek t\u00e1mogat\u00e1st \u00e9s seg\u00edts\u00e9get ny\u00fajt\u00f3 szervezetek Magyarorsz\u00e1gon"},"content":{"rendered":"\n\n<p class=\"has-medium-font-size\"><strong>Szolg\u00e1ltat\u00e1s t\u00edpus\u00e1nak m\u00f3dos\u00edt\u00e1sa:<\/strong><br \/><strong>Alapvet\u0151 sz\u00fcks\u00e9gletek<\/strong> \u2022 <a href=\"https:\/\/help.unhcr.org\/hungary\/hu\/partners\/sectors\/health-mhpss\/\" data-type=\"page\">Eg\u00e9szs\u00e9g \u00e9s ment\u00e1lhigi\u00e9n\u00e9s szolg\u00e1ltat\u00e1sok<\/a> \u2022 <a href=\"https:\/\/help.unhcr.org\/hungary\/hu\/partners\/sectors\/employment\/\" data-type=\"page\">Foglalkoztat\u00e1s<\/a> \u2022 <a href=\"https:\/\/help.unhcr.org\/hungary\/hu\/partners\/sectors\/child-protection\/\" data-type=\"page\">Gyermekv\u00e9delem<\/a> \u2022 <a href=\"https:\/\/help.unhcr.org\/hungary\/hu\/partners\/sectors\/housing\/\" data-type=\"page\">Lakhat\u00e1s<\/a> \u2022 <a href=\"https:\/\/help.unhcr.org\/hungary\/hu\/partners\/sectors\/gender-based-violence-gbv\/\" data-type=\"page\">Nemi alap\u00fa er\u0151szak (GBV)<\/a> \u2022 <a href=\"https:\/\/help.unhcr.org\/hungary\/hu\/partners\/sectors\/education\/\" data-type=\"page\">Oktat\u00e1s<\/a> \u2022 <a href=\"https:\/\/help.unhcr.org\/hungary\/hu\/partners\/sectors\/protection\/\" data-type=\"page\">V\u00e9delem<\/a><\/p>\n\n\n\n<div class=\"wp-block-columns is-layout-flex wp-container-core-columns-is-layout-9d6595d7 wp-block-columns-is-layout-flex\" style=\"margin-bottom:2em\">\n\n<div class=\"wp-block-column is-layout-flow wp-block-column-is-layout-flow\"><a href=\"https:\/\/help.unhcr.org\/hungary\/hu\/partners\/carpathian-foundation-karpatok-alapitvany\/\" style=\"text-decoration:none\"><div style=\"cursor:pointer;background-color:#0072bc;background:linear-gradient(to bottom, rgba(3,132,216,1) 0%, rgba(0,114,188,1) 100%);padding:14px;margin-bottom:0;border-radius:10px;position:relative;width:100%;height:100%;min-height:120px;overflow:hidden;color:white\"><img decoding=\"async\" src=\"https:\/\/help.unhcr.org\/hungary\/wp-content\/uploads\/sites\/86\/2025\/07\/carpathian-foundation-karpatok-alapitvany.png\" alt=\"undefined logo\" style=\"width:50px;height:50px;margin-bottom:10px\" \/>\n\n<h3 class=\"wp-block-heading undefined\" style=\"font-weight:500;margin-bottom:10px\"><strong>Carpathian Foundation \/ K\u00e1rp\u00e1tok Alap\u00edtv\u00e1ny<\/strong><\/h3>\n\n<img decoding=\"async\" src=\"https:\/\/help.unhcr.org\/hungary\/wp-content\/uploads\/sites\/86\/2025\/07\/basic-needs.png\" alt=\"Sector logo\" style=\"width:30px\" \/>\u00a0<img decoding=\"async\" src=\"https:\/\/help.unhcr.org\/hungary\/wp-content\/uploads\/sites\/86\/2024\/05\/child-protection.png\" alt=\"Sector logo\" style=\"width:30px\" \/>\u00a0<img decoding=\"async\" src=\"https:\/\/help.unhcr.org\/hungary\/wp-content\/uploads\/sites\/86\/2024\/05\/education.png\" alt=\"Sector logo\" style=\"width:30px\" \/>\u00a0<img decoding=\"async\" src=\"https:\/\/help.unhcr.org\/hungary\/wp-content\/uploads\/sites\/86\/2025\/07\/employment.png\" alt=\"Sector logo\" style=\"width:30px\" \/>\u00a0<img decoding=\"async\" src=\"https:\/\/help.unhcr.org\/hungary\/wp-content\/uploads\/sites\/86\/2025\/07\/health-mhpss.png\" alt=\"Sector logo\" style=\"width:30px\" \/>\u00a0<img decoding=\"async\" src=\"https:\/\/help.unhcr.org\/hungary\/wp-content\/uploads\/sites\/86\/2024\/05\/protection.png\" alt=\"Sector logo\" style=\"width:30px\" \/>\u00a0<\/div><\/a><\/div>\n\n\n\n<div class=\"wp-block-column is-layout-flow wp-block-column-is-layout-flow\"><a href=\"https:\/\/help.unhcr.org\/hungary\/hu\/partners\/dnipro-orszagos-ukran-kulturalis-egyesulet\/\" style=\"text-decoration:none\"><div style=\"cursor:pointer;background-color:#0072bc;background:linear-gradient(to bottom, rgba(3,132,216,1) 0%, rgba(0,114,188,1) 100%);padding:14px;margin-bottom:0;border-radius:10px;position:relative;width:100%;height:100%;min-height:120px;overflow:hidden;color:white\"><img decoding=\"async\" src=\"https:\/\/help.unhcr.org\/hungary\/wp-content\/uploads\/sites\/86\/2024\/05\/dnipro-orszagos-ukran-kulturalis-egyesulet.png\" alt=\"undefined logo\" style=\"width:50px;height:50px;margin-bottom:10px\" \/>\n\n<h3 class=\"wp-block-heading undefined\" style=\"font-weight:500;margin-bottom:10px\"><strong>Dnipro Orsz\u00e1gos Ukr\u00e1n Kultur\u00e1lis Egyes\u00fclet<\/strong><\/h3>\n\n<img decoding=\"async\" src=\"https:\/\/help.unhcr.org\/hungary\/wp-content\/uploads\/sites\/86\/2025\/07\/basic-needs.png\" alt=\"Sector logo\" style=\"width:30px\" \/>\u00a0<img decoding=\"async\" src=\"https:\/\/help.unhcr.org\/hungary\/wp-content\/uploads\/sites\/86\/2024\/05\/child-protection.png\" alt=\"Sector logo\" style=\"width:30px\" \/>\u00a0<img decoding=\"async\" src=\"https:\/\/help.unhcr.org\/hungary\/wp-content\/uploads\/sites\/86\/2024\/05\/education.png\" alt=\"Sector logo\" style=\"width:30px\" \/>\u00a0<img decoding=\"async\" src=\"https:\/\/help.unhcr.org\/hungary\/wp-content\/uploads\/sites\/86\/2025\/07\/health-mhpss.png\" alt=\"Sector logo\" style=\"width:30px\" \/>\u00a0<img decoding=\"async\" src=\"https:\/\/help.unhcr.org\/hungary\/wp-content\/uploads\/sites\/86\/2024\/05\/housing.png\" alt=\"Sector logo\" style=\"width:30px\" \/>\u00a0<img decoding=\"async\" src=\"https:\/\/help.unhcr.org\/hungary\/wp-content\/uploads\/sites\/86\/2024\/05\/protection.png\" alt=\"Sector logo\" style=\"width:30px\" \/>\u00a0<\/div><\/a><\/div>\n\n\n\n<div class=\"wp-block-column is-layout-flow wp-block-column-is-layout-flow\"><a href=\"https:\/\/help.unhcr.org\/hungary\/hu\/partners\/devai-fogado\/\" style=\"text-decoration:none\"><div style=\"cursor:pointer;background-color:#0072bc;background:linear-gradient(to bottom, rgba(3,132,216,1) 0%, rgba(0,114,188,1) 100%);padding:14px;margin-bottom:0;border-radius:10px;position:relative;width:100%;height:100%;min-height:120px;overflow:hidden;color:white\"><img decoding=\"async\" src=\"https:\/\/help.unhcr.org\/hungary\/wp-content\/uploads\/sites\/86\/2024\/05\/devai-fogado.png\" alt=\"undefined logo\" style=\"width:50px;height:50px;margin-bottom:10px\" \/>\n\n<h3 class=\"wp-block-heading undefined\" style=\"font-weight:500;margin-bottom:10px\"><strong>D\u00e9vai Fogad\u00f3<\/strong><\/h3>\n\n<img decoding=\"async\" src=\"https:\/\/help.unhcr.org\/hungary\/wp-content\/uploads\/sites\/86\/2025\/07\/basic-needs.png\" alt=\"Sector logo\" style=\"width:30px\" \/>\u00a0<img decoding=\"async\" src=\"https:\/\/help.unhcr.org\/hungary\/wp-content\/uploads\/sites\/86\/2024\/05\/child-protection.png\" alt=\"Sector logo\" style=\"width:30px\" \/>\u00a0<img decoding=\"async\" src=\"https:\/\/help.unhcr.org\/hungary\/wp-content\/uploads\/sites\/86\/2024\/05\/education.png\" alt=\"Sector logo\" style=\"width:30px\" \/>\u00a0<img decoding=\"async\" src=\"https:\/\/help.unhcr.org\/hungary\/wp-content\/uploads\/sites\/86\/2025\/07\/health-mhpss.png\" alt=\"Sector logo\" style=\"width:30px\" \/>\u00a0<img decoding=\"async\" src=\"https:\/\/help.unhcr.org\/hungary\/wp-content\/uploads\/sites\/86\/2024\/05\/housing.png\" alt=\"Sector logo\" style=\"width:30px\" \/>\u00a0<img decoding=\"async\" src=\"https:\/\/help.unhcr.org\/hungary\/wp-content\/uploads\/sites\/86\/2024\/05\/protection.png\" alt=\"Sector logo\" style=\"width:30px\" \/>\u00a0<\/div><\/a><\/div>\n\n<\/div>\n\n\n\n<div class=\"wp-block-columns is-layout-flex wp-container-core-columns-is-layout-9d6595d7 wp-block-columns-is-layout-flex\" style=\"margin-bottom:2em\">\n\n<div class=\"wp-block-column is-layout-flow wp-block-column-is-layout-flow\"><a href=\"https:\/\/help.unhcr.org\/hungary\/hu\/partners\/eu-roma-orszagos-egyesulet\/\" style=\"text-decoration:none\"><div style=\"cursor:pointer;background-color:#0072bc;background:linear-gradient(to bottom, rgba(3,132,216,1) 0%, rgba(0,114,188,1) 100%);padding:14px;margin-bottom:0;border-radius:10px;position:relative;width:100%;height:100%;min-height:120px;overflow:hidden;color:white\"><img decoding=\"async\" src=\"https:\/\/help.unhcr.org\/hungary\/wp-content\/uploads\/sites\/86\/2024\/05\/eu-roma-orszagos-egyesulet.png\" alt=\"undefined logo\" style=\"width:50px;height:50px;margin-bottom:10px\" \/>\n\n<h3 class=\"wp-block-heading undefined\" style=\"font-weight:500;margin-bottom:10px\"><strong>EU-Roma Orsz\u00e1gos Egyes\u00fclet<\/strong><\/h3>\n\n<img decoding=\"async\" src=\"https:\/\/help.unhcr.org\/hungary\/wp-content\/uploads\/sites\/86\/2025\/07\/basic-needs.png\" alt=\"Sector logo\" style=\"width:30px\" \/>\u00a0<\/div><\/a><\/div>\n\n\n\n<div class=\"wp-block-column is-layout-flow wp-block-column-is-layout-flow\"><a href=\"https:\/\/help.unhcr.org\/hungary\/hu\/partners\/jesuits-refugee-service\/\" style=\"text-decoration:none\"><div style=\"cursor:pointer;background-color:#0072bc;background:linear-gradient(to bottom, rgba(3,132,216,1) 0%, rgba(0,114,188,1) 100%);padding:14px;margin-bottom:0;border-radius:10px;position:relative;width:100%;height:100%;min-height:120px;overflow:hidden;color:white\"><img decoding=\"async\" src=\"https:\/\/help.unhcr.org\/hungary\/wp-content\/uploads\/sites\/86\/2024\/05\/jesuits-refugee-service.png\" alt=\"undefined logo\" style=\"width:50px;height:50px;margin-bottom:10px\" \/>\n\n<h3 class=\"wp-block-heading undefined\" style=\"font-weight:500;margin-bottom:10px\"><strong>Jezsuita Menek\u00fcltszolg\u00e1lat<\/strong><\/h3>\n\n<img decoding=\"async\" src=\"https:\/\/help.unhcr.org\/hungary\/wp-content\/uploads\/sites\/86\/2025\/07\/basic-needs.png\" alt=\"Sector logo\" style=\"width:30px\" \/>\u00a0<img decoding=\"async\" src=\"https:\/\/help.unhcr.org\/hungary\/wp-content\/uploads\/sites\/86\/2024\/05\/child-protection.png\" alt=\"Sector logo\" style=\"width:30px\" \/>\u00a0<img decoding=\"async\" src=\"https:\/\/help.unhcr.org\/hungary\/wp-content\/uploads\/sites\/86\/2024\/05\/education.png\" alt=\"Sector logo\" style=\"width:30px\" \/>\u00a0<img decoding=\"async\" src=\"https:\/\/help.unhcr.org\/hungary\/wp-content\/uploads\/sites\/86\/2025\/07\/health-mhpss.png\" alt=\"Sector logo\" style=\"width:30px\" \/>\u00a0<img decoding=\"async\" src=\"https:\/\/help.unhcr.org\/hungary\/wp-content\/uploads\/sites\/86\/2024\/05\/protection.png\" alt=\"Sector logo\" style=\"width:30px\" \/>\u00a0<\/div><\/a><\/div>\n\n\n\n<div class=\"wp-block-column is-layout-flow wp-block-column-is-layout-flow\"><a href=\"https:\/\/help.unhcr.org\/hungary\/hu\/partners\/laurus-foundation\/\" style=\"text-decoration:none\"><div style=\"cursor:pointer;background-color:#0072bc;background:linear-gradient(to bottom, rgba(3,132,216,1) 0%, rgba(0,114,188,1) 100%);padding:14px;margin-bottom:0;border-radius:10px;position:relative;width:100%;height:100%;min-height:120px;overflow:hidden;color:white\"><img decoding=\"async\" src=\"https:\/\/help.unhcr.org\/hungary\/wp-content\/uploads\/sites\/86\/2024\/05\/laurus-foundation.png\" alt=\"undefined logo\" style=\"width:50px;height:50px;margin-bottom:10px\" \/>\n\n<h3 class=\"wp-block-heading undefined\" style=\"font-weight:500;margin-bottom:10px\"><strong>Laurus Alap\u00edtv\u00e1ny<\/strong><\/h3>\n\n<img decoding=\"async\" src=\"https:\/\/help.unhcr.org\/hungary\/wp-content\/uploads\/sites\/86\/2025\/07\/basic-needs.png\" alt=\"Sector logo\" style=\"width:30px\" \/>\u00a0<img decoding=\"async\" src=\"https:\/\/help.unhcr.org\/hungary\/wp-content\/uploads\/sites\/86\/2024\/05\/child-protection.png\" alt=\"Sector logo\" style=\"width:30px\" \/>\u00a0<img decoding=\"async\" src=\"https:\/\/help.unhcr.org\/hungary\/wp-content\/uploads\/sites\/86\/2024\/05\/education.png\" alt=\"Sector logo\" style=\"width:30px\" \/>\u00a0<img decoding=\"async\" src=\"https:\/\/help.unhcr.org\/hungary\/wp-content\/uploads\/sites\/86\/2024\/05\/protection.png\" alt=\"Sector logo\" style=\"width:30px\" \/>\u00a0<\/div><\/a><\/div>\n\n<\/div>\n\n\n\n<div class=\"wp-block-columns is-layout-flex wp-container-core-columns-is-layout-9d6595d7 wp-block-columns-is-layout-flex\" style=\"margin-bottom:2em\">\n\n<div class=\"wp-block-column is-layout-flow wp-block-column-is-layout-flow\"><a href=\"https:\/\/help.unhcr.org\/hungary\/hu\/partners\/hungarian-charity-service-of-the-order-of-malta\/\" style=\"text-decoration:none\"><div style=\"cursor:pointer;background-color:#0072bc;background:linear-gradient(to bottom, rgba(3,132,216,1) 0%, rgba(0,114,188,1) 100%);padding:14px;margin-bottom:0;border-radius:10px;position:relative;width:100%;height:100%;min-height:120px;overflow:hidden;color:white\"><img decoding=\"async\" src=\"https:\/\/help.unhcr.org\/hungary\/wp-content\/uploads\/sites\/86\/2024\/05\/hungarian-charity-service-of-the-order-of-malta.png\" alt=\"undefined logo\" style=\"width:50px;height:50px;margin-bottom:10px\" \/>\n\n<h3 class=\"wp-block-heading undefined\" style=\"font-weight:500;margin-bottom:10px\"><strong>Magyar M\u00e1ltai Szeretetszolg\u00e1lat<\/strong><\/h3>\n\n<img decoding=\"async\" src=\"https:\/\/help.unhcr.org\/hungary\/wp-content\/uploads\/sites\/86\/2025\/07\/basic-needs.png\" alt=\"Sector logo\" style=\"width:30px\" \/>\u00a0<img decoding=\"async\" src=\"https:\/\/help.unhcr.org\/hungary\/wp-content\/uploads\/sites\/86\/2024\/05\/housing.png\" alt=\"Sector logo\" style=\"width:30px\" \/>\u00a0<\/div><\/a><\/div>\n\n\n\n<div class=\"wp-block-column is-layout-flow wp-block-column-is-layout-flow\"><a href=\"https:\/\/help.unhcr.org\/hungary\/hu\/partners\/hungarian-red-cross\/\" style=\"text-decoration:none\"><div style=\"cursor:pointer;background-color:#0072bc;background:linear-gradient(to bottom, rgba(3,132,216,1) 0%, rgba(0,114,188,1) 100%);padding:14px;margin-bottom:0;border-radius:10px;position:relative;width:100%;height:100%;min-height:120px;overflow:hidden;color:white\"><img decoding=\"async\" src=\"https:\/\/help.unhcr.org\/hungary\/wp-content\/uploads\/sites\/86\/2024\/05\/hungarian-red-cross.png\" alt=\"undefined logo\" style=\"width:50px;height:50px;margin-bottom:10px\" \/>\n\n<h3 class=\"wp-block-heading undefined\" style=\"font-weight:500;margin-bottom:10px\"><strong>Magyar V\u00f6r\u00f6skereszt<\/strong><\/h3>\n\n<img decoding=\"async\" src=\"https:\/\/help.unhcr.org\/hungary\/wp-content\/uploads\/sites\/86\/2025\/07\/basic-needs.png\" alt=\"Sector logo\" style=\"width:30px\" \/>\u00a0<img decoding=\"async\" src=\"https:\/\/help.unhcr.org\/hungary\/wp-content\/uploads\/sites\/86\/2024\/05\/child-protection.png\" alt=\"Sector logo\" style=\"width:30px\" \/>\u00a0<img decoding=\"async\" src=\"https:\/\/help.unhcr.org\/hungary\/wp-content\/uploads\/sites\/86\/2024\/05\/education.png\" alt=\"Sector logo\" style=\"width:30px\" \/>\u00a0<img decoding=\"async\" src=\"https:\/\/help.unhcr.org\/hungary\/wp-content\/uploads\/sites\/86\/2024\/05\/protection.png\" alt=\"Sector logo\" style=\"width:30px\" \/>\u00a0<img decoding=\"async\" src=\"https:\/\/help.unhcr.org\/hungary\/wp-content\/uploads\/sites\/86\/2025\/07\/health-mhpss.png\" alt=\"Sector logo\" style=\"width:30px\" \/>\u00a0<\/div><\/a><\/div>\n\n\n\n<div class=\"wp-block-column is-layout-flow wp-block-column-is-layout-flow\"><a href=\"https:\/\/help.unhcr.org\/hungary\/hu\/partners\/migration-aid\/\" style=\"text-decoration:none\"><div style=\"cursor:pointer;background-color:#0072bc;background:linear-gradient(to bottom, rgba(3,132,216,1) 0%, rgba(0,114,188,1) 100%);padding:14px;margin-bottom:0;border-radius:10px;position:relative;width:100%;height:100%;min-height:120px;overflow:hidden;color:white\"><img decoding=\"async\" src=\"https:\/\/help.unhcr.org\/hungary\/wp-content\/uploads\/sites\/86\/2024\/05\/migration-aid.png\" alt=\"undefined logo\" style=\"width:50px;height:50px;margin-bottom:10px\" \/>\n\n<h3 class=\"wp-block-heading undefined\" style=\"font-weight:500;margin-bottom:10px\"><strong>Migration Aid<\/strong><\/h3>\n\n<img decoding=\"async\" src=\"https:\/\/help.unhcr.org\/hungary\/wp-content\/uploads\/sites\/86\/2024\/05\/education.png\" alt=\"Sector logo\" style=\"width:30px\" \/>\u00a0<img decoding=\"async\" src=\"https:\/\/help.unhcr.org\/hungary\/wp-content\/uploads\/sites\/86\/2025\/07\/basic-needs.png\" alt=\"Sector logo\" style=\"width:30px\" \/>\u00a0<img decoding=\"async\" src=\"https:\/\/help.unhcr.org\/hungary\/wp-content\/uploads\/sites\/86\/2024\/05\/housing.png\" alt=\"Sector logo\" style=\"width:30px\" \/>\u00a0<img decoding=\"async\" src=\"https:\/\/help.unhcr.org\/hungary\/wp-content\/uploads\/sites\/86\/2024\/05\/protection.png\" alt=\"Sector logo\" style=\"width:30px\" \/>\u00a0<img decoding=\"async\" src=\"https:\/\/help.unhcr.org\/hungary\/wp-content\/uploads\/sites\/86\/2025\/07\/health-mhpss.png\" alt=\"Sector logo\" style=\"width:30px\" \/>\u00a0<\/div><\/a><\/div>\n\n<\/div>\n\n\n\n<div class=\"wp-block-columns is-layout-flex wp-container-core-columns-is-layout-9d6595d7 wp-block-columns-is-layout-flex\" style=\"margin-bottom:2em\">\n\n<div class=\"wp-block-column is-layout-flow wp-block-column-is-layout-flow\"><a href=\"https:\/\/help.unhcr.org\/hungary\/hu\/partners\/international-organization-for-migration\/\" style=\"text-decoration:none\"><div style=\"cursor:pointer;background-color:#0072bc;background:linear-gradient(to bottom, rgba(3,132,216,1) 0%, rgba(0,114,188,1) 100%);padding:14px;margin-bottom:0;border-radius:10px;position:relative;width:100%;height:100%;min-height:120px;overflow:hidden;color:white\"><img decoding=\"async\" src=\"https:\/\/help.unhcr.org\/hungary\/wp-content\/uploads\/sites\/86\/2024\/05\/international-organization-for-migration.png\" alt=\"undefined logo\" style=\"width:50px;height:50px;margin-bottom:10px\" \/>\n\n<h3 class=\"wp-block-heading undefined\" style=\"font-weight:500;margin-bottom:10px\"><strong>Nemzetk\u00f6zi Migr\u00e1ci\u00f3s Szervezet (IOM)<\/strong><\/h3>\n\n<img decoding=\"async\" src=\"https:\/\/help.unhcr.org\/hungary\/wp-content\/uploads\/sites\/86\/2025\/07\/basic-needs.png\" alt=\"Sector logo\" style=\"width:30px\" \/>\u00a0<img decoding=\"async\" src=\"https:\/\/help.unhcr.org\/hungary\/wp-content\/uploads\/sites\/86\/2024\/05\/child-protection.png\" alt=\"Sector logo\" style=\"width:30px\" \/>\u00a0<img decoding=\"async\" src=\"https:\/\/help.unhcr.org\/hungary\/wp-content\/uploads\/sites\/86\/2024\/05\/education.png\" alt=\"Sector logo\" style=\"width:30px\" \/>\u00a0<img decoding=\"async\" src=\"https:\/\/help.unhcr.org\/hungary\/wp-content\/uploads\/sites\/86\/2025\/07\/employment.png\" alt=\"Sector logo\" style=\"width:30px\" \/>\u00a0<img decoding=\"async\" src=\"https:\/\/help.unhcr.org\/hungary\/wp-content\/uploads\/sites\/86\/2025\/07\/health-mhpss.png\" alt=\"Sector logo\" style=\"width:30px\" \/>\u00a0<img decoding=\"async\" src=\"https:\/\/help.unhcr.org\/hungary\/wp-content\/uploads\/sites\/86\/2024\/05\/housing.png\" alt=\"Sector logo\" style=\"width:30px\" \/>\u00a0<img decoding=\"async\" src=\"https:\/\/help.unhcr.org\/hungary\/wp-content\/uploads\/sites\/86\/2024\/05\/protection.png\" alt=\"Sector logo\" style=\"width:30px\" \/>\u00a0<\/div><\/a><\/div>\n\n\n\n<div class=\"wp-block-column is-layout-flow wp-block-column-is-layout-flow\"><a href=\"https:\/\/help.unhcr.org\/hungary\/hu\/partners\/strazsa-tanya-turisztikai-kepzo-es-kozhasznu-szocialis-szovetkezet\/\" style=\"text-decoration:none\"><div style=\"cursor:pointer;background-color:#0072bc;background:linear-gradient(to bottom, rgba(3,132,216,1) 0%, rgba(0,114,188,1) 100%);padding:14px;margin-bottom:0;border-radius:10px;position:relative;width:100%;height:100%;min-height:120px;overflow:hidden;color:white\"><img decoding=\"async\" src=\"https:\/\/help.unhcr.org\/hungary\/wp-content\/uploads\/sites\/86\/2024\/05\/strazsa-tanya-turisztikai-kepzo-es-kozhasznu-szocialis-szovetkezet.png\" alt=\"undefined logo\" style=\"width:50px;height:50px;margin-bottom:10px\" \/>\n\n<h3 class=\"wp-block-heading undefined\" style=\"font-weight:500;margin-bottom:10px\"><strong>Str\u00e1zsa Tanya Turisztikai K\u00e9pz\u0151 \u00e9s K\u00f6zhaszn\u00fa Szoci\u00e1lis Sz\u00f6vetkezet<\/strong><\/h3>\n\n<img decoding=\"async\" src=\"https:\/\/help.unhcr.org\/hungary\/wp-content\/uploads\/sites\/86\/2025\/07\/basic-needs.png\" alt=\"Sector logo\" style=\"width:30px\" \/>\u00a0<img decoding=\"async\" src=\"https:\/\/help.unhcr.org\/hungary\/wp-content\/uploads\/sites\/86\/2024\/05\/education.png\" alt=\"Sector logo\" style=\"width:30px\" \/>\u00a0<img decoding=\"async\" src=\"https:\/\/help.unhcr.org\/hungary\/wp-content\/uploads\/sites\/86\/2025\/07\/employment.png\" alt=\"Sector logo\" style=\"width:30px\" \/>\u00a0<img decoding=\"async\" src=\"https:\/\/help.unhcr.org\/hungary\/wp-content\/uploads\/sites\/86\/2025\/07\/health-mhpss.png\" alt=\"Sector logo\" style=\"width:30px\" \/>\u00a0<img decoding=\"async\" src=\"https:\/\/help.unhcr.org\/hungary\/wp-content\/uploads\/sites\/86\/2024\/05\/housing.png\" alt=\"Sector logo\" style=\"width:30px\" \/>\u00a0<\/div><\/a><\/div>\n\n\n\n<div class=\"wp-block-column is-layout-flow wp-block-column-is-layout-flow\"><a href=\"https:\/\/help.unhcr.org\/hungary\/hu\/partners\/szegedi-gorogkatolikus-egyhazkozsegert-alapitvany\/\" style=\"text-decoration:none\"><div style=\"cursor:pointer;background-color:#0072bc;background:linear-gradient(to bottom, rgba(3,132,216,1) 0%, rgba(0,114,188,1) 100%);padding:14px;margin-bottom:0;border-radius:10px;position:relative;width:100%;height:100%;min-height:120px;overflow:hidden;color:white\"><img decoding=\"async\" src=\"https:\/\/help.unhcr.org\/hungary\/wp-content\/uploads\/sites\/86\/2024\/05\/szegedi-gorogkatolikus-egyhazkozsegert-alapitvany.png\" alt=\"undefined logo\" style=\"width:50px;height:50px;margin-bottom:10px\" \/>\n\n<h3 class=\"wp-block-heading undefined\" style=\"font-weight:500;margin-bottom:10px\"><strong>Szegedi G\u00f6r\u00f6gkatolikus Egyh\u00e1zk\u00f6zs\u00e9g\u00e9rt Alap\u00edtv\u00e1ny<\/strong><\/h3>\n\n<img decoding=\"async\" src=\"https:\/\/help.unhcr.org\/hungary\/wp-content\/uploads\/sites\/86\/2025\/07\/basic-needs.png\" alt=\"Sector logo\" style=\"width:30px\" \/>\u00a0<img decoding=\"async\" src=\"https:\/\/help.unhcr.org\/hungary\/wp-content\/uploads\/sites\/86\/2025\/07\/health-mhpss.png\" alt=\"Sector logo\" style=\"width:30px\" \/>\u00a0<img decoding=\"async\" src=\"https:\/\/help.unhcr.org\/hungary\/wp-content\/uploads\/sites\/86\/2024\/05\/housing.png\" alt=\"Sector logo\" style=\"width:30px\" \/>\u00a0<img decoding=\"async\" src=\"https:\/\/help.unhcr.org\/hungary\/wp-content\/uploads\/sites\/86\/2024\/05\/education.png\" alt=\"Sector logo\" style=\"width:30px\" \/>\u00a0<\/div><\/a><\/div>\n\n<\/div>\n\n\n\n<div class=\"wp-block-columns is-layout-flex wp-container-core-columns-is-layout-9d6595d7 wp-block-columns-is-layout-flex\" style=\"margin-bottom:2em\">\n\n<div class=\"wp-block-column is-layout-flow wp-block-column-is-layout-flow\"><a href=\"https:\/\/help.unhcr.org\/hungary\/hu\/partners\/lutheran-diaconia\/\" style=\"text-decoration:none\"><div style=\"cursor:pointer;background-color:#0072bc;background:linear-gradient(to bottom, rgba(3,132,216,1) 0%, rgba(0,114,188,1) 100%);padding:14px;margin-bottom:0;border-radius:10px;position:relative;width:100%;height:100%;min-height:120px;overflow:hidden;color:white\"><img decoding=\"async\" src=\"https:\/\/help.unhcr.org\/hungary\/wp-content\/uploads\/sites\/86\/2024\/05\/lutheran-diaconia.png\" alt=\"undefined logo\" style=\"width:50px;height:50px;margin-bottom:10px\" \/>\n\n<h3 class=\"wp-block-heading undefined\" style=\"font-weight:500;margin-bottom:10px\"><strong>evang\u00e9likus esperess\u00e9g<\/strong><\/h3>\n\n<img decoding=\"async\" src=\"https:\/\/help.unhcr.org\/hungary\/wp-content\/uploads\/sites\/86\/2025\/07\/basic-needs.png\" alt=\"Sector logo\" style=\"width:30px\" \/>\u00a0<img decoding=\"async\" src=\"https:\/\/help.unhcr.org\/hungary\/wp-content\/uploads\/sites\/86\/2024\/05\/education.png\" alt=\"Sector logo\" style=\"width:30px\" \/>\u00a0<img decoding=\"async\" src=\"https:\/\/help.unhcr.org\/hungary\/wp-content\/uploads\/sites\/86\/2025\/07\/employment.png\" alt=\"Sector logo\" style=\"width:30px\" \/>\u00a0<img decoding=\"async\" src=\"https:\/\/help.unhcr.org\/hungary\/wp-content\/uploads\/sites\/86\/2024\/05\/housing.png\" alt=\"Sector logo\" style=\"width:30px\" \/>\u00a0<\/div><\/a><\/div>\n\n\n\n<div class=\"wp-block-column is-layout-flow wp-block-column-is-layout-flow\"><\/div>\n\n\n\n<div class=\"wp-block-column is-layout-flow wp-block-column-is-layout-flow\"><\/div>\n\n<\/div>\n\n\n\n<p class=\"has-medium-font-size\"><a href=\"https:\/\/help.unhcr.org\/hungary\/hu\/partners\/\">Vissza az \u00f6sszes szervezethez<\/a><\/p>\n\n\n\n<hr class=\"wp-block-separator has-text-color has-cyan-bluish-gray-color has-alpha-channel-opacity is-style-default\" style=\"border-top:0px !important\" \/>\n\n\n\n<p class=\"has-medium-font-size\"><strong>Jogi nyilatkozat<\/strong><br \/>Felh\u00edvjuk figyelm\u00e9t, hogy az ezen az oldalon szerepl\u0151 adatok a partnereinkt\u0151l kapott inform\u00e1ci\u00f3kon alapulnak. Amennyiben pontatlans\u00e1got tapasztal, k\u00e9rj\u00fck, jelezze a <a href=\"hunbuim@unhcr.org&#x27;\">hunbuim@unhcr.org<\/a> e-mail c\u00edmen, hogy fel\u00fclvizsg\u00e1lhassuk \u00e9s sz\u00fcks\u00e9g eset\u00e9n friss\u00edthess\u00fck azokat.<\/p>\n\n","protected":false},"excerpt":{"rendered":"<p>Szolg\u00e1ltat\u00e1s t\u00edpus\u00e1nak m\u00f3dos\u00edt\u00e1sa:Alapvet\u0151 sz\u00fcks\u00e9gletek \u2022 Eg\u00e9szs\u00e9g \u00e9s ment\u00e1lhigi\u00e9n\u00e9s szolg\u00e1ltat\u00e1sok \u2022 Foglalkoztat\u00e1s \u2022 Gyermekv\u00e9delem \u2022 Lakhat\u00e1s \u2022 Nemi alap\u00fa er\u0151szak (GBV) \u2022 Oktat\u00e1s \u2022 V\u00e9delem Carpathian Foundation \/ K\u00e1rp\u00e1tok Alap\u00edtv\u00e1ny Dnipro Orsz\u00e1gos Ukr\u00e1n Kultur\u00e1lis Egyes\u00fclet D\u00e9vai Fogad\u00f3 EU-Roma Orsz\u00e1gos Egyes\u00fclet Jezsuita Menek\u00fcltszolg\u00e1lat Laurus Alap\u00edtv\u00e1ny Magyar M\u00e1ltai Szeretetszolg\u00e1lat Magyar V\u00f6r\u00f6skereszt Migration Aid Nemzetk\u00f6zi Migr\u00e1ci\u00f3s Szervezet (IOM) Str\u00e1zsa [&hellip;]<\/p>\n","protected":false},"author":575,"featured_media":0,"parent":19471,"menu_order":0,"comment_status":"closed","ping_status":"closed","template":"","meta":{"_acf_changed":false,"footnotes":""},"class_list":["post-45291","page","type-page","status-publish","hentry"],"acf":[],"_links":{"self":[{"href":"https:\/\/help.unhcr.org\/hungary\/hu\/wp-json\/wp\/v2\/pages\/45291","targetHints":{"allow":["GET"]}}],"collection":[{"href":"https:\/\/help.unhcr.org\/hungary\/hu\/wp-json\/wp\/v2\/pages"}],"about":[{"href":"https:\/\/help.unhcr.org\/hungary\/hu\/wp-json\/wp\/v2\/types\/page"}],"author":[{"embeddable":true,"href":"https:\/\/help.unhcr.org\/hungary\/hu\/wp-json\/wp\/v2\/users\/575"}],"replies":[{"embeddable":true,"href":"https:\/\/help.unhcr.org\/hungary\/hu\/wp-json\/wp\/v2\/comments?post=45291"}],"version-history":[{"count":12,"href":"https:\/\/help.unhcr.org\/hungary\/hu\/wp-json\/wp\/v2\/pages\/45291\/revisions"}],"predecessor-version":[{"id":49020,"href":"https:\/\/help.unhcr.org\/hungary\/hu\/wp-json\/wp\/v2\/pages\/45291\/revisions\/49020"}],"up":[{"embeddable":true,"href":"https:\/\/help.unhcr.org\/hungary\/hu\/wp-json\/wp\/v2\/pages\/19471"}],"wp:attachment":[{"href":"https:\/\/help.unhcr.org\/hungary\/hu\/wp-json\/wp\/v2\/media?parent=45291"}],"curies":[{"name":"wp","href":"https:\/\/api.w.org\/{rel}","templated":true}]}}