{"id":26776,"date":"2024-06-05T17:27:20","date_gmt":"2024-06-05T17:27:20","guid":{"rendered":"https:\/\/help.unhcr.org\/hungary\/accommodating-refugees\/"},"modified":"2025-07-10T13:03:52","modified_gmt":"2025-07-10T13:03:52","slug":"accommodating-refugees","status":"publish","type":"page","link":"https:\/\/help.unhcr.org\/hungary\/hu\/accommodating-refugees\/","title":{"rendered":"Az Ukrajn\u00e1b\u00f3l \u00e9rkez\u0151 menek\u00fcltek elhelyez\u00e9se"},"content":{"rendered":"\n\n<p class=\"has-medium-font-size\"><strong>EZEN AZ OLDALON:<\/strong><br>\n<strong>\u2022 <a href=\"#a-tamogathatosag-feltetelei\">A t\u00e1mogathat\u00f3s\u00e1g felt\u00e9telei<\/a><\/strong><br><strong>\u2022 <a href=\"#szallashelytamogatas-a-munkaltatok-szamara\">Sz\u00e1ll\u00e1shelyt\u00e1mogat\u00e1s a munk\u00e1ltat\u00f3k sz\u00e1m\u00e1ra<\/a><\/strong><br>\n<\/p>\n\n <hr class=\"has-alpha-channel-opacity is-style-default\" \/>\n\n<p class=\"has-medium-font-size\"><strong>2024. augusztus 21-t\u0151l \u00faj rendelet szab\u00e1lyozza az Ukrajn\u00e1b\u00f3l \u00e9rkez\u0151 menek\u00fcltek elhelyez\u00e9s\u00e9t.<\/strong> A mag\u00e1n sz\u00e1ll\u00e1sad\u00f3k m\u00e1r nem k\u00f6thetnek k\u00f6zvetlen\u00fcl szerz\u0151d\u00e9st a korm\u00e1nnyal. A menek\u00fcltek elhelyez\u00e9se \u00e9rdek\u00e9ben a korm\u00e1ny kiz\u00e1r\u00f3lag a Magyar M\u00e1ltai Lovagrend M\u00e1ltai Szeretetszolg\u00e1lat\u00e1val (M\u00e1ltai szeretettszolg\u00e1lat) k\u00f6t szerz\u0151d\u00e9st. M\u00e1ltai szeretetszolg\u00e1lat d\u00f6nthet \u00fagy, hogy mag\u00e1n sz\u00e1ll\u00e1sad\u00f3kkal k\u00f6t szerz\u0151d\u00e9st a sz\u00e1ll\u00e1s biztos\u00edt\u00e1s\u00e1ra. <\/p>\n\n\n<p class=\"has-medium-font-size\">Az \u00f6nkorm\u00e1nyzatok tov\u00e1bbra is jogosultak szerz\u0151d\u00e9st k\u00f6tni a korm\u00e1nnyal a menek\u00fcltek elhelyez\u00e9s\u00e9re.<\/p>\n\n\n<p class=\"has-medium-font-size\">Augusztus 20-a ut\u00e1n a korm\u00e1ny kiz\u00e1r\u00f3lag azoknak az ukrajnai menek\u00fclteknek &#8211; k\u00f6zt\u00fck az ukr\u00e1n-magyar kett\u0151s \u00e1llampolg\u00e1roknak &#8211; a sz\u00e1ll\u00e1sk\u00f6lts\u00e9geit t\u00e1mogatja, akik <strong>Ukrajna \u201eh\u00e1bor\u00fa s\u00fajtotta ter\u00fcleteir\u0151l\u201d<\/strong> \u00e9rkeznek. Ezeknek a ter\u00fcleteknek a list\u00e1ja a korm\u00e1ny <a href=\"https:\/\/kormany.hu\/dokumentumtar\/a-104-2022-iii-12-kormanyrendelet-2-a-alapjan-a-haboru-sujtotta-teruletek\">honlapj\u00e1n<\/a> el\u00e9rhet\u0151, \u00e9s havonta friss\u00fcl.<\/p>\n\n\n<h2 id=\"a-tamogathatosag-feltetelei\" class=\"wp-block-heading\"><strong>A t\u00e1mogathat\u00f3s\u00e1g felt\u00e9telei<\/strong><\/h2>\n\n\n<p class=\"has-medium-font-size\">Csak azok az Ukrajn\u00e1b\u00f3l \u00e9rkez\u0151 <strong>ideiglenes v\u00e9delmet k\u00e9relmez\u0151k<\/strong> jogosultak t\u00e1mogatott lakhat\u00e1sra, akik Ukrajna \u201eh\u00e1bor\u00fa s\u00fajtotta ter\u00fcleteir\u0151l\u201d \u00e9rkeznek, felt\u00e9ve, hogy az ideiglenes v\u00e9delmet az \u00e9rkez\u00e9s\u00fcket k\u00f6vet\u0151 egy h\u00f3napon bel\u00fcl k\u00e9relmezik.<\/p>\n\n\n<p class=\"has-medium-font-size\"> <\/p>\n\n\n<ul class=\"has-medium-font-size wp-block-list\">\n<li class=\"has-medium-font-size\">A t\u00e1mogat\u00e1s a hat\u00f3s\u00e1gok d\u00f6nt\u00e9s\u00e9nek meghozatal\u00e1ig ig\u00e9nyelhet\u0151.<\/li>\n\n<li class=\"has-medium-font-size\">Ha a szem\u00e9lyt ideiglenes v\u00e9delemben r\u00e9szes\u00fcl\u0151 szem\u00e9lyk\u00e9nt ismert\u00e9k el, a t\u00e1mogat\u00e1s az elismer\u00e9st k\u00f6vet\u0151 h\u00f3nap utols\u00f3 napj\u00e1ig ig\u00e9nyelhet\u0151.<\/li>\n\n<li class=\"has-medium-font-size\">Ha az elismer\u00e9s ir\u00e1nti k\u00e9relmet elutas\u00edtott\u00e1k, \u00e9s a hat\u00e1rozat ellen nem lehet fellebbezni, nem adhat\u00f3 lakhat\u00e1si t\u00e1mogat\u00e1s annak a szem\u00e9lynek, aki ism\u00e9telt elj\u00e1r\u00e1s sor\u00e1n ugyanazt a k\u00e9relmet ny\u00fajtotta be.<\/li>\n<\/ul>\n\n<p class=\"has-medium-font-size\"><strong>Az ideiglenes v\u00e9delmi st\u00e1tusz elismer\u00e9se ut\u00e1n<\/strong> csak azok jogosultak t\u00e1mogatott lakhat\u00e1sra, akik Ukrajna \u201eh\u00e1bor\u00fa s\u00fajtotta ter\u00fcleteir\u0151l\u201d \u00e9rkeznek, \u00e9s az al\u00e1bbi kiszolg\u00e1ltatotts\u00e1gi krit\u00e9riumok valamelyik\u00e9nek megfelelnek:<\/p>\n\n\n<ul class=\"has-medium-font-size wp-block-list\">\n<li class=\"has-medium-font-size\">Terhes n\u0151k<\/li>\n\n<li class=\"has-medium-font-size\">18 \u00e9v alatti szem\u00e9lyek \u00e9s egyik sz\u00fcl\u0151j\u00fck\/gondvisel\u0151j\u00fck (ha a sz\u00fcl\u0151\/gondvisel\u0151 ugyanabban a h\u00e1ztart\u00e1sban \u00e9l).<\/li>\n\n<li class=\"has-medium-font-size\">Fogyat\u00e9koss\u00e1ggal \u00e9l\u0151 szem\u00e9lyek \u00e9s gondoz\u00f3ik<\/li>\n\n<li class=\"has-medium-font-size\">65 \u00e9v feletti szem\u00e9lyek<\/li>\n<\/ul>\n\n<p class=\"has-medium-font-size\"><strong>Az ukr\u00e1n-magyar kett\u0151s \u00e1llampolg\u00e1rok<\/strong> csak akkor jogosultak t\u00e1mogatott sz\u00e1ll\u00e1sra, ha a fent felsorolt vesz\u00e9lyeztetetts\u00e9gi krit\u00e9riumok valamelyik\u00e9nek megfelelnek, \u00e9s Ukrajna \u201eh\u00e1bor\u00fa s\u00fajtotta ter\u00fcleteir\u0151l\u201d \u00e9rkeznek.<\/p>\n\n\n<p class=\"has-medium-font-size\">Azt, hogy valaki Ukrajna h\u00e1bor\u00fa s\u00fajtotta ter\u00fcleteir\u0151l \u00e9rkezik-e, az ukr\u00e1n szem\u00e9lyi igazolv\u00e1nya vagy a korm\u00e1nyzati adatb\u00e1zisokb\u00f3l (GYIJ\u00c1\/CNAP) sz\u00e1rmaz\u00f3 lak\u00f3helyi nyilv\u00e1ntart\u00e1si igazol\u00e1sok alapj\u00e1n lehet meg\u00e1llap\u00edtani.<\/p>\n\n\n<h2 id=\"szallashelytamogatas-a-munkaltatok-szamara\" class=\"wp-block-heading\"><strong>Sz\u00e1ll\u00e1shelyt\u00e1mogat\u00e1s a munk\u00e1ltat\u00f3k sz\u00e1m\u00e1ra<\/strong><\/h2>\n\n\n<p class=\"has-medium-font-size\">A korm\u00e1ny lakhat\u00e1si t\u00e1mogat\u00e1st ny\u00fajt a munk\u00e1ltat\u00f3knak, ha azok az al\u00e1bbi felt\u00e9telek teljes\u00fcl\u00e9se mellett sz\u00e1ll\u00e1st biztos\u00edtanak az ideiglenes v\u00e9delemben r\u00e9szes\u00fcl\u0151 vagy kett\u0151s \u00e1llampolg\u00e1rs\u00e1g\u00fa munkav\u00e1llal\u00f3knak:<\/p>\n\n\n<ul class=\"has-medium-font-size wp-block-list\">\n<li class=\"has-medium-font-size\">a munkav\u00e1llal\u00f3 \u00e1tmeneti v\u00e9delemben r\u00e9szes\u00fcl\u0151 szem\u00e9ly vagy kett\u0151s \u00e1llampolg\u00e1r<\/li>\n\n<li class=\"has-medium-font-size\">a foglalkoztat\u00e1sra Magyarorsz\u00e1gon ker\u00fcl sor<\/li>\n\n<li class=\"has-medium-font-size\">a munkaszerz\u0151d\u00e9s hat\u00e1rozott vagy hat\u00e1rozatlan id\u0151re sz\u00f3l, legal\u00e1bb heti 20 \u00f3r\u00e1ban<\/li>\n<\/ul>\n\n<p class=\"has-medium-font-size\">Tov\u00e1bb\u00e1, ha a munkav\u00e1llal\u00f3val egy h\u00e1ztart\u00e1sban \u00e9l egy 16 \u00e9v alatti kiskor\u00fa, a kiskor\u00fanak az \u00e1ltal\u00e1nos iskola befejez\u00e9s\u00e9ig k\u00f6zoktat\u00e1sban kell r\u00e9szt vennie ahhoz, hogy a munkav\u00e1llal\u00f3 jogosult legyen a lakhat\u00e1si t\u00e1mogat\u00e1sra.<\/p>\n\n\n<p class=\"has-medium-font-size\">A sz\u00e1ll\u00e1sad\u00f3nak \u00e9s a munk\u00e1ltat\u00f3nak szerz\u0151d\u00e9st kell k\u00f6tnie a munkav\u00e1llal\u00f3 elhelyez\u00e9s\u00e9re. A munk\u00e1ltat\u00f3 k\u00f6teles ezt a szerz\u0151d\u00e9st a t\u00e1mogat\u00e1s ir\u00e1nti k\u00e9relemhez csatolni. A szerz\u0151d\u00e9s \u00e9rtelm\u00e9ben a munk\u00e1ltat\u00f3nak el\u0151sz\u00f6r a sz\u00e1ll\u00e1sad\u00f3 fel\u00e9 kell teljes\u00edtenie a kifizet\u00e9st, \u00e9s csak ezt k\u00f6vet\u0151en jogosult a lakhat\u00e1si t\u00e1mogat\u00e1s ig\u00e9nyl\u00e9s\u00e9re.<\/p>\n\n\n<p class=\"has-medium-font-size\">A p\u00e1ly\u00e1zatot elektronikus \u00faton vagy a Nemzeti Foglalkoztat\u00e1si Szolg\u00e1lat <a href=\"https:\/\/nfsz.munka.hu\/cikk\/3076\/Menedekes_munkavallalok_lakhatasi_tamogatasa\"><strong>honlapj\u00e1n<\/strong><\/a> k\u00f6zz\u00e9tett formanyomtatv\u00e1nyon kell beny\u00fajtani az illet\u00e9kes korm\u00e1nyhivataln\u00e1l. A t\u00e1mogat\u00e1st havonta fizetik ki a munk\u00e1ltat\u00f3nak. Az \u00f6sszeg megegyezik a sz\u00e1ll\u00e1sszerz\u0151d\u00e9s szerinti havi sz\u00e1ll\u00e1sd\u00edjjal, de<\/p>\n\n\n<ul class=\"has-medium-font-size wp-block-list\">\n<li class=\"has-medium-font-size\">ha a sz\u00e1ll\u00e1s \u00fagynevezett \u201ekiemelt kistelep\u00fcl\u00e9sen\u201d tal\u00e1lhat\u00f3, a maxim\u00e1lis havi \u00f6sszeg 120 000 forint,<\/li>\n\n<li class=\"has-medium-font-size\">ha a sz\u00e1ll\u00e1s m\u00e1s t\u00edpus\u00fa telep\u00fcl\u00e9sen tal\u00e1lhat\u00f3, a maxim\u00e1lis havi \u00f6sszeg 80 000 forint.<\/li>\n<\/ul>\n\n<p class=\"has-medium-font-size\">A munk\u00e1ltat\u00f3k m\u00e1r nem jogosultak a lakhat\u00e1si t\u00e1mogat\u00e1sra, ha az al\u00e1bbi felt\u00e9telek b\u00e1rmelyike teljes\u00fcl:<\/p>\n\n\n<ul class=\"has-medium-font-size wp-block-list\">\n<li class=\"has-medium-font-size\">a munkaviszony megsz\u0171nik;<\/li>\n\n<li class=\"has-medium-font-size\">a munk\u00e1ltat\u00f3 nem teljes\u00edti a t\u00e1mogat\u00e1ssal kapcsolatos k\u00f6telezetts\u00e9g\u00e9t;<\/li>\n\n<li class=\"has-medium-font-size\">a t\u00e1mogat\u00e1s jogi felt\u00e9telei nem teljes\u00fcltek;<\/li>\n\n<li class=\"has-medium-font-size\">a lakhat\u00e1si szerz\u0151d\u00e9s megsz\u0171nik;<\/li>\n\n<li class=\"has-medium-font-size\">a 16. \u00e9let\u00e9v\u00e9t be nem t\u00f6lt\u00f6tt kiskor\u00fa k\u00f6zoktat\u00e1sban val\u00f3 r\u00e9szv\u00e9tele az \u00e1ltal\u00e1nos iskola befejez\u00e9se el\u0151tt megsz\u0171nik.<\/li>\n<\/ul>\n\n<p class=\"has-medium-font-size\">Tov\u00e1bbi inform\u00e1ci\u00f3k\u00e9rt l\u00e1togasson el a <a href=\"https:\/\/nfsz.munka.hu\/cikk\/3076\/Menedekes_munkavallalok_lakhatasi_tamogatasa\">Nemzeti Foglalkoztat\u00e1si Szolg\u00e1lat honlapj\u00e1ra.<\/a><\/p>\n\n\n<p class=\"has-medium-font-size\">A vonatkoz\u00f3 jogszab\u00e1lyokat <a href=\"https:\/\/njt.hu\/jogszabaly\/2022-104-20-22\">itt<\/a> tal\u00e1lja.<\/p>\n\n","protected":false},"excerpt":{"rendered":"<p>EZEN AZ OLDALON: \u2022 A t\u00e1mogathat\u00f3s\u00e1g felt\u00e9telei\u2022 Sz\u00e1ll\u00e1shelyt\u00e1mogat\u00e1s a munk\u00e1ltat\u00f3k sz\u00e1m\u00e1ra 2024. augusztus 21-t\u0151l \u00faj rendelet szab\u00e1lyozza az Ukrajn\u00e1b\u00f3l \u00e9rkez\u0151 menek\u00fcltek elhelyez\u00e9s\u00e9t. A mag\u00e1n sz\u00e1ll\u00e1sad\u00f3k m\u00e1r nem k\u00f6thetnek k\u00f6zvetlen\u00fcl szerz\u0151d\u00e9st a korm\u00e1nnyal. A menek\u00fcltek elhelyez\u00e9se \u00e9rdek\u00e9ben a korm\u00e1ny kiz\u00e1r\u00f3lag a Magyar M\u00e1ltai Lovagrend M\u00e1ltai Szeretetszolg\u00e1lat\u00e1val (M\u00e1ltai szeretettszolg\u00e1lat) k\u00f6t szerz\u0151d\u00e9st. M\u00e1ltai szeretetszolg\u00e1lat d\u00f6nthet \u00fagy, hogy mag\u00e1n [&hellip;]<\/p>\n","protected":false},"author":347,"featured_media":0,"parent":0,"menu_order":1,"comment_status":"closed","ping_status":"closed","template":"","meta":{"_acf_changed":false,"footnotes":""},"class_list":["post-26776","page","type-page","status-publish","hentry"],"acf":[],"_links":{"self":[{"href":"https:\/\/help.unhcr.org\/hungary\/hu\/wp-json\/wp\/v2\/pages\/26776","targetHints":{"allow":["GET"]}}],"collection":[{"href":"https:\/\/help.unhcr.org\/hungary\/hu\/wp-json\/wp\/v2\/pages"}],"about":[{"href":"https:\/\/help.unhcr.org\/hungary\/hu\/wp-json\/wp\/v2\/types\/page"}],"author":[{"embeddable":true,"href":"https:\/\/help.unhcr.org\/hungary\/hu\/wp-json\/wp\/v2\/users\/347"}],"replies":[{"embeddable":true,"href":"https:\/\/help.unhcr.org\/hungary\/hu\/wp-json\/wp\/v2\/comments?post=26776"}],"version-history":[{"count":102,"href":"https:\/\/help.unhcr.org\/hungary\/hu\/wp-json\/wp\/v2\/pages\/26776\/revisions"}],"predecessor-version":[{"id":45087,"href":"https:\/\/help.unhcr.org\/hungary\/hu\/wp-json\/wp\/v2\/pages\/26776\/revisions\/45087"}],"wp:attachment":[{"href":"https:\/\/help.unhcr.org\/hungary\/hu\/wp-json\/wp\/v2\/media?parent=26776"}],"curies":[{"name":"wp","href":"https:\/\/api.w.org\/{rel}","templated":true}]}}