{"id":25630,"date":"2024-07-17T17:08:23","date_gmt":"2024-07-17T17:08:23","guid":{"rendered":"https:\/\/help.unhcr.org\/hungary\/for-helping-organisations-and-volunteers\/"},"modified":"2025-07-10T13:05:37","modified_gmt":"2025-07-10T13:05:37","slug":"for-helping-organisations-and-volunteers","status":"publish","type":"page","link":"https:\/\/help.unhcr.org\/hungary\/hu\/for-helping-organisations-and-volunteers\/","title":{"rendered":"Seg\u00edt\u0151 szervezeteknek \u00e9s \u00f6nk\u00e9nteseknek"},"content":{"rendered":"\n\n<div class=\"wp-block-group is-nowrap is-layout-flex wp-container-core-group-is-layout-ad2f72ca wp-block-group-is-layout-flex\">\n\n<figure class=\"wp-block-image size-full is-resized wp-container-content-e1bb55cb\"><a href=\"https:\/\/help.unhcr.org\/hungary\/hu\/employing-refugees\/\"><img decoding=\"async\" src=\"https:\/\/help.unhcr.org\/hungary\/wp-content\/uploads\/sites\/86\/2024\/05\/Reserved_ImageAttachment_5_Cover6_employ2_14.png\" alt=\"\" class=\"wp-image-18227\" style=\"width:50px\" \/><\/a><\/figure>\n\n\n\n<p class=\"has-medium-font-size wp-container-content-9cfa9a5a\"><strong><a href=\"https:\/\/help.unhcr.org\/hungary\/hu\/employing-refugees\/\" data-id=\"18729\" data-type=\"page\">Menek\u00fcltek foglalkoztat\u00e1sa<\/a><\/strong><\/p>\n\n<\/div>\n \n<hr class=\"has-alpha-channel-opacity is-style-default\" \/>\n\n<div class=\"wp-block-group is-nowrap is-layout-flex wp-container-core-group-is-layout-ad2f72ca wp-block-group-is-layout-flex\">\n\n<figure class=\"wp-block-image size-full is-resized wp-container-content-e1bb55cb\"><a href=\"https:\/\/help.unhcr.org\/hungary\/hu\/accommodating-refugees\/\"><img decoding=\"async\" src=\"https:\/\/help.unhcr.org\/hungary\/wp-content\/uploads\/sites\/86\/2024\/05\/Reserved_ImageAttachment_5_Cover11_accommodate2_16.png\" alt=\"\" class=\"wp-image-18227\" style=\"width:50px\" \/><\/a><\/figure>\n\n\n\n<p class=\"has-medium-font-size wp-container-content-9cfa9a5a\"><strong><a href=\"https:\/\/help.unhcr.org\/hungary\/hu\/accommodating-refugees\/\" data-id=\"18729\" data-type=\"page\">Az Ukrajn\u00e1b\u00f3l \u00e9rkez\u0151 menek\u00fcltek elhelyez\u00e9se<\/a><\/strong><\/p>\n\n<\/div>\n \n","protected":false},"excerpt":{"rendered":"<p>Menek\u00fcltek foglalkoztat\u00e1sa Az Ukrajn\u00e1b\u00f3l \u00e9rkez\u0151 menek\u00fcltek elhelyez\u00e9se<\/p>\n","protected":false},"author":347,"featured_media":0,"parent":0,"menu_order":10,"comment_status":"closed","ping_status":"closed","template":"","meta":{"_acf_changed":false,"footnotes":""},"class_list":["post-25630","page","type-page","status-publish","hentry"],"acf":[],"_links":{"self":[{"href":"https:\/\/help.unhcr.org\/hungary\/hu\/wp-json\/wp\/v2\/pages\/25630","targetHints":{"allow":["GET"]}}],"collection":[{"href":"https:\/\/help.unhcr.org\/hungary\/hu\/wp-json\/wp\/v2\/pages"}],"about":[{"href":"https:\/\/help.unhcr.org\/hungary\/hu\/wp-json\/wp\/v2\/types\/page"}],"author":[{"embeddable":true,"href":"https:\/\/help.unhcr.org\/hungary\/hu\/wp-json\/wp\/v2\/users\/347"}],"replies":[{"embeddable":true,"href":"https:\/\/help.unhcr.org\/hungary\/hu\/wp-json\/wp\/v2\/comments?post=25630"}],"version-history":[{"count":149,"href":"https:\/\/help.unhcr.org\/hungary\/hu\/wp-json\/wp\/v2\/pages\/25630\/revisions"}],"predecessor-version":[{"id":45169,"href":"https:\/\/help.unhcr.org\/hungary\/hu\/wp-json\/wp\/v2\/pages\/25630\/revisions\/45169"}],"wp:attachment":[{"href":"https:\/\/help.unhcr.org\/hungary\/hu\/wp-json\/wp\/v2\/media?parent=25630"}],"curies":[{"name":"wp","href":"https:\/\/api.w.org\/{rel}","templated":true}]}}