{"id":25614,"date":"2024-07-17T17:07:51","date_gmt":"2024-07-17T17:07:51","guid":{"rendered":"https:\/\/help.unhcr.org\/hungary\/information-and-support\/"},"modified":"2026-02-20T14:44:08","modified_gmt":"2026-02-20T14:44:08","slug":"information-and-support","status":"publish","type":"page","link":"https:\/\/help.unhcr.org\/hungary\/hu\/information-and-support\/","title":{"rendered":"Inform\u00e1ci\u00f3 \u00e9s seg\u00edts\u00e9g az Ukrajn\u00e1b\u00f3l \u00e9rkez\u0151knek"},"content":{"rendered":"\n<div class=\"wp-block-group is-nowrap is-layout-flex wp-container-core-group-is-layout-ad2f72ca wp-block-group-is-layout-flex\">\n<figure class=\"wp-block-image size-full is-resized\"><img loading=\"lazy\" decoding=\"async\" width=\"100\" height=\"100\" src=\"https:\/\/help.unhcr.org\/hungary\/wp-content\/uploads\/sites\/86\/2026\/02\/image-1.png\" alt=\"\" class=\"wp-image-49498\" style=\"width:52px;height:auto\" \/><\/figure>\n\n\n\n<p class=\"has-medium-font-size wp-container-content-9cfa9a5a\"><a href=\"https:\/\/help.unhcr.org\/hungary\/hu\/information-and-support\/nyugdijellenorzesi-kovetelmeny-ukran-menekultek-szamara\/\" data-type=\"page\" data-id=\"49511\"><strong>Nyugd\u00edjellen\u0151rz\u00e9si&nbsp;k\u00f6vetelm\u00e9ny&nbsp;ukr\u00e1n&nbsp;menek\u00fcltek&nbsp;sz\u00e1m\u00e1ra<\/strong><\/a><\/p>\n<\/div>\n\n\n\n<p><\/p>\n\n\n\n<div class=\"wp-block-group is-nowrap is-layout-flex wp-container-core-group-is-layout-ad2f72ca wp-block-group-is-layout-flex\">\n<figure class=\"wp-block-image size-full is-resized\"><img loading=\"lazy\" decoding=\"async\" width=\"100\" height=\"100\" src=\"https:\/\/help.unhcr.org\/hungary\/wp-content\/uploads\/sites\/86\/2024\/05\/Reserved_ImageAttachment_5_Cover9_housing-22_19.png\" alt=\"\" class=\"wp-image-49499\" style=\"width:51px;height:auto\" \/><\/figure>\n\n\n\n<div class=\"wp-block-group is-nowrap is-layout-flex wp-container-core-group-is-layout-ad2f72ca wp-block-group-is-layout-flex\">\n<p class=\"has-medium-font-size\"><a href=\"https:\/\/help.unhcr.org\/hungary\/hu\/housing\/\" data-type=\"page\" data-id=\"26216\"><strong>Mened\u00e9k- \u00e9s sz\u00e1ll\u00e1shelyek<\/strong><\/a><\/p>\n<\/div>\n<\/div>\n\n\n\n<div class=\"wp-block-group is-nowrap is-layout-flex wp-container-core-group-is-layout-ad2f72ca wp-block-group-is-layout-flex\">\n<hr class=\"wp-block-separator has-alpha-channel-opacity\" \/>\n<\/div>\n\n\n<hr class=\"has-alpha-channel-opacity is-style-default\" \/>\n\n\n<div class=\"wp-block-group is-nowrap is-layout-flex wp-container-core-group-is-layout-ad2f72ca wp-block-group-is-layout-flex\">\n<figure class=\"wp-block-image size-full is-resized wp-container-content-e1bb55cb\"><a href=\"https:\/\/help.unhcr.org\/hungary\/hu\/education\/\"><img decoding=\"async\" src=\"https:\/\/help.unhcr.org\/hungary\/wp-content\/uploads\/sites\/86\/2024\/05\/Reserved_ImageAttachment_5_Cover9_education2_19.png\" alt=\"\" class=\"wp-image-18227\" style=\"width:50px\" \/><\/a><\/figure>\n\n\n\n<p class=\"has-medium-font-size wp-container-content-9cfa9a5a\"><strong><a href=\"https:\/\/help.unhcr.org\/hungary\/hu\/education\/\" data-id=\"18729\" data-type=\"page\">Beiratkoz\u00e1s \u00f3vod\u00e1ba \u00e9s iskol\u00e1ba<\/a><\/strong><\/p>\n<\/div>\n\n\n<hr class=\"has-alpha-channel-opacity is-style-default\" \/>\n\n\n<div class=\"wp-block-group is-nowrap is-layout-flex wp-container-core-group-is-layout-ad2f72ca wp-block-group-is-layout-flex\">\n<figure class=\"wp-block-image size-full is-resized wp-container-content-e1bb55cb\"><a href=\"https:\/\/help.unhcr.org\/hungary\/hu\/higher-education\/\"><img decoding=\"async\" src=\"https:\/\/help.unhcr.org\/hungary\/wp-content\/uploads\/sites\/86\/2025\/01\/Reserved_ImageAttachment_5_Cover16_higher-education2_11.png\" alt=\"\" class=\"wp-image-18227\" style=\"width:50px\" \/><\/a><\/figure>\n\n\n\n<p class=\"has-medium-font-size wp-container-content-9cfa9a5a\"><strong><a href=\"https:\/\/help.unhcr.org\/hungary\/hu\/higher-education\/\" data-id=\"18729\" data-type=\"page\">Fels\u0151oktat\u00e1s \u00e9s el\u00e9rhet\u0151 \u00f6szt\u00f6nd\u00edjak<\/a><\/strong><\/p>\n<\/div>\n\n\n<hr class=\"has-alpha-channel-opacity is-style-default\" \/>\n\n\n<div class=\"wp-block-group is-nowrap is-layout-flex wp-container-core-group-is-layout-ad2f72ca wp-block-group-is-layout-flex\">\n<figure class=\"wp-block-image size-full is-resized wp-container-content-e1bb55cb\"><a href=\"https:\/\/help.unhcr.org\/hungary\/hu\/healthcare\/\"><img decoding=\"async\" src=\"https:\/\/help.unhcr.org\/hungary\/wp-content\/uploads\/sites\/86\/2024\/05\/Reserved_ImageAttachment_5_Cover10_healthcare2_21.png\" alt=\"\" class=\"wp-image-18227\" style=\"width:50px\" \/><\/a><\/figure>\n\n\n\n<p class=\"has-medium-font-size wp-container-content-9cfa9a5a\"><strong><a href=\"https:\/\/help.unhcr.org\/hungary\/hu\/healthcare\/\" data-id=\"18729\" data-type=\"page\">Eg\u00e9szs\u00e9g\u00fcgyi ell\u00e1t\u00e1shoz val\u00f3 hozz\u00e1f\u00e9r\u00e9s<\/a><\/strong><\/p>\n<\/div>\n\n\n<hr class=\"has-alpha-channel-opacity is-style-default\" \/>\n\n\n<div class=\"wp-block-group is-nowrap is-layout-flex wp-container-core-group-is-layout-ad2f72ca wp-block-group-is-layout-flex\">\n<figure class=\"wp-block-image size-full is-resized wp-container-content-e1bb55cb\"><a href=\"https:\/\/help.unhcr.org\/hungary\/hu\/maternity\/\"><img decoding=\"async\" src=\"https:\/\/help.unhcr.org\/hungary\/wp-content\/uploads\/sites\/86\/2024\/11\/Reserved_ImageAttachment_5_Cover9_maternity2_30.png\" alt=\"\" class=\"wp-image-18227\" style=\"width:50px\" \/><\/a><\/figure>\n\n\n\n<p class=\"has-medium-font-size wp-container-content-9cfa9a5a\"><strong><a href=\"https:\/\/help.unhcr.org\/hungary\/hu\/maternity\/\" data-id=\"18729\" data-type=\"page\">N\u0151i eg\u00e9szs\u00e9g \u00e9s v\u00e1rand\u00f3ss\u00e1g<\/a><\/strong><\/p>\n<\/div>\n\n\n<hr class=\"has-alpha-channel-opacity is-style-default\" \/>\n\n\n<div class=\"wp-block-group is-nowrap is-layout-flex wp-container-core-group-is-layout-ad2f72ca wp-block-group-is-layout-flex\">\n<figure class=\"wp-block-image size-full is-resized wp-container-content-e1bb55cb\"><a href=\"https:\/\/help.unhcr.org\/hungary\/hu\/mental-health\/\"><img decoding=\"async\" src=\"https:\/\/help.unhcr.org\/hungary\/wp-content\/uploads\/sites\/86\/2024\/06\/Reserved_ImageAttachment_5_Cover6_mental2_22.png\" alt=\"\" class=\"wp-image-18227\" style=\"width:50px\" \/><\/a><\/figure>\n\n\n\n<p class=\"has-medium-font-size wp-container-content-9cfa9a5a\"><strong><a href=\"https:\/\/help.unhcr.org\/hungary\/hu\/mental-health\/\" data-id=\"18729\" data-type=\"page\">Ment\u00e1lhigi\u00e9n\u00e9s t\u00e1mogat\u00e1s ig\u00e9nybev\u00e9tele<\/a><\/strong><\/p>\n<\/div>\n\n\n<hr class=\"has-alpha-channel-opacity is-style-default\" \/>\n\n\n<div class=\"wp-block-group is-nowrap is-layout-flex wp-container-core-group-is-layout-ad2f72ca wp-block-group-is-layout-flex\">\n<figure class=\"wp-block-image size-full is-resized wp-container-content-e1bb55cb\"><a href=\"https:\/\/help.unhcr.org\/hungary\/hu\/legal-help\/\"><img decoding=\"async\" src=\"https:\/\/help.unhcr.org\/hungary\/wp-content\/uploads\/sites\/86\/2024\/06\/Reserved_ImageAttachment_5_Cover5_legal2_31.png\" alt=\"\" class=\"wp-image-18227\" style=\"width:50px\" \/><\/a><\/figure>\n\n\n\n<p class=\"has-medium-font-size wp-container-content-9cfa9a5a\"><strong><a href=\"https:\/\/help.unhcr.org\/hungary\/hu\/legal-help\/\" data-id=\"18729\" data-type=\"page\">Jogi seg\u00edts\u00e9g ig\u00e9nybev\u00e9tele<\/a><\/strong><\/p>\n<\/div>\n\n\n<hr class=\"has-alpha-channel-opacity is-style-default\" \/>\n\n\n<div class=\"wp-block-group is-nowrap is-layout-flex wp-container-core-group-is-layout-ad2f72ca wp-block-group-is-layout-flex\">\n<figure class=\"wp-block-image size-full is-resized wp-container-content-e1bb55cb\"><a href=\"https:\/\/help.unhcr.org\/hungary\/hu\/pets\/\"><img decoding=\"async\" src=\"https:\/\/help.unhcr.org\/hungary\/wp-content\/uploads\/sites\/86\/2024\/06\/Reserved_ImageAttachment_5_Cover4_pets2_22.png\" alt=\"\" class=\"wp-image-18227\" style=\"width:50px\" \/><\/a><\/figure>\n\n\n\n<p class=\"has-medium-font-size wp-container-content-9cfa9a5a\"><strong><a href=\"https:\/\/help.unhcr.org\/hungary\/hu\/pets\/\" data-id=\"18729\" data-type=\"page\">H\u00e1zi kedvencek<\/a><\/strong><\/p>\n<\/div>\n\n\n<hr class=\"has-alpha-channel-opacity is-style-default\" \/>\n\n\n<div class=\"wp-block-group is-nowrap is-layout-flex wp-container-core-group-is-layout-ad2f72ca wp-block-group-is-layout-flex\">\n<figure class=\"wp-block-image size-full is-resized wp-container-content-e1bb55cb\"><a href=\"https:\/\/help.unhcr.org\/hungary\/hu\/family-reunification\/\"><img decoding=\"async\" src=\"https:\/\/help.unhcr.org\/hungary\/wp-content\/uploads\/sites\/86\/2024\/05\/Reserved_ImageAttachment_5_Cover13_reunification2_28.png\" alt=\"\" class=\"wp-image-18227\" style=\"width:50px\" \/><\/a><\/figure>\n\n\n\n<p class=\"has-medium-font-size wp-container-content-9cfa9a5a\"><strong><a href=\"https:\/\/help.unhcr.org\/hungary\/hu\/family-reunification\/\" data-id=\"18729\" data-type=\"page\">Ukr\u00e1n \u00e1llampolg\u00e1rok csal\u00e1degyes\u00edt\u00e9se<\/a><\/strong><\/p>\n<\/div>\n\n\n<hr class=\"has-alpha-channel-opacity is-style-default\" \/>\n\n\n<div class=\"wp-block-group is-nowrap is-layout-flex wp-container-core-group-is-layout-ad2f72ca wp-block-group-is-layout-flex\">\n<figure class=\"wp-block-image size-full is-resized wp-container-content-e1bb55cb\"><a href=\"https:\/\/help.unhcr.org\/hungary\/hu\/death\/\"><img decoding=\"async\" src=\"https:\/\/help.unhcr.org\/hungary\/wp-content\/uploads\/sites\/86\/2024\/05\/Reserved_ImageAttachment_5_Cover5_death2_27.png\" alt=\"\" class=\"wp-image-18227\" style=\"width:50px\" \/><\/a><\/figure>\n\n\n\n<p class=\"has-medium-font-size wp-container-content-9cfa9a5a\"><strong><a href=\"https:\/\/help.unhcr.org\/hungary\/hu\/death\/\" data-id=\"18729\" data-type=\"page\">Egy csal\u00e1dtag hal\u00e1la<\/a><\/strong><\/p>\n<\/div>\n\n\n<hr class=\"has-alpha-channel-opacity is-style-default\" \/>\n\n\n<div class=\"wp-block-group is-nowrap is-layout-flex wp-container-core-group-is-layout-ad2f72ca wp-block-group-is-layout-flex\">\n<figure class=\"wp-block-image size-full is-resized wp-container-content-e1bb55cb\"><a href=\"https:\/\/help.unhcr.org\/hungary\/hu\/returning\/\"><img decoding=\"async\" src=\"https:\/\/help.unhcr.org\/hungary\/wp-content\/uploads\/sites\/86\/2024\/11\/Reserved_ImageAttachment_5_Cover6_return2_24.png\" alt=\"\" class=\"wp-image-18227\" style=\"width:50px\" \/><\/a><\/figure>\n\n\n\n<p class=\"has-medium-font-size wp-container-content-9cfa9a5a\"><strong><a href=\"https:\/\/help.unhcr.org\/hungary\/hu\/returning\/\" data-id=\"18729\" data-type=\"page\">Visszat\u00e9r\u00e9s Ukrajn\u00e1ba<\/a><\/strong><\/p>\n<\/div>\n","protected":false},"excerpt":{"rendered":"<p>Nyugd\u00edjellen\u0151rz\u00e9si&nbsp;k\u00f6vetelm\u00e9ny&nbsp;ukr\u00e1n&nbsp;menek\u00fcltek&nbsp;sz\u00e1m\u00e1ra Mened\u00e9k- \u00e9s sz\u00e1ll\u00e1shelyek Beiratkoz\u00e1s \u00f3vod\u00e1ba \u00e9s iskol\u00e1ba Fels\u0151oktat\u00e1s \u00e9s el\u00e9rhet\u0151 \u00f6szt\u00f6nd\u00edjak Eg\u00e9szs\u00e9g\u00fcgyi ell\u00e1t\u00e1shoz val\u00f3 hozz\u00e1f\u00e9r\u00e9s N\u0151i eg\u00e9szs\u00e9g \u00e9s v\u00e1rand\u00f3ss\u00e1g Ment\u00e1lhigi\u00e9n\u00e9s t\u00e1mogat\u00e1s ig\u00e9nybev\u00e9tele Jogi seg\u00edts\u00e9g ig\u00e9nybev\u00e9tele H\u00e1zi kedvencek Ukr\u00e1n \u00e1llampolg\u00e1rok csal\u00e1degyes\u00edt\u00e9se Egy csal\u00e1dtag hal\u00e1la Visszat\u00e9r\u00e9s Ukrajn\u00e1ba<\/p>\n","protected":false},"author":347,"featured_media":0,"parent":0,"menu_order":4,"comment_status":"closed","ping_status":"closed","template":"","meta":{"_acf_changed":false,"footnotes":""},"class_list":["post-25614","page","type-page","status-publish","hentry"],"acf":[],"_links":{"self":[{"href":"https:\/\/help.unhcr.org\/hungary\/hu\/wp-json\/wp\/v2\/pages\/25614","targetHints":{"allow":["GET"]}}],"collection":[{"href":"https:\/\/help.unhcr.org\/hungary\/hu\/wp-json\/wp\/v2\/pages"}],"about":[{"href":"https:\/\/help.unhcr.org\/hungary\/hu\/wp-json\/wp\/v2\/types\/page"}],"author":[{"embeddable":true,"href":"https:\/\/help.unhcr.org\/hungary\/hu\/wp-json\/wp\/v2\/users\/347"}],"replies":[{"embeddable":true,"href":"https:\/\/help.unhcr.org\/hungary\/hu\/wp-json\/wp\/v2\/comments?post=25614"}],"version-history":[{"count":181,"href":"https:\/\/help.unhcr.org\/hungary\/hu\/wp-json\/wp\/v2\/pages\/25614\/revisions"}],"predecessor-version":[{"id":49554,"href":"https:\/\/help.unhcr.org\/hungary\/hu\/wp-json\/wp\/v2\/pages\/25614\/revisions\/49554"}],"wp:attachment":[{"href":"https:\/\/help.unhcr.org\/hungary\/hu\/wp-json\/wp\/v2\/media?parent=25614"}],"curies":[{"name":"wp","href":"https:\/\/api.w.org\/{rel}","templated":true}]}}