{"id":25549,"date":"2024-07-17T17:06:10","date_gmt":"2024-07-17T17:06:10","guid":{"rendered":"https:\/\/help.unhcr.org\/hungary\/new\/asylum\/procedure\/"},"modified":"2025-07-10T13:02:25","modified_gmt":"2025-07-10T13:02:25","slug":"applying-for-asylum","status":"publish","type":"page","link":"https:\/\/help.unhcr.org\/hungary\/hu\/asylum\/applying-for-asylum\/","title":{"rendered":"Mened\u00e9kjog k\u00e9relmez\u00e9se"},"content":{"rendered":"\n\n<p class=\"has-medium-font-size\"><strong>EZEN AZ OLDALON:<\/strong><br>\n<strong>\u2022 <a href=\"#a-menedekjoghoz-vezeto-ut-magyarorszagon\">A mened\u00e9kjoghoz vezet\u0151 \u00fat Magyarorsz\u00e1gon<\/a><\/strong><br><strong>\u2022 <a href=\"#a-menekultugyi-eljaras\">A menek\u00fclt\u00fcgyi elj\u00e1r\u00e1s<\/a><\/strong><br><strong>\u2022 <a href=\"#az-on-jogai-es-kotelezettsegei-a-menekultugyi-eljaras-soran\">Az \u00d6n jogai \u00e9s k\u00f6telezetts\u00e9gei a menek\u00fclt\u00fcgyi elj\u00e1r\u00e1s sor\u00e1n<\/a><\/strong><br><strong>\u2022 <a href=\"#a-menedekjogi-dontesek-megertese\">A mened\u00e9kjogi d\u00f6nt\u00e9sek meg\u00e9rt\u00e9se<\/a><\/strong><br><strong>\u2022 <a href=\"#menedekkeres-kisero-nelkuli-gyermekkent\">Mened\u00e9kk\u00e9r\u00e9s k\u00eds\u00e9r\u0151 n\u00e9lk\u00fcli gyermekk\u00e9nt<\/a><\/strong><br>\n<\/p>\n\n <hr class=\"has-alpha-channel-opacity is-style-default\" \/>\n\n<p class=\"has-medium-font-size\">A mened\u00e9kjog a v\u00e9delem olyan form\u00e1ja, amelyet egy idegen orsz\u00e1g k\u00edn\u00e1l olyan szem\u00e9lyek sz\u00e1m\u00e1ra, akik nem lelnek biztons\u00e1gra saj\u00e1t haz\u00e1jukban, mert f\u00e9lnek az \u00fcld\u00f6ztet\u00e9st\u0151l, amely faji, vall\u00e1si, nemzetis\u00e9gi alapon \u00e9ri \u0151ket, illetve politikai v\u00e9lem\u00e9nynyilv\u00e1n\u00edt\u00e1suk vagy a szexu\u00e1lis identit\u00e1suk miatt. Ez a v\u00e9delem lehet\u0151v\u00e9 teszi az embereknek, hogy egy m\u00e1sik orsz\u00e1gban keressenek mened\u00e9ket, menek\u00fclve a b\u00e1ntalmak \u00e9s vesz\u00e9lyek el\u0151l.<\/p>\n\n\n<p class=\"has-medium-font-size\"> <\/p>\n\n\n<h2 id=\"a-menedekjoghoz-vezeto-ut-magyarorszagon\" class=\"wp-block-heading\"><strong>A mened\u00e9kjoghoz vezet\u0151 \u00fat Magyarorsz\u00e1gon<\/strong><\/h2>\n\n\n<h3 class=\"wp-block-heading\"><strong>Magyarorsz\u00e1gon k\u00edv\u00fclr\u0151l k\u00e9relmezett mened\u00e9kjogot<\/strong><\/h3>\n\n\n<p class=\"has-medium-font-size\"><strong> <\/strong><\/p>\n\n\n<p class=\"has-medium-font-size\">Ha \u00d6n Magyarorsz\u00e1gon k\u00edv\u00fcl tart\u00f3zkodik, el\u0151sz\u00f6r egy \u00fagynevezett \u201esz\u00e1nd\u00e9knyilatkozatot\u201d kell beny\u00fajtania Magyarorsz\u00e1g belgr\u00e1di (Szerbia) vagy kijevi (Ukrajna) nagyk\u00f6vets\u00e9g\u00e9n. Ehhez id\u0151pontot kell egyeztetnie az illet\u00e9kes nagyk\u00f6vets\u00e9ggel.<\/p>\n\n\n<p class=\"has-medium-font-size\"> <\/p>\n\n\n<p class=\"has-medium-font-size\">El\u0151fordulhat, hogy beh\u00edvj\u00e1k interj\u00fara a nagyk\u00f6vets\u00e9gre. Ebben az esetben tolm\u00e1csot kell biztos\u00edtaniuk \u00d6nnek. Ha a magyar hat\u00f3s\u00e1gok j\u00f3v\u00e1hagyj\u00e1k a sz\u00e1nd\u00e9knyilatkozat\u00e1t, egyszeri utaz\u00e1sra jogos\u00edt\u00f3 okm\u00e1nyt kap, amellyel Magyarorsz\u00e1gra utazhat, \u00e9s beny\u00fajthatja mened\u00e9kk\u00e9relm\u00e9t.<\/p>\n\n\n<p class=\"has-medium-font-size\"> <\/p>\n\n\n<figure class=\"wp-block-table has-medium-font-size\"><table class=\"has-fixed-layout\"><thead><tr><th><strong>Nagyk\u00f6vets\u00e9g<\/strong><\/th><th><strong>C\u00edm<\/strong><\/th><th><strong>Telefon<\/strong> <\/th><th><strong>Email<\/strong> <\/th><\/tr><\/thead><tbody><tr><td><strong>Magyarorsz\u00e1g nagyk\u00f6vets\u00e9ge Belgr\u00e1dban, Szerbia<\/strong><\/td><td><a href=\"https:\/\/goo.gl\/maps\/BLsT7qvxERcRFcHP6\">11000 Belgr\u00e1d, 72 Krunska u., Szerbia<\/a> <\/td><td>+381 11 244 3739<br \/>+381 11 244 0472<br \/>+381 11 244 7479 <\/td><td><a href=\"mailto:mission.blg@mfa.gov.hu\">mission.blg@mfa.gov.hu<\/a> <\/td><\/tr><tr><td><strong>Magyarorsz\u00e1g nagyk\u00f6vets\u00e9ge Kijevben, Ukrajna<\/strong><\/td><td><a href=\"https:\/\/goo.gl\/maps\/9e9aEvFgnRruT9Fx8\">01901 Kyiv, 33 Rejtarszka Str., Ukraine<\/a> <\/td><td>+38 044 230 8001<br \/>+38 044 230 8002 <\/td><td><a href=\"mailto:mission.kev@mfa.gov.hu\">mission.kev@mfa.gov.hu<\/a> <\/td><\/tr><\/tbody><\/table><\/figure>\n\n<p class=\"has-medium-font-size\"><strong> <\/strong><\/p>\n\n\n<h3 class=\"wp-block-heading\"><strong>Magyarorsz\u00e1gon k\u00e9relmezett mened\u00e9kjog <\/strong><\/h3>\n\n\n<p class=\"has-medium-font-size\">Ha \u00d6n m\u00e1r Magyarorsz\u00e1gon tart\u00f3zkodik, nem kell sz\u00e1nd\u00e9knyilatkozatot beny\u00fajtania a nagyk\u00f6vets\u00e9gen, ha az al\u00e1bbi csoportok valamelyik\u00e9be tartozik:<\/p>\n\n\n<p class=\"has-medium-font-size\"> <\/p>\n\n\n<ul class=\"has-medium-font-size wp-block-list\">\n<li class=\"has-medium-font-size\">Magyarorsz\u00e1gon tart\u00f3zkodik, \u00e9s elismert oltalmazott (\u00e9s menek\u00fcltk\u00e9nt akarja elismertetni mag\u00e1t).<\/li>\n\n<li class=\"has-medium-font-size\">Csal\u00e1dtagja a Magyarorsz\u00e1gon tart\u00f3zkod\u00f3 elismert menek\u00fcltnek vagy oltalmazott szem\u00e9lynek.<\/li>\n\n<li class=\"has-medium-font-size\">Minden olyan szem\u00e9ly, aki \u0151rizetben, letart\u00f3ztat\u00e1sban vagy fogvatart\u00e1sban van, kiv\u00e9ve azokat, akik jogellenesen l\u00e9pt\u00e9k \u00e1t Magyarorsz\u00e1g \u00e1llamhat\u00e1r\u00e1t.<\/li>\n<\/ul>\n\n<p class=\"has-medium-font-size\">Ebben az esetben \u00fagy k\u00e9rhet mened\u00e9kjogot, hogy szem\u00e9lyesen keresi fel az OIF \u00fcgyf\u00e9lszolg\u00e1lati irod\u00e1it, \u00e9s jelzi az erre vonatkoz\u00f3 ig\u00e9ny\u00e9t.<\/p>\n\n\n<p class=\"has-medium-font-size\">Ha \u00d6n nem tartozik a fent eml\u00edtett csoportok egyik\u00e9be sem, akkor el\u0151sz\u00f6r valamelyik nagyk\u00f6vets\u00e9gre kell utaznia, \u00e9s be kell ny\u00fajtania a sz\u00e1nd\u00e9knyilatkozatot. Csak a sz\u00e1nd\u00e9knyilatkozat j\u00f3v\u00e1hagy\u00e1sa ut\u00e1n k\u00e9rhet mened\u00e9kjogot. Az \u00d6n sz\u00e1m\u00e1ra el\u00e9rhet\u0151 jogi lehet\u0151s\u00e9gek megismer\u00e9s\u00e9hez javasoljuk, hogy b\u00e1rmilyen d\u00f6nt\u00e9s meghozatala el\u0151tt forduljon a Magyar Helsinki Bizotts\u00e1ghoz jogi seg\u00edts\u00e9g\u00e9rt \u00e9s tan\u00e1csad\u00e1s\u00e9rt.<\/p>\n\n\n<p class=\"has-medium-font-size\">Felh\u00edvjuk figyelm\u00e9t, hogy a magyar jogszab\u00e1lyok \u00e9rtelm\u00e9ben, ha bel\u00e9p\u00e9st \u00e9s tart\u00f3zkod\u00e1st enged\u00e9lyez\u0151 jogalap n\u00e9lk\u00fcl l\u00e9p be Magyarorsz\u00e1gra, m\u00e9g akkor is, ha mened\u00e9kjogot pr\u00f3b\u00e1lt k\u00e9rni, a hat\u00f3s\u00e1gok meg\u00e1ll\u00edthatj\u00e1k, \u00e9s a hat\u00e1rker\u00edt\u00e9sen kereszt\u00fcl \u00e1tk\u00eds\u00e9rhetik annak szerbiai oldal\u00e1ra.<\/p>\n\n\n<p class=\"has-medium-font-size\"> <\/p>\n\n\n<h2 id=\"a-menekultugyi-eljaras\" class=\"wp-block-heading\"><strong>A menek\u00fclt\u00fcgyi elj\u00e1r\u00e1s<\/strong><\/h2>\n\n\n<p class=\"has-medium-font-size\">Ha sikeresen regisztr\u00e1lta mened\u00e9kk\u00e9relm\u00e9t Magyarorsz\u00e1gon, az OIF hozz\u00e1vet\u0151legesen 2-3 h\u00f3napon bel\u00fcl megvizsg\u00e1lja a k\u00e9relm\u00e9t.<\/p>\n\n\n<p class=\"has-medium-font-size\">A menek\u00fclt\u00fcgyi elj\u00e1r\u00e1s elej\u00e9n interj\u00faja lesz egy \u00fcgyint\u00e9z\u0151vel, aki arra fogja k\u00e9rni, hogy besz\u00e9ljen az orsz\u00e1g\u00e1ban tapasztalt probl\u00e9m\u00e1kr\u00f3l (vagy azokr\u00f3l a probl\u00e9m\u00e1kr\u00f3l, amelyekkel hazat\u00e9r\u00e9se eset\u00e9n szembes\u00fclhet), \u00e9s arr\u00f3l, hogy mi\u00e9rt kellett elhagynia otthon\u00e1t. Fontos, hogy mindenr\u0151l r\u00e9szletesen besz\u00e9ljen. Lesz tolm\u00e1csa. Ha nem \u00e9rti j\u00f3l a tolm\u00e1csot (elt\u00e9r\u0151 nyelvj\u00e1r\u00e1s vagy m\u00e1s ok miatt), jelezze az \u00fcgyint\u00e9z\u0151nek, mivel jog\u00e1ban \u00e1ll m\u00e1sik tolm\u00e1csot k\u00e9rni.<\/p>\n\n\n<p class=\"has-medium-font-size\">A meghallgat\u00e1s v\u00e9g\u00e9n a vizsg\u00e1latot v\u00e9gz\u0151 \u00fcgyint\u00e9z\u0151nek \u00e9s a tolm\u00e1csnak vissza kell olvasnia \u00d6nnek az interj\u00fa jegyz\u0151k\u00f6nyv\u00e9t. Ha valamit az \u00d6n \u00e1ltal elmondottakt\u00f3l elt\u00e9r\u0151en r\u00f6gz\u00edtettek, k\u00e9rj\u00fck, k\u00e9rje meg az illet\u00e9kes \u00fcgyintez\u0151t, hogy jav\u00edtsa ki. Mindenk\u00e9ppen k\u00e9rjen m\u00e1solatot az interj\u00far\u00f3l. A vizsg\u00e1latot v\u00e9gz\u0151 \u00fcgyint\u00e9z\u0151t \u00e9s a tolm\u00e1csot titoktart\u00e1s k\u00f6telezi.<\/p>\n\n\n<h2 id=\"az-on-jogai-es-kotelezettsegei-a-menekultugyi-eljaras-soran\" class=\"wp-block-heading\"><strong>Az \u00d6n jogai \u00e9s k\u00f6telezetts\u00e9gei a menek\u00fclt\u00fcgyi elj\u00e1r\u00e1s sor\u00e1n<\/strong><\/h2>\n\n\n<p class=\"has-medium-font-size\">Alapvet\u0151 fontoss\u00e1g\u00fa, hogy tiszt\u00e1ban legyen a jogaival \u00e9s k\u00f6telezetts\u00e9geivel a menek\u00fclt\u00fcgyi elj\u00e1r\u00e1s sor\u00e1n.<\/p>\n\n\n<p class=\"has-medium-font-size\"> <\/p>\n\n\n<p class=\"has-medium-font-size\">Am\u00edg mened\u00e9kk\u00e9relm\u00e9nek elb\u00edr\u00e1l\u00e1sa folyamatban van, \u00d6nnek jog\u00e1ban \u00e1ll Magyarorsz\u00e1gon maradni. A fenn\u00e1ll\u00f3 k\u00f6r\u00fclm\u00e9nyeit\u0151l f\u00fcgg\u0151en el\u0151fordulhat, hogy az elj\u00e1r\u00e1s h\u00e1tralev\u0151 r\u00e9sz\u00e9ben egy ny\u00edlt befogad\u00f3 int\u00e9zm\u00e9nybe helyezik \u00e1t, vagy bizonyos esetekben az OIF d\u00f6nthet \u00fagy, hogy legfeljebb 8 h\u00f3napos id\u0151tartamra menek\u00fclt\u00fcgyi \u0151rizetbe helyezi \u00d6nt. Mindk\u00e9t esetben lesz hol aludnia, rendszeresen kap ennival\u00f3t \u00e9s higi\u00e9niai cikkeket, valamint hozz\u00e1f\u00e9rhet az eg\u00e9szs\u00e9g\u00fcgyi alap- \u00e9s s\u00fcrg\u0151ss\u00e9gi ell\u00e1t\u00e1shoz. A gyermekek \u00e9letkoruknak megfelel\u0151 oktat\u00e1sra jogosultak.<\/p>\n\n\n<p class=\"has-medium-font-size\">Ha ny\u00edlt befogad\u00f3 int\u00e9zm\u00e9nyben helyezik el, elhagyhatja az int\u00e9zm\u00e9nyt, de legfeljebb 24 \u00f3r\u00e1ra. Ha enn\u00e9l hosszabb ideig szeretne az int\u00e9zm\u00e9nyen k\u00edv\u00fcl tart\u00f3zkodni, el\u0151zetes \u00edr\u00e1sbeli enged\u00e9lyt kell k\u00e9rnie. Felh\u00edvjuk figyelm\u00e9t ara, hogy ha nem k\u00e9r enged\u00e9lyt, \u00e9s hosszabb id\u0151re elhagyja a l\u00e9tes\u00edtm\u00e9nyt, a kedvez\u0151tlen d\u00f6nt\u00e9s meghozatal\u00e1t kock\u00e1ztatja mened\u00e9kk\u00e9relme \u00fcgy\u00e9ben. Fontos az int\u00e9zm\u00e9ny h\u00e1zirendj\u00e9nek betart\u00e1sa, melyr\u0151l \u00e9rkez\u00e9skor t\u00e1j\u00e9koztatj\u00e1k.<\/p>\n\n\n<p class=\"has-medium-font-size\">Az elj\u00e1r\u00e1s ideje alatt mag\u00e1nlak\u00e1son is lakhat, ha rendszeres jelleggel tart\u00f3zkodik Magyarorsz\u00e1gon. Ha ezt szeretn\u00e9, szert kell tennie az OIF j\u00f3v\u00e1hagy\u00e1s\u00e1ra, \u00e9s \u00e9rtes\u00edtenie kell \u0151ket a c\u00edmv\u00e1ltoz\u00e1sokr\u00f3l.<\/p>\n\n\n<p class=\"has-medium-font-size\">A menek\u00fclt\u00fcgyi elj\u00e1r\u00e1s sor\u00e1n jog\u00e1ban \u00e1ll kapcsolatot teremtenie szervezetekkel, k\u00f6zt\u00fck a UNHCR-ral. Ezek a szervezetek \u00fatmutat\u00e1st, t\u00e1mogat\u00e1st ny\u00fajthatnak \u00f6nnek, \u00e9s k\u00e9pviselhetik az \u00e9rdekeit az \u00d6n nev\u00e9ben. Az elj\u00e1r\u00e1s sor\u00e1n \u00d6nnek joga van jogi seg\u00edts\u00e9gre \u00e9s k\u00e9pviseletre.<\/p>\n\n\n<p class=\"has-medium-font-size\">Am\u00edg folyamatban van a menek\u00fclt\u00fcgyi elj\u00e1r\u00e1sa, \u00d6nnek joga van \u00e1ll\u00e1st keresni a nyitott befogad\u00f3 int\u00e9zm\u00e9nyben vagy k\u00f6zfoglalkoztat\u00e1sban. Kilenc h\u00f3nap eltelt\u00e9vel az int\u00e9zm\u00e9nyen k\u00edv\u00fcl is dolgozhat, ha  tal\u00e1l munk\u00e1t. Felh\u00edvjuk figyelm\u00e9t, hogy ebben az esetben a munk\u00e1ltat\u00f3j\u00e1nak munkav\u00e1llal\u00e1si enged\u00e9lyt kell k\u00e9rnie \u00d6nnek.<\/p>\n\n\n<p class=\"has-medium-font-size\">Fontos a hat\u00f3s\u00e1gokkal val\u00f3 egy\u00fcttm\u0171k\u00f6d\u00e9s a teljes mened\u00e9kk\u00e9relmi elj\u00e1r\u00e1s sor\u00e1n. Adja meg szem\u00e9lyazonoss\u00e1g\u00e1t \u00e9s \u00fati okm\u00e1nyait, ha rendelkez\u00e9sre \u00e1llnak, \u00e9s vil\u00e1gosan fejtse ki azokat az okokat, amelyek miatt elmenek\u00fclt a sz\u00e1rmaz\u00e1si orsz\u00e1g\u00e1b\u00f3l. Maradjon a kijel\u00f6lt sz\u00e1ll\u00e1shelyen, \u00e9s tartsa be az ottani szab\u00e1lyokat. Engedje, hogy megvizsg\u00e1lj\u00e1k az orvosok, \u00e9s beadj\u00e1k a sz\u00fcks\u00e9ges v\u00e9d\u0151olt\u00e1sokat. Ez nem csak az \u00d6n \u00e9rdek\u00e9t, hanem a k\u00f6zeg\u00e9szs\u00e9g\u00fcgyet \u00e9s a k\u00f6zbiztons\u00e1got is szolg\u00e1lja.<\/p>\n\n\n<h2 id=\"a-menedekjogi-dontesek-megertese\" class=\"wp-block-heading\"><strong>A mened\u00e9kjogi d\u00f6nt\u00e9sek meg\u00e9rt\u00e9se<\/strong><\/h2>\n\n\n<p class=\"has-medium-font-size\">A menek\u00fclt\u00fcgyi elj\u00e1r\u00e1s v\u00e9g\u00e9n a k\u00f6vetkez\u0151 4 t\u00edpus\u00fa hat\u00e1rozat lehets\u00e9ges.<\/p>\n\n\n<h3 class=\"wp-block-heading\"><strong>Menek\u00fclt<\/strong><\/h3>\n\n\n<p class=\"has-medium-font-size\"><strong> <\/strong><\/p>\n\n\n<p class=\"has-medium-font-size\">A sz\u00e1rmaz\u00e1si vagy lak\u00f3hely szerinti orsz\u00e1g\u00e1ban zajl\u00f3 \u00fcld\u00f6ztet\u00e9s alapj\u00e1n biztos\u00edtott v\u00e9dett st\u00e1tusz. Az \u00d6n st\u00e1tusz\u00e1nak nincs konkr\u00e9t \u00e9rv\u00e9nyess\u00e9gi ideje, de ha 2016. j\u00fanius 1. ut\u00e1n adt\u00e1k meg, 3 \u00e9vente k\u00f6telez\u0151en fel\u00fclvizsg\u00e1lj\u00e1k. A magyarorsz\u00e1gi menek\u00fcltek \u00e1ltal\u00e1ban magyar \u00e1llampolg\u00e1rokkal nagyr\u00e9szt azonos jogok \u00e9s k\u00f6telezetts\u00e9gek illetik meg, n\u00e9h\u00e1ny kiv\u00e9tellel.<\/p>\n\n\n<p class=\"has-medium-font-size\">Magyarorsz\u00e1gon menek\u00fcltk\u00e9nt szavazati joggal rendelkeznek az \u00f6nkorm\u00e1nyzati v\u00e1laszt\u00e1sokon, valamint r\u00e9szt vehetnek a helyi n\u00e9pszavaz\u00e1sokon. Ez a jog azonban nem terjed ki az orsz\u00e1gos v\u00e1laszt\u00e1sokra. Nem t\u00f6lthet be olyan munkak\u00f6rt sem, amelyhez magyar \u00e1llampolg\u00e1rs\u00e1g sz\u00fcks\u00e9ges. Szem\u00e9lyi igazolv\u00e1nyt \u00e9s k\u00e9tnyelv\u0171 \u00fati okm\u00e1nyt szerezhet be, hacsak nemzet- vagy k\u00f6zbiztons\u00e1gi okok ezt nem teszik lehet\u0151v\u00e9. Utaz\u00e1s el\u0151tt javasoljuk, hogy konzult\u00e1ljon a felkeresni k\u00edv\u00e1nt orsz\u00e1g hat\u00f3s\u00e1gaival a pontos beutaz\u00e1si felt\u00e9telekr\u0151l (p\u00e9ld\u00e1ul v\u00edzum sz\u00fcks\u00e9gess\u00e9g\u00e9r\u0151l). A magyar \u00e1llampolg\u00e1rs\u00e1got az \u00e1ltal\u00e1nos 8 \u00e9v helyett 3 \u00e9v tart\u00f3zkod\u00e1s ut\u00e1n is lehet k\u00e9relmezni.<\/p>\n\n\n<p class=\"has-medium-font-size\">Ha megkapta a menek\u00fcltst\u00e1tuszt, m\u00e9g 30 napig hozz\u00e1f\u00e9rhet az ell\u00e1t\u00e1shoz \u00e9s a sz\u00e1ll\u00e1shoz a menek\u00fclteket befogad\u00f3 int\u00e9zm\u00e9nyekben. Hat h\u00f3napig hozz\u00e1f\u00e9rhet az alap- \u00e9s s\u00fcrg\u0151ss\u00e9gi eg\u00e9szs\u00e9g\u00fcgyi ell\u00e1t\u00e1shoz is. A menek\u00fcltst\u00e1tusszal rendelkez\u0151 gyermekek ingyenes oktat\u00e1sban r\u00e9szes\u00fclhetnek, bele\u00e9rtve az \u00f3vod\u00e1t, az \u00e1ltal\u00e1nos \u00e9s a k\u00f6z\u00e9piskol\u00e1t. T\u00f6megk\u00f6zleked\u00e9sre, vagy meghat\u00e1rozott j\u00f6vedelmi felt\u00e9telek teljes\u00edt\u00e9se eset\u00e9n hat\u00f3s\u00e1gi elj\u00e1r\u00e1sokra az OIF-n\u00e9l k\u00e9relmezhet r\u00e9szleges vagy teljes k\u00f6lts\u00e9gmentess\u00e9get is.<\/p>\n\n\n<p class=\"has-medium-font-size\">Fontos az OIF-fel val\u00f3 egy\u00fcttm\u0171k\u00f6d\u00e9s. A t\u00f6rv\u00e9ny vagy az eg\u00e9szs\u00e9g\u00fcgyi hat\u00f3s\u00e1gok \u00e1ltal el\u0151\u00edrt orvosi vizsg\u00e1latokon, teszteken \u00e9s kezel\u00e9seken r\u00e9szt kell vennie. Ugyancsak kulcsfontoss\u00e1g\u00fa az \u00f6sszes magyar t\u00f6rv\u00e9ny betart\u00e1sa. Ha szem\u00e9lyazonos\u00edt\u00f3 okm\u00e1nyai vagy \u00fati okm\u00e1nyai elvesznek, ellopj\u00e1k vagy megsemmis\u00fclnek, halad\u00e9ktalanul \u00e9rtes\u00edtenie kell az OIF-et.<\/p>\n\n\n<p class=\"has-medium-font-size\"> <\/p>\n\n\n<h3 class=\"wp-block-heading\"><strong>Oltalmazott<\/strong><\/h3>\n\n\n<p class=\"has-medium-font-size\">Az oltalmazotti st\u00e1tuszt s\u00falyos s\u00e9relem vesz\u00e9lye alapj\u00e1n biztos\u00edtj\u00e1k az \u00d6n sz\u00e1rmaz\u00e1si vagy tart\u00f3zkod\u00e1si orsz\u00e1g\u00e1ban. St\u00e1tusz\u00e1nak nincs konkr\u00e9t \u00e9rv\u00e9nyess\u00e9gi ideje, de 3 \u00e9vente k\u00f6telez\u0151en fel\u00fclvizsg\u00e1lj\u00e1k, ha 2016. j\u00fanius 1. ut\u00e1n kapta meg.<\/p>\n\n\n<p class=\"has-medium-font-size\">Az oltalmazotti st\u00e1tuszban r\u00e9szes\u00fcl\u0151ket \u00e1ltal\u00e1ban ugyanazok a jogok \u00e9s k\u00f6telezetts\u00e9gek illetik meg, mint a menek\u00fclteket. Vannak azonban bizonyos k\u00fcl\u00f6nbs\u00e9gek, amelyekkel tiszt\u00e1ban kell lenni. A menek\u00fcltekkel ellent\u00e9tben \u00d6nnek, mint oltalmazotti st\u00e1tuszban r\u00e9szes\u00fcl\u0151nek nincs szavazati joga az \u00f6nkorm\u00e1nyzati v\u00e1laszt\u00e1sokon Magyarorsz\u00e1gon.<\/p>\n\n\n<p class=\"has-medium-font-size\">Az \u00e1llampolg\u00e1rs\u00e1g gyors\u00edtott megszerz\u00e9se sem \u00fagy j\u00e1r, mint a menek\u00fclteknek. Ilyen esetben \u00e1ltal\u00e1ban 8 \u00e9v magyarorsz\u00e1gi tart\u00f3zkod\u00e1s sz\u00fcks\u00e9ges ahhoz, hogy \u00e1llampolg\u00e1rs\u00e1got ig\u00e9nyelhessen.<\/p>\n\n\n<p class=\"has-medium-font-size\">A menek\u00fcltekhez hasonl\u00f3an \u00f6n jogosult \u00fati okm\u00e1nyra. Utaz\u00e1s el\u0151tt javasoljuk, hogy konzult\u00e1ljon a felkeresni k\u00edv\u00e1nt orsz\u00e1g hat\u00f3s\u00e1gaival a pontos beutaz\u00e1si felt\u00e9telekr\u0151l (p\u00e9ld\u00e1ul v\u00edzum sz\u00fcks\u00e9gess\u00e9g\u00e9r\u0151l).<\/p>\n\n\n<p class=\"has-medium-font-size\"> <\/p>\n\n\n<h3 class=\"wp-block-heading\"><strong>Befogadott <\/strong><\/h3>\n\n\n<p class=\"has-medium-font-size\"><strong> <\/strong><\/p>\n\n\n<p class=\"has-medium-font-size\">A befogadott st\u00e1tusz a v\u00e9delem kieg\u00e9sz\u00edt\u0151 form\u00e1ja Magyarorsz\u00e1gon. Befogadott st\u00e1tuszt kaphat, ha a fenn\u00e1ll\u00f3 k\u00f6r\u00fclm\u00e9nyei miatt nem kaphat m\u00e1s v\u00e9dett st\u00e1tuszt (p\u00e9ld\u00e1ul menek\u00fclt vagy oltalmazotti st\u00e1tuszt), de ugyan\u00fagy nem tud visszat\u00e9rni sz\u00e1rmaz\u00e1si orsz\u00e1g\u00e1ba, \u00e9s nem fogadja be harmadik, biztons\u00e1gos orsz\u00e1g. A befogadott st\u00e1tuszt egy \u00e9vre adj\u00e1k, \u00e9s az OIF \u00e9vente fel\u00fclvizsg\u00e1lja.<\/p>\n\n\n<p class=\"has-medium-font-size\">\u00d6nt, mint befogadott st\u00e1tusz birtokos\u00e1t, nem illetik meg mindazok a jogok, amelyek a menek\u00fclt vagy oltalmazotti st\u00e1tuszban r\u00e9szes\u00fcl\u0151ket megilletnek. Ha befogadott st\u00e1tuszt kap, az elismer\u00e9s\u00e9t k\u00f6vet\u0151 30 napig kaphat ell\u00e1t\u00e1st \u00e9s sz\u00e1ll\u00e1st a menek\u00fcltbefogad\u00f3 int\u00e9zm\u00e9nyekben. \u00d6nnek joga van hozz\u00e1f\u00e9rni az eg\u00e9szs\u00e9g\u00fcgyi alap- \u00e9s korl\u00e1tozott sz\u00e1mban kieg\u00e9sz\u00edt\u0151 ell\u00e1t\u00e1shoz (p\u00e9ld\u00e1ul s\u00fcrg\u0151ss\u00e9gi ell\u00e1t\u00e1shoz \u00e9s k\u00f6telez\u0151 v\u00e9d\u0151olt\u00e1sokhoz). A befogadott st\u00e1tusz\u00fa gyermekek ingyenes oktat\u00e1sban r\u00e9szes\u00fclhetnek, bele\u00e9rtve az \u00f3vod\u00e1t, az \u00e1ltal\u00e1nos \u00e9s a k\u00f6z\u00e9piskol\u00e1t.<\/p>\n\n\n<p class=\"has-medium-font-size\">Nem rendelkezik azonban szavazati joggal, nem kaphat \u00fati okm\u00e1nyokat, illetve a nem \u00e9lhet t\u00f6megk\u00f6zleked\u00e9si \u00e9s hat\u00f3s\u00e1gi elj\u00e1r\u00e1sok k\u00f6lts\u00e9gmentess\u00e9g\u00e9vel. A menek\u00fcltekkel \u00e9s oltalmazottakkal ellent\u00e9tben, ha Magyarorsz\u00e1gon szeretne munk\u00e1t v\u00e1llalni, a munk\u00e1ltat\u00f3j\u00e1nak munkav\u00e1llal\u00e1si enged\u00e9lyt kell k\u00e9rnie.<\/p>\n\n\n<h3 class=\"wp-block-heading\"><strong>Kedvez\u0151tlen d\u00f6nt\u00e9s<\/strong><\/h3>\n\n\n<p class=\"has-medium-font-size\">A kedvez\u0151tlen d\u00f6nt\u00e9s azt jelenti, hogy az OIF elutas\u00edtotta mened\u00e9kk\u00e9relm\u00e9t. Ha nem \u00e9rt egyet ezzel a hat\u00e1rozattal, \u00e9s \u00fagy gondolja, hogy az igazs\u00e1gtalanul megtagadja \u00d6nt\u0151l a k\u00e9rt v\u00e9delmet, jog\u00e1ban \u00e1ll fellebbezni a hat\u00e1rozat ellen. Ennek hat\u00e1rideje \u00e1ltal\u00e1ban 8 nap.<\/p>\n\n\n<p class=\"has-medium-font-size\">A fellebbez\u00e9s beny\u00fajt\u00e1s\u00e1hoz \u00edr\u00e1sos nyilatkozatot kell tennie, amelyben kifejti, mi\u00e9rt nem \u00e9rt egyet a kedvez\u0151tlen d\u00f6nt\u00e9ssel, \u00e9s a kock\u00e1zatok miatt mi\u00e9rt nem j\u00e1rhat\u00f3 \u00fat a haz\u00e1j\u00e1ba val\u00f3 visszat\u00e9r\u00e9s. Ezt az \u00edr\u00e1sos nyilatkozatot szem\u00e9lyesen kell beny\u00fajtani az OIF-nek, k\u00f6zvetlen\u00fcl az \u00d6n \u00fcgy\u00e9vel foglalkoz\u00f3 tisztvisel\u0151nek, aki ezt tov\u00e1bb\u00edtja a b\u00edr\u00f3s\u00e1gnak fel\u00fclvizsg\u00e1latra. A folyamat sor\u00e1n aj\u00e1nlott jogi seg\u00edts\u00e9get \u00e9s tan\u00e1csot k\u00e9rni egy \u00fcgyv\u00e9dt\u0151l.<\/p>\n\n\n<p class=\"has-medium-font-size\">\u00c1ltal\u00e1ban k\u00f6r\u00fclbel\u00fcl k\u00e9t h\u00f3napot vesz ig\u00e9nybe a b\u00edr\u00f3s\u00e1gon a fellebbez\u00e9s elb\u00edr\u00e1l\u00e1sa \u00e9s a hat\u00e1rozathozatal. Ennek eredm\u00e9nyek\u00e9nt a b\u00edr\u00f3s\u00e1g egyet\u00e9rthet az OIF eredeti hat\u00e1rozat\u00e1val, s ez esetben az elutas\u00edt\u00e1s joger\u0151re emelkedik, \u00e9s az \u00d6n mened\u00e9kk\u00e9relm\u00e9t v\u00e9glegesen elutas\u00edtj\u00e1k. M\u00e1sik lehet\u0151s\u00e9gk\u00e9nt a b\u00edr\u00f3s\u00e1g d\u00f6nthet \u00fagy, hogy elutas\u00edtja a hat\u00f3s\u00e1g hat\u00e1rozat\u00e1t, \u00e9s elrendelheti a menek\u00fclt\u00fcgyi elj\u00e1r\u00e1s \u00fajb\u00f3li lefolytat\u00e1s\u00e1t.<\/p>\n\n\n<p class=\"has-medium-font-size\">A menek\u00fclt\u00fcgyi elj\u00e1r\u00e1ssal kapcsolatos tov\u00e1bbi \u00fatmutat\u00e1s\u00e9rt \u00e9s inform\u00e1ci\u00f3k\u00e9rt keresse fel az OIF <a href=\"http:\/\/www.bmbah.hu\/index.php?option=com_k2&amp;view=item&amp;layout=item&amp;id=521&amp;Itemid=728&amp;lang=en\">weboldal\u00e1t<\/a>, ahol angol nyelv\u0171 forr\u00e1sokat tal\u00e1lhat, amelyek seg\u00edtenek eligazodni a folyamatban.<\/p>\n\n\n<p class=\"has-medium-font-size\"> <\/p>\n\n\n<h2 id=\"menedekkeres-kisero-nelkuli-gyermekkent\" class=\"wp-block-heading\"><strong>Mened\u00e9kk\u00e9r\u00e9s k\u00eds\u00e9r\u0151 n\u00e9lk\u00fcli gyermekk\u00e9nt<\/strong><\/h2>\n\n\n<p class=\"has-medium-font-size\">Ha \u00d6n 18 \u00e9ven alatti, k\u00eds\u00e9r\u0151 n\u00e9lk\u00fcli gyermek, sz\u00fcl\u0151 vagy feln\u0151tt gondoz\u00f3 n\u00e9lk\u00fcl, speci\u00e1lis jogokkal rendelkezik, \u00e9s a mened\u00e9kk\u00e9relm\u00e9nek elb\u00edr\u00e1l\u00e1sa els\u0151bbs\u00e9get \u00e9lvez. A hat\u00f3s\u00e1gok gyermekotthonban sz\u00e1ll\u00e1st \u00e9s ell\u00e1t\u00e1st biztos\u00edtanak \u00d6nnek, szavatolva ezzel a biztons\u00e1g\u00e1t \u00e9s boldogul\u00e1s\u00e1t. Kijel\u00f6lnek gy\u00e1mot is, aki k\u00e9pviseli az \u00d6n \u00e9rdekeit, k\u00f6zbenj\u00e1r az \u00d6n ig\u00e9nyeinek kiel\u00e9g\u00edt\u00e9se \u00e9rdek\u00e9ben, \u00e9s biztos\u00edtja jogainak \u00e9rv\u00e9nyes\u00edt\u00e9s\u00e9t a menek\u00fclt\u00fcgyi elj\u00e1r\u00e1s sor\u00e1n.<\/p>\n\n","protected":false},"excerpt":{"rendered":"<p>EZEN AZ OLDALON: \u2022 A mened\u00e9kjoghoz vezet\u0151 \u00fat Magyarorsz\u00e1gon\u2022 A menek\u00fclt\u00fcgyi elj\u00e1r\u00e1s\u2022 Az \u00d6n jogai \u00e9s k\u00f6telezetts\u00e9gei a menek\u00fclt\u00fcgyi elj\u00e1r\u00e1s sor\u00e1n\u2022 A mened\u00e9kjogi d\u00f6nt\u00e9sek meg\u00e9rt\u00e9se\u2022 Mened\u00e9kk\u00e9r\u00e9s k\u00eds\u00e9r\u0151 n\u00e9lk\u00fcli gyermekk\u00e9nt A mened\u00e9kjog a v\u00e9delem olyan form\u00e1ja, amelyet egy idegen orsz\u00e1g k\u00edn\u00e1l olyan szem\u00e9lyek sz\u00e1m\u00e1ra, akik nem lelnek biztons\u00e1gra saj\u00e1t haz\u00e1jukban, mert f\u00e9lnek az \u00fcld\u00f6ztet\u00e9st\u0151l, amely faji, [&hellip;]<\/p>\n","protected":false},"author":347,"featured_media":0,"parent":20544,"menu_order":0,"comment_status":"closed","ping_status":"closed","template":"","meta":{"_acf_changed":false,"footnotes":""},"class_list":["post-25549","page","type-page","status-publish","hentry"],"acf":[],"_links":{"self":[{"href":"https:\/\/help.unhcr.org\/hungary\/hu\/wp-json\/wp\/v2\/pages\/25549","targetHints":{"allow":["GET"]}}],"collection":[{"href":"https:\/\/help.unhcr.org\/hungary\/hu\/wp-json\/wp\/v2\/pages"}],"about":[{"href":"https:\/\/help.unhcr.org\/hungary\/hu\/wp-json\/wp\/v2\/types\/page"}],"author":[{"embeddable":true,"href":"https:\/\/help.unhcr.org\/hungary\/hu\/wp-json\/wp\/v2\/users\/347"}],"replies":[{"embeddable":true,"href":"https:\/\/help.unhcr.org\/hungary\/hu\/wp-json\/wp\/v2\/comments?post=25549"}],"version-history":[{"count":132,"href":"https:\/\/help.unhcr.org\/hungary\/hu\/wp-json\/wp\/v2\/pages\/25549\/revisions"}],"predecessor-version":[{"id":45019,"href":"https:\/\/help.unhcr.org\/hungary\/hu\/wp-json\/wp\/v2\/pages\/25549\/revisions\/45019"}],"up":[{"embeddable":true,"href":"https:\/\/help.unhcr.org\/hungary\/hu\/wp-json\/wp\/v2\/pages\/20544"}],"wp:attachment":[{"href":"https:\/\/help.unhcr.org\/hungary\/hu\/wp-json\/wp\/v2\/media?parent=25549"}],"curies":[{"name":"wp","href":"https:\/\/api.w.org\/{rel}","templated":true}]}}