{"id":20982,"date":"2024-06-05T21:07:47","date_gmt":"2024-06-05T21:07:47","guid":{"rendered":"https:\/\/help.unhcr.org\/hungary\/new\/trafficking\/"},"modified":"2025-07-10T13:04:39","modified_gmt":"2025-07-10T13:04:39","slug":"trafficking","status":"publish","type":"page","link":"https:\/\/help.unhcr.org\/hungary\/hu\/trafficking\/","title":{"rendered":"Munkahelyi kizs\u00e1km\u00e1nyol\u00e1s, h\u00e1zi rabszolgas\u00e1g \u00e9s emberkereskedelem"},"content":{"rendered":"\n\n<p class=\"has-medium-font-size\"><strong>EZEN AZ OLDALON:<\/strong><br>\n<strong>\u2022 <a href=\"#vegye-igenybe-a-rendelkezesre-allo-segitseget\">Vegye ig\u00e9nybe a rendelkez\u00e9sre \u00e1ll\u00f3 seg\u00edts\u00e9get<\/a><\/strong><br>\n<\/p>\n\n <hr class=\"has-alpha-channel-opacity is-style-default\" \/>\n\n<p class=\"has-medium-font-size\">A munkaer\u0151-kizs\u00e1km\u00e1nyol\u00e1s, a h\u00e1zi rabszolgas\u00e1g \u00e9s az emberkereskedelem \u00e1ldozatai sz\u00e1m\u00e1ra van seg\u00edts\u00e9g. Jelentheti ezeket a b\u0171ncselekm\u00e9nyeket a rend\u0151rs\u00e9gen vagy erre szakosodott civil szervezetekn\u00e9l, hogy t\u00e1j\u00e9koz\u00f3dhasson az el\u00e9rhet\u0151 t\u00e1mogat\u00e1sokr\u00f3l.<\/p>\n\n\n<p class=\"has-medium-font-size\">\u00d6n vagy valakiket, akit ismer, munkahelyi izs\u00e1km\u00e1nyol\u00e1s, h\u00e1zi rabszolgas\u00e1g \u00e9s emberkereskedelem \u00e1ldozata lehet, ha<\/p>\n\n\n<ul class=\"has-medium-font-size wp-block-list\">\n<li class=\"has-medium-font-size\">\u00d6nt vagy \u0151ket er\u0151szakkal vagy \u00fcr\u00fcggyel hozt\u00e1k Magyarorsz\u00e1gra vagy Magyarorsz\u00e1gon bel\u00fcl utaztatj\u00e1k, \u00e9s munk\u00e1ra k\u00e9nyszer\u00edtik<\/li>\n\n<li class=\"has-medium-font-size\">\u00d6nt vagy \u0151ket szexre vett\u00e9k r\u00e1 er\u0151vel vagy k\u00e9nyszer\u00edtett\u00e9k<\/li>\n\n<li class=\"has-medium-font-size\">\u00d6n vagy \u0151k nem l\u00e9phetnek kapcsolatba csal\u00e1dj\u00e1val \u00e9s bar\u00e1taival<\/li>\n\n<li class=\"has-medium-font-size\">Az \u00d6n vagy az \u0151k munk\u00e1ltat\u00f3ja visszatartja a fizet\u00e9st<\/li>\n\n<li class=\"has-medium-font-size\">\u00d6n vagy \u0151k nem mozoghatnak szabadon, saj\u00e1t akaratukb\u00f3l<\/li>\n\n<li class=\"has-medium-font-size\">\u00d6nt vagy \u0151ket arra k\u00e9nyszer\u00edtik, hogy akaratuk ellen\u00e9re dolgozzanak<\/li>\n\n<li class=\"has-medium-font-size\">Az \u00d6n vagy az \u0151k \u00fatlevel\u00e9t vagy dokumentumait elvett\u00e9k <\/li>\n\n<li class=\"has-medium-font-size\">Fenn\u00e1ll a vesz\u00e9ly, hogy k\u00e1rt okoznak \u00d6nnek, csal\u00e1dj\u00e1nak, vagy az \u0151 csal\u00e1djuknak<\/li>\n\n<li class=\"has-medium-font-size\">\u00d6n vagy \u0151k arra k\u00e9nyszer\u00fclnek, hogy alkalmatlan vagy megal\u00e1z\u00f3 k\u00f6r\u00fclm\u00e9nyek k\u00f6z\u00f6tt \u00e9ljenek<\/li>\n\n<li class=\"has-medium-font-size\">Az \u00d6n vagy az \u0151k munk\u00e1ltat\u00f3ja nem biztos\u00edtja a munkav\u00e1llal\u00f3k foglalkoztat\u00e1s\u00e1hoz sz\u00fcks\u00e9ges dokumentumokat<\/li>\n\n<li class=\"has-medium-font-size\">Valaki szervadom\u00e1nyoz\u00e1s\u00e1ra k\u00e9nyszer\u00edti \u00d6nt vagy \u0151t.<\/li>\n<\/ul>\n\n<p class=\"has-medium-font-size\">Az emberkereskedelem \u00e1ldozatainak joguk van a seg\u00edts\u00e9ghez, bele\u00e9rtve:<\/p>\n\n\n<ul class=\"has-medium-font-size wp-block-list\">\n<li class=\"has-medium-font-size\">a megfelel\u0151 \u00e9s biztons\u00e1gos sz\u00e1ll\u00e1st,<\/li>\n\n<li class=\"has-medium-font-size\">a pszichol\u00f3giai \u00e9s anyagi seg\u00edts\u00e9gny\u00fajt\u00e1st,<\/li>\n\n<li class=\"has-medium-font-size\">hozz\u00e1f\u00e9r\u00e9shez az orvosi kezel\u00e9shez \u00e9s a vonatkoz\u00f3 inform\u00e1ci\u00f3khoz,<\/li>\n\n<li class=\"has-medium-font-size\">tart\u00f3zkod\u00e1si enged\u00e9lyhez val\u00f3 hozz\u00e1f\u00e9r\u00e9shez.<\/li>\n<\/ul>\n\n<h2 id=\"vegye-igenybe-a-rendelkezesre-allo-segitseget\" class=\"wp-block-heading\"><strong>Vegye ig\u00e9nybe a rendelkez\u00e9sre \u00e1ll\u00f3 seg\u00edts\u00e9get<\/strong><\/h2>\n\n\n<figure class=\"wp-block-table has-medium-font-size\"><table class=\"has-fixed-layout\"><thead><tr><th><strong>Organization<\/strong><\/th><th><strong>Phone<\/strong><\/th><th><strong>E-mail<\/strong><\/th><th><strong>How can they help?<\/strong><\/th><\/tr><\/thead><tbody><tr><td>Ment\u0151szolg\u00e1lat (rend\u0151rs\u00e9g, ment\u0151)<\/td><td>112 (ingyenes)<\/td><td><\/td><td>H\u00edv\u00e1s azonnali \u00e9letvesz\u00e9ly, vagy b\u0171ncselekm\u00e9ny elk\u00f6vet\u00e9s\u00e9nek gyan\u00faja eset\u00e9n, ha az \u00e9let\u00e9t vagy testi \u00e9ps\u00e9g\u00e9t vesz\u00e9lyeztet\u0151 helyzet \u00e1ll fenn, vagy ha gyermek van vesz\u00e9lyben<\/td><\/tr><tr><td>OKIT \/ Orsz\u00e1gos Kr\u00edziskezel\u0151 \u00e9s Inform\u00e1ci\u00f3s Telefonszolg\u00e1lat<\/td><td>+36 80 20 55 20 (ingyenes 0-24, magyar\/angol)<\/td><td>segelyszervezet@segelyszervezet.hu<\/td><td>Emberkereskedelem \u00e9s nemi alap\u00fa er\u0151szak \u00e1ldozatainak seg\u00edt\u00e9se, sz\u00fcks\u00e9g eset\u00e9n elsz\u00e1ll\u00e1sol\u00e1suk megszervez\u00e9se.<\/td><\/tr><tr><td>Es\u00e9ly a csal\u00e1doknak 2005 \/ Es\u00e9ly a csal\u00e1doknak 2005<\/td><td>+36 96 204 168<\/td><td>csaomovar@wsi.hu<\/td><td>Ideiglenes sz\u00e1ll\u00e1s \u00e9s komplex szem\u00e9lyre szabott t\u00e1mogat\u00e1s  magyar\/ukr\u00e1n<\/td><\/tr><tr><td>Baptista Szeretetszolg\u00e1lat \/ Baptist Aid<\/td><td>+36 20 239 2297<\/td><td>ukrajna@baptistasegely.hu<\/td><td>\u00c1tmeneti sz\u00e1ll\u00e1s, rehabilit\u00e1ci\u00f3, ut\u00f3gondoz\u00e1s.<\/td><\/tr><tr><td>\u00c1SK \/ \u00c1ldozatseg\u00edt\u0151 Hotline:<\/td><td>+36 80 225 225 (ingyenes 0-24, magyar)<\/td><td>aldozatsegitokozpontbudapest@im.gov.hu<\/td><td>Az \u00e1ldozatok t\u00e1j\u00e9koztat\u00e1sa jogaikr\u00f3l, k\u00f6telezetts\u00e9geikr\u0151l \u00e9s lehet\u0151s\u00e9geikr\u0151l, \u00e9rzelmi \u00e9s pszichol\u00f3giai t\u00e1mogat\u00e1s, jogi tan\u00e1csad\u00e1s \u00e9s gyakorlati seg\u00edts\u00e9gny\u00fajt\u00e1s.<\/td><\/tr><tr><td>UNHCR<\/td><td>+36 80 984 583 (Ingyenes h\u00edv\u00f3sz\u00e1m h\u00e9tf\u0151t\u0151l p\u00e9ntekig 8:00-17:00, Eng \/ Rus \/ Ukr)<\/td><td>hunbucontact@unhcr.org<\/td><td>Az embercsemp\u00e9szet menek\u00fclt \u00e1ldozatainak seg\u00edts\u00e9get ny\u00fajt\u00f3 szervezetekhez val\u00f3 \u00e1tir\u00e1ny\u00edt\u00e1s.<\/td><\/tr><tr><td>K\u00e9k Vonal Gyermekkr\u00edzis Alap\u00edtv\u00e1ny<\/td><td>+36 80 984 590 (ingyenes ukr\u00e1n \/ orosz, kedden \u00e9s cs\u00fct\u00f6rt\u00f6k\u00f6n 16.00-20.00 k\u00f6z\u00f6tt)<\/td><td>ukraine@kek-vonal.hu<\/td><td>Ha bajba jutott gyerek vagy, ha vesz\u00e9lyben \u00e9rzed mag\u00e1t, seg\u00edthetnek \u00e1tgondolni, mit\u00e9v\u0151 l\u00e9gy. Az Alap\u00edtv\u00e1ny akkor is tud seg\u00edteni, ha \u00fagy \u00e9rzed, hogy el akarsz menni, vagy m\u00e1r elhagytad otthonodat. N\u00e9vtelen\u00fcl h\u00edvhatod ingyenes gyermekseg\u00e9lyvonalukat.<\/td><\/tr><tr><td>Helyi h\u00e1ziorvos vagy m\u00e1s eg\u00e9szs\u00e9g\u00fcgyi szolg\u00e1ltat\u00f3<\/td><td>112 (Ingyenes, s\u00fcrg\u0151s orvosi sz\u00fcks\u00e9g eset\u00e9n h\u00edvja.)<\/td><td>Keresse meg lak\u00f3helye nev\u00e9t, \u00e9s adja hozz\u00e1 a \u201eh\u00e1ziorvos\u201d vagy a \u201ek\u00f3rh\u00e1z\u201d kifejez\u00e9st.<\/td><td>Eg\u00e9szs\u00e9g\u00fcgyi probl\u00e9m\u00e1ival forduljon a helyi h\u00e1ziorvoshoz vagy a legk\u00f6zelebbi eg\u00e9szs\u00e9g\u00fcgyi szolg\u00e1ltat\u00f3hoz.<\/td><\/tr><tr><td>NANE \/ N\u0151k a N\u0151k\u00e9rt Egy\u00fctt az Er\u0151szak Ellen Egyes\u00fclet<\/td><td>+36 80 505 101 (Ingyenes, h\u00e9tf\u0151n, kedden \u00e9s cs\u00fct\u00f6rt\u00f6k\u00f6n 18.00-22.00, kedden \u00e9s szerd\u00e1n 12.00-14.00)<\/td><td>info@nane.hu<\/td><td>A tolm\u00e1csszolg\u00e1lat a 1812-es telefonsz\u00e1mon \u00e9rhet\u0151 el h\u00e9tf\u0151t\u0151l p\u00e9ntekig 8:00 \u00e9s 16:30 k\u00f6z\u00f6tt. A tolm\u00e1csok seg\u00edtenek orvos\u00e1nak ford\u00edtani ukr\u00e1n\/orosz nyelvr\u0151l magyar nyelvre.<\/td><\/tr><tr><td>Cordelia Alap\u00edtv\u00e1ny<\/td><td>+36 1 349 1450 (magyar \/ angol)<\/td><td>K\u00f6zvetlen kapcsolatfelv\u00e9tel a weboldalukon kereszt\u00fcl (kattint\u00e1s) vagy a cordelia@cordelia.hu oldalon<\/td><td>A b\u00e1ntalmazott n\u0151k \u00e9s gyermekek t\u00e1mogat\u00e1sa.<\/td><\/tr><tr><td>Mened\u00e9k Egyes\u00fclet<\/td><td>+36 20 450 7245<\/td><td><\/td><td>Ingyenes ment\u00e1lhigi\u00e9n\u00e9s ell\u00e1t\u00e1s a traum\u00e1t t\u00fal\u00e9l\u0151k sz\u00e1m\u00e1ra. Angol \u00e9s ukr\u00e1n nyelven vagy tolm\u00e1cs seg\u00edts\u00e9g\u00e9vel francia, szom\u00e1liai, arab, perzsa, dari, pastu nyelven.<\/td><\/tr><tr><td>Munka\u00fcgyi Fel\u00fcgyel\u0151s\u00e9g<\/td><td>Az \u00e9rintett iroda telefonsz\u00e1m\u00e1t ide kattintva tal\u00e1lja.<\/td><td>menedek@menedek.hu<\/td><td>A bejelent\u00e9sek, panaszok ingyenesen beny\u00fajthat\u00f3k szem\u00e9lyesen, telefonon, postai \u00faton vagy elektronikusan.<\/td><\/tr><\/tbody><\/table><\/figure>\n\n<p class=\"has-medium-font-size\">Ha nyelvi akad\u00e1lyokkal szembes\u00fcl, tolm\u00e1csot foglalhat a Nemzetk\u00f6zi Migr\u00e1ci\u00f3s Szervezetn\u00e9l (IOM) h\u00e9tf\u0151t\u0151l p\u00e9ntekig 9.00 \u00e9s 17.00 \u00f3ra k\u00f6z\u00f6tt. A regisztr\u00e1ci\u00f3hoz k\u00e9rj\u00fck kattintson ide. K\u00e9rj\u00fck, el\u0151zetesen k\u00e9rjen a t\u00e1mogat\u00e1si szolg\u00e1ltat\u00e1st.<\/p>\n\n\n<div class=\"wp-block-group\"><div class=\"wp-block-group__inner-container is-layout-constrained wp-block-group-is-layout-constrained\">\n<div style=\"background-color:#b9dfff;color:white;border-radius:10px;padding: 24px 24px 4px\">\n\n\n\n<figure class=\"wp-block-image size-full is-resized\"><img loading=\"lazy\" decoding=\"async\" width=\"100\" height=\"100\" src=\"https:\/\/help.unhcr.org\/hungary\/wp-content\/uploads\/sites\/86\/2024\/06\/callout_rcc-1.png\" alt=\"\" class=\"wp-image-18970\" style=\"width:70px\" \/><\/figure>\n\n\n\n<div style=\"height:14px\" aria-hidden=\"true\" class=\"wp-block-spacer\"><\/div>\n\n\n\n<p class=\"has-black-color has-text-color has-link-color has-medium-font-size wp-elements-e1e1581f5ef08b553a198e2f5feea1cb\">Tov\u00e1bbi inform\u00e1ci\u00f3k\u00e9rt, valamint visszajelz\u00e9s\u00e9vel vagy panasz\u00e1val h\u00edvja a <strong>UNHCR Menek\u00fclt\u00fcgyi Seg\u00e9lyvonal\u00e1t<\/strong> a <strong><a href=\"tel:+36 80 984 583\">+36 80 984 583<\/a>\u200b<\/strong> telefonsz\u00e1mon (h\u00e9tf\u0151t\u0151l p\u00e9ntekig, 08:00 \u2013 17:00 k\u00f6z\u00f6tt) ukr\u00e1n, orosz, magyar \u00e9s angol nyelven, vagy keressen minket e-mailen a <a href=\"mailto:hunbucontact@unhcr.org\">hunbucontact@unhcr.org<\/a> c\u00edmen.<\/p>\n\n\n\n<\/div>\n<\/div><\/div>\n\n<p class=\"has-medium-font-size\"> <\/p>\n\n\n<div class=\"wp-block-group\"><div class=\"wp-block-group__inner-container is-layout-constrained wp-block-group-is-layout-constrained\">\n<a href=\"https:\/\/help.unhcr.org\/hungary\/hu\/safe-online\/\" style=\"text-decoration: none\">\n\n\n\n<div style=\"background-color:#b9dfff;color:white;border-radius:10px;padding: 24px 24px 4px\">\n\n\n\n<figure class=\"wp-block-image size-full is-resized\"><img loading=\"lazy\" decoding=\"async\" width=\"100\" height=\"100\" src=\"https:\/\/help.unhcr.org\/hungary\/wp-content\/uploads\/sites\/86\/2024\/07\/callout_safeonline.png\" alt=\"\" class=\"wp-image-20200\" style=\"width:70px\" \/><\/figure>\n\n\n\n<div style=\"height:14px\" aria-hidden=\"true\" class=\"wp-block-spacer\"><\/div>\n\n\n\n<p class=\"has-black-color has-text-color has-link-color has-medium-font-size wp-elements-1bc1b17a30cec8727b403f128f09ec7c\">Negat\u00edv \u00e9lm\u00e9ny \u00e9rte internetez\u00e9s sor\u00e1n? <strong>Kattintson ide, \u00e9s olvassa el a saj\u00e1t \u00e9s csal\u00e1dja digit\u00e1lis  v\u00e9delm\u00e9r\u0151l sz\u00f3l\u00f3 \u00fatmutat\u00f3nkat!<\/strong><\/p>\n\n\n\n<\/div><\/a>\n<\/div><\/div>\n\n\n\n<p><\/p>\n","protected":false},"excerpt":{"rendered":"<p>EZEN AZ OLDALON: \u2022 Vegye ig\u00e9nybe a rendelkez\u00e9sre \u00e1ll\u00f3 seg\u00edts\u00e9get A munkaer\u0151-kizs\u00e1km\u00e1nyol\u00e1s, a h\u00e1zi rabszolgas\u00e1g \u00e9s az emberkereskedelem \u00e1ldozatai sz\u00e1m\u00e1ra van seg\u00edts\u00e9g. Jelentheti ezeket a b\u0171ncselekm\u00e9nyeket a rend\u0151rs\u00e9gen vagy erre szakosodott civil szervezetekn\u00e9l, hogy t\u00e1j\u00e9koz\u00f3dhasson az el\u00e9rhet\u0151 t\u00e1mogat\u00e1sokr\u00f3l. \u00d6n vagy valakiket, akit ismer, munkahelyi izs\u00e1km\u00e1nyol\u00e1s, h\u00e1zi rabszolgas\u00e1g \u00e9s emberkereskedelem \u00e1ldozata lehet, ha Az emberkereskedelem \u00e1ldozatainak [&hellip;]<\/p>\n","protected":false},"author":347,"featured_media":0,"parent":0,"menu_order":14,"comment_status":"closed","ping_status":"closed","template":"","meta":{"_acf_changed":false,"footnotes":""},"class_list":["post-20982","page","type-page","status-publish","hentry"],"acf":[],"_links":{"self":[{"href":"https:\/\/help.unhcr.org\/hungary\/hu\/wp-json\/wp\/v2\/pages\/20982","targetHints":{"allow":["GET"]}}],"collection":[{"href":"https:\/\/help.unhcr.org\/hungary\/hu\/wp-json\/wp\/v2\/pages"}],"about":[{"href":"https:\/\/help.unhcr.org\/hungary\/hu\/wp-json\/wp\/v2\/types\/page"}],"author":[{"embeddable":true,"href":"https:\/\/help.unhcr.org\/hungary\/hu\/wp-json\/wp\/v2\/users\/347"}],"replies":[{"embeddable":true,"href":"https:\/\/help.unhcr.org\/hungary\/hu\/wp-json\/wp\/v2\/comments?post=20982"}],"version-history":[{"count":130,"href":"https:\/\/help.unhcr.org\/hungary\/hu\/wp-json\/wp\/v2\/pages\/20982\/revisions"}],"predecessor-version":[{"id":45129,"href":"https:\/\/help.unhcr.org\/hungary\/hu\/wp-json\/wp\/v2\/pages\/20982\/revisions\/45129"}],"wp:attachment":[{"href":"https:\/\/help.unhcr.org\/hungary\/hu\/wp-json\/wp\/v2\/media?parent=20982"}],"curies":[{"name":"wp","href":"https:\/\/api.w.org\/{rel}","templated":true}]}}