{"id":20968,"date":"2024-06-05T21:16:17","date_gmt":"2024-06-05T21:16:17","guid":{"rendered":"https:\/\/help.unhcr.org\/hungary\/new\/trauma-or-violence\/"},"modified":"2025-07-10T13:04:25","modified_gmt":"2025-07-10T13:04:25","slug":"trauma-or-violence","status":"publish","type":"page","link":"https:\/\/help.unhcr.org\/hungary\/hu\/trauma-or-violence\/","title":{"rendered":"Ha  \u00d6n trauma vagy er\u0151szak t\u00fal\u00e9l\u0151je"},"content":{"rendered":"\n\n<p class=\"has-medium-font-size\"><strong>EZEN AZ OLDALON:<\/strong><br>\n<strong>\u2022 <a href=\"#segelyszolgalatok-ingyenesen-hivhato-telefonszamok\">Seg\u00e9lyszolg\u00e1latok \u2013 ingyenesen h\u00edvhat\u00f3 telefonsz\u00e1mok<\/a><\/strong><br><strong>\u2022 <a href=\"#szexualis-csaladi-zaklatas-bantalmazas-vagy-eroszak-tuleloi\">Szexu\u00e1lis\/csal\u00e1di zaklat\u00e1s, b\u00e1ntalmaz\u00e1s vagy er\u0151szak t\u00fal\u00e9l\u0151i<\/a><\/strong><br>\n<\/p>\n\n <hr class=\"has-alpha-channel-opacity is-style-default\" \/>\n\n<h2 id=\"segelyszolgalatok-ingyenesen-hivhato-telefonszamok\" class=\"wp-block-heading\"><strong>Seg\u00e9lyszolg\u00e1latok \u2013 ingyenesen h\u00edvhat\u00f3 telefonsz\u00e1mok<\/strong><\/h2>\n\n\n<ul class=\"has-medium-font-size wp-block-list\">\n<li class=\"has-medium-font-size\">A seg\u00e9lyszolg\u00e1latok \u00e1ltal\u00e1nos sz\u00e1ma: 112<\/li>\n\n<li class=\"has-medium-font-size\">Ment\u0151: 104<\/li>\n\n<li class=\"has-medium-font-size\">Rend\u0151rs\u00e9g: 107<\/li>\n\n<li class=\"has-medium-font-size\">T\u0171zolt\u00f3k: 105 <\/li>\n<\/ul>\n\n<h2 id=\"szexualis-csaladi-zaklatas-bantalmazas-vagy-eroszak-tuleloi\" class=\"wp-block-heading\"><strong>Szexu\u00e1lis\/csal\u00e1di zaklat\u00e1s, b\u00e1ntalmaz\u00e1s vagy er\u0151szak t\u00fal\u00e9l\u0151i<\/strong><\/h2>\n\n\n<p class=\"has-medium-font-size\">Ha \u00d6n szexu\u00e1lis\/csal\u00e1don bel\u00fcli zaklat\u00e1s, b\u00e1ntalmaz\u00e1s, er\u0151szak t\u00fal\u00e9l\u0151je, \u00e9s inform\u00e1ci\u00f3val, sz\u00e1ll\u00e1ssal vagy m\u00e1sfajta seg\u00edts\u00e9ggel kapcsolatos t\u00e1mogat\u00e1sra van sz\u00fcks\u00e9ge, kapcsolatba l\u00e9phet az al\u00e1bbi szervezetekkel:<\/p>\n\n\n<ul class=\"has-medium-font-size wp-block-list\">\n<li class=\"has-medium-font-size\">Orsz\u00e1gos Kr\u00edzis- \u00e9s Inform\u00e1ci\u00f3s Telefonszolg\u00e1lat (OKIT) a nap 24 \u00f3r\u00e1j\u00e1ban ingyenesen h\u00edvhat\u00f3 magyar nyelv\u0171 telefonsz\u00e1mon: +36 80 20 55 20<\/li>\n\n<li class=\"has-medium-font-size\">A <a href=\"https:\/\/help.unhcr.org\/hungary\/hu\/partners\/hungarian-interchurch-aid\/\">Magyar \u00d6kumenikus Seg\u00e9lyszervezet (M\u00d6S)<\/a> ukr\u00e1n, magyar vagy angol nyelven \u00e9rhet\u0151 el: +36 70 410 0187, vagy online n\u00e9vtelen tan\u00e1csad\u00e1s el\u00e9rhet\u0151 a <a href=\"https:\/\/segelyszervezet.hu\/anonimtanacsadas\/\">segelyszervezet.hu\/anonimtanacsadas<\/a> weboldalon vagy a <a href=\"https:\/\/ukraine.hia.hu\/ua\/\">https:\/\/ukraine.hia.hu\/ua\/<\/a> c\u00edmen.<\/li>\n<\/ul>\n\n<p class=\"has-medium-font-size\">Ha \u00d6n traum\u00e1t (s\u00falyos er\u0151szakot, k\u00ednz\u00e1st vagy egy\u00e9b traumatikus esem\u00e9nyt) \u00e9lt \u00e1t, \u00e9s szeretne pszichol\u00f3giai vagy ment\u00e1lhigi\u00e9n\u00e9s t\u00e1mogat\u00e1st kapni, akkor a <a href=\"https:\/\/cordelia.hu\/\">Cordelia Alap\u00edtv\u00e1nyhoz<\/a> vagy a <a href=\"https:\/\/menedek.hu\/\">Mened\u00e9k \u2013 Migr\u00e1nsokat Seg\u00edt\u0151 Egyes\u00fclethez<\/a> fordulhat.<\/p>\n\n\n<p class=\"has-medium-font-size\">Ha \u00d6n b\u0171ncselekm\u00e9ny b\u00e1rmely form\u00e1j\u00e1nak \u00e1ldozata lett, ment\u00e1lhigi\u00e9n\u00e9s, pszichol\u00f3giai, jogi \u00e9s anyagi seg\u00edts\u00e9g\u00e9rt fordulhat a magyar nyelv\u0171, ingyenesen h\u00edvhat\u00f3 sz\u00e1mon az <a href=\"https:\/\/vansegitseg.im.gov.hu\/\">\u00c1ldozatseg\u00edt\u0151 Vonalhoz (\u00c1SK): <\/a><strong><a href=\"https:\/\/vansegitseg.im.gov.hu\/\">+36 80 225 225<\/a><\/strong><a href=\"https:\/\/vansegitseg.im.gov.hu\/\">.<\/a><\/p>\n\n","protected":false},"excerpt":{"rendered":"<p>EZEN AZ OLDALON: \u2022 Seg\u00e9lyszolg\u00e1latok \u2013 ingyenesen h\u00edvhat\u00f3 telefonsz\u00e1mok\u2022 Szexu\u00e1lis\/csal\u00e1di zaklat\u00e1s, b\u00e1ntalmaz\u00e1s vagy er\u0151szak t\u00fal\u00e9l\u0151i Seg\u00e9lyszolg\u00e1latok \u2013 ingyenesen h\u00edvhat\u00f3 telefonsz\u00e1mok Szexu\u00e1lis\/csal\u00e1di zaklat\u00e1s, b\u00e1ntalmaz\u00e1s vagy er\u0151szak t\u00fal\u00e9l\u0151i Ha \u00d6n szexu\u00e1lis\/csal\u00e1don bel\u00fcli zaklat\u00e1s, b\u00e1ntalmaz\u00e1s, er\u0151szak t\u00fal\u00e9l\u0151je, \u00e9s inform\u00e1ci\u00f3val, sz\u00e1ll\u00e1ssal vagy m\u00e1sfajta seg\u00edts\u00e9ggel kapcsolatos t\u00e1mogat\u00e1sra van sz\u00fcks\u00e9ge, kapcsolatba l\u00e9phet az al\u00e1bbi szervezetekkel: Ha \u00d6n traum\u00e1t (s\u00falyos er\u0151szakot, k\u00ednz\u00e1st [&hellip;]<\/p>\n","protected":false},"author":347,"featured_media":0,"parent":0,"menu_order":13,"comment_status":"closed","ping_status":"closed","template":"","meta":{"_acf_changed":false,"footnotes":""},"class_list":["post-20968","page","type-page","status-publish","hentry"],"acf":[],"_links":{"self":[{"href":"https:\/\/help.unhcr.org\/hungary\/hu\/wp-json\/wp\/v2\/pages\/20968","targetHints":{"allow":["GET"]}}],"collection":[{"href":"https:\/\/help.unhcr.org\/hungary\/hu\/wp-json\/wp\/v2\/pages"}],"about":[{"href":"https:\/\/help.unhcr.org\/hungary\/hu\/wp-json\/wp\/v2\/types\/page"}],"author":[{"embeddable":true,"href":"https:\/\/help.unhcr.org\/hungary\/hu\/wp-json\/wp\/v2\/users\/347"}],"replies":[{"embeddable":true,"href":"https:\/\/help.unhcr.org\/hungary\/hu\/wp-json\/wp\/v2\/comments?post=20968"}],"version-history":[{"count":134,"href":"https:\/\/help.unhcr.org\/hungary\/hu\/wp-json\/wp\/v2\/pages\/20968\/revisions"}],"predecessor-version":[{"id":45117,"href":"https:\/\/help.unhcr.org\/hungary\/hu\/wp-json\/wp\/v2\/pages\/20968\/revisions\/45117"}],"wp:attachment":[{"href":"https:\/\/help.unhcr.org\/hungary\/hu\/wp-json\/wp\/v2\/media?parent=20968"}],"curies":[{"name":"wp","href":"https:\/\/api.w.org\/{rel}","templated":true}]}}