{"id":20909,"date":"2024-07-11T15:41:55","date_gmt":"2024-07-11T15:41:55","guid":{"rendered":"https:\/\/help.unhcr.org\/hungary\/new\/about\/"},"modified":"2025-07-10T13:03:59","modified_gmt":"2025-07-10T13:03:59","slug":"about","status":"publish","type":"page","link":"https:\/\/help.unhcr.org\/hungary\/hu\/about\/","title":{"rendered":"Az UNHCR-r\u00f3l Magyarorsz\u00e1gon"},"content":{"rendered":"\n\n<p class=\"has-medium-font-size\"><strong>EZEN AZ OLDALON:<\/strong><br>\n<strong>\u2022 <a href=\"#mit-tehet-onert-az-unhcr-magyarorszagon\">Mit tehet \u00d6n\u00e9rt az UNHCR Magyarorsz\u00e1gon?<\/a><\/strong><br><strong>\u2022 <a href=\"#mit-nem-tehet-az-unhcr-magyarorszagon\">Mit nem tehet az UNHCR Magyarorsz\u00e1gon?<\/a><\/strong><br><strong>\u2022 <a href=\"#hogyan-lehet-kapcsolatba-lepni-az-unhcr-rel-magyarorszagon\">Hogyan lehet kapcsolatba l\u00e9pni az UNHCR-rel Magyarorsz\u00e1gon?<\/a><\/strong><br>\n<\/p>\n\n <hr class=\"has-alpha-channel-opacity is-style-default\" \/>\n\n<div class=\"wp-block-group\"><div class=\"wp-block-group__inner-container is-layout-constrained wp-block-group-is-layout-constrained\">\n<div style=\"background-color:#b9dfff;color:white;border-radius:10px;padding: 24px 24px 4px\">\n\n\n\n<figure class=\"wp-block-image size-full is-resized\"><img loading=\"lazy\" decoding=\"async\" width=\"100\" height=\"100\" src=\"https:\/\/help.unhcr.org\/hungary\/wp-content\/uploads\/sites\/86\/2024\/06\/callout_rcc-1.png\" alt=\"\" class=\"wp-image-18970\" style=\"width:70px\" \/><\/figure>\n\n\n\n<div style=\"height:14px\" aria-hidden=\"true\" class=\"wp-block-spacer\"><\/div>\n\n\n\n<p class=\"has-black-color has-text-color has-link-color has-medium-font-size wp-elements-e1e1581f5ef08b553a198e2f5feea1cb\">Tov\u00e1bbi inform\u00e1ci\u00f3k\u00e9rt, valamint visszajelz\u00e9s\u00e9vel vagy panasz\u00e1val h\u00edvja a <strong>UNHCR Menek\u00fclt\u00fcgyi Seg\u00e9lyvonal\u00e1t<\/strong> a <strong><a href=\"tel:+36 80 984 583\">+36 80 984 583<\/a>\u200b<\/strong> telefonsz\u00e1mon (h\u00e9tf\u0151t\u0151l p\u00e9ntekig, 08:00 \u2013 17:00 k\u00f6z\u00f6tt) ukr\u00e1n, orosz, magyar \u00e9s angol nyelven, vagy keressen minket e-mailen a <a href=\"mailto:hunbucontact@unhcr.org\">hunbucontact@unhcr.org<\/a> c\u00edmen.<\/p>\n\n\n\n<\/div>\n<\/div><\/div>\n\n<p class=\"has-medium-font-size\"><br \/>Az UNHCR, az ENSZ menek\u00fclt\u00fcgyi \u00fcgyn\u00f6ks\u00e9ge egy glob\u00e1lis szervezet, amelynek els\u0151dleges feladata a mened\u00e9kk\u00e9r\u0151k, menek\u00fcltek, hontalanok, bels\u0151 menek\u00fcltek \u00e9s lak\u00f3hely\u00fcket elhagyni k\u00e9nyszer\u00fclt szem\u00e9lyek jogainak \u00e9s j\u00f3l\u00e9t\u00e9nek v\u00e9delme (olyan emberek v\u00e9delme, akik \u00fagy d\u00f6nt\u00f6ttek, hogy visszat\u00e9rnek a haz\u00e1jukba, miut\u00e1n elmenek\u00fcltek onnan).<\/p>\n\n\n<p class=\"has-medium-font-size\">Magyarorsz\u00e1g r\u00e9szes fele a menek\u00fcltek jog\u00e1ll\u00e1s\u00e1r\u00f3l sz\u00f3l\u00f3 1951-es ENSZ-egyezm\u00e9nynek \u00e9s 1967-es jegyz\u0151k\u00f6nyv\u00e9nek, ez\u00e9rt a korm\u00e1ny feladata a mened\u00e9kjog ir\u00e1nti k\u00e9relmek feldolgoz\u00e1sa, valamint annak eld\u00f6nt\u00e9se, hogy menek\u00fclt- vagy oltalmazott st\u00e1tuszt biztos\u00edt-e Magyarorsz\u00e1gon valakinek.<\/p>\n\n\n<p class=\"has-medium-font-size\">Az UNHCR egy\u00fcttm\u0171k\u00f6dik a magyar hat\u00f3s\u00e1gokkal, civil szervezetekkel \u00e9s m\u00e1s szervezetekkel a mened\u00e9kk\u00e9r\u0151k, menek\u00fcltek \u00e9s hontalanok v\u00e9delme \u00e9rdek\u00e9ben.<\/p>\n\n\n<h2 id=\"mit-tehet-onert-az-unhcr-magyarorszagon\" class=\"wp-block-heading\"><strong>Mit tehet \u00d6n\u00e9rt az UNHCR Magyarorsz\u00e1gon?<\/strong><\/h2>\n\n\n<p class=\"has-medium-font-size\">Az UNHCR mand\u00e1tuma \u00e9s felel\u0151ss\u00e9ge \u00e1ltal\u00e1ban azokra a szem\u00e9lyekre terjed ki, akik \u00e1llampolg\u00e1rs\u00e1guk vagy \u00e1lland\u00f3 lak\u00f3hely\u00fck szerinti orsz\u00e1gukon k\u00edv\u00fcl tart\u00f3zkodnak az \u00fcld\u00f6ztet\u00e9s vesz\u00e9lye miatt.<\/p>\n\n\n<p class=\"has-medium-font-size\">Ha \u00e1ltal\u00e1nos t\u00e1j\u00e9koztat\u00e1st szeretne kapni a magyarorsz\u00e1gi mened\u00e9kjogr\u00f3l \u00e9s a menek\u00fclt\u00fcgyi elj\u00e1r\u00e1sr\u00f3l, vagy k\u00e9rd\u00e9se van a menek\u00fclt\u00fcggyel kapcsolatos szolg\u00e1ltat\u00e1sokkal kapcsolatban, az al\u00e1bbi e-mail-c\u00edmen fordulhat az UNHCR magyarorsz\u00e1gi irod\u00e1j\u00e1hoz: \ufffc \ufffc.<\/p>\n\n\n<p class=\"has-medium-font-size\">Ha b\u00e1rmilyen k\u00fcl\u00f6nleges ig\u00e9nye van, az UNHCR magyarorsz\u00e1gi k\u00e9pviselete megfelel\u0151 ir\u00e1nymutat\u00e1st adhat, hogy megkapja a sz\u00fcks\u00e9ges t\u00e1mogat\u00e1st. Az UNHCR magyarorsz\u00e1gi k\u00e9pviselete partnerszervezetein kereszt\u00fcl jogi seg\u00edts\u00e9get, pszichoszoci\u00e1lis \u00e9s integr\u00e1ci\u00f3s t\u00e1mogat\u00e1st ny\u00fajt.<\/p>\n\n\n<p class=\"has-medium-font-size\">Az UNHCR magyarorsz\u00e1gi k\u00e9pviselete monitorozza azokat a k\u00f6zpontokat \u00e9s int\u00e9zm\u00e9nyeket, ahol mened\u00e9kk\u00e9r\u0151ket, menek\u00fclteket vagy potenci\u00e1lisan v\u00e9delemre szorul\u00f3 szem\u00e9lyeket tartanak fogva vagy sz\u00e1ll\u00e1solnak el, \u00e9s s\u00edkra sz\u00e1ll az\u00e9rt, hogy Magyarorsz\u00e1g tegyen eleget nemzetk\u00f6zi k\u00f6telezetts\u00e9geinek, tartsa tiszteletben a mened\u00e9kk\u00e9r\u0151k, menek\u00fcltek \u00e9s hontalanok jogait.<\/p>\n\n\n<h2 id=\"mit-nem-tehet-az-unhcr-magyarorszagon\" class=\"wp-block-heading\"><strong>Mit nem tehet az UNHCR Magyarorsz\u00e1gon?<\/strong><\/h2>\n\n\n<p class=\"has-medium-font-size\">Az UNHCR magyarorsz\u00e1gi k\u00e9pviselete nem vesz r\u00e9szt a menek\u00fclt\u00fcgyi elj\u00e1r\u00e1sokban, hanem az Orsz\u00e1gos Idegenrend\u00e9szeti F\u0151igazgat\u00f3s\u00e1g veszi nyilv\u00e1ntart\u00e1sba \u00e9s vizsg\u00e1lja meg a mened\u00e9kk\u00e9relmeket.<\/p>\n\n\n<p class=\"has-medium-font-size\">M\u00e1s orsz\u00e1gokba val\u00f3 k\u00f6lt\u00f6z\u00e9shez sem ny\u00fajtunk t\u00e1mogat\u00e1st. Az EU orsz\u00e1gaib\u00f3l, k\u00f6zt\u00fck Magyarorsz\u00e1gr\u00f3l \u00e1tk\u00f6lt\u00f6z\u00e9s nem t\u00f6rt\u00e9nik.<\/p>\n\n\n<h2 id=\"hogyan-lehet-kapcsolatba-lepni-az-unhcr-rel-magyarorszagon\" class=\"wp-block-heading\"><strong>Hogyan lehet kapcsolatba l\u00e9pni az UNHCR-rel Magyarorsz\u00e1gon?<\/strong><\/h2>\n\n\n<div class=\"wp-block-group\"><div class=\"wp-block-group__inner-container is-layout-constrained wp-block-group-is-layout-constrained\">\n<div style=\"background-color:#b9dfff;color:white;border-radius:10px;padding: 24px 24px 4px\">\n\n\n\n<figure class=\"wp-block-image size-full is-resized\"><img loading=\"lazy\" decoding=\"async\" width=\"100\" height=\"100\" src=\"https:\/\/help.unhcr.org\/hungary\/wp-content\/uploads\/sites\/86\/2024\/06\/callout_rcc-1.png\" alt=\"\" class=\"wp-image-18970\" style=\"width:70px\" \/><\/figure>\n\n\n\n<div style=\"height:14px\" aria-hidden=\"true\" class=\"wp-block-spacer\"><\/div>\n\n\n\n<p class=\"has-black-color has-text-color has-link-color has-medium-font-size wp-elements-e1e1581f5ef08b553a198e2f5feea1cb\">Tov\u00e1bbi inform\u00e1ci\u00f3k\u00e9rt, valamint visszajelz\u00e9s\u00e9vel vagy panasz\u00e1val h\u00edvja a <strong>UNHCR Menek\u00fclt\u00fcgyi Seg\u00e9lyvonal\u00e1t<\/strong> a <strong><a href=\"tel:+36 80 984 583\">+36 80 984 583<\/a>\u200b<\/strong> telefonsz\u00e1mon (h\u00e9tf\u0151t\u0151l p\u00e9ntekig, 08:00 \u2013 17:00 k\u00f6z\u00f6tt) ukr\u00e1n, orosz, magyar \u00e9s angol nyelven, vagy keressen minket e-mailen a <a href=\"mailto:hunbucontact@unhcr.org\">hunbucontact@unhcr.org<\/a> c\u00edmen.<\/p>\n\n\n\n<\/div>\n<\/div><\/div>\n","protected":false},"excerpt":{"rendered":"<p>EZEN AZ OLDALON: \u2022 Mit tehet \u00d6n\u00e9rt az UNHCR Magyarorsz\u00e1gon?\u2022 Mit nem tehet az UNHCR Magyarorsz\u00e1gon?\u2022 Hogyan lehet kapcsolatba l\u00e9pni az UNHCR-rel Magyarorsz\u00e1gon? Az UNHCR, az ENSZ menek\u00fclt\u00fcgyi \u00fcgyn\u00f6ks\u00e9ge egy glob\u00e1lis szervezet, amelynek els\u0151dleges feladata a mened\u00e9kk\u00e9r\u0151k, menek\u00fcltek, hontalanok, bels\u0151 menek\u00fcltek \u00e9s lak\u00f3hely\u00fcket elhagyni k\u00e9nyszer\u00fclt szem\u00e9lyek jogainak \u00e9s j\u00f3l\u00e9t\u00e9nek v\u00e9delme (olyan emberek v\u00e9delme, akik \u00fagy [&hellip;]<\/p>\n","protected":false},"author":347,"featured_media":0,"parent":0,"menu_order":11,"comment_status":"closed","ping_status":"closed","template":"","meta":{"_acf_changed":false,"footnotes":""},"class_list":["post-20909","page","type-page","status-publish","hentry"],"acf":[],"_links":{"self":[{"href":"https:\/\/help.unhcr.org\/hungary\/hu\/wp-json\/wp\/v2\/pages\/20909","targetHints":{"allow":["GET"]}}],"collection":[{"href":"https:\/\/help.unhcr.org\/hungary\/hu\/wp-json\/wp\/v2\/pages"}],"about":[{"href":"https:\/\/help.unhcr.org\/hungary\/hu\/wp-json\/wp\/v2\/types\/page"}],"author":[{"embeddable":true,"href":"https:\/\/help.unhcr.org\/hungary\/hu\/wp-json\/wp\/v2\/users\/347"}],"replies":[{"embeddable":true,"href":"https:\/\/help.unhcr.org\/hungary\/hu\/wp-json\/wp\/v2\/comments?post=20909"}],"version-history":[{"count":101,"href":"https:\/\/help.unhcr.org\/hungary\/hu\/wp-json\/wp\/v2\/pages\/20909\/revisions"}],"predecessor-version":[{"id":45093,"href":"https:\/\/help.unhcr.org\/hungary\/hu\/wp-json\/wp\/v2\/pages\/20909\/revisions\/45093"}],"wp:attachment":[{"href":"https:\/\/help.unhcr.org\/hungary\/hu\/wp-json\/wp\/v2\/media?parent=20909"}],"curies":[{"name":"wp","href":"https:\/\/api.w.org\/{rel}","templated":true}]}}