{"id":20896,"date":"2024-07-12T09:54:02","date_gmt":"2024-07-12T09:54:02","guid":{"rendered":"https:\/\/help.unhcr.org\/hungary\/new\/asylum\/support-and-services\/"},"modified":"2025-07-10T13:03:17","modified_gmt":"2025-07-10T13:03:17","slug":"support-and-services","status":"publish","type":"page","link":"https:\/\/help.unhcr.org\/hungary\/hu\/asylum\/support-and-services\/","title":{"rendered":"El\u00e9rhet\u0151 t\u00e1mogat\u00e1sok \u00e9s szolg\u00e1ltat\u00e1sok\u00a0"},"content":{"rendered":"\n\n<p class=\"has-medium-font-size\"><strong>EZEN AZ OLDALON:<\/strong><br>\n<strong>\u2022 <a href=\"#okmanyok-igenylese\">Okm\u00e1nyok ig\u00e9nyl\u00e9se<\/a><\/strong><br><strong>\u2022 <a href=\"#penzugyi-tamogatas\">P\u00e9nz\u00fcgyi t\u00e1mogat\u00e1s<\/a><\/strong><br><strong>\u2022 <a href=\"#lakhatas-es-szallas\">Lakhat\u00e1s \u00e9s sz\u00e1ll\u00e1s<\/a><\/strong><br><strong>\u2022 <a href=\"#egeszsegugy\">Eg\u00e9szs\u00e9g\u00fcgy<\/a><\/strong><br><strong>\u2022 <a href=\"#jogi-segitseg-igenybevetele\">Jogi seg\u00edts\u00e9g ig\u00e9nybev\u00e9tele<\/a><\/strong><br>\n<\/p>\n\n <hr class=\"has-alpha-channel-opacity is-style-default\" \/>\n\n<h2 id=\"okmanyok-igenylese\" class=\"wp-block-heading\"><strong>Okm\u00e1nyok ig\u00e9nyl\u00e9se\u00a0<\/strong><\/h2>\n\n\n<p class=\"has-medium-font-size\">Szem\u00e9lyi igazolv\u00e1ny, lakc\u00edmk\u00e1rtya vagy \u00fati okm\u00e1ny ig\u00e9nyl\u00e9s\u00e9hez a Korm\u00e1nyhivatalhoz kell fordulni. Tov\u00e1bbi inform\u00e1ci\u00f3k\u00e9rt l\u00e1togasson el a Korm\u00e1nyzati Forr\u00f3dr\u00f3t <a href=\"https:\/\/1818.hu\/\" target=\"_blank\">weboldal\u00e1ra.<\/a> A korm\u00e1nyhivatalokkal kapcsolatos \u00e1ltal\u00e1nos inform\u00e1ci\u00f3k <a href=\"https:\/\/www.kormanyhivatalok.hu\/\" target=\"_blank\">itt<\/a> \u00e9rhet\u0151k el.\u00a0<\/p>\n\n\n<h2 id=\"penzugyi-tamogatas\" class=\"wp-block-heading\"><strong>P\u00e9nz\u00fcgyi t\u00e1mogat\u00e1s\u00a0<\/strong><\/h2>\n\n\n<p class=\"has-medium-font-size\">Ha \u00d6n menek\u00fclt vagy oltalmazott st\u00e1tusszal rendelkezik, ugyanolyan jogok illetik meg, mint a magyar \u00e1llampolg\u00e1rokat, \u00e9s jogosult a f\u0151bb szoci\u00e1lis juttat\u00e1sokra \u00e9s t\u00e1mogat\u00e1sokra, amelyek a hasonl\u00f3 helyzetben l\u00e9v\u0151 magyar \u00e1llampolg\u00e1roknak j\u00e1rnak.\u00a0<\/p>\n\n\n<p class=\"has-medium-font-size\">\u00a0<\/p>\n\n\n<figure class=\"wp-block-table has-medium-font-size\"><table class=\"has-fixed-layout\"><thead><tr><th><strong>N\u00e9v<\/strong>\u00a0<\/th><th><strong>Le\u00edr\u00e1s<\/strong>\u00a0<\/th><th><strong>Hogyan kell\u00a0 k\u00e9relmezni?<\/strong>\u00a0<\/th><\/tr><\/thead><tbody><tr><td>Csal\u00e1di p\u00f3tl\u00e9k\u00a0<\/td><td>Havi juttat\u00e1s minden gyermek ut\u00e1n sz\u00fclet\u00e9s\u00e9t\u0151l legfeljebb 20 \u00e9ves kor\u00e1ig, felt\u00e9ve hogy tanul\u00f3i jogviszonyban \u00e1ll, illetve 23 \u00e9ves kor\u00e1ig a saj\u00e1tos nevel\u00e9si ig\u00e9ny\u0171 gyermekek eset\u00e9ben. Ez egy \u00e1ltal\u00e1nos juttat\u00e1s, amely nem f\u00fcgg az anyagi helyzett\u0151l.\u00a0<\/td><td>A korm\u00e1nyhivatalban\u00a0 <a href=\"https:\/\/www.allamkincstar.gov.hu\/pfile\/file?path=\/csaladok-tamogatasa\/Csalad_gyermek\/csaladi-potlek\/jobb\/kapcsolodo-nyomtatvanyok\/kerelem-csaladi-potlek-megallapitasara&amp;inline=true\" target=\"_blank\">ig\u00e9nyl\u0151lapon<\/a>\u00a0\u00a0<\/td><\/tr><tr><td>Rendszeres Gyermekv\u00e9delmi Kedvezm\u00e9ny\u00a0<\/td><td>\u00a0<br>Term\u00e9szetbeni \u00e9s p\u00e9nz\u00fcgyi szoci\u00e1lis t\u00e1mogat\u00e1s a r\u00e1szorul\u00f3 csal\u00e1doknak, bele\u00e9rtve az ingyenes iskolai\/iskolai sz\u00fcnidei \u00e9tkez\u00e9st \u00e9s az \u00e9vente k\u00e9tszeri p\u00e9nz\u00fcgyi t\u00e1mogat\u00e1st.\u00a0<\/td><td>A helyi \u00f6nkorm\u00e1nyzat jegyz\u0151i irod\u00e1j\u00e1ban\u00a0<\/td><\/tr><tr><td>Anyas\u00e1gi T\u00e1mogat\u00e1s\u00a0<\/td><td>Egyszeri p\u00e9nz\u00fcgyi t\u00e1mogat\u00e1s, amelyet minden sz\u00fcl\u00e9s ut\u00e1n ny\u00fajtanak, f\u00fcggetlen\u00fcl a kedvezm\u00e9nyezett anyagi helyzet\u00e9t\u0151l.\u00a0<\/td><td>A korm\u00e1nyhivatalban\u00a0 <a href=\"https:\/\/www.allamkincstar.gov.hu\/pfile\/file?path=\/csaladok-tamogatasa\/gyermekvallalas-tamogatasa\/anyasagi-tamogatas\/jobb\/kapcsolodo-nyomtatvanyok\/Kerelem_anyasagi_tam._megallapitasara.pdf&amp;inline=true\" target=\"_blank\">ig\u00e9nyl\u0151lapon<\/a>\u00a0<\/td><\/tr><tr><td>Csecsem\u0151gondoz\u00e1si d\u00edj (CSED) \/\u00a0<br>Gyermekgondoz\u00e1si d\u00edj (GYED)\u00a0<\/td><td>A CSED a gyermek sz\u00fclet\u00e9s\u00e9t k\u00f6vet\u0151 168 napig ny\u00fajtott havi t\u00e1mogat\u00e1s \u00e9s ell\u00e1t\u00e1s, m\u00edg a GYED a CSED id\u0151szak\u00e1nak v\u00e9g\u00e9t k\u00f6vet\u0151 napt\u00f3l a gyermek 2 \u00e9ves kor\u00e1ig, illetve ikrek eset\u00e9n a gyermek 3 \u00e9ves kor\u00e1ig ny\u00fajtott, mindkett\u0151 meghat\u00e1rozott el\u0151felt\u00e9telekhez, egyebek mellett a t\u00e1rsadalombiztos\u00edt\u00e1si rendszerben val\u00f3 r\u00e9szv\u00e9tel felt\u00e9tel\u00e9hez k\u00f6t\u00f6tt.\u00a0<\/td><td>Az <a href=\"https:\/\/www.allamkincstar.gov.hu\/pfile\/file?path=\/csaladok-tamogatasa\/gyermekvallalas-tamogatasa\/csecsemogondozasi-dij-csed-\/jobb\/kapcsolodo-nyomtatvanyok\/CSK_nyilatkozat.pdf&amp;inline=true\" target=\"_blank\">ig\u00e9nyl\u0151lapot<\/a> a jogosult sz\u00fcl\u0151 munk\u00e1ltat\u00f3j\u00e1nak kell beny\u00fajtani a munkaviszony fenn\u00e1ll\u00e1sa alatt \u00e9s megsz\u0171n\u00e9se ut\u00e1n is.\u00a0<\/td><\/tr><tr><td>Gyermekgondoz\u00e1st seg\u00edt\u0151 ell\u00e1t\u00e1s \/ GYES\u00a0<\/td><td>Minden gyermek sz\u00e1m\u00e1ra biztos\u00edtott havi juttat\u00e1s 3 \u00e9ves kor\u00e1ig (ikrek eset\u00e9n az iskolakezd\u00e9sig), illetve tart\u00f3san beteg vagy s\u00falyosan fogyat\u00e9kos gyermekek eset\u00e9ben 10 \u00e9ves korig.\u00a0<\/td><td>\u00a0<br>A Korm\u00e1nyhivataln\u00e1l a <a href=\"https:\/\/www.allamkincstar.gov.hu\/pfile\/file?path=\/csaladok-tamogatasa\/Csalad_gyermek\/gyermekgondozast-segito-ellatas\/jobb\/kapcsolodo-nyomtatvanyok\/Kerelem_gyermekgondozast_segito_ellatas_megallapitasara&amp;inline=true\" target=\"_blank\">formanyomtatv\u00e1ny<\/a> beny\u00fajt\u00e1s\u00e1val.\u00a0<\/td><\/tr><tr><td>Gyermeknevel\u00e9si t\u00e1mogat\u00e1s \/ GYET\u00a0<\/td><td>Havi juttat\u00e1s azon sz\u00fcl\u0151k vagy gy\u00e1mok sz\u00e1m\u00e1ra, akik h\u00e1rom vagy t\u00f6bb kiskor\u00fa gyermeket nevelnek. A p\u00e9nz\u00fcgyi t\u00e1mogat\u00e1s a legfiatalabb gyermek h\u00e1rom\u00e9ves kor\u00e1t\u00f3l a nyolc\u00e9ves kor\u00e1ig j\u00e1r, felt\u00e9ve, hogy a kedvezm\u00e9nyezettnek h\u00e1rom vagy t\u00f6bb kiskor\u00fa gyermeke van a h\u00e1ztart\u00e1s\u00e1ban.\u00a0<\/td><td>\u00a0<br>A Korm\u00e1nyhivataln\u00e1l\u00a0 a <a href=\"https:\/\/www.allamkincstar.gov.hu\/pfile\/file?path=\/csaladok-tamogatasa\/Csalad_gyermek\/gyermeknevelesi-tamogatas\/jobb\/kapcsolodo-nyomtatvanyok\/Kerelem_gyermeknevelesi_tamogatas_megallapitasara.pdf&amp;inline=true\" target=\"_blank\">formanyomtatv\u00e1ny<\/a> beny\u00fajt\u00e1s\u00e1val.\u00a0<\/td><\/tr><tr><td>\u00c1ll\u00e1skeres\u00e9si J\u00e1rad\u00e9k\u00a0<\/td><td>Havi juttat\u00e1s regisztr\u00e1lt \u00e1ll\u00e1skeres\u0151k sz\u00e1m\u00e1ra legfeljebb 90 napig, bizonyos felt\u00e9telek mellett.\u00a0<\/td><td>Szem\u00e9lyesen a Nemzeti Foglalkoztat\u00e1si Szolg\u00e1lat irod\u00e1j\u00e1ban, vagy online a szolg\u00e1lat <a href=\"https:\/\/nfsz.munka.hu\/cikk\/78\/Ki_jogosult_allaskeresesi_jaradekra\" target=\"_blank\">honlapj\u00e1n<\/a>, sz\u00fclet\u00e9si d\u00e1tuma \u00e9s TAJ-sz\u00e1ma (t\u00e1rsadalombiztos\u00edt\u00e1si sz\u00e1m) megad\u00e1s\u00e1val.\u00a0<\/td><\/tr><\/tbody><\/table><\/figure>\n\n<p class=\"has-medium-font-size\">\u00a0<\/p>\n\n\n<p class=\"has-medium-font-size\">A nem anyagi (term\u00e9szetbeni) szoci\u00e1lis seg\u00e9lynek is vannak olyan form\u00e1i (\u00e9lelmiszer, iskolai \u00e9tkeztet\u00e9s, tanszerek), amelyeket \u00e1ltal\u00e1ban az \u00e1lland\u00f3 lakc\u00edm szerinti \u00f6nkorm\u00e1nyzatokt\u00f3l lehet ig\u00e9nyelni, ilyen p\u00e9ld\u00e1ul a fel\u00edrt gy\u00f3gyszer fizet\u00e9se al\u00f3li mentess\u00e9g (ingyenes vagy olcs\u00f3bb gy\u00f3gyszer), ingyenes vagy kedvezm\u00e9nyes int\u00e9zm\u00e9nyi gyermek\u00e9tkeztet\u00e9s \u00e9s ingyenes sz\u00fcnidei gyermek\u00e9tkeztet\u00e9s, valamint egyszeri term\u00e9szetbeni gyermekv\u00e9delmi t\u00e1mogat\u00e1s (tank\u00f6nyvek \u00e9s tanszerek t\u00e1mogat\u00e1sa, tand\u00edj \u00e1tv\u00e1llal\u00e1sa stb.).\u00a0<\/p>\n\n\n<p class=\"has-medium-font-size\">A jogosults\u00e1gi felt\u00e9telekr\u0151l \u00e9s a p\u00e1ly\u00e1zati elj\u00e1r\u00e1sr\u00f3l b\u0151vebb inform\u00e1ci\u00f3\u00e9rt forduljon a helyi \u00f6nkorm\u00e1nyzat jegyz\u0151j\u00e9hez.\u00a0<\/p>\n\n\n<h2 id=\"lakhatas-es-szallas\" class=\"wp-block-heading\"><strong>Lakhat\u00e1s \u00e9s sz\u00e1ll\u00e1s\u00a0<\/strong><\/h2>\n\n\n<p class=\"has-medium-font-size\">Menek\u00fcltk\u00e9nt vagy oltalmazottk\u00e9nt, \u00e9s befogadottk\u00e9nt is a st\u00e1tuszhat\u00e1rozat k\u00e9zhezv\u00e9tel\u00e9t k\u00f6vet\u0151en legfeljebb 30 napot t\u00f6lthet a balassagyarmati k\u00f6z\u00f6ss\u00e9gi sz\u00e1ll\u00e1son. A 30 nap lej\u00e1rta ut\u00e1n az idegenrend\u00e9szeti hat\u00f3s\u00e1g (Orsz\u00e1gos Idegenrend\u00e9szeti F\u0151igazgat\u00f3s\u00e1g, \u201eOIF\u201d) \u00edr\u00e1sos nyilatkozatot ad \u00d6nnek, amelyben jelzi, hogy el kell hagynia a sz\u00e1ll\u00e1st.\u00a0<\/p>\n\n\n<p class=\"has-medium-font-size\">Ez alatt a 30 nap alatt egy\u00e9b feladatok mellett \u2013 p\u00e9ld\u00e1ul a sz\u00fcks\u00e9ges szem\u00e9lyi igazolv\u00e1ny, eg\u00e9szs\u00e9gbiztos\u00edt\u00e1si \u00e9s ad\u00f3z\u00e1si okm\u00e1nyok beszerz\u00e9se mellett \u2013 lakhat\u00e1si lehet\u0151s\u00e9get kell tal\u00e1lnia. Ebben a k\u00f6z\u00f6ss\u00e9gi sz\u00e1ll\u00e1s szoci\u00e1lis munk\u00e1sainak kell seg\u00edts\u00e9get ny\u00fajtaniuk.\u00a0\u00a0<\/p>\n\n\n<p class=\"has-medium-font-size\">Az al\u00e1bbi szervezetek esetleg tudnak t\u00e1mogat\u00e1st, tan\u00e1csot adni sz\u00e1ll\u00e1s\/lak\u00e1s, mened\u00e9k keres\u00e9s\u00e9ben, azonban nem garant\u00e1lt, hogy minden esetben tudnak seg\u00edteni.\u00a0<\/p>\n\n\n<h2 id=\"egeszsegugy\" class=\"wp-block-heading\"><strong>Eg\u00e9szs\u00e9g\u00fcgy\u00a0<\/strong><\/h2>\n\n\n<h3 class=\"wp-block-heading\"><strong>Ingyenes eg\u00e9szs\u00e9g\u00fcgyi szolg\u00e1ltat\u00e1sok az els\u0151 6 h\u00f3napban\u00a0<\/strong><\/h3>\n\n\n<p class=\"has-medium-font-size\">A menek\u00fclt vagy oltalmazott st\u00e1tusz megszerz\u00e9s\u00e9t k\u00f6vet\u0151 els\u0151 hat h\u00f3napban \u00d6n ingyenes eg\u00e9szs\u00e9g\u00fcgyi alapszolg\u00e1ltat\u00e1sra jogosult. Ezek a szolg\u00e1ltat\u00e1sok magukban foglalj\u00e1k az \u00e1ltal\u00e1nos \u00e9s speci\u00e1lis orvosi sz\u0171r\u00e9seket, vizsg\u00e1latokat \u00e9s kezel\u00e9seket.\u00a0<\/p>\n\n\n<p class=\"has-medium-font-size\">\u00c1ltal\u00e1ban a tart\u00f3zkod\u00e1si helye szerinti menek\u00fclt\u00fcgyi int\u00e9zm\u00e9ny szoci\u00e1lis munk\u00e1sai gondoskodnak az eg\u00e9szs\u00e9gbiztos\u00edt\u00e1si k\u00e1rtya ( &#8222;TAJ k\u00e1rtya&#8221;) beszerz\u00e9s\u00e9r\u0151l. El\u0151fordulhat azonban, hogy m\u00e9g nem lesz k\u00e9sz, miel\u0151tt elhagyn\u00e1 a sz\u00e1ll\u00e1st. Helyette egy A4-es m\u00e9ret\u0171, \u201eHat\u00f3s\u00e1gi Bizony\u00edtv\u00e1ny\u201d nev\u0171 dokumentumot kap. Ez a dokumentum lehet\u0151v\u00e9 teszi a t\u00e9nyleges eg\u00e9szs\u00e9gbiztos\u00edt\u00e1si k\u00e1rtya megszerz\u00e9s\u00e9t, amikor Budapestre vagy m\u00e1s v\u00e1rosba k\u00f6lt\u00f6zik.\u00a0<\/p>\n\n\n<p class=\"has-medium-font-size\">Abban az esetben, ha a szoci\u00e1lis munk\u00e1sok nem gondoskodnak az eg\u00e9szs\u00e9gbiztos\u00edt\u00e1si igazolv\u00e1ny beszerz\u00e9s\u00e9r\u0151l, ezt \u00d6nnek kell megtenni az illet\u00e9kes korm\u00e1nyhivatalban (ahol az \u00e1lland\u00f3 lakc\u00edme be van jegyezve).\u00a0\u00a0<\/p>\n\n\n<h3 class=\"wp-block-heading\"><strong>Eg\u00e9szs\u00e9gbiztos\u00edt\u00e1s az els\u0151 6 h\u00f3nap ut\u00e1n\u00a0<\/strong><\/h3>\n\n\n<p class=\"has-medium-font-size\">Az els\u0151 hat h\u00f3nap eltelte ut\u00e1n t\u00f6bb m\u00f3don is k\u00f6thet eg\u00e9szs\u00e9gbiztos\u00edt\u00e1st, amely fedezi az \u00f6sszes eg\u00e9szs\u00e9g\u00fcgyi k\u00f6lts\u00e9get:\u00a0<\/p>\n\n<ol>\n<li class=\"has-medium-font-size\">Munkaviszony \u00fatj\u00e1n, amikor a munk\u00e1ltat\u00f3ja fizeti az el\u0151\u00edrt t\u00e1rsadalombiztos\u00edt\u00e1si j\u00e1rul\u00e9kot. A menek\u00fcltek \u00e9s oltalmazottak a magyar jog szerint belf\u00f6ldi lakosnak min\u0151s\u00fclnek, ami azt jelenti, hogy k\u00f6telesek maguknak t\u00e1rsadalombiztos\u00edt\u00e1si k\u00e1rty\u00e1t ig\u00e9nyelni. Ehhez fel kell keresni a helyi korm\u00e1nyhivatalt, ahol be kell ny\u00fajtani a jelentkez\u00e9si lapot, \u00e9s csatolni kell a szem\u00e9lyazonos\u00edt\u00f3 okm\u00e1nyokat, valamint a menek\u00fcltst\u00e1tuszr\u00f3l sz\u00f3l\u00f3 igazol\u00e1st.\u00a0<\/li>\n\n<li class=\"has-medium-font-size\">\u201eSzoci\u00e1lis r\u00e1szorul\u00f3 szem\u00e9lyk\u00e9nt\u201d, ami azt jelenti, hogy havi j\u00f6vedelme nem haladja meg a meghat\u00e1rozott hat\u00e1rokat, az al\u00e1bbiak szerint:\u00a0<ol>\n<li class=\"has-medium-font-size\">Csal\u00e1doknak: Az egy f\u0151re es\u0151 havi j\u00f6vedelem nem haladhatja meg a 34.200 Ft-ot (kb. 94 EUR).\u00a0<\/li>\n\n<li class=\"has-medium-font-size\">Egyed\u00fcl\u00e1ll\u00f3 mag\u00e1nszem\u00e9lyeknek: A havi j\u00f6vedelem nem haladhatja meg a 42.750 Ft-ot (kb. 118 EUR).\u00a0<\/li>\n\n<li class=\"has-medium-font-size\">Ezenk\u00edv\u00fcl \u00d6n \u00e9s csal\u00e1dja nem rendelkezhet jelent\u0151s vagyonnal.\u00a0<\/li>\n<\/ol><\/li>\n<\/ol>\n<p class=\"has-medium-font-size\">Ehhez k\u00e9rnie kell a korm\u00e1nyhivatalt\u00f3l a jogosults\u00e1g meg\u00e1llap\u00edt\u00e1s\u00e1t, \u00e9s egy \u00e9vre sz\u00f3l\u00f3 igazol\u00e1s ki\u00e1ll\u00edt\u00e1s\u00e1t.\u202f\u00a0<\/p>\n\n<ol>\n<li class=\"has-medium-font-size\">Ha saj\u00e1t maga fizeti a biztos\u00edt\u00e1st havi rendszeress\u00e9ggel, ez havi 11 300 Ft (k\u00f6r\u00fclbel\u00fcl 29 EUR). Ehhez legal\u00e1bb egy \u00e9ve folyamatosan nyilv\u00e1ntartott \u00e1lland\u00f3 lakc\u00edmmel kell rendelkeznie, valamint nyilatkozatot kell beny\u00fajtania a Nemzeti Ad\u00f3- \u00e9s V\u00e1mhivatalhoz ( NAV), amely ezen a <a href=\"https:\/\/nav.gov.hu\/nyomtatvanyok\/letoltesek\/nyomtatvanykitolto_programok\/nyomtatvanykitolto_programok_nav\/24T1011U\" target=\"_blank\">linken<\/a> \u00e9rhet\u0151 el. A NAV \u00fcgyf\u00e9lszolg\u00e1latainak list\u00e1ja <a href=\"https:\/\/nav.gov.hu\/igazgatosagok\/ugyfelszolgalat-kereso\" target=\"_blank\">itt<\/a> \u00e9rhet\u0151 el.\u00a0<\/li>\n<\/ol>\n<h2 id=\"jogi-segitseg-igenybevetele\" class=\"wp-block-heading\"><strong>Jogi seg\u00edts\u00e9g ig\u00e9nybev\u00e9tele\u00a0<\/strong><\/h2>\n\n\n<p class=\"has-medium-font-size\">Ha ingyenes jogi seg\u00edts\u00e9gre szorul Magyarorsz\u00e1gon, t\u00f6bb szervezet is tud seg\u00edts\u00e9get ny\u00fajtani k\u00fcl\u00f6nf\u00e9le jogi k\u00e9rd\u00e9sekben.\u00a0<\/p>\n\n\n<h3 class=\"wp-block-heading\"><strong>Magyar Helsinki Bizotts\u00e1g\u00a0<\/strong><\/h3>\n\n\n<ul class=\"has-medium-font-size wp-block-list\">\n<li class=\"has-medium-font-size\">Menek\u00fclt\/oltalmazott (menek\u00fclt\u00fcgyi elj\u00e1r\u00e1s),\u00a0<\/li>\n\n<li class=\"has-medium-font-size\">Hontalan szem\u00e9lyek v\u00e9delme,\u00a0<\/li>\n\n<li class=\"has-medium-font-size\">Honos\u00edt\u00e1s (= magyar \u00e1llampolg\u00e1rs\u00e1g megszerz\u00e9se),\u00a0<\/li>\n\n<li class=\"has-medium-font-size\">Csal\u00e1degyes\u00edt\u00e9si elj\u00e1r\u00e1s (=egyes\u00edt\u00e9s egyenes\u00e1gi csal\u00e1dtagokkal, p\u00e9ld\u00e1ul kiskor\u00fa gyerekekkel, feles\u00e9ggel\/f\u00e9rjjel, a sz\u00e1rmaz\u00e1si orsz\u00e1gb\u00f3l vagy m\u00e1s orsz\u00e1gokb\u00f3l sz\u00e1rmaz\u00f3 sz\u00fcl\u0151kkel),\u00a0<\/li>\n\n<li class=\"has-medium-font-size\">St\u00e1tuszfel\u00fclvizsg\u00e1lat (= abban az esetben, ha a hat\u00f3s\u00e1g \u00fagy d\u00f6nt, hogy fel\u00fclvizsg\u00e1lja az \u00d6n menek\u00fclt\/oltalmazott st\u00e1tusz\u00e1t, vagy azt k\u00f6telez\u0151 id\u0151szakos fel\u00fclvizsg\u00e1lat keret\u00e9ben vizsg\u00e1lj\u00e1k),\u00a0<\/li>\n\n<li class=\"has-medium-font-size\">B\u00e1ntalmaz\u00e1s, er\u0151szak, hat\u00f3s\u00e1gi vissza\u00e9l\u00e9sek (p\u00e9ld\u00e1ul az idegenrend\u00e9szeti hat\u00f3s\u00e1g, rend\u0151rs\u00e9g, biztons\u00e1gi \u0151r\u00f6k),\u00a0<\/li>\n\n<li class=\"has-medium-font-size\">Gy\u0171l\u00f6let-b\u0171ncselekm\u00e9nyek (= amikor tettleg vagy verb\u00e1lisan megt\u00e1madj\u00e1k egy t\u00e1rsadalmi csoporthoz val\u00f3 t\u00e9nyleges vagy v\u00e9lt tartoz\u00e1sa miatt, p\u00e9ld\u00e1ul vall\u00e1si, etnikai csoporthoz, vagy mert menek\u00fclt stb.).\u00a0<\/li>\n<\/ul>\n\n<div class=\"wp-block-group\"><div class=\"wp-block-group__inner-container is-layout-constrained wp-block-group-is-layout-constrained\">\n<a href=\"https:\/\/help.unhcr.org\/hungary\/hu\/partners\/hungarian-helsinki-committee\/\" style=\"text-decoration: none\">\n\n\n\n<div style=\"background-color:#E8E8E8;color:white;border-radius:10px;padding: 24px 24px 1px\">\n\n\n\n<figure class=\"wp-block-image size-full is-resized\"><img loading=\"lazy\" decoding=\"async\" width=\"100\" height=\"100\" src=\"https:\/\/help.unhcr.org\/hungary\/wp-content\/uploads\/sites\/86\/2024\/07\/callout_hhc.png\" alt=\"\" class=\"wp-image-20671\" style=\"width:70px\" \/><\/figure>\n\n\n\n<div style=\"height:14px\" aria-hidden=\"true\" class=\"wp-block-spacer\"><\/div>\n\n\n\n<p class=\"has-black-color has-text-color has-link-color has-medium-font-size wp-elements-0e3d7cfcf9bf39b6fe9efe7c1c596034\"><strong>Ide kattintva l\u00e9phet kapcsolatba a Magyar Helsinki Bizotts\u00e1ggal<\/strong>, akik az Ukrajn\u00e1b\u00f3l menek\u00fclt szem\u00e9lyek v\u00e9delm\u00e9vel kapcsolatban, bele\u00e9rtve a Magyarorsz\u00e1gra val\u00f3 beutaz\u00e1st \u00e9s az ideiglenes v\u00e9delem megszerz\u00e9s\u00e9t; a csal\u00e1degyes\u00edt\u00e9sben; a rossz b\u00e1n\u00e1sm\u00f3d, er\u0151szak vagy vissza\u00e9l\u00e9s bejelent\u00e9s\u00e9ben; \u00e9s a gy\u0171l\u00f6let-b\u0171ncselekm\u00e9nyek kezel\u00e9s\u00e9ben tudnak seg\u00edts\u00e9get ny\u00fajtani.<\/p>\n\n\n\n<\/div><\/a>\n<\/div><\/div>\n\n\n\n<p><\/p>\n\n<h3 class=\"wp-block-heading\"><strong>Mened\u00e9k Egyes\u00fclet<\/strong><\/h3>\n\n\n<ul class=\"has-medium-font-size wp-block-list\">\n<li class=\"has-medium-font-size\">A menek\u00fclt\u00fcggyel, bev\u00e1ndorl\u00e1ssal vagy b\u00fcntet\u0151elj\u00e1r\u00e1ssal kapcsolatos k\u00e9rd\u00e9seken k\u00edv\u00fcl egy\u00e9b jogi k\u00e9rd\u00e9sek,\u00a0<\/li>\n\n<li class=\"has-medium-font-size\">V\u00edzum \u00e9s tart\u00f3zkod\u00e1si enged\u00e9ly,\u00a0<\/li>\n\n<li class=\"has-medium-font-size\">Szoci\u00e1lis jogok (= szoci\u00e1lis t\u00e1mogat\u00e1shoz val\u00f3 jog, munkajog, oktat\u00e1shoz val\u00f3 jog stb.).<\/li>\n<\/ul>\n\n<div class=\"wp-block-group\"><div class=\"wp-block-group__inner-container is-layout-constrained wp-block-group-is-layout-constrained\">\n<a href=\"https:\/\/help.unhcr.org\/hungary\/hu\/partners\/menedek-hungarian-association-for-migrants\/\" style=\"text-decoration: none\">\n\n\n\n<div style=\"background-color:#90CD90;color:white;border-radius:10px;padding: 24px 24px 1px\">\n\n\n\n<figure class=\"wp-block-image size-full is-resized\"><img loading=\"lazy\" decoding=\"async\" width=\"100\" height=\"100\" src=\"https:\/\/help.unhcr.org\/hungary\/wp-content\/uploads\/sites\/86\/2024\/07\/callout_menedek.png\" alt=\"\" class=\"wp-image-20665\" style=\"width:70px\" \/><\/figure>\n\n\n\n<div style=\"height:14px\" aria-hidden=\"true\" class=\"wp-block-spacer\"><\/div>\n\n\n\n<p class=\"has-black-color has-text-color has-link-color has-medium-font-size wp-elements-378af1d27e121f1a0492f4cf3fc37896\"><strong>Ide kattintva l\u00e9phet kapcsolatba a Mened\u00e9k Egyes\u00fclettel<\/strong>, akik menek\u00fclt\u00fcgyi-, bev\u00e1ndorl\u00e1si- \u00e9s jogi tan\u00e1csad\u00e1ssal kapcsolatban; v\u00edzummal \u00e9s tart\u00f3zkod\u00e1si enged\u00e9llyel kapcsolatos k\u00e9rd\u00e9sek eset\u00e9n; valamint a szoci\u00e1lis jogok t\u00e1mogat\u00e1s\u00e1ban, bele\u00e9rtve a szoci\u00e1lis t\u00e1mogat\u00e1shoz \u00e9s szolg\u00e1ltat\u00e1sokhoz val\u00f3 hozz\u00e1f\u00e9r\u00e9st, a munkajogokat \u00e9s az oktat\u00e1si jogokat tudnak seg\u00edts\u00e9get ny\u00fajtani.<\/p>\n\n\n\n<\/div><\/a>\n<\/div><\/div>\n\n\n\n<p><\/p>\n","protected":false},"excerpt":{"rendered":"<p>EZEN AZ OLDALON: \u2022 Okm\u00e1nyok ig\u00e9nyl\u00e9se\u2022 P\u00e9nz\u00fcgyi t\u00e1mogat\u00e1s\u2022 Lakhat\u00e1s \u00e9s sz\u00e1ll\u00e1s\u2022 Eg\u00e9szs\u00e9g\u00fcgy\u2022 Jogi seg\u00edts\u00e9g ig\u00e9nybev\u00e9tele Okm\u00e1nyok ig\u00e9nyl\u00e9se\u00a0 Szem\u00e9lyi igazolv\u00e1ny, lakc\u00edmk\u00e1rtya vagy \u00fati okm\u00e1ny ig\u00e9nyl\u00e9s\u00e9hez a Korm\u00e1nyhivatalhoz kell fordulni. Tov\u00e1bbi inform\u00e1ci\u00f3k\u00e9rt l\u00e1togasson el a Korm\u00e1nyzati Forr\u00f3dr\u00f3t weboldal\u00e1ra. A korm\u00e1nyhivatalokkal kapcsolatos \u00e1ltal\u00e1nos inform\u00e1ci\u00f3k itt \u00e9rhet\u0151k el.\u00a0 P\u00e9nz\u00fcgyi t\u00e1mogat\u00e1s\u00a0 Ha \u00d6n menek\u00fclt vagy oltalmazott st\u00e1tusszal rendelkezik, ugyanolyan jogok [&hellip;]<\/p>\n","protected":false},"author":347,"featured_media":0,"parent":20544,"menu_order":5,"comment_status":"closed","ping_status":"closed","template":"","meta":{"_acf_changed":false,"footnotes":""},"class_list":["post-20896","page","type-page","status-publish","hentry"],"acf":[],"_links":{"self":[{"href":"https:\/\/help.unhcr.org\/hungary\/hu\/wp-json\/wp\/v2\/pages\/20896","targetHints":{"allow":["GET"]}}],"collection":[{"href":"https:\/\/help.unhcr.org\/hungary\/hu\/wp-json\/wp\/v2\/pages"}],"about":[{"href":"https:\/\/help.unhcr.org\/hungary\/hu\/wp-json\/wp\/v2\/types\/page"}],"author":[{"embeddable":true,"href":"https:\/\/help.unhcr.org\/hungary\/hu\/wp-json\/wp\/v2\/users\/347"}],"replies":[{"embeddable":true,"href":"https:\/\/help.unhcr.org\/hungary\/hu\/wp-json\/wp\/v2\/comments?post=20896"}],"version-history":[{"count":147,"href":"https:\/\/help.unhcr.org\/hungary\/hu\/wp-json\/wp\/v2\/pages\/20896\/revisions"}],"predecessor-version":[{"id":45059,"href":"https:\/\/help.unhcr.org\/hungary\/hu\/wp-json\/wp\/v2\/pages\/20896\/revisions\/45059"}],"up":[{"embeddable":true,"href":"https:\/\/help.unhcr.org\/hungary\/hu\/wp-json\/wp\/v2\/pages\/20544"}],"wp:attachment":[{"href":"https:\/\/help.unhcr.org\/hungary\/hu\/wp-json\/wp\/v2\/media?parent=20896"}],"curies":[{"name":"wp","href":"https:\/\/api.w.org\/{rel}","templated":true}]}}