{"id":20566,"date":"2024-06-05T17:19:31","date_gmt":"2024-06-05T17:19:31","guid":{"rendered":"https:\/\/help.unhcr.org\/hungary\/new\/statelessness\/"},"modified":"2025-07-10T13:03:31","modified_gmt":"2025-07-10T13:03:31","slug":"statelessness","status":"publish","type":"page","link":"https:\/\/help.unhcr.org\/hungary\/hu\/statelessness\/","title":{"rendered":"Hontalans\u00e1g"},"content":{"rendered":"\n\n<p class=\"has-medium-font-size\"><strong>EZEN AZ OLDALON:<\/strong><br>\n<strong>\u2022 <a href=\"#hontalansag-megallapitasanak-eljarasa-magyarorszagon\">Hontalans\u00e1g meg\u00e1llap\u00edt\u00e1s\u00e1nak elj\u00e1r\u00e1sa Magyarorsz\u00e1gon<\/a><\/strong><br><strong>\u2022 <a href=\"#a-hontalan-szemelyek-jogai-magyarorszagon\">A hontalan szem\u00e9lyek jogai Magyarorsz\u00e1gon<\/a><\/strong><br>\n<\/p>\n\n <hr class=\"has-alpha-channel-opacity is-style-default\" \/>\n\n<p class=\"has-medium-font-size\">A hontalans\u00e1g azt jelenti, hogy nincs \u00e1llampolg\u00e1rs\u00e1ga (nem ismerik el a vil\u00e1g egyik orsz\u00e1g\u00e1nak \u00e1llampolg\u00e1rak\u00e9nt sem). Ha \u00fagy gondolja, hogy hontalan lehet, el\u0151sz\u00f6r k\u00e9rje a magyar idegenrend\u00e9szeti hat\u00f3s\u00e1gt\u00f3l, hogy ismerje el hivatalosan hontalank\u00e9nt.<\/p>\n\n\n<h2 id=\"hontalansag-megallapitasanak-eljarasa-magyarorszagon\" class=\"wp-block-heading\"><strong>Hontalans\u00e1g meg\u00e1llap\u00edt\u00e1s\u00e1nak elj\u00e1r\u00e1sa Magyarorsz\u00e1gon<\/strong><\/h2>\n\n\n<p class=\"has-medium-font-size\">A hontalans\u00e1g meg\u00e1llap\u00edt\u00e1s\u00e1t az idegenrend\u00e9szeti hat\u00f3s\u00e1gn\u00e1l (Orsz\u00e1gos Idegenrend\u00e9szeti F\u0151igazgat\u00f3s\u00e1g) lehet k\u00e9rni. A k\u00e9relemhez nincs sablon, lehet jelentkezni \u00edr\u00e1sban, vagy ak\u00e1r sz\u00f3ban az ottani \u00fcgyint\u00e9z\u0151n\u00e9l.<\/p>\n\n\n<p class=\"has-medium-font-size\">Jelentkezni az Orsz\u00e1gos Idegenrend\u00e9szeti F\u0151igazgat\u00f3s\u00e1g b\u00e1rmely \u00fcgyf\u00e9lszolg\u00e1lat\u00e1n lehet.<\/p>\n\n\n<div class=\"wp-block-group\"><div class=\"wp-block-group__inner-container is-layout-constrained wp-block-group-is-layout-constrained\">\n<a href=\"https:\/\/help.unhcr.org\/hungary\/hu\/ndgap-offices\/\" style=\"text-decoration: none\">\n\n\n\n<div style=\"background-color:#E8E8E8;color:white;border-radius:10px;padding: 24px 24px 4px\">\n\n\n\n<figure class=\"wp-block-image size-full is-resized\"><img loading=\"lazy\" decoding=\"async\" width=\"100\" height=\"100\" src=\"https:\/\/help.unhcr.org\/hungary\/wp-content\/uploads\/sites\/86\/2024\/07\/callout_ndgap.png\" alt=\"\" class=\"wp-image-20226\" style=\"width:70px\" \/><\/figure>\n\n\n\n<div style=\"height:14px\" aria-hidden=\"true\" class=\"wp-block-spacer\"><\/div>\n\n\n\n<p class=\"has-black-color has-text-color has-link-color has-medium-font-size wp-elements-c6141affb7f83a649d0b37cca6ae9ce1\">Kattintson ide az Orsz\u00e1gos Idegenrend\u00e9szeti F\u0151igazgat\u00f3s\u00e1g irod\u00e1inak \u00e9s el\u00e9rhet\u0151s\u00e9geinek megtekint\u00e9s\u00e9hez.<\/p>\n\n\n\n<\/div><\/a>\n<\/div><\/div>\n\n\n\n<p><\/p>\n\n<p class=\"has-medium-font-size\">A hontalans\u00e1g meg\u00e1llap\u00edt\u00e1sa ir\u00e1nti k\u00e9relem beny\u00fajt\u00e1s\u00e1hoz nem sz\u00fcks\u00e9ges \u00e9rv\u00e9nyes magyarorsz\u00e1gi tart\u00f3zkod\u00e1si enged\u00e9llyel rendelkeznie. Ebben az esetben az idegenrend\u00e9szeti hat\u00f3s\u00e1g \u201eideiglenes tart\u00f3zkod\u00e1sra jogos\u00edt\u00f3 igazol\u00e1st\u201d ad ki. Ezzel az irattal az elj\u00e1r\u00e1s sor\u00e1n jogszer\u0171en tart\u00f3zkodhat Magyarorsz\u00e1gon, am\u00edg a hat\u00f3s\u00e1g nem d\u00f6nt a k\u00e9relm\u00e9r\u0151l. Az elj\u00e1r\u00e1s ingyenes, nem kell fizetnie.<\/p>\n\n\n<p class=\"has-medium-font-size\">A jelentkez\u00e9st k\u00f6vet\u0151en az idegenrend\u00e9szeti hat\u00f3s\u00e1g k\u00e9t szem\u00e9lyes interj\u00fara h\u00edvja be. Az el\u0151zetes interj\u00fa sor\u00e1n alapvet\u0151 inform\u00e1ci\u00f3kat k\u00e9rnek \u00d6nt\u0151l, a r\u00e9szletes interj\u00fa sor\u00e1n pedig tov\u00e1bbi inform\u00e1ci\u00f3kat kell megosztani a h\u00e1tter\u00e9r\u0151l.<\/p>\n\n\n<p class=\"has-medium-font-size\">Tov\u00e1bbi inform\u00e1ci\u00f3kat az elj\u00e1r\u00e1sr\u00f3l az idegenrend\u00e9szeti hat\u00f3s\u00e1g  <a href=\"http:\/\/oif.gov.hu\/index.php?option=com_k2&amp;view=item&amp;id=439:hontalankent-valo-elismeres&amp;lang=hu\">honlapj\u00e1n<\/a> tal\u00e1l.<\/p>\n\n\n<p class=\"has-medium-font-size\">Ha azt fontolgatja, hogy hontalan st\u00e1tusz ir\u00e1nti k\u00e9relmet k\u00edv\u00e1n beny\u00fajtani, javasoljuk, hogy konzult\u00e1ljon egy \u00fcgyv\u00e9ddel. A Magyar Helsinki Bizotts\u00e1g ingyenes jogi tan\u00e1csad\u00e1st \u00e9s k\u00e9pviseletet biztos\u00edt.<\/p>\n\n\n<div class=\"wp-block-group\"><div class=\"wp-block-group__inner-container is-layout-constrained wp-block-group-is-layout-constrained\">\n<a href=\"https:\/\/help.unhcr.org\/hungary\/hu\/partners\/hungarian-helsinki-committee\/\" style=\"text-decoration: none\">\n\n\n\n<div style=\"background-color:#E8E8E8;color:white;border-radius:10px;padding: 24px 24px 1px\">\n\n\n\n<figure class=\"wp-block-image size-full is-resized\"><img loading=\"lazy\" decoding=\"async\" width=\"100\" height=\"100\" src=\"https:\/\/help.unhcr.org\/hungary\/wp-content\/uploads\/sites\/86\/2024\/07\/callout_hhc.png\" alt=\"\" class=\"wp-image-20671\" style=\"width:70px\" \/><\/figure>\n\n\n\n<div style=\"height:14px\" aria-hidden=\"true\" class=\"wp-block-spacer\"><\/div>\n\n\n\n<p class=\"has-black-color has-text-color has-link-color has-medium-font-size wp-elements-0e3d7cfcf9bf39b6fe9efe7c1c596034\"><strong>Ide kattintva l\u00e9phet kapcsolatba a Magyar Helsinki Bizotts\u00e1ggal<\/strong>, akik az Ukrajn\u00e1b\u00f3l menek\u00fclt szem\u00e9lyek v\u00e9delm\u00e9vel kapcsolatban, bele\u00e9rtve a Magyarorsz\u00e1gra val\u00f3 beutaz\u00e1st \u00e9s az ideiglenes v\u00e9delem megszerz\u00e9s\u00e9t; a csal\u00e1degyes\u00edt\u00e9sben; a rossz b\u00e1n\u00e1sm\u00f3d, er\u0151szak vagy vissza\u00e9l\u00e9s bejelent\u00e9s\u00e9ben; \u00e9s a gy\u0171l\u00f6let-b\u0171ncselekm\u00e9nyek kezel\u00e9s\u00e9ben tudnak seg\u00edts\u00e9get ny\u00fajtani.<\/p>\n\n\n\n<\/div><\/a>\n<\/div><\/div>\n\n\n\n<p><\/p>\n\n<p class=\"has-medium-font-size\">Felveheti a kapcsolatot a UNHCR-al is, mivel r\u00e9szt vehet\u00fcnk az interj\u00fain, \u00e9s t\u00e1mogat\u00e1st \u00e9s seg\u00edts\u00e9get ny\u00fajtunk.<\/p>\n\n\n<h2 id=\"a-hontalan-szemelyek-jogai-magyarorszagon\" class=\"wp-block-heading\"><strong>A hontalan szem\u00e9lyek jogai Magyarorsz\u00e1gon<\/strong><\/h2>\n\n\n<p class=\"has-medium-font-size\"><strong>\u00a0<\/strong>Ha \u00d6nt hontalannak ismerik el, joga van <strong>humanit\u00e1rius c\u00e9l\u00fa tart\u00f3zkod\u00e1si enged\u00e9lyt<\/strong> kapni Magyarorsz\u00e1gon. <\/p>\n\n\n<ul class=\"has-medium-font-size wp-block-list\">\n<li class=\"has-medium-font-size\">Ez nem j\u00e1r automatikusan, ezt az enged\u00e9lyt az idegenrend\u00e9szeti hat\u00f3s\u00e1gn\u00e1l (Orsz\u00e1gos Idegenrend\u00e9szeti F\u0151igazgat\u00f3s\u00e1g) kell k\u00e9rnie.<\/li>\n\n<li class=\"has-medium-font-size\">A tart\u00f3zkod\u00e1si enged\u00e9ly el\u0151sz\u00f6r h\u00e1rom \u00e9vig \u00e9rv\u00e9nyes, ut\u00e1na minden \u00e9vben k\u00e9rhet hosszabb\u00edt\u00e1st.<\/li>\n\n<li class=\"has-medium-font-size\">Dolgozhat elismert hontalank\u00e9nt, de egys\u00e9ges munkav\u00e1llal\u00e1si \u00e9s tart\u00f3zkod\u00e1si enged\u00e9lyt kell k\u00e9rnie az idegenrend\u00e9szeti hat\u00f3s\u00e1gt\u00f3l.<\/li>\n<\/ul>\n\n<p class=\"has-medium-font-size\"><strong>Csal\u00e1degyes\u00edt\u00e9s:<\/strong> Elismert hontalan szem\u00e9lyk\u00e9nt jogosult a csal\u00e1dj\u00e1val val\u00f3 \u00fajraegyes\u00edt\u00e9sre, amihez megfelel\u0151 magyarorsz\u00e1gi meg\u00e9lhet\u00e9st, lakhat\u00e1st \u00e9s eg\u00e9szs\u00e9gbiztos\u00edt\u00e1st kell igazolnia, valamint bizony\u00edtania kell a csal\u00e1di kapcsolatot.<\/p>\n\n\n<p class=\"has-medium-font-size\"><strong>K\u00f6zoktat\u00e1s:<\/strong> Az elismert hontalan gyermekek Magyarorsz\u00e1gon a magyar \u00e1llampolg\u00e1rokhoz hasonl\u00f3an \u00e1llamilag finansz\u00edrozott \u00f3vodai ell\u00e1t\u00e1sra \u00e9s \u00e1llami alap- \u00e9s k\u00f6z\u00e9pfok\u00fa oktat\u00e1sra jogosultak. Elismert hontalank\u00e9nt jogosult a magyar \u00e1llampolg\u00e1rokhoz hasonl\u00f3an \u00e1llamilag finansz\u00edrozott, r\u00e9szben \u00e1llamilag finansz\u00edrozott vagy \u00f6nk\u00f6lts\u00e9ges fels\u0151oktat\u00e1si tanulm\u00e1nyokra jelentkezni.<\/p>\n\n\n<p class=\"has-medium-font-size\"><strong>T\u00e1rsadalombiztos\u00edt\u00e1s:<\/strong> A hontalan st\u00e1tusz megszerz\u00e9se nem jogos\u00edt fel t\u00e1rsadalombiztos\u00edt\u00e1sra vagy teljes k\u00f6r\u0171 ingyenes \u00e1llami eg\u00e9szs\u00e9g\u00fcgyi ell\u00e1t\u00e1sra, kiv\u00e9ve, ha \u00d6n munkaviszonyban \u00e1ll, vagy m\u00e1s m\u00f3don rendelkezik t\u00e1rsadalombiztos\u00edt\u00e1si jogosults\u00e1ggal. Ha \u00d6n nem rendelkezik t\u00e1rsadalombiztos\u00edt\u00e1ssal (p\u00e9ld\u00e1ul munkaviszony r\u00e9v\u00e9n), akkor ugyanabban az eg\u00e9szs\u00e9g\u00fcgyi ell\u00e1t\u00e1sban r\u00e9szes\u00fcl, mint a k\u00fclf\u00f6ldiek (azaz s\u00fcrg\u0151ss\u00e9gi ell\u00e1t\u00e1sban), \u00e9s el\u0151fordulhat, hogy fizetnie kell a szolg\u00e1ltat\u00e1sok ig\u00e9nybev\u00e9tel\u00e9\u00e9rt.<\/p>\n\n\n<p class=\"has-medium-font-size\"><strong>\u00dati okm\u00e1ny:<\/strong> Hontalank\u00e9nt \u00d6nnek joga van speci\u00e1lis \u00fati okm\u00e1nyhoz is. Seg\u00edts\u00e9g\u00e9vel k\u00fclf\u00f6ldre utazhat, majd visszat\u00e9rhet Magyarorsz\u00e1gra. Egy \u00e9vig \u00e9rv\u00e9nyes, \u00e9s k\u00e9rheti a meg\u00faj\u00edt\u00e1s\u00e1t. \u00c9rv\u00e9nyes tart\u00f3zkod\u00e1si enged\u00e9llyel a hontalan szem\u00e9ly 180 napos id\u0151szakon bel\u00fcl legfeljebb 90 napra utazhat egy m\u00e1sik EU-tag\u00e1llamba \u00e9s tart\u00f3zkodhat ott. Ha az Eur\u00f3pai Uni\u00f3n \u00e9s a schengeni \u00f6vezeten k\u00edv\u00fcli orsz\u00e1gokba k\u00edv\u00e1n utazni, k\u00e9rj\u00fck, tervezett utaz\u00e1sa el\u0151tt ellen\u0151rizze, hogy a c\u00e9lorsz\u00e1g elfogadja-e az 1954-es ENSZ-egyezm\u00e9ny alapj\u00e1n hontalan szem\u00e9lyek sz\u00e1m\u00e1ra ki\u00e1ll\u00edtott \u00fati okm\u00e1nyokat, \u00e9s van-e v\u00edzumk\u00f6telezetts\u00e9g.<\/p>\n\n\n<div class=\"wp-block-group\"><div class=\"wp-block-group__inner-container is-layout-constrained wp-block-group-is-layout-constrained\">\n<a href=\"https:\/\/help.unhcr.org\/hungary\/hu\/partners\/hungarian-helsinki-committee\/\" style=\"text-decoration: none\">\n\n\n\n<div style=\"background-color:#E8E8E8;color:white;border-radius:10px;padding: 24px 24px 1px\">\n\n\n\n<figure class=\"wp-block-image size-full is-resized\"><img loading=\"lazy\" decoding=\"async\" width=\"100\" height=\"100\" src=\"https:\/\/help.unhcr.org\/hungary\/wp-content\/uploads\/sites\/86\/2024\/07\/callout_hhc.png\" alt=\"\" class=\"wp-image-20671\" style=\"width:70px\" \/><\/figure>\n\n\n\n<div style=\"height:14px\" aria-hidden=\"true\" class=\"wp-block-spacer\"><\/div>\n\n\n\n<p class=\"has-black-color has-text-color has-link-color has-medium-font-size wp-elements-0e3d7cfcf9bf39b6fe9efe7c1c596034\"><strong>Ide kattintva l\u00e9phet kapcsolatba a Magyar Helsinki Bizotts\u00e1ggal<\/strong>, akik az Ukrajn\u00e1b\u00f3l menek\u00fclt szem\u00e9lyek v\u00e9delm\u00e9vel kapcsolatban, bele\u00e9rtve a Magyarorsz\u00e1gra val\u00f3 beutaz\u00e1st \u00e9s az ideiglenes v\u00e9delem megszerz\u00e9s\u00e9t; a csal\u00e1degyes\u00edt\u00e9sben; a rossz b\u00e1n\u00e1sm\u00f3d, er\u0151szak vagy vissza\u00e9l\u00e9s bejelent\u00e9s\u00e9ben; \u00e9s a gy\u0171l\u00f6let-b\u0171ncselekm\u00e9nyek kezel\u00e9s\u00e9ben tudnak seg\u00edts\u00e9get ny\u00fajtani.<\/p>\n\n\n\n<\/div><\/a>\n<\/div><\/div>\n\n\n\n<p><\/p>\n\n<div class=\"wp-block-group\"><div class=\"wp-block-group__inner-container is-layout-constrained wp-block-group-is-layout-constrained\">\n<a href=\"https:\/\/help.unhcr.org\/hungary\/hu\/partners\/menedek-hungarian-association-for-migrants\/\" style=\"text-decoration: none\">\n\n\n\n<div style=\"background-color:#90CD90;color:white;border-radius:10px;padding: 24px 24px 1px\">\n\n\n\n<figure class=\"wp-block-image size-full is-resized\"><img loading=\"lazy\" decoding=\"async\" width=\"100\" height=\"100\" src=\"https:\/\/help.unhcr.org\/hungary\/wp-content\/uploads\/sites\/86\/2024\/07\/callout_menedek.png\" alt=\"\" class=\"wp-image-20665\" style=\"width:70px\" \/><\/figure>\n\n\n\n<div style=\"height:14px\" aria-hidden=\"true\" class=\"wp-block-spacer\"><\/div>\n\n\n\n<p class=\"has-black-color has-text-color has-link-color has-medium-font-size wp-elements-378af1d27e121f1a0492f4cf3fc37896\"><strong>Ide kattintva l\u00e9phet kapcsolatba a Mened\u00e9k Egyes\u00fclettel<\/strong>, akik menek\u00fclt\u00fcgyi-, bev\u00e1ndorl\u00e1si- \u00e9s jogi tan\u00e1csad\u00e1ssal kapcsolatban; v\u00edzummal \u00e9s tart\u00f3zkod\u00e1si enged\u00e9llyel kapcsolatos k\u00e9rd\u00e9sek eset\u00e9n; valamint a szoci\u00e1lis jogok t\u00e1mogat\u00e1s\u00e1ban, bele\u00e9rtve a szoci\u00e1lis t\u00e1mogat\u00e1shoz \u00e9s szolg\u00e1ltat\u00e1sokhoz val\u00f3 hozz\u00e1f\u00e9r\u00e9st, a munkajogokat \u00e9s az oktat\u00e1si jogokat tudnak seg\u00edts\u00e9get ny\u00fajtani.<\/p>\n\n\n\n<\/div><\/a>\n<\/div><\/div>\n\n\n\n<p><\/p>\n","protected":false},"excerpt":{"rendered":"<p>EZEN AZ OLDALON: \u2022 Hontalans\u00e1g meg\u00e1llap\u00edt\u00e1s\u00e1nak elj\u00e1r\u00e1sa Magyarorsz\u00e1gon\u2022 A hontalan szem\u00e9lyek jogai Magyarorsz\u00e1gon A hontalans\u00e1g azt jelenti, hogy nincs \u00e1llampolg\u00e1rs\u00e1ga (nem ismerik el a vil\u00e1g egyik orsz\u00e1g\u00e1nak \u00e1llampolg\u00e1rak\u00e9nt sem). Ha \u00fagy gondolja, hogy hontalan lehet, el\u0151sz\u00f6r k\u00e9rje a magyar idegenrend\u00e9szeti hat\u00f3s\u00e1gt\u00f3l, hogy ismerje el hivatalosan hontalank\u00e9nt. Hontalans\u00e1g meg\u00e1llap\u00edt\u00e1s\u00e1nak elj\u00e1r\u00e1sa Magyarorsz\u00e1gon A hontalans\u00e1g meg\u00e1llap\u00edt\u00e1s\u00e1t az idegenrend\u00e9szeti [&hellip;]<\/p>\n","protected":false},"author":347,"featured_media":0,"parent":0,"menu_order":8,"comment_status":"closed","ping_status":"closed","template":"","meta":{"_acf_changed":false,"footnotes":""},"class_list":["post-20566","page","type-page","status-publish","hentry"],"acf":[],"_links":{"self":[{"href":"https:\/\/help.unhcr.org\/hungary\/hu\/wp-json\/wp\/v2\/pages\/20566","targetHints":{"allow":["GET"]}}],"collection":[{"href":"https:\/\/help.unhcr.org\/hungary\/hu\/wp-json\/wp\/v2\/pages"}],"about":[{"href":"https:\/\/help.unhcr.org\/hungary\/hu\/wp-json\/wp\/v2\/types\/page"}],"author":[{"embeddable":true,"href":"https:\/\/help.unhcr.org\/hungary\/hu\/wp-json\/wp\/v2\/users\/347"}],"replies":[{"embeddable":true,"href":"https:\/\/help.unhcr.org\/hungary\/hu\/wp-json\/wp\/v2\/comments?post=20566"}],"version-history":[{"count":143,"href":"https:\/\/help.unhcr.org\/hungary\/hu\/wp-json\/wp\/v2\/pages\/20566\/revisions"}],"predecessor-version":[{"id":45069,"href":"https:\/\/help.unhcr.org\/hungary\/hu\/wp-json\/wp\/v2\/pages\/20566\/revisions\/45069"}],"wp:attachment":[{"href":"https:\/\/help.unhcr.org\/hungary\/hu\/wp-json\/wp\/v2\/media?parent=20566"}],"curies":[{"name":"wp","href":"https:\/\/api.w.org\/{rel}","templated":true}]}}