{"id":20559,"date":"2024-06-05T17:27:07","date_gmt":"2024-06-05T17:27:07","guid":{"rendered":"https:\/\/help.unhcr.org\/hungary\/new\/asylum\/reunification\/"},"modified":"2025-07-10T13:03:04","modified_gmt":"2025-07-10T13:03:04","slug":"family-reunification","status":"publish","type":"page","link":"https:\/\/help.unhcr.org\/hungary\/hu\/asylum\/family-reunification\/","title":{"rendered":"Mened\u00e9kk\u00e9r\u0151k csal\u00e1degyes\u00edt\u00e9se"},"content":{"rendered":"\n\n<p class=\"has-medium-font-size\"><strong>EZEN AZ OLDALON:<\/strong><br>\n<strong>\u2022 <a href=\"#csaladegyesites-menekultkent-vagy-oltalmazottkent\">Csal\u00e1degyes\u00edt\u00e9s menek\u00fcltk\u00e9nt vagy oltalmazottk\u00e9nt<\/a><\/strong><br><strong>\u2022 <a href=\"#csaladegyesites-menedekkerokent\">Csal\u00e1degyes\u00edt\u00e9s mened\u00e9kk\u00e9r\u0151k\u00e9nt<\/a><\/strong><br>\n<\/p>\n\n <hr class=\"has-alpha-channel-opacity is-style-default\" \/>\n\n<h2 id=\"csaladegyesites-menekultkent-vagy-oltalmazottkent\" class=\"wp-block-heading\"><strong>Csal\u00e1degyes\u00edt\u00e9s menek\u00fcltk\u00e9nt vagy oltalmazottk\u00e9nt<\/strong><\/h2>\n\n\n<h3 class=\"wp-block-heading\"><strong>Csal\u00e1degyes\u00edt\u00e9sre val\u00f3 jogosults\u00e1g menek\u00fcltk\u00e9nt vagy oltalmazottk\u00e9nt <\/strong><\/h3>\n\n\n<p class=\"has-medium-font-size\">Ha \u00d6n menek\u00fclt vagy oltalmazott, lehet\u0151s\u00e9ge van csal\u00e1dtagjait Magyarorsz\u00e1gra hozni, vagy egy m\u00e1sik EU-tag\u00e1llamban csatlakozni hozz\u00e1juk. Felh\u00edvjuk figyelm\u00e9t, hogy a csal\u00e1degyes\u00edt\u00e9s \u00f6sszetett folyamat, ez\u00e9rt tan\u00e1csos jogi seg\u00edts\u00e9get \u00e9s tan\u00e1csad\u00e1st k\u00e9rni.<\/p>\n\n\n<p class=\"has-medium-font-size\">Magyarorsz\u00e1gon menek\u00fcltk\u00e9nt vagy oltalmazottk\u00e9nt az al\u00e1bbi csal\u00e1dtagokat hozhatja mag\u00e1val:<\/p>\n\n\n<ul class=\"has-medium-font-size wp-block-list\">\n<li class=\"has-medium-font-size\">H\u00e1zast\u00e1rs, ha Magyarorsz\u00e1gra val\u00f3 bel\u00e9p\u00e9skor m\u00e1r h\u00e1zas volt.<\/li>\n\n<li class=\"has-medium-font-size\">18 \u00e9v alatti gyermekek, bele\u00e9rtve az \u00f6r\u00f6kbefogadott gyermekeket is.<\/li>\n\n<li class=\"has-medium-font-size\">Sz\u00fcl\u0151k vagy gy\u00e1mok, ha \u00d6n 18 \u00e9ven aluli.<\/li>\n\n<li class=\"has-medium-font-size\">Sz\u00fcl\u0151k, akik nem tudj\u00e1k ell\u00e1tni magukat, \u00e9s s\u00falyos eg\u00e9szs\u00e9g\u00fcgyi probl\u00e9m\u00e1kkal k\u00fczdenek, vagy akiket \u00d6n tart el.<\/li>\n\n<li class=\"has-medium-font-size\">Testv\u00e9rek, akik nem tudj\u00e1k ell\u00e1tni magukat, \u00e9s s\u00falyos eg\u00e9szs\u00e9g\u00fcgyi probl\u00e9m\u00e1kkal k\u00fczdenek.<\/li>\n\n<li class=\"has-medium-font-size\">Minden m\u00e1s egyenes\u00e1gi rokon, aki nem tudja ell\u00e1tni mag\u00e1t, \u00e9s s\u00falyos eg\u00e9szs\u00e9g\u00fcgyi probl\u00e9m\u00e1kkal k\u00fczd.<\/li>\n<\/ul>\n\n<h3 class=\"wp-block-heading\"><strong>Csal\u00e1degyes\u00edt\u00e9si folyamat menek\u00fcltk\u00e9nt vagy oltalmazottk\u00e9nt<\/strong><\/h3>\n\n\n<p class=\"has-medium-font-size\">Az elismert menek\u00fcltek \u00e9s oltalmazottak eset\u00e9ben a csal\u00e1dtagoknak kell kezdem\u00e9nyezni\u00fck a csal\u00e1degyes\u00edt\u00e9si elj\u00e1r\u00e1st. Csal\u00e1dtagjainak szem\u00e9lyesen kell beny\u00fajtaniuk k\u00e9relm\u00fcket Magyarorsz\u00e1g legk\u00f6zelebbi konzul\u00e1tus\u00e1n. A konzul\u00e1tus azonban nem hozza meg a v\u00e9gs\u0151 d\u00f6nt\u00e9st. Tov\u00e1bb\u00edtj\u00e1k a k\u00e9relmeket a budapesti Orsz\u00e1gos Idegenrend\u00e9szeti F\u0151igazgat\u00f3s\u00e1ghoz (OIF), amely meghozza a d\u00f6nt\u00e9st.<\/p>\n\n\n<p class=\"has-medium-font-size\">A csal\u00e1degyes\u00edt\u00e9si folyamat megkezd\u00e9s\u00e9hez a k\u00f6vetkez\u0151 dokumentumokat kell a konzul\u00e1tus rendelkez\u00e9s\u00e9re bocs\u00e1tani minden csal\u00e1dtag eset\u00e9ben:<\/p>\n\n\n<ul class=\"has-medium-font-size wp-block-list\">\n<li class=\"has-medium-font-size\"><a href=\"http:\/\/www.bmbah.hu\/formanyomtatvanyok\">Kit\u00f6lt\u00f6tt \u00e1ltal\u00e1nos tart\u00f3zkod\u00e1si enged\u00e9lyk\u00e9relem \u00e9s csal\u00e1degyes\u00edt\u00e9si k\u00e9rd\u0151\u00edv<\/a>.<\/li>\n\n<li class=\"has-medium-font-size\">\u00c9rv\u00e9nyes \u00fatlev\u00e9l. <\/li>\n\n<li class=\"has-medium-font-size\">Egy friss \u00fatlev\u00e9lfot\u00f3.<\/li>\n\n<li class=\"has-medium-font-size\">110 eur\u00f3s elj\u00e1r\u00e1si k\u00f6lts\u00e9g befizet\u00e9s\u00e9nek igazol\u00e1sa.<\/li>\n\n<li class=\"has-medium-font-size\">Az \u00d6n \u00e9s csal\u00e1dtagja k\u00f6z\u00f6tti csal\u00e1di k\u00f6tel\u00e9ket igazol\u00f3 dokumentumok.<\/li>\n\n<li class=\"has-medium-font-size\">Tov\u00e1bbi igazol\u00f3 dokumentumok, p\u00e9ld\u00e1ul eg\u00e9szs\u00e9g\u00fcgyi probl\u00e9m\u00e1kra vonatkoz\u00f3 orvosi leletek vagy az eltartotts\u00e1gr\u00f3l val\u00f3 bizony\u00edt\u00e9k.<\/li>\n<\/ul>\n\n<p class=\"has-medium-font-size\">A csal\u00e1di k\u00f6tel\u00e9kek b\u00e1rmilyen, az \u00d6n rendelkez\u00e9s\u00e9re \u00e1ll\u00f3 hiteles eszk\u00f6zzel (p\u00e9ld\u00e1ul sz\u00fclet\u00e9si \u00e9s h\u00e1zass\u00e1gi anyak\u00f6nyvi kivonattal) igazolhat\u00f3k. Lehet\u0151s\u00e9ge van DNS-vizsg\u00e1lat k\u00e9r\u00e9s\u00e9re is, de k\u00e9rj\u00fck, vegye figyelembe, hogy a kapcsol\u00f3d\u00f3 k\u00f6lts\u00e9geket \u00d6nnek kell \u00e1llnia.<\/p>\n\n\n<p class=\"has-medium-font-size\">K\u00e9rj\u00fck, vegye figyelembe azt is, hogy ha \u00d6n oltalmazott, vagy olyan menek\u00fclt, akinek csal\u00e1dtagjai az \u00d6n st\u00e1tusz\u00e1nak j\u00f3v\u00e1hagy\u00e1s\u00e1t k\u00f6vet\u0151 els\u0151 h\u00e1rom h\u00f3nap ut\u00e1n kezdem\u00e9nyezt\u00e9k a csal\u00e1degyes\u00edt\u00e9si elj\u00e1r\u00e1st, csal\u00e1dtagjainak igazolniuk kell a k\u00f6vetkez\u0151 tov\u00e1bbi k\u00f6vetelm\u00e9nyek teljes\u00fcl\u00e9s\u00e9t:<\/p>\n\n\n<ul class=\"has-medium-font-size wp-block-list\">\n<li class=\"has-medium-font-size\">Biztos\u00edtott sz\u00e1ll\u00e1s Magyarorsz\u00e1gon.<\/li>\n\n<li class=\"has-medium-font-size\">Biztos\u00edtott meg\u00e9lhet\u00e9s Magyarorsz\u00e1gon.<\/li>\n\n<li class=\"has-medium-font-size\">Eg\u00e9szs\u00e9gbiztos\u00edt\u00e1s Magyarorsz\u00e1gon.<\/li>\n<\/ul>\n\n<p class=\"has-medium-font-size\">Ha az OIF j\u00f3v\u00e1hagyja k\u00e9relm\u00e9t, \u00e9rtes\u00edti azt a magyar konzul\u00e1tust, ahol csal\u00e1dtagjai csal\u00e1degyes\u00edt\u00e9st k\u00e9rtek. A konzul\u00e1tus egyszeri beutaz\u00e1sra sz\u00f3l\u00f3 v\u00edzumot (\u00fagynevezett D v\u00edzumot) \u00e1ll\u00edt ki csal\u00e1dtagjainak, amellyel Magyarorsz\u00e1gra utazhatnak. \u00c9rkez\u00e9s\u00fckt\u0151l sz\u00e1m\u00edtott 30 napon bel\u00fcl \u00e1tvehetik a tart\u00f3zkod\u00e1si enged\u00e9ly\u00fcket, amelyet a k\u00e9rv\u00e9nyen felt\u00fcntetett c\u00edmre k\u00e9zbes\u00edtenek.<\/p>\n\n\n<h2 id=\"csaladegyesites-menedekkerokent\" class=\"wp-block-heading\"><strong>Csal\u00e1degyes\u00edt\u00e9s mened\u00e9kk\u00e9r\u0151k\u00e9nt<\/strong><\/h2>\n\n\n<h3 class=\"wp-block-heading\"><strong>Csal\u00e1degyes\u00edt\u00e9sre val\u00f3 jogosults\u00e1g mened\u00e9kk\u00e9r\u0151k\u00e9nt<\/strong><\/h3>\n\n\n<p class=\"has-medium-font-size\">A csal\u00e1degyes\u00edt\u00e9s meghat\u00e1rozott esetekben akkor is lehets\u00e9ges, ha \u00d6n Magyarorsz\u00e1gon mened\u00e9kk\u00e9r\u0151, \u00e9s k\u00f6zeli hozz\u00e1tartoz\u00f3ja (18 \u00e9v alatti gyermek, h\u00e1zast\u00e1rs, k\u00eds\u00e9r\u0151 n\u00e9lk\u00fcli gyermek eset\u00e9n: feln\u0151tt k\u00f6zeli hozz\u00e1tartoz\u00f3, illetve eltartotti helyzetben: sz\u00fcl\u0151, testv\u00e9r \u00e9s gyermek) mened\u00e9kk\u00e9r\u0151 vagy menek\u00fclt egy m\u00e1sik EU-tag\u00e1llamban.<\/p>\n\n\n<h3 class=\"wp-block-heading\"><strong>Csal\u00e1degyes\u00edt\u00e9si folyamat mened\u00e9kk\u00e9r\u0151k\u00e9nt<\/strong><\/h3>\n\n\n<p class=\"has-medium-font-size\">Ha a csal\u00e1dtagok menek\u00fcl\u00e9s k\u00f6zben el lettek v\u00e1lasztva egym\u00e1st\u00f3l, \u00e9s k\u00fcl\u00f6nb\u00f6z\u0151 EU-tag\u00e1llamokban ny\u00fajtottak be mened\u00e9kk\u00e9relmet, a csal\u00e1degyes\u00edt\u00e9s lehets\u00e9ges, \u00e9s mened\u00e9kk\u00e9relm\u00fcket egy\u00fctt b\u00edr\u00e1lj\u00e1k el. Ha k\u00f6zeli csal\u00e1dtagja mened\u00e9kk\u00e9relmi elj\u00e1r\u00e1sa m\u00e1r folyamatban van egy m\u00e1sik \u00e1llamban, vagy ha leg\u00e1lisan tart\u00f3zkodik ott, vagy menek\u00fcltst\u00e1tusszal rendelkezik, az adott \u00e1llam fogja kezelni a k\u00e9relmeket.<\/p>\n\n\n<p class=\"has-medium-font-size\">A folyamat megk\u00f6nny\u00edt\u00e9se \u00e9rdek\u00e9ben az els\u0151 meghallgat\u00e1s sor\u00e1n t\u00e1j\u00e9koztassa a menek\u00fclt\u00fcgyi hat\u00f3s\u00e1got m\u00e1s EU-tag\u00e1llamokban \u00e9l\u0151 csal\u00e1dtagjair\u00f3l. \u00cdr\u00e1sos hozz\u00e1j\u00e1rul\u00e1st kell beny\u00fajtania ahhoz, hogy mened\u00e9k k\u00e9relm\u00e9t egyes\u00edts\u00e9k a k\u00fcl\u00f6nb\u00f6z\u0151 tag\u00e1llamokban \u00e9l\u0151 csal\u00e1dtagjai k\u00e9relm\u00e9vel.<\/p>\n\n\n<div class=\"wp-block-group\"><div class=\"wp-block-group__inner-container is-layout-constrained wp-block-group-is-layout-constrained\">\n<a href=\"https:\/\/help.unhcr.org\/hungary\/hu\/partners\/hungarian-helsinki-committee\/\" style=\"text-decoration: none\">\n\n\n\n<div style=\"background-color:#E8E8E8;color:white;border-radius:10px;padding: 24px 24px 1px\">\n\n\n\n<figure class=\"wp-block-image size-full is-resized\"><img loading=\"lazy\" decoding=\"async\" width=\"100\" height=\"100\" src=\"https:\/\/help.unhcr.org\/hungary\/wp-content\/uploads\/sites\/86\/2024\/07\/callout_hhc.png\" alt=\"\" class=\"wp-image-20671\" style=\"width:70px\" \/><\/figure>\n\n\n\n<div style=\"height:14px\" aria-hidden=\"true\" class=\"wp-block-spacer\"><\/div>\n\n\n\n<p class=\"has-black-color has-text-color has-link-color has-medium-font-size wp-elements-0e3d7cfcf9bf39b6fe9efe7c1c596034\"><strong>Ide kattintva l\u00e9phet kapcsolatba a Magyar Helsinki Bizotts\u00e1ggal<\/strong>, akik az Ukrajn\u00e1b\u00f3l menek\u00fclt szem\u00e9lyek v\u00e9delm\u00e9vel kapcsolatban, bele\u00e9rtve a Magyarorsz\u00e1gra val\u00f3 beutaz\u00e1st \u00e9s az ideiglenes v\u00e9delem megszerz\u00e9s\u00e9t; a csal\u00e1degyes\u00edt\u00e9sben; a rossz b\u00e1n\u00e1sm\u00f3d, er\u0151szak vagy vissza\u00e9l\u00e9s bejelent\u00e9s\u00e9ben; \u00e9s a gy\u0171l\u00f6let-b\u0171ncselekm\u00e9nyek kezel\u00e9s\u00e9ben tudnak seg\u00edts\u00e9get ny\u00fajtani.<\/p>\n\n\n\n<\/div><\/a>\n<\/div><\/div>\n\n\n\n<p><\/p>\n","protected":false},"excerpt":{"rendered":"<p>EZEN AZ OLDALON: \u2022 Csal\u00e1degyes\u00edt\u00e9s menek\u00fcltk\u00e9nt vagy oltalmazottk\u00e9nt\u2022 Csal\u00e1degyes\u00edt\u00e9s mened\u00e9kk\u00e9r\u0151k\u00e9nt Csal\u00e1degyes\u00edt\u00e9s menek\u00fcltk\u00e9nt vagy oltalmazottk\u00e9nt Csal\u00e1degyes\u00edt\u00e9sre val\u00f3 jogosults\u00e1g menek\u00fcltk\u00e9nt vagy oltalmazottk\u00e9nt Ha \u00d6n menek\u00fclt vagy oltalmazott, lehet\u0151s\u00e9ge van csal\u00e1dtagjait Magyarorsz\u00e1gra hozni, vagy egy m\u00e1sik EU-tag\u00e1llamban csatlakozni hozz\u00e1juk. Felh\u00edvjuk figyelm\u00e9t, hogy a csal\u00e1degyes\u00edt\u00e9s \u00f6sszetett folyamat, ez\u00e9rt tan\u00e1csos jogi seg\u00edts\u00e9get \u00e9s tan\u00e1csad\u00e1st k\u00e9rni. Magyarorsz\u00e1gon menek\u00fcltk\u00e9nt vagy oltalmazottk\u00e9nt az [&hellip;]<\/p>\n","protected":false},"author":347,"featured_media":0,"parent":20544,"menu_order":4,"comment_status":"closed","ping_status":"closed","template":"","meta":{"_acf_changed":false,"footnotes":""},"class_list":["post-20559","page","type-page","status-publish","hentry"],"acf":[],"_links":{"self":[{"href":"https:\/\/help.unhcr.org\/hungary\/hu\/wp-json\/wp\/v2\/pages\/20559","targetHints":{"allow":["GET"]}}],"collection":[{"href":"https:\/\/help.unhcr.org\/hungary\/hu\/wp-json\/wp\/v2\/pages"}],"about":[{"href":"https:\/\/help.unhcr.org\/hungary\/hu\/wp-json\/wp\/v2\/types\/page"}],"author":[{"embeddable":true,"href":"https:\/\/help.unhcr.org\/hungary\/hu\/wp-json\/wp\/v2\/users\/347"}],"replies":[{"embeddable":true,"href":"https:\/\/help.unhcr.org\/hungary\/hu\/wp-json\/wp\/v2\/comments?post=20559"}],"version-history":[{"count":154,"href":"https:\/\/help.unhcr.org\/hungary\/hu\/wp-json\/wp\/v2\/pages\/20559\/revisions"}],"predecessor-version":[{"id":45049,"href":"https:\/\/help.unhcr.org\/hungary\/hu\/wp-json\/wp\/v2\/pages\/20559\/revisions\/45049"}],"up":[{"embeddable":true,"href":"https:\/\/help.unhcr.org\/hungary\/hu\/wp-json\/wp\/v2\/pages\/20544"}],"wp:attachment":[{"href":"https:\/\/help.unhcr.org\/hungary\/hu\/wp-json\/wp\/v2\/media?parent=20559"}],"curies":[{"name":"wp","href":"https:\/\/api.w.org\/{rel}","templated":true}]}}