{"id":20549,"date":"2024-06-05T17:27:03","date_gmt":"2024-06-05T17:27:03","guid":{"rendered":"https:\/\/help.unhcr.org\/hungary\/new\/asylum\/citizenship\/"},"modified":"2025-07-10T13:02:38","modified_gmt":"2025-07-10T13:02:38","slug":"acquiring-citizenship","status":"publish","type":"page","link":"https:\/\/help.unhcr.org\/hungary\/hu\/asylum\/acquiring-citizenship\/","title":{"rendered":"Az \u00e1llampolg\u00e1rs\u00e1g megszerz\u00e9se"},"content":{"rendered":"\n\n<p class=\"has-medium-font-size\"><strong>EZEN AZ OLDALON:<\/strong><br>\n<strong>\u2022 <a href=\"#a-magyar-allampolgarsag-megszerzesenek-feltetelei\">A magyar \u00e1llampolg\u00e1rs\u00e1g megszerz\u00e9s\u00e9nek felt\u00e9telei<\/a><\/strong><br><strong>\u2022 <a href=\"#allampolgarsag-igenylesenek-folyamata\">\u00c1llampolg\u00e1rs\u00e1g ig\u00e9nyl\u00e9s\u00e9nek folyamata<\/a><\/strong><br>\n<\/p>\n\n <hr class=\"has-alpha-channel-opacity is-style-default\" \/>\n\n<p class=\"has-medium-font-size\">A mened\u00e9kjogot ny\u00fajt\u00f3 orsz\u00e1gban az \u00e1llampolg\u00e1rs\u00e1g k\u00e9relmez\u00e9s\u00e9nek \u00e9s megszerz\u00e9s\u00e9nek folyamat\u00e1t  honos\u00edt\u00e1snak nevezik. Ezen az oldalon \u00e1ttekint\u00e9st kap a magyarorsz\u00e1gi honos\u00edt\u00e1si folyamatr\u00f3l, kiemelve a felt\u00e9teleket, a kiv\u00e9teleket \u00e9s a k\u00e9relmez\u00e9si elj\u00e1r\u00e1sokat.<\/p>\n\n\n<h2 id=\"a-magyar-allampolgarsag-megszerzesenek-feltetelei\" class=\"wp-block-heading\"><strong>A magyar \u00e1llampolg\u00e1rs\u00e1g megszerz\u00e9s\u00e9nek felt\u00e9telei<\/strong><\/h2>\n\n\n<p class=\"has-medium-font-size\">Az \u00e1llampolg\u00e1rs\u00e1g ig\u00e9nyl\u00e9se \u00f6sszetett elj\u00e1r\u00e1s, t\u00f6bb krit\u00e9riumnak is meg kell felelnie. Az elj\u00e1r\u00e1sr\u00f3l <a href=\"https:\/\/xn--magyarorszg-t7a.hu\/szuf_ugyleiras?id=475114d4-7333-4190-8353-19dad2b0e942\">itt<\/a> tal\u00e1lhat hivatalos t\u00e1j\u00e9koztat\u00e1st . A magyar \u00e1llampolg\u00e1rs\u00e1g megszerz\u00e9s\u00e9hez nem kell lemondania kor\u00e1bbi \u00e1llampolg\u00e1rs\u00e1g\u00e1r\u00f3l.<\/p>\n\n\n<h3 class=\"wp-block-heading\"><strong>Az \u00e1llampolg\u00e1rs\u00e1g megszerz\u00e9se menek\u00fcltk\u00e9nt \u00e9s hontalank\u00e9nt, valamint a gyors\u00edtott elj\u00e1r\u00e1s egy\u00e9b indokai<\/strong><\/h3>\n\n\n<p class=\"has-medium-font-size\">Ha \u00d6n menek\u00fclt st\u00e1tusszal rendelkezik, vagy hontalannak ismert\u00e9k el, vagy legal\u00e1bb h\u00e1rom \u00e9ve vagy enn\u00e9l hosszabb ideje h\u00e1zass\u00e1gban \u00e9l magyar \u00e1llampolg\u00e1rral (vagy h\u00e1zast\u00e1rsa hal\u00e1la miatt sz\u0171nt meg a h\u00e1zass\u00e1ga), vagy magyar \u00e1llampolg\u00e1rs\u00e1ggal rendelkez\u0151 kiskor\u00fa gyermeke van, vagy magyar \u00e1llampolg\u00e1r fogadta \u00f6r\u00f6kbe, \u00e9s m\u00e1r nagykor\u00fa, h\u00e1rom \u00e9v folyamatos magyarorsz\u00e1gi tart\u00f3zkod\u00e1s ut\u00e1n gyors\u00edtott elj\u00e1r\u00e1sban k\u00e9rheti honos\u00edt\u00e1s\u00e1t az al\u00e1bbiakban felsorolt \u200b\u200btov\u00e1bbi el\u0151felt\u00e9telek mellett.<\/p>\n\n\n<p class=\"has-medium-font-size\">Ezen t\u00falmen\u0151en, 19. sz\u00fclet\u00e9snapja el\u0151tt az al\u00e1bbi esetekben ny\u00fajthat be honos\u00edt\u00e1si nyilatkozatot Magyarorsz\u00e1g k\u00f6zt\u00e1rsas\u00e1gi eln\u00f6k\u00e9hez:<\/p>\n\n\n<ul class=\"has-medium-font-size wp-block-list\">\n<li class=\"has-medium-font-size\">Ha Magyarorsz\u00e1gon sz\u00fcletett, \u00e9s sz\u00fclet\u00e9sekor nem szerezte meg sz\u00fclei \u00e1llampolg\u00e1rs\u00e1g\u00e1t k\u00fclf\u00f6ldi jog alapj\u00e1n, ha sz\u00fclet\u00e9se napj\u00e1n sz\u00fclei magyarorsz\u00e1gi lak\u00f3hellyel rendelkeztek, \u00e9s \u00d6n legal\u00e1bb \u00f6t \u00e9ve Magyarorsz\u00e1g ter\u00fclet\u00e9n lakik k\u00f6zvetlen\u00fcl a nyilatkozat megt\u00e9tel\u00e9t megel\u0151z\u0151en. <\/li>\n\n<li class=\"has-medium-font-size\">Ha Magyarorsz\u00e1gon sz\u00fcletett \u00e9s hontalann\u00e1 v\u00e1lt, ha legal\u00e1bb \u00f6t \u00e9ve Magyarorsz\u00e1gon ter\u00fclet\u00e9n lakik k\u00f6zvetlen\u00fcl a nyilatkozat megt\u00e9tel\u00e9t megel\u0151z\u0151en.<\/li>\n<\/ul>\n\n<p class=\"has-medium-font-size\">Ha bizony\u00edtani tudja, hogy a fenti helyzetek valamelyike fenn\u00e1ll az \u00f6n eset\u00e9ben, nem kell m\u00e1s felt\u00e9telt teljes\u00edtenie a magyar \u00e1llampolg\u00e1rs\u00e1g megszerz\u00e9s\u00e9hez. A nyilatkozat elegend\u0151 lesz a honos\u00edt\u00e1shoz.<\/p>\n\n\n<h3 class=\"wp-block-heading\"><strong>Az \u00e1llampolg\u00e1rs\u00e1g megszerz\u00e9se oltalmazottk\u00e9t<\/strong><\/h3>\n\n\n<p class=\"has-medium-font-size\">Ha \u00d6n oltalmazotti st\u00e1tusszal rendelkezik, nem jogosult a gyors\u00edtott honos\u00edt\u00e1si elj\u00e1r\u00e1sra. Ehelyett a honos\u00edt\u00e1s \u00e1ltal\u00e1nos szab\u00e1lyai szerint k\u00e9rheti az \u00e1llampolg\u00e1rs\u00e1got (nyolc \u00e9v magyarorsz\u00e1gi tart\u00f3zkod\u00e1s ut\u00e1n, de bizonyos speci\u00e1lis esetekben h\u00e1rom vagy \u00f6t \u00e9v), az al\u00e1bbiakban eml\u00edtett k\u00f6vetelm\u00e9nyek teljes\u00edt\u00e9se mellett.<\/p>\n\n\n<h3 class=\"wp-block-heading\"><strong>Az \u00e1llampolg\u00e1rs\u00e1g ig\u00e9nyl\u00e9s\u00e9nek el\u0151felt\u00e9telei<\/strong><\/h3>\n\n\n<p class=\"has-medium-font-size\"><a id=\"_Hlk163725665\"><\/a>\u00d6n b\u00fcntetlen el\u0151\u00e9let\u0171, \u00e9s Magyarorsz\u00e1gon nem folyik \u00d6n ellen b\u00fcntet\u0151elj\u00e1r\u00e1s, lakhat\u00e1sa \u00e9s meg\u00e9lhet\u00e9se biztos\u00edtott, honos\u00edt\u00e1sa nem vesz\u00e9lyezteti sem a nemzetbiztons\u00e1got, sem a k\u00f6zbiztons\u00e1got (err\u0151l \u00e1llami szerv d\u00f6nt).<\/p>\n\n\n<p class=\"has-medium-font-size\">Alkotm\u00e1nyos alapismeretekb\u0151l is le kell tennie a vizsg\u00e1t magyar nyelven, kiv\u00e9ve, ha az al\u00e1bbi felt\u00e9telek b\u00e1rmelyike \u200b\u200bfenn\u00e1ll az \u00f6n eset\u00e9ben:<\/p>\n\n\n<ul class=\"has-medium-font-size wp-block-list\">\n<li class=\"has-medium-font-size\">Ha \u00d6n gyermek, vagy olyan szem\u00e9ly, akinek cselekv\u0151k\u00e9pess\u00e9g\u00e9t a b\u00edr\u00f3s\u00e1g korl\u00e1tozta az \u00e1llampolg\u00e1rs\u00e1gi \u00fcgyekkel kapcsolatban, vagy ha cselekv\u0151k\u00e9ptelen.<\/li>\n\n<li class=\"has-medium-font-size\">Ha \u00d6n hazai oktat\u00e1si int\u00e9zm\u00e9nyben vagy fels\u0151oktat\u00e1si int\u00e9zm\u00e9nyben v\u00e9gzetts\u00e9get szerzett  magyar nyelven.<\/li>\n\n<li class=\"has-medium-font-size\">Ha \u00d6n 60 \u00e9vn\u00e9l id\u0151sebb, amikor \u00e1llampolg\u00e1rs\u00e1gi k\u00e9relm\u00e9t beny\u00fajtja.<\/li>\n\n<li class=\"has-medium-font-size\">Ha \u00d6n (orvosi igazol\u00e1ssal) igazolja, hogy eg\u00e9szs\u00e9gi \u00e1llapota akad\u00e1lyozza a sikeres vizsga let\u00e9tel\u00e9t.<\/li>\n<\/ul>\n\n<h3 class=\"wp-block-heading\"><strong>\u00c1llampolg\u00e1rs\u00e1g megszerz\u00e9se gyermekk\u00e9nt<\/strong><\/h3>\n\n\n<p class=\"has-medium-font-size\">Amig az ellenkez\u0151je be nem bizonyosodik, a gyermekek magyar \u00e1llampolg\u00e1rnak min\u0151s\u00fclnek az al\u00e1bbi esetekben:<\/p>\n\n\n<ul class=\"has-medium-font-size wp-block-list\">\n<li class=\"has-medium-font-size\">Magyarorsz\u00e1gon lak\u00f3hellyel rendelkez\u0151 hontalan szem\u00e9lyek gyermekek\u00e9nt sz\u00fclettek.<\/li>\n\n<li class=\"has-medium-font-size\">Ismeretlen sz\u00fcl\u0151kt\u0151l sz\u00fclettek, \u00e9s Magyarorsz\u00e1gon tal\u00e1ltak r\u00e1juk.<\/li>\n<\/ul>\n\n<p class=\"has-medium-font-size\">A magyar \u00e1llampolg\u00e1r gyermeke sz\u00fclet\u00e9se szerint magyar \u00e1llampolg\u00e1rnak min\u0151s\u00fcl.<\/p>\n\n\n<p class=\"has-medium-font-size\">A gyermek honos\u00edt\u00e1s\u00e1hoz mindk\u00e9t sz\u00fcl\u0151 beleegyez\u00e9se sz\u00fcks\u00e9ges. A sz\u00fcl\u0151 hozz\u00e1j\u00e1rul\u00e1sa az ig\u00e9nyl\u0151 lap hat\u00f3s\u00e1g jelenl\u00e9t\u00e9ben t\u00f6rt\u00e9n\u0151 al\u00e1\u00edr\u00e1s\u00e1val, illetve a hat\u00f3s\u00e1g vagy a jegyz\u0151 el\u0151tt tett nyilatkozattal adhat\u00f3. A magyart\u00f3l elt\u00e9r\u0151 nyelv\u0171 beleegyez\u0151 nyilatkozatot csak magyar nyelv\u0171 ford\u00edt\u00e1ssal egy\u00fctt fogadj\u00e1k el.<\/p>\n\n\n<p class=\"has-medium-font-size\">Kedvezm\u00e9nyes felt\u00e9telekkel honos\u00edthat\u00f3 az a gyermek, akit magyar \u00e1llampolg\u00e1r fogadott \u00f6r\u00f6kbe, tart\u00f3zkod\u00e1si hely\u00e9t\u0151l f\u00fcggetlen\u00fcl.<\/p>\n\n\n<p class=\"has-medium-font-size\">A folyamatos magyarorsz\u00e1gi tart\u00f3zkod\u00e1s felt\u00e9tel\u00e9t\u0151l el lehet tekinteni, ha a gyermek honos\u00edt\u00e1si k\u00e9relm\u00e9t a sz\u00fcl\u0151 k\u00e9relm\u00e9vel egy\u00fctt ny\u00fajtja be, vagy ha sz\u00fcl\u0151je magyar \u00e1llampolg\u00e1rs\u00e1got szerzett.<\/p>\n\n\n<h3 class=\"wp-block-heading\"><strong>Az \u00e1llampolg\u00e1rs\u00e1g megszerz\u00e9se magyar felmen\u0151kkel rendelkez\u0151k eset\u00e9ben <\/strong><\/h3>\n\n\n<p class=\"has-medium-font-size\">Kedvezm\u00e9nyes honos\u00edt\u00e1sban r\u00e9szes\u00fclhet, ha felmen\u0151je magyar \u00e1llampolg\u00e1r volt, vagy val\u00f3sz\u00edn\u0171s\u00edti magyarorsz\u00e1gi sz\u00e1rmaz\u00e1s\u00e1t \u00e9s igazolja magyar nyelvtud\u00e1s\u00e1t. Az elj\u00e1r\u00e1sr\u00f3l <a href=\"https:\/\/xn--magyarorszg-t7a.hu\/szuf_ugyleiras?id=262d9e2f-3ea8-493d-87eb-d1f81d1498cb\">itt<\/a> tal\u00e1lhat hivatalos t\u00e1j\u00e9koztat\u00e1st . <\/p>\n\n\n<p class=\"has-medium-font-size\">Ebben az esetben k\u00f6teles bemutatni felmen\u0151i egykori magyar \u00e1llampolg\u00e1rs\u00e1g\u00e1t igazol\u00f3 vagy meg\u00e1llap\u00edt\u00f3 dokumentumokat.<\/p>\n\n\n<p class=\"has-medium-font-size\">A lesz\u00e1rmaz\u00e1si l\u00e1ncnak nyomon k\u00f6vethet\u0151nek kell lennie. Vagyis nem elegend\u0151 p\u00e9ld\u00e1ul a d\u00e9dnagyapja sz\u00fclet\u00e9si anyak\u00f6nyvi kivonat\u00e1t csatolni, hanem a k\u00f6ztes el\u0151d\u00f6k (p\u00e9ld\u00e1ul apja \u00e9s nagyapja) igazol\u00e1s\u00e1t is. Ha valamelyik hozz\u00e1tartoz\u00f3ja m\u00e1r megszerezte az \u00e1llampolg\u00e1rs\u00e1got egyszer\u0171s\u00edtett honos\u00edt\u00e1ssal, akkor nem kell \u00fajb\u00f3l beny\u00fajtania a sz\u00e1rmaz\u00e1si igazol\u00e1sokat, hanem csak a honos\u00edtott adatait (n\u00e9v, sz\u00fclet\u00e9si hely \u00e9s id\u0151), esetleg honos\u00edt\u00e1si bizony\u00edtv\u00e1ny\u00e1nak m\u00e1solat\u00e1t.<\/p>\n\n\n<h2 id=\"allampolgarsag-igenylesenek-folyamata\" class=\"wp-block-heading\"><strong>\u00c1llampolg\u00e1rs\u00e1g ig\u00e9nyl\u00e9s\u00e9nek folyamata<\/strong><\/h2>\n\n\n<p class=\"has-medium-font-size\">Az \u00e1llampolg\u00e1rs\u00e1g ig\u00e9nyl\u00e9s\u00e9hez szem\u00e9lyesen is beny\u00fajthatja k\u00e9relm\u00e9t az al\u00e1bbi el\u00e9rhet\u0151s\u00e9gek egyik\u00e9n:<\/p>\n\n\n<ul class=\"has-medium-font-size wp-block-list\">\n<li class=\"has-medium-font-size\">J\u00e1r\u00e1si hivatalban.<\/li>\n\n<li class=\"has-medium-font-size\">Integr\u00e1lt \u00fcgyf\u00e9lszolg\u00e1lati irod\u00e1ban.<\/li>\n\n<li class=\"has-medium-font-size\">Magyar konzul\u00e1tuson (ha k\u00fclf\u00f6ld\u00f6n tart\u00f3zkodik).<\/li>\n<\/ul>\n\n<p class=\"has-medium-font-size\">Jelentkez\u00e9skor a k\u00e9rv\u00e9nyt magyar nyelven kell beny\u00fajtani. Gy\u0151z\u0151dj\u00f6n meg arr\u00f3l, hogy a k\u00f6vetkez\u0151 dokumentumokat csatolta a k\u00e9rv\u00e9ny\u00e9hez:<\/p>\n\n\n<ul class=\"has-medium-font-size wp-block-list\">\n<li class=\"has-medium-font-size\">Sz\u00fclet\u00e9si anyak\u00f6nyvi kivonat.<\/li>\n\n<li class=\"has-medium-font-size\">Csal\u00e1di \u00e1llapotot \u00e9s rokons\u00e1got igazol\u00f3 bizony\u00edtv\u00e1nyok (p\u00e9ld\u00e1ul h\u00e1zass\u00e1gi anyak\u00f6nyvi kivonat).<\/li>\n\n<li class=\"has-medium-font-size\">Minden olyan hivatalos dokumentum, amely igazolja a fentebb r\u00e9szletezett k\u00f6vetelm\u00e9nyek teljes\u00edt\u00e9s\u00e9t.<\/li>\n<\/ul>\n\n<p class=\"has-medium-font-size\">K\u00fclf\u00f6ldi dokumentumok beny\u00fajt\u00e1sa eset\u00e9n ne felejtse el beny\u00fajtani azok hiteles magyar ford\u00edt\u00e1s\u00e1t \u00e9s diplom\u00e1ciai hiteles\u00edt\u00e9s\u00e9t. H\u00e1zast\u00e1rs\u00e1val \u00e9s\/vagy gyermekeivel k\u00f6z\u00f6s k\u00e9relmet is beny\u00fajthat. <\/p>\n\n\n<div class=\"wp-block-group\"><div class=\"wp-block-group__inner-container is-layout-constrained wp-block-group-is-layout-constrained\">\n<a href=\"https:\/\/help.unhcr.org\/hungary\/hu\/partners\/hungarian-helsinki-committee\/\" style=\"text-decoration: none\">\n\n\n\n<div style=\"background-color:#E8E8E8;color:white;border-radius:10px;padding: 24px 24px 1px\">\n\n\n\n<figure class=\"wp-block-image size-full is-resized\"><img loading=\"lazy\" decoding=\"async\" width=\"100\" height=\"100\" src=\"https:\/\/help.unhcr.org\/hungary\/wp-content\/uploads\/sites\/86\/2024\/07\/callout_hhc.png\" alt=\"\" class=\"wp-image-20671\" style=\"width:70px\" \/><\/figure>\n\n\n\n<div style=\"height:14px\" aria-hidden=\"true\" class=\"wp-block-spacer\"><\/div>\n\n\n\n<p class=\"has-black-color has-text-color has-link-color has-medium-font-size wp-elements-0e3d7cfcf9bf39b6fe9efe7c1c596034\"><strong>Ide kattintva l\u00e9phet kapcsolatba a Magyar Helsinki Bizotts\u00e1ggal<\/strong>, akik az Ukrajn\u00e1b\u00f3l menek\u00fclt szem\u00e9lyek v\u00e9delm\u00e9vel kapcsolatban, bele\u00e9rtve a Magyarorsz\u00e1gra val\u00f3 beutaz\u00e1st \u00e9s az ideiglenes v\u00e9delem megszerz\u00e9s\u00e9t; a csal\u00e1degyes\u00edt\u00e9sben; a rossz b\u00e1n\u00e1sm\u00f3d, er\u0151szak vagy vissza\u00e9l\u00e9s bejelent\u00e9s\u00e9ben; \u00e9s a gy\u0171l\u00f6let-b\u0171ncselekm\u00e9nyek kezel\u00e9s\u00e9ben tudnak seg\u00edts\u00e9get ny\u00fajtani.<\/p>\n\n\n\n<\/div><\/a>\n<\/div><\/div>\n\n\n\n<p><\/p>\n","protected":false},"excerpt":{"rendered":"<p>EZEN AZ OLDALON: \u2022 A magyar \u00e1llampolg\u00e1rs\u00e1g megszerz\u00e9s\u00e9nek felt\u00e9telei\u2022 \u00c1llampolg\u00e1rs\u00e1g ig\u00e9nyl\u00e9s\u00e9nek folyamata A mened\u00e9kjogot ny\u00fajt\u00f3 orsz\u00e1gban az \u00e1llampolg\u00e1rs\u00e1g k\u00e9relmez\u00e9s\u00e9nek \u00e9s megszerz\u00e9s\u00e9nek folyamat\u00e1t honos\u00edt\u00e1snak nevezik. Ezen az oldalon \u00e1ttekint\u00e9st kap a magyarorsz\u00e1gi honos\u00edt\u00e1si folyamatr\u00f3l, kiemelve a felt\u00e9teleket, a kiv\u00e9teleket \u00e9s a k\u00e9relmez\u00e9si elj\u00e1r\u00e1sokat. A magyar \u00e1llampolg\u00e1rs\u00e1g megszerz\u00e9s\u00e9nek felt\u00e9telei Az \u00e1llampolg\u00e1rs\u00e1g ig\u00e9nyl\u00e9se \u00f6sszetett elj\u00e1r\u00e1s, t\u00f6bb krit\u00e9riumnak is [&hellip;]<\/p>\n","protected":false},"author":347,"featured_media":0,"parent":20544,"menu_order":2,"comment_status":"closed","ping_status":"closed","template":"","meta":{"_acf_changed":false,"footnotes":""},"class_list":["post-20549","page","type-page","status-publish","hentry"],"acf":[],"_links":{"self":[{"href":"https:\/\/help.unhcr.org\/hungary\/hu\/wp-json\/wp\/v2\/pages\/20549","targetHints":{"allow":["GET"]}}],"collection":[{"href":"https:\/\/help.unhcr.org\/hungary\/hu\/wp-json\/wp\/v2\/pages"}],"about":[{"href":"https:\/\/help.unhcr.org\/hungary\/hu\/wp-json\/wp\/v2\/types\/page"}],"author":[{"embeddable":true,"href":"https:\/\/help.unhcr.org\/hungary\/hu\/wp-json\/wp\/v2\/users\/347"}],"replies":[{"embeddable":true,"href":"https:\/\/help.unhcr.org\/hungary\/hu\/wp-json\/wp\/v2\/comments?post=20549"}],"version-history":[{"count":159,"href":"https:\/\/help.unhcr.org\/hungary\/hu\/wp-json\/wp\/v2\/pages\/20549\/revisions"}],"predecessor-version":[{"id":45029,"href":"https:\/\/help.unhcr.org\/hungary\/hu\/wp-json\/wp\/v2\/pages\/20549\/revisions\/45029"}],"up":[{"embeddable":true,"href":"https:\/\/help.unhcr.org\/hungary\/hu\/wp-json\/wp\/v2\/pages\/20544"}],"wp:attachment":[{"href":"https:\/\/help.unhcr.org\/hungary\/hu\/wp-json\/wp\/v2\/media?parent=20549"}],"curies":[{"name":"wp","href":"https:\/\/api.w.org\/{rel}","templated":true}]}}