{"id":20544,"date":"2024-06-05T17:19:12","date_gmt":"2024-06-05T17:19:12","guid":{"rendered":"https:\/\/help.unhcr.org\/hungary\/new\/asylum\/"},"modified":"2025-07-10T13:05:23","modified_gmt":"2025-07-10T13:05:23","slug":"asylum","status":"publish","type":"page","link":"https:\/\/help.unhcr.org\/hungary\/hu\/asylum\/","title":{"rendered":"Mened\u00e9kjog Magyarorsz\u00e1gon"},"content":{"rendered":"\n\n<div class=\"wp-block-group is-nowrap is-layout-flex wp-container-core-group-is-layout-ad2f72ca wp-block-group-is-layout-flex\">\n\n<figure class=\"wp-block-image size-full is-resized wp-container-content-e1bb55cb\"><a href=\"https:\/\/help.unhcr.org\/hungary\/hu\/asylum\/applying-for-asylum\/\"><img decoding=\"async\" src=\"https:\/\/help.unhcr.org\/hungary\/wp-content\/uploads\/sites\/86\/2024\/07\/Reserved_ImageAttachment_5_Cover6_asylum2_11.png\" alt=\"\" class=\"wp-image-18227\" style=\"width:50px\" \/><\/a><\/figure>\n\n\n\n<p class=\"has-medium-font-size wp-container-content-9cfa9a5a\"><strong><a href=\"https:\/\/help.unhcr.org\/hungary\/hu\/asylum\/applying-for-asylum\/\" data-id=\"18729\" data-type=\"page\">Mened\u00e9kjog k\u00e9relmez\u00e9se<\/a><\/strong><\/p>\n\n<\/div>\n \n<hr class=\"has-alpha-channel-opacity is-style-default\" \/>\n\n<div class=\"wp-block-group is-nowrap is-layout-flex wp-container-core-group-is-layout-ad2f72ca wp-block-group-is-layout-flex\">\n\n<figure class=\"wp-block-image size-full is-resized wp-container-content-e1bb55cb\"><a href=\"https:\/\/help.unhcr.org\/hungary\/hu\/asylum\/acquiring-citizenship\/\"><img decoding=\"async\" src=\"https:\/\/help.unhcr.org\/hungary\/wp-content\/uploads\/sites\/86\/2024\/05\/Reserved_ImageAttachment_5_Cover11_citizenship2_22.png\" alt=\"\" class=\"wp-image-18227\" style=\"width:50px\" \/><\/a><\/figure>\n\n\n\n<p class=\"has-medium-font-size wp-container-content-9cfa9a5a\"><strong><a href=\"https:\/\/help.unhcr.org\/hungary\/hu\/asylum\/acquiring-citizenship\/\" data-id=\"18729\" data-type=\"page\">Az \u00e1llampolg\u00e1rs\u00e1g megszerz\u00e9se<\/a><\/strong><\/p>\n\n<\/div>\n \n<hr class=\"has-alpha-channel-opacity is-style-default\" \/>\n\n<div class=\"wp-block-group is-nowrap is-layout-flex wp-container-core-group-is-layout-ad2f72ca wp-block-group-is-layout-flex\">\n\n<figure class=\"wp-block-image size-full is-resized wp-container-content-e1bb55cb\"><a href=\"https:\/\/help.unhcr.org\/hungary\/hu\/asylum\/status-review\/\"><img decoding=\"async\" src=\"https:\/\/help.unhcr.org\/hungary\/wp-content\/uploads\/sites\/86\/2024\/05\/Reserved_ImageAttachment_5_Cover13_status-review2_19.png\" alt=\"\" class=\"wp-image-18227\" style=\"width:50px\" \/><\/a><\/figure>\n\n\n\n<p class=\"has-medium-font-size wp-container-content-9cfa9a5a\"><strong><a href=\"https:\/\/help.unhcr.org\/hungary\/hu\/asylum\/status-review\/\" data-id=\"18729\" data-type=\"page\">St\u00e1tusz fel\u00fclvizsg\u00e1lata<\/a><\/strong><\/p>\n\n<\/div>\n \n<hr class=\"has-alpha-channel-opacity is-style-default\" \/>\n\n<div class=\"wp-block-group is-nowrap is-layout-flex wp-container-core-group-is-layout-ad2f72ca wp-block-group-is-layout-flex\">\n\n<figure class=\"wp-block-image size-full is-resized wp-container-content-e1bb55cb\"><a href=\"https:\/\/help.unhcr.org\/hungary\/hu\/asylum\/family-reunification\/\"><img decoding=\"async\" src=\"https:\/\/help.unhcr.org\/hungary\/wp-content\/uploads\/sites\/86\/2024\/05\/Reserved_ImageAttachment_5_Cover13_reunification2_20.png\" alt=\"\" class=\"wp-image-18227\" style=\"width:50px\" \/><\/a><\/figure>\n\n\n\n<p class=\"has-medium-font-size wp-container-content-9cfa9a5a\"><strong><a href=\"https:\/\/help.unhcr.org\/hungary\/hu\/asylum\/family-reunification\/\" data-id=\"18729\" data-type=\"page\">Mened\u00e9kk\u00e9r\u0151k csal\u00e1degyes\u00edt\u00e9se<\/a><\/strong><\/p>\n\n<\/div>\n \n<hr class=\"has-alpha-channel-opacity is-style-default\" \/>\n\n<div class=\"wp-block-group is-nowrap is-layout-flex wp-container-core-group-is-layout-ad2f72ca wp-block-group-is-layout-flex\">\n\n<figure class=\"wp-block-image size-full is-resized wp-container-content-e1bb55cb\"><a href=\"https:\/\/help.unhcr.org\/hungary\/hu\/asylum\/support-and-services\/\"><img decoding=\"async\" src=\"https:\/\/help.unhcr.org\/hungary\/wp-content\/uploads\/sites\/86\/2024\/05\/Reserved_ImageAttachment_5_Cover7_support2_19.png\" alt=\"\" class=\"wp-image-18227\" style=\"width:50px\" \/><\/a><\/figure>\n\n\n\n<p class=\"has-medium-font-size wp-container-content-9cfa9a5a\"><strong><a href=\"https:\/\/help.unhcr.org\/hungary\/hu\/asylum\/support-and-services\/\" data-id=\"18729\" data-type=\"page\">El\u00e9rhet\u0151 t\u00e1mogat\u00e1sok \u00e9s szolg\u00e1ltat\u00e1sok\u00a0<\/a><\/strong><\/p>\n\n<\/div>\n \n","protected":false},"excerpt":{"rendered":"<p>Mened\u00e9kjog k\u00e9relmez\u00e9se Az \u00e1llampolg\u00e1rs\u00e1g megszerz\u00e9se St\u00e1tusz fel\u00fclvizsg\u00e1lata Mened\u00e9kk\u00e9r\u0151k csal\u00e1degyes\u00edt\u00e9se El\u00e9rhet\u0151 t\u00e1mogat\u00e1sok \u00e9s szolg\u00e1ltat\u00e1sok\u00a0<\/p>\n","protected":false},"author":347,"featured_media":0,"parent":0,"menu_order":7,"comment_status":"closed","ping_status":"closed","template":"","meta":{"_acf_changed":false,"footnotes":""},"class_list":["post-20544","page","type-page","status-publish","hentry"],"acf":[],"_links":{"self":[{"href":"https:\/\/help.unhcr.org\/hungary\/hu\/wp-json\/wp\/v2\/pages\/20544","targetHints":{"allow":["GET"]}}],"collection":[{"href":"https:\/\/help.unhcr.org\/hungary\/hu\/wp-json\/wp\/v2\/pages"}],"about":[{"href":"https:\/\/help.unhcr.org\/hungary\/hu\/wp-json\/wp\/v2\/types\/page"}],"author":[{"embeddable":true,"href":"https:\/\/help.unhcr.org\/hungary\/hu\/wp-json\/wp\/v2\/users\/347"}],"replies":[{"embeddable":true,"href":"https:\/\/help.unhcr.org\/hungary\/hu\/wp-json\/wp\/v2\/comments?post=20544"}],"version-history":[{"count":185,"href":"https:\/\/help.unhcr.org\/hungary\/hu\/wp-json\/wp\/v2\/pages\/20544\/revisions"}],"predecessor-version":[{"id":45157,"href":"https:\/\/help.unhcr.org\/hungary\/hu\/wp-json\/wp\/v2\/pages\/20544\/revisions\/45157"}],"wp:attachment":[{"href":"https:\/\/help.unhcr.org\/hungary\/hu\/wp-json\/wp\/v2\/media?parent=20544"}],"curies":[{"name":"wp","href":"https:\/\/api.w.org\/{rel}","templated":true}]}}