{"id":20539,"date":"2024-06-05T20:14:03","date_gmt":"2024-06-05T20:14:03","guid":{"rendered":"https:\/\/help.unhcr.org\/hungary\/new\/budapest-helps\/"},"modified":"2025-07-10T13:02:19","modified_gmt":"2025-07-10T13:02:19","slug":"budapest-helps","status":"publish","type":"page","link":"https:\/\/help.unhcr.org\/hungary\/hu\/budapest-helps\/","title":{"rendered":"Budapest HELPS! k\u00f6z\u00f6ss\u00e9gi k\u00f6zpont"},"content":{"rendered":"\n<div class=\"wp-block-group\"><div class=\"wp-block-group__inner-container is-layout-constrained wp-block-group-is-layout-constrained\">\n<a href=\"https:\/\/help.unhcr.org\/hungary\/hu\/asylum\/\" style=\"text-decoration: none\">\n\n\n\n<div style=\"background-color:#FCF366;color:white;border-radius:10px;padding: 30px 24px 1px\">\n\n\n\n<p class=\"has-black-color has-text-color has-link-color has-medium-font-size wp-elements-080beabd8b69db7f740227ff038c26b9\"><strong>Ez az oldal az Ukrajn\u00e1b\u00f3l Magyarorsz\u00e1gra menek\u00fcl\u0151k sz\u00e1m\u00e1ra k\u00e9sz\u00fclt.<\/strong> Ha egy m\u00e1sik orsz\u00e1gb\u00f3l szeretne mened\u00e9kjogot k\u00e9rni, k\u00e9rj\u00fck, kattintson ide tov\u00e1bbi inform\u00e1ci\u00f3k\u00e9rt.<\/p>\n\n\n\n<\/div><\/a>\n<\/div><\/div>\n\n\n\n<p><\/p>\n\n\n<p class=\"has-medium-font-size\"><strong>EZEN AZ OLDALON:<\/strong><br>\n<strong>\u2022 <a href=\"#milyen-informaciokat-kaphat-a-kozpontban\">Milyen inform\u00e1ci\u00f3kat kaphat a K\u00f6zpontban?<\/a><\/strong><br><strong>\u2022 <a href=\"#milyen-tipusu-tevekenysegeket-kinal-a-kozpont\">Milyen t\u00edpus\u00fa tev\u00e9kenys\u00e9geket k\u00edn\u00e1l a K\u00f6zpont?<\/a><\/strong><br><strong>\u2022 <a href=\"#hogyan-lehet-reszt-venni-a-programokban\">Hogyan lehet r\u00e9szt venni a programokban?<\/a><\/strong><br>\n<\/p>\n\n <hr class=\"has-alpha-channel-opacity is-style-default\" \/>\n\n<p class=\"has-medium-font-size\">\u201cBudapest Helps!\u201d Inform\u00e1ci\u00f3s \u00e9s K\u00f6z\u00f6ss\u00e9gi K\u00f6zpont biztons\u00e1gos \u00e9s kellemes hely, ahol n\u0151k, f\u00e9rfiak, fi\u00fak \u00e9s l\u00e1nyok tal\u00e1lkozhatnak, hogy fontos inform\u00e1ci\u00f3kat kapjanak szakk\u00e9pzett tan\u00e1csad\u00f3kt\u00f3l, r\u00e9szt vegyenek programokban \u00e9s tanfolyamokon, pihenjenek \u00e9s t\u00e1rsas\u00e1gi \u00e9letet \u00e9ljenek.<\/p>\n\n\n<p class=\"has-medium-font-size\">A K\u00f6zpontban olyan inform\u00e1ci\u00f3khoz juthat, valamint olyan kultur\u00e1lis \u00e9s oktat\u00e1si programokban vehet r\u00e9szt, amelyek el\u0151seg\u00edtik az alkalmazkod\u00e1st az \u00faj orsz\u00e1gban, s azt, hogy j\u00f3l \u00e9rezze mag\u00e1t.<\/p>\n\n\n<p class=\"has-medium-font-size\"><strong>Besz\u00e9lt nyelvek<\/strong>\u00a0<br \/>Magyar, ukr\u00e1n, angol, orosz\u00a0<\/p>\n\n\n<p class=\"has-medium-font-size\"><strong>C\u00edm<\/strong>\u00a0<br \/>Budapest, 1052, B\u00e1rczy Istv\u00e1n utca 1 -3.\u00a0<\/p>\n\n\n<div class=\"wp-block-group\"><div class=\"wp-block-group__inner-container is-layout-constrained wp-block-group-is-layout-constrained\">\n<div style=\"background-color:#b9dfff;color:white;border-radius:10px;padding: 24px 24px 4px\">\n\n\n\n<figure class=\"wp-block-image size-full is-resized\"><img loading=\"lazy\" decoding=\"async\" width=\"100\" height=\"100\" src=\"https:\/\/help.unhcr.org\/hungary\/wp-content\/uploads\/sites\/86\/2024\/06\/callout_rcc-1.png\" alt=\"\" class=\"wp-image-18970\" style=\"width:70px\" \/><\/figure>\n\n\n\n<div style=\"height:14px\" aria-hidden=\"true\" class=\"wp-block-spacer\"><\/div>\n\n\n\n<p class=\"has-black-color has-text-color has-link-color has-medium-font-size wp-elements-e1e1581f5ef08b553a198e2f5feea1cb\">Tov\u00e1bbi inform\u00e1ci\u00f3k\u00e9rt, valamint visszajelz\u00e9s\u00e9vel vagy panasz\u00e1val h\u00edvja a <strong>UNHCR Menek\u00fclt\u00fcgyi Seg\u00e9lyvonal\u00e1t<\/strong> a <strong><a href=\"tel:+36 80 984 583\">+36 80 984 583<\/a>\u200b<\/strong> telefonsz\u00e1mon (h\u00e9tf\u0151t\u0151l p\u00e9ntekig, 08:00 \u2013 17:00 k\u00f6z\u00f6tt) ukr\u00e1n, orosz, magyar \u00e9s angol nyelven, vagy keressen minket e-mailen a <a href=\"mailto:hunbucontact@unhcr.org\">hunbucontact@unhcr.org<\/a> c\u00edmen.<\/p>\n\n\n\n<\/div>\n<\/div><\/div>\n\n<h2 id=\"milyen-informaciokat-kaphat-a-kozpontban\" class=\"wp-block-heading\"><strong>Milyen inform\u00e1ci\u00f3kat kaphat a K\u00f6zpontban?<\/strong><\/h2>\n\n\n<ul class=\"has-medium-font-size wp-block-list\">\n<li class=\"has-medium-font-size\">A hat\u00e1r\u00e1tl\u00e9p\u00e9ssel kapcsolatos probl\u00e9m\u00e1kr\u00f3l;<\/li>\n\n<li class=\"has-medium-font-size\">A mened\u00e9kes st\u00e1tuszr\u00f3l, jogi probl\u00e9m\u00e1kr\u00f3l;<\/li>\n\n<li class=\"has-medium-font-size\">Sz\u00e1ll\u00e1sr\u00f3l \u00e9s foglalkoztat\u00e1sr\u00f3l;<\/li>\n\n<li class=\"has-medium-font-size\">Eg\u00e9szs\u00e9g\u00fcgyr\u0151l, oktat\u00e1sr\u00f3l, k\u00f6zleked\u00e9sr\u0151l stb.<\/li>\n<\/ul>\n\n<h2 id=\"milyen-tipusu-tevekenysegeket-kinal-a-kozpont\" class=\"wp-block-heading\"><strong>Milyen t\u00edpus\u00fa tev\u00e9kenys\u00e9geket k\u00edn\u00e1l a K\u00f6zpont?<\/strong><\/h2>\n\n\n<ul class=\"has-medium-font-size wp-block-list\">\n<li class=\"has-medium-font-size\">Magyar \u00e9s angol nyelvtanfolyamokat gyerekeknek \u00e9s feln\u0151tteknek;<\/li>\n\n<li class=\"has-medium-font-size\">Pszichol\u00f3giai foglalkoz\u00e1sokat gyerekeknek, tin\u00e9dzsereknek \u00e9s feln\u0151tteknek;<\/li>\n\n<li class=\"has-medium-font-size\">M\u0171v\u00e9szeti mesterkurzusokat (fest\u00e9s, h\u00edmz\u00e9s, k\u00e9zimunka);<\/li>\n\n<li class=\"has-medium-font-size\">J\u00f3ga, hangf\u00fcrd\u0151k;<\/li>\n\n<li class=\"has-medium-font-size\">Zene \u00e9s k\u00fcl\u00f6nleges esem\u00e9nyek.<\/li>\n<\/ul>\n\n<h2 id=\"hogyan-lehet-reszt-venni-a-programokban\" class=\"wp-block-heading\"><strong>Hogyan lehet r\u00e9szt venni a programokban?\u00a0<\/strong><\/h2>\n\n\n<p class=\"has-medium-font-size\">Egyes programok t\u00f6bb h\u00f3napig is tartanak, ez\u00e9rt a regisztr\u00e1ci\u00f3t \u00e9vente t\u00f6bbsz\u00f6r \u00fajraind\u00edtj\u00e1k. A legt\u00f6bb programhoz azonban hetente lehet csatlakozni. K\u00e9rj\u00fck, csatlakozzon az <a href=\"https:\/\/t.me\/UNHCR_Hungary\">UNHCR Telegram<\/a> &#8211; hoz, hogy t\u00e1j\u00e9koztat\u00e1st kapjon az aktu\u00e1lis programokr\u00f3l!<\/p>\n\n\n<p class=\"has-medium-font-size\"><strong>A t\u00e1j\u00e9koztat\u00e1s \u00e9s a r\u00e9szv\u00e9tel minden rendezv\u00e9nyen ingyenes!<\/strong><\/p>\n\n\n\n<figure class=\"wp-block-image size-large\">\n<img loading=\"lazy\" decoding=\"async\" width=\"1600\" height=\"551\" src=\"https:\/\/help.unhcr.org\/hungary\/wp-content\/uploads\/sites\/86\/2024\/07\/66a33fe4c1f2f821e9ec78be13e2d1867c53ace110feca6db804f88499a6ae23.jpg\" alt=\"\" class=\"wp-image-20818\" srcset=\"https:\/\/help.unhcr.org\/hungary\/wp-content\/uploads\/sites\/86\/2024\/07\/66a33fe4c1f2f821e9ec78be13e2d1867c53ace110feca6db804f88499a6ae23.jpg 1600w, https:\/\/help.unhcr.org\/hungary\/wp-content\/uploads\/sites\/86\/2024\/07\/66a33fe4c1f2f821e9ec78be13e2d1867c53ace110feca6db804f88499a6ae23-300x103.jpg 300w, https:\/\/help.unhcr.org\/hungary\/wp-content\/uploads\/sites\/86\/2024\/07\/66a33fe4c1f2f821e9ec78be13e2d1867c53ace110feca6db804f88499a6ae23-1024x353.jpg 1024w, https:\/\/help.unhcr.org\/hungary\/wp-content\/uploads\/sites\/86\/2024\/07\/66a33fe4c1f2f821e9ec78be13e2d1867c53ace110feca6db804f88499a6ae23-768x264.jpg 768w, https:\/\/help.unhcr.org\/hungary\/wp-content\/uploads\/sites\/86\/2024\/07\/66a33fe4c1f2f821e9ec78be13e2d1867c53ace110feca6db804f88499a6ae23-1536x529.jpg 1536w\" sizes=\"auto, (max-width: 1600px) 100vw, 1600px\" \/><\/figure>\n<br \/><br \/><\/p>","protected":false},"excerpt":{"rendered":"<p>EZEN AZ OLDALON: \u2022 Milyen inform\u00e1ci\u00f3kat kaphat a K\u00f6zpontban?\u2022 Milyen t\u00edpus\u00fa tev\u00e9kenys\u00e9geket k\u00edn\u00e1l a K\u00f6zpont?\u2022 Hogyan lehet r\u00e9szt venni a programokban? \u201cBudapest Helps!\u201d Inform\u00e1ci\u00f3s \u00e9s K\u00f6z\u00f6ss\u00e9gi K\u00f6zpont biztons\u00e1gos \u00e9s kellemes hely, ahol n\u0151k, f\u00e9rfiak, fi\u00fak \u00e9s l\u00e1nyok tal\u00e1lkozhatnak, hogy fontos inform\u00e1ci\u00f3kat kapjanak szakk\u00e9pzett tan\u00e1csad\u00f3kt\u00f3l, r\u00e9szt vegyenek programokban \u00e9s tanfolyamokon, pihenjenek \u00e9s t\u00e1rsas\u00e1gi \u00e9letet \u00e9ljenek. A [&hellip;]<\/p>\n","protected":false},"author":347,"featured_media":0,"parent":0,"menu_order":6,"comment_status":"closed","ping_status":"closed","template":"","meta":{"_acf_changed":false,"footnotes":""},"class_list":["post-20539","page","type-page","status-publish","hentry"],"acf":[],"_links":{"self":[{"href":"https:\/\/help.unhcr.org\/hungary\/hu\/wp-json\/wp\/v2\/pages\/20539","targetHints":{"allow":["GET"]}}],"collection":[{"href":"https:\/\/help.unhcr.org\/hungary\/hu\/wp-json\/wp\/v2\/pages"}],"about":[{"href":"https:\/\/help.unhcr.org\/hungary\/hu\/wp-json\/wp\/v2\/types\/page"}],"author":[{"embeddable":true,"href":"https:\/\/help.unhcr.org\/hungary\/hu\/wp-json\/wp\/v2\/users\/347"}],"replies":[{"embeddable":true,"href":"https:\/\/help.unhcr.org\/hungary\/hu\/wp-json\/wp\/v2\/comments?post=20539"}],"version-history":[{"count":176,"href":"https:\/\/help.unhcr.org\/hungary\/hu\/wp-json\/wp\/v2\/pages\/20539\/revisions"}],"predecessor-version":[{"id":45015,"href":"https:\/\/help.unhcr.org\/hungary\/hu\/wp-json\/wp\/v2\/pages\/20539\/revisions\/45015"}],"wp:attachment":[{"href":"https:\/\/help.unhcr.org\/hungary\/hu\/wp-json\/wp\/v2\/media?parent=20539"}],"curies":[{"name":"wp","href":"https:\/\/api.w.org\/{rel}","templated":true}]}}