{"id":20531,"date":"2024-06-05T20:07:30","date_gmt":"2024-06-05T20:07:30","guid":{"rendered":"https:\/\/help.unhcr.org\/hungary\/new\/pets\/"},"modified":"2025-07-10T13:01:47","modified_gmt":"2025-07-10T13:01:47","slug":"pets","status":"publish","type":"page","link":"https:\/\/help.unhcr.org\/hungary\/hu\/pets\/","title":{"rendered":"H\u00e1zi kedvencek"},"content":{"rendered":"\n<div class=\"wp-block-group\"><div class=\"wp-block-group__inner-container is-layout-constrained wp-block-group-is-layout-constrained\">\n<a href=\"https:\/\/help.unhcr.org\/hungary\/hu\/asylum\/\" style=\"text-decoration: none\">\n\n\n\n<div style=\"background-color:#FCF366;color:white;border-radius:10px;padding: 30px 24px 1px\">\n\n\n\n<p class=\"has-black-color has-text-color has-link-color has-medium-font-size wp-elements-080beabd8b69db7f740227ff038c26b9\"><strong>Ez az oldal az Ukrajn\u00e1b\u00f3l Magyarorsz\u00e1gra menek\u00fcl\u0151k sz\u00e1m\u00e1ra k\u00e9sz\u00fclt.<\/strong> Ha egy m\u00e1sik orsz\u00e1gb\u00f3l szeretne mened\u00e9kjogot k\u00e9rni, k\u00e9rj\u00fck, kattintson ide tov\u00e1bbi inform\u00e1ci\u00f3k\u00e9rt.<\/p>\n\n\n\n<\/div><\/a>\n<\/div><\/div>\n\n\n\n<p><\/p>\n\n\n<p class=\"has-medium-font-size\"><strong>EZEN AZ OLDALON:<\/strong><br>\n<strong>\u2022 <a href=\"#a-hazi-kedvencek-magyarorszagra-hozatalanak-kovetelmenyei\">A h\u00e1zi kedvencek Magyarorsz\u00e1gra hozatal\u00e1nak k\u00f6vetelm\u00e9nyei<\/a><\/strong><br><strong>\u2022 <a href=\"#mas-hazi-kedvencek\">M\u00e1s h\u00e1zi kedvencek<\/a><\/strong><br><strong>\u2022 <a href=\"#behozatali-korlatozasok\">Behozatali korl\u00e1toz\u00e1sok<\/a><\/strong><br><strong>\u2022 <a href=\"#hazi-kedvencek-visszaszallitasa-ukrajnaba\">H\u00e1zi kedvencek visszasz\u00e1ll\u00edt\u00e1sa Ukrajn\u00e1ba<\/a><\/strong><br><strong>\u2022 <a href=\"#allatorvosi-rendelok-es-allatkereskedesek-keresese\">\u00c1llatorvosi rendel\u0151k \u00e9s \u00e1llatkeresked\u00e9sek keres\u00e9se<\/a><\/strong><br>\n<\/p>\n\n <hr class=\"has-alpha-channel-opacity is-style-default\" \/>\n\n<p class=\"has-medium-font-size\">2023. j\u00fanius 1-t\u0151l Magyarorsz\u00e1g vissza\u00e1ll\u00edtotta a gazd\u00e1jukkal utaz\u00f3 kuty\u00e1k, macsk\u00e1k \u00e9s g\u00f6r\u00e9nyek bel\u00e9ptet\u00e9s\u00e9re vonatkoz\u00f3 eur\u00f3pai uni\u00f3s ellen\u0151rz\u00e9si szab\u00e1lyokat. Ez a m\u00f3dos\u00edt\u00e1s mind az \u00e1llatok, mind a helyi lakoss\u00e1g biztons\u00e1g\u00e1t \u00e9s eg\u00e9szs\u00e9g\u00e9t hivatott biztos\u00edtani.<\/p>\n\n\n<h2 id=\"a-hazi-kedvencek-magyarorszagra-hozatalanak-kovetelmenyei\" class=\"wp-block-heading\"><strong>A h\u00e1zi kedvencek Magyarorsz\u00e1gra hozatal\u00e1nak k\u00f6vetelm\u00e9nyei<\/strong><\/h2>\n\n\n<p class=\"has-medium-font-size\">2023. j\u00fanius 1-t\u0151l Ukrajn\u00e1b\u00f3l csak olyan h\u00e1zi kedvencek vihet\u0151k be Magyarorsz\u00e1gra, akik megfelelnek az el\u0151\u00edrt \u00e1llateg\u00e9szs\u00e9g\u00fcgyi k\u00f6vetelm\u00e9nyeknek. Ezek a k\u00f6vetelm\u00e9nyek a k\u00f6vetkez\u0151k:<\/p>\n\n\n<ul class=\"has-medium-font-size wp-block-list\">\n<li class=\"has-medium-font-size\"><strong>Mikrochipjel\u00f6l\u00e9s<\/strong>: Azonos\u00edt\u00e1s c\u00e9lj\u00e1b\u00f3l a h\u00e1zi kedvencnek rendelkeznie kell mikrochippel.<\/li>\n\n<li class=\"has-medium-font-size\"><strong>\u00c9rv\u00e9nyes veszetts\u00e9g elleni v\u00e9d\u0151olt\u00e1s<\/strong>: gy\u0151z\u0151dj\u00f6n meg arr\u00f3l, hogy h\u00e1zi kedvence \u00e9rv\u00e9nyes veszetts\u00e9g elleni olt\u00e1ssal rendelkezik.<\/li>\n\n<li class=\"has-medium-font-size\">\u201e<strong>Pozit\u00edv\u201d veszetts\u00e9gi titer vizsg\u00e1lat<\/strong>: A \u201epozit\u00edv\u201d veszetts\u00e9gi titer vizsg\u00e1lat k\u00f6telez\u0151. Az 576\/2013\/EU rendelet IV. mell\u00e9klete szerint ennek a vizsg\u00e1latnak \u00e9rv\u00e9nyesnek kell lennie. A vizsg\u00e1lathoz sz\u00fcks\u00e9ges v\u00e9rmint\u00e1t \u00e1llatorvosnak kell levennie a veszetts\u00e9g elleni v\u00e9d\u0151olt\u00e1s bead\u00e1sa ut\u00e1n legal\u00e1bb 30 nappal. Ezt az azonos\u00edt\u00f3 okm\u00e1nyban is r\u00f6gz\u00edteni kell. A titer vizsg\u00e1latot az EU \u00e1ltal hiteles\u00edtett  laborat\u00f3riumban kell elv\u00e9gezni.<\/li>\n\n<li class=\"has-medium-font-size\"><strong>H\u00e1rom h\u00f3napos v\u00e1rakoz\u00e1si id\u0151<\/strong>: kedvez\u0151 v\u00e9rv\u00e9teli eredm\u00e9ny ut\u00e1n h\u00e1rom h\u00f3napos v\u00e1rakoz\u00e1si id\u0151 k\u00f6telez\u0151. Ez az id\u0151szak a v\u00e9rv\u00e9tel napj\u00e1t\u00f3l kezd\u0151dik. A pozit\u00edv v\u00e9rvizsg\u00e1lati eredm\u00e9ny igazol\u00e1s\u00e1t az azonos\u00edt\u00f3 okm\u00e1nyon fel kell t\u00fcntetni.<\/li>\n<\/ul>\n\n<h2 id=\"mas-hazi-kedvencek\" class=\"wp-block-heading\"><strong>M\u00e1s h\u00e1zi kedvencek<\/strong><\/h2>\n\n\n<p class=\"has-medium-font-size\">Magyarorsz\u00e1gra m\u00e1s h\u00e1zi kedvenceket is behozhat, p\u00e9ld\u00e1ul nyulat, h\u00f6rcs\u00f6g\u00f6t, legu\u00e1nt \u00e9s madarat (papag\u00e1j). Az ilyen h\u00e1zi kedvencek eset\u00e9ben leegyszer\u0171s\u00f6dik a folyamat, csup\u00e1n <a href=\"https:\/\/portal.nebih.gov.hu\/documents\/10182\/51531346\/Regisztracio+-+Ukrajna+-+Hun_Ukr.docx\/bc62de2d-3a0d-592c-4afc-50fed42a2066?t=1646924974236\">regisztr\u00e1ci\u00f3s \u0171rlap<\/a> kit\u00f6lt\u00e9se sz\u00fcks\u00e9ges. B\u00e1r az \u0171rlapon els\u0151sorban kuty\u00e1k, macsk\u00e1k \u00e9s g\u00f6r\u00e9nyek vannak felsorolva, \u00fcgyeljen arra, hogy a lehet\u0151 legt\u00f6bb fontos inform\u00e1ci\u00f3t adjon meg a kedvenc\u00e9r\u0151l, \u00e9s hagyja \u00fcresen a nem fontos rovatokat, p\u00e9ld\u00e1ul azt, amelyik r\u00e1k\u00e9rdez a h\u00f6rcs\u00f6g mikrochipsz\u00e1m\u00e1ra.<\/p>\n\n\n<h2 id=\"behozatali-korlatozasok\" class=\"wp-block-heading\"><strong>Behozatali korl\u00e1toz\u00e1sok<\/strong><\/h2>\n\n\n<p class=\"has-medium-font-size\">\u00d6tn\u00e9l t\u00f6bb h\u00e1zi kedvenc behozatala megengedett, felt\u00e9ve, hogy nem befogad\u00e1si vagy gazdas\u00e1gi c\u00e9lokra sz\u00e1nj\u00e1k \u0151ket. P\u00e9ld\u00e1ul elfogadhat\u00f3 az, ha nyolc kuty\u00e1ja van, \u00e9s vissza k\u00edv\u00e1nja vinni \u0151ket Ukrajn\u00e1ba. Ha azonban \u00f6tn\u00e9l t\u00f6bb h\u00e1zi kedvenccel utazik, akkor c\u00e9lszer\u0171 ig\u00e9nybe venni a Csap \u2013 Z\u00e1hony k\u00f6z\u00fati hat\u00e1r\u00e1tkel\u0151t, ahol \u00e1lland\u00f3 jelleggel m\u0171k\u00f6d\u0151 \u00e1llatorvosi oszt\u00e1ly miatt kedvez\u0151bbek a felt\u00e9telek az ellen\u0151rz\u00e9sekhez.<\/p>\n\n\n<h2 id=\"hazi-kedvencek-visszaszallitasa-ukrajnaba\" class=\"wp-block-heading\"><strong>H\u00e1zi kedvencek visszasz\u00e1ll\u00edt\u00e1sa Ukrajn\u00e1ba<\/strong><\/h2>\n\n\n<p class=\"has-medium-font-size\">Az Eur\u00f3pai Bizotts\u00e1g t\u00e1j\u00e9koztat\u00e1sa szerint azok a kuty\u00e1k, macsk\u00e1k \u00e9s g\u00f6r\u00e9nyek, akik 2022. febru\u00e1r 24. ut\u00e1n hagyt\u00e1k el Ukrajn\u00e1t gazd\u00e1ikkal, visszat\u00e9rhetnek Ukrajn\u00e1ba. Gy\u0151z\u0151dj\u00f6n meg arr\u00f3l, hogy rendelkezik h\u00e1zi kedvencei megfelel\u0151 azonos\u00edt\u00e1s\u00e1t igazol\u00f3 dokumentumokkal \u00e9s a veszetts\u00e9g elleni olt\u00e1s igazol\u00e1s\u00e1val. Ha tov\u00e1bbi inform\u00e1ci\u00f3ra van sz\u00fcks\u00e9ge, l\u00e1togasson el az <a href=\"https:\/\/portal.nebih.gov.hu\/ua-pet\">\u00c1llateg\u00e9szs\u00e9g\u00fcgyi Hat\u00f3s\u00e1g weboldal\u00e1ra<\/a>.<\/p>\n\n\n<h2 id=\"allatorvosi-rendelok-es-allatkereskedesek-keresese\" class=\"wp-block-heading\"><strong>\u00c1llatorvosi rendel\u0151k \u00e9s \u00e1llatkeresked\u00e9sek keres\u00e9se<\/strong><\/h2>\n\n\n<p class=\"has-medium-font-size\">K\u00f6nnyen megtal\u00e1lhatja a k\u00f6zeli \u00e1llatorvosi rendel\u0151ket, ha r\u00e1keres a Google T\u00e9rk\u00e9pen az \u201e\u00e1llatorvosi rendel\u0151\u201d kifejez\u00e9sre. Hasonl\u00f3k\u00e9ppen keressen r\u00e1 az \u201e\u00e1llatbolt\u201d kifejez\u00e9sre, ha \u00e1llatkeresked\u00e9st keres, vagy \u201e\u00e1llatorvosi gy\u00f3gyszert\u00e1r\u201d kifejez\u00e9sre, ha \u00e1llatpatik\u00e1t keres.<\/p>\n\n","protected":false},"excerpt":{"rendered":"<p>EZEN AZ OLDALON: \u2022 A h\u00e1zi kedvencek Magyarorsz\u00e1gra hozatal\u00e1nak k\u00f6vetelm\u00e9nyei\u2022 M\u00e1s h\u00e1zi kedvencek\u2022 Behozatali korl\u00e1toz\u00e1sok\u2022 H\u00e1zi kedvencek visszasz\u00e1ll\u00edt\u00e1sa Ukrajn\u00e1ba\u2022 \u00c1llatorvosi rendel\u0151k \u00e9s \u00e1llatkeresked\u00e9sek keres\u00e9se 2023. j\u00fanius 1-t\u0151l Magyarorsz\u00e1g vissza\u00e1ll\u00edtotta a gazd\u00e1jukkal utaz\u00f3 kuty\u00e1k, macsk\u00e1k \u00e9s g\u00f6r\u00e9nyek bel\u00e9ptet\u00e9s\u00e9re vonatkoz\u00f3 eur\u00f3pai uni\u00f3s ellen\u0151rz\u00e9si szab\u00e1lyokat. Ez a m\u00f3dos\u00edt\u00e1s mind az \u00e1llatok, mind a helyi lakoss\u00e1g biztons\u00e1g\u00e1t \u00e9s eg\u00e9szs\u00e9g\u00e9t [&hellip;]<\/p>\n","protected":false},"author":347,"featured_media":0,"parent":0,"menu_order":7,"comment_status":"closed","ping_status":"closed","template":"","meta":{"_acf_changed":false,"footnotes":""},"class_list":["post-20531","page","type-page","status-publish","hentry"],"acf":[],"_links":{"self":[{"href":"https:\/\/help.unhcr.org\/hungary\/hu\/wp-json\/wp\/v2\/pages\/20531","targetHints":{"allow":["GET"]}}],"collection":[{"href":"https:\/\/help.unhcr.org\/hungary\/hu\/wp-json\/wp\/v2\/pages"}],"about":[{"href":"https:\/\/help.unhcr.org\/hungary\/hu\/wp-json\/wp\/v2\/types\/page"}],"author":[{"embeddable":true,"href":"https:\/\/help.unhcr.org\/hungary\/hu\/wp-json\/wp\/v2\/users\/347"}],"replies":[{"embeddable":true,"href":"https:\/\/help.unhcr.org\/hungary\/hu\/wp-json\/wp\/v2\/comments?post=20531"}],"version-history":[{"count":179,"href":"https:\/\/help.unhcr.org\/hungary\/hu\/wp-json\/wp\/v2\/pages\/20531\/revisions"}],"predecessor-version":[{"id":44991,"href":"https:\/\/help.unhcr.org\/hungary\/hu\/wp-json\/wp\/v2\/pages\/20531\/revisions\/44991"}],"wp:attachment":[{"href":"https:\/\/help.unhcr.org\/hungary\/hu\/wp-json\/wp\/v2\/media?parent=20531"}],"curies":[{"name":"wp","href":"https:\/\/api.w.org\/{rel}","templated":true}]}}