{"id":20515,"date":"2024-06-05T19:54:56","date_gmt":"2024-06-05T19:54:56","guid":{"rendered":"https:\/\/help.unhcr.org\/hungary\/new\/reunification\/"},"modified":"2025-07-10T13:01:55","modified_gmt":"2025-07-10T13:01:55","slug":"family-reunification","status":"publish","type":"page","link":"https:\/\/help.unhcr.org\/hungary\/hu\/family-reunification\/","title":{"rendered":"Ukr\u00e1n \u00e1llampolg\u00e1rok csal\u00e1degyes\u00edt\u00e9se"},"content":{"rendered":"\n<div class=\"wp-block-group\"><div class=\"wp-block-group__inner-container is-layout-constrained wp-block-group-is-layout-constrained\">\n<a href=\"https:\/\/help.unhcr.org\/hungary\/hu\/asylum\/\" style=\"text-decoration: none\">\n\n\n\n<div style=\"background-color:#FCF366;color:white;border-radius:10px;padding: 30px 24px 1px\">\n\n\n\n<p class=\"has-black-color has-text-color has-link-color has-medium-font-size wp-elements-080beabd8b69db7f740227ff038c26b9\"><strong>Ez az oldal az Ukrajn\u00e1b\u00f3l Magyarorsz\u00e1gra menek\u00fcl\u0151k sz\u00e1m\u00e1ra k\u00e9sz\u00fclt.<\/strong> Ha egy m\u00e1sik orsz\u00e1gb\u00f3l szeretne mened\u00e9kjogot k\u00e9rni, k\u00e9rj\u00fck, kattintson ide tov\u00e1bbi inform\u00e1ci\u00f3k\u00e9rt.<\/p>\n\n\n\n<\/div><\/a>\n<\/div><\/div>\n\n\n\n<p><\/p>\n\n\n<p class=\"has-medium-font-size\"><strong>EZEN AZ OLDALON:<\/strong><br>\n<strong>\u2022 <a href=\"#csaladegyesites-ideiglenes-vedelemben-reszesulo-szemelykent\">Csal\u00e1degyes\u00edt\u00e9s ideiglenes v\u00e9delemben r\u00e9szes\u00fcl\u0151 szem\u00e9lyk\u00e9nt<\/a><\/strong><br><strong>\u2022 <a href=\"#csaladegyesites-a-befogadott-statuszu-szemelyek-szamara\">Csal\u00e1degyes\u00edt\u00e9s a befogadott st\u00e1tusz\u00fa szem\u00e9lyek sz\u00e1m\u00e1ra<\/a><\/strong><br><strong>\u2022 <a href=\"#letelepedesi-engedellyel-rendelkezo-ukran-allampolgarok-csaladegyesitese\">Leteleped\u00e9si enged\u00e9llyel rendelkez\u0151 ukr\u00e1n \u00e1llampolg\u00e1rok csal\u00e1degyes\u00edt\u00e9se<\/a><\/strong><br>\n<\/p>\n\n <hr class=\"has-alpha-channel-opacity is-style-default\" \/>\n\n<h2 id=\"csaladegyesites-ideiglenes-vedelemben-reszesulo-szemelykent\" class=\"wp-block-heading\"><strong>Csal\u00e1degyes\u00edt\u00e9s ideiglenes v\u00e9delemben r\u00e9szes\u00fcl\u0151 szem\u00e9lyk\u00e9nt <\/strong><\/h2>\n\n\n<h3 class=\"wp-block-heading\"><strong>Csal\u00e1degyes\u00edt\u00e9sre val\u00f3 jogosults\u00e1g azon csal\u00e1dtagok eset\u00e9ben, akik m\u00e9g nem r\u00e9szes\u00fcltek ideiglenes v\u00e9delemben<\/strong><\/h3>\n\n\n<p class=\"has-medium-font-size\">Ha \u00d6n Magyarorsz\u00e1gon ideiglenes v\u00e9delemben r\u00e9szes\u00fcl\u0151 ukr\u00e1n \u00e1llampolg\u00e1r, menek\u00fcltknek vagy hontalannak elismert szem\u00e9ly csal\u00e1dtagja, nem kell csal\u00e1degyes\u00edt\u00e9si k\u00e9relmet beny\u00fajtania. \u00d6n \u00f6n\u00e1ll\u00f3an beutazhat Magyarorsz\u00e1gra, \u00e9s itt csatlakozhat csal\u00e1dj\u00e1hoz.<\/p>\n\n\n<p class=\"has-medium-font-size\">A k\u00f6vetkez\u0151 szem\u00e9lyek min\u0151s\u00fclnek csal\u00e1dtagoknak:<\/p>\n\n\n<ul class=\"has-medium-font-size wp-block-list\">\n<li class=\"has-medium-font-size\">H\u00e1zast\u00e1rsak, bele\u00e9rtve az azonos nem\u0171 \u00e9lett\u00e1rsakat<\/li>\n\n<li class=\"has-medium-font-size\">Kiskor\u00fa gyermekek, bele\u00e9rtve az \u00f6r\u00f6kbefogadott gyermekeket is<\/li>\n\n<li class=\"has-medium-font-size\">M\u00e1s k\u00f6zeli hozz\u00e1tartoz\u00f3k, akik a Magyarorsz\u00e1gra menek\u00fcl\u00e9s el\u0151tt a csal\u00e1d r\u00e9szek\u00e9nt egy\u00fctt \u00e9ltek, \u00e9s akik teljesen vagy j\u00f3r\u00e9szt az ideiglenes v\u00e9delemben r\u00e9szes\u00fcl\u0151 szem\u00e9ly eltartottjai voltak.<\/li>\n<\/ul>\n\n<h3 class=\"wp-block-heading\"><strong>Jogosults\u00e1g a csal\u00e1degyes\u00edt\u00e9sre, ha csal\u00e1dtagja ideiglenes v\u00e9delmet kapott m\u00e1s EU-tag\u00e1llamban<\/strong><\/h3>\n\n\n<p class=\"has-medium-font-size\">Ha csal\u00e1dtagja ideiglenes v\u00e9delmet kapott egy m\u00e1sik EU-tag\u00e1llamban, v\u00e1laszthat, hogy Magyarorsz\u00e1gon vagy a m\u00e1sik EU-tag\u00e1llamban k\u00edv\u00e1n tart\u00f3zkodni, ahol csal\u00e1dtagja ideiglenes v\u00e9delmet \u00e9lvez. Ha abban az orsz\u00e1gban szeretne \u00e9lni, ahol a csal\u00e1d t\u00f6bbi tagja van, k\u00e9rj\u00fck, forduljon a c\u00e9lorsz\u00e1g hat\u00f3s\u00e1gaihoz \u00e9s\/vagy az ott jogi seg\u00edts\u00e9get ny\u00fajt\u00f3 civil szervezetekhez, \u00e9s \u00e9rdekl\u0151dj\u00f6n a lehet\u0151s\u00e9gekr\u0151l. <\/p>\n\n\n<h2 id=\"csaladegyesites-a-befogadott-statuszu-szemelyek-szamara\" class=\"wp-block-heading\"><strong>Csal\u00e1degyes\u00edt\u00e9s a befogadott st\u00e1tusz\u00fa szem\u00e9lyek sz\u00e1m\u00e1ra<\/strong><\/h2>\n\n\n<p class=\"has-medium-font-size\">Ha Magyarorsz\u00e1gon <a href=\"https:\/\/help.unhcr.org\/hungary\/hu\/asylum\/\">befogadott<\/a> st\u00e1tusszal rendelkezik, sajnos nem jogosult csal\u00e1degyes\u00edt\u00e9si elj\u00e1r\u00e1sra.<\/p>\n\n\n<h2 id=\"letelepedesi-engedellyel-rendelkezo-ukran-allampolgarok-csaladegyesitese\" class=\"wp-block-heading\"><strong>Leteleped\u00e9si enged\u00e9llyel rendelkez\u0151 ukr\u00e1n \u00e1llampolg\u00e1rok csal\u00e1degyes\u00edt\u00e9se<\/strong><\/h2>\n\n\n<p class=\"has-medium-font-size\">Ha \u00d6n ukr\u00e1n \u00e1llampolg\u00e1r, \u00e9s Magyarorsz\u00e1gon \u00e9l, \u00e9s rendelkezik az al\u00e1bbi tart\u00f3zkod\u00e1si enged\u00e9lyek valamelyik\u00e9vel:<\/p>\n\n\n<ul class=\"has-medium-font-size wp-block-list\">\n<li class=\"has-medium-font-size\">Magyar K\u00e1rtya, EU K\u00e9k K\u00e1rtya, V\u00e1llalaton bel\u00fcl \u00e1thelyezett, Kutat\u00f3, V\u00e1llalkoz\u00e1si K\u00e1rtya, Nemzeti K\u00e1rtya, Vend\u00e9gbefektet\u0151, Hivatalos c\u00e9lb\u00f3l, Munkasz\u00fcneti program keret\u00e9ben, Kik\u00fcldet\u00e9s, Orvosi ell\u00e1t\u00e1s, Nemzeti \u00e9rdekb\u0151l, Humanit\u00e1rius c\u00e9lb\u00f3l kiadott<\/li>\n\n<li class=\"has-medium-font-size\">Bev\u00e1ndorl\u00e1si enged\u00e9ly, \u00e1lland\u00f3 tart\u00f3zkod\u00e1si enged\u00e9ly, ideiglenes \u00e1lland\u00f3 tart\u00f3zkod\u00e1si enged\u00e9ly, nemzeti \u00e1lland\u00f3 tart\u00f3zkod\u00e1si enged\u00e9ly vagy EK \u00e1lland\u00f3 tart\u00f3zkod\u00e1si enged\u00e9ly (a kor\u00e1bbi bev\u00e1ndorl\u00e1si t\u00f6rv\u00e9ny alapj\u00e1n)<\/li>\n\n<li class=\"has-medium-font-size\">Ideiglenes tart\u00f3zkod\u00e1si k\u00e1rtya, nemzeti tart\u00f3zkod\u00e1si k\u00e1rtya vagy uni\u00f3s tart\u00f3zkod\u00e1si k\u00e1rtya<\/li>\n\n<li class=\"has-medium-font-size\">A szabad mozg\u00e1s jog\u00e1val rendelkez\u0151 szem\u00e9lyek sz\u00e1m\u00e1ra kiadott tart\u00f3zkod\u00e1si\/\u00e1lland\u00f3 tart\u00f3zkod\u00e1si\/hossz\u00fa t\u00e1v\u00fa tart\u00f3zkod\u00e1si k\u00e1rtya<\/li>\n\n<li class=\"has-medium-font-size\">Vagy magyar \u00e1llampolg\u00e1r<\/li>\n<\/ul>\n\n<p class=\"has-medium-font-size\">Csal\u00e1dtagjai sz\u00e1m\u00e1ra csal\u00e1degyes\u00edt\u00e9s c\u00e9lj\u00e1b\u00f3l tart\u00f3zkod\u00e1si enged\u00e9ly adhat\u00f3 ki.<\/p>\n\n\n<p class=\"has-medium-font-size\">A k\u00f6vetkez\u0151 szem\u00e9lyek min\u0151s\u00fclnek csal\u00e1dtagoknak:<\/p>\n\n\n<ul class=\"has-medium-font-size wp-block-list\">\n<li class=\"has-medium-font-size\">h\u00e1zast\u00e1rs<\/li>\n\n<li class=\"has-medium-font-size\">az \u00d6n vagy a h\u00e1zast\u00e1rsa kiskor\u00fa gyermekei, bele\u00e9rtve az \u00f6r\u00f6kbefogadott gyermekeket is<\/li>\n\n<li class=\"has-medium-font-size\">az \u00d6n vagy h\u00e1zast\u00e1rsa eltartott sz\u00fcl\u0151je<\/li>\n\n<li class=\"has-medium-font-size\">az \u00d6n vagy h\u00e1zast\u00e1rsa testv\u00e9re vagy k\u00f6zvetlen hozz\u00e1tartoz\u00f3ja, ha eg\u00e9szs\u00e9gi \u00e1llapota miatt nem tud gondoskodni \u00f6nmag\u00e1r\u00f3l<\/li>\n<\/ul>\n\n<p class=\"has-medium-font-size\"><strong>Ha \u00d6n az al\u00e1bbi tart\u00f3zkod\u00e1si enged\u00e9lyek egyik\u00e9vel rendelkezik, akkor nem jogosult a csal\u00e1degyes\u00edt\u00e9sre:<\/strong><\/p>\n\n\n<ul class=\"has-medium-font-size wp-block-list\">\n<li class=\"has-medium-font-size\">egy\u00e9ni v\u00e1llalkoz\u00f3 vend\u00e9gmunk\u00e1s, az enged\u00e9lyezett id\u0151tartam els\u0151 \u00e9v\u00e9ben<\/li>\n\n<li class=\"has-medium-font-size\">id\u00e9nyjelleggel foglalkoztatott<\/li>\n\n<li class=\"has-medium-font-size\">beruh\u00e1z\u00e1si projekt megval\u00f3s\u00edt\u00e1sa c\u00e9lj\u00e1b\u00f3l<\/li>\n\n<li class=\"has-medium-font-size\">foglalkoztat\u00e1si c\u00e9llal<\/li>\n\n<li class=\"has-medium-font-size\">vend\u00e9gmunk\u00e1s<\/li>\n\n<li class=\"has-medium-font-size\">Feh\u00e9r K\u00e1rtya<\/li>\n\n<li class=\"has-medium-font-size\">tanulm\u00e1nyi vagy k\u00e9pz\u00e9si c\u00e9lok<\/li>\n\n<li class=\"has-medium-font-size\">szakmai gyakorlat<\/li>\n\n<li class=\"has-medium-font-size\">\u00f6nk\u00e9ntes tev\u00e9kenys\u00e9g<\/li>\n<\/ul>\n","protected":false},"excerpt":{"rendered":"<p>EZEN AZ OLDALON: \u2022 Csal\u00e1degyes\u00edt\u00e9s ideiglenes v\u00e9delemben r\u00e9szes\u00fcl\u0151 szem\u00e9lyk\u00e9nt\u2022 Csal\u00e1degyes\u00edt\u00e9s a befogadott st\u00e1tusz\u00fa szem\u00e9lyek sz\u00e1m\u00e1ra\u2022 Leteleped\u00e9si enged\u00e9llyel rendelkez\u0151 ukr\u00e1n \u00e1llampolg\u00e1rok csal\u00e1degyes\u00edt\u00e9se Csal\u00e1degyes\u00edt\u00e9s ideiglenes v\u00e9delemben r\u00e9szes\u00fcl\u0151 szem\u00e9lyk\u00e9nt Csal\u00e1degyes\u00edt\u00e9sre val\u00f3 jogosults\u00e1g azon csal\u00e1dtagok eset\u00e9ben, akik m\u00e9g nem r\u00e9szes\u00fcltek ideiglenes v\u00e9delemben Ha \u00d6n Magyarorsz\u00e1gon ideiglenes v\u00e9delemben r\u00e9szes\u00fcl\u0151 ukr\u00e1n \u00e1llampolg\u00e1r, menek\u00fcltknek vagy hontalannak elismert szem\u00e9ly csal\u00e1dtagja, nem kell csal\u00e1degyes\u00edt\u00e9si [&hellip;]<\/p>\n","protected":false},"author":347,"featured_media":0,"parent":0,"menu_order":9,"comment_status":"closed","ping_status":"closed","template":"","meta":{"_acf_changed":false,"footnotes":""},"class_list":["post-20515","page","type-page","status-publish","hentry"],"acf":[],"_links":{"self":[{"href":"https:\/\/help.unhcr.org\/hungary\/hu\/wp-json\/wp\/v2\/pages\/20515","targetHints":{"allow":["GET"]}}],"collection":[{"href":"https:\/\/help.unhcr.org\/hungary\/hu\/wp-json\/wp\/v2\/pages"}],"about":[{"href":"https:\/\/help.unhcr.org\/hungary\/hu\/wp-json\/wp\/v2\/types\/page"}],"author":[{"embeddable":true,"href":"https:\/\/help.unhcr.org\/hungary\/hu\/wp-json\/wp\/v2\/users\/347"}],"replies":[{"embeddable":true,"href":"https:\/\/help.unhcr.org\/hungary\/hu\/wp-json\/wp\/v2\/comments?post=20515"}],"version-history":[{"count":179,"href":"https:\/\/help.unhcr.org\/hungary\/hu\/wp-json\/wp\/v2\/pages\/20515\/revisions"}],"predecessor-version":[{"id":44997,"href":"https:\/\/help.unhcr.org\/hungary\/hu\/wp-json\/wp\/v2\/pages\/20515\/revisions\/44997"}],"wp:attachment":[{"href":"https:\/\/help.unhcr.org\/hungary\/hu\/wp-json\/wp\/v2\/media?parent=20515"}],"curies":[{"name":"wp","href":"https:\/\/api.w.org\/{rel}","templated":true}]}}