{"id":20499,"date":"2024-06-05T19:38:22","date_gmt":"2024-06-05T19:38:22","guid":{"rendered":"https:\/\/help.unhcr.org\/hungary\/new\/mental-health\/"},"modified":"2025-07-10T13:01:25","modified_gmt":"2025-07-10T13:01:25","slug":"mental-health","status":"publish","type":"page","link":"https:\/\/help.unhcr.org\/hungary\/hu\/mental-health\/","title":{"rendered":"Ment\u00e1lhigi\u00e9n\u00e9s t\u00e1mogat\u00e1s ig\u00e9nybev\u00e9tele"},"content":{"rendered":"\n<div class=\"wp-block-group\"><div class=\"wp-block-group__inner-container is-layout-constrained wp-block-group-is-layout-constrained\">\n<a href=\"https:\/\/help.unhcr.org\/hungary\/hu\/asylum\/\" style=\"text-decoration: none\">\n\n\n\n<div style=\"background-color:#FCF366;color:white;border-radius:10px;padding: 30px 24px 1px\">\n\n\n\n<p class=\"has-black-color has-text-color has-link-color has-medium-font-size wp-elements-080beabd8b69db7f740227ff038c26b9\"><strong>Ez az oldal az Ukrajn\u00e1b\u00f3l Magyarorsz\u00e1gra menek\u00fcl\u0151k sz\u00e1m\u00e1ra k\u00e9sz\u00fclt.<\/strong> Ha egy m\u00e1sik orsz\u00e1gb\u00f3l szeretne mened\u00e9kjogot k\u00e9rni, k\u00e9rj\u00fck, kattintson ide tov\u00e1bbi inform\u00e1ci\u00f3k\u00e9rt.<\/p>\n\n\n\n<\/div><\/a>\n<\/div><\/div>\n\n\n\n<p><\/p>\n\n\n\n<p class=\"has-medium-font-size\">Ha depresszi\u00f3snak vagy levertnek \u00e9rzi mag\u00e1t, gyors hangulatingadoz\u00e1sokat vagy \u00e1lmatlans\u00e1got tapasztal, \u00f6ngyilkoss\u00e1gi gondolatai vannak stb. esetleg trauma k\u00f6vetkezt\u00e9ben, akkor k\u00e9rhet t\u00e1mogat\u00e1st a <a href=\"https:\/\/help.unhcr.org\/hungary\/hu\/partners\/cordelia-foundation-for-the-rehabilitation-of-torture-victims\/\">Cordelia Alap\u00edtv\u00e1nyt\u00f3l<\/a> vagy a <a href=\"https:\/\/help.unhcr.org\/hungary\/hu\/partners\/sectors\/mental-health-psychosocial-support\/\">Ment\u00e1lis Eg\u00e9szs\u00e9g \u00e9s Pszichoszoci\u00e1lis T\u00e1mogat\u00e1s<\/a> oldalon felsorolt \u200b\u200bpartnereink egyik\u00e9t\u0151l.<\/p>\n\n\n<p class=\"has-medium-font-size\">Arra is b\u00e1tor\u00edtjuk, hogy l\u00e1togasson el az <a href=\"https:\/\/ifightdepression.com\/en\/\"><strong>ifightdepression.com<\/strong><\/a> weboldalra, ahol hozz\u00e1f\u00e9rhet a V\u00e9geken Eg\u00e9szs\u00e9gl\u00e9lektani Alap\u00edtv\u00e1ny \u00e1ltal kifejlesztett ingyenes, felhaszn\u00e1l\u00f3bar\u00e1t \u00e9s vezetett \u00f6nseg\u00edt\u0151 <a href=\"https:\/\/tool.ifightdepression.com\/en_ad\/login\"><strong>iFightDepression eszk\u00f6zh\u00f6z<\/strong><\/a>. Ez az eszk\u00f6z ukr\u00e1n \u00e9s orosz nyelven is el\u00e9rhet\u0151.<\/p>\n\n","protected":false},"excerpt":{"rendered":"<p>Ha depresszi\u00f3snak vagy levertnek \u00e9rzi mag\u00e1t, gyors hangulatingadoz\u00e1sokat vagy \u00e1lmatlans\u00e1got tapasztal, \u00f6ngyilkoss\u00e1gi gondolatai vannak stb. esetleg trauma k\u00f6vetkezt\u00e9ben, akkor k\u00e9rhet t\u00e1mogat\u00e1st a Cordelia Alap\u00edtv\u00e1nyt\u00f3l vagy a Ment\u00e1lis Eg\u00e9szs\u00e9g \u00e9s Pszichoszoci\u00e1lis T\u00e1mogat\u00e1s oldalon felsorolt \u200b\u200bpartnereink egyik\u00e9t\u0151l. Arra is b\u00e1tor\u00edtjuk, hogy l\u00e1togasson el az ifightdepression.com weboldalra, ahol hozz\u00e1f\u00e9rhet a V\u00e9geken Eg\u00e9szs\u00e9gl\u00e9lektani Alap\u00edtv\u00e1ny \u00e1ltal kifejlesztett ingyenes, felhaszn\u00e1l\u00f3bar\u00e1t \u00e9s [&hellip;]<\/p>\n","protected":false},"author":347,"featured_media":0,"parent":0,"menu_order":5,"comment_status":"closed","ping_status":"closed","template":"","meta":{"_acf_changed":false,"footnotes":""},"class_list":["post-20499","page","type-page","status-publish","hentry"],"acf":[],"_links":{"self":[{"href":"https:\/\/help.unhcr.org\/hungary\/hu\/wp-json\/wp\/v2\/pages\/20499","targetHints":{"allow":["GET"]}}],"collection":[{"href":"https:\/\/help.unhcr.org\/hungary\/hu\/wp-json\/wp\/v2\/pages"}],"about":[{"href":"https:\/\/help.unhcr.org\/hungary\/hu\/wp-json\/wp\/v2\/types\/page"}],"author":[{"embeddable":true,"href":"https:\/\/help.unhcr.org\/hungary\/hu\/wp-json\/wp\/v2\/users\/347"}],"replies":[{"embeddable":true,"href":"https:\/\/help.unhcr.org\/hungary\/hu\/wp-json\/wp\/v2\/comments?post=20499"}],"version-history":[{"count":179,"href":"https:\/\/help.unhcr.org\/hungary\/hu\/wp-json\/wp\/v2\/pages\/20499\/revisions"}],"predecessor-version":[{"id":44975,"href":"https:\/\/help.unhcr.org\/hungary\/hu\/wp-json\/wp\/v2\/pages\/20499\/revisions\/44975"}],"wp:attachment":[{"href":"https:\/\/help.unhcr.org\/hungary\/hu\/wp-json\/wp\/v2\/media?parent=20499"}],"curies":[{"name":"wp","href":"https:\/\/api.w.org\/{rel}","templated":true}]}}