{"id":20471,"date":"2024-06-05T18:33:30","date_gmt":"2024-06-05T18:33:30","guid":{"rendered":"https:\/\/help.unhcr.org\/hungary\/new\/entering-hungary\/"},"modified":"2025-07-10T13:00:04","modified_gmt":"2025-07-10T13:00:04","slug":"entering-hungary","status":"publish","type":"page","link":"https:\/\/help.unhcr.org\/hungary\/hu\/entering-hungary\/","title":{"rendered":"Bel\u00e9p\u00e9s Magyarorsz\u00e1gra Ukrajn\u00e1b\u00f3l"},"content":{"rendered":"\n<div class=\"wp-block-group\"><div class=\"wp-block-group__inner-container is-layout-constrained wp-block-group-is-layout-constrained\">\n<a href=\"https:\/\/help.unhcr.org\/hungary\/hu\/asylum\/\" style=\"text-decoration: none\">\n\n\n\n<div style=\"background-color:#FCF366;color:white;border-radius:10px;padding: 30px 24px 1px\">\n\n\n\n<p class=\"has-black-color has-text-color has-link-color has-medium-font-size wp-elements-080beabd8b69db7f740227ff038c26b9\"><strong>Ez az oldal az Ukrajn\u00e1b\u00f3l Magyarorsz\u00e1gra menek\u00fcl\u0151k sz\u00e1m\u00e1ra k\u00e9sz\u00fclt.<\/strong> Ha egy m\u00e1sik orsz\u00e1gb\u00f3l szeretne mened\u00e9kjogot k\u00e9rni, k\u00e9rj\u00fck, kattintson ide tov\u00e1bbi inform\u00e1ci\u00f3k\u00e9rt.<\/p>\n\n\n\n<\/div><\/a>\n<\/div><\/div>\n\n\n\n<p><\/p>\n\n\n<p class=\"has-medium-font-size\"><strong>EZEN AZ OLDALON:<\/strong><br>\n<strong>\u2022 <a href=\"#kik-lephetnek-be-magyarorszagra\">Kik l\u00e9phetnek be Magyarorsz\u00e1gra?<\/a><\/strong><br><strong>\u2022 <a href=\"#hataratkelok\">Hat\u00e1r\u00e1tkel\u0151k<\/a><\/strong><br><strong>\u2022 <a href=\"#a-belepeshez-szukseges-dokumentumok\">A bel\u00e9p\u00e9shez sz\u00fcks\u00e9ges dokumentumok<\/a><\/strong><br><strong>\u2022 <a href=\"#ha-a-beutazast-elutasitjak\">Ha a beutaz\u00e1st elutas\u00edtj\u00e1k<\/a><\/strong><br><strong>\u2022 <a href=\"#segitsegnyujto-pontok-a-hatar-kornyeken\">Seg\u00edts\u00e9gny\u00fajt\u00f3 pontok a hat\u00e1r k\u00f6rny\u00e9k\u00e9n<\/a><\/strong><br><strong>\u2022 <a href=\"#utazas-budapestre-tomegkozlekedessel\">Utaz\u00e1s Budapestre t\u00f6megk\u00f6zleked\u00e9ssel<\/a><\/strong><br><strong>\u2022 <a href=\"#informacio-es-szuksegszallas-budapesten\">Inform\u00e1ci\u00f3 \u00e9s sz\u00fcks\u00e9gsz\u00e1ll\u00e1s Budapesten<\/a><\/strong><br>\n<\/p>\n\n <hr class=\"has-alpha-channel-opacity is-style-default\" \/>\n\n<p class=\"has-medium-font-size\">Ha Ukrajn\u00e1b\u00f3l Magyarorsz\u00e1gra szeretne utazni, a magyar hat\u00f3s\u00e1gok az \u00d6n konkr\u00e9t helyzete alapj\u00e1n hoznak d\u00f6nt\u00e9st arr\u00f3l, hogy bel\u00e9phet-e Magyarorsz\u00e1gra. Fontos, hogy amikor a hat\u00e1r\u00e1tkel\u0151helyre \u00e9rkezik, rendelkezzen minden sz\u00fcks\u00e9ges dokumentummal, amely igazolja, hogy beutazhat Magyarorsz\u00e1gra.<\/p>\n\n\n<p class=\"has-medium-font-size\">Ha humanit\u00e1rius sz\u00fcks\u00e9gletei vannak, vagy v\u00e9delmet szeretne k\u00e9rni, felt\u00e9tlen\u00fcl t\u00e1j\u00e9koztassa err\u0151l a hat\u00e1r\u0151rizeti szerveket.<\/p>\n\n\n<h2 id=\"kik-lephetnek-be-magyarorszagra\" class=\"wp-block-heading\"><strong>Kik l\u00e9phetnek be Magyarorsz\u00e1gra?<\/strong><\/h2>\n\n\n<h3 class=\"wp-block-heading\"><strong>Ukr\u00e1n \u00e1llampolg\u00e1rok<\/strong><\/h3>\n\n\n<p class=\"has-medium-font-size\"><strong>Ha \u00d6n ukr\u00e1n \u00e1llampolg\u00e1r<\/strong>; olyan szem\u00e9ly aki 2022. febru\u00e1r 24. el\u0151tt v\u00e9delemben r\u00e9szes\u00fclt Ukrajn\u00e1ban; 2022. febru\u00e1r 24. el\u0151tt hontalannak ismert\u00e9k el Ukrajn\u00e1ban; vagy b\u00e1rmelyik\u00fck csal\u00e1dtagja (p\u00e9ld\u00e1ul h\u00e1zast\u00e1rs, gyermek, sz\u00fcl\u0151 vagy 18 \u00e9ven aluli testv\u00e9r) <strong>\u00e1ltal\u00e1ban beutazhat Magyarorsz\u00e1gra<\/strong>, kiv\u00e9ve, ha beutaz\u00e1si tilalom van \u00e9rv\u00e9nyben a schengeni orsz\u00e1gokba. Ha biometrikus \u00fatlev\u00e9llel rendelkezik, <strong>v\u00edzum n\u00e9lk\u00fcl legfeljebb 90 napig tart\u00f3zkodhat a schengeni t\u00e9rs\u00e9gben.<\/strong> Ez id\u0151 alatt <strong>folyamodhat ideiglenes v\u00e9delem\u00e9rt <\/strong>Magyarorsz\u00e1gon, vagy egy m\u00e1sik schengeni orsz\u00e1gba utazhat \u00e9s ott k\u00e9rheti.<\/p>\n\n\n<p class=\"has-medium-font-size\"><strong>Ha nem rendelkezik biometrikus \u00fatlev\u00e9llel<\/strong>, a magyar hat\u00e1rrend\u00e9szet m\u00e1s dokumentumokat (pl. nemzeti \u00fatlev\u00e9l, sz\u00fclet\u00e9si anyak\u00f6nyvi kivonat, lakc\u00edmbejegyz\u00e9s) vizsg\u00e1l meg szem\u00e9lyazonoss\u00e1g\u00e1nak igazol\u00e1s\u00e1ra. Ha enged\u00e9lyezik a bel\u00e9p\u00e9st, <strong>30 napra sz\u00f3l\u00f3, meg\u00faj\u00edthat\u00f3 ideiglenes tart\u00f3zkod\u00e1si igazol\u00e1st kap<\/strong>. Ez lehet\u0151v\u00e9 teszi, hogy leg\u00e1lisan tart\u00f3zkodjon \u00e9s ideiglenes v\u00e9delmet k\u00e9rjen Magyarorsz\u00e1gon. Az elj\u00e1r\u00e1s r\u00e9szek\u00e9nt el\u0151fordulhat, hogy a hat\u00e1r menti ter\u00fclethez k\u00f6zeli Ny\u00edrb\u00e1tor nev\u0171 v\u00e1rosba ker\u00fcl, ahol a menek\u00fclt\u00fcgyi hat\u00f3s\u00e1g <a href=\"http:\/\/www.bmbah.hu\/index.php?lang=en\">(Orsz\u00e1gos Idegenrend\u00e9szeti F\u0151igazgat\u00f3s\u00e1g)<\/a> nyilv\u00e1ntart\u00e1sba veszi.<\/p>\n\n\n<h3 class=\"wp-block-heading\"><strong>Nem ukr\u00e1n \u00e1llampolg\u00e1rok<\/strong><\/h3>\n\n\n<p class=\"has-medium-font-size\">Ha \u00d6n <strong>nem ukr\u00e1n \u00e1llampolg\u00e1r<\/strong>, \u00e9s Ukrajn\u00e1b\u00f3l menek\u00fcl, teljes\u00edtenie kell a schengeni \u00f6vezetbe val\u00f3 beutaz\u00e1s \u00e1ltal\u00e1nos felt\u00e9teleit. Ez azt jelenti, hogy rendelkezzen \u00e9rv\u00e9nyes \u00fati okm\u00e1nnyal \u00e9s \u00e9rv\u00e9nyes schengeni v\u00edzummal, \u00e9s ne s\u00fajtsa beutaz\u00e1si tilalom a schengeni orsz\u00e1gokba. Ha rendelkezik tart\u00f3zkod\u00e1si enged\u00e9llyel egy EU-tagorsz\u00e1gban, beutazhat Magyarorsz\u00e1gra, hogy a ter\u00fclet\u00e9n kereszt\u00fcl utazzon, s el\u00e9rje azt az orsz\u00e1got. Utaz\u00e1s el\u0151tt \u00e9rdekl\u0151dj\u00f6n a tart\u00f3zkod\u00e1si enged\u00e9ly\u00e9t kiad\u00f3 orsz\u00e1gn\u00e1l.<\/p>\n\n\n<p class=\"has-medium-font-size\"><strong>Ha \u00d6n 2022. febru\u00e1r 24-\u00e9n Ukrajn\u00e1ban tart\u00f3zkodott \u00e9rv\u00e9nyes tart\u00f3zkod\u00e1si enged\u00e9llyel,<\/strong> \u00e9s az\u00f3ta nem hagyta el Ukrajn\u00e1t, humanit\u00e1rius alapon utazhat be. Ezt olyan dokumentumokkal igazolhatja, mint az \u00e9rv\u00e9nyes tart\u00f3zkod\u00e1si enged\u00e9ly, h\u00e1zass\u00e1gi anyak\u00f6nyvi kivonat vagy sz\u00fclet\u00e9si anyak\u00f6nyvi kivonat.<\/p>\n\n\n<p class=\"has-medium-font-size\"><strong>Ha \u00d6n nem tartozik a fenti kateg\u00f3ri\u00e1k egyik\u00e9be sem<\/strong>, \u00e9s \u00fagy gondolja, hogy Ukrajn\u00e1ba vagy haz\u00e1j\u00e1ba val\u00f3 visszat\u00e9r\u00e9s vesz\u00e9lyekkel j\u00e1r \u00d6nre n\u00e9zve, \u00e9rtes\u00edtse a magyar hat\u00f3s\u00e1gokat \u00e9s k\u00e9rjen v\u00e9delmet. Ha \u00fagy \u00edt\u00e9lik meg, hogy a beutaz\u00e1s megtagad\u00e1sa kock\u00e1zatokkal j\u00e1rna \u00d6nre n\u00e9zve, beengedik Magyarorsz\u00e1gra, \u00e9s \u00fcgy\u00e9t a menek\u00fclt\u00fcgyi hat\u00f3s\u00e1g veszi \u00e1t.<\/p>\n\n\n<h2 id=\"hataratkelok\" class=\"wp-block-heading\"><strong>Hat\u00e1r\u00e1tkel\u0151k<\/strong><\/h2>\n\n\n<figure class=\"wp-block-table has-medium-font-size\"><table class=\"has-fixed-layout\"><thead><tr><th><strong>Hat\u00e1r\u00e1tkel\u0151<\/strong><\/th><th><strong>Hely<\/strong><\/th><th><strong>Nyitvatart\u00e1s<\/strong><\/th><\/tr><\/thead><tbody><tr><td>Z\u00e1hony \u2013 Chop<br \/>(vonattal is)<\/td><td><a href=\"https:\/\/maps.app.goo.gl\/T8KsERq6wGa3DvXp9\">4625 Z\u00e1hony, K\u00f6z\u00fati hat\u00e1r\u00e1tkel\u0151, 4625<\/a><\/td><td>00:00-24:00<\/td><\/tr><tr><td>L\u00f3nya \u2013 Dzvinkove<\/td><td><a href=\"https:\/\/maps.app.goo.gl\/DarL3GVs2ZP3n2uv7\">4836, L\u00f3nya, Pet\u0151fi S\u00e1ndor \u00fat 200.<\/a><\/td><td>07:00-18:00<\/td><\/tr><tr><td>Barab\u00e1s \u2013 Koson\u2019<\/td><td><a href=\"https:\/\/maps.app.goo.gl\/ddGh36Yo1wWggN3L9\">4937, Barab\u00e1s, \u00c1rp\u00e1d \u00fat 201.<\/a><\/td><td>07:00-19:00<\/td><\/tr><tr><td>Beregsur\u00e1ny \u2013 \u0410\u0441\u0442\u0435\u0439<\/td><td><a href=\"https:\/\/maps.app.goo.gl\/Zevhi3ACApxH6EDD8\">4933, Beregsur\u00e1ny, (41-m) Hat\u00e1r\u00e1tkel\u0151hely<\/a><\/td><td>00:00-24:00<\/td><\/tr><tr><td>Tiszabecs \u2013 Vilok<\/td><td><a href=\"https:\/\/maps.app.goo.gl\/Rbq7gz5HJfTcbueQ8\">4951, Tiszabecs, Hat\u00e1r\u00e1tkel\u0151<\/a><\/td><td>00:00-24:00<\/td><\/tr><\/tbody><\/table><\/figure>\n\n<p class=\"has-medium-font-size\">A v\u00e1rakoz\u00e1si id\u0151kr\u0151l a <a href=\"https:\/\/www.police.hu\/hirek-es-informaciok\/hatarinfo\">Magyar Rend\u0151rs\u00e9g honlapj\u00e1n<\/a> t\u00e1j\u00e9koz\u00f3dhat, de vegye figyelembe, hogy ezek csak Magyarorsz\u00e1gra val\u00f3 beutaz\u00e1sra vonatkoznak, nem Ukrajn\u00e1b\u00f3l val\u00f3 kiutaz\u00e1sra.<\/p>\n\n\n<p class=\"has-medium-font-size\">Ha Csapr\u00f3l vas\u00faton utazik \u00e1t Z\u00e1honyba, keresse az UNHCR munkat\u00e1rsait a vas\u00fat\u00e1llom\u00e1son, \u00e9s k\u00e9rjen t\u0151l\u00fck seg\u00edts\u00e9get! Az UNHCR minden nap jelen van, reggelt\u0151l estig.<\/p>\n\n\n<h2 id=\"a-belepeshez-szukseges-dokumentumok\" class=\"wp-block-heading\"><strong>A bel\u00e9p\u00e9shez sz\u00fcks\u00e9ges dokumentumok<\/strong><\/h2>\n\n\n<p class=\"has-medium-font-size\">Ukrajn\u00e1b\u00f3l Magyarorsz\u00e1gra t\u00f6rt\u00e9n\u0151 bel\u00e9p\u00e9s hat\u00e1r\u00e1tl\u00e9p\u00e9si elj\u00e1r\u00e1ssal j\u00e1r, amihez speci\u00e1lis dokumentumok sz\u00fcks\u00e9gesek a z\u00f6kken\u0151mentes \u00e9s jogszer\u0171 beutaz\u00e1s biztos\u00edt\u00e1sa \u00e9rdek\u00e9ben.<\/p>\n\n\n<p class=\"has-medium-font-size\"><strong>Biometrikus \u00fatlev\u00e9l<\/strong>: Ha rendelkezik biometrikus \u00fatlev\u00e9llel, 90 napig tart\u00f3zkodhat v\u00edzum n\u00e9lk\u00fcl Magyarorsz\u00e1gon \u00e9s a schengeni \u00f6vezetben, \u00e9s ideiglenes v\u00e9delem\u00e9rt folyamodhat. Ilyen \u00fatlev\u00e9l g\u00f6rd\u00fcl\u00e9kenyebb szem\u00e9lyazonoss\u00e1g-ellen\u0151rz\u00e9st tesz lehet\u0151v\u00e9 a hat\u00e1ron.<\/p>\n\n\n<p class=\"has-medium-font-size\"><strong>Nemzeti \u00fatlev\u00e9l \u00e9s egy\u00e9b okm\u00e1nyok<\/strong>: ha nem rendelkezik biometrikus \u00fatlev\u00e9llel, be kell mutatnia nemzeti \u00fatlevel\u00e9t vagy egy\u00e9b igazol\u00f3 dokumentumokat, p\u00e9ld\u00e1ul h\u00e1zass\u00e1gi anyak\u00f6nyvi kivonatot, sz\u00fclet\u00e9si anyak\u00f6nyvi kivonatot vagy b\u00e1rmely megfelel\u0151 dokumentumot, amely igazolja, hogy jogosult a beutaz\u00e1sra \u00e9s ideiglenes v\u00e9delemre.<\/p>\n\n\n<p class=\"has-medium-font-size\"><strong>\u00c9rv\u00e9nyes tart\u00f3zkod\u00e1si enged\u00e9ly<\/strong> (<strong>ha jogosult r\u00e1):<\/strong> Ha rendelkezik EU-tag\u00e1llam \u00e1ltal ki\u00e1ll\u00edtott tart\u00f3zkod\u00e1si enged\u00e9llyel, az jogosults\u00e1got biztos\u00edthat \u00d6nnek a magyarorsz\u00e1gi \u00e1tutaz\u00e1sra. Utaz\u00e1s el\u0151tt \u00e9rdekl\u0151dj\u00f6n a kibocs\u00e1t\u00f3 orsz\u00e1gn\u00e1l.<\/p>\n\n\n<p class=\"has-medium-font-size\"><strong>V\u00edzum (ha jogosult r\u00e1):<\/strong> Ha \u00d6n nem ukr\u00e1n \u00e1llampolg\u00e1r, \u00e9s orsz\u00e1ga schengeni v\u00edzumot \u00edr el\u0151 Magyarorsz\u00e1gra val\u00f3 beutaz\u00e1shoz, gy\u0151z\u0151dj\u00f6n meg arr\u00f3l, hogy rendelkezik a magyar hat\u00f3s\u00e1gok \u00e1ltal ki\u00e1ll\u00edtott \u00e9rv\u00e9nyes v\u00edzummal. Tov\u00e1bbi inform\u00e1ci\u00f3 a magyarorsz\u00e1gi v\u00edzumk\u00e9relemr\u0151l:<a href=\"https:\/\/konzinfo.mfa.gov.hu\/en\/how-apply-visa\">https:\/\/konzinfo.mfa.gov.hu\/en\/how-apply-visa<\/a><\/p>\n\n\n<h2 id=\"ha-a-beutazast-elutasitjak\" class=\"wp-block-heading\"><strong>Ha a beutaz\u00e1st elutas\u00edtj\u00e1k<\/strong><\/h2>\n\n\n<p class=\"has-medium-font-size\">Ha megtagadj\u00e1k a bel\u00e9p\u00e9st, 30 napon bel\u00fcl fellebbezhet a d\u00f6nt\u00e9s ellen. A rend\u0151rs\u00e9g hat\u00e1rozata tartalmazza a konkr\u00e9t igazs\u00e1g\u00fcgyi hat\u00f3s\u00e1g nev\u00e9t, amellyel kapcsolatba kell l\u00e9pnie. Ha tov\u00e1bbi inform\u00e1ci\u00f3ra vagy seg\u00edts\u00e9gre van sz\u00fcks\u00e9ge, l\u00e9pjen kapcsolatba az UNHCR-ral. <\/p>\n\n\n<div class=\"wp-block-group\"><div class=\"wp-block-group__inner-container is-layout-constrained wp-block-group-is-layout-constrained\">\n<div style=\"background-color:#b9dfff;color:white;border-radius:10px;padding: 24px 24px 4px\">\n\n\n\n<figure class=\"wp-block-image size-full is-resized\"><img loading=\"lazy\" decoding=\"async\" width=\"100\" height=\"100\" src=\"https:\/\/help.unhcr.org\/hungary\/wp-content\/uploads\/sites\/86\/2024\/06\/callout_rcc-1.png\" alt=\"\" class=\"wp-image-18970\" style=\"width:70px\" \/><\/figure>\n\n\n\n<div style=\"height:14px\" aria-hidden=\"true\" class=\"wp-block-spacer\"><\/div>\n\n\n\n<p class=\"has-black-color has-text-color has-link-color has-medium-font-size wp-elements-e1e1581f5ef08b553a198e2f5feea1cb\">Tov\u00e1bbi inform\u00e1ci\u00f3k\u00e9rt, valamint visszajelz\u00e9s\u00e9vel vagy panasz\u00e1val h\u00edvja a <strong>UNHCR Menek\u00fclt\u00fcgyi Seg\u00e9lyvonal\u00e1t<\/strong> a <strong><a href=\"tel:+36 80 984 583\">+36 80 984 583<\/a>\u200b<\/strong> telefonsz\u00e1mon (h\u00e9tf\u0151t\u0151l p\u00e9ntekig, 08:00 \u2013 17:00 k\u00f6z\u00f6tt) ukr\u00e1n, orosz, magyar \u00e9s angol nyelven, vagy keressen minket e-mailen a <a href=\"mailto:hunbucontact@unhcr.org\">hunbucontact@unhcr.org<\/a> c\u00edmen.<\/p>\n\n\n\n<\/div>\n<\/div><\/div>\n\n<h2 id=\"segitsegnyujto-pontok-a-hatar-kornyeken\" class=\"wp-block-heading\"><strong>Seg\u00edts\u00e9gny\u00fajt\u00f3 pontok a hat\u00e1r k\u00f6rny\u00e9k\u00e9n<\/strong><\/h2>\n\n\n<p class=\"has-medium-font-size\">Ha \u00d6n Ukrajn\u00e1b\u00f3l \u00e9rkezik Magyarorsz\u00e1gra, vannak olyan szervezetek, amelyek a hat\u00e1ron seg\u00edts\u00e9get ny\u00fajtanak \u00d6nnek, adnak \u00e9lelmiszert, ny\u00fajtanak jogi seg\u00edts\u00e9get, seg\u00edtenek a k\u00f6zleked\u00e9sben, sz\u00e1ll\u00e1skeres\u00e9sben, seg\u00e9lyekkel stb. Ha \u00e1tl\u00e9pi a hat\u00e1rt, \u00fatbaigaz\u00edt\u00e1st k\u00e9rhet a legk\u00f6zelebbi seg\u00edts\u00e9gny\u00fajt\u00f3 ponthoz. K\u00f6zvetlen\u00fcl kapcsolatba l\u00e9phet az al\u00e1bbi szervezettel:<\/p>\n\n\n<figure class=\"wp-block-table has-medium-font-size\"><table class=\"has-fixed-layout\"><thead><tr><th>Szervezet<\/th><th>Hely<\/th><th>E-mail\u00a0<\/th><th>Telefonsz\u00e1m<\/th><th>Szolg\u00e1ltat\u00e1sok \u00e9s nyitvatart\u00e1s<\/th><\/tr><\/thead><tbody><tr><td><strong>Magyar M\u00e1ltai Szeretetszolg\u00e1lat\u00a0<\/strong><\/td><td><a href=\"https:\/\/goo.gl\/maps\/iRcU55JqwmTEheGu7\">4933 Beregsur\u00e1ny, II. R\u00e1k\u00f3czi Ferenc utca 1.<\/a>\u00a0<\/td><td>beregsurany@maltai.hu<\/td><td>+36 70 659 8508<\/td><td>Ez a Seg\u00edt\u0151pont jelenleg egy tranzitpont, ahol a maxim\u00e1lis tart\u00f3zkod\u00e1si id\u0151 <strong>3 nap \u00e9s 2 \u00e9jszaka<\/strong>. A M\u00e1ltai Szeretetszolg\u00e1lat munkat\u00e1rsai <strong>naponta 8:00 \u00e9s 17:00 \u00f3ra k\u00f6z\u00f6tt<\/strong> vannak a helysz\u00ednen.<br><strong>Besz\u00e9lt nyelvek:<\/strong> magyar \u00e9s ukr\u00e1n<\/td><\/tr><\/tbody><\/table><\/figure>\n\n<h2 id=\"utazas-budapestre-tomegkozlekedessel\" class=\"wp-block-heading\"><strong>Utaz\u00e1s Budapestre t\u00f6megk\u00f6zleked\u00e9ssel <\/strong><\/h2>\n\n\n<p class=\"has-medium-font-size\">Ha most \u00e9rkezett a magyar-ukr\u00e1n hat\u00e1rra, szolidarit\u00e1si jegy megv\u00e1s\u00e1rl\u00e1s\u00e1val az al\u00e1bbi \u00fatvonalakon ingyenesen utazhat m\u00e1sodoszt\u00e1ly\u00fa vas\u00fati kocsival. A jegyek az indul\u00e1si vas\u00fat\u00e1llom\u00e1sok p\u00e9nzt\u00e1raiban kaphat\u00f3k. Ha vonattal l\u00e9pi \u00e1t a hat\u00e1rt, szem\u00e9lyazonos\u00edt\u00f3 okm\u00e1nyai bemutat\u00e1s\u00e1val a vonatban is megv\u00e1s\u00e1rolhatja a jegyet. A pontos menetrend itt ellen\u0151rizhet\u0151: <a href=\"https:\/\/jegy.mav.hu\/\">https:\/\/jegy.mav.hu<\/a>.<\/p>\n\n\n<figure class=\"wp-block-table has-medium-font-size\"><table class=\"has-fixed-layout\"><thead><tr><th>Indul\u00e1si vas\u00fat\u00e1llom\u00e1s<\/th><th><\/th><th>\u00c9rkez\u00e9si vas\u00fat\u00e1llom\u00e1s<\/th><\/tr><\/thead><tbody><tr><td>Vas\u00fat\u00e1llom\u00e1sok \u00e9s meg\u00e1ll\u00f3k a Z\u00e1hony \u2013 Ny\u00edregyh\u00e1za vonalon<br \/><br \/><br>Z\u00e1hony<br \/>Tiszabezd\u00e9d<br \/>Tuzs\u00e9r<br \/>Komor\u00f3<br \/>Kisv\u00e1rda-H\u00e1rmas\u00fat<br \/>Kisv\u00e1rda<br \/>Ajak<br \/>P\u00e1troha<br \/>G\u00e9g\u00e9ny<br \/>Demecser<br \/>K\u00e9k<br \/>Ny\u00edrbogd\u00e1ny<br \/>Kemecse<br \/>S\u00f3st\u00f3hegy<br \/>S\u00f3st\u00f3<br \/>Ny\u00edregyh\u00e1za<\/td><td rowspan=\"2\">\u2192<\/td><td rowspan=\"2\">Budapest-Keleti<br \/>Budapest-Nyugati<br \/>K\u0151b\u00e1nya-Kispest<br \/>Zugl\u00f3<br \/>Budapest-Kelenf\u00f6ld<br \/>Hegyeshalom<br \/>Szob<\/td><\/tr><tr><td>Hidasn\u00e9meti<br \/>Ny\u00edr\u00e1br\u00e1ny<br \/>Biharkeresztes<br \/>L\u0151k\u00f6sh\u00e1za<\/td><\/tr><tr><td>Budapest-Keleti<br \/>Budapest-Nyugati<br \/>K\u0151b\u00e1nya-Kispest<br \/>Zugl\u00f3<br \/>Budapest-Kelenf\u00f6ld<\/td><td>\u2192<\/td><td>Hegyeshalom<br \/>Szob<\/td><\/tr><\/tbody><\/table><\/figure>\n\n<h2 id=\"informacio-es-szuksegszallas-budapesten\" class=\"wp-block-heading\"><strong>Inform\u00e1ci\u00f3 \u00e9s sz\u00fcks\u00e9gsz\u00e1ll\u00e1s Budapesten<\/strong><\/h2>\n\n\n<p class=\"has-medium-font-size\">A Keleti \u00e9s Nyugati p\u00e1lyaudvaron tal\u00e1lhat\u00f3, Korm\u00e1nyablakk\u00e9nt ismert korm\u00e1nyhivatalok ny\u00fajthatnak felvil\u00e1gos\u00edt\u00e1st \u00e9s k\u00f6zvet\u00edthetnek sz\u00fcks\u00e9gsz\u00e1ll\u00e1st. Ez mag\u00e1ba foglalja az egy \u00e9jszak\u00e1ra sz\u00f3l\u00f3 befogad\u00f3 sz\u00e1ll\u00e1st, a seg\u00edts\u00e9get hossz\u00fa t\u00e1v\u00fa lakhat\u00e1s megtal\u00e1l\u00e1s\u00e1hoz, t\u00e1j\u00e9koztat\u00e1st az ideiglenes v\u00e9delemr\u0151l, r\u00e9szletesebb inform\u00e1ci\u00f3kat a rendszeres l\u00e9tfenntart\u00e1si t\u00e1mogat\u00e1sr\u00f3l \u00e9s a magyarorsz\u00e1gi munkalehet\u0151s\u00e9gekr\u0151l, valamint a menek\u00fcltek sz\u00e1m\u00e1ra el\u00e9rhet\u0151 tov\u00e1bbi szolg\u00e1ltat\u00e1sokr\u00f3l.<\/p>\n\n\n<figure class=\"wp-block-table has-medium-font-size\"><table class=\"has-fixed-layout\"><thead><tr><th>Korm\u00e1nyhivatalok<\/th><th>C\u00edm<\/th><th>Nyitvatart\u00e1s<\/th><\/tr><\/thead><tbody><tr><td><strong>Nyugati P\u00e1lyaudvar<\/strong><\/td><td><a href=\"https:\/\/goo.gl\/maps\/WVquByNqVfRtZcCB8\">1062, Budapest, Ter\u00e9z k\u00f6r\u00fat 55.<\/a><\/td><td><strong>H\u00e9tf\u0151<\/strong>: 08:00-18:00<br \/><strong>Kedd<\/strong>: 08:00-16:00<br \/><strong>Szerda<\/strong>: 11:00-19:00<br \/><strong>Cs\u00fct\u00f6rt\u00f6k<\/strong>:08:00-16:00<br \/><strong>P\u00e9ntek<\/strong>: 08:00-14:00<\/td><\/tr><\/tbody><\/table><\/figure>\n\n<p class=\"has-medium-font-size\">Az Ukrajn\u00e1b\u00f3l Budapestre \u00e9rkez\u0151 menek\u00fclteket a M\u00e1ltai Szeretetszolg\u00e1lat befogad\u00f3 k\u00f6zpontj\u00e1ban is megsz\u00e1llhatnak egy \u00e9jszak\u00e1ra:<\/p>\n\n\n<figure class=\"wp-block-table has-medium-font-size\"><table class=\"has-fixed-layout\"><thead><tr><th>N\u00e9v<\/th><th>Address<\/th><th>Phone<\/th><\/tr><\/thead><tbody><tr><td><strong>\u00c1tmeneti sz\u00e1ll\u00e1s egy \u00e9szak\u00e1ra<\/strong><\/td><td><a href=\"https:\/\/goo.gl\/maps\/RGKyhkguSbTNSjtn6\">1117 Budapest, Galvani Utca 44\/A<\/a><\/td><td>?? +36 70 659 8508\u00a0<br>?? +36 30 583 0571<\/td><\/tr><\/tbody><\/table><\/figure>\n\n<div class=\"wp-block-group\"><div class=\"wp-block-group__inner-container is-layout-constrained wp-block-group-is-layout-constrained\">\n<a href=\"https:\/\/help.unhcr.org\/hungary\/hu\/report-misconduct\/\" style=\"text-decoration: none\">\n\n\n\n<div style=\"background-color:#FFBCC1;color:white;border-radius:10px;padding: 24px 24px 1px\">\n\n\n\n<figure class=\"wp-block-image size-full is-resized\"><img loading=\"lazy\" decoding=\"async\" width=\"100\" height=\"100\" src=\"https:\/\/help.unhcr.org\/hungary\/wp-content\/uploads\/sites\/86\/2024\/07\/callout_report-2.png\" alt=\"\" class=\"wp-image-20191\" style=\"width:70px\" \/><\/figure>\n\n\n\n<div style=\"height:14px\" aria-hidden=\"true\" class=\"wp-block-spacer\"><\/div>\n\n\n\n<p class=\"has-black-color has-text-color has-link-color has-medium-font-size wp-elements-3927893dc440dcd4f95912c0efcc740e\">Amennyiben humanit\u00e1rius dolgoz\u00f3k r\u00e9sz\u00e9r\u0151l nem megfelel\u0151 viselked\u00e9st tapasztal vagy ennek szemtan\u00faja volt, kattintson ide annak biztons\u00e1gos bejelent\u00e9s\u00e9hez.<\/p>\n\n\n\n<\/div><\/a>\n<\/div><\/div>\n\n\n\n<p><\/p>\n\n<div class=\"wp-block-group\"><div class=\"wp-block-group__inner-container is-layout-constrained wp-block-group-is-layout-constrained\">\n<div style=\"background-color:#b9dfff;color:white;border-radius:10px;padding: 24px 24px 4px\">\n\n\n\n<figure class=\"wp-block-image size-full is-resized\"><img loading=\"lazy\" decoding=\"async\" width=\"100\" height=\"100\" src=\"https:\/\/help.unhcr.org\/hungary\/wp-content\/uploads\/sites\/86\/2024\/06\/callout_rcc-1.png\" alt=\"\" class=\"wp-image-18970\" style=\"width:70px\" \/><\/figure>\n\n\n\n<div style=\"height:14px\" aria-hidden=\"true\" class=\"wp-block-spacer\"><\/div>\n\n\n\n<p class=\"has-black-color has-text-color has-link-color has-medium-font-size wp-elements-e1e1581f5ef08b553a198e2f5feea1cb\">Tov\u00e1bbi inform\u00e1ci\u00f3k\u00e9rt, valamint visszajelz\u00e9s\u00e9vel vagy panasz\u00e1val h\u00edvja a <strong>UNHCR Menek\u00fclt\u00fcgyi Seg\u00e9lyvonal\u00e1t<\/strong> a <strong><a href=\"tel:+36 80 984 583\">+36 80 984 583<\/a>\u200b<\/strong> telefonsz\u00e1mon (h\u00e9tf\u0151t\u0151l p\u00e9ntekig, 08:00 \u2013 17:00 k\u00f6z\u00f6tt) ukr\u00e1n, orosz, magyar \u00e9s angol nyelven, vagy keressen minket e-mailen a <a href=\"mailto:hunbucontact@unhcr.org\">hunbucontact@unhcr.org<\/a> c\u00edmen.<\/p>\n\n\n\n<\/div>\n<\/div><\/div>\n","protected":false},"excerpt":{"rendered":"<p>EZEN AZ OLDALON: \u2022 Kik l\u00e9phetnek be Magyarorsz\u00e1gra?\u2022 Hat\u00e1r\u00e1tkel\u0151k\u2022 A bel\u00e9p\u00e9shez sz\u00fcks\u00e9ges dokumentumok\u2022 Ha a beutaz\u00e1st elutas\u00edtj\u00e1k\u2022 Seg\u00edts\u00e9gny\u00fajt\u00f3 pontok a hat\u00e1r k\u00f6rny\u00e9k\u00e9n\u2022 Utaz\u00e1s Budapestre t\u00f6megk\u00f6zleked\u00e9ssel\u2022 Inform\u00e1ci\u00f3 \u00e9s sz\u00fcks\u00e9gsz\u00e1ll\u00e1s Budapesten Ha Ukrajn\u00e1b\u00f3l Magyarorsz\u00e1gra szeretne utazni, a magyar hat\u00f3s\u00e1gok az \u00d6n konkr\u00e9t helyzete alapj\u00e1n hoznak d\u00f6nt\u00e9st arr\u00f3l, hogy bel\u00e9phet-e Magyarorsz\u00e1gra. Fontos, hogy amikor a hat\u00e1r\u00e1tkel\u0151helyre \u00e9rkezik, rendelkezzen [&hellip;]<\/p>\n","protected":false},"author":347,"featured_media":0,"parent":0,"menu_order":2,"comment_status":"closed","ping_status":"closed","template":"","meta":{"_acf_changed":false,"footnotes":""},"class_list":["post-20471","page","type-page","status-publish","hentry"],"acf":[],"_links":{"self":[{"href":"https:\/\/help.unhcr.org\/hungary\/hu\/wp-json\/wp\/v2\/pages\/20471","targetHints":{"allow":["GET"]}}],"collection":[{"href":"https:\/\/help.unhcr.org\/hungary\/hu\/wp-json\/wp\/v2\/pages"}],"about":[{"href":"https:\/\/help.unhcr.org\/hungary\/hu\/wp-json\/wp\/v2\/types\/page"}],"author":[{"embeddable":true,"href":"https:\/\/help.unhcr.org\/hungary\/hu\/wp-json\/wp\/v2\/users\/347"}],"replies":[{"embeddable":true,"href":"https:\/\/help.unhcr.org\/hungary\/hu\/wp-json\/wp\/v2\/comments?post=20471"}],"version-history":[{"count":244,"href":"https:\/\/help.unhcr.org\/hungary\/hu\/wp-json\/wp\/v2\/pages\/20471\/revisions"}],"predecessor-version":[{"id":44939,"href":"https:\/\/help.unhcr.org\/hungary\/hu\/wp-json\/wp\/v2\/pages\/20471\/revisions\/44939"}],"wp:attachment":[{"href":"https:\/\/help.unhcr.org\/hungary\/hu\/wp-json\/wp\/v2\/media?parent=20471"}],"curies":[{"name":"wp","href":"https:\/\/api.w.org\/{rel}","templated":true}]}}