{"id":20015,"date":"2024-05-08T13:22:49","date_gmt":"2024-05-08T13:22:49","guid":{"rendered":"https:\/\/help.unhcr.org\/hungary\/partners\/international-organization-for-migration\/"},"modified":"2025-12-24T09:40:56","modified_gmt":"2025-12-24T09:40:56","slug":"international-organization-for-migration","status":"publish","type":"page","link":"https:\/\/help.unhcr.org\/hungary\/hu\/partners\/international-organization-for-migration\/","title":{"rendered":"Nemzetk\u00f6zi Migr\u00e1ci\u00f3s Szervezet (IOM)"},"content":{"rendered":"\n\n<div class=\"wp-block-columns is-layout-flex wp-container-core-columns-is-layout-9d6595d7 wp-block-columns-is-layout-flex\">\n\n<div class=\"wp-block-column is-layout-flow wp-block-column-is-layout-flow\">\n\n<h2 class=\"wp-block-heading\"><strong>El\u00e9rhet\u0151s\u00e9gi adatok<\/strong><\/h2>\n\n\n\n<p class=\"has-medium-font-size\"><strong>E-mail<\/strong><br \/><a href=\"mailto:iombudapest@iom.int\">iombudapest@iom.int<\/a><\/p>\n\n\n\n<p class=\"has-medium-font-size\"><strong>Telefon<\/strong><br \/><a href=\"tel:+3680984544\">+36 80 984 544<\/a><\/p>\n\n\n\n<p class=\"has-medium-font-size\"><strong>Seg\u00e9lyvonal \/ Seg\u00e9lyoldal<\/strong><br \/><a href=\"tel:+3680984544\">+36 80 984 544<\/a><\/p>\n\n<\/div>\n\n\n\n<div class=\"wp-block-column is-layout-flow wp-block-column-is-layout-flow\">\n\n<h2 class=\"wp-block-heading\"><strong>Ny\u00fajtott szolg\u00e1ltat\u00e1sok<\/strong><\/h2>\n\n\n\n<p class=\"has-medium-font-size\"><strong>Alapvet\u0151 sz\u00fcks\u00e9gletek<\/strong><br \/>\u2022 P\u00e9nz- \u00e9s utalv\u00e1nybeli t\u00e1mogat\u00e1s alapvet\u0151 sz\u00fcks\u00e9gletek ell\u00e1t\u00e1shoz<br \/>\u2022 \u00c9lelmez\u00e9si seg\u00edts\u00e9g<br \/>\u2022 H\u00e1ztart\u00e1si cikkek \/ nem \u00e9lelmiszer cikkek (NFI-k)<\/p>\n\n\n\n<p class=\"has-medium-font-size\"><strong>Eg\u00e9szs\u00e9g \u00e9s ment\u00e1lhigi\u00e9n\u00e9s szolg\u00e1ltat\u00e1sok<\/strong><br \/>\u2022 Hozz\u00e1f\u00e9r\u00e9s az eg\u00e9szs\u00e9g\u00fcgyi szolg\u00e1ltat\u00e1sokhoz<br \/>\u2022 K\u00f6z\u00f6ss\u00e9gi alap\u00fa pszichoszoci\u00e1lis \u00e9s csal\u00e1dseg\u00edt\u0151 tev\u00e9kenys\u00e9gek<br \/>\u2022 \u00d6sszpontos\u00edtott egy\u00e9ni \u00e9s csoportos pszichoszoci\u00e1lis t\u00e1mogat\u00e1s<br \/>\u2022 Pszichol\u00f3giai els\u0151seg\u00e9lyny\u00fajt\u00e1s (PFA)<br \/>\u2022 Speci\u00e1lis t\u00e1mogat\u00e1sra vonatkoz\u00f3 aj\u00e1nl\u00e1sok<br \/>\u2022 Speci\u00e1lis MHPSS szolg\u00e1ltat\u00e1sok<\/p>\n\n\n\n<p class=\"has-medium-font-size\"><strong>Foglalkoztat\u00e1s<\/strong><br \/>\u2022 K\u00e9szp\u00e9nz a t\u00e1rsadalmi-gazdas\u00e1gi befogad\u00e1s\u00e9rt<br \/>\u2022 Foglalkoztat\u00e1si \u00e9s munkajogi tan\u00e1csad\u00e1s<br \/>\u2022 Kultur\u00e1lis k\u00f6zvet\u00edt\u00e9s \u00e9s integr\u00e1ci\u00f3 t\u00e1mogat\u00e1sa<\/p>\n\n\n\n<p class=\"has-medium-font-size\"><strong>Gyermekv\u00e9delem<\/strong><br \/>\u2022 Gyermekbar\u00e1t terek<br \/>\u2022 Szabadid\u0151s tev\u00e9kenys\u00e9gek gyermekeknek<br \/>\u2022 A vesz\u00e9lyeztetett gyermekek szakszolg\u00e1latokhoz val\u00f3 beutal\u00e1sa<\/p>\n\n\n\n<p class=\"has-medium-font-size\"><strong>Lakhat\u00e1s<\/strong><br \/>\u2022 Inform\u00e1ci\u00f3ny\u00fajt\u00e1s \u00e9s figyelemfelkelt\u00e9s<br \/>\u2022 K\u00f6z\u00e9p- \u00e9s hossz\u00fa t\u00e1v\u00fa sz\u00e1ll\u00e1s biztos\u00edt\u00e1sa (egy\u00e9ni)<\/p>\n\n\n\n<p class=\"has-medium-font-size\"><strong>Oktat\u00e1s<\/strong><br \/>\u2022 Felz\u00e1rk\u00f3ztat\u00f3 \u00f3r\u00e1k \u00e9s tanul\u00e1si t\u00e1mogat\u00e1s<br \/>\u2022 Nyelv\u00f3r\u00e1k<br \/>\u2022 Szabadid\u0151s oktat\u00e1si szolg\u00e1ltat\u00e1sok<\/p>\n\n\n\n<p class=\"has-medium-font-size\"><strong>V\u00e9delem<\/strong><br \/>\u2022 K\u00e9szp\u00e9nzes seg\u00edts\u00e9g v\u00e9delemet ny\u00fajt\u00f3 szolg\u00e1ltat\u00e1sokhoz<br \/>\u2022 K\u00f6z\u00f6ss\u00e9gi figyelemfelh\u00edv\u00e1s<br \/>\u2022 Beilleszked\u00e9ssel kapcsolatos tan\u00e1csad\u00e1si alkalmak<br \/>\u2022 Integr\u00e1lt\/\u00e1tfog\u00f3 v\u00e9delemmel kapcsolatos esetkezel\u00e9s<br \/>\u2022 A vesz\u00e9lyeztetett feln\u0151ttek beutal\u00e1sa szakszolg\u00e1latokhoz<br \/>\u2022 V\u00e9delemmel kapcsolatos seg\u00edts\u00e9gny\u00fajt\u00e1s c\u00e9lzottan speci\u00e1lis ig\u00e9ny\u0171 szem\u00e9lyeknek<\/p>\n\n<\/div>\n\n<\/div>\n\n\n\n<hr class=\"wp-block-separator has-text-color has-cyan-bluish-gray-color has-alpha-channel-opacity is-style-default\" style=\"border-top:0px !important\" \/>\n\n\n\n<h2 class=\"wp-block-heading\"><strong>1137 Budapest, Radn\u00f3ti Mikl\u00f3s u. 2 <\/strong><\/h2>\n\n\n\n<p class=\"has-medium-font-size\">Office\/institution (with assistance on site)\u00a0\u2022\u00a0<a href=\"https:\/\/www.google.com\/maps\/search\/1137%20Budapest%2C%20Radn%C3%B3ti%20Mikl%C3%B3s%20u.%202\" target=\"_blank\">Megtekint\u00e9s Google T\u00e9rk\u00e9pen<\/a><\/p>\n\n\n\n<div class=\"wp-block-columns is-layout-flex wp-container-core-columns-is-layout-9d6595d7 wp-block-columns-is-layout-flex\">\n\n<div class=\"wp-block-column is-layout-flow wp-block-column-is-layout-flow\">\n\n<p class=\"has-medium-font-size\"><strong>\u00dcgyf\u00e9lfogad\u00e1si id\u0151<\/strong><br \/>h\u00e9tf\u0151: 09:30-17:30<br \/>kedd: 09:30-17:30<br \/>szerda: 09:30-17:30<br \/>cs\u00fct\u00f6rt\u00f6k: 09:30-17:30<br \/>p\u00e9ntek: 09:30-17:30<\/p>\n\n\n\n<p class=\"has-medium-font-size\"><strong>Szolg\u00e1ltat\u00e1sok a helysz\u00ednen<\/strong><br \/>\u2022 Alapvet\u0151 sz\u00fcks\u00e9gletek (3)<br \/>\u2022 Lakhat\u00e1s (2)<br \/>\u2022 Oktat\u00e1s (3)<br \/>\u2022 Eg\u00e9szs\u00e9g \u00e9s ment\u00e1lhigi\u00e9n\u00e9s szolg\u00e1ltat\u00e1sok (6)<br \/>\u2022 Foglalkoztat\u00e1s (3)<br \/>\u2022 Gyermekv\u00e9delem (3)<br \/>\u2022 V\u00e9delem (6)<\/p>\n\n<\/div>\n\n\n\n<div class=\"wp-block-column is-layout-flow wp-block-column-is-layout-flow\">\n\n<p class=\"has-medium-font-size\"><strong>Besz\u00e9lt nyelvek<\/strong><br \/>\u2022 ?? magyar<br \/>\u2022 ?? ukr\u00e1n<br \/>\u2022 ?? orosz<br \/>\u2022 ?? angol<\/p>\n\n\n\n<p class=\"has-medium-font-size\"><strong>Szolg\u00e1ltat\u00e1si ter\u00fclet<\/strong><br \/>\u2022 Budapest<\/p>\n\n<\/div>\n\n<\/div>\n\n\n\n<hr class=\"wp-block-separator has-text-color has-cyan-bluish-gray-color has-alpha-channel-opacity is-style-default\" style=\"border-top:0px !important\" \/>\n\n\n<div class=\"wp-block-group\"><div class=\"wp-block-group__inner-container is-layout-constrained wp-block-group-is-layout-constrained\">\n<div style=\"background-color:#b9dfff;color:white;border-radius:10px;padding: 24px 24px 4px\">\n\n\n\n<figure class=\"wp-block-image size-full is-resized\"><img loading=\"lazy\" decoding=\"async\" width=\"100\" height=\"100\" src=\"https:\/\/help.unhcr.org\/hungary\/wp-content\/uploads\/sites\/86\/2024\/06\/callout_rcc-1.png\" alt=\"\" class=\"wp-image-18970\" style=\"width:70px\" \/><\/figure>\n\n\n\n<div style=\"height:14px\" aria-hidden=\"true\" class=\"wp-block-spacer\"><\/div>\n\n\n\n<p class=\"has-black-color has-text-color has-link-color has-medium-font-size wp-elements-e1e1581f5ef08b553a198e2f5feea1cb\">Tov\u00e1bbi inform\u00e1ci\u00f3k\u00e9rt, valamint visszajelz\u00e9s\u00e9vel vagy panasz\u00e1val h\u00edvja a <strong>UNHCR Menek\u00fclt\u00fcgyi Seg\u00e9lyvonal\u00e1t<\/strong> a <strong><a href=\"tel:+36 80 984 583\">+36 80 984 583<\/a>\u200b<\/strong> telefonsz\u00e1mon (h\u00e9tf\u0151t\u0151l p\u00e9ntekig, 08:00 \u2013 17:00 k\u00f6z\u00f6tt) ukr\u00e1n, orosz, magyar \u00e9s angol nyelven, vagy keressen minket e-mailen a <a href=\"mailto:hunbucontact@unhcr.org\">hunbucontact@unhcr.org<\/a> c\u00edmen.<\/p>\n\n\n\n<\/div>\n<\/div><\/div>\n\n\n<p class=\"has-medium-font-size\"><a href=\"https:\/\/help.unhcr.org\/hungary\/hu\/partners\/\">Vissza az \u00f6sszes szervezethez<\/a><\/p>\n\n\n\n<hr class=\"wp-block-separator has-text-color has-cyan-bluish-gray-color has-alpha-channel-opacity is-style-default\" style=\"border-top:0px !important\" \/>\n\n\n\n<p class=\"has-medium-font-size\"><strong>Jogi nyilatkozat<\/strong><br \/>Felh\u00edvjuk figyelm\u00e9t, hogy az ezen az oldalon szerepl\u0151 adatok a partnereinkt\u0151l kapott inform\u00e1ci\u00f3kon alapulnak. Amennyiben pontatlans\u00e1got tapasztal, k\u00e9rj\u00fck, jelezze a <a href=\"hunbuim@unhcr.org&#x27;\">hunbuim@unhcr.org<\/a> e-mail c\u00edmen, hogy fel\u00fclvizsg\u00e1lhassuk \u00e9s sz\u00fcks\u00e9g eset\u00e9n friss\u00edthess\u00fck azokat.<\/p>\n\n","protected":false},"excerpt":{"rendered":"<p>El\u00e9rhet\u0151s\u00e9gi adatok E-mailiombudapest@iom.int Telefon+36 80 984 544 Seg\u00e9lyvonal \/ Seg\u00e9lyoldal+36 80 984 544 Ny\u00fajtott szolg\u00e1ltat\u00e1sok Alapvet\u0151 sz\u00fcks\u00e9gletek\u2022 P\u00e9nz- \u00e9s utalv\u00e1nybeli t\u00e1mogat\u00e1s alapvet\u0151 sz\u00fcks\u00e9gletek ell\u00e1t\u00e1shoz\u2022 \u00c9lelmez\u00e9si seg\u00edts\u00e9g\u2022 H\u00e1ztart\u00e1si cikkek \/ nem \u00e9lelmiszer cikkek (NFI-k) Eg\u00e9szs\u00e9g \u00e9s ment\u00e1lhigi\u00e9n\u00e9s szolg\u00e1ltat\u00e1sok\u2022 Hozz\u00e1f\u00e9r\u00e9s az eg\u00e9szs\u00e9g\u00fcgyi szolg\u00e1ltat\u00e1sokhoz\u2022 K\u00f6z\u00f6ss\u00e9gi alap\u00fa pszichoszoci\u00e1lis \u00e9s csal\u00e1dseg\u00edt\u0151 tev\u00e9kenys\u00e9gek\u2022 \u00d6sszpontos\u00edtott egy\u00e9ni \u00e9s csoportos pszichoszoci\u00e1lis t\u00e1mogat\u00e1s\u2022 Pszichol\u00f3giai els\u0151seg\u00e9lyny\u00fajt\u00e1s [&hellip;]<\/p>\n","protected":false},"author":575,"featured_media":0,"parent":18998,"menu_order":28,"comment_status":"closed","ping_status":"closed","template":"","meta":{"_acf_changed":false,"footnotes":""},"class_list":["post-20015","page","type-page","status-publish","hentry"],"acf":[],"_links":{"self":[{"href":"https:\/\/help.unhcr.org\/hungary\/hu\/wp-json\/wp\/v2\/pages\/20015","targetHints":{"allow":["GET"]}}],"collection":[{"href":"https:\/\/help.unhcr.org\/hungary\/hu\/wp-json\/wp\/v2\/pages"}],"about":[{"href":"https:\/\/help.unhcr.org\/hungary\/hu\/wp-json\/wp\/v2\/types\/page"}],"author":[{"embeddable":true,"href":"https:\/\/help.unhcr.org\/hungary\/hu\/wp-json\/wp\/v2\/users\/575"}],"replies":[{"embeddable":true,"href":"https:\/\/help.unhcr.org\/hungary\/hu\/wp-json\/wp\/v2\/comments?post=20015"}],"version-history":[{"count":38,"href":"https:\/\/help.unhcr.org\/hungary\/hu\/wp-json\/wp\/v2\/pages\/20015\/revisions"}],"predecessor-version":[{"id":49134,"href":"https:\/\/help.unhcr.org\/hungary\/hu\/wp-json\/wp\/v2\/pages\/20015\/revisions\/49134"}],"up":[{"embeddable":true,"href":"https:\/\/help.unhcr.org\/hungary\/hu\/wp-json\/wp\/v2\/pages\/18998"}],"wp:attachment":[{"href":"https:\/\/help.unhcr.org\/hungary\/hu\/wp-json\/wp\/v2\/media?parent=20015"}],"curies":[{"name":"wp","href":"https:\/\/api.w.org\/{rel}","templated":true}]}}