{"id":20009,"date":"2024-05-08T13:22:42","date_gmt":"2024-05-08T13:22:42","guid":{"rendered":"https:\/\/help.unhcr.org\/hungary\/partners\/unity\/"},"modified":"2025-12-24T09:42:09","modified_gmt":"2025-12-24T09:42:09","slug":"unity","status":"publish","type":"page","link":"https:\/\/help.unhcr.org\/hungary\/hu\/partners\/unity\/","title":{"rendered":"UNITY"},"content":{"rendered":"\n\n<div class=\"wp-block-columns is-layout-flex wp-container-core-columns-is-layout-9d6595d7 wp-block-columns-is-layout-flex\">\n\n<div class=\"wp-block-column is-layout-flow wp-block-column-is-layout-flow\">\n\n<h2 class=\"wp-block-heading\"><strong>El\u00e9rhet\u0151s\u00e9gi adatok<\/strong><\/h2>\n\n\n\n<p class=\"has-medium-font-size\"><strong>E-mail<\/strong><br \/><a href=\"mailto:jednisty@jednisty.org\">jednisty@jednisty.org<\/a><\/p>\n\n\n\n<p class=\"has-medium-font-size\"><strong>Facebook<\/strong><br \/><a href=\"https:\/\/www.facebook.com\/jednisty\" target=\"_blank\">https:\/\/www.facebook.com\/jednisty<\/a><\/p>\n\n\n\n<p class=\"has-medium-font-size\"><strong>Telegram<\/strong><br \/><a href=\"https:\/\/t.me\/jednisty\" target=\"_blank\">https:\/\/t.me\/jednisty<\/a><\/p>\n\n\n\n<p class=\"has-medium-font-size\"><strong>Egy\u00e9b<\/strong><br \/><a href=\"https:\/\/www.instagram.com\/Jednisty\" target=\"_blank\">https:\/\/www.instagram.com\/Jednisty<\/a><\/p>\n\n<\/div>\n\n\n\n<div class=\"wp-block-column is-layout-flow wp-block-column-is-layout-flow\">\n\n<h2 class=\"wp-block-heading\"><strong>Ny\u00fajtott szolg\u00e1ltat\u00e1sok<\/strong><\/h2>\n\n\n\n<p class=\"has-medium-font-size\"><strong>Eg\u00e9szs\u00e9g \u00e9s ment\u00e1lhigi\u00e9n\u00e9s szolg\u00e1ltat\u00e1sok<\/strong><br \/>\u2022 K\u00f6z\u00f6ss\u00e9gi alap\u00fa pszichoszoci\u00e1lis \u00e9s csal\u00e1dseg\u00edt\u0151 tev\u00e9kenys\u00e9gek<\/p>\n\n\n\n<p class=\"has-medium-font-size\"><strong>Foglalkoztat\u00e1s<\/strong><br \/>\u2022 Csal\u00e1di, gyermekfel\u00fcgyeleti \u00e9s \u00f3vodai t\u00e1mogat\u00e1s<br \/>\u2022 Szakmai \/ k\u00e9szs\u00e9gk\u00e9pz\u00e9s<\/p>\n\n\n\n<p class=\"has-medium-font-size\"><strong>Gyermekv\u00e9delem<\/strong><br \/>\u2022 Kapacit\u00e1s\u00e9p\u00edt\u00e9s\/k\u00e9pz\u00e9s a gyermekv\u00e9delmi agg\u00e1lyok megv\u00e1laszol\u00e1s\u00e1ra<br \/>\u2022 Gyermekbar\u00e1t terek<br \/>\u2022 K\u00f6z\u00f6ss\u00e9gi alap\u00fa gyermekv\u00e9delem<br \/>\u2022 Szabadid\u0151s tev\u00e9kenys\u00e9gek gyermekeknek<\/p>\n\n\n\n<p class=\"has-medium-font-size\"><strong>Oktat\u00e1s<\/strong><br \/>\u2022 Felz\u00e1rk\u00f3ztat\u00f3 \u00f3r\u00e1k \u00e9s tanul\u00e1si t\u00e1mogat\u00e1s<br \/>\u2022 Beiratkoz\u00e1s \u00e1llami oktat\u00e1sba<br \/>\u2022 Nyelv\u00f3r\u00e1k<br \/>\u2022 Tananyagok<br \/>\u2022 Szabadid\u0151s oktat\u00e1si szolg\u00e1ltat\u00e1sok<br \/>\u2022 Oktat\u00e1si szem\u00e9lyzet k\u00e9pz\u00e9se vagy t\u00e1mogat\u00e1sa<\/p>\n\n<\/div>\n\n<\/div>\n\n\n\n<hr class=\"wp-block-separator has-text-color has-cyan-bluish-gray-color has-alpha-channel-opacity is-style-default\" style=\"border-top:0px !important\" \/>\n\n\n\n<h2 class=\"wp-block-heading\"><strong>1077 Budapest, Wessel\u00e9nyi utca 44 (Maszoret Avot \u00d3voda \u00e9s \u00c1ltal\u00e1nos Iskola)<\/strong><\/h2>\n\n\n\n<p class=\"has-medium-font-size\">Office\/institution (with assistance on site)\u00a0\u2022\u00a0<a href=\"https:\/\/www.google.com\/maps\/search\/1077%20Budapest%2C%20Wessel%C3%A9nyi%20utca%2044\" target=\"_blank\">Megtekint\u00e9s Google T\u00e9rk\u00e9pen<\/a><\/p>\n\n\n\n<div class=\"wp-block-columns is-layout-flex wp-container-core-columns-is-layout-9d6595d7 wp-block-columns-is-layout-flex\">\n\n<div class=\"wp-block-column is-layout-flow wp-block-column-is-layout-flow\">\n\n<p class=\"has-medium-font-size\"><strong>El\u00e9rhet\u0151s\u00e9gi adatok<\/strong><br \/><a href=\"mailto:info@ecospace.org\">info@ecospace.org<\/a><\/p>\n\n\n\n<p class=\"has-medium-font-size\"><strong>\u00dcgyf\u00e9lfogad\u00e1si id\u0151<\/strong><br \/>h\u00e9tf\u0151: 8:00-16:30<br \/>kedd: 8:00-16:30<br \/>szerda: 8:00-16:30<br \/>cs\u00fct\u00f6rt\u00f6k: 8:00-16:30<br \/>p\u00e9ntek: 8:00-16:30<\/p>\n\n\n\n<p class=\"has-medium-font-size\"><strong>Szolg\u00e1ltat\u00e1sok a helysz\u00ednen<\/strong><br \/>\u2022 Oktat\u00e1s (6)<br \/>\u2022 Foglalkoztat\u00e1s (2)<br \/>\u2022 Gyermekv\u00e9delem (4)<\/p>\n\n<\/div>\n\n\n\n<div class=\"wp-block-column is-layout-flow wp-block-column-is-layout-flow\">\n\n<p class=\"has-medium-font-size\"><strong>Jogosults\u00e1g<\/strong><br \/>\u2022 Menek\u00fclt Ukrajn\u00e1b\u00f3l<\/p>\n\n\n\n<p class=\"has-medium-font-size\"><strong>Besz\u00e9lt nyelvek<\/strong><br \/>\u2022 ?? magyar<br \/>\u2022 ?? ukr\u00e1n<br \/>\u2022 ?? angol<\/p>\n\n\n\n<p class=\"has-medium-font-size\"><strong>Szolg\u00e1ltat\u00e1si ter\u00fclet<\/strong><br \/>\u2022 Budapest<\/p>\n\n<\/div>\n\n<\/div>\n\n\n\n<hr class=\"wp-block-separator has-text-color has-cyan-bluish-gray-color has-alpha-channel-opacity is-style-default\" style=\"border-top:0px !important\" \/>\n\n\n\n<h2 class=\"wp-block-heading\"><strong>1031 Budapest Z\u00e1hony utca 7, U2 (REAL School Budapest)<\/strong><\/h2>\n\n\n\n<p class=\"has-medium-font-size\">Office\/institution (with assistance on site)\u00a0\u2022\u00a0<a href=\"https:\/\/www.google.com\/maps\/search\/1031%20Budapest%20Z%C3%A1hony%20utca%207%2C%20U2\" target=\"_blank\">Megtekint\u00e9s Google T\u00e9rk\u00e9pen<\/a><\/p>\n\n\n\n<div class=\"wp-block-columns is-layout-flex wp-container-core-columns-is-layout-9d6595d7 wp-block-columns-is-layout-flex\">\n\n<div class=\"wp-block-column is-layout-flow wp-block-column-is-layout-flow\">\n\n<p class=\"has-medium-font-size\"><strong>El\u00e9rhet\u0151s\u00e9gi adatok<\/strong><br \/>Barancsikova Marta (<a href=\"mailto:centr@jednisty.org\">centr@jednisty.org<\/a>)<\/p>\n\n\n\n<p class=\"has-medium-font-size\"><strong>\u00dcgyf\u00e9lfogad\u00e1si id\u0151<\/strong><br \/>szombat: 10:00-14:00<\/p>\n\n\n\n<p class=\"has-medium-font-size\"><strong>Szolg\u00e1ltat\u00e1sok a helysz\u00ednen<\/strong><br \/>\u2022 Oktat\u00e1s (5)<br \/>\u2022 Gyermekv\u00e9delem (4)<\/p>\n\n<\/div>\n\n\n\n<div class=\"wp-block-column is-layout-flow wp-block-column-is-layout-flow\">\n\n<p class=\"has-medium-font-size\"><strong>Jogosults\u00e1g<\/strong><br \/>\u2022 Menek\u00fclt Ukrajn\u00e1b\u00f3l<\/p>\n\n\n\n<p class=\"has-medium-font-size\"><strong>Besz\u00e9lt nyelvek<\/strong><br \/>\u2022 ?? ukr\u00e1n<\/p>\n\n\n\n<p class=\"has-medium-font-size\"><strong>Szolg\u00e1ltat\u00e1si ter\u00fclet<\/strong><br \/>\u2022 Budapest<\/p>\n\n<\/div>\n\n<\/div>\n\n\n\n<hr class=\"wp-block-separator has-text-color has-cyan-bluish-gray-color has-alpha-channel-opacity is-style-default\" style=\"border-top:0px !important\" \/>\n\n\n<div class=\"wp-block-group\"><div class=\"wp-block-group__inner-container is-layout-constrained wp-block-group-is-layout-constrained\">\n<div style=\"background-color:#b9dfff;color:white;border-radius:10px;padding: 24px 24px 4px\">\n\n\n\n<figure class=\"wp-block-image size-full is-resized\"><img loading=\"lazy\" decoding=\"async\" width=\"100\" height=\"100\" src=\"https:\/\/help.unhcr.org\/hungary\/wp-content\/uploads\/sites\/86\/2024\/06\/callout_rcc-1.png\" alt=\"\" class=\"wp-image-18970\" style=\"width:70px\" \/><\/figure>\n\n\n\n<div style=\"height:14px\" aria-hidden=\"true\" class=\"wp-block-spacer\"><\/div>\n\n\n\n<p class=\"has-black-color has-text-color has-link-color has-medium-font-size wp-elements-e1e1581f5ef08b553a198e2f5feea1cb\">Tov\u00e1bbi inform\u00e1ci\u00f3k\u00e9rt, valamint visszajelz\u00e9s\u00e9vel vagy panasz\u00e1val h\u00edvja a <strong>UNHCR Menek\u00fclt\u00fcgyi Seg\u00e9lyvonal\u00e1t<\/strong> a <strong><a href=\"tel:+36 80 984 583\">+36 80 984 583<\/a>\u200b<\/strong> telefonsz\u00e1mon (h\u00e9tf\u0151t\u0151l p\u00e9ntekig, 08:00 \u2013 17:00 k\u00f6z\u00f6tt) ukr\u00e1n, orosz, magyar \u00e9s angol nyelven, vagy keressen minket e-mailen a <a href=\"mailto:hunbucontact@unhcr.org\">hunbucontact@unhcr.org<\/a> c\u00edmen.<\/p>\n\n\n\n<\/div>\n<\/div><\/div>\n\n\n<p class=\"has-medium-font-size\"><a href=\"https:\/\/help.unhcr.org\/hungary\/hu\/partners\/\">Vissza az \u00f6sszes szervezethez<\/a><\/p>\n\n\n\n<hr class=\"wp-block-separator has-text-color has-cyan-bluish-gray-color has-alpha-channel-opacity is-style-default\" style=\"border-top:0px !important\" \/>\n\n\n\n<p class=\"has-medium-font-size\"><strong>Jogi nyilatkozat<\/strong><br \/>Felh\u00edvjuk figyelm\u00e9t, hogy az ezen az oldalon szerepl\u0151 adatok a partnereinkt\u0151l kapott inform\u00e1ci\u00f3kon alapulnak. Amennyiben pontatlans\u00e1got tapasztal, k\u00e9rj\u00fck, jelezze a <a href=\"hunbuim@unhcr.org&#x27;\">hunbuim@unhcr.org<\/a> e-mail c\u00edmen, hogy fel\u00fclvizsg\u00e1lhassuk \u00e9s sz\u00fcks\u00e9g eset\u00e9n friss\u00edthess\u00fck azokat.<\/p>\n\n","protected":false},"excerpt":{"rendered":"<p>El\u00e9rhet\u0151s\u00e9gi adatok E-mailjednisty@jednisty.org Facebookhttps:\/\/www.facebook.com\/jednisty Telegramhttps:\/\/t.me\/jednisty Egy\u00e9bhttps:\/\/www.instagram.com\/Jednisty Ny\u00fajtott szolg\u00e1ltat\u00e1sok Eg\u00e9szs\u00e9g \u00e9s ment\u00e1lhigi\u00e9n\u00e9s szolg\u00e1ltat\u00e1sok\u2022 K\u00f6z\u00f6ss\u00e9gi alap\u00fa pszichoszoci\u00e1lis \u00e9s csal\u00e1dseg\u00edt\u0151 tev\u00e9kenys\u00e9gek Foglalkoztat\u00e1s\u2022 Csal\u00e1di, gyermekfel\u00fcgyeleti \u00e9s \u00f3vodai t\u00e1mogat\u00e1s\u2022 Szakmai \/ k\u00e9szs\u00e9gk\u00e9pz\u00e9s Gyermekv\u00e9delem\u2022 Kapacit\u00e1s\u00e9p\u00edt\u00e9s\/k\u00e9pz\u00e9s a gyermekv\u00e9delmi agg\u00e1lyok megv\u00e1laszol\u00e1s\u00e1ra\u2022 Gyermekbar\u00e1t terek\u2022 K\u00f6z\u00f6ss\u00e9gi alap\u00fa gyermekv\u00e9delem\u2022 Szabadid\u0151s tev\u00e9kenys\u00e9gek gyermekeknek Oktat\u00e1s\u2022 Felz\u00e1rk\u00f3ztat\u00f3 \u00f3r\u00e1k \u00e9s tanul\u00e1si t\u00e1mogat\u00e1s\u2022 Beiratkoz\u00e1s \u00e1llami oktat\u00e1sba\u2022 Nyelv\u00f3r\u00e1k\u2022 Tananyagok\u2022 Szabadid\u0151s oktat\u00e1si szolg\u00e1ltat\u00e1sok\u2022 [&hellip;]<\/p>\n","protected":false},"author":575,"featured_media":0,"parent":18998,"menu_order":62,"comment_status":"closed","ping_status":"closed","template":"","meta":{"_acf_changed":false,"footnotes":""},"class_list":["post-20009","page","type-page","status-publish","hentry"],"acf":[],"_links":{"self":[{"href":"https:\/\/help.unhcr.org\/hungary\/hu\/wp-json\/wp\/v2\/pages\/20009","targetHints":{"allow":["GET"]}}],"collection":[{"href":"https:\/\/help.unhcr.org\/hungary\/hu\/wp-json\/wp\/v2\/pages"}],"about":[{"href":"https:\/\/help.unhcr.org\/hungary\/hu\/wp-json\/wp\/v2\/types\/page"}],"author":[{"embeddable":true,"href":"https:\/\/help.unhcr.org\/hungary\/hu\/wp-json\/wp\/v2\/users\/575"}],"replies":[{"embeddable":true,"href":"https:\/\/help.unhcr.org\/hungary\/hu\/wp-json\/wp\/v2\/comments?post=20009"}],"version-history":[{"count":75,"href":"https:\/\/help.unhcr.org\/hungary\/hu\/wp-json\/wp\/v2\/pages\/20009\/revisions"}],"predecessor-version":[{"id":49202,"href":"https:\/\/help.unhcr.org\/hungary\/hu\/wp-json\/wp\/v2\/pages\/20009\/revisions\/49202"}],"up":[{"embeddable":true,"href":"https:\/\/help.unhcr.org\/hungary\/hu\/wp-json\/wp\/v2\/pages\/18998"}],"wp:attachment":[{"href":"https:\/\/help.unhcr.org\/hungary\/hu\/wp-json\/wp\/v2\/media?parent=20009"}],"curies":[{"name":"wp","href":"https:\/\/api.w.org\/{rel}","templated":true}]}}