{"id":19985,"date":"2024-05-08T13:22:19","date_gmt":"2024-05-08T13:22:19","guid":{"rendered":"https:\/\/help.unhcr.org\/hungary\/partners\/romaversitas-foundation\/"},"modified":"2025-12-24T09:41:42","modified_gmt":"2025-12-24T09:41:42","slug":"romaversitas-foundation","status":"publish","type":"page","link":"https:\/\/help.unhcr.org\/hungary\/hu\/partners\/romaversitas-foundation\/","title":{"rendered":"Romaversitas Alap\u00edtv\u00e1ny"},"content":{"rendered":"\n\n<div class=\"wp-block-columns is-layout-flex wp-container-core-columns-is-layout-9d6595d7 wp-block-columns-is-layout-flex\">\n\n<div class=\"wp-block-column is-layout-flow wp-block-column-is-layout-flow\">\n\n<h2 class=\"wp-block-heading\"><strong>El\u00e9rhet\u0151s\u00e9gi adatok<\/strong><\/h2>\n\n\n\n<p class=\"has-medium-font-size\"><strong>E-mail<\/strong><br \/><a href=\"mailto:romaversitas@romaversitas.hu\">romaversitas@romaversitas.hu<\/a><\/p>\n\n\n\n<p class=\"has-medium-font-size\"><strong>Telefon<\/strong><br \/><a href=\"tel:+36706044407\">+36 70 604 4407<\/a><\/p>\n\n\n\n<p class=\"has-medium-font-size\"><strong>Weboldal<\/strong><br \/><a href=\"https:\/\/romaversitas.hu\/\" target=\"_blank\">https:\/\/romaversitas.hu\/<\/a><\/p>\n\n\n\n<p class=\"has-medium-font-size\"><strong>Facebook<\/strong><br \/><a href=\"https:\/\/www.facebook.com\/RomaversitasAlapitvany\" target=\"_blank\">https:\/\/www.facebook.com\/RomaversitasAlapitvany<\/a><\/p>\n\n<\/div>\n\n\n\n<div class=\"wp-block-column is-layout-flow wp-block-column-is-layout-flow\">\n\n<h2 class=\"wp-block-heading\"><strong>Ny\u00fajtott szolg\u00e1ltat\u00e1sok<\/strong><\/h2>\n\n\n\n<p class=\"has-medium-font-size\"><strong>Oktat\u00e1s<\/strong><br \/>\u2022 Oktat\u00e1si szem\u00e9lyzet k\u00e9pz\u00e9se vagy t\u00e1mogat\u00e1sa<\/p>\n\n<\/div>\n\n<\/div>\n\n\n\n<hr class=\"wp-block-separator has-text-color has-cyan-bluish-gray-color has-alpha-channel-opacity is-style-default\" style=\"border-top:0px !important\" \/>\n\n\n\n<h2 class=\"wp-block-heading\"><strong>1132 Budapest, Garam utca 27. (Office of Romaversitas)<\/strong><\/h2>\n\n\n\n<p class=\"has-medium-font-size\">\u00a0\u2022\u00a0<a href=\"https:\/\/www.google.com\/maps\/search\/1132%20Budapest%2C%20Garam%20utca%2027.\" target=\"_blank\">Megtekint\u00e9s Google T\u00e9rk\u00e9pen<\/a><\/p>\n\n\n\n<div class=\"wp-block-columns is-layout-flex wp-container-core-columns-is-layout-9d6595d7 wp-block-columns-is-layout-flex\">\n\n<div class=\"wp-block-column is-layout-flow wp-block-column-is-layout-flow\">\n\n<p class=\"has-medium-font-size\"><strong>\u00dcgyf\u00e9lfogad\u00e1si id\u0151<\/strong><br \/>h\u00e9tf\u0151: 09:00-17:00<br \/>kedd: 09:00-17:00<br \/>szerda: 09:00-17:00<br \/>cs\u00fct\u00f6rt\u00f6k: 09:00-17:00<br \/>p\u00e9ntek: 09:00-17:00<\/p>\n\n\n\n<p class=\"has-medium-font-size\"><strong>Szolg\u00e1ltat\u00e1sok a helysz\u00ednen<\/strong><br \/>\u2022 Oktat\u00e1s (1)<\/p>\n\n<\/div>\n\n\n\n<div class=\"wp-block-column is-layout-flow wp-block-column-is-layout-flow\">\n\n<p class=\"has-medium-font-size\"><strong>Besz\u00e9lt nyelvek<\/strong><br \/>\u2022 ?? magyar<br \/>\u2022 ?? angol<\/p>\n\n\n\n<p class=\"has-medium-font-size\"><strong>Szolg\u00e1ltat\u00e1si ter\u00fclet<\/strong><br \/>\u2022 Budapest<\/p>\n\n<\/div>\n\n<\/div>\n\n\n\n<hr class=\"wp-block-separator has-text-color has-cyan-bluish-gray-color has-alpha-channel-opacity is-style-default\" style=\"border-top:0px !important\" \/>\n\n\n<div class=\"wp-block-group\"><div class=\"wp-block-group__inner-container is-layout-constrained wp-block-group-is-layout-constrained\">\n<div style=\"background-color:#b9dfff;color:white;border-radius:10px;padding: 24px 24px 4px\">\n\n\n\n<figure class=\"wp-block-image size-full is-resized\"><img loading=\"lazy\" decoding=\"async\" width=\"100\" height=\"100\" src=\"https:\/\/help.unhcr.org\/hungary\/wp-content\/uploads\/sites\/86\/2024\/06\/callout_rcc-1.png\" alt=\"\" class=\"wp-image-18970\" style=\"width:70px\" \/><\/figure>\n\n\n\n<div style=\"height:14px\" aria-hidden=\"true\" class=\"wp-block-spacer\"><\/div>\n\n\n\n<p class=\"has-black-color has-text-color has-link-color has-medium-font-size wp-elements-e1e1581f5ef08b553a198e2f5feea1cb\">Tov\u00e1bbi inform\u00e1ci\u00f3k\u00e9rt, valamint visszajelz\u00e9s\u00e9vel vagy panasz\u00e1val h\u00edvja a <strong>UNHCR Menek\u00fclt\u00fcgyi Seg\u00e9lyvonal\u00e1t<\/strong> a <strong><a href=\"tel:+36 80 984 583\">+36 80 984 583<\/a>\u200b<\/strong> telefonsz\u00e1mon (h\u00e9tf\u0151t\u0151l p\u00e9ntekig, 08:00 \u2013 17:00 k\u00f6z\u00f6tt) ukr\u00e1n, orosz, magyar \u00e9s angol nyelven, vagy keressen minket e-mailen a <a href=\"mailto:hunbucontact@unhcr.org\">hunbucontact@unhcr.org<\/a> c\u00edmen.<\/p>\n\n\n\n<\/div>\n<\/div><\/div>\n\n\n<p class=\"has-medium-font-size\"><a href=\"https:\/\/help.unhcr.org\/hungary\/hu\/partners\/\">Vissza az \u00f6sszes szervezethez<\/a><\/p>\n\n\n\n<hr class=\"wp-block-separator has-text-color has-cyan-bluish-gray-color has-alpha-channel-opacity is-style-default\" style=\"border-top:0px !important\" \/>\n\n\n\n<p class=\"has-medium-font-size\"><strong>Jogi nyilatkozat<\/strong><br \/>Felh\u00edvjuk figyelm\u00e9t, hogy az ezen az oldalon szerepl\u0151 adatok a partnereinkt\u0151l kapott inform\u00e1ci\u00f3kon alapulnak. Amennyiben pontatlans\u00e1got tapasztal, k\u00e9rj\u00fck, jelezze a <a href=\"hunbuim@unhcr.org&#x27;\">hunbuim@unhcr.org<\/a> e-mail c\u00edmen, hogy fel\u00fclvizsg\u00e1lhassuk \u00e9s sz\u00fcks\u00e9g eset\u00e9n friss\u00edthess\u00fck azokat.<\/p>\n\n","protected":false},"excerpt":{"rendered":"<p>El\u00e9rhet\u0151s\u00e9gi adatok E-mailromaversitas@romaversitas.hu Telefon+36 70 604 4407 Weboldalhttps:\/\/romaversitas.hu\/ Facebookhttps:\/\/www.facebook.com\/RomaversitasAlapitvany Ny\u00fajtott szolg\u00e1ltat\u00e1sok Oktat\u00e1s\u2022 Oktat\u00e1si szem\u00e9lyzet k\u00e9pz\u00e9se vagy t\u00e1mogat\u00e1sa 1132 Budapest, Garam utca 27. (Office of Romaversitas) \u00a0\u2022\u00a0Megtekint\u00e9s Google T\u00e9rk\u00e9pen \u00dcgyf\u00e9lfogad\u00e1si id\u0151h\u00e9tf\u0151: 09:00-17:00kedd: 09:00-17:00szerda: 09:00-17:00cs\u00fct\u00f6rt\u00f6k: 09:00-17:00p\u00e9ntek: 09:00-17:00 Szolg\u00e1ltat\u00e1sok a helysz\u00ednen\u2022 Oktat\u00e1s (1) Besz\u00e9lt nyelvek\u2022 ?? magyar\u2022 ?? angol Szolg\u00e1ltat\u00e1si ter\u00fclet\u2022 Budapest Vissza az \u00f6sszes szervezethez Jogi nyilatkozatFelh\u00edvjuk [&hellip;]<\/p>\n","protected":false},"author":575,"featured_media":0,"parent":18998,"menu_order":50,"comment_status":"closed","ping_status":"closed","template":"","meta":{"_acf_changed":false,"footnotes":""},"class_list":["post-19985","page","type-page","status-publish","hentry"],"acf":[],"_links":{"self":[{"href":"https:\/\/help.unhcr.org\/hungary\/hu\/wp-json\/wp\/v2\/pages\/19985","targetHints":{"allow":["GET"]}}],"collection":[{"href":"https:\/\/help.unhcr.org\/hungary\/hu\/wp-json\/wp\/v2\/pages"}],"about":[{"href":"https:\/\/help.unhcr.org\/hungary\/hu\/wp-json\/wp\/v2\/types\/page"}],"author":[{"embeddable":true,"href":"https:\/\/help.unhcr.org\/hungary\/hu\/wp-json\/wp\/v2\/users\/575"}],"replies":[{"embeddable":true,"href":"https:\/\/help.unhcr.org\/hungary\/hu\/wp-json\/wp\/v2\/comments?post=19985"}],"version-history":[{"count":40,"href":"https:\/\/help.unhcr.org\/hungary\/hu\/wp-json\/wp\/v2\/pages\/19985\/revisions"}],"predecessor-version":[{"id":49178,"href":"https:\/\/help.unhcr.org\/hungary\/hu\/wp-json\/wp\/v2\/pages\/19985\/revisions\/49178"}],"up":[{"embeddable":true,"href":"https:\/\/help.unhcr.org\/hungary\/hu\/wp-json\/wp\/v2\/pages\/18998"}],"wp:attachment":[{"href":"https:\/\/help.unhcr.org\/hungary\/hu\/wp-json\/wp\/v2\/media?parent=19985"}],"curies":[{"name":"wp","href":"https:\/\/api.w.org\/{rel}","templated":true}]}}