{"id":19979,"date":"2024-05-08T13:22:13","date_gmt":"2024-05-08T13:22:13","guid":{"rendered":"https:\/\/help.unhcr.org\/hungary\/partners\/menedek-hungarian-association-for-migrants\/"},"modified":"2025-12-24T09:41:10","modified_gmt":"2025-12-24T09:41:10","slug":"menedek-hungarian-association-for-migrants","status":"publish","type":"page","link":"https:\/\/help.unhcr.org\/hungary\/hu\/partners\/menedek-hungarian-association-for-migrants\/","title":{"rendered":"Mened\u00e9k \u2014 Migr\u00e1nsokat Seg\u00edt\u0151 Egyes\u00fclet"},"content":{"rendered":"\n\n<div class=\"wp-block-columns is-layout-flex wp-container-core-columns-is-layout-9d6595d7 wp-block-columns-is-layout-flex\">\n\n<div class=\"wp-block-column is-layout-flow wp-block-column-is-layout-flow\">\n\n<h2 class=\"wp-block-heading\"><strong>El\u00e9rhet\u0151s\u00e9gi adatok<\/strong><\/h2>\n\n\n\n<p class=\"has-medium-font-size\"><strong>E-mail<\/strong><br \/><a href=\"mailto:menedek@menedek.hu\">menedek@menedek.hu<\/a>\u00a0<\/p>\n\n\n\n<p class=\"has-medium-font-size\"><strong>Telefon<\/strong><br \/><a href=\"tel:+36204507245\">+36204507245<\/a><\/p>\n\n\n\n<p class=\"has-medium-font-size\"><strong>Seg\u00e9lyvonal \/ Seg\u00e9lyoldal<\/strong><br \/><a href=\"tel:+3680625025\">+3680625025<\/a> (only for potential victims of labour exploitation)<\/p>\n\n\n\n<p class=\"has-medium-font-size\"><strong>Weboldal<\/strong><br \/><a href=\"https:\/\/menedek.hu\/\" target=\"_blank\">https:\/\/menedek.hu\/<\/a><\/p>\n\n\n\n<p class=\"has-medium-font-size\"><strong>Facebook<\/strong><br \/><a href=\"https:\/\/www.facebook.com\/menedekegyesulet\" target=\"_blank\">https:\/\/www.facebook.com\/menedekegyesulet<\/a><\/p>\n\n\n\n<p class=\"has-medium-font-size\"><strong>Egy\u00e9b<\/strong><br \/>Viber: <a href=\"tel:+36204507245\">+36204507245<\/a>, Instagram: @menedek_egyesulet<\/p>\n\n<\/div>\n\n\n\n<div class=\"wp-block-column is-layout-flow wp-block-column-is-layout-flow\">\n\n<h2 class=\"wp-block-heading\"><strong>Ny\u00fajtott szolg\u00e1ltat\u00e1sok<\/strong><\/h2>\n\n\n\n<p class=\"has-medium-font-size\"><strong>Eg\u00e9szs\u00e9g \u00e9s ment\u00e1lhigi\u00e9n\u00e9s szolg\u00e1ltat\u00e1sok<\/strong><br \/>\u2022 Hozz\u00e1f\u00e9r\u00e9s az eg\u00e9szs\u00e9g\u00fcgyi szolg\u00e1ltat\u00e1sokhoz<br \/>\u2022 Hozz\u00e1f\u00e9r\u00e9s szexu\u00e1lis \u00e9s reprodukci\u00f3s eg\u00e9szs\u00e9g\u00fcgyi szolg\u00e1ltat\u00e1sokhoz (SRHC)<br \/>\u2022 Az eg\u00e9szs\u00e9g\u00fcgyi dolgoz\u00f3k kapacit\u00e1s\u00e9p\u00edt\u00e9se<br \/>\u2022 \u00d6sszpontos\u00edtott egy\u00e9ni \u00e9s csoportos pszichoszoci\u00e1lis t\u00e1mogat\u00e1s<br \/>\u2022 Speci\u00e1lis MHPSS szolg\u00e1ltat\u00e1sok<\/p>\n\n\n\n<p class=\"has-medium-font-size\"><strong>Foglalkoztat\u00e1s<\/strong><br \/>\u2022 Foglalkoztat\u00e1si \u00e9s munkajogi tan\u00e1csad\u00e1s<br \/>\u2022 Kultur\u00e1lis k\u00f6zvet\u00edt\u00e9s \u00e9s integr\u00e1ci\u00f3 t\u00e1mogat\u00e1sa<\/p>\n\n\n\n<p class=\"has-medium-font-size\"><strong>Gyermekv\u00e9delem<\/strong><br \/>\u2022 Kapacit\u00e1s\u00e9p\u00edt\u00e9s\/k\u00e9pz\u00e9s a gyermekv\u00e9delmi agg\u00e1lyok megv\u00e1laszol\u00e1s\u00e1ra<br \/>\u2022 Gyermekv\u00e9delmi \u00fcgyek kezel\u00e9see<br \/>\u2022 Kommunik\u00e1ci\u00f3s \u00e9s \u00e9rdekk\u00e9pviseleti kamp\u00e1nyok<br \/>\u2022 K\u00f6z\u00f6ss\u00e9gi alap\u00fa gyermekv\u00e9delem<br \/>\u2022 Szabadid\u0151s tev\u00e9kenys\u00e9gek gyermekeknek<br \/>\u2022 A vesz\u00e9lyeztetett gyermekek szakszolg\u00e1latokhoz val\u00f3 beutal\u00e1sa<\/p>\n\n\n\n<p class=\"has-medium-font-size\"><strong>Oktat\u00e1s<\/strong><br \/>\u2022 Felz\u00e1rk\u00f3ztat\u00f3 \u00f3r\u00e1k \u00e9s tanul\u00e1si t\u00e1mogat\u00e1s<br \/>\u2022 Beiratkoz\u00e1s \u00e1llami oktat\u00e1sba<br \/>\u2022 Nyelv\u00f3r\u00e1k<br \/>\u2022 Szabadid\u0151s oktat\u00e1si szolg\u00e1ltat\u00e1sok<br \/>\u2022 Oktat\u00e1si szem\u00e9lyzet k\u00e9pz\u00e9se vagy t\u00e1mogat\u00e1sa<\/p>\n\n\n\n<p class=\"has-medium-font-size\"><strong>V\u00e9delem<\/strong><br \/>\u2022 Hozz\u00e1f\u00e9r\u00e9s szem\u00e9lyazonos\u00edt\u00f3 okm\u00e1nyokhoz<br \/>\u2022 Kapacit\u00e1sfejleszt\u00e9s jogi k\u00e9rd\u00e9sekben<br \/>\u2022 K\u00f6z\u00f6ss\u00e9gi figyelemfelh\u00edv\u00e1s<br \/>\u2022 K\u00f6z\u00f6ss\u00e9gi alap\u00fa, v\u00e9delmi c\u00e9l\u00fa k\u00f6zbel\u00e9p\u00e9s<br \/>\u2022 Beilleszked\u00e9ssel kapcsolatos tan\u00e1csad\u00e1si alkalmak<br \/>\u2022 Integr\u00e1lt\/\u00e1tfog\u00f3 v\u00e9delemmel kapcsolatos esetkezel\u00e9s<br \/>\u2022 Jogi seg\u00edts\u00e9g<br \/>\u2022 A vesz\u00e9lyeztetett feln\u0151ttek beutal\u00e1sa szakszolg\u00e1latokhoz<br \/>\u2022 V\u00e9delemmel kapcsolatos seg\u00edts\u00e9gny\u00fajt\u00e1s c\u00e9lzottan speci\u00e1lis ig\u00e9ny\u0171 szem\u00e9lyeknek<\/p>\n\n<\/div>\n\n<\/div>\n\n\n\n<hr class=\"wp-block-separator has-text-color has-cyan-bluish-gray-color has-alpha-channel-opacity is-style-default\" style=\"border-top:0px !important\" \/>\n\n\n\n<h2 class=\"wp-block-heading\"><strong>1066 Budapest, \u00d3 utca 39., fsz\/1. (Office of Menedek)<\/strong><\/h2>\n\n\n\n<p class=\"has-medium-font-size\">Office\/institution (with assistance on site)\u00a0\u2022\u00a0<a href=\"https:\/\/www.google.com\/maps\/search\/1066%20Budapest%2C%20%C3%93%20utca%2039.%2C%20fsz%2F1.\" target=\"_blank\">Megtekint\u00e9s Google T\u00e9rk\u00e9pen<\/a><\/p>\n\n\n\n<div class=\"wp-block-columns is-layout-flex wp-container-core-columns-is-layout-9d6595d7 wp-block-columns-is-layout-flex\">\n\n<div class=\"wp-block-column is-layout-flow wp-block-column-is-layout-flow\">\n\n<p class=\"has-medium-font-size\"><strong>K\u00e9rjen id\u0151pontot<\/strong><br \/><a href=\"mailto:menedek@menedek.hu\">menedek@menedek.hu<\/a> \u2022 <a href=\"tel:+36204507245\">+36204507245<\/a><\/p>\n\n\n\n<p class=\"has-medium-font-size\"><strong>Szolg\u00e1ltat\u00e1sok a helysz\u00ednen<\/strong><br \/>\u2022 Oktat\u00e1s (5)<br \/>\u2022 Eg\u00e9szs\u00e9g \u00e9s ment\u00e1lhigi\u00e9n\u00e9s szolg\u00e1ltat\u00e1sok (2)<br \/>\u2022 Foglalkoztat\u00e1s (2)<br \/>\u2022 Gyermekv\u00e9delem (6)<br \/>\u2022 V\u00e9delem (9)<\/p>\n\n<\/div>\n\n\n\n<div class=\"wp-block-column is-layout-flow wp-block-column-is-layout-flow\">\n\n<p class=\"has-medium-font-size\"><strong>Jogosults\u00e1g<\/strong><br \/>\u2022 Menek\u00fclt Ukrajn\u00e1b\u00f3l<br \/>\u2022 M\u00e1s orsz\u00e1gb\u00f3l sz\u00e1rmaz\u00f3 menek\u00fclt\/mened\u00e9kk\u00e9r\u0151<br \/>\u2022 Hontalan szem\u00e9ly<\/p>\n\n\n\n<p class=\"has-medium-font-size\"><strong>Besz\u00e9lt nyelvek<\/strong><br \/>\u2022 ?? magyar<br \/>\u2022 ?? ukr\u00e1n<br \/>\u2022 ?? orosz<br \/>\u2022 ?? angol<br \/>\u2022 ?? arab<br \/>\u2022 ?? perzsa<br \/>\u2022 ?? pastu<\/p>\n\n\n\n<p class=\"has-medium-font-size\"><strong>Szolg\u00e1ltat\u00e1si ter\u00fclet<\/strong><br \/>\u2022 Budapest<br \/>\u2022 Szabolcs-Szatm\u00e1r-Bereg<\/p>\n\n<\/div>\n\n<\/div>\n\n\n\n<hr class=\"wp-block-separator has-text-color has-cyan-bluish-gray-color has-alpha-channel-opacity is-style-default\" style=\"border-top:0px !important\" \/>\n\n\n<div class=\"wp-block-group\"><div class=\"wp-block-group__inner-container is-layout-constrained wp-block-group-is-layout-constrained\">\n<div style=\"background-color:#b9dfff;color:white;border-radius:10px;padding: 24px 24px 4px\">\n\n\n\n<figure class=\"wp-block-image size-full is-resized\"><img loading=\"lazy\" decoding=\"async\" width=\"100\" height=\"100\" src=\"https:\/\/help.unhcr.org\/hungary\/wp-content\/uploads\/sites\/86\/2024\/06\/callout_rcc-1.png\" alt=\"\" class=\"wp-image-18970\" style=\"width:70px\" \/><\/figure>\n\n\n\n<div style=\"height:14px\" aria-hidden=\"true\" class=\"wp-block-spacer\"><\/div>\n\n\n\n<p class=\"has-black-color has-text-color has-link-color has-medium-font-size wp-elements-e1e1581f5ef08b553a198e2f5feea1cb\">Tov\u00e1bbi inform\u00e1ci\u00f3k\u00e9rt, valamint visszajelz\u00e9s\u00e9vel vagy panasz\u00e1val h\u00edvja a <strong>UNHCR Menek\u00fclt\u00fcgyi Seg\u00e9lyvonal\u00e1t<\/strong> a <strong><a href=\"tel:+36 80 984 583\">+36 80 984 583<\/a>\u200b<\/strong> telefonsz\u00e1mon (h\u00e9tf\u0151t\u0151l p\u00e9ntekig, 08:00 \u2013 17:00 k\u00f6z\u00f6tt) ukr\u00e1n, orosz, magyar \u00e9s angol nyelven, vagy keressen minket e-mailen a <a href=\"mailto:hunbucontact@unhcr.org\">hunbucontact@unhcr.org<\/a> c\u00edmen.<\/p>\n\n\n\n<\/div>\n<\/div><\/div>\n\n\n<p class=\"has-medium-font-size\"><a href=\"https:\/\/help.unhcr.org\/hungary\/hu\/partners\/\">Vissza az \u00f6sszes szervezethez<\/a><\/p>\n\n\n\n<hr class=\"wp-block-separator has-text-color has-cyan-bluish-gray-color has-alpha-channel-opacity is-style-default\" style=\"border-top:0px !important\" \/>\n\n\n\n<p class=\"has-medium-font-size\"><strong>Jogi nyilatkozat<\/strong><br \/>Felh\u00edvjuk figyelm\u00e9t, hogy az ezen az oldalon szerepl\u0151 adatok a partnereinkt\u0151l kapott inform\u00e1ci\u00f3kon alapulnak. Amennyiben pontatlans\u00e1got tapasztal, k\u00e9rj\u00fck, jelezze a <a href=\"hunbuim@unhcr.org&#x27;\">hunbuim@unhcr.org<\/a> e-mail c\u00edmen, hogy fel\u00fclvizsg\u00e1lhassuk \u00e9s sz\u00fcks\u00e9g eset\u00e9n friss\u00edthess\u00fck azokat.<\/p>\n\n","protected":false},"excerpt":{"rendered":"<p>El\u00e9rhet\u0151s\u00e9gi adatok E-mailmenedek@menedek.hu\u00a0 Telefon+36204507245 Seg\u00e9lyvonal \/ Seg\u00e9lyoldal+3680625025 (only for potential victims of labour exploitation) Weboldalhttps:\/\/menedek.hu\/ Facebookhttps:\/\/www.facebook.com\/menedekegyesulet Egy\u00e9bViber: +36204507245, Instagram: @menedek_egyesulet Ny\u00fajtott szolg\u00e1ltat\u00e1sok Eg\u00e9szs\u00e9g \u00e9s ment\u00e1lhigi\u00e9n\u00e9s szolg\u00e1ltat\u00e1sok\u2022 Hozz\u00e1f\u00e9r\u00e9s az eg\u00e9szs\u00e9g\u00fcgyi szolg\u00e1ltat\u00e1sokhoz\u2022 Hozz\u00e1f\u00e9r\u00e9s szexu\u00e1lis \u00e9s reprodukci\u00f3s eg\u00e9szs\u00e9g\u00fcgyi szolg\u00e1ltat\u00e1sokhoz (SRHC)\u2022 Az eg\u00e9szs\u00e9g\u00fcgyi dolgoz\u00f3k kapacit\u00e1s\u00e9p\u00edt\u00e9se\u2022 \u00d6sszpontos\u00edtott egy\u00e9ni \u00e9s csoportos pszichoszoci\u00e1lis t\u00e1mogat\u00e1s\u2022 Speci\u00e1lis MHPSS szolg\u00e1ltat\u00e1sok Foglalkoztat\u00e1s\u2022 Foglalkoztat\u00e1si \u00e9s munkajogi tan\u00e1csad\u00e1s\u2022 [&hellip;]<\/p>\n","protected":false},"author":575,"featured_media":0,"parent":18998,"menu_order":35,"comment_status":"closed","ping_status":"closed","template":"","meta":{"_acf_changed":false,"footnotes":""},"class_list":["post-19979","page","type-page","status-publish","hentry"],"acf":[],"_links":{"self":[{"href":"https:\/\/help.unhcr.org\/hungary\/hu\/wp-json\/wp\/v2\/pages\/19979","targetHints":{"allow":["GET"]}}],"collection":[{"href":"https:\/\/help.unhcr.org\/hungary\/hu\/wp-json\/wp\/v2\/pages"}],"about":[{"href":"https:\/\/help.unhcr.org\/hungary\/hu\/wp-json\/wp\/v2\/types\/page"}],"author":[{"embeddable":true,"href":"https:\/\/help.unhcr.org\/hungary\/hu\/wp-json\/wp\/v2\/users\/575"}],"replies":[{"embeddable":true,"href":"https:\/\/help.unhcr.org\/hungary\/hu\/wp-json\/wp\/v2\/comments?post=19979"}],"version-history":[{"count":100,"href":"https:\/\/help.unhcr.org\/hungary\/hu\/wp-json\/wp\/v2\/pages\/19979\/revisions"}],"predecessor-version":[{"id":49148,"href":"https:\/\/help.unhcr.org\/hungary\/hu\/wp-json\/wp\/v2\/pages\/19979\/revisions\/49148"}],"up":[{"embeddable":true,"href":"https:\/\/help.unhcr.org\/hungary\/hu\/wp-json\/wp\/v2\/pages\/18998"}],"wp:attachment":[{"href":"https:\/\/help.unhcr.org\/hungary\/hu\/wp-json\/wp\/v2\/media?parent=19979"}],"curies":[{"name":"wp","href":"https:\/\/api.w.org\/{rel}","templated":true}]}}