{"id":19209,"date":"2024-05-08T13:11:06","date_gmt":"2024-05-08T13:11:06","guid":{"rendered":"https:\/\/help.unhcr.org\/hungary\/partners\/locations\/hajdu-bihar\/"},"modified":"2025-12-24T09:39:22","modified_gmt":"2025-12-24T09:39:22","slug":"hajdu-bihar","status":"publish","type":"page","link":"https:\/\/help.unhcr.org\/hungary\/hu\/partners\/locations\/hajdu-bihar\/","title":{"rendered":"Hajd\u00fa-Bihar &#8211; Menek\u00fclteknek t\u00e1mogat\u00e1st \u00e9s seg\u00edts\u00e9get ny\u00fajt\u00f3 szervezetek Magyarorsz\u00e1gon"},"content":{"rendered":"\n\n<p class=\"has-medium-font-size\"><strong>Megye m\u00f3dos\u00edt\u00e1sa:<\/strong><br \/><a href=\"https:\/\/help.unhcr.org\/hungary\/hu\/partners\/locations\/baranya\/\" data-type=\"page\">Baranya<\/a> \u2022 <a href=\"https:\/\/help.unhcr.org\/hungary\/hu\/partners\/locations\/borsod-abauj-zemplen\/\" data-type=\"page\">Borsod-Abauj-Zempl\u00e9n<\/a> \u2022 <a href=\"https:\/\/help.unhcr.org\/hungary\/hu\/partners\/locations\/budapest\/\" data-type=\"page\">Budapest<\/a> \u2022 <a href=\"https:\/\/help.unhcr.org\/hungary\/hu\/partners\/locations\/bacs-kiskun\/\" data-type=\"page\">B\u00e1cs-Kiskun<\/a> \u2022 <a href=\"https:\/\/help.unhcr.org\/hungary\/hu\/partners\/locations\/bekes\/\" data-type=\"page\">B\u00e9k\u00e9s<\/a> \u2022 <a href=\"https:\/\/help.unhcr.org\/hungary\/hu\/partners\/locations\/csongrad-csanad\/\" data-type=\"page\">Csongr\u00e1d-Csan\u00e1d<\/a> \u2022 <a href=\"https:\/\/help.unhcr.org\/hungary\/hu\/partners\/locations\/fejer\/\" data-type=\"page\">Fej\u00e9r<\/a> \u2022 <a href=\"https:\/\/help.unhcr.org\/hungary\/hu\/partners\/locations\/gyor-moson-sopron\/\" data-type=\"page\">Gy\u0151r-Moson-Sopron<\/a> \u2022 <strong>Hajd\u00fa-Bihar<\/strong> \u2022 <a href=\"https:\/\/help.unhcr.org\/hungary\/hu\/partners\/locations\/heves\/\" data-type=\"page\">Heves<\/a> \u2022 <a href=\"https:\/\/help.unhcr.org\/hungary\/hu\/partners\/locations\/jasz-nagykun-szolnok\/\" data-type=\"page\">J\u00e1sz-Nagykun-Szolnok<\/a> \u2022 <a href=\"https:\/\/help.unhcr.org\/hungary\/hu\/partners\/locations\/komarom-esztergom\/\" data-type=\"page\">Kom\u00e1rom-Esztergom<\/a> \u2022 <a href=\"https:\/\/help.unhcr.org\/hungary\/hu\/partners\/locations\/nograd\/\" data-type=\"page\">N\u00f3gr\u00e1d<\/a> \u2022 <a href=\"https:\/\/help.unhcr.org\/hungary\/hu\/partners\/locations\/countrywide\/\" data-type=\"page\">Orsz\u00e1gszerte<\/a> \u2022 <a href=\"https:\/\/help.unhcr.org\/hungary\/hu\/partners\/locations\/pest\/\" data-type=\"page\">Pest<\/a> \u2022 <a href=\"https:\/\/help.unhcr.org\/hungary\/hu\/partners\/locations\/somogy\/\" data-type=\"page\">Somogy<\/a> \u2022 <a href=\"https:\/\/help.unhcr.org\/hungary\/hu\/partners\/locations\/szabolcs-szatmar-bereg\/\" data-type=\"page\">Szabolcs-Szatm\u00e1r-Bereg<\/a> \u2022 <a href=\"https:\/\/help.unhcr.org\/hungary\/hu\/partners\/locations\/tolna\/\" data-type=\"page\">Tolna<\/a> \u2022 <a href=\"https:\/\/help.unhcr.org\/hungary\/hu\/partners\/locations\/vas\/\" data-type=\"page\">Vas<\/a> \u2022 <a href=\"https:\/\/help.unhcr.org\/hungary\/hu\/partners\/locations\/veszprem\/\" data-type=\"page\">Veszpr\u00e9m<\/a> \u2022 <a href=\"https:\/\/help.unhcr.org\/hungary\/hu\/partners\/locations\/zala\/\" data-type=\"page\">Zala<\/a><\/p>\n\n\n\n<div class=\"wp-block-columns is-layout-flex wp-container-core-columns-is-layout-9d6595d7 wp-block-columns-is-layout-flex\" style=\"margin-bottom:2em\">\n\n<div class=\"wp-block-column is-layout-flow wp-block-column-is-layout-flow\"><a href=\"https:\/\/help.unhcr.org\/hungary\/hu\/partners\/carpathian-foundation-karpatok-alapitvany\/\" style=\"text-decoration:none\"><div style=\"cursor:pointer;background-color:#0072bc;background:linear-gradient(to bottom, rgba(3,132,216,1) 0%, rgba(0,114,188,1) 100%);padding:14px;margin-bottom:0;border-radius:10px;position:relative;width:100%;height:100%;min-height:120px;overflow:hidden;color:white\"><img decoding=\"async\" src=\"https:\/\/help.unhcr.org\/hungary\/wp-content\/uploads\/sites\/86\/2025\/07\/carpathian-foundation-karpatok-alapitvany.png\" alt=\"undefined logo\" style=\"width:50px;height:50px;margin-bottom:10px\" \/>\n\n<h3 class=\"wp-block-heading undefined\" style=\"font-weight:500;margin-bottom:10px\"><strong>Carpathian Foundation \/ K\u00e1rp\u00e1tok Alap\u00edtv\u00e1ny<\/strong><\/h3>\n\n<img decoding=\"async\" src=\"https:\/\/help.unhcr.org\/hungary\/wp-content\/uploads\/sites\/86\/2025\/07\/basic-needs.png\" alt=\"Sector logo\" style=\"width:30px\" \/>\u00a0<img decoding=\"async\" src=\"https:\/\/help.unhcr.org\/hungary\/wp-content\/uploads\/sites\/86\/2024\/05\/child-protection.png\" alt=\"Sector logo\" style=\"width:30px\" \/>\u00a0<img decoding=\"async\" src=\"https:\/\/help.unhcr.org\/hungary\/wp-content\/uploads\/sites\/86\/2024\/05\/education.png\" alt=\"Sector logo\" style=\"width:30px\" \/>\u00a0<img decoding=\"async\" src=\"https:\/\/help.unhcr.org\/hungary\/wp-content\/uploads\/sites\/86\/2025\/07\/employment.png\" alt=\"Sector logo\" style=\"width:30px\" \/>\u00a0<img decoding=\"async\" src=\"https:\/\/help.unhcr.org\/hungary\/wp-content\/uploads\/sites\/86\/2025\/07\/health-mhpss.png\" alt=\"Sector logo\" style=\"width:30px\" \/>\u00a0<img decoding=\"async\" src=\"https:\/\/help.unhcr.org\/hungary\/wp-content\/uploads\/sites\/86\/2024\/05\/protection.png\" alt=\"Sector logo\" style=\"width:30px\" \/>\u00a0<\/div><\/a><\/div>\n\n\n\n<div class=\"wp-block-column is-layout-flow wp-block-column-is-layout-flow\"><a href=\"https:\/\/help.unhcr.org\/hungary\/hu\/partners\/dmjv-csalad-es-gyermekjoleti-kozpont\/\" style=\"text-decoration:none\"><div style=\"cursor:pointer;background-color:#0072bc;background:linear-gradient(to bottom, rgba(3,132,216,1) 0%, rgba(0,114,188,1) 100%);padding:14px;margin-bottom:0;border-radius:10px;position:relative;width:100%;height:100%;min-height:120px;overflow:hidden;color:white\"><img decoding=\"async\" src=\"https:\/\/help.unhcr.org\/hungary\/wp-content\/uploads\/sites\/86\/2024\/05\/dmjv-csalad-es-gyermekjoleti-kozpont.png\" alt=\"undefined logo\" style=\"width:50px;height:50px;margin-bottom:10px\" \/>\n\n<h3 class=\"wp-block-heading undefined\" style=\"font-weight:500;margin-bottom:10px\"><strong>DMJV Csal\u00e1d- \u00e9s Gyermekj\u00f3l\u00e9ti K\u00f6zpont<\/strong><\/h3>\n\n<img decoding=\"async\" src=\"https:\/\/help.unhcr.org\/hungary\/wp-content\/uploads\/sites\/86\/2024\/05\/child-protection.png\" alt=\"Sector logo\" style=\"width:30px\" \/>\u00a0<\/div><\/a><\/div>\n\n\n\n<div class=\"wp-block-column is-layout-flow wp-block-column-is-layout-flow\"><a href=\"https:\/\/help.unhcr.org\/hungary\/hu\/partners\/eu-roma-orszagos-egyesulet\/\" style=\"text-decoration:none\"><div style=\"cursor:pointer;background-color:#0072bc;background:linear-gradient(to bottom, rgba(3,132,216,1) 0%, rgba(0,114,188,1) 100%);padding:14px;margin-bottom:0;border-radius:10px;position:relative;width:100%;height:100%;min-height:120px;overflow:hidden;color:white\"><img decoding=\"async\" src=\"https:\/\/help.unhcr.org\/hungary\/wp-content\/uploads\/sites\/86\/2024\/05\/eu-roma-orszagos-egyesulet.png\" alt=\"undefined logo\" style=\"width:50px;height:50px;margin-bottom:10px\" \/>\n\n<h3 class=\"wp-block-heading undefined\" style=\"font-weight:500;margin-bottom:10px\"><strong>EU-Roma Orsz\u00e1gos Egyes\u00fclet<\/strong><\/h3>\n\n<img decoding=\"async\" src=\"https:\/\/help.unhcr.org\/hungary\/wp-content\/uploads\/sites\/86\/2025\/07\/basic-needs.png\" alt=\"Sector logo\" style=\"width:30px\" \/>\u00a0<\/div><\/a><\/div>\n\n<\/div>\n\n\n\n<div class=\"wp-block-columns is-layout-flex wp-container-core-columns-is-layout-9d6595d7 wp-block-columns-is-layout-flex\" style=\"margin-bottom:2em\">\n\n<div class=\"wp-block-column is-layout-flow wp-block-column-is-layout-flow\"><a href=\"https:\/\/help.unhcr.org\/hungary\/hu\/partners\/hungarian-charity-service-of-the-order-of-malta\/\" style=\"text-decoration:none\"><div style=\"cursor:pointer;background-color:#0072bc;background:linear-gradient(to bottom, rgba(3,132,216,1) 0%, rgba(0,114,188,1) 100%);padding:14px;margin-bottom:0;border-radius:10px;position:relative;width:100%;height:100%;min-height:120px;overflow:hidden;color:white\"><img decoding=\"async\" src=\"https:\/\/help.unhcr.org\/hungary\/wp-content\/uploads\/sites\/86\/2024\/05\/hungarian-charity-service-of-the-order-of-malta.png\" alt=\"undefined logo\" style=\"width:50px;height:50px;margin-bottom:10px\" \/>\n\n<h3 class=\"wp-block-heading undefined\" style=\"font-weight:500;margin-bottom:10px\"><strong>Magyar M\u00e1ltai Szeretetszolg\u00e1lat<\/strong><\/h3>\n\n<img decoding=\"async\" src=\"https:\/\/help.unhcr.org\/hungary\/wp-content\/uploads\/sites\/86\/2025\/07\/basic-needs.png\" alt=\"Sector logo\" style=\"width:30px\" \/>\u00a0<img decoding=\"async\" src=\"https:\/\/help.unhcr.org\/hungary\/wp-content\/uploads\/sites\/86\/2024\/05\/housing.png\" alt=\"Sector logo\" style=\"width:30px\" \/>\u00a0<\/div><\/a><\/div>\n\n\n\n<div class=\"wp-block-column is-layout-flow wp-block-column-is-layout-flow\"><a href=\"https:\/\/help.unhcr.org\/hungary\/hu\/partners\/hungarian-red-cross\/\" style=\"text-decoration:none\"><div style=\"cursor:pointer;background-color:#0072bc;background:linear-gradient(to bottom, rgba(3,132,216,1) 0%, rgba(0,114,188,1) 100%);padding:14px;margin-bottom:0;border-radius:10px;position:relative;width:100%;height:100%;min-height:120px;overflow:hidden;color:white\"><img decoding=\"async\" src=\"https:\/\/help.unhcr.org\/hungary\/wp-content\/uploads\/sites\/86\/2024\/05\/hungarian-red-cross.png\" alt=\"undefined logo\" style=\"width:50px;height:50px;margin-bottom:10px\" \/>\n\n<h3 class=\"wp-block-heading undefined\" style=\"font-weight:500;margin-bottom:10px\"><strong>Magyar V\u00f6r\u00f6skereszt<\/strong><\/h3>\n\n<img decoding=\"async\" src=\"https:\/\/help.unhcr.org\/hungary\/wp-content\/uploads\/sites\/86\/2025\/07\/basic-needs.png\" alt=\"Sector logo\" style=\"width:30px\" \/>\u00a0<img decoding=\"async\" src=\"https:\/\/help.unhcr.org\/hungary\/wp-content\/uploads\/sites\/86\/2024\/05\/child-protection.png\" alt=\"Sector logo\" style=\"width:30px\" \/>\u00a0<img decoding=\"async\" src=\"https:\/\/help.unhcr.org\/hungary\/wp-content\/uploads\/sites\/86\/2024\/05\/education.png\" alt=\"Sector logo\" style=\"width:30px\" \/>\u00a0<img decoding=\"async\" src=\"https:\/\/help.unhcr.org\/hungary\/wp-content\/uploads\/sites\/86\/2024\/05\/protection.png\" alt=\"Sector logo\" style=\"width:30px\" \/>\u00a0<img decoding=\"async\" src=\"https:\/\/help.unhcr.org\/hungary\/wp-content\/uploads\/sites\/86\/2025\/07\/health-mhpss.png\" alt=\"Sector logo\" style=\"width:30px\" \/>\u00a0<\/div><\/a><\/div>\n\n\n\n<div class=\"wp-block-column is-layout-flow wp-block-column-is-layout-flow\"><a href=\"https:\/\/help.unhcr.org\/hungary\/hu\/partners\/central-free-hotline-for-victim-support-ask\/\" style=\"text-decoration:none\"><div style=\"cursor:pointer;background-color:#0072bc;background:linear-gradient(to bottom, rgba(3,132,216,1) 0%, rgba(0,114,188,1) 100%);padding:14px;margin-bottom:0;border-radius:10px;position:relative;width:100%;height:100%;min-height:120px;overflow:hidden;color:white\"><img decoding=\"async\" src=\"https:\/\/help.unhcr.org\/hungary\/wp-content\/uploads\/sites\/86\/2024\/05\/central-free-hotline-for-victim-support-ask.png\" alt=\"undefined logo\" style=\"width:50px;height:50px;margin-bottom:10px\" \/>\n\n<h3 class=\"wp-block-heading undefined\" style=\"font-weight:500;margin-bottom:10px\"><strong>\u00c1ldozatseg\u00edt\u0151 vonal (\u00c1SK)<\/strong><\/h3>\n\n<img decoding=\"async\" src=\"https:\/\/help.unhcr.org\/hungary\/wp-content\/uploads\/sites\/86\/2025\/07\/gender-based-violence-gbv.png\" alt=\"Sector logo\" style=\"width:30px\" \/>\u00a0<\/div><\/a><\/div>\n\n<\/div>\n\n\n\n<p class=\"has-medium-font-size\"><a href=\"https:\/\/help.unhcr.org\/hungary\/hu\/partners\/\">Vissza az \u00f6sszes szervezethez<\/a><\/p>\n\n\n\n<hr class=\"wp-block-separator has-text-color has-cyan-bluish-gray-color has-alpha-channel-opacity is-style-default\" style=\"border-top:0px !important\" \/>\n\n\n\n<p class=\"has-medium-font-size\"><strong>Jogi nyilatkozat<\/strong><br \/>Felh\u00edvjuk figyelm\u00e9t, hogy az ezen az oldalon szerepl\u0151 adatok a partnereinkt\u0151l kapott inform\u00e1ci\u00f3kon alapulnak. Amennyiben pontatlans\u00e1got tapasztal, k\u00e9rj\u00fck, jelezze a <a href=\"hunbuim@unhcr.org&#x27;\">hunbuim@unhcr.org<\/a> e-mail c\u00edmen, hogy fel\u00fclvizsg\u00e1lhassuk \u00e9s sz\u00fcks\u00e9g eset\u00e9n friss\u00edthess\u00fck azokat.<\/p>\n\n","protected":false},"excerpt":{"rendered":"<p>Megye m\u00f3dos\u00edt\u00e1sa:Baranya \u2022 Borsod-Abauj-Zempl\u00e9n \u2022 Budapest \u2022 B\u00e1cs-Kiskun \u2022 B\u00e9k\u00e9s \u2022 Csongr\u00e1d-Csan\u00e1d \u2022 Fej\u00e9r \u2022 Gy\u0151r-Moson-Sopron \u2022 Hajd\u00fa-Bihar \u2022 Heves \u2022 J\u00e1sz-Nagykun-Szolnok \u2022 Kom\u00e1rom-Esztergom \u2022 N\u00f3gr\u00e1d \u2022 Orsz\u00e1gszerte \u2022 Pest \u2022 Somogy \u2022 Szabolcs-Szatm\u00e1r-Bereg \u2022 Tolna \u2022 Vas \u2022 Veszpr\u00e9m \u2022 Zala Carpathian Foundation \/ K\u00e1rp\u00e1tok Alap\u00edtv\u00e1ny DMJV Csal\u00e1d- \u00e9s Gyermekj\u00f3l\u00e9ti K\u00f6zpont EU-Roma Orsz\u00e1gos Egyes\u00fclet [&hellip;]<\/p>\n","protected":false},"author":575,"featured_media":0,"parent":19175,"menu_order":9,"comment_status":"closed","ping_status":"closed","template":"","meta":{"_acf_changed":false,"footnotes":""},"class_list":["post-19209","page","type-page","status-publish","hentry"],"acf":[],"_links":{"self":[{"href":"https:\/\/help.unhcr.org\/hungary\/hu\/wp-json\/wp\/v2\/pages\/19209","targetHints":{"allow":["GET"]}}],"collection":[{"href":"https:\/\/help.unhcr.org\/hungary\/hu\/wp-json\/wp\/v2\/pages"}],"about":[{"href":"https:\/\/help.unhcr.org\/hungary\/hu\/wp-json\/wp\/v2\/types\/page"}],"author":[{"embeddable":true,"href":"https:\/\/help.unhcr.org\/hungary\/hu\/wp-json\/wp\/v2\/users\/575"}],"replies":[{"embeddable":true,"href":"https:\/\/help.unhcr.org\/hungary\/hu\/wp-json\/wp\/v2\/comments?post=19209"}],"version-history":[{"count":42,"href":"https:\/\/help.unhcr.org\/hungary\/hu\/wp-json\/wp\/v2\/pages\/19209\/revisions"}],"predecessor-version":[{"id":49054,"href":"https:\/\/help.unhcr.org\/hungary\/hu\/wp-json\/wp\/v2\/pages\/19209\/revisions\/49054"}],"up":[{"embeddable":true,"href":"https:\/\/help.unhcr.org\/hungary\/hu\/wp-json\/wp\/v2\/pages\/19175"}],"wp:attachment":[{"href":"https:\/\/help.unhcr.org\/hungary\/hu\/wp-json\/wp\/v2\/media?parent=19209"}],"curies":[{"name":"wp","href":"https:\/\/api.w.org\/{rel}","templated":true}]}}