{"id":19182,"date":"2024-05-08T13:10:34","date_gmt":"2024-05-08T13:10:34","guid":{"rendered":"https:\/\/help.unhcr.org\/hungary\/partners\/locations\/tbs\/"},"modified":"2025-04-09T14:13:17","modified_gmt":"2025-04-09T14:13:17","slug":"tbs","status":"publish","type":"page","link":"https:\/\/help.unhcr.org\/hungary\/hu\/partners\/locations\/tbs\/","title":{"rendered":"Partners &#8211; *TBS*"},"content":{"rendered":"\n\n<p class=\"has-medium-font-size\"><strong>Megye m\u00f3dos\u00edt\u00e1sa:<\/strong><br \/><a href=\"https:\/\/help.unhcr.org\/hungary\/hu\/partners\/locations\/countrywide\/\" data-type=\"page\">Orsz\u00e1gszerte<\/a> \u2022 <a href=\"https:\/\/help.unhcr.org\/hungary\/hu\/partners\/locations\/budapest\/\" data-type=\"page\">Budapest<\/a> \u2022 <a href=\"https:\/\/help.unhcr.org\/hungary\/hu\/partners\/locations\/bacs-kiskun\/\" data-type=\"page\">B\u00e1cs-Kiskun<\/a> \u2022 <a href=\"https:\/\/help.unhcr.org\/hungary\/hu\/partners\/locations\/baranya\/\" data-type=\"page\">Baranya<\/a> \u2022 <a href=\"https:\/\/help.unhcr.org\/hungary\/hu\/partners\/locations\/bekes\/\" data-type=\"page\">B\u00e9k\u00e9s<\/a> \u2022 <a href=\"https:\/\/help.unhcr.org\/hungary\/hu\/partners\/locations\/borsod-abauj-zemplen\/\" data-type=\"page\">Borsod-Abauj-Zempl\u00e9n<\/a> \u2022 <a href=\"https:\/\/help.unhcr.org\/hungary\/hu\/partners\/locations\/csongrad-csanad\/\" data-type=\"page\">Csongr\u00e1d-Csan\u00e1d<\/a> \u2022 <a href=\"https:\/\/help.unhcr.org\/hungary\/hu\/partners\/locations\/fejer\/\" data-type=\"page\">Fej\u00e9r<\/a> \u2022 <a href=\"https:\/\/help.unhcr.org\/hungary\/hu\/partners\/locations\/gyor-moson-sopron\/\" data-type=\"page\">Gy\u0151r-Moson-Sopron<\/a> \u2022 <a href=\"https:\/\/help.unhcr.org\/hungary\/hu\/partners\/locations\/hajdu-bihar\/\" data-type=\"page\">Hajd\u00fa-Bihar<\/a> \u2022 <a href=\"https:\/\/help.unhcr.org\/hungary\/hu\/partners\/locations\/heves\/\" data-type=\"page\">Heves<\/a> \u2022 <a href=\"https:\/\/help.unhcr.org\/hungary\/hu\/partners\/locations\/jasz-nagykun-szolnok\/\" data-type=\"page\">J\u00e1sz-Nagykun-Szolnok<\/a> \u2022 <a href=\"https:\/\/help.unhcr.org\/hungary\/hu\/partners\/locations\/komarom-esztergom\/\" data-type=\"page\">Kom\u00e1rom-Esztergom<\/a> \u2022 <a href=\"https:\/\/help.unhcr.org\/hungary\/hu\/partners\/locations\/nograd\/\" data-type=\"page\">N\u00f3gr\u00e1d<\/a> \u2022 <a href=\"https:\/\/help.unhcr.org\/hungary\/hu\/partners\/locations\/pest\/\" data-type=\"page\">Pest<\/a> \u2022 <a href=\"https:\/\/help.unhcr.org\/hungary\/hu\/partners\/locations\/somogy\/\" data-type=\"page\">Somogy<\/a> \u2022 <a href=\"https:\/\/help.unhcr.org\/hungary\/hu\/partners\/locations\/szabolcs-szatmar-bereg\/\" data-type=\"page\">Szabolcs-Szatm\u00e1r-Bereg<\/a> \u2022 <a href=\"https:\/\/help.unhcr.org\/hungary\/hu\/partners\/locations\/tolna\/\" data-type=\"page\">Tolna<\/a> \u2022 <a href=\"https:\/\/help.unhcr.org\/hungary\/hu\/partners\/locations\/vas\/\" data-type=\"page\">Vas<\/a> \u2022 <a href=\"https:\/\/help.unhcr.org\/hungary\/hu\/partners\/locations\/veszprem\/\" data-type=\"page\">Veszpr\u00e9m<\/a> \u2022 <a href=\"https:\/\/help.unhcr.org\/hungary\/hu\/partners\/locations\/zala\/\" data-type=\"page\">Zala<\/a> \u2022 <strong>*TBS*<\/strong><\/p>\n\n\n\n<div class=\"wp-block-columns is-layout-flex wp-container-core-columns-is-layout-9d6595d7 wp-block-columns-is-layout-flex\" style=\"margin-bottom:2em\">\n\n<div class=\"wp-block-column is-layout-flow wp-block-column-is-layout-flow\"><a href=\"https:\/\/help.unhcr.org\/hungary\/hu\/partners\/caritas-hungarica\/\" style=\"text-decoration:none\"><div style=\"cursor:pointer;background-color:#0072bc;background:linear-gradient(to bottom, rgba(3,132,216,1) 0%, rgba(0,114,188,1) 100%);padding:14px;margin-bottom:0;border-radius:10px;position:relative;width:100%;height:100%;min-height:120px;overflow:hidden;color:white\"><img decoding=\"async\" src=\"https:\/\/help.unhcr.org\/hungary\/wp-content\/uploads\/sites\/86\/2024\/05\/caritas-hungarica.png\" alt=\"Katolikus Karit\u00e1sz logo\" style=\"width:50px;height:50px;margin-bottom:10px\" \/>\n\n<h3 style=\"font-weight:500;margin-bottom:10px\" class=\"has-medium-font-size wp-block-heading\">Katolikus Karit\u00e1sz<\/h3>\n\n<img decoding=\"async\" src=\"https:\/\/help.unhcr.org\/hungary\/wp-content\/uploads\/sites\/86\/2024\/05\/cash-and-voucher-assistance.png\" alt=\"Sector logo\" style=\"width:30px\" \/>\u00a0<\/div><\/a><\/div>\n\n\n\n<div class=\"wp-block-column is-layout-flow wp-block-column-is-layout-flow\"><a href=\"https:\/\/help.unhcr.org\/hungary\/hu\/partners\/nesting-play-kft\/\" style=\"text-decoration:none\"><div style=\"cursor:pointer;background-color:#0072bc;background:linear-gradient(to bottom, rgba(3,132,216,1) 0%, rgba(0,114,188,1) 100%);padding:14px;margin-bottom:0;border-radius:10px;position:relative;width:100%;height:100%;min-height:120px;overflow:hidden;color:white\"><img decoding=\"async\" src=\"https:\/\/help.unhcr.org\/hungary\/wp-content\/uploads\/sites\/86\/2024\/05\/nesting-play-kft.png\" alt=\"NestingPlay Kft logo\" style=\"width:50px;height:50px;margin-bottom:10px\" \/>\n\n<h3 style=\"font-weight:500;margin-bottom:10px\" class=\"has-medium-font-size wp-block-heading\">NestingPlay Kft<\/h3>\n\n<img decoding=\"async\" src=\"https:\/\/help.unhcr.org\/hungary\/wp-content\/uploads\/sites\/86\/2024\/05\/child-protection.png\" alt=\"Sector logo\" style=\"width:30px\" \/>\u00a0<\/div><\/a><\/div>\n\n<\/div>\n\n\n\n<p class=\"has-medium-font-size\"><a href=\"https:\/\/help.unhcr.org\/hungary\/hu\/partners\/\">Back to all partners<\/a><\/p>\n\n","protected":false},"excerpt":{"rendered":"<p>Megye m\u00f3dos\u00edt\u00e1sa:Orsz\u00e1gszerte \u2022 Budapest \u2022 B\u00e1cs-Kiskun \u2022 Baranya \u2022 B\u00e9k\u00e9s \u2022 Borsod-Abauj-Zempl\u00e9n \u2022 Csongr\u00e1d-Csan\u00e1d \u2022 Fej\u00e9r \u2022 Gy\u0151r-Moson-Sopron \u2022 Hajd\u00fa-Bihar \u2022 Heves \u2022 J\u00e1sz-Nagykun-Szolnok \u2022 Kom\u00e1rom-Esztergom \u2022 N\u00f3gr\u00e1d \u2022 Pest \u2022 Somogy \u2022 Szabolcs-Szatm\u00e1r-Bereg \u2022 Tolna \u2022 Vas \u2022 Veszpr\u00e9m \u2022 Zala \u2022 *TBS* Katolikus Karit\u00e1sz NestingPlay Kft Back to all partners<\/p>\n","protected":false},"author":347,"featured_media":0,"parent":19175,"menu_order":7,"comment_status":"closed","ping_status":"closed","template":"","meta":{"_acf_changed":false,"footnotes":""},"class_list":["post-19182","page","type-page","status-publish","hentry"],"acf":[],"_links":{"self":[{"href":"https:\/\/help.unhcr.org\/hungary\/hu\/wp-json\/wp\/v2\/pages\/19182","targetHints":{"allow":["GET"]}}],"collection":[{"href":"https:\/\/help.unhcr.org\/hungary\/hu\/wp-json\/wp\/v2\/pages"}],"about":[{"href":"https:\/\/help.unhcr.org\/hungary\/hu\/wp-json\/wp\/v2\/types\/page"}],"author":[{"embeddable":true,"href":"https:\/\/help.unhcr.org\/hungary\/hu\/wp-json\/wp\/v2\/users\/347"}],"replies":[{"embeddable":true,"href":"https:\/\/help.unhcr.org\/hungary\/hu\/wp-json\/wp\/v2\/comments?post=19182"}],"version-history":[{"count":28,"href":"https:\/\/help.unhcr.org\/hungary\/hu\/wp-json\/wp\/v2\/pages\/19182\/revisions"}],"predecessor-version":[{"id":41326,"href":"https:\/\/help.unhcr.org\/hungary\/hu\/wp-json\/wp\/v2\/pages\/19182\/revisions\/41326"}],"up":[{"embeddable":true,"href":"https:\/\/help.unhcr.org\/hungary\/hu\/wp-json\/wp\/v2\/pages\/19175"}],"wp:attachment":[{"href":"https:\/\/help.unhcr.org\/hungary\/hu\/wp-json\/wp\/v2\/media?parent=19182"}],"curies":[{"name":"wp","href":"https:\/\/api.w.org\/{rel}","templated":true}]}}