{"id":11440,"date":"2024-01-23T09:31:30","date_gmt":"2024-01-23T09:31:30","guid":{"rendered":"https:\/\/help.unhcr.org\/hungary\/safe-online-2\/"},"modified":"2024-05-10T13:57:47","modified_gmt":"2024-05-10T13:57:47","slug":"safe-online","status":"publish","type":"page","link":"https:\/\/help.unhcr.org\/hungary\/hu\/safe-online\/","title":{"rendered":"Online. Biztons\u00e1gban &#8211; \u00datmutat\u00f3 a biztons\u00e1gos internethaszn\u00e1lathoz"},"content":{"rendered":"\n\n<p class=\"has-medium-font-size\">Te a vil\u00e1gh\u00e1l\u00f3 t\u00e1gas t\u00e1jain j\u00e1rsz, egy figyelemrem\u00e9lt\u00f3 eszk\u00f6z seg\u00edts\u00e9g\u00e9vel, amely kapcsolatban tart t\u00e9ged szeretteiddel, gazdag inform\u00e1ci\u00f3val l\u00e1t el, \u00e9s sz\u00e1mtalan forr\u00e1st k\u00edn\u00e1l. <strong>Ugyanakkor fontos, hogy \u00e9ber maradj, \u00e9s v\u00e9dd meg magad a potenci\u00e1lis vesz\u00e9lyekt\u0151l, amelyek az interneten leselkedhetnek.<\/strong><\/p>\n\n\n\n<p class=\"has-medium-font-size\">Ezek a fenyeget\u00e9sek nem tesznek k\u00fcl\u00f6nbs\u00e9get; \u00e9letkort\u00f3l, nemt\u0151l, nemzetis\u00e9gt\u0151l, rasszokt\u00f3l vagy szem\u00e9lyi \u00e1llapott\u00f3l f\u00fcggetlen\u00fcl \u00e9rintenek t\u00e9ged. Ez k\u00fcl\u00f6n\u00f6sen igaz, ha kiszolg\u00e1ltatott helyzetben vagy, p\u00e9ld\u00e1ul menek\u00fclt. <strong>Ezt felismerve az UNHCR, ENSZ Menek\u00fclt\u00fcgyi F\u0151biztoss\u00e1ga r\u00e9szletes, 9 fejezetb\u0151l \u00e1ll\u00f3 \u00fatmutat\u00f3t k\u00e9sz\u00edtett kifejezetten neked.<\/strong><\/p>\n\n\n\n<p class=\"has-medium-font-size\">Ha az interneten \u00e1ll\u00e1slehet\u0151s\u00e9geket keresel, sz\u00e1ll\u00e1st keresel, \u00faj emberekkel l\u00e9psz kapcsolatba a Facebook-csoportokban, vagy ha olyan gyerekeid vannak, akik akt\u00edvak a k\u00f6z\u00f6ss\u00e9gi m\u00e9di\u00e1ban, <strong>ez a \u00fatmutat\u00f3 seg\u00edt neked meg\u00e9rteni azokat a k\u00fcl\u00f6nb\u00f6z\u0151 vesz\u00e9lyeket, amelyekkel online tal\u00e1lkozhatsz, \u00e9s konkr\u00e9t strat\u00e9gi\u00e1kat ny\u00fajt a saj\u00e1t v\u00e9delmed \u00e9rdek\u00e9ben.<\/strong><\/p>\n\n\n\n<p class=\"has-medium-font-size\"><\/p>\n\n<div class=\"wp-block-columns is-layout-flex wp-container-core-columns-is-layout-9d6595d7 wp-block-columns-is-layout-flex\" style=\"margin-bottom:2em\"><div class=\"wp-block-column is-layout-flow wp-block-column-is-layout-flow\"><div style=\"margin-bottom:0;border-radius:10px;position:relative;width:100%;min-height:240px;overflow:hidden\"><a href=\"https:\/\/help.unhcr.org\/hungary\/hu\/safe-online\/introduction\" style=\"text-decoration:none\"><img decoding=\"async\" src=\"https:\/\/help.unhcr.org\/hungary\/wp-content\/uploads\/sites\/86\/2024\/04\/hungary.en_.bg_-_introduction_-_1-2.png\" style=\"position:absolute;width:100%;height:100%;top:0;left:0;object-fit:cover\" alt=\"background\" \/><div style=\"position:absolute;width:100%;height:100%;top:0;left:0;background-image:linear-gradient(to bottom, rgb(0 0 0 \/ 0%), rgb(0 0 0 \/ 50%))\"><\/div><img decoding=\"async\" style=\"position:relative;top:0;left:0;width:24px;margin:14px\" src=\"https:\/\/help.unhcr.org\/hungary\/wp-content\/uploads\/sites\/86\/2024\/01\/top-right-arrow.png\" alt=\"arrow\" \/><div style=\"color:white;overflow:hidden;position:absolute;bottom:0;left:0;flex-direction:column;align-items:center;justify-content:center;padding:14px;padding-top:14px;padding-bottom:18px;cursor:pointer\">\n\n<h3 class=\"wp-block-heading\" style=\"font-size:24px;font-weight:500;margin-bottom:4px\">Az online \u00e9leted, messze az otthonodt\u00f3l<\/h3>\n\n<p style=\"font-size:18px;line-height:1.3em;margin-bottom:0\">\u00c9rtsd meg, mi\u00e9rt vagy s\u00e9r\u00fcl\u00e9kenyebb az online fenyeget\u00e9sekre.<\/p><\/div><\/a><\/div><\/div><div class=\"wp-block-column is-layout-flow wp-block-column-is-layout-flow\"><div style=\"margin-bottom:0;border-radius:10px;position:relative;width:100%;min-height:240px;overflow:hidden\"><a href=\"https:\/\/help.unhcr.org\/hungary\/hu\/safe-online\/information\" style=\"text-decoration:none\"><img decoding=\"async\" src=\"https:\/\/help.unhcr.org\/hungary\/wp-content\/uploads\/sites\/86\/2024\/04\/hungary.en_.bg_-_information_-_1-2.png\" style=\"position:absolute;width:100%;height:100%;top:0;left:0;object-fit:cover\" alt=\"background\" \/><div style=\"position:absolute;width:100%;height:100%;top:0;left:0;background-image:linear-gradient(to bottom, rgb(0 0 0 \/ 0%), rgb(0 0 0 \/ 50%))\"><\/div><img decoding=\"async\" style=\"position:relative;top:0;left:0;width:24px;margin:14px\" src=\"https:\/\/help.unhcr.org\/hungary\/wp-content\/uploads\/sites\/86\/2024\/01\/top-right-arrow.png\" alt=\"arrow\" \/><div style=\"color:white;overflow:hidden;position:absolute;bottom:0;left:0;flex-direction:column;align-items:center;justify-content:center;padding:14px;padding-top:14px;padding-bottom:18px;cursor:pointer\">\n\n<h3 class=\"wp-block-heading\" style=\"font-size:24px;font-weight:500;margin-bottom:4px\">Megb\u00edzhat\u00f3 inform\u00e1ci\u00f3forr\u00e1sok azonos\u00edt\u00e1sa<\/h3>\n\n<p style=\"font-size:18px;line-height:1.3em;margin-bottom:0\">Hogyan sz\u0171rj\u00fck ki a t\u00e9nyeket a fikci\u00f3kt\u00f3l az interneten.<\/p><\/div><\/a><\/div><\/div><div class=\"wp-block-column is-layout-flow wp-block-column-is-layout-flow\"><div style=\"margin-bottom:0;border-radius:10px;position:relative;width:100%;min-height:240px;overflow:hidden\"><a href=\"https:\/\/help.unhcr.org\/hungary\/hu\/safe-online\/assistance\" style=\"text-decoration:none\"><img decoding=\"async\" src=\"https:\/\/help.unhcr.org\/hungary\/wp-content\/uploads\/sites\/86\/2024\/04\/hungary.en_.bg_-_assistance_-_1-2.png\" style=\"position:absolute;width:100%;height:100%;top:0;left:0;object-fit:cover\" alt=\"background\" \/><div style=\"position:absolute;width:100%;height:100%;top:0;left:0;background-image:linear-gradient(to bottom, rgb(0 0 0 \/ 0%), rgb(0 0 0 \/ 50%))\"><\/div><img decoding=\"async\" style=\"position:relative;top:0;left:0;width:24px;margin:14px\" src=\"https:\/\/help.unhcr.org\/hungary\/wp-content\/uploads\/sites\/86\/2024\/01\/top-right-arrow.png\" alt=\"arrow\" \/><div style=\"color:white;overflow:hidden;position:absolute;bottom:0;left:0;flex-direction:column;align-items:center;justify-content:center;padding:14px;padding-top:14px;padding-bottom:18px;cursor:pointer\">\n\n<h3 class=\"wp-block-heading\" style=\"font-size:24px;font-weight:500;margin-bottom:4px\">Keress seg\u00edts\u00e9get biztons\u00e1gosan online.<\/h3>\n\n<p style=\"font-size:18px;line-height:1.3em;margin-bottom:0\">Keress seg\u00edts\u00e9get \u00fagy, hogy k\u00f6zben v\u00e9ded a mag\u00e1n\u00e9letedet.<\/p><\/div><\/a><\/div><\/div><\/div><div class=\"wp-block-columns is-layout-flex wp-container-core-columns-is-layout-9d6595d7 wp-block-columns-is-layout-flex\" style=\"margin-bottom:2em\"><div class=\"wp-block-column is-layout-flow wp-block-column-is-layout-flow\"><div style=\"margin-bottom:0;border-radius:10px;position:relative;width:100%;min-height:240px;overflow:hidden\"><a href=\"https:\/\/help.unhcr.org\/hungary\/hu\/safe-online\/offers\" style=\"text-decoration:none\"><img decoding=\"async\" src=\"https:\/\/help.unhcr.org\/hungary\/wp-content\/uploads\/sites\/86\/2024\/04\/hungary.en_.bg_-_offers_-_1-2.png\" style=\"position:absolute;width:100%;height:100%;top:0;left:0;object-fit:cover\" alt=\"background\" \/><div style=\"position:absolute;width:100%;height:100%;top:0;left:0;background-image:linear-gradient(to bottom, rgb(0 0 0 \/ 0%), rgb(0 0 0 \/ 50%))\"><\/div><img decoding=\"async\" style=\"position:relative;top:0;left:0;width:24px;margin:14px\" src=\"https:\/\/help.unhcr.org\/hungary\/wp-content\/uploads\/sites\/86\/2024\/01\/top-right-arrow.png\" alt=\"arrow\" \/><div style=\"color:white;overflow:hidden;position:absolute;bottom:0;left:0;flex-direction:column;align-items:center;justify-content:center;padding:14px;padding-top:14px;padding-bottom:18px;cursor:pointer\">\n\n<h3 class=\"wp-block-heading\" style=\"font-size:24px;font-weight:500;margin-bottom:4px\">Ellen\u0151rizd az online kapott aj\u00e1nlatokat.<\/h3>\n\n<p style=\"font-size:18px;line-height:1.3em;margin-bottom:0\">Hogyan lehet felismerni \u00e9s meger\u0151s\u00edteni a val\u00f3di online aj\u00e1nlatokat.<\/p><\/div><\/a><\/div><\/div><div class=\"wp-block-column is-layout-flow wp-block-column-is-layout-flow\"><div style=\"margin-bottom:0;border-radius:10px;position:relative;width:100%;min-height:240px;overflow:hidden\"><a href=\"https:\/\/help.unhcr.org\/hungary\/hu\/safe-online\/communication\" style=\"text-decoration:none\"><img decoding=\"async\" src=\"https:\/\/help.unhcr.org\/hungary\/wp-content\/uploads\/sites\/86\/2024\/04\/hungary.en_.bg_-_communication_-_1-2.png\" style=\"position:absolute;width:100%;height:100%;top:0;left:0;object-fit:cover\" alt=\"background\" \/><div style=\"position:absolute;width:100%;height:100%;top:0;left:0;background-image:linear-gradient(to bottom, rgb(0 0 0 \/ 0%), rgb(0 0 0 \/ 50%))\"><\/div><img decoding=\"async\" style=\"position:relative;top:0;left:0;width:24px;margin:14px\" src=\"https:\/\/help.unhcr.org\/hungary\/wp-content\/uploads\/sites\/86\/2024\/01\/top-right-arrow.png\" alt=\"arrow\" \/><div style=\"color:white;overflow:hidden;position:absolute;bottom:0;left:0;flex-direction:column;align-items:center;justify-content:center;padding:14px;padding-top:14px;padding-bottom:18px;cursor:pointer\">\n\n<h3 class=\"wp-block-heading\" style=\"font-size:24px;font-weight:500;margin-bottom:4px\">Biztons\u00e1gos online interakci\u00f3 m\u00e1sokkal<\/h3>\n\n<p style=\"font-size:18px;line-height:1.3em;margin-bottom:0\">\u00datmutat\u00f3 a biztons\u00e1gos \u00e9s pozit\u00edv online kommunik\u00e1ci\u00f3hoz.<\/p><\/div><\/a><\/div><\/div><div class=\"wp-block-column is-layout-flow wp-block-column-is-layout-flow\"><div style=\"margin-bottom:0;border-radius:10px;position:relative;width:100%;min-height:240px;overflow:hidden\"><a href=\"https:\/\/help.unhcr.org\/hungary\/hu\/safe-online\/scams\" style=\"text-decoration:none\"><img decoding=\"async\" src=\"https:\/\/help.unhcr.org\/hungary\/wp-content\/uploads\/sites\/86\/2024\/04\/hungary.en_.bg_-_scams_-_1-2.png\" style=\"position:absolute;width:100%;height:100%;top:0;left:0;object-fit:cover\" alt=\"background\" \/><div style=\"position:absolute;width:100%;height:100%;top:0;left:0;background-image:linear-gradient(to bottom, rgb(0 0 0 \/ 0%), rgb(0 0 0 \/ 50%))\"><\/div><img decoding=\"async\" style=\"position:relative;top:0;left:0;width:24px;margin:14px\" src=\"https:\/\/help.unhcr.org\/hungary\/wp-content\/uploads\/sites\/86\/2024\/01\/top-right-arrow.png\" alt=\"arrow\" \/><div style=\"color:white;overflow:hidden;position:absolute;bottom:0;left:0;flex-direction:column;align-items:center;justify-content:center;padding:14px;padding-top:14px;padding-bottom:18px;cursor:pointer\">\n\n<h3 class=\"wp-block-heading\" style=\"font-size:24px;font-weight:500;margin-bottom:4px\">A csal\u00e1sok \u00e9s adathal\u00e1sz k\u00eds\u00e9rletek felismer\u00e9se<\/h3>\n\n<p style=\"font-size:18px;line-height:1.3em;margin-bottom:0\">A megt\u00e9veszt\u0151 online rendszerek ismerete \u00e9s elker\u00fcl\u00e9se.<\/p><\/div><\/a><\/div><\/div><\/div><div class=\"wp-block-columns is-layout-flex wp-container-core-columns-is-layout-9d6595d7 wp-block-columns-is-layout-flex\" style=\"margin-bottom:2em\"><div class=\"wp-block-column is-layout-flow wp-block-column-is-layout-flow\"><div style=\"margin-bottom:0;border-radius:10px;position:relative;width:100%;min-height:240px;overflow:hidden\"><a href=\"https:\/\/help.unhcr.org\/hungary\/hu\/safe-online\/privacy\" style=\"text-decoration:none\"><img decoding=\"async\" src=\"https:\/\/help.unhcr.org\/hungary\/wp-content\/uploads\/sites\/86\/2024\/04\/hungary.en_.bg_-_privacy_-_1-2.png\" style=\"position:absolute;width:100%;height:100%;top:0;left:0;object-fit:cover\" alt=\"background\" \/><div style=\"position:absolute;width:100%;height:100%;top:0;left:0;background-image:linear-gradient(to bottom, rgb(0 0 0 \/ 0%), rgb(0 0 0 \/ 50%))\"><\/div><img decoding=\"async\" style=\"position:relative;top:0;left:0;width:24px;margin:14px\" src=\"https:\/\/help.unhcr.org\/hungary\/wp-content\/uploads\/sites\/86\/2024\/01\/top-right-arrow.png\" alt=\"arrow\" \/><div style=\"color:white;overflow:hidden;position:absolute;bottom:0;left:0;flex-direction:column;align-items:center;justify-content:center;padding:14px;padding-top:14px;padding-bottom:18px;cursor:pointer\">\n\n<h3 class=\"wp-block-heading\" style=\"font-size:24px;font-weight:500;margin-bottom:4px\">V\u00e9dd meg eszk\u00f6zeidet, fi\u00f3kodat \u00e9s adataidat<\/h3>\n\n<p style=\"font-size:18px;line-height:1.3em;margin-bottom:0\">\u00c1tfog\u00f3 taktik\u00e1k a szem\u00e9lyes digit\u00e1lis eszk\u00f6z\u00f6k v\u00e9delm\u00e9re.<\/p><\/div><\/a><\/div><\/div><div class=\"wp-block-column is-layout-flow wp-block-column-is-layout-flow\"><div style=\"margin-bottom:0;border-radius:10px;position:relative;width:100%;min-height:240px;overflow:hidden\"><a href=\"https:\/\/help.unhcr.org\/hungary\/hu\/safe-online\/children\" style=\"text-decoration:none\"><img decoding=\"async\" src=\"https:\/\/help.unhcr.org\/hungary\/wp-content\/uploads\/sites\/86\/2024\/04\/hungary.en_.bg_-_children_-_1-2.png\" style=\"position:absolute;width:100%;height:100%;top:0;left:0;object-fit:cover\" alt=\"background\" \/><div style=\"position:absolute;width:100%;height:100%;top:0;left:0;background-image:linear-gradient(to bottom, rgb(0 0 0 \/ 0%), rgb(0 0 0 \/ 50%))\"><\/div><img decoding=\"async\" style=\"position:relative;top:0;left:0;width:24px;margin:14px\" src=\"https:\/\/help.unhcr.org\/hungary\/wp-content\/uploads\/sites\/86\/2024\/01\/top-right-arrow.png\" alt=\"arrow\" \/><div style=\"color:white;overflow:hidden;position:absolute;bottom:0;left:0;flex-direction:column;align-items:center;justify-content:center;padding:14px;padding-top:14px;padding-bottom:18px;cursor:pointer\">\n\n<h3 class=\"wp-block-heading\" style=\"font-size:24px;font-weight:500;margin-bottom:4px\">V\u00e9dd meg gyermekedet az online fenyeget\u00e9sekt\u0151l.<\/h3>\n\n<p style=\"font-size:18px;line-height:1.3em;margin-bottom:0\">Gyermekek online tev\u00e9kenys\u00e9geire \u00e9s internetes kitetts\u00e9g\u00fckre vonatkoz\u00f3 v\u00e9d\u0151int\u00e9zked\u00e9sek.<\/p><\/div><\/a><\/div><\/div><div class=\"wp-block-column is-layout-flow wp-block-column-is-layout-flow\"><div style=\"margin-bottom:0;border-radius:10px;position:relative;width:100%;min-height:240px;overflow:hidden\"><a href=\"https:\/\/help.unhcr.org\/hungary\/hu\/safe-online\/respond\" style=\"text-decoration:none\"><img decoding=\"async\" src=\"https:\/\/help.unhcr.org\/hungary\/wp-content\/uploads\/sites\/86\/2024\/04\/hungary.en_.bg_-_respond_-_1-2.png\" style=\"position:absolute;width:100%;height:100%;top:0;left:0;object-fit:cover\" alt=\"background\" \/><div style=\"position:absolute;width:100%;height:100%;top:0;left:0;background-image:linear-gradient(to bottom, rgb(0 0 0 \/ 0%), rgb(0 0 0 \/ 50%))\"><\/div><img decoding=\"async\" style=\"position:relative;top:0;left:0;width:24px;margin:14px\" src=\"https:\/\/help.unhcr.org\/hungary\/wp-content\/uploads\/sites\/86\/2024\/01\/top-right-arrow.png\" alt=\"arrow\" \/><div style=\"color:white;overflow:hidden;position:absolute;bottom:0;left:0;flex-direction:column;align-items:center;justify-content:center;padding:14px;padding-top:14px;padding-bottom:18px;cursor:pointer\">\n\n<h3 class=\"wp-block-heading\" style=\"font-size:24px;font-weight:500;margin-bottom:4px\">Reag\u00e1lj az online vesz\u00e9lyekre \u00e9s k\u00e9rj seg\u00edts\u00e9get.<\/h3>\n\n<p style=\"font-size:18px;line-height:1.3em;margin-bottom:0\">Tegy\u00e9l l\u00e9p\u00e9seket az online vesz\u00e9lyek ellen, \u00e9s tanulj meg seg\u00edts\u00e9get k\u00e9rni.<\/p><\/div><\/a><\/div><\/div><\/div><hr class=\"wp-block-separator has-alpha-channel-opacity is-style-default\" style=\"border:none;margin-top:34px\" \/><div class=\"wp-block-columns is-layout-flex wp-container-core-columns-is-layout-9d6595d7 wp-block-columns-is-layout-flex\"><div class=\"wp-block-column is-layout-flow wp-block-column-is-layout-flow\" style=\"height:100%\"><\/div><div class=\"wp-block-column is-layout-flow wp-block-column-is-layout-flow\" style=\"height:0;margin-bottom:0;margin-top:0;padding-bottom:0;padding-top:0\"><\/div><div class=\"wp-block-column is-layout-flow wp-block-column-is-layout-flow\" style=\"height:100%\"><\/div><\/div>","protected":false},"excerpt":{"rendered":"<p>Te a vil\u00e1gh\u00e1l\u00f3 t\u00e1gas t\u00e1jain j\u00e1rsz, egy figyelemrem\u00e9lt\u00f3 eszk\u00f6z seg\u00edts\u00e9g\u00e9vel, amely kapcsolatban tart t\u00e9ged szeretteiddel, gazdag inform\u00e1ci\u00f3val l\u00e1t el, \u00e9s sz\u00e1mtalan forr\u00e1st k\u00edn\u00e1l. Ugyanakkor fontos, hogy \u00e9ber maradj, \u00e9s v\u00e9dd meg magad a potenci\u00e1lis vesz\u00e9lyekt\u0151l, amelyek az interneten leselkedhetnek. Ezek a fenyeget\u00e9sek nem tesznek k\u00fcl\u00f6nbs\u00e9get; \u00e9letkort\u00f3l, nemt\u0151l, nemzetis\u00e9gt\u0151l, rasszokt\u00f3l vagy szem\u00e9lyi \u00e1llapott\u00f3l f\u00fcggetlen\u00fcl \u00e9rintenek t\u00e9ged. [&hellip;]<\/p>\n","protected":false},"author":347,"featured_media":0,"parent":0,"menu_order":0,"comment_status":"closed","ping_status":"closed","template":"","meta":{"_acf_changed":false,"footnotes":""},"class_list":["post-11440","page","type-page","status-publish","hentry"],"acf":[],"_links":{"self":[{"href":"https:\/\/help.unhcr.org\/hungary\/hu\/wp-json\/wp\/v2\/pages\/11440","targetHints":{"allow":["GET"]}}],"collection":[{"href":"https:\/\/help.unhcr.org\/hungary\/hu\/wp-json\/wp\/v2\/pages"}],"about":[{"href":"https:\/\/help.unhcr.org\/hungary\/hu\/wp-json\/wp\/v2\/types\/page"}],"author":[{"embeddable":true,"href":"https:\/\/help.unhcr.org\/hungary\/hu\/wp-json\/wp\/v2\/users\/347"}],"replies":[{"embeddable":true,"href":"https:\/\/help.unhcr.org\/hungary\/hu\/wp-json\/wp\/v2\/comments?post=11440"}],"version-history":[{"count":26,"href":"https:\/\/help.unhcr.org\/hungary\/hu\/wp-json\/wp\/v2\/pages\/11440\/revisions"}],"predecessor-version":[{"id":18012,"href":"https:\/\/help.unhcr.org\/hungary\/hu\/wp-json\/wp\/v2\/pages\/11440\/revisions\/18012"}],"wp:attachment":[{"href":"https:\/\/help.unhcr.org\/hungary\/hu\/wp-json\/wp\/v2\/media?parent=11440"}],"curies":[{"name":"wp","href":"https:\/\/api.w.org\/{rel}","templated":true}]}}