{"id":11437,"date":"2024-01-24T16:58:41","date_gmt":"2024-01-24T16:58:41","guid":{"rendered":"https:\/\/help.unhcr.org\/hungary\/introduction\/"},"modified":"2024-05-10T13:57:53","modified_gmt":"2024-05-10T13:57:53","slug":"introduction","status":"publish","type":"page","link":"https:\/\/help.unhcr.org\/hungary\/hu\/safe-online\/introduction\/","title":{"rendered":"Az online \u00e9leted, messze az otthonodt\u00f3l"},"content":{"rendered":"<figure class=\"wp-block-image size-large\" style=\"text-align:center;background:linear-gradient(180deg, #0095F5 0%, #0072BC 100%);border-radius:10px\"><img decoding=\"async\" src=\"https:\/\/help.unhcr.org\/hungary\/wp-content\/uploads\/sites\/86\/2024\/04\/hungary.en_.help-introduction-illustration.png\" alt=\"\" style=\"max-height:540px;max-width:96%\" \/><\/figure><figcaption class=\"wp-element-caption\" style=\"text-align:center;margin-top:8px;margin-bottom:24px\"><\/figcaption>\n\n<p class=\"has-medium-font-size\"><br \/><br \/>\u00daj helyen vagy, t\u00e1vol az otthoni k\u00e9nyelemt\u0151l. Minden k\u00f6r\u00fcl\u00f6tted &#8211; a nyelv, az emberek, m\u00e9g az utak elrendez\u00e9se is &#8211; m\u00e1s. Ez egy kih\u00edv\u00e1st jelent\u0151 \u00e1tmenet, \u00e9s az \u00faj \u00e9lethez val\u00f3 alkalmazkod\u00e1sban az internet t\u00f6bb mint egy eszk\u00f6z; h\u00edd az ismer\u0151s\u00f6kh\u00f6z \u00e9s \u00fatmutat\u00f3 az ismeretlenhez. Ak\u00e1r a csal\u00e1ddal val\u00f3 kapcsolattart\u00e1sr\u00f3l, ak\u00e1r az alapvet\u0151 szolg\u00e1ltat\u00e1sok felkutat\u00e1s\u00e1r\u00f3l, ak\u00e1r a h\u00edrekr\u0151l val\u00f3 t\u00e1j\u00e9koz\u00f3d\u00e1sr\u00f3l van sz\u00f3, az online vil\u00e1g mindenben a seg\u00edts\u00e9g\u00e9re van.<\/p>\n\n\n\n<p class=\"has-medium-font-size\">Az internet, b\u00e1r hatalmas er\u0151forr\u00e1s, olyan kock\u00e1zatok \u00e9s kih\u00edv\u00e1sok el\u0151tt is megnyitja az ajt\u00f3kat, amelyekkel kor\u00e1bban tal\u00e1n nem szembes\u00fclt\u00e9l volna. V\u00e1ls\u00e1g idej\u00e9n el\u00e1raszt minket a f\u00e9lret\u00e1j\u00e9koztat\u00e1s \u00e9s a hamis \u00edg\u00e9retek, \u00e9s egyre nehezebb megk\u00fcl\u00f6nb\u00f6ztetni, hogy mi a val\u00f3di \u00e9s mi a hamis. Mik\u00f6zben a csal\u00e1dod j\u00f3l\u00e9t\u00e9vel, a lakhat\u00e1s megtal\u00e1l\u00e1s\u00e1val \u00e9s az anyagi stabilit\u00e1s biztos\u00edt\u00e1s\u00e1val kapcsolatos aggodalmakkal zsongl\u0151rk\u00f6d\u00f6l, figyelmed k\u00f6nnyen elny\u00falhat, \u00e9s <strong>k\u00f6nnyen elsiklhetsz a v\u00f6r\u00f6s z\u00e1szl\u00f3k felett, amelyek \u00e1ltal\u00e1ban a vesz\u00e9lyt jelzik.<\/strong><\/p>\n\n\n\n<p class=\"has-medium-font-size\"><strong>Ez a helyzet t\u00e9ged egyedi sebezhet\u0151s\u00e9gbe helyez,<\/strong> ahol azok, akiknek k\u00e1ros sz\u00e1nd\u00e9kaik vannak, kihaszn\u00e1lhatj\u00e1k sebezhet\u0151s\u00e9gedet. Az internet sz\u00e1mukra gyors hozz\u00e1f\u00e9r\u00e9st biztos\u00edt hozz\u00e1d, egy olyan platformot teremtve, ahol hozz\u00e1f\u00e9rhetnek a p\u00e9nzedhez, szem\u00e9lyes inform\u00e1ci\u00f3idhoz, \u00e9s vesz\u00e9lyes helyzetekbe sodorhatnak. Ezek a helyzetek s\u00falyosan vesz\u00e9lyeztethetik a biztons\u00e1godat, a mag\u00e1n\u00e9letedet \u00e9s lelkier\u0151det.<\/p>\n\n\n\n<p class=\"has-medium-font-size\">\u00datmutat\u00e1sunk felismeri sz\u00e1modra a felmer\u00fcl\u0151 egyedi kih\u00edv\u00e1sokat, \u00e9s az anyagot ennek megfelel\u0151en form\u00e1ztuk neked. <strong>Ez egy \u00e1tfog\u00f3 forr\u00e1s, amely gyakorlati tan\u00e1csokat, egyszer\u0171 tippeket \u00e9s alapvet\u0151 biztons\u00e1gi int\u00e9zked\u00e9seket ny\u00fajt a mindennapi digit\u00e1lis interakci\u00f3idhoz. <\/strong>Megtanulhatod, hogyan ismerd fel a megb\u00edzhat\u00f3 inform\u00e1ci\u00f3forr\u00e1sokat, hogyan v\u00e9dheted meg szem\u00e9lyes adataidat, \u00e9s hogyan v\u00e9dekezhetsz az online csal\u00e1sok \u00e9s kizs\u00e1km\u00e1nyol\u00e1sok ellen.<\/p>\n\n<div class=\"wp-block-columns is-layout-flex wp-container-core-columns-is-layout-9d6595d7 wp-block-columns-is-layout-flex\" style=\"margin-bottom:2em\"><div class=\"wp-block-column\" style=\"background-color:#6AE8CC;border-radius:10px;padding:20px;padding-bottom:1px;margin-bottom:20px\"><div class=\"emoji is-layout-flow wp-block-column-is-layout-flow\" style=\"background-color:white;width:50px;border-radius:25px;text-align:center;line-height:50px;height:50px;font-size:28px;margin-bottom:16px\">?<\/div>\n\n<h3 class=\"wp-block-heading\" style=\"margin-bottom:0.2em\"><strong>Z\u00f6ld jelz\u00e9s azt jelenti, hogy minden rendben.<\/strong><\/h3>\n\n\n\n<p class=\"has-medium-font-size\"><strong>T\u00f6rekedj a biztons\u00e1gos online gyakorlatokra<\/strong> a z\u00f6ld dobozokban tal\u00e1lhat\u00f3 tan\u00e1csok k\u00f6vet\u00e9s\u00e9vel.<\/p>\n\n<\/div><div class=\"wp-block-column\" style=\"background-color:#FFBCC1;border-radius:10px;padding:20px;padding-bottom:1px;margin-bottom:20px\"><div class=\"emoji is-layout-flow wp-block-column-is-layout-flow\" style=\"background-color:white;width:50px;border-radius:25px;text-align:center;line-height:50px;height:50px;font-size:28px;margin-bottom:16px\">?<\/div>\n\n<h3 class=\"wp-block-heading\" style=\"margin-bottom:0.2em\"><strong>A piros vesz\u00e9lyt jelent<\/strong><\/h3>\n\n\n\n<p class=\"has-medium-font-size\"><strong>Ismerd fel az online vesz\u00e9lyeket a figyelmeztet\u0151 <\/strong>jelek felismer\u00e9s\u00e9vel a piros dobozokban.<\/p>\n\n<\/div><\/div>\n\n<p class=\"has-medium-font-size\"><br \/>A kock\u00e1zatok meg\u00e9rt\u00e9se \u00e9s az online v\u00e9delem elsaj\u00e1t\u00edt\u00e1sa nem megy egyik napr\u00f3l a m\u00e1sikra. Ez egy utaz\u00e1s, ahol megtanulsz megk\u00e9rd\u0151jelezni \u00e9s ellen\u0151rizni mindent, amit l\u00e1tsz. Megtanulod, mely aj\u00e1nlatokat kell figyelmen k\u00edv\u00fcl hagynod, mely besz\u00e9lget\u00e9seket kell kihagynod, \u00e9s mikor kell seg\u00edts\u00e9get k\u00e9rned. A digit\u00e1lis vil\u00e1g is folyamatosan v\u00e1ltozik. \u00daj ter\u00fcleteket fedezhetsz fel, de az \u00faj vesz\u00e9lyekre is figyelned kell. A biztons\u00e1g meg\u0151rz\u00e9se azt jelenti, hogy t\u00e1j\u00e9kozottnak kell maradnod, \u00e9s seg\u00edts\u00e9get kell k\u00e9rned, ha sz\u00fcks\u00e9ged van r\u00e1.<\/p>\n\n\n\n<p class=\"has-medium-font-size\">K\u00e9szen \u00e1llsz? Kezdj\u00fck el!<\/p>\n\n<hr class=\"wp-block-separator has-alpha-channel-opacity is-style-default\" style=\"border:none;margin-top:34px\" \/><div class=\"wp-block-columns is-layout-flex wp-container-core-columns-is-layout-9d6595d7 wp-block-columns-is-layout-flex\"><div class=\"wp-block-column is-layout-flow wp-block-column-is-layout-flow\" style=\"height:100%\"><a href=\"https:\/\/help.unhcr.org\/hungary\/hu\/safe-online\/\" style=\"text-decoration:none\"><div style=\"position:relative;height:100%;min-height:100px;color:#fff;width:100%;padding:10px;background:linear-gradient(180deg, #0095F5 0%, #0072BC 100%);text-decoration:none;overflow:hidden;border-radius:10px;text-align:left\"><img decoding=\"async\" src=\"https:\/\/help.unhcr.org\/hungary\/wp-content\/uploads\/sites\/86\/2024\/04\/pagination-previous-2.png\" alt=\"Background\" style=\"position:absolute;top:0;width:100%;height:100%;object-fit:contain;object-position:top left;left:0\" \/><span style=\"font-size:14px;font-weight:bold;text-transform:uppercase\">Vissza a kezd\u0151oldalra<\/span><br \/><h3 style=\"position:relative;z-index:1;font-size:22px\"><strong><\/strong><\/h3><\/div><\/a><\/div><div class=\"wp-block-column is-layout-flow wp-block-column-is-layout-flow\" style=\"height:0;margin-bottom:0;margin-top:0;padding-bottom:0;padding-top:0\"><\/div><div class=\"wp-block-column is-layout-flow wp-block-column-is-layout-flow\" style=\"height:100%\"><a href=\"https:\/\/help.unhcr.org\/hungary\/hu\/safe-online\/information\" style=\"text-decoration:none\"><div style=\"position:relative;height:100%;min-height:100px;color:#fff;width:100%;padding:10px;background:linear-gradient(180deg, #0095F5 0%, #0072BC 100%);text-decoration:none;overflow:hidden;border-radius:10px;text-align:right\"><img decoding=\"async\" src=\"https:\/\/help.unhcr.org\/hungary\/wp-content\/uploads\/sites\/86\/2024\/04\/pagination-next-2.png\" alt=\"Background\" style=\"position:absolute;top:0;width:100%;height:100%;object-fit:contain;object-position:top right;right:0\" \/><span style=\"font-size:14px;font-weight:bold;text-transform:uppercase\">K\u00f6vetkez\u0151 fejezet<\/span><br \/><h3 style=\"position:relative;z-index:1;font-size:22px\"><strong>Megb\u00edzhat\u00f3 inform\u00e1ci\u00f3forr\u00e1sok azonos\u00edt\u00e1sa<\/strong><\/h3><\/div><\/a><\/div><\/div>","protected":false},"excerpt":{"rendered":"<p>\u00daj helyen vagy, t\u00e1vol az otthoni k\u00e9nyelemt\u0151l. Minden k\u00f6r\u00fcl\u00f6tted &#8211; a nyelv, az emberek, m\u00e9g az utak elrendez\u00e9se is &#8211; m\u00e1s. Ez egy kih\u00edv\u00e1st jelent\u0151 \u00e1tmenet, \u00e9s az \u00faj \u00e9lethez val\u00f3 alkalmazkod\u00e1sban az internet t\u00f6bb mint egy eszk\u00f6z; h\u00edd az ismer\u0151s\u00f6kh\u00f6z \u00e9s \u00fatmutat\u00f3 az ismeretlenhez. Ak\u00e1r a csal\u00e1ddal val\u00f3 kapcsolattart\u00e1sr\u00f3l, ak\u00e1r az alapvet\u0151 szolg\u00e1ltat\u00e1sok felkutat\u00e1s\u00e1r\u00f3l, [&hellip;]<\/p>\n","protected":false},"author":347,"featured_media":0,"parent":11440,"menu_order":1,"comment_status":"closed","ping_status":"closed","template":"","meta":{"_acf_changed":false,"footnotes":""},"class_list":["post-11437","page","type-page","status-publish","hentry"],"acf":[],"_links":{"self":[{"href":"https:\/\/help.unhcr.org\/hungary\/hu\/wp-json\/wp\/v2\/pages\/11437","targetHints":{"allow":["GET"]}}],"collection":[{"href":"https:\/\/help.unhcr.org\/hungary\/hu\/wp-json\/wp\/v2\/pages"}],"about":[{"href":"https:\/\/help.unhcr.org\/hungary\/hu\/wp-json\/wp\/v2\/types\/page"}],"author":[{"embeddable":true,"href":"https:\/\/help.unhcr.org\/hungary\/hu\/wp-json\/wp\/v2\/users\/347"}],"replies":[{"embeddable":true,"href":"https:\/\/help.unhcr.org\/hungary\/hu\/wp-json\/wp\/v2\/comments?post=11437"}],"version-history":[{"count":28,"href":"https:\/\/help.unhcr.org\/hungary\/hu\/wp-json\/wp\/v2\/pages\/11437\/revisions"}],"predecessor-version":[{"id":18014,"href":"https:\/\/help.unhcr.org\/hungary\/hu\/wp-json\/wp\/v2\/pages\/11437\/revisions\/18014"}],"up":[{"embeddable":true,"href":"https:\/\/help.unhcr.org\/hungary\/hu\/wp-json\/wp\/v2\/pages\/11440"}],"wp:attachment":[{"href":"https:\/\/help.unhcr.org\/hungary\/hu\/wp-json\/wp\/v2\/media?parent=11437"}],"curies":[{"name":"wp","href":"https:\/\/api.w.org\/{rel}","templated":true}]}}