{"id":11422,"date":"2024-01-24T16:59:09","date_gmt":"2024-01-24T16:59:09","guid":{"rendered":"https:\/\/help.unhcr.org\/hungary\/communication\/"},"modified":"2024-05-10T13:58:17","modified_gmt":"2024-05-10T13:58:17","slug":"communication","status":"publish","type":"page","link":"https:\/\/help.unhcr.org\/hungary\/hu\/safe-online\/communication\/","title":{"rendered":"Biztons\u00e1gos online interakci\u00f3 m\u00e1sokkal"},"content":{"rendered":"<div style=\"float:left;margin-bottom:20px\"><div style=\"margin-bottom:4px\"><strong style=\"text-transform:uppercase\">Ezen az oldalon:<\/strong><\/div><a href=\"#trekedjen-a-biztonsgos-online-interakcikra\" style=\"color:#fff;background-color:#0072bc;text-decoration:none;float:left;margin-right:8px;margin-bottom:8px;padding:4px;padding-left:12px;padding-right:12px;border-radius:4px;font-weight:500;cursor:pointer\">T\u00f6rekedjen a biztons\u00e1gos online interakci\u00f3kra<\/a><a href=\"#abba-kell-hagynia-a-beszlgetst-amikor\" style=\"color:#fff;background-color:#0072bc;text-decoration:none;float:left;margin-right:8px;margin-bottom:8px;padding:4px;padding-left:12px;padding-right:12px;border-radius:4px;font-weight:500;cursor:pointer\">Abba kell hagynia a besz\u00e9lget\u00e9st, amikor&#8230;<\/a><a href=\"#a-hamis-kzssgi-mdia-profilok-felismerse\" style=\"color:#fff;background-color:#0072bc;text-decoration:none;float:left;margin-right:8px;margin-bottom:8px;padding:4px;padding-left:12px;padding-right:12px;border-radius:4px;font-weight:500;cursor:pointer\">A hamis k\u00f6z\u00f6ss\u00e9gi m\u00e9dia profilok felismer\u00e9se<\/a><\/div><hr class=\"wp-block-separator has-alpha-channel-opacity is-style-default\" style=\"border:none;margin-bottom:20px;width:100%\" \/>\n\n<p class=\"has-medium-font-size\">Az idegenekkel val\u00f3 kapcsolatfelv\u00e9tel gyakran a mindennapi \u00e9leted r\u00e9sz\u00e9v\u00e9 v\u00e1lik, k\u00fcl\u00f6n\u00f6sen akkor, amikor online k\u00f6zz\u00e9tett aj\u00e1nlatokat kutatsz fel \u00e9s jelentkezel r\u00e1juk. Mik\u00f6zben ezek az interakci\u00f3k \u00faj lehet\u0151s\u00e9geket nyitnak meg \u00e9s fontos t\u00e1mogat\u00e1st ny\u00fajtanak, kock\u00e1zatokat is rejtenek magukban. A biztons\u00e1gos kommunik\u00e1ci\u00f3 meg\u00e9rt\u00e9se, a potenci\u00e1lis vesz\u00e9lyek felismer\u00e9se \u00e9s annak tud\u00e1sa, hogy mikor kell kil\u00e9pni egy besz\u00e9lget\u00e9sb\u0151l, kulcsfontoss\u00e1g\u00fa k\u00e9szs\u00e9gek az ilyen digit\u00e1lis interakci\u00f3kban val\u00f3 eligazod\u00e1shoz.<\/p>\n\n\n\n<h1 class=\"has-x-large-font-size wp-block-heading\" id=\"trekedjen-a-biztonsgos-online-interakcikra\" style=\"margin-bottom:0.2em\"><strong>T\u00f6rekedjen a biztons\u00e1gos online interakci\u00f3kra<\/strong><\/h1>\n\n\n\n<p class=\"has-medium-font-size\">Ha olyan valakivel kezd \u00fczengetni, akivel m\u00e9g nem tal\u00e1lkozott, mindig t\u00f6rekedjen arra, <strong>hogy a besz\u00e9lget\u00e9s k\u00f6z\u00e9ppontj\u00e1ban maradjon. <\/strong>Maradjon az adott t\u00e9m\u00e1n\u00e1l, legyen sz\u00f3 \u00e1ll\u00e1saj\u00e1nlatr\u00f3l, lakhat\u00e1sr\u00f3l vagy egy\u00e9b seg\u00edts\u00e9gny\u00fajt\u00e1sr\u00f3l. Amikor csak lehets\u00e9ges, kommunik\u00e1ljon hivatalos platformokon vagy weboldalakon kereszt\u00fcl. Ha a k\u00f6z\u00f6ss\u00e9gi m\u00e9di\u00e1t vagy \u00fczenetk\u00fcld\u0151 alkalmaz\u00e1sokat haszn\u00e1lja, \u00fcgyeljen arra, hogy a besz\u00e9lget\u00e9s professzion\u00e1lis maradjon.<\/p>\n\n\n\n<p class=\"has-medium-font-size\"><strong>Legyen \u00f3vatos az olyan \u00e9rz\u00e9keny szem\u00e9lyes adatok megoszt\u00e1s\u00e1val, <\/strong>mint a c\u00edm, a p\u00e9nz\u00fcgyi adatok vagy a csal\u00e1di inform\u00e1ci\u00f3k. Csak azt ossza meg, ami sz\u00fcks\u00e9ges \u00e9s relev\u00e1ns az adott aj\u00e1nlathoz vagy seg\u00edts\u00e9ghez, \u00e9s miut\u00e1n meggy\u0151z\u0151d\u00f6tt a szem\u00e9ly vagy szervezet jogszer\u0171s\u00e9g\u00e9r\u0151l.<\/p>\n\n\n\n<p class=\"has-medium-font-size\">Mindig \u00e9rdemes <strong>nyilv\u00e1ntart\u00e1st vezetni az online interakci\u00f3kr\u00f3l.<\/strong> Mentse el az \u00fczeneteket, e-maileket vagy a kommunik\u00e1ci\u00f3 b\u00e1rmely m\u00e1s form\u00e1j\u00e1t. Ez hasznos lehet, ha probl\u00e9m\u00e1t kell jelentenie, vagy vissza kell t\u00e9rnie bizonyos r\u00e9szletekre.<\/p>\n\n\n\n<p class=\"has-medium-font-size\"><\/p>\n\n<div class=\"wp-block-columns is-layout-flex wp-container-core-columns-is-layout-9d6595d7 wp-block-columns-is-layout-flex\" style=\"margin-bottom:2em\"><div class=\"wp-block-column\" style=\"background-color:#6AE8CC;border-radius:10px;padding:20px;padding-bottom:1px;margin-bottom:20px\"><div class=\"emoji is-layout-flow wp-block-column-is-layout-flow\" style=\"background-color:white;width:50px;border-radius:25px;text-align:center;line-height:50px;height:50px;font-size:28px;margin-bottom:16px\">?<\/div>\n\n<h3 class=\"wp-block-heading\" style=\"margin-bottom:0.2em\"><strong>Egy online besz\u00e9lget\u00e9s akkor tekinthet\u0151 biztons\u00e1gosnak, ha&#8230;<\/strong><\/h3>\n\n\n\n<ul class=\"wp-block-list\" style=\"list-style-type:none;padding-left:0;margin-left:0\">\n\n<li class=\"has-medium-font-size\" style=\"margin-bottom:12px\">Ez <strong>mag\u00e1ban foglalja a konszenzuson alapul\u00f3 elk\u00f6telezetts\u00e9get<\/strong>, ahol \u00d6n \u00f6nk\u00e9nt d\u00f6nt\u00f6tt a r\u00e9szv\u00e9tel mellett, \u00e9s b\u00e1rmikor k\u00e9nyelmesen befejezheti a besz\u00e9lget\u00e9st an\u00e9lk\u00fcl, hogy k\u00e9nyszer\u00edtve \u00e9rezn\u00e9 mag\u00e1t.<\/li>\n\n\n\n<li class=\"has-medium-font-size\" style=\"margin-bottom:12px\"><strong>A sz\u00e1nd\u00e9kok \u00e1tl\u00e1that\u00f3s\u00e1g\u00e1r\u00f3l van sz\u00f3<\/strong>, minden f\u00e9l vil\u00e1gosan \u00e9s ny\u00edltan, rejtett ind\u00edt\u00e9kok n\u00e9lk\u00fcl mondja el a r\u00e9szv\u00e9tel okait.<\/li>\n\n\n\n<li class=\"has-medium-font-size\" style=\"margin-bottom:12px\"><strong>Az interakci\u00f3k tisztelettud\u00f3ak<\/strong>, jellemz\u0151 r\u00e1juk a lekicsinyl\u0151 kifejez\u00e9sek, a szidalmaz\u00e1s vagy a zaklat\u00e1s elker\u00fcl\u00e9se, \u00e9s az udvariass\u00e1g fenntart\u00e1sa m\u00e9g a n\u00e9zetelt\u00e9r\u00e9sek eset\u00e9n is.<\/li>\n\n\n\n<li class=\"has-medium-font-size\" style=\"margin-bottom:12px\"><strong>Az adatv\u00e9delmi hat\u00e1rokat tiszteletben tartj\u00e1k<\/strong>, biztos\u00edtva, hogy az \u00e9rz\u00e9keny vagy szem\u00e9lyes azonos\u00edt\u00f3 adatokat nem osztj\u00e1k meg, \u00e9s nem k\u00e9rik azokat nem megfelel\u0151 m\u00f3don.<\/li>\n\n\n\n<li class=\"has-medium-font-size\" style=\"margin-bottom:12px\"><strong>Az adatokat felel\u0151ss\u00e9gteljesen kezelj\u00fck<\/strong>, ami azt jelenti, hogy az \u00d6n szem\u00e9lyes adatait kiz\u00e1r\u00f3lag a tervezett c\u00e9lra haszn\u00e1ljuk fel, \u00e9s nem adjuk ki megfelel\u0151 hozz\u00e1j\u00e1rul\u00e1s n\u00e9lk\u00fcl.<\/li>\n\n\n\n<li class=\"has-medium-font-size\" style=\"margin-bottom:12px\"><strong>Az inform\u00e1ci\u00f3k hiteles forr\u00e1sokb\u00f3l sz\u00e1rmaznak<\/strong>, hozz\u00e1j\u00e1rulva a besz\u00e9lget\u00e9s min\u0151s\u00e9g\u00e9hez \u00e9s elker\u00fclve a f\u00e9lret\u00e1j\u00e9koztat\u00e1st.<\/li>\n\n\n\n<li class=\"has-medium-font-size\" style=\"margin-bottom:12px\"><strong>Nincsenek gyan\u00fas linkek vagy mell\u00e9kletek megosztva<\/strong>, ami v\u00e9delmet ny\u00fajt a potenci\u00e1lis spam ellen.<\/li>\n\n\n\n<li class=\"has-medium-font-size\" style=\"margin-bottom:12px\"><strong>A besz\u00e9lget\u00e9s mentes az indokolatlan nyom\u00e1st\u00f3l vagy a d\u00f6nt\u00e9sek s\u00fcrget\u00e9s\u00e9t\u0151l<\/strong>, \u00edgy \u00d6n k\u00e9nyelmes temp\u00f3ban gondolkodhat \u00e9s v\u00e1laszolhat an\u00e9lk\u00fcl, hogy k\u00e9nyszer\u00edtve \u00e9rezn\u00e9 mag\u00e1t.<\/li>\n\n<\/ul>\n\n<\/div><\/div>\n\n<p class=\"has-medium-font-size\"><\/p>\n\n\n\n<h1 class=\"has-x-large-font-size wp-block-heading\" id=\"abba-kell-hagynia-a-beszlgetst-amikor\" style=\"margin-bottom:0.2em\"><strong>Abba kell hagynia a besz\u00e9lget\u00e9st, amikor&#8230;<\/strong><\/h1>\n\n\n\n<p class=\"has-medium-font-size\"><\/p>\n\n<div class=\"wp-block-columns is-layout-flex wp-container-core-columns-is-layout-9d6595d7 wp-block-columns-is-layout-flex\" style=\"margin-bottom:2em\"><div class=\"wp-block-column\" style=\"background-color:#FFBCC1;border-radius:10px;padding:20px;padding-bottom:1px;margin-bottom:20px\"><div class=\"emoji is-layout-flow wp-block-column-is-layout-flow\" style=\"background-color:white;width:50px;border-radius:25px;text-align:center;line-height:50px;height:50px;font-size:28px;margin-bottom:16px\">?<\/div>\n\n<h3 class=\"wp-block-heading\" style=\"margin-bottom:0.2em\"><strong>Valaki t\u00fal kedves vagy h\u00edzelg\u0151 hozz\u00e1d.<\/strong><\/h3>\n\n\n\n<p class=\"has-medium-font-size\">Ez gyakran taktikak\u00e9nt szolg\u00e1l a bizalom \u00e9s a szeretet gyors elnyer\u00e9s\u00e9re. Ez a viselked\u00e9s t\u00falzott b\u00f3kokkal j\u00e1rhat, \u00e9s \u00f6sszef\u00fcgg\u00e9stelennek t\u0171nhet. Az ilyen h\u00edzelg\u00e9s manipul\u00e1ci\u00f3hoz vezethet, amikor az illet\u0151 \u00e9rzelmi, p\u00e9nz\u00fcgyi vagy egy\u00e9b k\u00e1ros c\u00e9lokra kihaszn\u00e1lhatja az \u00d6n megnyert bizalm\u00e1t.<\/p>\n\n<\/div><div class=\"wp-block-column\" style=\"background-color:#FFBCC1;border-radius:10px;padding:20px;padding-bottom:1px;margin-bottom:20px\"><div class=\"emoji is-layout-flow wp-block-column-is-layout-flow\" style=\"background-color:white;width:50px;border-radius:25px;text-align:center;line-height:50px;height:50px;font-size:28px;margin-bottom:16px\">?<\/div>\n\n<h3 class=\"wp-block-heading\" style=\"margin-bottom:0.2em\"><strong>Valaki zaklat t\u00e9ged<\/strong><\/h3>\n\n\n\n<p class=\"has-medium-font-size\">\u00c1lland\u00f3an agressz\u00edv, s\u00e9rt\u0151 vagy megf\u00e9leml\u00edt\u0151 m\u00f3don viselkednek. Ez mag\u00e1ban foglalhatja az ism\u00e9telt nem k\u00edv\u00e1nt \u00fczenetek k\u00fcld\u00e9s\u00e9t, fenyeget\u0151z\u00e9seket vagy becsm\u00e9rl\u0151 kifejez\u00e9sek haszn\u00e1lat\u00e1t. A k\u00f6vetkezm\u00e9nyek s\u00falyosak lehetnek, \u00e9s \u00e9rzelmi stresszhez, szorong\u00e1shoz \u00e9s a biztons\u00e1g\u00e9rzet roml\u00e1s\u00e1hoz vezethetnek.<\/p>\n\n\n\n<p class=\"has-medium-font-size\"><\/p>\n\n<\/div><\/div><div class=\"wp-block-columns is-layout-flex wp-container-core-columns-is-layout-9d6595d7 wp-block-columns-is-layout-flex\" style=\"margin-bottom:2em\"><div class=\"wp-block-column\" style=\"background-color:#FFBCC1;border-radius:10px;padding:20px;padding-bottom:1px;margin-bottom:20px\"><div class=\"emoji is-layout-flow wp-block-column-is-layout-flow\" style=\"background-color:white;width:50px;border-radius:25px;text-align:center;line-height:50px;height:50px;font-size:28px;margin-bottom:16px\">?<\/div>\n\n<h3 class=\"wp-block-heading\" style=\"margin-bottom:0.2em\"><strong>Valaki t\u00fal sokat k\u00e9rdez r\u00f3lad<\/strong><\/h3>\n\n\n\n<p class=\"has-medium-font-size\">Ez lehet k\u00eds\u00e9rlet \u00e9rz\u00e9keny szem\u00e9lyes adatok gy\u0171jt\u00e9s\u00e9re. Ez mag\u00e1ban foglalhatja a napi rutin, a kapcsolatok vagy a p\u00e9nz\u00fcgyi r\u00e9szletek felt\u00e1r\u00e1s\u00e1t. A kock\u00e1zatok k\u00f6z\u00e9 tartozik a mag\u00e1n\u00e9let megs\u00e9rt\u00e9se, a potenci\u00e1lis zaklat\u00e1s vagy a szem\u00e9lyazonoss\u00e1g-lop\u00e1s, ami tart\u00f3s hat\u00e1ssal lehet az \u00d6n biztons\u00e1g\u00e1ra \u00e9s j\u00f3l\u00e9t\u00e9re.<\/p>\n\n<\/div><div class=\"wp-block-column\" style=\"background-color:#FFBCC1;border-radius:10px;padding:20px;padding-bottom:1px;margin-bottom:20px\"><div class=\"emoji is-layout-flow wp-block-column-is-layout-flow\" style=\"background-color:white;width:50px;border-radius:25px;text-align:center;line-height:50px;height:50px;font-size:28px;margin-bottom:16px\">?<\/div>\n\n<h3 class=\"wp-block-heading\" style=\"margin-bottom:0.2em\"><strong>Valaki t\u00fal sokat tud r\u00f3lad<\/strong><\/h3>\n\n\n\n<p class=\"has-medium-font-size\">El\u0151fordulhat, hogy konkr\u00e9t r\u00e9szleteket eml\u00edtenek az \u00e9letedr\u0151l, jelezve, hogy inform\u00e1ci\u00f3kat gy\u0171jt\u00f6ttek r\u00f3lad. Ha nem osztottad meg ezeket az inform\u00e1ci\u00f3kat, az egy komoly piros z\u00e1szl\u00f3. Ez a t\u00falzott ismerets\u00e9g a mag\u00e1n\u00e9let megs\u00e9rt\u00e9s\u00e9hez \u00e9s biztons\u00e1gi agg\u00e1lyokhoz vezethet, mivel gyakran zaklat\u00e1st vagy kibermegfigyel\u00e9st jelez.<\/p>\n\n<\/div><\/div><div class=\"wp-block-columns is-layout-flex wp-container-core-columns-is-layout-9d6595d7 wp-block-columns-is-layout-flex\" style=\"margin-bottom:2em\"><div class=\"wp-block-column\" style=\"background-color:#FFBCC1;border-radius:10px;padding:20px;padding-bottom:1px;margin-bottom:20px\"><div class=\"emoji is-layout-flow wp-block-column-is-layout-flow\" style=\"background-color:white;width:50px;border-radius:25px;text-align:center;line-height:50px;height:50px;font-size:28px;margin-bottom:16px\">?<\/div>\n\n<h3 class=\"wp-block-heading\" style=\"margin-bottom:0.2em\"><strong>T\u00fal sz\u00e9p aj\u00e1nlatot kap<\/strong><\/h3>\n\n\n\n<p class=\"has-medium-font-size\">Ezek az aj\u00e1nlatok jellemz\u0151en \u00e1tver\u00e9sek, amelyek c\u00e9lja, hogy szem\u00e9lyes adatok vagy p\u00e9nz \u00e1tad\u00e1s\u00e1ra cs\u00e1b\u00edts\u00e1k \u00d6nt, ami potenci\u00e1lis p\u00e9nz\u00fcgyi vesztes\u00e9ghez vagy szem\u00e9lyazonoss\u00e1g-lop\u00e1shoz vezethet. P\u00e9ld\u00e1ul egy v\u00e1ratlanul j\u00f3l fizet\u0151 \u00e1ll\u00e1st vagy egy j\u00f6vedelmez\u0151 befektet\u00e9si aj\u00e1nlatot, amelyhez kev\u00e9s k\u00f6vetelm\u00e9ny sz\u00fcks\u00e9ges, \u00f3vatosan kell kezelni. <\/p>\n\n<\/div><div class=\"wp-block-column\" style=\"background-color:#FFBCC1;border-radius:10px;padding:20px;padding-bottom:1px;margin-bottom:20px\"><div class=\"emoji is-layout-flow wp-block-column-is-layout-flow\" style=\"background-color:white;width:50px;border-radius:25px;text-align:center;line-height:50px;height:50px;font-size:28px;margin-bottom:16px\">?<\/div>\n\n<h3 class=\"wp-block-heading\" style=\"margin-bottom:0.2em\"><strong>A besz\u00e9lget\u00e9st megpr\u00f3b\u00e1lj\u00e1k titokban tartani<\/strong><\/h3>\n\n\n\n<p class=\"has-medium-font-size\">K\u00fcl\u00f6n\u00f6sen, ha a m\u00e1sik szem\u00e9ly tudja, hogy sebezhet\u0151 helyzetben vagy, ez azt jelzi, hogy elszigetelni \u00e9s manipul\u00e1lni akar t\u00e9ged. Ez a titkol\u00f3z\u00e1s b\u00e1ntalmaz\u00f3 helyzetekhez vagy groominghoz vezethet, k\u00fcl\u00f6n\u00f6sen a gyerekekkel vagy tin\u00e9dzserekkel val\u00f3 interakci\u00f3kban.<\/p>\n\n<\/div><\/div><div class=\"wp-block-columns is-layout-flex wp-container-core-columns-is-layout-9d6595d7 wp-block-columns-is-layout-flex\" style=\"margin-bottom:2em\"><div class=\"wp-block-column\" style=\"background-color:#FFBCC1;border-radius:10px;padding:20px;padding-bottom:1px;margin-bottom:20px\"><div class=\"emoji is-layout-flow wp-block-column-is-layout-flow\" style=\"background-color:white;width:50px;border-radius:25px;text-align:center;line-height:50px;height:50px;font-size:28px;margin-bottom:16px\">?<\/div>\n\n<h3 class=\"wp-block-heading\" style=\"margin-bottom:0.2em\"><strong>Valaki explicit tartalmat k\u00e9r<\/strong><\/h3>\n\n\n\n<p class=\"has-medium-font-size\">Ez a mag\u00e1n\u00e9let \u00e9s az auton\u00f3mia megs\u00e9rt\u00e9se. Az ilyen k\u00e9r\u00e9sek szextorzi\u00f3hoz vezethetnek, amikor az \u00d6n k\u00e9peit vagy vide\u00f3it zsarol\u00e1sra vagy kizs\u00e1km\u00e1nyol\u00e1sra haszn\u00e1lj\u00e1k fel, ami jelent\u0151s hat\u00e1ssal van a ment\u00e1lis eg\u00e9szs\u00e9g\u00e9re \u00e9s a h\u00edrnev\u00e9re.<\/p>\n\n<\/div><div class=\"wp-block-column\" style=\"background-color:#FFBCC1;border-radius:10px;padding:20px;padding-bottom:1px;margin-bottom:20px\"><div class=\"emoji is-layout-flow wp-block-column-is-layout-flow\" style=\"background-color:white;width:50px;border-radius:25px;text-align:center;line-height:50px;height:50px;font-size:28px;margin-bottom:16px\">?<\/div>\n\n<h3 class=\"wp-block-heading\" style=\"margin-bottom:0.2em\"><strong>Valaki explicit tartalmat k\u00fcld neked<\/strong><\/h3>\n\n\n\n<p class=\"has-medium-font-size\">It&#x27;s a form of sexual harassment. This unsolicited sharing can be very disturbing and emotionally harmful. The situation can be distressing and lead to significant discomfort, impacting your mental well-being and sense of safety in the online environment.<\/p>\n\n<\/div><\/div><figure class=\"wp-block-image size-large\" style=\"text-align:center;background:linear-gradient(180deg, #0095F5 0%, #0072BC 100%);border-radius:10px\"><img decoding=\"async\" src=\"https:\/\/help.unhcr.org\/hungary\/wp-content\/uploads\/sites\/86\/2024\/04\/hungary.hu_.help-communication-messages-hu.png\" alt=\"\" style=\"max-height:540px;max-width:96%\" \/><\/figure><figcaption class=\"wp-element-caption\" style=\"text-align:center;margin-top:8px;margin-bottom:24px\"><\/figcaption>\n\n<p class=\"has-medium-font-size\"><\/p>\n\n<div class=\"wp-block-columns is-layout-flex wp-container-core-columns-is-layout-9d6595d7 wp-block-columns-is-layout-flex\" style=\"margin-bottom:2em\"><div class=\"wp-block-column\" style=\"background-color:#FCF366;border-radius:10px;padding:20px;padding-bottom:1px;margin-bottom:20px\"><div class=\"emoji is-layout-flow wp-block-column-is-layout-flow\" style=\"background-color:white;width:50px;border-radius:25px;text-align:center;line-height:50px;height:50px;font-size:28px;margin-bottom:16px\">\u26a0\ufe0f<\/div>\n\n<p class=\"has-medium-font-size\">M\u00e1r egyetlen \u00fczenet is zaklat\u00e1snak sz\u00e1m\u00edthat, \u00e9s k\u00e1rt okozhat \u00d6nnek, ha nem ismerik fel id\u0151ben. Ha valami vagy valaki az interneten kellemetlen \u00e9rz\u00e9seket kelt benned, b\u00edzz az \u00f6szt\u00f6neidben.<br \/><strong>Jog\u00e1ban \u00e1ll b\u00e1rmikor v\u00e9get vetni b\u00e1rmilyen interakci\u00f3nak!<\/strong> <\/p>\n\n<\/div><\/div>\n\n<h1 class=\"has-x-large-font-size wp-block-heading\" id=\"a-hamis-kzssgi-mdia-profilok-felismerse\" style=\"margin-bottom:0.2em\"><strong>A hamis k\u00f6z\u00f6ss\u00e9gi m\u00e9dia profilok felismer\u00e9se<\/strong><\/h1>\n\n\n\n<p class=\"has-medium-font-size\">Az online vil\u00e1gban <strong>a hamis profilok l\u00e9trehoz\u00e1sa \u00e9s haszn\u00e1lata gyakori taktik\u00e1v\u00e1 v\u00e1lt k\u00fcl\u00f6nb\u00f6z\u0151 rosszindulat\u00fa c\u00e9lokra. <\/strong>Az ilyen hamis profilok m\u00f6g\u00f6tt \u00e1ll\u00f3 szem\u00e9lyek c\u00e9lja lehet, hogy \u00e1tverj\u00e9k, megt\u00e9vessz\u00e9k vagy zaklass\u00e1k a gyan\u00fatlan felhaszn\u00e1l\u00f3kat. Ezeket a profilokat kell\u0151en hitelesnek \u00e1lc\u00e1zz\u00e1k, hogy az emberek bizalmat szavazzanak nekik, hogy azt\u00e1n ezt a bizalmat kihaszn\u00e1lva saj\u00e1t hasznukra ford\u00edts\u00e1k.<\/p>\n\n<div class=\"wp-block-columns is-layout-flex wp-container-core-columns-is-layout-9d6595d7 wp-block-columns-is-layout-flex\" style=\"margin-bottom:2em\"><div class=\"wp-block-column\" style=\"background-color:#FFBCC1;border-radius:10px;padding:20px;padding-bottom:1px;margin-bottom:20px\"><div class=\"emoji is-layout-flow wp-block-column-is-layout-flow\" style=\"background-color:white;width:50px;border-radius:25px;text-align:center;line-height:50px;height:50px;font-size:28px;margin-bottom:16px\">?<\/div>\n\n<h3 class=\"wp-block-heading\" style=\"margin-bottom:0.2em\"><strong>Egy k\u00f6z\u00f6ss\u00e9gi m\u00e9dia profil val\u00f3sz\u00edn\u0171leg hamis, ha&#8230;<\/strong><\/h3>\n\n\n\n<ul class=\"wp-block-list\" style=\"list-style-type:none;padding-left:0;margin-left:0\">\n\n<li class=\"has-medium-font-size\" style=\"margin-bottom:12px\">\u00dajonnan l\u00e9trehozott, <strong>nemr\u00e9giben l\u00e9trehozott fi\u00f3k<\/strong>, k\u00fcl\u00f6n\u00f6sen, ha ez magas szint\u0171 aktivit\u00e1ssal p\u00e1rosul.<\/li>\n\n\n\n<li class=\"has-medium-font-size\" style=\"margin-bottom:12px\"><strong>Korl\u00e1tozott inform\u00e1ci\u00f3kat tartalmaz<\/strong>, minim\u00e1lis r\u00e9szletess\u00e9ggel \u00e9s a szakaszok m\u00e9lys\u00e9g\u00e9nek \u00e9s teljess\u00e9g\u00e9nek hi\u00e1ny\u00e1val.<\/li>\n\n\n\n<li class=\"has-medium-font-size\" style=\"margin-bottom:12px\">Kev\u00e9s<strong> vagy egy\u00e1ltal\u00e1n nincs kapcsolat<\/strong>, \u00e9s a megl\u00e9v\u0151k sem t\u0171nnek hitelesnek vagy akt\u00edvnak.<\/li>\n\n\n\n<li class=\"has-medium-font-size\" style=\"margin-bottom:12px\">A <strong>hozz\u00e1sz\u00f3l\u00e1sok nem k\u00f6vetkezetesek vagy \u00e1ltal\u00e1nosak, hi\u00e1nyoznak bel\u0151l\u00fck a szem\u00e9lyes elemek<\/strong>, vagy elt\u00e9r\u00e9st mutatnak a megadott profiladatokkal.<\/li>\n\n\n\n<li class=\"has-medium-font-size\" style=\"margin-bottom:12px\">Nagy <strong>mennyis\u00e9g\u0171, r\u00f6vid id\u0151n bel\u00fcl megosztott, gyakran irrelev\u00e1ns<\/strong> vagy prom\u00f3ci\u00f3s jelleg\u0171 spam-posztok jelennek meg.<\/li>\n\n\n\n<li class=\"has-medium-font-size\" style=\"margin-bottom:12px\">A profilk\u00e9p egy stock k\u00e9p vagy hi\u00e1nyzik, a szem\u00e9lyes fot\u00f3k pedig ritk\u00e1k vagy nem l\u00e9teznek.<\/li>\n\n<\/ul>\n\n<\/div><\/div>\n\n<p class=\"has-medium-font-size\">Az ilyen profilok \u00e1ltal tett aj\u00e1nlatok gyakran t\u00fal j\u00f3l hangzanak ahhoz, hogy igazak legyenek. Nagy jutalmat \u00edg\u00e9rhetnek kis er\u0151fesz\u00edt\u00e9s\u00e9rt vagy befektet\u00e9s\u00e9rt, kihaszn\u00e1lva a felhaszn\u00e1l\u00f3k v\u00e1gyait \u00e9s sebezhet\u0151s\u00e9g\u00e9t. Ezeket az aj\u00e1nlatokat gyakran a s\u00fcrg\u0151ss\u00e9g \u00e9rz\u00e9se k\u00eds\u00e9ri, \u00e9s gyors cselekv\u00e9sre k\u00e9nyszer\u00edtik a c\u00edmzettet an\u00e9lk\u00fcl, hogy id\u0151t adn\u00e1nak neki a gondolkod\u00e1sra vagy a r\u00e9szletek ellen\u0151rz\u00e9s\u00e9re. Ez a s\u00fcrg\u0151ss\u00e9g olyan taktika, amelynek c\u00e9lja, hogy megker\u00fclje a racion\u00e1lis gondolkod\u00e1st, \u00e9s impulz\u00edv cselekv\u00e9sre k\u00e9sztessen.<\/p>\n\n\n\n<p class=\"has-medium-font-size\">Kommunik\u00e1ci\u00f3jukban gyakran a szakmais\u00e1g hi\u00e1ny\u00e1t mutatj\u00e1k. A haszn\u00e1lt nyelvezet lehet inform\u00e1lis, tartalmazhat nyelvtani hib\u00e1kat, vagy egyszer\u0171en csak nem megfelel\u0151 a hangnem. R\u00e1ad\u00e1sul ezek az aj\u00e1nlatok gyakran p\u00e9nz vagy szem\u00e9lyes adatok k\u00e9r\u00e9s\u00e9t tartalmazz\u00e1k a besz\u00e9lget\u00e9s elej\u00e9n. Az aj\u00e1nlatok r\u00e9szleteit \u00e1ltal\u00e1ban neh\u00e9z f\u00fcggetlen forr\u00e1sokb\u00f3l vagy t\u00f6rv\u00e9nyes csatorn\u00e1kon kereszt\u00fcl ellen\u0151rizni, ami k\u00e9tess\u00e9 \u00e9s potenci\u00e1lisan vesz\u00e9lyess\u00e9 teszi \u0151ket.<\/p>\n\n\n\n<p class=\"has-medium-font-size\">Mindig \u00f3vatosan k\u00f6zel\u00edtsen az ilyen interakci\u00f3khoz, \u00e9s helyezze el\u0151t\u00e9rbe a profilok hiteless\u00e9g\u00e9nek \u00e9s az aj\u00e1nlatok hiteless\u00e9g\u00e9nek ellen\u0151rz\u00e9s\u00e9t.<\/p>\n\n\n\n<p class=\"has-medium-font-size\"><\/p>\n\n<hr class=\"wp-block-separator has-alpha-channel-opacity is-style-default\" style=\"border:none;margin-top:34px\" \/><div class=\"wp-block-columns is-layout-flex wp-container-core-columns-is-layout-9d6595d7 wp-block-columns-is-layout-flex\"><div class=\"wp-block-column is-layout-flow wp-block-column-is-layout-flow\" style=\"height:100%\"><a href=\"https:\/\/help.unhcr.org\/hungary\/hu\/safe-online\/offers\" style=\"text-decoration:none\"><div style=\"position:relative;height:100%;min-height:100px;color:#fff;width:100%;padding:10px;background:linear-gradient(180deg, #0095F5 0%, #0072BC 100%);text-decoration:none;overflow:hidden;border-radius:10px;text-align:left\"><img decoding=\"async\" src=\"https:\/\/help.unhcr.org\/hungary\/wp-content\/uploads\/sites\/86\/2024\/04\/pagination-previous-2.png\" alt=\"Background\" style=\"position:absolute;top:0;width:100%;height:100%;object-fit:contain;object-position:top left;left:0\" \/><span style=\"font-size:14px;font-weight:bold;text-transform:uppercase\">El\u0151z\u0151 fejezet<\/span><br \/><h3 style=\"position:relative;z-index:1;font-size:22px\"><strong>Ellen\u0151rizd az online kapott aj\u00e1nlatokat.<\/strong><\/h3><\/div><\/a><\/div><div class=\"wp-block-column is-layout-flow wp-block-column-is-layout-flow\" style=\"height:0;margin-bottom:0;margin-top:0;padding-bottom:0;padding-top:0\"><\/div><div class=\"wp-block-column is-layout-flow wp-block-column-is-layout-flow\" style=\"height:100%\"><a href=\"https:\/\/help.unhcr.org\/hungary\/hu\/safe-online\/scams\" style=\"text-decoration:none\"><div style=\"position:relative;height:100%;min-height:100px;color:#fff;width:100%;padding:10px;background:linear-gradient(180deg, #0095F5 0%, #0072BC 100%);text-decoration:none;overflow:hidden;border-radius:10px;text-align:right\"><img decoding=\"async\" src=\"https:\/\/help.unhcr.org\/hungary\/wp-content\/uploads\/sites\/86\/2024\/04\/pagination-next-2.png\" alt=\"Background\" style=\"position:absolute;top:0;width:100%;height:100%;object-fit:contain;object-position:top right;right:0\" \/><span style=\"font-size:14px;font-weight:bold;text-transform:uppercase\">K\u00f6vetkez\u0151 fejezet<\/span><br \/><h3 style=\"position:relative;z-index:1;font-size:22px\"><strong>A csal\u00e1sok \u00e9s adathal\u00e1sz k\u00eds\u00e9rletek felismer\u00e9se<\/strong><\/h3><\/div><\/a><\/div><\/div>","protected":false},"excerpt":{"rendered":"<p>Ezen az oldalon: T\u00f6rekedjen a biztons\u00e1gos online interakci\u00f3kraAbba kell hagynia a besz\u00e9lget\u00e9st, amikor&#8230;A hamis k\u00f6z\u00f6ss\u00e9gi m\u00e9dia profilok felismer\u00e9se Az idegenekkel val\u00f3 kapcsolatfelv\u00e9tel gyakran a mindennapi \u00e9leted r\u00e9sz\u00e9v\u00e9 v\u00e1lik, k\u00fcl\u00f6n\u00f6sen akkor, amikor online k\u00f6zz\u00e9tett aj\u00e1nlatokat kutatsz fel \u00e9s jelentkezel r\u00e1juk. Mik\u00f6zben ezek az interakci\u00f3k \u00faj lehet\u0151s\u00e9geket nyitnak meg \u00e9s fontos t\u00e1mogat\u00e1st ny\u00fajtanak, kock\u00e1zatokat is rejtenek magukban. [&hellip;]<\/p>\n","protected":false},"author":347,"featured_media":0,"parent":11440,"menu_order":5,"comment_status":"closed","ping_status":"closed","template":"","meta":{"_acf_changed":false,"footnotes":""},"class_list":["post-11422","page","type-page","status-publish","hentry"],"acf":[],"_links":{"self":[{"href":"https:\/\/help.unhcr.org\/hungary\/hu\/wp-json\/wp\/v2\/pages\/11422","targetHints":{"allow":["GET"]}}],"collection":[{"href":"https:\/\/help.unhcr.org\/hungary\/hu\/wp-json\/wp\/v2\/pages"}],"about":[{"href":"https:\/\/help.unhcr.org\/hungary\/hu\/wp-json\/wp\/v2\/types\/page"}],"author":[{"embeddable":true,"href":"https:\/\/help.unhcr.org\/hungary\/hu\/wp-json\/wp\/v2\/users\/347"}],"replies":[{"embeddable":true,"href":"https:\/\/help.unhcr.org\/hungary\/hu\/wp-json\/wp\/v2\/comments?post=11422"}],"version-history":[{"count":26,"href":"https:\/\/help.unhcr.org\/hungary\/hu\/wp-json\/wp\/v2\/pages\/11422\/revisions"}],"predecessor-version":[{"id":18022,"href":"https:\/\/help.unhcr.org\/hungary\/hu\/wp-json\/wp\/v2\/pages\/11422\/revisions\/18022"}],"up":[{"embeddable":true,"href":"https:\/\/help.unhcr.org\/hungary\/hu\/wp-json\/wp\/v2\/pages\/11440"}],"wp:attachment":[{"href":"https:\/\/help.unhcr.org\/hungary\/hu\/wp-json\/wp\/v2\/media?parent=11422"}],"curies":[{"name":"wp","href":"https:\/\/api.w.org\/{rel}","templated":true}]}}