{"id":11395,"date":"2024-01-24T16:59:41","date_gmt":"2024-01-24T16:59:41","guid":{"rendered":"https:\/\/help.unhcr.org\/hungary\/respond\/"},"modified":"2024-05-10T13:58:47","modified_gmt":"2024-05-10T13:58:47","slug":"respond","status":"publish","type":"page","link":"https:\/\/help.unhcr.org\/hungary\/hu\/safe-online\/respond\/","title":{"rendered":"Reag\u00e1lj az online vesz\u00e9lyekre \u00e9s k\u00e9rj seg\u00edts\u00e9get."},"content":{"rendered":"<div style=\"float:left;margin-bottom:20px\"><div style=\"margin-bottom:4px\"><strong style=\"text-transform:uppercase\">Ezen az oldalon:<\/strong><\/div><a href=\"#soha-sem-a-te-hibd\" style=\"color:#fff;background-color:#0072bc;text-decoration:none;float:left;margin-right:8px;margin-bottom:8px;padding:4px;padding-left:12px;padding-right:12px;border-radius:4px;font-weight:500;cursor:pointer\">Soha sem a te hib\u00e1d.<\/a><a href=\"#lltsd-le-minden-kommunikcit\" style=\"color:#fff;background-color:#0072bc;text-decoration:none;float:left;margin-right:8px;margin-bottom:8px;padding:4px;padding-left:12px;padding-right:12px;border-radius:4px;font-weight:500;cursor:pointer\">\u00c1ll\u00edtsd le minden kommunik\u00e1ci\u00f3t.<\/a><a href=\"#dokumentlj-minden-fontos-informcit\" style=\"color:#fff;background-color:#0072bc;text-decoration:none;float:left;margin-right:8px;margin-bottom:8px;padding:4px;padding-left:12px;padding-right:12px;border-radius:4px;font-weight:500;cursor:pointer\">Dokument\u00e1lj minden fontos inform\u00e1ci\u00f3t.<\/a><a href=\"#fontold-meg-hogy-segtsget-krsz\" style=\"color:#fff;background-color:#0072bc;text-decoration:none;float:left;margin-right:8px;margin-bottom:8px;padding:4px;padding-left:12px;padding-right:12px;border-radius:4px;font-weight:500;cursor:pointer\">Fontold meg, hogy seg\u00edts\u00e9get k\u00e9rsz.<\/a><a href=\"#jelentsd-az-gyedet\" style=\"color:#fff;background-color:#0072bc;text-decoration:none;float:left;margin-right:8px;margin-bottom:8px;padding:4px;padding-left:12px;padding-right:12px;border-radius:4px;font-weight:500;cursor:pointer\">Jelentsd az \u00fcgyedet.<\/a><a href=\"#-mindig-koncentrlj-magadra\" style=\"color:#fff;background-color:#0072bc;text-decoration:none;float:left;margin-right:8px;margin-bottom:8px;padding:4px;padding-left:12px;padding-right:12px;border-radius:4px;font-weight:500;cursor:pointer\">\n\nMindig koncentr\u00e1lj magadra.<\/a><\/div><hr class=\"wp-block-separator has-alpha-channel-opacity is-style-default\" style=\"border:none;margin-bottom:20px;width:100%\" \/>\n\n<h1 class=\"has-x-large-font-size wp-block-heading\" id=\"soha-sem-a-te-hibd\" style=\"margin-bottom:0.2em\"><strong>Soha sem a te hib\u00e1d.<\/strong><\/h1>\n\n\n\n<p class=\"has-medium-font-size\">Ha b\u00e1rmilyen online er\u0151szakot tapasztalsz, fontos, hogy ne felejtsd el: ez soha nem a te hib\u00e1d. <strong>Az online t\u00e9rnek mindenki sz\u00e1m\u00e1ra biztons\u00e1gos \u00e9s tiszteletteljes k\u00f6rnyezetnek kell lennie, \u00e9s nem a te felel\u0151ss\u00e9ged megakad\u00e1lyozni vagy elviselni a b\u00e1ntalmaz\u00e1s b\u00e1rmely form\u00e1j\u00e1t.<\/strong> Senkinek sincs joga vesz\u00e9lyeztetni a te biztons\u00e1godat \u00e9s m\u00e9lt\u00f3s\u00e1godat, legyen az a fizikai vil\u00e1gban vagy online.<\/p>\n\n\n\n<h1 class=\"has-x-large-font-size wp-block-heading\" id=\"lltsd-le-minden-kommunikcit\" style=\"margin-bottom:0.2em\"><strong>\u00c1ll\u00edtsd le minden kommunik\u00e1ci\u00f3t.<\/strong><\/h1>\n\n\n\n<p class=\"has-medium-font-size\">Ha szembes\u00fclsz online er\u0151szakkal, <strong>azonnal hagyd abba a kommunik\u00e1ci\u00f3t az agresszorral<\/strong>. Ez kih\u00edv\u00e1st jelent\u0151 l\u00e9p\u00e9s lehet, k\u00fcl\u00f6n\u00f6sen akkor, ha az elk\u00f6vet\u0151 olyasvalaki, akit ismersz, vagy akiben kor\u00e1bban megb\u00edzt\u00e1l. Blokkold \u0151t minden olyan platformon, ahol potenci\u00e1lisan el\u00e9rhet t\u00e9ged &#8211; a k\u00f6z\u00f6ss\u00e9gi m\u00e9di\u00e1ban, e-mailben, s\u0151t m\u00e9g a telefonon is. Ez egy fontos l\u00e9p\u00e9s a biztons\u00e1god visszaszerz\u00e9se \u00e9s a tov\u00e1bbi b\u00e1ntalmaz\u00e1s megel\u0151z\u00e9se fel\u00e9.<\/p>\n\n<div class=\"wp-block-columns is-layout-flex wp-container-core-columns-is-layout-9d6595d7 wp-block-columns-is-layout-flex\" style=\"margin-bottom:2em\"><div class=\"wp-block-column\" style=\"background-color:#FFBCC1;border-radius:10px;padding:20px;padding-bottom:1px;margin-bottom:20px\"><div class=\"emoji is-layout-flow wp-block-column-is-layout-flow\" style=\"background-color:white;width:50px;border-radius:25px;text-align:center;line-height:50px;height:50px;font-size:28px;margin-bottom:16px\">?<\/div>\n\n<h3 class=\"wp-block-heading\" style=\"margin-bottom:0.2em\"><strong>K\u00fcl\u00f6nb\u00f6z\u0151 platformokon k\u00f6nnyen blokkolhatsz valakit:<\/strong><\/h3>\n\n\n\n<ul class=\"wp-block-list\" style=\"list-style-type:none;padding-left:0;margin-left:0\">\n\n<li class=\"has-medium-font-size\" style=\"margin-bottom:12px\">E-mail platformokon (p\u00e9ld\u00e1ul a Gmail): Nyisd meg az elk\u00fcld\u00f6tt e-mailt, kattints a lev\u00e9l jobb fels\u0151 sark\u00e1ban l\u00e9v\u0151 h\u00e1rom pontra, majd v\u00e1laszd ki a &#8222;Felad\u00f3 blokkol\u00e1sa&#8221; lehet\u0151s\u00e9get. Az ett\u0151l a felad\u00f3t\u00f3l \u00e9rkez\u0151 j\u00f6v\u0151beli e-mailek ezut\u00e1n k\u00f6zvetlen\u00fcl a spam mapp\u00e1ba ker\u00fclnek.<\/li>\n\n\n\n<li class=\"has-medium-font-size\" style=\"margin-bottom:12px\"><strong>Facebook: <\/strong>Kattints r\u00e1 a &#8222;&#8230;&#8221; gombra az &#8222;\u00dczenet&#8221; opci\u00f3 mellett, majd v\u00e1laszd a &#8222;Blokkol\u00e1s&#8221; lehet\u0151s\u00e9get. Ez a m\u0171velet megakad\u00e1lyozza, hogy a szem\u00e9ly megn\u00e9zze a profilodat, hozz\u00e1adja t\u00e9ged bar\u00e1tk\u00e9nt, vagy \u00fczenetet k\u00fcldj\u00f6n neked.<\/li>\n\n\n\n<li class=\"has-medium-font-size\" style=\"margin-bottom:12px\"><strong>Instagram:<\/strong> L\u00e1togass el az adott szem\u00e9ly profilj\u00e1ra, koppints a jobb fels\u0151 sarokban l\u00e9v\u0151 h\u00e1rom pontra, majd v\u00e1laszd ki a &#8222;Blokkol\u00e1s&#8221; lehet\u0151s\u00e9get. Emellett az Instagram rendelkezik egy &#8222;Korl\u00e1toz\u00e1s&#8221; funkci\u00f3val is, ami kev\u00e9sb\u00e9 szigor\u00fa, mint a blokkol\u00e1s. Ha valakit korl\u00e1tozol, hozz\u00e1sz\u00f3l\u00e1sai csak neked lesznek l\u00e1that\u00f3ak a posztjaidon, m\u00edg az \u00fczenetei az \u00fczenetk\u00e9r\u00e9seid k\u00f6z\u00e9 ker\u00fclnek.<\/li>\n\n\n\n<li class=\"has-medium-font-size\" style=\"margin-bottom:12px\"><strong>Telegram: <\/strong>Kattints a h\u00e1rom pontra a fels\u0151 sarokban, majd v\u00e1laszd ki a &#8222;Felhaszn\u00e1l\u00f3 blokkol\u00e1sa&#8221; lehet\u0151s\u00e9get.<\/li>\n\n\n\n<li class=\"has-medium-font-size\" style=\"margin-bottom:12px\"><strong>WhatsApp:<\/strong> Nyisd meg a besz\u00e9lget\u00e9st azon szem\u00e9llyel, akit blokkolni szeretn\u00e9l. Koppints a nev\u00e9re a besz\u00e9lget\u00e9s tetej\u00e9n, majd g\u00f6rgess lefel\u00e9, hogy megtal\u00e1ld a &#8222;Kapcsolat blokkol\u00e1sa&#8221; opci\u00f3t.<\/li>\n\n<\/ul>\n\n<\/div><\/div><figure class=\"wp-block-image size-large\" style=\"text-align:center;background:linear-gradient(180deg, #0095F5 0%, #0072BC 100%);border-radius:10px\"><img decoding=\"async\" src=\"https:\/\/help.unhcr.org\/hungary\/wp-content\/uploads\/sites\/86\/2024\/04\/hungary.hu_.help-respond-instagram-hu.png\" alt=\"A blokkol\u00e1s el\u00e9rhet\u0151 minden nagyobb k\u00f6z\u00f6ss\u00e9gi m\u00e9dia platformon.\" style=\"max-height:540px;max-width:96%\" \/><\/figure><figcaption class=\"wp-element-caption\" style=\"text-align:center;margin-top:8px;margin-bottom:24px\">A blokkol\u00e1s el\u00e9rhet\u0151 minden nagyobb k\u00f6z\u00f6ss\u00e9gi m\u00e9dia platformon.<\/figcaption>\n\n<p class=\"has-medium-font-size\"><\/p>\n\n\n\n<h1 class=\"has-x-large-font-size wp-block-heading\" id=\"dokumentlj-minden-fontos-informcit\" style=\"margin-bottom:0.2em\"><strong>Dokument\u00e1lj minden fontos inform\u00e1ci\u00f3t.<\/strong><\/h1>\n\n\n\n<p class=\"has-medium-font-size\">B\u00e1r lehet, hogy \u00f6szt\u00f6n\u00f6sen szeretn\u00e9d elt\u00fcntetni a b\u00e1ntalmaz\u00e1s minden nyom\u00e1t annak \u00e9rdek\u00e9ben, hogy gyorsan t\u00fall\u00e9pj a kellemetlen \u00e9lm\u00e9nyen, a dokument\u00e1ci\u00f3 hat\u00e9kony eszk\u00f6z. <strong>Fontos meg\u0151rizned minden bizony\u00edt\u00e9kot &#8211; k\u00e9perny\u0151k\u00e9peket, e-maileket, \u00fczeneteket &#8211; minden olyan inform\u00e1ci\u00f3t, ami al\u00e1t\u00e1masztja az er\u0151szakot, vissza\u00e9l\u00e9st vagy kizs\u00e1km\u00e1nyol\u00e1st.<\/strong> A dokument\u00e1ci\u00f3 k\u00e9t c\u00e9lt szolg\u00e1l: egyr\u00e9szt v\u00e9delmi pajzsk\u00e9nt m\u0171k\u00f6dik, meger\u0151s\u00edtve a tapasztalatok \u00e9rv\u00e9nyess\u00e9g\u00e9t, m\u00e1sr\u00e9szt seg\u00edthet neked abban az esetben, ha jogi l\u00e9p\u00e9seket k\u00edv\u00e1nsz tenni, vagy feljelent\u00e9st teszel az er\u0151szak ellen.<\/p>\n\n\n\n<h1 class=\"has-x-large-font-size wp-block-heading\" id=\"fontold-meg-hogy-segtsget-krsz\" style=\"margin-bottom:0.2em\"><strong>Fontold meg, hogy <strong>seg\u00edts\u00e9get k\u00e9rsz.<\/strong><\/strong><\/h1>\n\n\n\n<p class=\"has-medium-font-size\">Az elszigetelts\u00e9g gyakran feler\u0151s\u00edti az online er\u0151szak vagy b\u00e1ntalmaz\u00e1s hat\u00e1s\u00e1t. L\u00e9tfontoss\u00e1g\u00fa, hogy megt\u00f6rj\u00fck ezt a k\u00f6rt az\u00e1ltal, hogy felkeres\u00fcnk valakit, akiben megb\u00edzunk, \u00e9s besz\u00e9l\u00fcnk vele. Ez lehet egy bar\u00e1t, csal\u00e1dtag, vagy ak\u00e1r egy szakember. <strong>Az UNHCR partnerszervezetei sz\u00e1mos t\u00e1mogat\u00e1si mechanizmust k\u00edn\u00e1lnak <\/strong>&#8211; a forr\u00f3dr\u00f3kokt\u00f3l a tan\u00e1csad\u00e1si szolg\u00e1ltat\u00e1sokig -, amelyek c\u00e9lja, hogy seg\u00edtsenek \u00e1tv\u00e9szelni a neh\u00e9z id\u0151szakokat. A seg\u00edts\u00e9gk\u00e9r\u00e9s b\u00e1tor l\u00e9p\u00e9s a gy\u00f3gyul\u00e1s \u00e9s a tov\u00e1bbl\u00e9p\u00e9s fel\u00e9.<\/p>\n\n\n\n<h1 class=\"has-x-large-font-size wp-block-heading\" id=\"jelentsd-az-gyedet\" style=\"margin-bottom:0.2em\"><strong>Jelentsd az \u00fcgyedet.<\/strong><\/h1>\n\n\n\n<p class=\"has-medium-font-size\">Ha fontol\u00f3ra veszed az incidens bejelent\u00e9s\u00e9t, gondolj mind a platformszolg\u00e1ltat\u00f3kra, mind a megfelel\u0151 hat\u00f3s\u00e1gokra.<\/p>\n\n\n\n<p class=\"has-medium-font-size\"><\/p>\n\n<div class=\"wp-block-columns is-layout-flex wp-container-core-columns-is-layout-9d6595d7 wp-block-columns-is-layout-flex\" style=\"margin-bottom:2em\"><div class=\"wp-block-column\" style=\"background-color:#FFBCC1;border-radius:10px;padding:20px;padding-bottom:1px;margin-bottom:20px\"><div class=\"emoji is-layout-flow wp-block-column-is-layout-flow\" style=\"background-color:white;width:50px;border-radius:25px;text-align:center;line-height:50px;height:50px;font-size:28px;margin-bottom:16px\">?<\/div>\n\n<h3 class=\"wp-block-heading\" style=\"margin-bottom:0.2em\"><strong>Jelenthetsz egy felhaszn\u00e1l\u00f3t vagy b\u00e1rmilyen tartalmat.<\/strong><\/h3>\n\n\n\n<ul class=\"wp-block-list\" style=\"list-style-type:none;padding-left:0;margin-left:0\">\n\n<li class=\"has-medium-font-size\" style=\"margin-bottom:12px\"><strong>Facebook:<\/strong> A tartalom mellett tal\u00e1lhat\u00f3 h\u00e1rom pontra vagy a &#8222;&#8230;&#8221; ikonra kattints, \u00e9s v\u00e1laszd ki a &#8222;T\u00e1mogat\u00e1s keres\u00e9se vagy jelent\u00e9s&#8221; lehet\u0151s\u00e9get. Ezzel a l\u00e9p\u00e9ssel megadhatod a jelent\u00e9s ok\u00e1t, \u00e9s seg\u00edthetsz a Facebooknak a megfelel\u0151 int\u00e9zked\u00e9sek megt\u00e9tel\u00e9ben.<\/li>\n\n\n\n<li class=\"has-medium-font-size\" style=\"margin-bottom:12px\"><strong>Instagram:<\/strong> Koppints r\u00e1 a tartalom jobb fels\u0151 sark\u00e1ban l\u00e9v\u0151 h\u00e1rom pontra, \u00e9s v\u00e1laszd ki a &#8222;Jelent\u00e9s&#8221; lehet\u0151s\u00e9get. Egy sor lehet\u0151s\u00e9gen kereszt\u00fcl v\u00e9gigvezetlek, hogy mi\u00e9rt jelented ezt a tartalmat, ezzel hozz\u00e1j\u00e1rulva a platform probl\u00e9m\u00e1k hat\u00e9konyabb kezel\u00e9s\u00e9hez.<\/li>\n\n\n\n<li class=\"has-medium-font-size\" style=\"margin-bottom:12px\"><strong>Telegram:<\/strong> Nyisd meg a besz\u00e9lget\u00e9st vagy csatorn\u00e1t, kattints a jobb fels\u0151 sarokban l\u00e9v\u0151 h\u00e1rom pontra, majd v\u00e1laszd ki a &#8222;Jelent\u00e9s&#8221; lehet\u0151s\u00e9get. Ezzel a funkci\u00f3val tudod jelezni a platformon az ir\u00e1nyelveket megs\u00e9rt\u0151 tartalmakat.<\/li>\n\n\n\n<li class=\"has-medium-font-size\" style=\"margin-bottom:12px\"><strong>WhatsApp:<\/strong> Ha bejelent\u00e9st szeretn\u00e9l tenni egy felhaszn\u00e1l\u00f3val kapcsolatban, nyisd meg a cseveg\u00e9st az adott szem\u00e9llyel, kattints a nev\u00e9re a tetej\u00e9n, g\u00f6rgetj lefel\u00e9, majd v\u00e1laszd ki a &#8222;Kapcsolat bejelent\u00e9se&#8221; lehet\u0151s\u00e9get. Ez a funkci\u00f3 kulcsfontoss\u00e1g\u00fa a spam vagy vissza\u00e9l\u00e9sszer\u0171 tartalmak kezel\u00e9s\u00e9ben.<\/li>\n\n\n\n<li class=\"has-medium-font-size\" style=\"margin-bottom:12px\"><strong>TikTok: <\/strong>Ha jelenteni szeretn\u00e9l egy vide\u00f3t, kommentet vagy profilt a TikTokon, nyomd meg \u00e9s tartsd lenyomva a tartalmat, vagy koppints a h\u00e1rom pontra, majd v\u00e1laszd a &#8222;Jelent\u00e9s&#8221; lehet\u0151s\u00e9get. A rendszer k\u00e9rni fogja, hogy add meg a jelent\u00e9s ok\u00e1t, ezzel seg\u00edtve a TikTokot a probl\u00e9ma meg\u00e9rt\u00e9s\u00e9ben \u00e9s annak kezel\u00e9s\u00e9ben.<\/li>\n\n<\/ul>\n\n<\/div><\/div><figure class=\"wp-block-image size-large\" style=\"text-align:center;background:linear-gradient(180deg, #0095F5 0%, #0072BC 100%);border-radius:10px\"><img decoding=\"async\" src=\"https:\/\/help.unhcr.org\/hungary\/wp-content\/uploads\/sites\/86\/2024\/04\/hungary.hu_.help-respond-telegram-hu.png\" alt=\"\u00c1ltal\u00e1ban n\u00e9h\u00e1ny perc alatt elk\u00fcldheted a jelent\u00e9st.\" style=\"max-height:540px;max-width:96%\" \/><\/figure><figcaption class=\"wp-element-caption\" style=\"text-align:center;margin-top:8px;margin-bottom:24px\">\u00c1ltal\u00e1ban n\u00e9h\u00e1ny perc alatt elk\u00fcldheted a jelent\u00e9st.<\/figcaption>\n\n<p class=\"has-medium-font-size\">Az er\u0151szak s\u00falyoss\u00e1g\u00e1t\u00f3l \u00e9s jelleg\u00e9t\u0151l f\u00fcgg, hogy mikor kell hozz\u00e1m fordulnod. Ha \u00fagy \u00e9rzed, hogy fenyegetve vagy, <strong>ha a b\u00e1ntalmaz\u00e1s tart\u00f3san fenn\u00e1ll, vagy ha olyan m\u00e9rt\u00e9kben fokoz\u00f3dik, hogy a te vagy m\u00e1sok biztons\u00e1ga vesz\u00e9lybe ker\u00fcl, akkor be kell vonnod a hat\u00f3s\u00e1gokat.<\/strong> Az UNHCR \u00e9s partnerei t\u00e1mogathatnak ebben a folyamatban, biztos\u00edtva, hogy meghallj\u00e1k a hangodat, \u00e9s komolyan vegy\u00e9k az \u00fcgyedet. Soha ne habozz seg\u00edts\u00e9get k\u00e9rni, ha sz\u00fcks\u00e9ges.<\/p>\n\n\n\n<h1 class=\"has-x-large-font-size wp-block-heading\" id=\"-mindig-koncentrlj-magadra\" style=\"margin-bottom:0.2em\"><strong><br \/><br \/>Mindig koncentr\u00e1lj magadra.<\/strong><\/h1>\n\n\n\n<p class=\"has-medium-font-size\">Van joga ahhoz, hogy a sz\u00e1modra legjobb d\u00f6nt\u00e9seket hozd meg, \u00e9s priorit\u00e1sokat \u00e1ll\u00edts fel. Tudnod kell, hogy nem vagy egyed\u00fcl ezzel a tapasztalattal. Sokan m\u00e1r szembes\u00fcltek hasonl\u00f3 kih\u00edv\u00e1sokkal, \u00e9s megtal\u00e1lt\u00e1k azokat az utakat, amelyeken t\u00faljutottak. T<strong>eljes jogoddal d\u00f6nthetsz olyan dolgokr\u00f3l, amelyek az \u00f6n biztons\u00e1g\u00e1t \u00e9s j\u00f3l\u00e9t\u00e9t helyezik el\u0151t\u00e9rbe.<\/strong> Legyen sz\u00f3 ak\u00e1r arr\u00f3l, hogy sz\u00fcnetet tartasz a k\u00f6z\u00f6ss\u00e9gi m\u00e9di\u00e1t\u00f3l, olyan tev\u00e9kenys\u00e9gekkel foglalkozol, amelyek megnyugv\u00e1st hoznak neked, vagy t\u00e1mogat\u00f3 k\u00f6z\u00f6ss\u00e9geket keresel, a j\u00f3l\u00e9ted mindig az els\u0151 helyen kell \u00e1llnia.<\/p>\n\n\n\n<p class=\"has-medium-font-size\"><\/p>\n\n<hr class=\"wp-block-separator has-alpha-channel-opacity is-style-default\" style=\"border:none;margin-top:34px\" \/><div class=\"wp-block-columns is-layout-flex wp-container-core-columns-is-layout-9d6595d7 wp-block-columns-is-layout-flex\"><div class=\"wp-block-column is-layout-flow wp-block-column-is-layout-flow\" style=\"height:100%\"><a href=\"https:\/\/help.unhcr.org\/hungary\/hu\/safe-online\/children\" style=\"text-decoration:none\"><div style=\"position:relative;height:100%;min-height:100px;color:#fff;width:100%;padding:10px;background:linear-gradient(180deg, #0095F5 0%, #0072BC 100%);text-decoration:none;overflow:hidden;border-radius:10px;text-align:left\"><img decoding=\"async\" src=\"https:\/\/help.unhcr.org\/hungary\/wp-content\/uploads\/sites\/86\/2024\/04\/pagination-previous-2.png\" alt=\"Background\" style=\"position:absolute;top:0;width:100%;height:100%;object-fit:contain;object-position:top left;left:0\" \/><span style=\"font-size:14px;font-weight:bold;text-transform:uppercase\">El\u0151z\u0151 fejezet<\/span><br \/><h3 style=\"position:relative;z-index:1;font-size:22px\"><strong>V\u00e9dd meg gyermekedet az online fenyeget\u00e9sekt\u0151l.<\/strong><\/h3><\/div><\/a><\/div><div class=\"wp-block-column is-layout-flow wp-block-column-is-layout-flow\" style=\"height:0;margin-bottom:0;margin-top:0;padding-bottom:0;padding-top:0\"><\/div><div class=\"wp-block-column is-layout-flow wp-block-column-is-layout-flow\" style=\"height:100%\"><a href=\"https:\/\/help.unhcr.org\/hungary\/hu\/safe-online\/\" style=\"text-decoration:none\"><div style=\"position:relative;height:100%;min-height:100px;color:#fff;width:100%;padding:10px;background:linear-gradient(180deg, #0095F5 0%, #0072BC 100%);text-decoration:none;overflow:hidden;border-radius:10px;text-align:right\"><img decoding=\"async\" src=\"https:\/\/help.unhcr.org\/hungary\/wp-content\/uploads\/sites\/86\/2024\/04\/pagination-next-2.png\" alt=\"Background\" style=\"position:absolute;top:0;width:100%;height:100%;object-fit:contain;object-position:top right;right:0\" \/><span style=\"font-size:14px;font-weight:bold;text-transform:uppercase\">Vissza a kezd\u0151oldalra<\/span><br \/><h3 style=\"position:relative;z-index:1;font-size:22px\"><strong><\/strong><\/h3><\/div><\/a><\/div><\/div>","protected":false},"excerpt":{"rendered":"<p>Ezen az oldalon: Soha sem a te hib\u00e1d.\u00c1ll\u00edtsd le minden kommunik\u00e1ci\u00f3t.Dokument\u00e1lj minden fontos inform\u00e1ci\u00f3t.Fontold meg, hogy seg\u00edts\u00e9get k\u00e9rsz.Jelentsd az \u00fcgyedet. Mindig koncentr\u00e1lj magadra. Soha sem a te hib\u00e1d. Ha b\u00e1rmilyen online er\u0151szakot tapasztalsz, fontos, hogy ne felejtsd el: ez soha nem a te hib\u00e1d. Az online t\u00e9rnek mindenki sz\u00e1m\u00e1ra biztons\u00e1gos \u00e9s tiszteletteljes k\u00f6rnyezetnek kell lennie, [&hellip;]<\/p>\n","protected":false},"author":347,"featured_media":0,"parent":11440,"menu_order":9,"comment_status":"closed","ping_status":"closed","template":"","meta":{"_acf_changed":false,"footnotes":""},"class_list":["post-11395","page","type-page","status-publish","hentry"],"acf":[],"_links":{"self":[{"href":"https:\/\/help.unhcr.org\/hungary\/hu\/wp-json\/wp\/v2\/pages\/11395","targetHints":{"allow":["GET"]}}],"collection":[{"href":"https:\/\/help.unhcr.org\/hungary\/hu\/wp-json\/wp\/v2\/pages"}],"about":[{"href":"https:\/\/help.unhcr.org\/hungary\/hu\/wp-json\/wp\/v2\/types\/page"}],"author":[{"embeddable":true,"href":"https:\/\/help.unhcr.org\/hungary\/hu\/wp-json\/wp\/v2\/users\/347"}],"replies":[{"embeddable":true,"href":"https:\/\/help.unhcr.org\/hungary\/hu\/wp-json\/wp\/v2\/comments?post=11395"}],"version-history":[{"count":26,"href":"https:\/\/help.unhcr.org\/hungary\/hu\/wp-json\/wp\/v2\/pages\/11395\/revisions"}],"predecessor-version":[{"id":18030,"href":"https:\/\/help.unhcr.org\/hungary\/hu\/wp-json\/wp\/v2\/pages\/11395\/revisions\/18030"}],"up":[{"embeddable":true,"href":"https:\/\/help.unhcr.org\/hungary\/hu\/wp-json\/wp\/v2\/pages\/11440"}],"wp:attachment":[{"href":"https:\/\/help.unhcr.org\/hungary\/hu\/wp-json\/wp\/v2\/media?parent=11395"}],"curies":[{"name":"wp","href":"https:\/\/api.w.org\/{rel}","templated":true}]}}