{"id":10545,"date":"2024-03-04T18:04:47","date_gmt":"2024-03-04T18:04:47","guid":{"rendered":"https:\/\/help.unhcr.org\/hungary\/?page_id=10545"},"modified":"2025-06-17T10:02:58","modified_gmt":"2025-06-17T10:02:58","slug":"healthcare","status":"publish","type":"page","link":"https:\/\/help.unhcr.org\/hungary\/hu\/healthcare\/","title":{"rendered":"Eg\u00e9szs\u00e9g\u00fcgyi ell\u00e1t\u00e1shoz val\u00f3 hozz\u00e1f\u00e9r\u00e9s Magyarorsz\u00e1gon\u00a0\u00a0"},"content":{"rendered":"\n<p>\u00c1ltal\u00e1nos inform\u00e1ci\u00f3k a magyarorsz\u00e1gi eg\u00e9szs\u00e9g\u00fcgyi ell\u00e1t\u00e1shoz val\u00f3 hozz\u00e1f\u00e9r\u00e9sr\u0151l <strong><a href=\"https:\/\/help.unhcr.org\/hungary\/hu\/healthcare\/altalanos-informaciok-az-egeszsegugyi-ellatasrol-magyarorszagon\/\" data-type=\"link\" data-id=\"https:\/\/help.unhcr.org\/hungary\/hu\/altalanos-informaciok-az-egeszsegugyi-ellatasrol-magyarorszagon\/\">itt<\/a>.<\/strong><\/p>\n","protected":false},"excerpt":{"rendered":"<p>\u00c1ltal\u00e1nos inform\u00e1ci\u00f3k a magyarorsz\u00e1gi eg\u00e9szs\u00e9g\u00fcgyi ell\u00e1t\u00e1shoz val\u00f3 hozz\u00e1f\u00e9r\u00e9sr\u0151l itt.<\/p>\n","protected":false},"author":346,"featured_media":0,"parent":0,"menu_order":13,"comment_status":"closed","ping_status":"closed","template":"page-templates\/tabbed.php","meta":{"_acf_changed":false,"footnotes":""},"class_list":["post-10545","page","type-page","status-publish","hentry"],"acf":[],"_links":{"self":[{"href":"https:\/\/help.unhcr.org\/hungary\/hu\/wp-json\/wp\/v2\/pages\/10545","targetHints":{"allow":["GET"]}}],"collection":[{"href":"https:\/\/help.unhcr.org\/hungary\/hu\/wp-json\/wp\/v2\/pages"}],"about":[{"href":"https:\/\/help.unhcr.org\/hungary\/hu\/wp-json\/wp\/v2\/types\/page"}],"author":[{"embeddable":true,"href":"https:\/\/help.unhcr.org\/hungary\/hu\/wp-json\/wp\/v2\/users\/346"}],"replies":[{"embeddable":true,"href":"https:\/\/help.unhcr.org\/hungary\/hu\/wp-json\/wp\/v2\/comments?post=10545"}],"version-history":[{"count":15,"href":"https:\/\/help.unhcr.org\/hungary\/hu\/wp-json\/wp\/v2\/pages\/10545\/revisions"}],"predecessor-version":[{"id":43305,"href":"https:\/\/help.unhcr.org\/hungary\/hu\/wp-json\/wp\/v2\/pages\/10545\/revisions\/43305"}],"wp:attachment":[{"href":"https:\/\/help.unhcr.org\/hungary\/hu\/wp-json\/wp\/v2\/media?parent=10545"}],"curies":[{"name":"wp","href":"https:\/\/api.w.org\/{rel}","templated":true}]}}