{"id":33307,"date":"2024-06-05T21:07:47","date_gmt":"2024-06-05T21:07:47","guid":{"rendered":"https:\/\/help.unhcr.org\/hungary\/trafficking\/"},"modified":"2025-07-10T13:04:45","modified_gmt":"2025-07-10T13:04:45","slug":"trafficking","status":"publish","type":"page","link":"https:\/\/help.unhcr.org\/hungary\/fa\/trafficking\/","title":{"rendered":"\u0628\u0647\u0631\u0647\u200c\u06a9\u0634\u06cc \u06a9\u0627\u0631\u06cc\u060c \u0628\u0647\u0631\u0647\u200c\u06a9\u0634\u06cc \u062e\u0627\u0646\u06af\u06cc\u060c \u0648 \u0642\u0627\u0686\u0627\u0642 \u0627\u0646\u0633\u0627\u0646\u200c\u0647\u0627"},"content":{"rendered":"\n\n\n<p class=\"has-medium-font-size\">\u06a9\u0645\u06a9\u200c\u0647\u0627\u06cc\u06cc \u0628\u0631\u0627\u06cc \u0642\u0631\u0628\u0627\u0646\u06cc\u0627\u0646 \u0628\u0647\u0631\u0647\u200c\u06a9\u0634\u06cc \u06a9\u0627\u0631\u06cc\u060c \u0628\u0647\u0631\u0647\u200c\u06a9\u0634\u06cc \u062e\u0627\u0646\u06af\u06cc \u0648 \u0642\u0627\u0686\u0627\u0646 \u0627\u0646\u0633\u0627\u0646\u200c\u0647\u0627 \u0648\u062c\u0648\u062f \u062f\u0627\u0631\u062f. \u0634\u0645\u0627 \u0645\u06cc\u200c\u062a\u0648\u0627\u0646\u06cc\u062f \u0627\u06cc\u0646 \u062c\u0631\u0627\u06cc\u0645 \u0631\u0627 \u0628\u0647 \u067e\u0644\u06cc\u0633 \u06cc\u0627 NGO\u0647\u0627\u06cc \u062a\u062e\u0635\u0635\u06cc \u06af\u0632\u0627\u0632\u0634 \u062f\u0647\u06cc\u062f \u0648 \u0627\u0637\u0644\u0627\u0639\u0627\u062a\u06cc \u062f\u0631\u0628\u0627\u0631\u0647 \u067e\u0634\u062a\u06cc\u0628\u0627\u0646\u06cc\u200c\u0647\u0627\u06cc \u0645\u0648\u062c\u0648\u062f \u062f\u0631\u06cc\u0627\u0641\u062a \u06a9\u0646\u06cc\u062f.<\/p>\n\n\n<h3 class=\"wp-block-heading\"><strong>\u0634\u0645\u0627 \u06cc\u0627 \u06a9\u0633\u06cc \u06a9\u0647 \u0634\u0645\u0627 \u0645\u06cc\u200c\u0634\u0646\u0627\u0633\u06cc\u062f\u060c \u0645\u0645\u06a9\u0646 \u0627\u0633\u062a \u0642\u0631\u0628\u0627\u0646\u06cc \u0628\u0647\u0631\u0647\u200c\u06a9\u0634\u06cc \u06a9\u0627\u0631\u06cc\u060c \u0628\u0647\u0631\u0647\u200c\u06a9\u0634\u06cc \u062e\u0627\u0646\u06af\u06cc \u06cc\u0627 \u0642\u0627\u0686\u0627\u0642 \u0628\u0627\u0634\u062f\u060c \u0627\u06af\u0631<\/strong><\/h3>\n\n\n<ul class=\"has-medium-font-size wp-block-list\">\n<li class=\"has-medium-font-size\">\u0634\u0645\u0627 \u06cc\u0627 \u0622\u0646\u0647\u0627 \u0628\u0647 \u0627\u062c\u0628\u0627\u0631 \u06cc\u0627 \u062a\u0638\u0627\u0647\u0631 \u0628\u0647 \u0645\u062c\u0627\u0631\u0633\u062a\u0627\u0646 \u0622\u0648\u0631\u062f\u0647 \u0634\u062f\u0647 \u06cc\u0627 \u0627\u0632 \u0645\u062c\u0627\u0631\u0633\u062a\u0627\u0646 \u06af\u0630\u0631\u0627\u0646\u062f\u0647 \u0648 \u0645\u062c\u0628\u0648\u0631 \u0628\u0647 \u06a9\u0627\u0631 \u0634\u062f\u0647\u200c\u0627\u06cc\u062f<\/li>\n\n<li class=\"has-medium-font-size\"> \u0634\u0645\u0627 \u06cc\u0627 \u0622\u0646\u0647\u0627 \u0645\u062c\u0628\u0648\u0631 \u06cc\u0627 \u0648\u0627\u062f\u0627\u0631 \u0628\u0647 \u0631\u0627\u0628\u0637\u0647 \u062c\u0646\u0633\u06cc \u0634\u062f\u0647\u200c\u0627\u06cc\u062f<\/li>\n\n<li class=\"has-medium-font-size\">\u0634\u0645\u0627 \u06cc\u0627 \u0622\u0646\u0647\u0627 \u0627\u0632 \u062a\u0645\u0627\u0633 \u0628\u0627 \u062e\u0627\u0646\u0648\u0627\u062f\u0647 \u0648 \u062f\u0648\u0633\u062a\u0627\u0646 \u0645\u0646\u0639 \u0634\u062f\u0647\u200c\u0627\u06cc\u062f<\/li>\n\n<li class=\"has-medium-font-size\">\u06a9\u0627\u0631\u0641\u0631\u0645\u0627\u06cc\u0627\u0646 \u0634\u0645\u0627 \u06cc\u0627 \u0622\u0646\u0647\u0627 \u0627\u0632 \u067e\u0631\u062f\u0627\u062e\u062a \u0633\u0631\u0628\u0627\u0632 \u0645\u06cc\u200c\u0632\u0646\u0646\u062f<\/li>\n\n<li class=\"has-medium-font-size\">\u0634\u0645\u0627 \u06cc\u0627 \u0622\u0646\u0647\u0627\u060c \u0628\u0647 \u0631\u063a\u0645 \u062e\u0648\u0627\u0633\u062a \u062e\u0648\u062f \u0627\u0632 \u0627\u06cc\u0646 \u0637\u0631\u0641 \u0648 \u0622\u0646 \u0637\u0631\u0641 \u0631\u0641\u062a\u0646 \u0645\u0646\u0639 \u0645\u06cc\u200c\u0634\u0648\u06cc\u062f<\/li>\n\n<li class=\"has-medium-font-size\">\u0634\u0645\u0627 \u06cc\u0627 \u0622\u0646\u0647\u0627 \u0628\u0631 \u062e\u0644\u0627\u0641 \u062e\u0648\u0627\u0633\u062a\u0647\u200c\u06cc \u062e\u0648\u062f \u06cc\u0627 \u0622\u0646\u0647\u0627 \u0648\u0627\u062f\u0627\u0631 \u0628\u0647 \u06a9\u0627\u0631 \u0634\u062f\u0647\u200c\u0627\u06cc\u062f<\/li>\n\n<li class=\"has-medium-font-size\">\u067e\u0627\u0633\u067e\u0648\u0631\u062a \u06cc\u0627 \u0627\u0633\u0646\u0627\u062f \u0634\u0645\u0627 \u06cc\u0627 \u0622\u0646\u0647\u0627 \u0627\u0632 \u0634\u0645\u0627 \u06cc\u0627 \u0622\u0646\u0647\u0627 \u06af\u0631\u0641\u062a\u0647 \u0634\u062f\u0647 \u0627\u0633\u062a<\/li>\n\n<li class=\"has-medium-font-size\">\u062a\u0647\u062f\u06cc\u062f \u0634\u062f\u0647\u200c\u0627\u06cc\u062f \u06a9\u0647 \u0628\u0647 \u0634\u0645\u0627\u060c \u062e\u0627\u0646\u0648\u0627\u062f\u0647 \u0634\u0645\u0627 \u06cc\u0627 \u0622\u0646\u0647\u0627 \u06cc\u0627 \u062e\u0627\u0646\u0648\u0627\u062f\u0647 \u0622\u0646\u0647\u0627 \u0635\u062f\u0645\u0647 \u0632\u062f\u0647 \u0645\u06cc\u200c\u0634\u0648\u062f<\/li>\n\n<li class=\"has-medium-font-size\">\u0634\u0645\u0627 \u06cc\u0627 \u0622\u0646\u0647\u0627 \u0648\u0627\u062f\u0627\u0631 \u0628\u0647 \u0632\u0646\u062f\u06af\u06cc \u062f\u0631 \u0645\u06a9\u0627\u0646\u200c\u0647\u0627\u06cc \u0646\u0627\u0645\u0646\u0627\u0633\u0628 \u06cc\u0627 \u062a\u062d\u0642\u06cc\u0631\u0622\u0645\u06cc\u0632 \u0634\u062f\u0647\u200c\u0627\u06cc\u062f<\/li>\n\n<li class=\"has-medium-font-size\">\u06a9\u0627\u0631\u0641\u0631\u0645\u0627\u06cc \u0634\u0645\u0627 \u06cc\u0627 \u0622\u0646\u0647\u0627\u060c \u0627\u0633\u0646\u0627\u062f \u0645\u0648\u0631\u062f\u0646\u06cc\u0627\u0632 \u0628\u0631\u0627\u06cc \u0627\u0633\u062a\u062e\u062f\u0627\u0645 \u06a9\u0627\u0631\u06af\u0631\u0627\u0646 \u0631\u0627 \u0627\u0631\u0627\u06cc\u0647 \u0646\u0645\u06cc\u200c\u06a9\u0646\u062f<\/li>\n\n<li class=\"has-medium-font-size\">\u06a9\u0633\u06cc \u0634\u0645\u0627 \u06cc\u0627 \u0622\u0646\u0647\u0627 \u0631\u0627 \u0645\u062c\u0628\u0648\u0631 \u0628\u0647 \u0627\u0647\u062f\u0627\u06cc \u0639\u0636\u0648 \u0645\u06cc\u200c\u06a9\u0646\u062f<\/li>\n<\/ul>\n\n<p class=\"has-medium-font-size\">\u0642\u0631\u0628\u0627\u0646\u06cc\u0627\u0646 \u0642\u0627\u0686\u0627\u0642\u060c \u062d\u0642 \u06a9\u0645\u06a9 \u062f\u0627\u0631\u0646\u062f\u060c \u0627\u0632 \u062c\u0645\u0644\u0647:<\/p>\n\n\n<ul class=\"has-medium-font-size wp-block-list\">\n<li class=\"has-medium-font-size\">\u0627\u0633\u06a9\u0627\u0646 \u0645\u0646\u0627\u0633\u0628 \u0648 \u0627\u0645\u0646\u060c<\/li>\n\n<li class=\"has-medium-font-size\"> \u06a9\u0645\u06a9 \u0631\u0648\u0627\u0646\u0634\u0646\u0627\u0633\u06cc \u0648 \u0645\u0627\u062f\u06cc\u060c \u0645\u0634\u0627\u0648\u0631\u0647 \u062d\u0642\u0648\u0642\u06cc\u060c<\/li>\n\n<li class=\"has-medium-font-size\">\u062f\u0633\u062a\u0631\u0633\u06cc \u0628\u0647 \u0645\u0631\u0627\u0642\u0628\u062a \u0633\u0644\u0627\u0645\u062a\u060c \u062f\u0631\u0645\u0627\u0646 \u067e\u0632\u0634\u06a9\u06cc \u0648 \u0627\u0637\u0644\u0627\u0639\u0627\u062a \u0645\u0631\u062a\u0628\u0637\u060c<\/li>\n\n<li class=\"has-medium-font-size\">\u062f\u0633\u062a\u0631\u0633\u06cc \u0628\u0647 \u0645\u062c\u0648\u0632 \u0627\u0642\u0627\u0645\u062a.<\/li>\n<\/ul>\n\n<h3 class=\"wp-block-heading\"><strong>\u0628\u0631\u0627\u06cc \u06a9\u0645\u06a9\u200c\u0647\u0627\u06cc \u0645\u0648\u062c\u0648\u062f\u060c \u062f\u0631\u062e\u0648\u0627\u0633\u062a \u062f\u0647\u06cc\u062f<\/strong><\/h3>\n\n\n<figure class=\"wp-block-table has-medium-font-size\"><table class=\"has-fixed-layout\"><thead><tr><th><strong>\u0633\u0627\u0632\u0645\u0627\u0646<\/strong><\/th><th><strong>\u062a\u0644\u0641\u0646<\/strong><\/th><th><strong>\u0627\u06cc\u0645\u06cc\u0644<\/strong><\/th><th><strong>\u0622\u0646\u0647\u0627 \u0686\u0637\u0648\u0631 \u0645\u06cc\u200c\u062a\u0648\u0627\u0646\u0646\u062f \u06a9\u0645\u06a9 \u06a9\u0646\u0646\u062f\u061f<\/strong><\/th><\/tr><\/thead><tbody><tr><td>\u062e\u062f\u0645\u0627\u062a \u0627\u0648\u0631\u0698\u0627\u0646\u0633 (\u067e\u0644\u06cc\u0633\u060c \u0622\u0645\u0628\u0648\u0644\u0627\u0646\u0633)<\/td><td>112 (\u0634\u0645\u0627\u0631\u0647 \u0631\u0627\u06cc\u06af\u0627\u0646)<\/td><td><\/td><td>\u062f\u0631 \u0635\u0648\u0631\u062a \u062e\u0637\u0631 \u062c\u0627\u0646\u06cc \u0641\u0648\u0631\u06cc \u06cc\u0627 \u0627\u06af\u0631 \u062a\u0631\u062f\u06cc\u062f \u062f\u0627\u0631\u06cc\u062f \u06a9\u0647 \u062c\u0631\u0645 \u06a9\u06cc\u0641\u0631\u06cc \u0627\u0646\u062c\u0627\u0645 \u0634\u062f\u0647 \u0627\u0633\u062a\u060c \u0627\u06af\u0631 \u0648\u0636\u0639\u06cc\u062a\u06cc \u0647\u0633\u062a \u06a9\u0647 \u062c\u0627\u0646 \u06cc\u0627 \u0627\u0645\u0646\u06cc\u062a \u0641\u06cc\u0632\u06cc\u06a9\u06cc \u0641\u0631\u062f \u0631\u0627 \u0628\u0647 \u062e\u0637\u0631 \u0645\u06cc\u200c\u0627\u0646\u062f\u0627\u0632\u062f \u06cc\u0627 \u0627\u06af\u0631 \u06a9\u0648\u062f\u06a9\u06cc \u062f\u0631 \u0645\u0639\u0631\u0636 \u062e\u0637\u0631 \u0627\u0633\u062a\u060c \u062a\u0645\u0627\u0633 \u0628\u06af\u06cc\u0631\u06cc\u062f. <\/td><\/tr><tr><td>OKIT \/ National Crisis Management and Information Telephone Service (\u062e\u062f\u0645\u0627\u062a \u0645\u0644\u06cc \u062a\u0644\u0641\u0646\u06cc \u0645\u062f\u06cc\u0631\u06cc\u062a \u0648 \u0627\u0637\u0644\u0627\u0639\u0627\u062a \u0628\u062d\u0631\u0627\u0646)<\/td><td>20 55 20 80 36 + (\u0634\u0645\u0627\u0631\u0647 \u0631\u0627\u06cc\u06af\u0627\u0646 24-0 \u0645\u062c\u0627\u0631\u06cc\/\u0627\u0646\u06af\u0644\u06cc\u0633\u06cc)<\/td><td>segelyszervezet@segelyszervezet.hu<\/td><td>\u06a9\u0645\u06a9 \u0628\u0631\u0627\u06cc \u0642\u0631\u0628\u0627\u0646\u06cc\u0627\u0646 \u0642\u0627\u0686\u0627\u0642 \u0627\u0646\u0633\u0627\u0646 \u0648 \u062e\u0634\u0648\u0646\u062a \u0645\u0631\u0628\u0648\u0637 \u0628\u0647 \u062c\u0646\u06cc\u0633\u062a \u0648 \u062a\u0631\u062a\u06cc\u0628\u0627\u0646\u06cc \u0628\u0631\u0627\u06cc \u0627\u0633\u06a9\u0627\u0646 \u0622\u0646\u0647\u0627 \u062f\u0631 \u0635\u0648\u0631\u062a \u0636\u0631\u0648\u0631\u062a. <\/td><\/tr><tr><td>Lehet\u0151s\u00e9g csal\u00e1doknak 2005 \/ Chance for Families 2005 (\u0641\u0631\u0635\u062a\u06cc \u0628\u0631\u0627\u06cc \u062e\u0627\u0646\u0648\u0627\u062f\u0647\u200c\u0647\u0627 2005)<\/td><td>168 204 96 36 +<\/td><td>csaomovar@wsi.hu<\/td><td>\u0627\u0633\u06a9\u0627\u0646 \u0645\u0648\u0642\u062a \u0648 \u067e\u0634\u062a\u06cc\u0628\u0627\u0646\u06cc \u0641\u0631\u062f\u06cc \u067e\u06cc\u0634\u0631\u0641\u062a\u0647 \u0628\u0647 \u0632\u0628\u0627\u0646 \u0645\u062c\u0627\u0631\u06cc\/\u0627\u06a9\u0631\u0627\u06cc\u0646\u06cc.<\/td><\/tr><tr><td>Baptista Szeretetszolg\u00e1lat \/ Baptist Aid (\u06a9\u0645\u06a9 \u062a\u0639\u0645\u06cc\u062f)<\/td><td>2297 239 20 36 + <\/td><td>ukrajna@baptistasegely.hu<\/td><td>\u0627\u0633\u06a9\u0627\u0646 \u0645\u0648\u0642\u062a\u060c \u0628\u0627\u0632\u062a\u0648\u0627\u0646\u0628\u062e\u0634\u06cc\u060c \u0645\u0631\u0627\u0642\u0628\u062a\u200c\u0647\u0627\u06cc \u0628\u0639\u062f\u06cc.<\/td><\/tr><tr><td>\u00c1SK \/ Victim Support Hotline (\u062e\u0637 \u0648\u06cc\u0698\u0647 \u067e\u0634\u062a\u06cc\u0628\u0627\u0646\u06cc \u0627\u0632 \u0642\u0631\u0628\u0627\u0646\u06cc\u0627\u0646)<\/td><td> 225 225 80 36 + (\u0631\u0627\u06cc\u06af\u0627\u0646 24-0 \u0645\u062c\u0627\u0631\u06cc)<\/td><td>aldozatsegitokozpontbudapest@im.gov.hu<\/td><td>\u0628\u0647 \u0642\u0631\u0628\u0627\u0646\u06cc\u0627\u0646 \u0627\u0637\u0644\u0627\u0639\u0627\u062a\u06cc \u062f\u0631\u0628\u0627\u0631\u0647 \u062d\u0642\u0648\u0642\u060c \u062a\u0639\u0647\u062f\u0627\u062a \u0648 \u06af\u0632\u06cc\u0646\u0647\u200c\u0647\u0627\u06cc \u0622\u0646\u0647\u0627\u060c \u067e\u0634\u062a\u06cc\u0628\u0627\u0646\u06cc \u0631\u0648\u0627\u0646\u0634\u0646\u0627\u0633\u06cc \u0648 \u0639\u0627\u0637\u0641\u06cc\u060c \u062a\u0648\u0635\u06cc\u0647 \u062d\u0642\u0648\u0642\u06cc \u0648 \u06a9\u0645\u06a9 \u0639\u0645\u0644\u06cc \u0627\u0631\u0627\u06cc\u0647 \u0645\u06cc\u200c\u062f\u0647\u062f.<\/td><\/tr><tr><td>UNHCR<\/td><td>583 984 80 36 + (\u0631\u0627\u06cc\u06af\u0627\u0646 \u0627\u0632 \u062f\u0648\u0634\u0646\u0628\u0647 \u062a\u0627 \u062c\u0645\u0639\u0647\u060c 17.00- 8\u060c \u0627\u0646\u06af\u0644\u06cc\u0633\u06cc \/ \u0631\u0648\u0633\u06cc \/\u0627\u0648\u06a9\u0631\u0627\u06cc\u0646\u06cc)<\/td><td>hunbucontact@unhcr.org<\/td><td>\u0645\u0639\u0631\u0641\u06cc \u0628\u0647 \u0633\u0627\u0632\u0645\u0627\u0646\u200c\u0647\u0627\u06cc\u06cc \u06a9\u0647 \u0628\u0647 \u067e\u0646\u0627\u0647\u0646\u062f\u06af\u0627\u0646 \u0642\u0631\u0628\u0627\u0646\u06cc \u0642\u0627\u0686\u0627\u0642 \u0627\u0646\u0633\u0627\u0646 \u06a9\u0645\u06a9 \u0627\u0631\u0627\u06cc\u0647 \u0645\u06cc\u200c\u062f\u0647\u062f.<\/td><\/tr><tr><td>Blue Line Child Crisis Foundation<br>(\u0628\u0646\u06cc\u0627\u062f \u0628\u062d\u0631\u0627\u0646 \u06a9\u0648\u062f\u06a9 \u0628\u0644\u0648 \u0644\u0627\u06cc\u0646)<\/td><td>590 984 80 36+ (\u0634\u0645\u0627\u0631\u0647 \u0631\u0627\u06cc\u06af\u0627\u0646\u060c \u0627\u0648\u06a9\u0631\u0627\u06cc\u0646\u06cc\/\u0631\u0648\u0633\u06cc\u060c \u0633\u0647 \u0634\u0646\u0628\u0647 \u0648 \u067e\u0646\u062c \u0634\u0646\u0628\u0647 \u0628\u06cc\u0646 20.00 &#8211; 16.00)<\/td><td>ukraine@kek-vonal.hu<\/td><td>\u0627\u06af\u0631 \u0634\u0645\u0627 \u06a9\u0648\u062f\u06a9\u06cc \u0647\u0633\u062a\u06cc\u062f \u06a9\u0647 \u06af\u0631\u0641\u062a\u0627\u0631 \u0645\u0634\u06a9\u0644 \u0634\u062f\u0647 \u0627\u0633\u062a \u06cc\u0627 \u0627\u06af\u0631 \u0627\u062d\u0633\u0627\u0633 \u062e\u0637\u0631 \u0645\u06cc\u200c\u06a9\u0646\u06cc\u062f\u060c \u0622\u0646\u0647\u0627 \u0645\u06cc\u200c\u062a\u0648\u0627\u0646\u0646\u062f \u0628\u0647 \u0634\u0645\u0627 \u06a9\u0645\u06a9 \u06a9\u0646\u0646\u062f \u0628\u0647 \u06a9\u0627\u0631\u0647\u0627\u06cc\u06cc \u06a9\u0647 \u0628\u0627\u06cc\u062f \u0627\u0646\u062c\u0627\u0645 \u062f\u0647\u06cc\u062f \u0628\u06cc\u0646\u062f\u06cc\u0634\u06cc\u062f. \u0627\u06cc\u0646 \u0628\u0646\u06cc\u0627\u062f \u0645\u06cc\u200c\u062a\u0648\u0627\u0646\u062f \u0628\u0647 \u0634\u0645\u0627 \u06a9\u0645\u06a9 \u06a9\u0646\u062f \u062d\u062a\u06cc \u0627\u06af\u0631 \u0645\u06cc\u200c\u062e\u0648\u0627\u0647\u06cc\u062f \u062e\u0627\u0646\u0647 \u0631\u0627 \u062a\u0631\u06a9 \u06a9\u0646\u06cc\u062f \u06cc\u0627 \u0642\u0628\u0644\u0627 \u062a\u0631\u06a9 \u06a9\u0631\u062f\u0647\u200c\u0627\u06cc\u062f. \u0634\u0645\u0627 \u0645\u06cc\u200c\u062a\u0648\u0627\u0646\u06cc\u062f \u0628\u0647 \u0635\u0648\u0631\u062a \u0646\u0627\u0634\u0646\u0627\u0633 \u0628\u0647 \u062e\u0637 \u0648\u06cc\u0698\u0647 \u06a9\u0648\u062f\u06a9\u0627\u0646 \u0622\u0646\u0647\u0627 \u062a\u0645\u0627\u0633 \u0628\u06af\u06cc\u0631\u06cc\u062f.<\/td><\/tr><tr><td>\u067e\u0632\u0634\u06a9 \u0639\u0645\u0648\u0645\u06cc \u0645\u062d\u0644\u06cc \u06cc\u0627 \u06cc\u06a9 \u062a\u0627\u0645\u06cc\u0646\u200c\u06a9\u0646\u0646\u062f\u0647 \u0645\u0631\u0627\u0642\u0628\u062a \u0633\u0644\u0627\u0645\u062a \u062f\u06cc\u06af\u0631<\/td><td>112 (\u0634\u0645\u0627\u0631\u0647 \u0631\u0627\u06cc\u06af\u0627\u0646\u060c \u062f\u0631 \u0635\u0648\u0631\u062a \u0646\u06cc\u0627\u0632 \u067e\u0632\u0634\u06a9\u06cc \u0641\u0648\u0631\u06cc \u062a\u0645\u0627\u0633 \u0628\u06af\u06cc\u0631\u06cc\u062f.)<\/td><td>\u0645\u062d\u0644 \u0627\u0642\u0627\u0645\u062a \u062e\u0648\u062f \u0631\u0627 \u062c\u0633\u062a\u062c\u0648 \u06a9\u0646\u06cc\u062f \u0648 \u00ab\u067e\u0632\u0634\u06a9 \u0639\u0645\u0648\u0645\u06cc (general practitioner)\u00bb \u06cc\u0627 \u00ab\u0628\u06cc\u0645\u0627\u0633\u062a\u0627\u0646 hospital)\u00bb \u0631\u0627 \u0627\u0636\u0627\u0641\u0647 \u06a9\u0646\u06cc\u062f.<\/td><td>\u0628\u0631\u0627\u06cc \u0645\u0648\u0636\u0648\u0639\u0627\u062a \u0628\u0647\u062f\u0627\u0634\u062a\u06cc \u0628\u0647 \u067e\u0632\u0634\u06a9 \u0639\u0645\u0648\u0645\u06cc \u0645\u062d\u0644\u06cc \u06cc\u0627 \u0646\u0632\u062f\u06cc\u06a9\u200c\u062a\u0631\u06cc\u0646 \u062a\u0627\u0645\u06cc\u0646\u200c\u06a9\u0646\u0646\u062f\u0647 \u0645\u0631\u0627\u0642\u0628\u062a \u0633\u0644\u0627\u0645\u062a \u0628\u0631\u0648\u06cc\u062f.<br>\u062e\u062f\u0645\u0627\u062a \u062a\u0631\u062c\u0645\u0647 \u0634\u0641\u0627\u0647\u06cc \u0627\u0632 \u0637\u0631\u06cc\u0642 \u0634\u0645\u0627\u0631\u0647 1812 \u0628\u06cc\u0646 16.30-8.00 \u0627\u0632 \u062f\u0648\u0634\u0646\u0628\u0647 \u062a\u0627 \u062c\u0645\u0639\u0647 \u0645\u0648\u062c\u0648\u062f \u0627\u0633\u062a. \u0645\u062a\u0631\u062c\u0645\u0627\u0646 \u0634\u0641\u0627\u0647\u06cc \u0628\u0647 \u067e\u0632\u0634\u06a9 \u0634\u0645\u0627 \u062f\u0631 \u062a\u0631\u062c\u0645\u0647 \u0627\u0632 \u0627\u0648\u06a9\u0631\u0627\u06cc\u0646\u06cc\/\u0631\u0648\u0633\u06cc \u0628\u0647 \u0645\u062c\u0627\u0631\u06cc \u06a9\u0645\u06a9 \u0645\u06cc\u200c\u06a9\u0646\u0646\u062f.<\/td><\/tr><tr><td>NANE \/ Women For Women Together Against Violence Association (\u0627\u0646\u062c\u0645\u0646 \u0632\u0646\u0627\u0646 \u0628\u0631\u0627\u06cc \u0632\u0646\u0627\u0646 \u0639\u0644\u06cc\u0647 \u062e\u0634\u0648\u0646\u062a)<\/td><td>101 505 80 36+ (\u0631\u0627\u06cc\u06af\u0627\u0646\u060c \u062f\u0648\u0634\u0646\u0628\u0647\u200c\u0647\u0627\u060c \u0633\u0647\u200c\u0634\u0646\u0628\u0647\u200c\u0647\u0627 \u0648 \u067e\u0646\u062c\u200c\u0634\u0646\u0628\u0647\u200c\u0647\u0627 22.00 &#8211; 18.00\u060c \u0633\u0647\u200c\u0634\u0646\u0628\u0647\u200c\u0647\u0627 \u0648 \u0686\u0647\u0627\u0631\u0634\u0646\u0628\u0647\u200c\u0647\u0627 14.00 &#8211; 12.00)<\/td><td> info@nane.hu<\/td><td>\u067e\u0634\u062a\u06cc\u0628\u0627\u0646\u06cc \u0627\u0632 \u0632\u0646\u0627\u0646 \u0648 \u06a9\u0648\u062f\u06a9\u0627\u0646\u06cc \u06a9\u0647 \u0645\u0648\u0631\u062f \u0628\u062f\u0631\u0641\u062a\u0627\u0631\u06cc \u0642\u0631\u0627\u0631 \u06af\u0631\u0641\u062a\u0647\u200c\u0627\u0646\u062f.<\/td><\/tr><tr><td>Cordelia Foundation (\u0628\u0646\u06cc\u0627\u062f \u06a9\u0648\u0631\u062f\u0644\u06cc\u0627)<\/td><td>1450 349 1 36+ (\u0627\u0646\u06af\u0644\u06cc\u0633\u06cc \/ \u0645\u062c\u0627\u0631\u06cc)<\/td><td>\u062a\u0645\u0627\u0633 \u0645\u0633\u062a\u0642\u06cc\u0645 \u0627\u0632 \u0637\u0631\u06cc\u0642 \u062a\u0627\u0631\u0646\u0645\u0627\u06cc \u0622\u0646\u0647\u0627 (<a href=\"https:\/\/cordelia.hu\/en\/call-us-help\/\">\u06a9\u0644\u06cc\u06a9 \u06a9\u0646\u06cc\u062f<\/a>) \u06cc\u0627 cordelia@cordelia.hu<\/td><td>\u0645\u0631\u0627\u0642\u0628\u062a \u0633\u0644\u0627\u0645\u062a \u0631\u0648\u0627\u0646 \u0631\u0627\u06cc\u06af\u0627\u0646 \u0628\u0631\u0627\u06cc \u0628\u0627\u0632\u0645\u0627\u0646\u062f\u06af\u0627\u0646 \u062d\u0648\u0627\u062f\u062b. \u0628\u0647 \u0632\u0628\u0627\u0646 \u0627\u0646\u06af\u0644\u06cc\u0633\u06cc \u0648 \u0627\u0648\u06a9\u0631\u0627\u06cc\u0646\u06cc \u06cc\u0627 \u0645\u062a\u0631\u062c\u0645 \u0641\u0631\u0627\u0646\u0633\u0648\u06cc\u060c \u0633\u0648\u0645\u0627\u0644\u06cc\u0627\u06cc\u06cc\u060c \u0639\u0631\u0628\u06cc\u060c \u0641\u0627\u0631\u0633\u06cc\u060c \u062f\u0631\u06cc \u0648 \u067e\u0634\u062a\u0648.<\/td><\/tr><tr><td>Mened\u00e9k Association<\/td><td>7245 450 20 36+<\/td><td>menedek@menedek.hu<\/td><td>\u0627\u0631\u0627\u06cc\u0647 \u0645\u0634\u0627\u0648\u0631\u0647\u200c\u0647\u0627\u06cc \u0645\u0631\u062a\u0628\u0637 \u0628\u0627 \u062d\u0642\u0648\u0642 \u06a9\u0627\u0631\u06af\u0631\u0627\u0646.<\/td><\/tr><tr><td>Labor Inspectorate<\/td><td>\u0628\u0631\u0627\u06cc \u06cc\u0627\u0641\u062a\u0646 \u0634\u0645\u0627\u0631\u0647 \u062a\u0644\u0641\u0646 \u062f\u0641\u062a\u0631 \u0645\u0631\u0628\u0648\u0637\u0647\u060c \u0644\u0637\u0641\u0627 <a href=\"https:\/\/mvff.munka.hu\/#\/_munkavedelmi_hatosagok\">\u0627\u06cc\u0646\u062c\u0627<\/a> \u06a9\u0644\u06cc\u06a9 \u06a9\u0646\u06cc\u062f.<\/td><td>munkav\u00e9delmi-foo@gfm.gov.hu<\/td><td>\u06af\u0632\u0627\u0631\u0634\u200c\u0647\u0627 \u0648 \u0634\u06a9\u0627\u06cc\u0627\u062a \u0631\u0627 \u0645\u06cc\u200c\u062a\u0648\u0627\u0646 \u0628\u062f\u0648\u0646 \u0647\u0632\u06cc\u0646\u0647\u060c \u0628\u0647 \u0635\u0648\u0631\u062a \u062d\u0636\u0648\u0631\u06cc\u060c \u0627\u0632 \u0637\u0631\u06cc\u0642 \u062a\u0644\u0641\u0646 \u06cc\u0627 \u06a9\u062a\u0628\u06cc \u062a\u0648\u0633\u0637 \u067e\u0633\u062a \u06cc\u0627 \u0627\u0644\u06a9\u062a\u0631\u0648\u0646\u06cc\u06a9 \u0627\u0631\u0627\u06cc\u0647 \u06a9\u0631\u062f.<\/td><\/tr><\/tbody><\/table><\/figure>\n\n<p class=\"has-medium-font-size\">\u0627\u06af\u0631 \u0628\u0627 \u0645\u0627\u0646\u0639 \u0632\u0628\u0627\u0646\u06cc \u0645\u0648\u0627\u062c\u0647\u0647 \u0647\u0633\u062a\u06cc\u062f\u060c \u0645\u06cc\u200c\u062a\u0648\u0627\u0646\u06cc\u062f \u06cc\u06a9 \u0645\u062a\u0631\u062c\u0645 \u0634\u0641\u0627\u0647\u06cc \u0627\u0632 \u0637\u0631\u06cc\u0642 International Organization for Migration (\u0633\u0627\u0632\u0645\u0627\u0646 \u0628\u06cc\u0646\u200c\u0627\u0644\u0645\u0644\u0644\u06cc \u0645\u0647\u0627\u062c\u0631\u062a\u060c IMO)\u060c \u0627\u0632 \u062f\u0648\u0634\u0646\u0628\u0647 \u062a\u0627 \u062c\u0645\u0639\u0647\u060c \u0628\u06cc\u0646 17.00 \u062a\u0627 9.00 \u0631\u0632\u0631\u0648 \u06a9\u0646\u06cc\u062f. \u0628\u0631\u0627\u06cc \u062b\u0628\u062a \u0646\u0627\u0645 \u0644\u0637\u0641\u0627 <a href=\"https:\/\/outlook.office365.com\/book\/IOMTranslationService@iomint.onmicrosoft.com\/\">\u0627\u06cc\u0646\u062c\u0627<\/a> \u06a9\u0644\u06cc\u06a9 \u06a9\u0646\u06cc\u062f. \u0644\u0637\u0641\u0627 \u062d\u062a\u0645\u0627 \u0627\u0632 \u0642\u0628\u0644 \u062e\u062f\u0645\u0627\u062a \u067e\u0634\u062a\u06cc\u0628\u0627\u0646 \u0631\u0627 \u062f\u0631\u062e\u0648\u0627\u0633\u062a \u062f\u0647\u06cc\u062f.<\/p>\n\n","protected":false},"excerpt":{"rendered":"<p>\u06a9\u0645\u06a9\u200c\u0647\u0627\u06cc\u06cc \u0628\u0631\u0627\u06cc \u0642\u0631\u0628\u0627\u0646\u06cc\u0627\u0646 \u0628\u0647\u0631\u0647\u200c\u06a9\u0634\u06cc \u06a9\u0627\u0631\u06cc\u060c \u0628\u0647\u0631\u0647\u200c\u06a9\u0634\u06cc \u062e\u0627\u0646\u06af\u06cc \u0648 \u0642\u0627\u0686\u0627\u0646 \u0627\u0646\u0633\u0627\u0646\u200c\u0647\u0627 \u0648\u062c\u0648\u062f \u062f\u0627\u0631\u062f. \u0634\u0645\u0627 \u0645\u06cc\u200c\u062a\u0648\u0627\u0646\u06cc\u062f \u0627\u06cc\u0646 \u062c\u0631\u0627\u06cc\u0645 \u0631\u0627 \u0628\u0647 \u067e\u0644\u06cc\u0633 \u06cc\u0627 NGO\u0647\u0627\u06cc \u062a\u062e\u0635\u0635\u06cc \u06af\u0632\u0627\u0632\u0634 \u062f\u0647\u06cc\u062f \u0648 \u0627\u0637\u0644\u0627\u0639\u0627\u062a\u06cc \u062f\u0631\u0628\u0627\u0631\u0647 \u067e\u0634\u062a\u06cc\u0628\u0627\u0646\u06cc\u200c\u0647\u0627\u06cc \u0645\u0648\u062c\u0648\u062f \u062f\u0631\u06cc\u0627\u0641\u062a \u06a9\u0646\u06cc\u062f. \u0634\u0645\u0627 \u06cc\u0627 \u06a9\u0633\u06cc \u06a9\u0647 \u0634\u0645\u0627 \u0645\u06cc\u200c\u0634\u0646\u0627\u0633\u06cc\u062f\u060c \u0645\u0645\u06a9\u0646 \u0627\u0633\u062a \u0642\u0631\u0628\u0627\u0646\u06cc \u0628\u0647\u0631\u0647\u200c\u06a9\u0634\u06cc \u06a9\u0627\u0631\u06cc\u060c \u0628\u0647\u0631\u0647\u200c\u06a9\u0634\u06cc \u062e\u0627\u0646\u06af\u06cc \u06cc\u0627 \u0642\u0627\u0686\u0627\u0642 \u0628\u0627\u0634\u062f\u060c \u0627\u06af\u0631 \u0642\u0631\u0628\u0627\u0646\u06cc\u0627\u0646 \u0642\u0627\u0686\u0627\u0642\u060c \u062d\u0642 \u06a9\u0645\u06a9 \u062f\u0627\u0631\u0646\u062f\u060c \u0627\u0632 \u062c\u0645\u0644\u0647: [&hellip;]<\/p>\n","protected":false},"author":347,"featured_media":0,"parent":0,"menu_order":14,"comment_status":"closed","ping_status":"closed","template":"","meta":{"_acf_changed":false,"footnotes":""},"class_list":["post-33307","page","type-page","status-publish","hentry"],"acf":[],"_links":{"self":[{"href":"https:\/\/help.unhcr.org\/hungary\/fa\/wp-json\/wp\/v2\/pages\/33307","targetHints":{"allow":["GET"]}}],"collection":[{"href":"https:\/\/help.unhcr.org\/hungary\/fa\/wp-json\/wp\/v2\/pages"}],"about":[{"href":"https:\/\/help.unhcr.org\/hungary\/fa\/wp-json\/wp\/v2\/types\/page"}],"author":[{"embeddable":true,"href":"https:\/\/help.unhcr.org\/hungary\/fa\/wp-json\/wp\/v2\/users\/347"}],"replies":[{"embeddable":true,"href":"https:\/\/help.unhcr.org\/hungary\/fa\/wp-json\/wp\/v2\/comments?post=33307"}],"version-history":[{"count":70,"href":"https:\/\/help.unhcr.org\/hungary\/fa\/wp-json\/wp\/v2\/pages\/33307\/revisions"}],"predecessor-version":[{"id":45135,"href":"https:\/\/help.unhcr.org\/hungary\/fa\/wp-json\/wp\/v2\/pages\/33307\/revisions\/45135"}],"wp:attachment":[{"href":"https:\/\/help.unhcr.org\/hungary\/fa\/wp-json\/wp\/v2\/media?parent=33307"}],"curies":[{"name":"wp","href":"https:\/\/api.w.org\/{rel}","templated":true}]}}