{"id":33301,"date":"2024-06-05T21:07:47","date_gmt":"2024-06-05T21:07:47","guid":{"rendered":"https:\/\/help.unhcr.org\/hungary\/trafficking\/"},"modified":"2025-07-10T13:04:43","modified_gmt":"2025-07-10T13:04:43","slug":"trafficking","status":"publish","type":"page","link":"https:\/\/help.unhcr.org\/hungary\/ar\/trafficking\/","title":{"rendered":"\u0627\u0633\u062a\u063a\u0644\u0627\u0644 \u0627\u0644\u0639\u0645\u0627\u0644\u0629 \u0648\u0627\u0644\u0627\u0633\u062a\u0639\u0628\u0627\u062f \u0627\u0644\u0645\u0646\u0632\u0644\u064a \u0648\u0627\u0644\u0625\u062a\u062c\u0627\u0631 \u0628\u0627\u0644\u0628\u0634\u0631"},"content":{"rendered":"\n\n<p class=\"has-medium-font-size\"><strong>\u0641\u064a \u0647\u0630\u0647 \u0627\u0644\u0635\u0641\u062d\u0629 \u064a\u0645\u0643\u0646\u0643 \u0627\u0644\u062a\u0639\u0631\u0641 \u0639\u0644\u0649:<\/strong><br>\n<strong>\u2022 <a href=\"#\u0627\u0644\u0648\u0635\u0648\u0644-\u0625\u0644\u0649-\u0627\u0644\u0645\u0633\u0627\u0639\u062f\u0629-\u0627\u0644\u0645\u062a\u0648\u0641\u0631\u0629\">\u0627\u0644\u0648\u0635\u0648\u0644 \u0625\u0644\u0649 \u0627\u0644\u0645\u0633\u0627\u0639\u062f\u0629 \u0627\u0644\u0645\u062a\u0648\u0641\u0631\u0629<\/a><\/strong><br>\n<\/p>\n\n <hr class=\"has-alpha-channel-opacity is-style-default\" \/>\n\n<p class=\"has-medium-font-size\">\u062a\u062a\u0648\u0641\u0631 \u0627\u0644\u0645\u0633\u0627\u0639\u062f\u0629 \u0648\u0627\u0644\u062f\u0639\u0645 \u0644\u0636\u062d\u0627\u064a\u0627 \u0627\u0633\u062a\u063a\u0644\u0627\u0644 \u0627\u0644\u0639\u0645\u0627\u0644\u0629 \u0648\u0627\u0644\u0627\u0633\u062a\u0639\u0628\u0627\u062f \u0627\u0644\u0645\u0646\u0632\u0644\u064a \u0648\u0627\u0644\u0625\u062a\u062c\u0627\u0631 \u0628\u0627\u0644\u0628\u0634\u0631. \u064a\u0645\u0643\u0646\u0643 \u0625\u0628\u0644\u0627\u063a \u0627\u0644\u0634\u0631\u0637\u0629 \u0623\u0648 \u0627\u0644\u0645\u0646\u0638\u0645\u0627\u062a \u063a\u064a\u0631 \u0627\u0644\u062d\u0643\u0648\u0645\u064a\u0629 \u0627\u0644\u0645\u062a\u062e\u0635\u0635\u0629 \u0628\u0634\u0623\u0646 \u062a\u0644\u0643 \u0627\u0644\u062c\u0631\u0627\u0626\u0645 \u0644\u062a\u0644\u0642\u064a \u0627\u0644\u0645\u0639\u0644\u0648\u0645\u0627\u062a \u062d\u0648\u0644 \u0627\u0644\u062f\u0639\u0645 \u0627\u0644\u0645\u062a\u0648\u0641\u0631.<\/p>\n\n\n<h3 class=\"wp-block-heading\"><strong>\u0642\u062f \u062a\u0643\u0648\u0646 \u0623\u0646\u062a \u0623\u0648 \u0623\u064a \u0645\u0646 \u0645\u0639\u0627\u0631\u0641\u0643 \u0636\u062d\u064a\u0629 \u0644\u0627\u0633\u062a\u063a\u0644\u0627\u0644 \u0627\u0644\u0639\u0645\u0627\u0644\u0629 \u0623\u0648 \u0627\u0644\u0627\u0633\u062a\u0639\u0628\u0627\u062f \u0627\u0644\u0645\u0646\u0632\u0644\u064a \u0623\u0648 \u0627\u0644\u0625\u062a\u062c\u0627\u0631 \u0628\u0627\u0644\u0628\u0634\u0631\u060c \u0641\u064a \u0627\u0644\u062d\u0627\u0644\u0627\u062a \u0627\u0644\u0622\u062a\u064a\u0629:<\/strong><\/h3>\n\n\n<ul class=\"has-medium-font-size wp-block-list\">\n<li class=\"has-medium-font-size\">\u0625\u0630\u0627 \u062a\u0645 \u0625\u062d\u0636\u0627\u0631\u0643\/\u0625\u062d\u0636\u0627\u0631\u0647 \u0625\u0644\u0649 \u0627\u0644\u0645\u062c\u0631 \u0628\u0627\u0644\u0625\u0643\u0631\u0627\u0647 \u0623\u0648 \u0627\u0644\u062e\u062f\u0627\u0639 \u0623\u0648 \u062a\u062a\u0646\u0642\u0644\/\u064a\u062a\u0646\u0642\u0644 \u0628\u0627\u0644\u0645\u062c\u0631 \u0648\u062a\u064f\u062c\u0628\u0631\/\u064a\u064f\u062c\u0628\u0631 \u0639\u0644\u0649 \u0627\u0644\u0639\u0645\u0644<\/li>\n\n<li class=\"has-medium-font-size\"> \u0641\u064a \u062d\u0627\u0644\u0629 \u0625\u062c\u0628\u0627\u0631\u0643\/\u0625\u062c\u0628\u0627\u0631\u0647 \u0623\u0648 \u0625\u0643\u0631\u0627\u0647\u0643\/\u0625\u0643\u0631\u0627\u0647\u0647 \u0639\u0644\u0649 \u0645\u0645\u0627\u0631\u0633\u0629 \u0627\u0644\u062c\u0646\u0633<\/li>\n\n<li class=\"has-medium-font-size\">\u0625\u0630\u0627 \u0643\u0646\u062a\/\u0643\u0627\u0646 \u0645\u0645\u0646\u0648\u0639\u0627\u064b \u0645\u0646 \u0627\u0644\u062a\u0648\u0627\u0635\u0644 \u0645\u0639 \u0627\u0644\u0623\u0633\u0631\u0629 \u0648\u0627\u0644\u0623\u0635\u062f\u0642\u0627\u0621<\/li>\n\n<li class=\"has-medium-font-size\">\u0625\u0630\u0627 \u0643\u0627\u0646 \u0631\u0628 \u0639\u0645\u0644\u0643\/\u0639\u0645\u0644\u0647 \u064a\u0645\u062a\u0646\u0639 \u0639\u0646 \u062f\u0641\u0639 \u0627\u0644\u0623\u062c\u0631 \u0644\u0643\/\u0644\u0647<\/li>\n\n<li class=\"has-medium-font-size\">\u0625\u0630\u0627 \u0643\u0646\u062a\/\u0643\u0627\u0646 \u0645\u0645\u0646\u0648\u0639\u0627\u064b \u0645\u0646 \u0627\u0644\u062a\u0646\u0642\u0644 \u0648\u0627\u0644\u062a\u062c\u0648\u0644 \u0639\u0646\u062f \u0631\u063a\u0628\u062a\u0643\/\u0631\u063a\u0628\u062a\u0647 \u0641\u064a \u0630\u0644\u0643<\/li>\n\n<li class=\"has-medium-font-size\">\u0625\u0630\u0627 \u0643\u0646\u062a\/\u0643\u0627\u0646 \u0645\u064f\u062c\u0628\u0631\u0627\u064b \u0639\u0644\u0649 \u0627\u0644\u0639\u0645\u0644 \u0636\u062f \u0625\u0631\u0627\u062f\u062a\u0643\/\u0625\u0631\u0627\u062f\u062a\u0647<\/li>\n\n<li class=\"has-medium-font-size\">\u0625\u0630\u0627 \u062a\u0645 \u0623\u062e\u0630 \u062c\u0648\u0627\u0632 \u0633\u0641\u0631\u0643\/\u0633\u0641\u0631\u0647 \u0645\u0646\u0643\/\u0645\u0646\u0647<\/li>\n\n<li class=\"has-medium-font-size\">\u0625\u0630\u0627 \u0643\u0646\u062a\/\u0643\u0627\u0646 \u0645\u064f\u0647\u062f\u062f\u0627\u064b \u0628\u0627\u0644\u062a\u0639\u0631\u0636 \u0644\u0644\u0625\u064a\u0630\u0627\u0621 \u0648\u062a\u0639\u0631\u0636 \u0623\u0633\u0631\u062a\u0643\/\u0623\u0633\u0631\u062a\u0647 \u0644\u0644\u0625\u064a\u0630\u0627\u0621<\/li>\n\n<li class=\"has-medium-font-size\">\u0625\u0630\u0627 \u0643\u0646\u062a\/\u0643\u0627\u0646 \u0645\u064f\u062c\u0628\u0631\u0627\u064b \u0639\u0644\u0649 \u0627\u0644\u0639\u064a\u0634 \u0641\u064a \u0623\u0645\u0627\u0643\u0646 \u063a\u064a\u0631 \u0644\u0627\u0626\u0642\u0629 \u0648\u063a\u064a\u0631 \u0622\u062f\u0645\u064a\u0629<\/li>\n\n<li class=\"has-medium-font-size\">\u0625\u0630\u0627 \u0644\u0645 \u064a\u0642\u062f\u0645 \u0631\u0628 \u0639\u0645\u0644\u0643\/\u0639\u0645\u0644\u0647 \u0627\u0644\u0648\u062b\u0627\u0626\u0642 \u0627\u0644\u0645\u0637\u0644\u0648\u0628\u0629 \u0644\u062a\u0639\u064a\u064a\u0646 \u0627\u0644\u0639\u0645\u0627\u0644<\/li>\n\n<li class=\"has-medium-font-size\">\u0625\u0630\u0627 \u0623\u062c\u0628\u0631\u0643\/\u0623\u062c\u0628\u0631\u0647 \u0634\u062e\u0635 \u0645\u0627 \u0639\u0644\u0649 \u0627\u0644\u062a\u0628\u0631\u0639 \u0628\u0623\u062d\u062f \u0623\u0639\u0636\u0627\u0626\u0647<\/li>\n<\/ul>\n\n<p class=\"has-medium-font-size\">\u064a\u062d\u0642 \u0644\u0636\u062d\u0627\u064a\u0627 \u0627\u0644\u0625\u062a\u062c\u0627\u0631 \u0628\u0627\u0644\u0628\u0634\u0631 \u0637\u0644\u0628 \u0627\u0644\u0645\u0633\u0627\u0639\u062f\u0629 \u0648\u062a\u0634\u0645\u0644:<\/p>\n\n\n<ul class=\"has-medium-font-size wp-block-list\">\n<li class=\"has-medium-font-size\">\u0627\u0644\u0633\u0643\u0646 \u0627\u0644\u0644\u0627\u0626\u0642 \u0648\u0627\u0644\u0622\u0645\u0646\u060c \u0648<\/li>\n\n<li class=\"has-medium-font-size\"> \u0627\u0644\u0645\u0633\u0627\u0639\u062f\u0629 \u0627\u0644\u0645\u0639\u0646\u0648\u064a\u0629 \u0648\u0627\u0644\u0645\u0627\u062f\u064a\u0629\u060c \u0648\u0627\u0644\u0627\u0633\u062a\u0634\u0627\u0631\u0629 \u0627\u0644\u0642\u0627\u0646\u0648\u0646\u064a\u0629\u060c \u0648<\/li>\n\n<li class=\"has-medium-font-size\">\u0627\u0644\u0648\u0635\u0648\u0644 \u0625\u0644\u0649 \u062e\u062f\u0645\u0627\u062a \u0627\u0644\u0631\u0639\u0627\u064a\u0629 \u0627\u0644\u0635\u062d\u064a\u0629 \u0648\u0627\u0644\u0639\u0644\u0627\u062c \u0627\u0644\u0637\u0628\u064a \u0648\u0627\u0644\u0645\u0639\u0644\u0648\u0645\u0627\u062a \u0630\u0627\u062a \u0627\u0644\u0635\u0644\u0629\u060c \u0648<\/li>\n\n<li class=\"has-medium-font-size\">\u0627\u0644\u062d\u0635\u0648\u0644 \u0639\u0644\u0649 \u062a\u0635\u0631\u064a\u062d \u0625\u0642\u0627\u0645\u0629.<\/li>\n<\/ul>\n\n<h2 id=\"\u0627\u0644\u0648\u0635\u0648\u0644-\u0625\u0644\u0649-\u0627\u0644\u0645\u0633\u0627\u0639\u062f\u0629-\u0627\u0644\u0645\u062a\u0648\u0641\u0631\u0629\" class=\"wp-block-heading\"><strong>\u0627\u0644\u0648\u0635\u0648\u0644 \u0625\u0644\u0649 \u0627\u0644\u0645\u0633\u0627\u0639\u062f\u0629 \u0627\u0644\u0645\u062a\u0648\u0641\u0631\u0629<\/strong><\/h2>\n\n\n<figure class=\"wp-block-table has-medium-font-size\"><table class=\"has-fixed-layout\"><thead><tr><th>\u0627\u0644\u0645\u0646\u0638\u0645\u0629<\/th><th>\u0627\u0644\u0647\u0627\u062a\u0641<\/th><th>\u0627\u0644\u0628\u0631\u064a\u062f \u0627\u0644\u0625\u0644\u0643\u062a\u0631\u0648\u0646\u064a<\/th><th>\u0643\u064a\u0641 \u064a\u0645\u0643\u0646\u0647\u0627 \u0627\u0644\u0645\u0633\u0627\u0639\u062f\u0629\u061f<\/th><\/tr><\/thead><tbody><tr><td>\u062e\u062f\u0645\u0627\u062a \u0627\u0644\u0637\u0648\u0627\u0631\u0626 (\u0627\u0644\u0634\u0631\u0637\u0629\u060c \u0627\u0644\u0625\u0633\u0639\u0627\u0641)<\/td><td>112 (\u0645\u062c\u0627\u0646\u0627\u064b)<\/td><td><\/td><td>\u0627\u0644\u0627\u062a\u0635\u0627\u0644 \u0641\u064a \u062d\u0627\u0644\u0629 \u0648\u062c\u0648\u062f \u062e\u0637\u0631 \u0645\u0628\u0627\u0634\u0631 \u0639\u0644\u0649 \u0627\u0644\u062d\u064a\u0627\u0629\u060c \u0623\u0648 \u0625\u0630\u0627 \u0643\u0646\u062a \u062a\u0634\u062a\u0628\u0647 \u0641\u064a \u0627\u0631\u062a\u0643\u0627\u0628 \u062c\u0631\u064a\u0645\u0629 \u062c\u0646\u0627\u0626\u064a\u0629\u060c \u0623\u0648 \u0641\u064a \u062d\u0627\u0644\u0629 \u0648\u062c\u0648\u062f \u0645\u0648\u0642\u0641 \u064a\u0639\u0631\u0636 \u062d\u064a\u0627\u0629 \u0634\u062e\u0635 \u0645\u0627 \u0623\u0648 \u0633\u0644\u0627\u0645\u062a\u0647 \u0627\u0644\u0628\u062f\u0646\u064a\u0629 \u0644\u0644\u062e\u0637\u0631 \u0623\u0648 \u0641\u064a \u062d\u0627\u0644\u0629 \u0648\u062c\u0648\u062f \u0637\u0641\u0644 \u0628\u062e\u0637\u0631.<\/td><\/tr><tr><td>OKIT\/ \u062e\u062f\u0645\u0629 \u0627\u0644\u0647\u0627\u062a\u0641 \u0627\u0644\u0648\u0637\u0646\u064a\u0629 \u0627\u0644\u062e\u0627\u0635\u0629 \u0628\u0625\u062f\u0627\u0631\u0629 \u0627\u0644\u0643\u0648\u0627\u0631\u062b \u0648\u0627\u0644\u0645\u0639\u0644\u0648\u0645\u0627\u062a<\/td><td>+36 80 20 55 20 (\u0645\u062c\u0627\u0646\u0627\u064b 0-24\u060c \u0627\u0644\u0645\u062c\u0631\u064a\u0629\/\u0627\u0644\u0625\u0646\u062c\u0644\u064a\u0632\u064a\u0629)<\/td><td>segelyszervezet@segelyszervezet.hu<\/td><td>\u0645\u0633\u0627\u0639\u062f\u0629 \u0636\u062d\u0627\u064a\u0627 \u0627\u0644\u0625\u062a\u062c\u0627\u0631 \u0628\u0627\u0644\u0628\u0634\u0631 \u0648\u0627\u0644\u0639\u0646\u0641 \u0627\u0644\u0642\u0627\u0626\u0645 \u0639\u0644\u0649 \u0627\u0644\u0646\u0648\u0639 \u0627\u0644\u0627\u062c\u062a\u0645\u0627\u0639\u064a\u060c \u0648\u062a\u0631\u062a\u064a\u0628 \u0633\u0643\u0646 \u062e\u0627\u0635 \u0628\u0647\u0645 \u0639\u0646\u062f \u0627\u0644\u0636\u0631\u0648\u0631\u0629<\/td><\/tr><tr><td>Lehet\u0151s\u00e9g csal\u00e1doknak 2005 \/ \u0641\u0631\u0635\u0629 \u0644\u0644\u0623\u0633\u0631 2005<\/td><td>\u200e+36 96 204 168<\/td><td>csaomovar@wsi.hu<\/td><td>\u062a\u0648\u0641\u064a\u0631 \u0627\u0644\u0633\u0643\u0646 \u0627\u0644\u0645\u0624\u0642\u062a \u0648\u062f\u0639\u0645 \u0627\u0644\u062d\u0627\u0644\u0627\u062a \u0627\u0644\u0645\u0639\u0642\u062f\u0629 \u0648\u0627\u0644\u062f\u0639\u0645 \u0627\u0644\u0641\u0631\u062f\u064a \u0628\u0627\u0644\u0644\u063a\u062a\u064a\u0646 \u0627\u0644\u0645\u062c\u0631\u064a\u0629\/\u0627\u0644\u0623\u0648\u0643\u0631\u0627\u0646\u064a\u0629<\/td><\/tr><tr><td>Baptista Szeretetszolg\u00e1lat \/ \u0628\u0627\u0628\u062a\u064a\u0633\u062a \u0625\u064a\u062f<\/td><td>\u200e+36 20 239 2297<\/td><td>ukrajna@baptistasegely.hu<\/td><td>\u062a\u0648\u0641\u064a\u0631 \u0627\u0644\u0633\u0643\u0646 \u0627\u0644\u0645\u0624\u0642\u062a \u0648\u0627\u0644\u062a\u0623\u0647\u064a\u0644 \u0648\u0627\u0644\u0631\u0639\u0627\u064a\u0629 \u0627\u0644\u0644\u0627\u062d\u0642\u0629<\/td><\/tr><tr><td>\u00c1SK \/ \u0627\u0644\u062e\u0637 \u0627\u0644\u0633\u0627\u062e\u0646 \u0644\u062f\u0639\u0645 \u0627\u0644\u0636\u062d\u0627\u064a\u0627:<\/td><td>  80 20 225 225 (\u0645\u062c\u0627\u0646\u0627\u064b 0-24\u060c \u0627\u0644\u0645\u062c\u0631\u064a\u0629)<\/td><td>aldozatsegitokozpontbudapest@im.gov.hu<\/td><td>\u062a\u0632\u0648\u064a\u062f \u0627\u0644\u0636\u062d\u0627\u064a\u0627 \u0628\u0627\u0644\u0645\u0639\u0644\u0648\u0645\u0627\u062a \u062d\u0648\u0644 \u062d\u0642\u0648\u0642\u0647\u0645 \u0648\u0627\u0644\u062a\u0632\u0627\u0645\u0627\u062a\u0647\u0645 \u0648\u0627\u0644\u062e\u064a\u0627\u0631\u0627\u062a \u0623\u0645\u0627\u0645\u0647\u0645 \u0648\u062a\u0642\u062f\u064a\u0645 \u0627\u0644\u062f\u0639\u0645 \u0627\u0644\u0645\u0639\u0646\u0648\u064a \u0648\u0627\u0644\u0646\u0641\u0633\u064a \u0648\u0627\u0644\u0645\u0634\u0648\u0631\u0629 \u0627\u0644\u0642\u0627\u0646\u0648\u0646\u064a\u0629 \u0648\u0627\u0644\u0645\u0633\u0627\u0639\u062f\u0629 \u0627\u0644\u0639\u0645\u0644\u064a\u0629<\/td><\/tr><tr><td>\u0627\u0644\u0645\u0641\u0648\u0636\u064a\u0629 \u0627\u0644\u0633\u0627\u0645\u064a\u0629 \u0644\u0644\u0623\u0645\u0645 \u0627\u0644\u0645\u062a\u062d\u062f\u0629 \u0644\u0634\u0624\u0648\u0646 \u0627\u0644\u0644\u0627\u062c\u0626\u064a\u0646 (UNHCR)<\/td><td>+36 80 984 583 (\u0645\u062c\u0627\u0646\u0627\u064b \u0645\u0646 \u0627\u0644\u0625\u062b\u0646\u064a\u0646 \u0625\u0644\u0649 \u0627\u0644\u062c\u0645\u0639\u0629 8:00-17:00\u060c \u0627\u0644\u0625\u0646\u062c\u0644\u064a\u0632\u064a\u0629\/\u0627\u0644\u0631\u0648\u0633\u064a\u0629\/\u0627\u0644\u0623\u0648\u0643\u0631\u0627\u0646\u064a\u0629)<\/td><td>hunbucontact@unhcr.org<\/td><td>\u062a\u062d\u0648\u064a\u0644 \u0627\u0644\u0623\u0641\u0631\u0627\u062f \u0625\u0644\u0649 \u0627\u0644\u0645\u0646\u0638\u0645\u0627\u062a \u0627\u0644\u062a\u064a \u062a\u0642\u062f\u0645 \u0627\u0644\u0645\u0633\u0627\u0639\u062f\u0629 \u0644\u0636\u062d\u0627\u064a\u0627 \u0627\u0644\u0625\u062a\u062c\u0627\u0631 \u0628\u0627\u0644\u0628\u0634\u0631 \u0645\u0646 \u0627\u0644\u0644\u0627\u062c\u0626\u064a\u0646<\/td><\/tr><tr><td>Blue Line Child Crisis Foundation \u0645\u0624\u0633\u0633\u0629 \u0627\u0644\u062e\u0637 \u0627\u0644\u0623\u0632\u0631\u0642 \u0644\u0623\u0632\u0645\u0627\u062a \u0627\u0644\u0623\u0637\u0641\u0627\u0644<\/td><td>+36 80 984 590 (\u0645\u062c\u0627\u0646\u0627\u064b\u060c \u0627\u0644\u0623\u0648\u0643\u0631\u0627\u0646\u064a\u0629\/\u0627\u0644\u0631\u0648\u0633\u064a\u0629\u060c \u0627\u0644\u062b\u0644\u0627\u062b\u0627\u0621 \u0648\u0627\u0644\u062e\u0645\u064a\u0633\u060c 16:00-20:00)<\/td><td>ukraine@kek-vonal.hu<\/td><td>\u0625\u0630\u0627 \u0643\u0646\u062a \u0637\u0641\u0644\u0627\u064b \u0648\u0641\u064a \u0648\u0631\u0637\u0629\u060c \u0623\u0648 \u0625\u0630\u0627 \u0634\u0639\u0631\u062a \u0628\u0627\u0644\u062e\u0637\u0631\u060c \u064a\u0645\u0643\u0646 \u0644\u0644\u0645\u0624\u0633\u0633\u0629 \u0645\u0633\u0627\u0639\u062f\u062a\u0643 \u0641\u064a \u0625\u064a\u062c\u0627\u062f \u062d\u0644 \u062d\u0648\u0644 \u0645\u0627 \u062a\u0641\u0639\u0644\u0647. \u064a\u0645\u0643\u0646 \u0644\u0644\u0645\u0624\u0633\u0633\u0629 \u0623\u0646 \u062a\u0633\u0627\u0639\u062f\u0643 \u062d\u062a\u0649 \u0625\u0630\u0627 \u0643\u0646\u062a \u062a\u0634\u0639\u0631 \u0628\u0627\u0644\u0631\u063a\u0628\u0629 \u0641\u064a \u062a\u0631\u0643 \u0627\u0644\u0645\u0646\u0632\u0644 \u0623\u0648 \u0641\u064a \u062d\u0627\u0644\u0629 \u062a\u0631\u0643\u0643 \u0644\u0644\u0645\u0646\u0632\u0644 \u0628\u0627\u0644\u0641\u0639\u0644. \u064a\u0645\u0643\u0646\u0643 \u0627\u0644\u0627\u062a\u0635\u0627\u0644 \u0628\u0647\u0645 \u0639\u0644\u0649 \u062e\u0637 \u0645\u0633\u0627\u0639\u062f\u0629 \u0627\u0644\u0623\u0637\u0641\u0627\u0644 \u0627\u0644\u0645\u062c\u0627\u0646\u064a \u0627\u0644\u062e\u0627\u0635 \u0628\u0647\u0645 \u0628\u062f\u0648\u0646 \u0627\u0644\u0643\u0634\u0641 \u0639\u0646 \u0627\u0644\u0647\u0648\u064a\u0629.<\/td><\/tr><tr><td>\u0645\u0645\u0627\u0631\u0633 \u0639\u0627\u0645 \u0645\u062d\u0644\u064a \u0623\u0648 \u0645\u0642\u062f\u0645 \u0631\u0639\u0627\u064a\u0629 \u0635\u062d\u064a\u0629 \u0622\u062e\u0631<\/td><td>112 (\u0645\u062c\u0627\u0646\u0627\u064b\u060c \u0627\u0644\u0627\u062a\u0635\u0627\u0644 \u0641\u064a \u062d\u0627\u0644\u0629 \u0627\u0644\u062d\u0627\u062c\u0627\u062a \u0627\u0644\u0637\u0628\u064a\u0629 \u0627\u0644\u0639\u0627\u062c\u0644\u0629)<\/td><td>\u0627\u0628\u062d\u062b \u0639\u0646 \u0627\u0633\u0645 \u0645\u062d\u0644 \u0625\u0642\u0627\u0645\u062a\u0643 \u0648\u0623\u0636\u0641 &#8220;\u0645\u0645\u0627\u0631\u0633 \u0639\u0627\u0645&#8221; \u0623\u0648 &#8220;\u0645\u0633\u062a\u0634\u0641\u0649&#8221;.<\/td><td>\u0644\u0644\u0645\u0634\u0643\u0644\u0627\u062a \u0627\u0644\u0635\u062d\u064a\u0629\u060c \u064a\u0645\u0643\u0646 \u0627\u0644\u062a\u0648\u062c\u0647 \u0625\u0644\u0649 \u0627\u0644\u0645\u0645\u0627\u0631\u0633 \u0627\u0644\u0639\u0627\u0645 \u0627\u0644\u0645\u062d\u0644\u064a \u0623\u0648 \u0623\u0642\u0631\u0628 \u0645\u0642\u062f\u0645 \u0644\u0644\u0631\u0639\u0627\u064a\u0629 \u0627\u0644\u0635\u062d\u064a\u0629.<br>\u062a\u062a\u0648\u0641\u0631 \u062e\u062f\u0645\u0629 \u0627\u0644\u062a\u0631\u062c\u0645\u0629 \u0645\u0646 \u062e\u0644\u0627\u0644 \u0627\u0644\u0627\u062a\u0635\u0627\u0644 \u0639\u0644\u0649 \u0631\u0642\u0645 1812 \u0645\u0646 \u0627\u0644\u0633\u0627\u0639\u0629 8:00 \u062d\u062a\u0649 \u0627\u0644\u0633\u0627\u0639\u0629 16:30 \u0645\u0646 \u0627\u0644\u0625\u062b\u0646\u064a\u0646 \u0625\u0644\u0649 \u0627\u0644\u062c\u0645\u0639\u0629. \u0633\u064a\u0633\u0627\u0639\u062f \u0627\u0644\u0645\u062a\u0631\u062c\u0645\u0648\u0646 \u0637\u0628\u064a\u0628\u0643 \u0641\u064a \u0627\u0644\u062a\u0631\u062c\u0645\u0629 \u0645\u0646 \u0627\u0644\u0623\u0648\u0643\u0631\u0627\u0646\u064a\u0629\/\u0627\u0644\u0631\u0648\u0633\u064a\u0629 \u0625\u0644\u0649 \u0627\u0644\u0645\u062c\u0631\u064a\u0629.<\/td><\/tr><tr><td>NANE \/ \u062c\u0645\u0639\u064a\u0629 \u0627\u0644\u0646\u0633\u0627\u0621 \u0644\u0644\u0646\u0633\u0627\u0621 \u0645\u0639\u0627\u064b \u0636\u062f \u0627\u0644\u0639\u0646\u0641<\/td><td>+36 80 505 101 (\u0645\u062c\u0627\u0646\u0627\u064b\u060c \u0627\u0644\u0625\u062b\u0646\u064a\u0646 \u0648\u0627\u0644\u062b\u0644\u0627\u062b\u0627\u0621 \u0648\u0627\u0644\u062e\u0645\u064a\u0633 \u0645\u0646 \u0627\u0644\u0633\u0627\u0639\u0629 18:00 \u062d\u062a\u0649 22:00\u060c \u0627\u0644\u062b\u0644\u0627\u062b\u0627\u0621 \u0648\u0627\u0644\u0623\u0631\u0628\u0639\u0627\u0621 \u0645\u0646 \u0627\u0644\u0633\u0627\u0639\u0629 12:00 \u062d\u062a\u0649 14:00)<\/td><td> info@nane.hu<\/td><td>\u062f\u0639\u0645 \u0627\u0644\u0646\u0633\u0627\u0621 \u0648\u0627\u0644\u0623\u0637\u0641\u0627\u0644 \u0627\u0644\u0630\u064a\u0646 \u064a\u062a\u0639\u0631\u0636\u0648\u0646 \u0644\u0644\u0625\u0633\u0627\u0621\u0629<\/td><\/tr><tr><td>\u0645\u0624\u0633\u0633\u0629 \u0643\u0648\u0631\u062f\u064a\u0644\u064a\u0627<\/td><td>+36 1 349 1450 (\u0627\u0644\u0645\u062c\u0631\u064a\u0629\/\u0627\u0644\u0625\u0646\u062c\u0644\u064a\u0632\u064a\u0629)<\/td><td>\u0627\u0644\u062a\u0648\u0627\u0635\u0644 \u0627\u0644\u0645\u0628\u0627\u0634\u0631 \u0645\u0646 \u062e\u0644\u0627\u0644 \u0635\u0641\u062d\u0629 \u0627\u0644\u0648\u064a\u0628 (<a href=\"https:\/\/cordelia.hu\/en\/call-us-help\/\">\u0627\u0646\u0642\u0631<\/a>) \u0623\u0648 cordelia@cordelia.hu<\/td><td>\u0631\u0639\u0627\u064a\u0629 \u0645\u062c\u0627\u0646\u064a\u0629 \u0644\u0644\u0635\u062d\u0629 \u0627\u0644\u0646\u0641\u0633\u064a\u0629 \u0644\u0644\u0646\u0627\u062c\u064a\u0646\/\u0627\u0644\u0646\u0627\u062c\u064a\u0627\u062a \u0645\u0646 \u0627\u0644\u0635\u062f\u0645\u0627\u062a  \u0628\u0627\u0644\u0644\u063a\u062a\u064a\u0646 \u0627\u0644\u0625\u0646\u062c\u0644\u064a\u0632\u064a\u0629 \u0648\u0627\u0644\u0623\u0648\u0643\u0631\u0627\u0646\u064a\u0629 \u0623\u0648 \u0645\u0639 \u062a\u0648\u0641\u064a\u0631 \u0645\u062a\u0631\u062c\u0645 \u0644\u0644\u063a\u0627\u062a \u0627\u0644\u0641\u0631\u0646\u0633\u064a\u0629 \u0648\u0627\u0644\u0635\u0648\u0645\u0627\u0644\u064a\u0629 \u0648\u0627\u0644\u0639\u0631\u0628\u064a\u0629 \u0648\u0627\u0644\u0641\u0627\u0631\u0633\u064a\u0629 \u0648\u0627\u0644\u062f\u0631\u064a\u0629 \u0648\u0627\u0644\u0628\u0634\u062a\u0648\u064a\u0629<\/td><\/tr><tr><td>\u0631\u0627\u0628\u0637\u0629 \u0645\u064a\u0646\u064a\u062f\u064a\u0643<\/td><td>\u200e+36 20 450 7245<\/td><td>menedek@menedek.hu<\/td><td>\u062a\u0642\u062f\u064a\u0645 \u0627\u0644\u0627\u0633\u062a\u0634\u0627\u0631\u0627\u062a \u0627\u0644\u0645\u062a\u0639\u0644\u0642\u0629 \u0628\u062d\u0642\u0648\u0642 \u0627\u0644\u0639\u0645\u0627\u0644\u0629<\/td><\/tr><tr><td>Labor Inspectorate \u062c\u0647\u0629 \u062a\u0641\u062a\u064a\u0634 \u0627\u0644\u0639\u0645\u0644<\/td><td>\u0644\u0644\u0639\u062b\u0648\u0631 \u0639\u0644\u0649 \u0631\u0642\u0645 \u0647\u0627\u062a\u0641 \u0627\u0644\u0645\u0643\u062a\u0628 \u0627\u0644\u0645\u0639\u0646\u064a\u060c \u064a\u064f\u0631\u062c\u0649 \u0627\u0644\u0646\u0642\u0631 <a href=\"https:\/\/mvff.munka.hu\/\">\u0647\u0646\u0627<\/a>.<\/td><td>munkav\u00e9delmi-foo@gfm.gov.hu<\/td><td>\u064a\u0645\u0643\u0646 \u062a\u0642\u062f\u064a\u0645 \u0627\u0644\u062a\u0642\u0627\u0631\u064a\u0631 \u0648\u0627\u0644\u0634\u0643\u0627\u0648\u0649 \u0645\u062c\u0627\u0646\u0627\u064b \u0625\u0645\u0627 \u0634\u062e\u0635\u064a\u0627\u064b \u0623\u0648 \u0639\u0628\u0631 \u0627\u0644\u0647\u0627\u062a\u0641 \u0623\u0648 \u0643\u062a\u0627\u0628\u064a\u0627\u064b \u0627\u0648 \u0628\u0627\u0644\u0628\u0631\u064a\u062f \u0623\u0648 \u0625\u0644\u0643\u062a\u0631\u0648\u0646\u064a\u0627\u064b.<\/td><\/tr><\/tbody><\/table><\/figure>\n\n<p class=\"has-medium-font-size\">\u0625\u0630\u0627 \u0648\u0627\u062c\u0647\u062a\u0643 \u0623\u064a \u0639\u0648\u0627\u0626\u0642 \u062e\u0627\u0635\u0629 \u0628\u0627\u0644\u0644\u063a\u0629\u060c \u064a\u0645\u0643\u0646\u0643 \u062d\u062c\u0632 \u0645\u062a\u0631\u062c\u0645 \u0645\u0639 \u0627\u0644\u0645\u0646\u0638\u0645\u0629 \u0627\u0644\u062f\u0648\u0644\u064a\u0629 \u0644\u0644\u0647\u062c\u0631\u0629 \u0645\u0646 \u0627\u0644\u0625\u062b\u0646\u064a\u0646 \u0625\u0644\u0649 \u0627\u0644\u062c\u0645\u0639\u0629 \u0645\u0646 \u0627\u0644\u0633\u0627\u0639\u0629 9:00 \u0625\u0644\u0649 17:00. \u0644\u0644\u062a\u0633\u062c\u064a\u0644\u060c \u064a\u064f\u0631\u062c\u0649 \u0627\u0644\u0646\u0642\u0631 <a href=\"https:\/\/outlook.office365.com\/book\/IOMTranslationService@iomint.onmicrosoft.com\/\">\u0647\u0646\u0627<\/a>. \u064a\u064f\u0631\u062c\u0649 \u0627\u0644\u062a\u0623\u0643\u062f \u0645\u0646 \u0637\u0644\u0628 \u062e\u062f\u0645\u0629 \u0627\u0644\u062f\u0639\u0645 \u0623\u0648\u0644\u0627\u064b.<\/p>\n\n\n<p class=\"has-medium-font-size\">[\u0627\u0633\u062a\u062f\u0639\u0627\u0621: RCC]<\/p>\n\n\n<p class=\"has-medium-font-size\">[\u0627\u0633\u062a\u062f\u0639\u0627\u0621: SafeOnline]<\/p>\n\n","protected":false},"excerpt":{"rendered":"<p>\u0641\u064a \u0647\u0630\u0647 \u0627\u0644\u0635\u0641\u062d\u0629 \u064a\u0645\u0643\u0646\u0643 \u0627\u0644\u062a\u0639\u0631\u0641 \u0639\u0644\u0649: \u2022 \u0627\u0644\u0648\u0635\u0648\u0644 \u0625\u0644\u0649 \u0627\u0644\u0645\u0633\u0627\u0639\u062f\u0629 \u0627\u0644\u0645\u062a\u0648\u0641\u0631\u0629 \u062a\u062a\u0648\u0641\u0631 \u0627\u0644\u0645\u0633\u0627\u0639\u062f\u0629 \u0648\u0627\u0644\u062f\u0639\u0645 \u0644\u0636\u062d\u0627\u064a\u0627 \u0627\u0633\u062a\u063a\u0644\u0627\u0644 \u0627\u0644\u0639\u0645\u0627\u0644\u0629 \u0648\u0627\u0644\u0627\u0633\u062a\u0639\u0628\u0627\u062f \u0627\u0644\u0645\u0646\u0632\u0644\u064a \u0648\u0627\u0644\u0625\u062a\u062c\u0627\u0631 \u0628\u0627\u0644\u0628\u0634\u0631. \u064a\u0645\u0643\u0646\u0643 \u0625\u0628\u0644\u0627\u063a \u0627\u0644\u0634\u0631\u0637\u0629 \u0623\u0648 \u0627\u0644\u0645\u0646\u0638\u0645\u0627\u062a \u063a\u064a\u0631 \u0627\u0644\u062d\u0643\u0648\u0645\u064a\u0629 \u0627\u0644\u0645\u062a\u062e\u0635\u0635\u0629 \u0628\u0634\u0623\u0646 \u062a\u0644\u0643 \u0627\u0644\u062c\u0631\u0627\u0626\u0645 \u0644\u062a\u0644\u0642\u064a \u0627\u0644\u0645\u0639\u0644\u0648\u0645\u0627\u062a \u062d\u0648\u0644 \u0627\u0644\u062f\u0639\u0645 \u0627\u0644\u0645\u062a\u0648\u0641\u0631. \u0642\u062f \u062a\u0643\u0648\u0646 \u0623\u0646\u062a \u0623\u0648 \u0623\u064a \u0645\u0646 \u0645\u0639\u0627\u0631\u0641\u0643 \u0636\u062d\u064a\u0629 \u0644\u0627\u0633\u062a\u063a\u0644\u0627\u0644 \u0627\u0644\u0639\u0645\u0627\u0644\u0629 \u0623\u0648 \u0627\u0644\u0627\u0633\u062a\u0639\u0628\u0627\u062f \u0627\u0644\u0645\u0646\u0632\u0644\u064a \u0623\u0648 \u0627\u0644\u0625\u062a\u062c\u0627\u0631 \u0628\u0627\u0644\u0628\u0634\u0631\u060c \u0641\u064a \u0627\u0644\u062d\u0627\u0644\u0627\u062a [&hellip;]<\/p>\n","protected":false},"author":347,"featured_media":0,"parent":0,"menu_order":14,"comment_status":"closed","ping_status":"closed","template":"","meta":{"_acf_changed":false,"footnotes":""},"class_list":["post-33301","page","type-page","status-publish","hentry"],"acf":[],"_links":{"self":[{"href":"https:\/\/help.unhcr.org\/hungary\/ar\/wp-json\/wp\/v2\/pages\/33301","targetHints":{"allow":["GET"]}}],"collection":[{"href":"https:\/\/help.unhcr.org\/hungary\/ar\/wp-json\/wp\/v2\/pages"}],"about":[{"href":"https:\/\/help.unhcr.org\/hungary\/ar\/wp-json\/wp\/v2\/types\/page"}],"author":[{"embeddable":true,"href":"https:\/\/help.unhcr.org\/hungary\/ar\/wp-json\/wp\/v2\/users\/347"}],"replies":[{"embeddable":true,"href":"https:\/\/help.unhcr.org\/hungary\/ar\/wp-json\/wp\/v2\/comments?post=33301"}],"version-history":[{"count":70,"href":"https:\/\/help.unhcr.org\/hungary\/ar\/wp-json\/wp\/v2\/pages\/33301\/revisions"}],"predecessor-version":[{"id":45133,"href":"https:\/\/help.unhcr.org\/hungary\/ar\/wp-json\/wp\/v2\/pages\/33301\/revisions\/45133"}],"wp:attachment":[{"href":"https:\/\/help.unhcr.org\/hungary\/ar\/wp-json\/wp\/v2\/media?parent=33301"}],"curies":[{"name":"wp","href":"https:\/\/api.w.org\/{rel}","templated":true}]}}