{"id":91,"date":"2020-04-04T09:29:00","date_gmt":"2020-04-04T09:29:00","guid":{"rendered":"http:\/\/help.unhcr.org\/honduras\/?page_id=91"},"modified":"2024-07-05T22:51:40","modified_gmt":"2024-07-05T22:51:40","slug":"como-solicitar-asilo","status":"publish","type":"page","link":"https:\/\/help.unhcr.org\/honduras\/como-solicitar-asilo\/","title":{"rendered":"\u00bfC\u00f3mo solicitar la condici\u00f3n de persona refugiada en Honduras?"},"content":{"rendered":"\n<p class=\"has-text-color has-background has-link-color has-medium-font-size wp-elements-3be0f431ec20619daf655a8620d4fa74\" style=\"color:#faeb00;background-color:#0072bc\">Recuerda que <strong>todos nuestros servicios son GRATUITOS<\/strong>. Para m\u00e1s informaci\u00f3n, visita la secci\u00f3n: <strong>Cuidado con el fraude<\/strong>.<\/p>\n\n\n\n<p><strong>\u00bfTienes preguntas o requieres apoyo para presentar tu solicitud de asilo en Honduras?<\/strong>&nbsp;<\/p>\n\n\n\n<p>Contacta a la oficina del ACNUR m\u00e1s cercana o a la Gerencia de Derechos Humanos y Atenci\u00f3n al Migrante del Instituto Nacional de Migraci\u00f3n (INM):&nbsp;&nbsp;<\/p>\n\n\n\n<p>\u23f0Horario de atenci\u00f3n:\u202flunes a viernes de 9:00 a.m. \u2013 5:00 p.m.&nbsp;<\/p>\n\n\n\n<p>?Tel\u00e9fono: +504 8935-6896&nbsp;<\/p>\n\n\n\n<p><strong>Conoce los pasos para solicitar asilo:<\/strong><\/p>\n","protected":false},"excerpt":{"rendered":"<p>Recuerda que todos nuestros servicios son GRATUITOS. Para m\u00e1s informaci\u00f3n, visita la secci\u00f3n: Cuidado con el fraude. \u00bfTienes preguntas o requieres apoyo para presentar tu solicitud de asilo en Honduras?&nbsp; Contacta a la oficina del ACNUR m\u00e1s cercana o a la Gerencia de Derechos Humanos y Atenci\u00f3n al Migrante del Instituto Nacional de Migraci\u00f3n (INM):&nbsp;&nbsp; [&hellip;]<\/p>\n","protected":false},"author":1,"featured_media":0,"parent":0,"menu_order":4,"comment_status":"closed","ping_status":"closed","template":"page-templates\/sectioned.php","meta":{"_acf_changed":false,"footnotes":""},"class_list":["post-91","page","type-page","status-publish","hentry"],"acf":[],"_links":{"self":[{"href":"https:\/\/help.unhcr.org\/honduras\/wp-json\/wp\/v2\/pages\/91","targetHints":{"allow":["GET"]}}],"collection":[{"href":"https:\/\/help.unhcr.org\/honduras\/wp-json\/wp\/v2\/pages"}],"about":[{"href":"https:\/\/help.unhcr.org\/honduras\/wp-json\/wp\/v2\/types\/page"}],"author":[{"embeddable":true,"href":"https:\/\/help.unhcr.org\/honduras\/wp-json\/wp\/v2\/users\/1"}],"replies":[{"embeddable":true,"href":"https:\/\/help.unhcr.org\/honduras\/wp-json\/wp\/v2\/comments?post=91"}],"version-history":[{"count":6,"href":"https:\/\/help.unhcr.org\/honduras\/wp-json\/wp\/v2\/pages\/91\/revisions"}],"predecessor-version":[{"id":348,"href":"https:\/\/help.unhcr.org\/honduras\/wp-json\/wp\/v2\/pages\/91\/revisions\/348"}],"wp:attachment":[{"href":"https:\/\/help.unhcr.org\/honduras\/wp-json\/wp\/v2\/media?parent=91"}],"curies":[{"name":"wp","href":"https:\/\/api.w.org\/{rel}","templated":true}]}}