{"id":367,"date":"2025-02-18T21:38:59","date_gmt":"2025-02-18T21:38:59","guid":{"rendered":"https:\/\/help.unhcr.org\/honduras\/?page_id=367"},"modified":"2025-02-18T21:39:36","modified_gmt":"2025-02-18T21:39:36","slug":"rutas-de-atencion-integral-a-la-violencia-de-genero","status":"publish","type":"page","link":"https:\/\/help.unhcr.org\/honduras\/rutas-de-atencion-integral-a-la-violencia-de-genero\/","title":{"rendered":"Rutas de Atenci\u00f3n Integral a la Violencia de G\u00e9nero"},"content":{"rendered":"\n<p class=\"has-text-align-center has-text-color has-background has-link-color has-medium-font-size wp-elements-17b857887b5b6460f170e413996cc58a\" style=\"color:#faeb00;background-color:#0072bc\">Recuerda que <strong>todos nuestros servicios son GRATUITOS<\/strong>. Para m\u00e1s informaci\u00f3n, visita la secci\u00f3n: <strong>Cuidado con el fraude<\/strong>.<\/p>\n\n\n\n<div class=\"wp-block-group is-layout-grid wp-container-core-group-is-layout-c249e03a wp-block-group-is-layout-grid\" style=\"font-size:19px\">\n<div data-wp-interactive=\"core\/file\" class=\"wp-block-file wp-container-content-9f5fc85a\"><object data-wp-bind--hidden=\"!state.hasPdfPreview\" hidden class=\"wp-block-file__embed\" data=\"https:\/\/help.unhcr.org\/honduras\/wp-content\/uploads\/sites\/56\/2025\/02\/Ruta-de-Atencion-Choluteca.pdf\" type=\"application\/pdf\" style=\"width:100%;height:350px\" aria-label=\"Embed of Ruta de Atenci\u00f3n Choluteca.\"><\/object><a id=\"wp-block-file--media-1598d257-035f-4ea6-8dc3-e91293040502\" href=\"https:\/\/help.unhcr.org\/honduras\/wp-content\/uploads\/sites\/56\/2025\/02\/Ruta-de-Atencion-Choluteca.pdf\" target=\"_blank\" rel=\"noreferrer noopener\">Ruta de Atenci\u00f3n Choluteca<\/a><a href=\"https:\/\/help.unhcr.org\/honduras\/wp-content\/uploads\/sites\/56\/2025\/02\/Ruta-de-Atencion-Choluteca.pdf\" class=\"wp-block-file__button wp-element-button\" download aria-describedby=\"wp-block-file--media-1598d257-035f-4ea6-8dc3-e91293040502\"> Download <\/a><\/div>\n\n\n\n<div data-wp-interactive=\"core\/file\" class=\"wp-block-file wp-container-content-9f5fc85a\"><object data-wp-bind--hidden=\"!state.hasPdfPreview\" hidden class=\"wp-block-file__embed\" data=\"https:\/\/help.unhcr.org\/honduras\/wp-content\/uploads\/sites\/56\/2025\/02\/Ruta-de-Atencion-Danli.pdf\" type=\"application\/pdf\" style=\"width:100%;height:350px\" aria-label=\"Embed of Ruta de Atenci\u00f3n Danl\u00ed.\"><\/object><a id=\"wp-block-file--media-15aa28bd-4fe4-47e3-8b1d-12302fab366f\" href=\"https:\/\/help.unhcr.org\/honduras\/wp-content\/uploads\/sites\/56\/2025\/02\/Ruta-de-Atencion-Danli.pdf\" target=\"_blank\" rel=\"noreferrer noopener\">Ruta de Atenci\u00f3n Danl\u00ed<\/a><a href=\"https:\/\/help.unhcr.org\/honduras\/wp-content\/uploads\/sites\/56\/2025\/02\/Ruta-de-Atencion-Danli.pdf\" class=\"wp-block-file__button wp-element-button\" download aria-describedby=\"wp-block-file--media-15aa28bd-4fe4-47e3-8b1d-12302fab366f\"> Download <\/a><\/div>\n\n\n\n<div data-wp-interactive=\"core\/file\" class=\"wp-block-file\"><object data-wp-bind--hidden=\"!state.hasPdfPreview\" hidden class=\"wp-block-file__embed\" data=\"https:\/\/help.unhcr.org\/honduras\/wp-content\/uploads\/sites\/56\/2025\/02\/Ruta-de-Atencion-Ocotepeque.pdf\" type=\"application\/pdf\" style=\"width:100%;height:350px\" aria-label=\"Embed of Ruta de Atenci\u00f3n Ocotepeque.\"><\/object><a id=\"wp-block-file--media-dd40c584-8297-436c-a542-1a0f44d4ace3\" href=\"https:\/\/help.unhcr.org\/honduras\/wp-content\/uploads\/sites\/56\/2025\/02\/Ruta-de-Atencion-Ocotepeque.pdf\" target=\"_blank\" rel=\"noreferrer noopener\">Ruta de Atenci\u00f3n Ocotepeque<\/a><a href=\"https:\/\/help.unhcr.org\/honduras\/wp-content\/uploads\/sites\/56\/2025\/02\/Ruta-de-Atencion-Ocotepeque.pdf\" class=\"wp-block-file__button wp-element-button\" download aria-describedby=\"wp-block-file--media-dd40c584-8297-436c-a542-1a0f44d4ace3\"> Download <\/a><\/div>\n<\/div>\n\n\n\n<p><\/p>\n","protected":false},"excerpt":{"rendered":"<p>Recuerda que todos nuestros servicios son GRATUITOS. Para m\u00e1s informaci\u00f3n, visita la secci\u00f3n: Cuidado con el fraude.<\/p>\n","protected":false},"author":437,"featured_media":0,"parent":0,"menu_order":0,"comment_status":"closed","ping_status":"closed","template":"","meta":{"_acf_changed":false,"footnotes":""},"class_list":["post-367","page","type-page","status-publish","hentry"],"acf":[],"_links":{"self":[{"href":"https:\/\/help.unhcr.org\/honduras\/wp-json\/wp\/v2\/pages\/367","targetHints":{"allow":["GET"]}}],"collection":[{"href":"https:\/\/help.unhcr.org\/honduras\/wp-json\/wp\/v2\/pages"}],"about":[{"href":"https:\/\/help.unhcr.org\/honduras\/wp-json\/wp\/v2\/types\/page"}],"author":[{"embeddable":true,"href":"https:\/\/help.unhcr.org\/honduras\/wp-json\/wp\/v2\/users\/437"}],"replies":[{"embeddable":true,"href":"https:\/\/help.unhcr.org\/honduras\/wp-json\/wp\/v2\/comments?post=367"}],"version-history":[{"count":14,"href":"https:\/\/help.unhcr.org\/honduras\/wp-json\/wp\/v2\/pages\/367\/revisions"}],"predecessor-version":[{"id":389,"href":"https:\/\/help.unhcr.org\/honduras\/wp-json\/wp\/v2\/pages\/367\/revisions\/389"}],"wp:attachment":[{"href":"https:\/\/help.unhcr.org\/honduras\/wp-json\/wp\/v2\/media?parent=367"}],"curies":[{"name":"wp","href":"https:\/\/api.w.org\/{rel}","templated":true}]}}